{"id":607,"date":"2020-07-11T21:05:03","date_gmt":"2020-07-11T21:05:03","guid":{"rendered":"https:\/\/haitises.com\/?post_type=product&#038;p=607"},"modified":"2024-04-16T04:05:26","modified_gmt":"2024-04-16T04:05:26","slug":"excursion-samana-zipline-tirolesa-el-valle-con-almuerzo-en-la-playa","status":"publish","type":"product","link":"https:\/\/visitaloshaitises.com\/ro\/privat\/excursion-samana-zipline-tirolesa-el-valle-con-almuerzo-en-la-playa\/","title":{"rendered":"Saman\u00e1 Zipline (tirolian\u0103) Excursie El Valle cu pr\u00e2nz pe plaj\u0103"},"content":{"rendered":"<div class=\"vc_row wpb_row vc_row-fluid\" ><div class=\"wpb_column vc_column_container vc_col-sm-12\"><div class=\"vc_column-inner\"><div class=\"wpb_wrapper\">[mkdf_section_title subtitle_tag=\u00bb\u00bb subtitle=\u00bb Aventura de Zip Line\u00bb]<\/div><\/div><\/div><\/div><div class=\"vc_row wpb_row vc_row-fluid\" ><div class=\"wpb_column vc_column_container vc_col-sm-12\"><div class=\"vc_column-inner\"><div class=\"wpb_wrapper\"><div class=\"vc_empty_space\"   style=\"height: 32px\"><span class=\"vc_empty_space_inner\"><\/span><\/div><\/div><\/div><\/div><\/div><div class=\"vc_row wpb_row vc_row-fluid\" ><div class=\"wpb_column vc_column_container vc_col-sm-12\"><div class=\"vc_column-inner\"><div class=\"wpb_wrapper\">\n\t<div class=\"wpb_text_column wpb_content_element\" >\n\t\t<div class=\"wpb_wrapper\">\n\t\t\t<h2>Zip Line(Tirolesa) Saman\u00e1, El Valle con almuerzo en la playa<\/h2>\n<h3>Descriere<\/h3>\n<p>Tirolesa en Saman\u00e1, El Valle m\u00e1s un almuerzo en la playa. Ven con nosotros y visita una de las tirolesas m\u00e1s largas del Caribe. 12 l\u00edneas, 13 estaciones y m\u00e1s de 7,400 pies de cable. Equ\u00edpate y sigue a tus gu\u00edas en doce plataformas de tirolesa que cruzan l\u00edneas de hasta 1,000 pies (304 metros) mientras disfrutas de vistas a\u00e9reas del paisaje.<\/p>\n<p>Despu\u00e9s de esta experiencia, obtendr\u00e1 su tiempo de playa adem\u00e1s de un almuerzo local en la playa.<\/p>\n<ul>\n<li>Include pr\u00e2nz tip bufet pe plaj\u0103.<\/li>\n<li>Tirolesa en el bosque tropical y obtener vistas del paisaje<\/li>\n<li>Ghidul ofer\u0103 instruc\u021biuni \u0219i supraveghere.<\/li>\n<\/ul>\n<h3>Incluziuni \u0219i excluderi<\/h3>\n<h4>Incluziuni<\/h4>\n<ol>\n<li>Pranz tip bufet pe plaja.<\/li>\n<li>Zipline Tour<\/li>\n<li>Bosque de caf\u00e9 y cacao<\/li>\n<li>Todos los impuestos, tarifas y cargos<\/li>\n<li>Taxe locale<\/li>\n<li>B\u0103uturi<\/li>\n<li>Toate activit\u0103\u021bile<\/li>\n<li>Ghid local<\/li>\n<\/ol>\n<h3>Excluderile<\/h3>\n<ol>\n<li>sfaturi<\/li>\n<li>Transfer<\/li>\n<li>B\u0103uturi alcoolice<\/li>\n<\/ol>\n<h3><em>Plecare si intoarcere<\/em><\/h3>\n<p>C\u0103l\u0103torul va primi un punct de \u00eent\u00e2lnire dup\u0103 procesul de rezervare. Tururile \u00eencep \u0219i se termin\u0103 la punctele noastre de \u00eent\u00e2lnire.<\/p>\n<h3><em>La ce s\u0103 te a\u0219tep\u021bi?<\/em><\/h3>\n<p>Obtenga sus boletos para visitar el Zipline El Valle en Saman\u00e1, adem\u00e1s de un maravilloso almuerzo y tiempo de playa en la playa de El Valle.<\/p>\n<p>Despu\u00e9s de obtener todo tipo de equipo requerido para su seguridad (arn\u00e9s, cascos, etc.), la acci\u00f3n comenzar\u00e1, a caminar un poco por el bosque h\u00famedo de cocos y cacaos de Saman\u00e1.<\/p>\n<p>El recorrido, organizado por \u00abBooking Adventures\u00bb comienza en el punto de encuentro establecido con el gu\u00eda tur\u00edstico. Con una caba\u00f1a de la zona, donde reciben a los invitados con una degustaci\u00f3n de chocolate y caf\u00e9 org\u00e1nico y un trago de Mamajuana tambi\u00e9n. La emoci\u00f3n comienza en el momento en que los gu\u00edas de Zip-Line comienzan a colocar todo el equipo regulador en cada Zipliner y explican paso a paso qu\u00e9 hacer en la Zip Line. Se requerir\u00e1 el uso de cascos de seguridad con arn\u00e9s doble &#8230; la adrenalina comienza a surtir efecto, suda e incluso se arrepiente para ver la distancia del primer salto. Espere y participe en la \u00abl\u00ednea de seguridad\u00bb en el cable de acero, as\u00ed que es hora de liberar su cuerpo, experimentar la sensaci\u00f3n de volar, volar de plataforma en plataforma y disfrutar del aire con una vista privilegiada de las monta\u00f1as exuberantes, antiguas y tropicales. .<\/p>\n<p>Reservando aventuras, Zip-Line el Valle se compone de 12 plataformas interconectadas por tres cables de acero para un total de 7,400 pies de cables, que soportan 13 mil libras cada uno, donde los aventureros se deslizan partiendo de la primera plataforma inspirada en un barco pirata y una distancia de 1,000 pies desde la segunda plataforma, a una altura de m\u00e1s de 400 pies. Pirouetea, grita de emoci\u00f3n o simplemente distrae la vista en un \u00e1ngulo de 360 \u200b\u200bgrados, descubriendo el bosque tropical m\u00e1s exuberante que crece en el coraz\u00f3n de las monta\u00f1as.<\/p>\n<p>Subirse a los cables para muchas estaciones y terminar en la playa de El Valle. Esta playa es una de las m\u00e1s bellas de Saman\u00e1 y, por lo general, no hay muchas personas visitando los alrededores.<\/p>\n<p>Almuerza en la playa y puedes quedarte todo el tiempo que quieras nadando. \u00a1Se ofrece pescado frito y Tostones! Si eres vegano, tambi\u00e9n podemos prepararte algo de comida.<\/p>\n<h3><em>Ce ar trebui s\u0103 aduci?<\/em><\/h3>\n<ul>\n<li>aparat foto<\/li>\n<li>Repelente<\/li>\n<li>protec\u021bie solar\u0103<\/li>\n<li>P\u0103l\u0103rie<\/li>\n<li>Pantaloni comozi<\/li>\n<li>Pantofi de drume\u021bie \u00een p\u0103dure<\/li>\n<li>Sandalias a la playa<\/li>\n<li>Costum de baie<\/li>\n<\/ul>\n<h3><em>Preluare la hotel<\/em><\/h3>\n<p>Preluarea de la hotel nu este oferit\u0103 pentru acest tur.<\/p>\n<p><strong>Not\u0103:<\/strong> Dac\u0103 rezerva\u021bi \u00een termen de 24 de ore de la ora de plecare a turului\/excursiei, putem aranja preluarea de la hotel cu taxe suplimentare. Odat\u0103 ce achizi\u021bia dvs. este finalizat\u0103, v\u0103 vom trimite informa\u021bii complete de contact (num\u0103r de telefon, adres\u0103 de e-mail etc.) pentru ghidul nostru local pentru a aranja aranjamentele de ridicare.<\/p>\n<h3><em>Confirmarea informa\u021biilor suplimentare<\/em><\/h3>\n<ul>\n<li>Biletele sunt Chitan\u021ba dup\u0103 plata acestui Tur. Pute\u021bi afi\u0219a plata pe telefon.<\/li>\n<li>Punctul de \u00eent\u00e2lnire va fi primit dup\u0103 procesul de rezervare.<\/li>\n<li>Copiii trebuie s\u0103 fie \u00eenso\u021bi\u021bi de un adult.<\/li>\n<li>Los participantes deben pesar al menos 45 libras.<\/li>\n<li>Sin peso m\u00e1ximo, pero los arneses deben adaptarse a su cuerpo. (talla 54 cintura m\u00e1x.)<\/li>\n<li>Puedes Zip doble, con ni\u00f1os o con alguien especial.<\/li>\n<\/ul>\n<p><strong>Not\u0103:<\/strong> Hay una caminata de 100 yardas por una empinada colina de grava para llegar a la primera plataforma.<\/p>\n<ul>\n<li>Nu este accesibil cu scaunul cu rotile<\/li>\n<li>Los infantes deben sentarse con un adulto<\/li>\n<li>Nu este recomandat c\u0103l\u0103torilor cu probleme de spate.<\/li>\n<li>Nu este recomandat femeilor \u00eens\u0103rcinate.<\/li>\n<li>F\u0103r\u0103 probleme cardiace sau alte afec\u021biuni medicale grave.<\/li>\n<li>Majoritatea c\u0103l\u0103torilor pot participa.<\/li>\n<\/ul>\n<h3><em>Politica de anulare<\/em><\/h3>\n<p>Para obtener un reembolso completo, cancele al menos 24 horas antes de la fecha de inicio de la actividad.<\/p>\n\n\t\t<\/div>\n\t<\/div>\n<\/div><\/div><\/div><\/div><div class=\"vc_row wpb_row vc_row-fluid\" ><div class=\"wpb_column vc_column_container vc_col-sm-12\"><div class=\"vc_column-inner\"><div class=\"wpb_wrapper\">\n\t<div class=\"wpb_text_column wpb_content_element\" >\n\t\t<div class=\"wpb_wrapper\">\n\t\t\t<h4>\u00a1Cont\u00e1ctenos!<\/h4>\n<h5>Reserva de aventuras<\/h5>\n<p><em>Ghizi turistici <strong>Locales<\/strong> \u0219i <strong>na\u0163ional<\/strong> y servicios para hu\u00e9spedes<\/em><\/p>\n<p>Rezervari: Tururi si Excursii in Rep. Dom.<\/p>\n<p>Tel\/Whatsapp +1-809-720-6035.<\/p>\n<p>info@bookingadventures.com.do<\/p>\n<p>Hacemos tours privados de configuraci\u00f3n flexible por Whatsapp:<strong>\u00a0<a href=\"tel:+18097206035\">+18097206035.<\/a><\/strong><\/p>\n\n\t\t<\/div>\n\t<\/div>\n<div class=\"vc_empty_space\"   style=\"height: 32px\"><span class=\"vc_empty_space_inner\"><\/span><\/div><\/div><\/div><\/div><\/div>","protected":false},"excerpt":{"rendered":"<p>Tirolesa en Saman\u00e1, El Valle m\u00e1s un almuerzo en la playa. \u00a1Ven con nosotros y visita una de las tirolesas m\u00e1s largas del Caribe, 12 l\u00edneas, 13 estaciones y m\u00e1s de 7,400 pies de cable!<\/p>\n<p>Despu\u00e9s de esta experiencia, obtendr\u00e1 su tiempo en la playa adem\u00e1s de un almuerzo local en la playa.<\/p>\n<p><em><strong>V\u0103 rug\u0103m s\u0103 selecta\u021bi data turului:<\/strong><\/em><\/p>","protected":false},"featured_media":132,"template":"","meta":[],"product_brand":[],"product_cat":[96,135,122,443,123,124],"product_tag":[138,157,158,142,147,148,143,159,160,161],"class_list":{"0":"post-607","1":"product","2":"type-product","3":"status-publish","4":"has-post-thumbnail","6":"product_cat-hiking","7":"product_cat-lunch","8":"product_cat-tours-and-excursions","9":"product_cat-tours-y-excursiones-es","10":"product_cat-tours-excursions-los-haitises-national-park","11":"product_cat-tours-excursions-samana-bay-dominican-republic","12":"product_tag-beach-time","13":"product_tag-el-valle-beach","14":"product_tag-playa-el-valle","15":"product_tag-samana","16":"product_tag-samana-bay","17":"product_tag-samana-excursions","18":"product_tag-samana-tours","19":"product_tag-tours-dominican-republic","20":"product_tag-zip-line","21":"product_tag-zip-line-samana","23":"first","24":"instock","25":"sale","26":"sold-individually","27":"shipping-taxable","28":"product-type-external"},"_links":{"self":[{"href":"https:\/\/visitaloshaitises.com\/ro\/wp-json\/wp\/v2\/product\/607","targetHints":{"allow":["GET"]}}],"collection":[{"href":"https:\/\/visitaloshaitises.com\/ro\/wp-json\/wp\/v2\/product"}],"about":[{"href":"https:\/\/visitaloshaitises.com\/ro\/wp-json\/wp\/v2\/types\/product"}],"wp:featuredmedia":[{"embeddable":true,"href":"https:\/\/visitaloshaitises.com\/ro\/wp-json\/wp\/v2\/media\/132"}],"wp:attachment":[{"href":"https:\/\/visitaloshaitises.com\/ro\/wp-json\/wp\/v2\/media?parent=607"}],"wp:term":[{"taxonomy":"product_brand","embeddable":true,"href":"https:\/\/visitaloshaitises.com\/ro\/wp-json\/wp\/v2\/product_brand?post=607"},{"taxonomy":"product_cat","embeddable":true,"href":"https:\/\/visitaloshaitises.com\/ro\/wp-json\/wp\/v2\/product_cat?post=607"},{"taxonomy":"product_tag","embeddable":true,"href":"https:\/\/visitaloshaitises.com\/ro\/wp-json\/wp\/v2\/product_tag?post=607"}],"curies":[{"name":"wp","href":"https:\/\/api.w.org\/{rel}","templated":true}]}}