{"id":567,"date":"2020-06-27T19:12:20","date_gmt":"2020-06-27T19:12:20","guid":{"rendered":"https:\/\/haitises.com\/?post_type=product&#038;p=567"},"modified":"2024-04-16T21:43:21","modified_gmt":"2024-04-16T21:43:21","slug":"excursion-cascada-el-limon-y-cayo-levantado-desde-punta-cana","status":"publish","type":"product","link":"https:\/\/visitaloshaitises.com\/ro\/privat\/excursion-cascada-el-limon-y-cayo-levantado-desde-punta-cana\/","title":{"rendered":"Excursie la Cascada El Lim\u00f3n \u0219i Cayo Levantado din Punta Cana"},"content":{"rendered":"<div class=\"vc_row wpb_row vc_row-fluid\" ><div class=\"wpb_column vc_column_container vc_col-sm-12\"><div class=\"vc_column-inner\"><div class=\"wpb_wrapper\">[mkdf_section_title subtitle_tag=\u00bb\u00bb subtitle=\u00bb(Recogida en Punta Cana)\u00bb]<\/div><\/div><\/div><\/div><div class=\"vc_row wpb_row vc_row-fluid\" ><div class=\"wpb_column vc_column_container vc_col-sm-12\"><div class=\"vc_column-inner\"><div class=\"wpb_wrapper\">\n\t<div class=\"wpb_text_column wpb_content_element\" >\n\t\t<div class=\"wpb_wrapper\">\n\t\t\t<h2>Cascada El Lim\u00f3n \u0219i Cayo Levantado din hotelurile Punta Cana<\/h2>\n<h3>Descriere<\/h3>\n<p>Dac\u0103 v\u0103 afla\u021bi \u00een Punta Cana sau B\u00e1varo, c\u0103uta\u021bi o excursie de o zi pl\u0103tind mai pu\u021bin dec\u00e2t \u00een mod normal. Rezerva\u021bi aceast\u0103 excursie cu o preluare de la hotelul dvs. din Punta Cana. Autobuzul v\u0103 va duce la Sabana de la Mar, unde vom lua un catamaran pentru a trece prin golful Saman\u00e1. Vizita\u021bi comunitatea Saman\u00e1 \u00een Safari pentru a ajunge la comunitatea El Lim\u00f3n, c\u0103l\u0103rie sau excursie la cascade dup\u0103 traversarea golfului Saman\u00e1 \u0219i ora pr\u00e2nzului pe Insula Bacardi. Aceast\u0103 c\u0103l\u0103torie \u00eencepe la 6:00 am \u0219i se termin\u0103 la 6:30 pm<\/p>\n<p>Dup\u0103 aceast\u0103 experien\u021b\u0103, te vei \u00eentoarce la hotel.<\/p>\n<ul>\n<li>Taxe incluse<\/li>\n<li>Pr\u00e2nz pe plaj\u0103 inclus.<\/li>\n<li>Transfer inclus<\/li>\n<li>Ghidul ofer\u0103 instruc\u021biuni \u0219i supraveghere.<\/li>\n<\/ul>\n<h3>Incluziuni \u0219i excluderi<\/h3>\n<h4>Incluziuni<\/h4>\n<ol>\n<li>Preluare la hotel.<\/li>\n<li>Golful Samana<\/li>\n<li>Cayo Levantado, plaj\u0103 \u0219i pr\u00e2nz<\/li>\n<li>Safari la El Lim\u00f3n<\/li>\n<li>C\u0103l\u0103rie sau drume\u021bii la cascade<\/li>\n<li>Cocktailuri dominicane<\/li>\n<li>Toate taxele, taxele \u0219i taxele de manipulare<\/li>\n<li>Taxe locale<\/li>\n<li>B\u0103uturi<\/li>\n<li>Toate activit\u0103\u021bile<\/li>\n<li>Ghid local<\/li>\n<\/ol>\n<h4>Excluderile<\/h4>\n<ol>\n<li>sfaturi<\/li>\n<li>B\u0103uturi alcoolice dup\u0103 cocktailuri<\/li>\n<\/ol>\n<h3><em>Plecare si intoarcere<\/em><\/h3>\n<p>C\u0103l\u0103torul va primi un punct de \u00eent\u00e2lnire dup\u0103 procesul de rezervare. Tururile \u00eencep \u0219i se termin\u0103 la punctele noastre de \u00eent\u00e2lnire.<\/p>\n<h3><em>La ce s\u0103 te a\u0219tep\u021bi?<\/em><\/h3>\n<p>Ob\u021bine\u021bi bilete pentru a vizita cascadele c\u0103lare sau drume\u021bii, Saman\u00e1 Safari, \u00eenota\u021bi \u00een izvoarele naturale, dup\u0103 pr\u00e2nzul la cascade de pe Insula Bacardi \u0219i pe plaj\u0103.<\/p>\n<p>Pornind din Punta Cana cu autobuzul, vom conduce spre portul Golfului Saman\u00e1. \u00cen port ne urc\u0103m pe o barc\u0103 sau catamaran cu un ghid turistic local, trecem de golful Saman\u00e1 c\u0103tre comunitatea Saman\u00e1. Face\u021bi un safari cu un ghid turistic local pentru a vorbi despre istoria Saman\u00e1 p\u00e2n\u0103 c\u00e2nd ajunge\u021bi \u00een comunitatea El Lim\u00f3n. \u00cen comunitatea El Lim\u00f3n \u00eencepem s\u0103 ne plimb\u0103m sau s\u0103 c\u0103l\u0103rim pe cai prin p\u0103durea El Lim\u00f3n p\u00e2n\u0103 la cascadele El Lim\u00f3n. Unde c\u00e2nd ajungem putem \u00eenota! Dup\u0103 \u00eentoarcerea \u00een Safari pentru a merge \u00een portul Saman\u00e1. Ve\u021bi vizita insula Cayo Levantado pentru pr\u00e2nzul pe plaj\u0103 \u0219i \u00eenot pe una dintre cele mai frumoase insule din Republica Dominican\u0103.<\/p>\n<p>\u00cen cazul \u00een care v\u0103 place aceast\u0103 c\u0103l\u0103torie mai lung\u0103 sau mai scurt\u0103, v\u0103 rug\u0103m s\u0103 ne contacta\u021bi...<\/p>\n<h3><em>Ce ar trebui s\u0103 aduci?<\/em><\/h3>\n<ul>\n<li>aparat foto<\/li>\n<li>Repelente<\/li>\n<li>Crem\u0103 de protec\u021bie solar\u0103<\/li>\n<li>P\u0103l\u0103rie<\/li>\n<li>Pantaloni comozi<\/li>\n<li>Pantofi de drume\u021bie \u00een p\u0103dure<\/li>\n<li>Sandale pentru zonele de prim\u0103var\u0103.<\/li>\n<li>Costum de baie<\/li>\n<\/ul>\n<h3><em>Preluare la hotel<\/em><\/h3>\n<p>Ridicarea c\u0103l\u0103torilor oferit\u0103!<\/p>\n<p>Prelu\u0103m de la toate hotelurile din Punta Cana. Loca\u021bia de preluare este holul hotelului.<br \/>\nDac\u0103 sunte\u021bi cazat \u00eentr-un apartament \u00een zon\u0103, v\u0103 vom prelua de la apartament sau la cea mai apropiat\u0103 intrare \u00een sta\u021biune. Configuram Pickup contact\u00e2ndu-ne pe Whatsapp.<\/p>\n<p><strong>Not\u0103:<\/strong> Dac\u0103 rezerva\u021bi \u00een termen de 24 de ore de la ora de plecare a turului\/excursiei, putem aranja preluarea de la hotel. Odat\u0103 ce achizi\u021bia dvs. este finalizat\u0103, v\u0103 vom trimite informa\u021bii complete de contact (num\u0103r de telefon, adres\u0103 de e-mail etc.) pentru ghidul nostru local pentru a aranja aranjamentele de ridicare.<\/p>\n<h3><em>Confirmarea informa\u021biilor suplimentare<\/em><\/h3>\n<ul>\n<li>Biletele sunt Chitan\u021ba dup\u0103 plata acestui Tur. Pute\u021bi afi\u0219a plata pe telefon.<\/li>\n<li>Punctul de \u00eent\u00e2lnire va fi primit dup\u0103 procesul de rezervare.<\/li>\n<li>Copiii trebuie s\u0103 fie \u00eenso\u021bi\u021bi de un adult.<\/li>\n<li>Nu este accesibil cu scaunul cu rotile<\/li>\n<li>Bebelu\u0219ii trebuie s\u0103 stea \u00eentr-un scaun pentru copii sau cu un adult<\/li>\n<li>Nu este recomandat c\u0103l\u0103torilor cu probleme de spate.<\/li>\n<li>Nu este recomandat femeilor \u00eens\u0103rcinate.<\/li>\n<li>F\u0103r\u0103 probleme cardiace sau alte afec\u021biuni medicale grave.<\/li>\n<li>Majoritatea c\u0103l\u0103torilor pot participa.<\/li>\n<\/ul>\n<h3><em>Politica de anulare<\/em><\/h3>\n<p>Pentru o rambursare complet\u0103, anula\u021bi cu cel pu\u021bin 24 de ore \u00eenainte de data \u00eenceperii experien\u021bei.<\/p>\n<h3><em>Contacta\u0163i-ne?<\/em><\/h3>\n<p>Rezerv\u0103ri de aventur\u0103<br \/>\nGhizi turistici locali \u0219i na\u021bionali \u0219i servicii pentru oaspe\u021bi<\/p>\n<p>Rezervari: Tururi si excursii in Dom. Reps.<\/p>\n<p>\ud83d\udcde Tel\/Whatsapp +1-809-720-6035.<\/p>\n<p>\ud83d\udce9 info@bookingadventures.com.do<\/p>\n<p>Facem tururi private cu flexibilitate prin Whatsapp: +18097206035.<\/p>\n\n\t\t<\/div>\n\t<\/div>\n<\/div><\/div><\/div><\/div>","protected":false},"excerpt":{"rendered":"<p>Dac\u0103 v\u0103 afla\u021bi \u00een Punta Cana sau B\u00e1varo, c\u0103uta\u021bi o excursie de o zi pl\u0103tind mai pu\u021bin dec\u00e2t \u00een mod normal. Rezerva\u021bi aceast\u0103 excursie cu o preluare de la hotelul dvs. din Punta Cana. Autobuzul v\u0103 va duce la Sabana de la Mar, unde vom lua un catamaran pentru a trece prin golful Saman\u00e1. Vizita\u021bi comunitatea Saman\u00e1 \u00een Safari pentru a ajunge la comunitatea El Lim\u00f3n, c\u0103l\u0103rie sau plimbare la cascade dup\u0103 traversarea golfului Saman\u00e1 \u0219i ora pr\u00e2nzului pe Insula Bacardi. Aceast\u0103 c\u0103l\u0103torie \u00eencepe la 6:00 am \u0219i se termin\u0103 la 6:30 pm<\/p>\n<p><strong>V\u0103 rug\u0103m s\u0103 selecta\u021bi data turului:<\/strong><\/p>","protected":false},"featured_media":320,"template":"","meta":[],"product_brand":[],"product_cat":[96,97,136,264,122,443,123,124],"product_tag":[137,138,281,139,282,283,140,284,141,114,285,142,143],"class_list":{"0":"post-567","1":"product","2":"type-product","3":"status-publish","4":"has-post-thumbnail","6":"product_cat-hiking","7":"product_cat-horse-riding-to-waterfalls","8":"product_cat-safari-samana","9":"product_cat-salto-el-limon-and-bacardi-island","10":"product_cat-tours-and-excursions","11":"product_cat-tours-y-excursiones-es","12":"product_cat-tours-excursions-los-haitises-national-park","13":"product_cat-tours-excursions-samana-bay-dominican-republic","14":"product_tag-bacardi-island","15":"product_tag-beach-time","16":"product_tag-cascada-el-limon-salto-el-limon-samana-republica-dominicana","17":"product_tag-cayo-levantado","18":"product_tag-el-limon-waterfall-bacardi-island-from-punta-cana","19":"product_tag-el-limon-waterfall-and-bacardi-island-tour-from-punta-cana","20":"product_tag-el-limon-waterfalls","21":"product_tag-guided-adventures","22":"product_tag-punta-cana","23":"product_tag-sabana-de-la-mar","24":"product_tag-salto-de-limon-punta-cana","25":"product_tag-samana","26":"product_tag-samana-tours","28":"first","29":"instock","30":"sale","31":"sold-individually","32":"shipping-taxable","33":"product-type-external"},"_links":{"self":[{"href":"https:\/\/visitaloshaitises.com\/ro\/wp-json\/wp\/v2\/product\/567","targetHints":{"allow":["GET"]}}],"collection":[{"href":"https:\/\/visitaloshaitises.com\/ro\/wp-json\/wp\/v2\/product"}],"about":[{"href":"https:\/\/visitaloshaitises.com\/ro\/wp-json\/wp\/v2\/types\/product"}],"wp:featuredmedia":[{"embeddable":true,"href":"https:\/\/visitaloshaitises.com\/ro\/wp-json\/wp\/v2\/media\/320"}],"wp:attachment":[{"href":"https:\/\/visitaloshaitises.com\/ro\/wp-json\/wp\/v2\/media?parent=567"}],"wp:term":[{"taxonomy":"product_brand","embeddable":true,"href":"https:\/\/visitaloshaitises.com\/ro\/wp-json\/wp\/v2\/product_brand?post=567"},{"taxonomy":"product_cat","embeddable":true,"href":"https:\/\/visitaloshaitises.com\/ro\/wp-json\/wp\/v2\/product_cat?post=567"},{"taxonomy":"product_tag","embeddable":true,"href":"https:\/\/visitaloshaitises.com\/ro\/wp-json\/wp\/v2\/product_tag?post=567"}],"curies":[{"name":"wp","href":"https:\/\/api.w.org\/{rel}","templated":true}]}}