{"id":562,"date":"2020-06-25T15:24:34","date_gmt":"2020-06-25T15:24:34","guid":{"rendered":"https:\/\/haitises.com\/?post_type=product&#038;p=562"},"modified":"2024-04-17T17:28:59","modified_gmt":"2024-04-17T17:28:59","slug":"los-haitises-excursion-en-kayak-4-horas","status":"publish","type":"product","link":"https:\/\/visitaloshaitises.com\/ro\/private\/los-haitises-excursion-en-kayak-4-horas\/","title":{"rendered":"Excursie cu caiac Los Haitises 4 ore"},"content":{"rendered":"<div class=\"vc_row wpb_row vc_row-fluid\" ><div class=\"wpb_column vc_column_container vc_col-sm-12\"><div class=\"vc_column-inner\"><div class=\"wpb_wrapper\"><div class=\"vc_empty_space\"   style=\"height: 32px\"><span class=\"vc_empty_space_inner\"><\/span><\/div><\/div><\/div><\/div><\/div><div class=\"vc_row wpb_row vc_row-fluid\" ><div class=\"wpb_column vc_column_container vc_col-sm-12\"><div class=\"vc_column-inner\"><div class=\"wpb_wrapper\"><div class=\"mkdf-section-title-holder\" style=\"text-align: left\">\n\t<div class=\"mkdf-st-inner\">\n\t\t\t\t\t<h5 class=\"mkdf-st-subtitle\" >\n\t\t\t\tMangrove, pe\u0219teri \u0219i multe altele.\t\t\t<\/h5>\n\t\t\t\t\t\t\t<\/div>\n<\/div><\/div><\/div><\/div><\/div><div class=\"vc_row wpb_row vc_row-fluid\" ><div class=\"wpb_column vc_column_container vc_col-sm-12\"><div class=\"vc_column-inner\"><div class=\"wpb_wrapper\"><div class=\"vc_empty_space\"   style=\"height: 32px\"><span class=\"vc_empty_space_inner\"><\/span><\/div><\/div><\/div><\/div><\/div><div class=\"vc_row wpb_row vc_row-fluid\" ><div class=\"wpb_column vc_column_container vc_col-sm-12\"><div class=\"vc_column-inner\"><div class=\"wpb_wrapper\">\n\t<div class=\"wpb_text_column wpb_content_element\" >\n\t\t<div class=\"wpb_wrapper\">\n\t\t\t<h2>Caiac \u00een Los Haitises cu ghid turistic Ca\u00f1o Hondo 4 ore<\/h2>\n<h3>Descriere<\/h3>\n<p>Plimbare cu caiacul la mangrove \u00een Parcul Na\u021bional Los Haitises cu un ghid local timp de 4 ore. Vizitarea mangrovelor, pe\u0219terilor, pictogramelor de pe r\u00e2ul Ca\u00f1o Hondo \u0219i o privire de ansamblu asupra Golfului San Lorenzo din Parcul Na\u021bional Los Haitises, zona Sabana de la Mar, Ca\u00f1o Hondo. \u00cen cazul unei c\u0103l\u0103torii scurte: caiac Los Haitises 2 ore<\/p>\n<ul>\n<li>Ghidul ofer\u0103 instruc\u021biuni \u0219i supraveghere.<\/li>\n<li>Caiace \u0219i v\u00e2sle disponibile Double pentru dou\u0103 persoane \u0219i Simplu pentru o persoan\u0103.<\/li>\n<\/ul>\n<h3>Incluziuni \u0219i excluderi<\/h3>\n<h4>Incluziuni<\/h4>\n<ol>\n<li>excursie cu caiac<\/li>\n<li>Excursii la pesteri<\/li>\n<li>Toate taxele, taxele \u0219i taxele de manipulare<\/li>\n<li>Taxe locale<\/li>\n<li>Ghid local<\/li>\n<\/ol>\n<h4>Excluderile<\/h4>\n<ol>\n<li>sfaturi<\/li>\n<li>Transport<\/li>\n<li>Pr\u00e2nzul nu este inclus.<\/li>\n<li>B\u0103uturi alcoolice<\/li>\n<\/ol>\n<h3><em>Plecare si intoarcere<\/em><\/h3>\n<p>C\u0103l\u0103torul va primi un punct de \u00eent\u00e2lnire dup\u0103 procesul de rezervare. Tururile \u00eencep \u0219i se termin\u0103 la punctele noastre de \u00eent\u00e2lnire.<\/p>\n<h3><em>La ce s\u0103 te a\u0219tep\u021bi?<\/em><\/h3>\n<p>Ob\u021bine\u021bi bilete pentru a vizita 4 ore cu caiacul la P\u0103durea r\u00e2ului Ca\u00f1o Hondo (mangrove), Insulele St\u00e2ncoase, Observarea p\u0103s\u0103rilor \u0219i Pe\u0219terile cu ghidul turistic local.<\/p>\n<p>Ob\u021binem toate tipurile de echipamente necesare pentru siguran\u021ba dumneavoastr\u0103 (veste de salvare etc.), iar ac\u021biunea \u00eencepe cu caiacul de pe r\u00e2ul Ca\u00f1o Hondo.<\/p>\n<p>El recorrido, organizado por \u00abBooking Adventures\u00bb, comienza en el punto de encuentro establecido con el gu\u00eda tur\u00edstico. Tomando los kayaks y atravesando manglares, pasando por antiguas cuevas piratas y por bosques protegidos en esta pintoresca reserva a partir del \u00e1rea de los Hoteles Ca\u00f1o Hondo o de Sabana de la Mar.<\/p>\n<p>Vino cu Booking Adventures \u0219i \u00eencepe s\u0103 vezi c\u00e2teva mangrove pline de p\u0103s\u0103ri, dealuri ondulate cu vegeta\u021bie luxuriant\u0103 \u0219i pe\u0219teri din Parcul Na\u021bional Los Haitises. Face\u021bi o excursie cu caiacul de pe r\u00e2ul Ca\u00f1o Hondo, Sabana de la Mar. Prin mangrove \u0219i ateriza\u021bi \u00een golful deschis San Lorenzo, de unde pute\u021bi fotografia peisajul \u00eemp\u0103durit accidentat. Privi\u021bi \u00een ap\u0103 pentru a vedea lamantini, crustacee \u0219i delfini.<\/p>\n<p>El nombre del parque nacional proviene de sus habitantes originales, los indios ta\u00ednos. En su idioma, \u00abHaitises\u00bb se traduce como tierras altas o colinas, una referencia a las empinadas formaciones geol\u00f3gicas de la costa con calizas. Avent\u00farate m\u00e1s en el parque para explorar cuevas como la Cueva de la Arena y la Cueva de la L\u00ednea. Las cuevas en la reserva fueron utilizadas como refugio por los indios ta\u00ednos y, m\u00e1s tarde, por los piratas para esconderse. Busque dibujos de indios que decoran algunas de las paredes.<\/p>\n<p>\u00cen cazul \u00een care v\u0103 place aceast\u0103 excursie mai scurt\u0103, avem o a doua op\u021biune: caiac \u00een Los Haitises 2 ore<\/p>\n<p>Turul se \u00eencheie la punctul de plecare \u00een Parcul Na\u021bional Los Haitises. V\u0103 recomand\u0103m aceast\u0103 excursie la ora 6:00 \u00een cazul \u00een care dori\u021bi s\u0103 vede\u021bi lamantini, crustacee \u0219i delfini.<\/p>\n<p>Ora 6:00 este devreme, a\u0219a c\u0103 nu exist\u0103 \u00eenc\u0103 b\u0103rci \u00een Parcul Na\u021bional Los Haitises.<\/p>\n<h3><em>Ce ar trebui s\u0103 aduci?<\/em><\/h3>\n<ul>\n<li>aparat foto<\/li>\n<li>Repelente<\/li>\n<li>Crem\u0103 de protec\u021bie solar\u0103<\/li>\n<li>P\u0103l\u0103riePantaloni comozi<\/li>\n<li>Sandale<\/li>\n<li>Costum de baie<\/li>\n<\/ul>\n<h3><em>Preluare la hotel<\/em><\/h3>\n<p>Preluarea de la hotel nu este oferit\u0103 pentru acest tur.<\/p>\n<p><strong>Not\u0103<\/strong>- Dac\u0103 rezerva\u021bi \u00een termen de 24 de ore de la ora de plecare a turului\/excursiei, putem aranja preluarea de la hotel cu taxe suplimentare. Odat\u0103 ce achizi\u021bia dvs. este finalizat\u0103, v\u0103 vom trimite informa\u021bii complete de contact (num\u0103r de telefon, adres\u0103 de e-mail etc.) pentru ghidul nostru local pentru a aranja aranjamentele de ridicare.<\/p>\n<h3><em>Confirmarea informa\u021biilor suplimentare<\/em><\/h3>\n<ul>\n<li>Biletele sunt Chitan\u021ba dup\u0103 plata acestui Tur. Pute\u021bi afi\u0219a plata pe telefon.<\/li>\n<li>Punctul de \u00eent\u00e2lnire va fi primit dup\u0103 procesul de rezervare.<\/li>\n<li>Copiii trebuie s\u0103 fie \u00eenso\u021bi\u021bi de un adult.<\/li>\n<li>Nu este accesibil cu scaunul cu rotile<\/li>\n<li>Bebelu\u0219ii trebuie s\u0103 stea \u00eentr-un scaun pentru copii sau cu un adult<\/li>\n<li>Nu este recomandat c\u0103l\u0103torilor cu probleme de spate.<\/li>\n<li>Nu este recomandat femeilor \u00eens\u0103rcinate.<\/li>\n<li>F\u0103r\u0103 probleme cardiace sau alte afec\u021biuni medicale grave.<\/li>\n<li>Majoritatea c\u0103l\u0103torilor pot participa.<\/li>\n<\/ul>\n<h3><em>Politica de anulare<\/em><\/h3>\n<p>Pentru o rambursare complet\u0103, anula\u021bi cu cel pu\u021bin 24 de ore \u00eenainte de data \u00eenceperii experien\u021bei.<\/p>\n<h3><em>Contacta\u0163i-ne?<\/em><\/h3>\n<p>Rezervare aventuri<br \/>\nGhizi turistici locali \u0219i na\u021bionali \u0219i servicii pentru oaspe\u021bi<\/p>\n<p>Rezervari: Tururi si excursii in Dom. Reps.<\/p>\n<p>\ud83d\udcde Tel\/Whatsapp +1-809-720-6035.<\/p>\n<p>\ud83d\udce9 info@bookingadventures.com.do<\/p>\n<p>Facem tururi private cu flexibilitate prin Whatsapp: +18097206035.<\/p>\n\n\t\t<\/div>\n\t<\/div>\n<\/div><\/div><\/div><\/div>","protected":false},"excerpt":{"rendered":"<p>Excursie \u00een Parcul Na\u021bional Los Haitises cu plecare din Sabana de la Mar \u00een zona Ca\u00f1o Hondo, vizit\u00e2nd mangrove, pe\u0219teri, pictograme \u0219i forma\u021biuni st\u00e2ncoase.<\/p>\n<p>Acest tur poate fi configurat cu clipul Rute de drume\u021bii aici. Afla\u021bi povestea real\u0103 a istoriei Parcului Na\u021bional Los Haitises cu localnicii.<\/p>\n<p><strong>V\u0103 rug\u0103m s\u0103 selecta\u021bi data turului:<\/strong><\/p>","protected":false},"featured_media":229,"template":"","meta":[],"product_brand":[],"product_cat":[144,443,123,124],"product_tag":[126,127,145,150,197,198,199,132,133,200,201,114,147,148],"class_list":{"0":"post-562","1":"product","2":"type-product","3":"status-publish","4":"has-post-thumbnail","6":"product_cat-kayaking","7":"product_cat-tours-y-excursiones-es","8":"product_cat-tours-excursions-los-haitises-national-park","9":"product_cat-tours-excursions-samana-bay-dominican-republic","10":"product_tag-cano-hondo","11":"product_tag-cano-hondo-hotel","12":"product_tag-day-tour-cano-hondo","13":"product_tag-kayak-dominican-republic","14":"product_tag-kayaking-dominican-republic","15":"product_tag-kayaking-los-haitises","16":"product_tag-kayaks","17":"product_tag-los-haitises","18":"product_tag-los-haitises-national-park","19":"product_tag-los-haitises-tours","20":"product_tag-private-tours-samana","21":"product_tag-sabana-de-la-mar","22":"product_tag-samana-bay","23":"product_tag-samana-excursions","25":"first","26":"instock","27":"sale","28":"sold-individually","29":"shipping-taxable","30":"product-type-external"},"_links":{"self":[{"href":"https:\/\/visitaloshaitises.com\/ro\/wp-json\/wp\/v2\/product\/562","targetHints":{"allow":["GET"]}}],"collection":[{"href":"https:\/\/visitaloshaitises.com\/ro\/wp-json\/wp\/v2\/product"}],"about":[{"href":"https:\/\/visitaloshaitises.com\/ro\/wp-json\/wp\/v2\/types\/product"}],"wp:featuredmedia":[{"embeddable":true,"href":"https:\/\/visitaloshaitises.com\/ro\/wp-json\/wp\/v2\/media\/229"}],"wp:attachment":[{"href":"https:\/\/visitaloshaitises.com\/ro\/wp-json\/wp\/v2\/media?parent=562"}],"wp:term":[{"taxonomy":"product_brand","embeddable":true,"href":"https:\/\/visitaloshaitises.com\/ro\/wp-json\/wp\/v2\/product_brand?post=562"},{"taxonomy":"product_cat","embeddable":true,"href":"https:\/\/visitaloshaitises.com\/ro\/wp-json\/wp\/v2\/product_cat?post=562"},{"taxonomy":"product_tag","embeddable":true,"href":"https:\/\/visitaloshaitises.com\/ro\/wp-json\/wp\/v2\/product_tag?post=562"}],"curies":[{"name":"wp","href":"https:\/\/api.w.org\/{rel}","templated":true}]}}