{"id":11368,"date":"2021-08-15T20:09:01","date_gmt":"2021-08-15T20:09:01","guid":{"rendered":"https:\/\/haitises.com\/?post_type=product&#038;p=11368"},"modified":"2024-04-04T17:50:59","modified_gmt":"2024-04-04T17:50:59","slug":"private-kayaking-snorkeling-with-lunch-on-cayo-levantado-island-2","status":"publish","type":"product","link":"https:\/\/visitaloshaitises.com\/ro\/private\/private-kayaking-snorkeling-with-lunch-on-cayo-levantado-island-2\/","title":{"rendered":"Caiac \u0219i snorkeling privat cu pr\u00e2nz pe insula Cayo Levantado"},"content":{"rendered":"<div class=\"vc_row wpb_row vc_row-fluid\" ><div class=\"wpb_column vc_column_container vc_col-sm-12\"><div class=\"vc_column-inner\"><div class=\"wpb_wrapper\"><div class=\"vc_empty_space\"   style=\"height: 32px\"><span class=\"vc_empty_space_inner\"><\/span><\/div><div class=\"mkdf-section-title-holder\" style=\"text-align: left\">\n\t<div class=\"mkdf-st-inner\">\n\t\t\t\t\t<h5 class=\"mkdf-st-subtitle\" >\n\t\t\t\tFrom Saman\u00e1 port Private Tour\t\t\t<\/h5>\n\t\t\t\t\t\t\t<h3 class=\"mkdf-st-title\" >\n\t\t\t\tPrivate Kayaking &amp; Snorkeling with Lunch on Cayo Levantado Island\t\t\t<\/h3>\n\t\t\t\t\t<\/div>\n<\/div><div class=\"vc_empty_space\"   style=\"height: 32px\"><span class=\"vc_empty_space_inner\"><\/span><\/div><\/div><\/div><\/div><\/div><div class=\"vc_row wpb_row vc_row-fluid\" ><div class=\"wpb_column vc_column_container vc_col-sm-12\"><div class=\"vc_column-inner\"><div class=\"wpb_wrapper\">\n\t<div class=\"wpb_text_column wpb_content_element\" >\n\t\t<div class=\"wpb_wrapper\">\n\t\t\t<div class=\"vc_row wpb_row vc_row-fluid\">\n<div class=\"wpb_column vc_column_container vc_col-sm-12\">\n<div class=\"vc_column-inner\">\n<div class=\"wpb_wrapper\">\n<div class=\"wpb_text_column wpb_content_element\">\n<div class=\"wpb_wrapper\">\n<div class=\"vc_row wpb_row vc_row-fluid\">\n<div class=\"wpb_column vc_column_container vc_col-sm-12\">\n<div class=\"vc_column-inner\">\n<div class=\"wpb_wrapper\">\n<div class=\"wpb_text_column wpb_content_element\">\n<div class=\"wpb_wrapper\">\n<h4><b><i>Prezentare general\u0103<img decoding=\"async\" class=\"emoji\" draggable=\"false\" src=\"https:\/\/s.w.org\/images\/core\/emoji\/12.0.0-1\/svg\/1f433.svg\" alt=\"\ud83d\udc33\" \/><\/i><\/b><\/h4>\n<p><strong>Avoid big groups of tourists<\/strong> and make your Private Kayaking &amp; Snorkeling Tour in Saman\u00e1 Bay starting from Saman\u00e1 port.<\/p>\n<p>Admire 40 min unparalleled panoramic views of the Samana Bay from the sea in kayak going for snorkeling in the crystal waters off a nearby beach of the famous Cayo Levantado\/Bacardi island. Where we can stretch our legs and wear our snorkeling kits, there&#8217;s another world to explore!<br \/>\nAfter snorkeling we will go to take a typical Dominican lunch provided on the beach and discover the most beautiful island in the Dominican Republic. Home to a beautiful luxury hotel, white sandy beaches, lush rain-forest and incredible skilled artists offering their handmade paintings and other products.<\/p>\n<p>What you can do on the island?<br \/>\nSwimming, walking around, playing volleyball, taking photos, snorkeling, enjoying the beach or just relaxing in shadow and taking a refreshing beverage (Pi\u00f1a Colada, Coco Loco, Cuba Libre etc.) There are many options how to enjoy the island for everyone!<\/p>\n<p>On our way back to Samana we change perspective and our attention is captured by details that we had not noticed before, enjoying every single meter approximately 40 min.<\/p>\n<p>We are the only one who offer this Tour in the whole Dominican Republic! This unique experience is a nature and sea lover\u2019s dream come true.<\/p>\n<p><strong>Not\u0103:<\/strong> This tour is Private. (Just you and family or friends and Tour Guide).<\/p>\n<p>&nbsp;<\/p>\n<h4><b>Incluziuni \u0219i excluderi<\/b><\/h4>\n<p>&nbsp;<\/p>\n<p><b>Incluziuni<\/b><\/p>\n<p>&nbsp;<\/p>\n<ol>\n<li>Pr\u00e2nz tip bufet pe plaj\u0103<\/li>\n<li>Ghid turistic<\/li>\n<li>Kayaks, paddle<\/li>\n<li>Lifejacket<\/li>\n<li>Snorkeling kit<\/li>\n<li>Toate taxele, taxele \u0219i taxele de manipulare<\/li>\n<li>Taxe locale<\/li>\n<li>Beverages (Bottle of water per person)<\/li>\n<\/ol>\n<p><b>Excluderile<\/b><\/p>\n<ol>\n<li>Gratuitatii<\/li>\n<li>Transfer auto<\/li>\n<li>Bauturi alcoolice<\/li>\n<\/ol>\n<p>&nbsp;<\/p>\n<h4><em><strong>Plecare \u0219i \u00eentoarcere<\/strong><\/em><\/h4>\n<p>This trip starts at 8:00 Am and finishes around 4:00 Pm. But because it will be a private trip you may set the time for starting and to finish.<\/p>\n<p>C\u0103l\u0103torul va primi un punct de \u00eent\u00e2lnire dup\u0103 procesul de rezervare. Tururile \u00eencep \u0219i se termin\u0103 \u00een punctele noastre de \u00eent\u00e2lnire.<\/p>\n<p>&nbsp;<\/p>\n<h4><b><i>La ce s\u0103 te a\u0219tep\u021bi?<\/i><\/b><\/h4>\n<p>&nbsp;<\/p>\n<p><em><strong>Ia-\u021bi biletele<\/strong><\/em> for Kayaking &amp; Snorkeling in Samana Bay. 40 min of unparalleled panoramic views of the Samana Bay from the sea in kayak and snorkeling in the crystal waters off a nearby beach of the famous Cayo Levantado\/Bacardi. Typical Dominican Lunch provided on the beach. In the whale watching season there is possibility to see the humpback whales.<\/p>\n<p>The Kayaking &amp; Snorkeling Tour, organized by \u201cBooking Adventures\u201d starts at the meeting point set with the Tour Guide. Lunch at the beach and you can stay as long as you want swimming around. If you are Vegan we also can set some food for you.<\/p>\n<p><strong>Orar:<\/strong><\/p>\n<p>8:00 AM \u2013 4:00 PM<\/p>\n<p>&nbsp;<\/p>\n<h4><em><strong>Ce ar trebui s\u0103 aduci?<\/strong><\/em><\/h4>\n<ul>\n<li>aparat foto<\/li>\n<li>Towel<\/li>\n<li>Sun protection<\/li>\n<li>P\u0103l\u0103rie<\/li>\n<li>Comfortable pants and shoes<\/li>\n<li>Sandals to the beach<\/li>\n<li>\u00cembr\u0103c\u0103minte de \u00eenot<\/li>\n<li>Numerar pentru suveniruri<\/li>\n<\/ul>\n<p>&nbsp;<\/p>\n<h4><b><i>Preluare la hotel<\/i><\/b><\/h4>\n<p>Pentru acest tur nu se ofer\u0103 servicii de preluare de la hotel.<\/p>\n<p>&nbsp;<\/p>\n<p><b>Not\u0103:<\/b>\u00a0dac\u0103 rezerva\u021bi \u00een termen de 24 de ore de la ora de plecare a turului\/excursiei, putem aranja preluarea de la hotel cu taxe suplimentare. Odat\u0103 ce a\u021bi finalizat achizi\u021bia, v\u0103 vom trimite informa\u021bii complete de contact (num\u0103r de telefon, adres\u0103 de e-mail etc.) pentru ca ghidul nostru local s\u0103 organizeze aranjamentele de preluare.<\/p>\n<h4><b><i>Confirmare informa\u021bii suplimentare<\/i><\/b><\/h4>\n<ol>\n<li>Biletele sunt Chitan\u021ba dup\u0103 plata acestui Tur. Pute\u021bi afi\u0219a plata pe telefon.<\/li>\n<li>Punctul de \u00eent\u00e2lnire va fi primit dup\u0103 procesul de rezervare.<\/li>\n<li>Copiii trebuie s\u0103 fie \u00eenso\u021bi\u021bi de un adult.<\/li>\n<li>accesibil \u00een scaun cu rotile<\/li>\n<li>Bebelu\u0219ii trebuie s\u0103 stea pe poale<\/li>\n<li>Majoritatea c\u0103l\u0103torilor pot participa<\/li>\n<\/ol>\n<h4><b><i>Politica de anulare<\/i><\/b><\/h4>\n<p>Pentru o rambursare complet\u0103, anula\u021bi cu cel pu\u021bin 24 de ore \u00eenainte de data de \u00eencepere a experien\u021bei.<\/p>\n<\/div>\n<\/div>\n<\/div>\n<\/div>\n<\/div>\n<\/div>\n<\/div>\n<\/div>\n<\/div>\n<\/div>\n<\/div>\n<\/div>\n<div class=\"vc_row wpb_row vc_row-fluid\">\n<div class=\"wpb_column vc_column_container vc_col-sm-12\">\n<div class=\"vc_column-inner\">\n<div class=\"wpb_wrapper\">\n<div class=\"vc_empty_space\"><\/div>\n<div class=\"wpb_text_column wpb_content_element\">\n<div class=\"wpb_wrapper\">\n<h4>Contacta\u0163i-ne?<\/h4>\n<h5><b><i>Rezervare aventuri<\/i><\/b><\/h5>\n<p><em><strong>Localnicii<\/strong>\u00a0\u0219i\u00a0<strong>Na\u0163ionalii<\/strong>\u00a0Ghizi turistici \u0219i servicii pentru oaspe\u021bi<\/em><\/p>\n<p><span class=\"text-turquoise\">Rezervari:<\/span>\u00a0Tururi \u0219i excursii \u00een Rep. Dom.<\/p>\n<p><img decoding=\"async\" class=\"emoji\" draggable=\"false\" src=\"https:\/\/s.w.org\/images\/core\/emoji\/11.2.0\/svg\/1f4de.svg\" alt=\"\ud83d\udcde\" \/>\u00a0Tel\/Whatsapp\u00a0\u00a0<a href=\"tel:+1-809-720-6035\">+1-809-720-6035<\/a>.<\/p>\n<p><img decoding=\"async\" class=\"emoji\" draggable=\"false\" src=\"https:\/\/s.w.org\/images\/core\/emoji\/11.2.0\/svg\/1f4e9.svg\" alt=\"\ud83d\udce9\" \/>\u00a0<a href=\"mailto:info@bookingadventures.com.do\">info@bookingadventures.com.do<\/a><\/p>\n<p><strong>Suntem flexibili, stabilim tururi private prin Whatsapp:\u00a0<a href=\"tel:+18097206035\">+18097206035.<\/a><\/strong><\/p>\n<\/div>\n<\/div>\n<\/div>\n<\/div>\n<\/div>\n<\/div>\n\n\t\t<\/div>\n\t<\/div>\n<\/div><\/div><\/div><\/div>","protected":false},"excerpt":{"rendered":"<p>Private Kayaking and Snorkeling tour in Samana Bay, Dominican Republic with Local Tour Guides. Feel free to set up your starting time that suit you. Book now this Excursion in Samana Bay to live the true Caribbean Adventure.<\/p>\n<p>Note: This tour is a private!<\/p>\n<p>&nbsp;<\/p>\n<p><em><strong>V\u0103 rug\u0103m s\u0103 selecta\u021bi data pentru excursie:<\/strong><\/em><\/p>","protected":false},"featured_media":11086,"template":"","meta":[],"product_brand":[],"product_cat":[124],"product_tag":[137,162,197,201,143,271,354,234],"class_list":{"0":"post-11368","1":"product","2":"type-product","3":"status-publish","4":"has-post-thumbnail","6":"product_cat-tours-excursions-samana-bay-dominican-republic","7":"product_tag-bacardi-island","8":"product_tag-cayo-levantado-day-pass","9":"product_tag-kayaking-dominican-republic","10":"product_tag-private-tours-samana","11":"product_tag-samana-tours","12":"product_tag-samana-whale-watching","13":"product_tag-snorkeling","14":"product_tag-whale-samana","16":"first","17":"instock","18":"sale","19":"sold-individually","20":"shipping-taxable","21":"product-type-external"},"_links":{"self":[{"href":"https:\/\/visitaloshaitises.com\/ro\/wp-json\/wp\/v2\/product\/11368","targetHints":{"allow":["GET"]}}],"collection":[{"href":"https:\/\/visitaloshaitises.com\/ro\/wp-json\/wp\/v2\/product"}],"about":[{"href":"https:\/\/visitaloshaitises.com\/ro\/wp-json\/wp\/v2\/types\/product"}],"wp:featuredmedia":[{"embeddable":true,"href":"https:\/\/visitaloshaitises.com\/ro\/wp-json\/wp\/v2\/media\/11086"}],"wp:attachment":[{"href":"https:\/\/visitaloshaitises.com\/ro\/wp-json\/wp\/v2\/media?parent=11368"}],"wp:term":[{"taxonomy":"product_brand","embeddable":true,"href":"https:\/\/visitaloshaitises.com\/ro\/wp-json\/wp\/v2\/product_brand?post=11368"},{"taxonomy":"product_cat","embeddable":true,"href":"https:\/\/visitaloshaitises.com\/ro\/wp-json\/wp\/v2\/product_cat?post=11368"},{"taxonomy":"product_tag","embeddable":true,"href":"https:\/\/visitaloshaitises.com\/ro\/wp-json\/wp\/v2\/product_tag?post=11368"}],"curies":[{"name":"wp","href":"https:\/\/api.w.org\/{rel}","templated":true}]}}