{"id":11073,"date":"2021-04-09T10:46:13","date_gmt":"2021-04-09T10:46:13","guid":{"rendered":"https:\/\/haitises.com\/product\/import-placeholder-for-11778\/"},"modified":"2024-04-10T20:49:28","modified_gmt":"2024-04-10T20:49:28","slug":"hiking-trails-in-barahona-dominican-republic-cachote-mountains-tropical-fruits-swim","status":"publish","type":"product","link":"https:\/\/visitaloshaitises.com\/ro\/private\/hiking-trails-in-barahona-dominican-republic-cachote-mountains-tropical-fruits-swim\/","title":{"rendered":"Trasee de drume\u021bii \u00een Barahona (Republica Dominican\u0103). Mun\u021bii Cachote, fructe tropicale \u0219i \u00eenot"},"content":{"rendered":"<div class=\"vc_row wpb_row vc_row-fluid\" ><div class=\"wpb_column vc_column_container vc_col-sm-12\"><div class=\"vc_column-inner\"><div class=\"wpb_wrapper\"><div class=\"mkdf-section-title-holder\" style=\"text-align: left\">\n\t<div class=\"mkdf-st-inner\">\n\t\t\t\t\t<h5 class=\"mkdf-st-subtitle\" >\n\t\t\t\tCachote Mountains, Tropical Fruits &amp; Swim\t\t\t<\/h5>\n\t\t\t\t\t\t\t<h3 class=\"mkdf-st-title\" >\n\t\t\t\tHiking trails in Barahona (Dominican Republic).\t\t\t<\/h3>\n\t\t\t\t\t<\/div>\n<\/div><\/div><\/div><\/div><\/div><div class=\"vc_row wpb_row vc_row-fluid\" ><div class=\"wpb_column vc_column_container vc_col-sm-12\"><div class=\"vc_column-inner\"><div class=\"wpb_wrapper\">\n\t<div class=\"wpb_text_column wpb_content_element\" >\n\t\t<div class=\"wpb_wrapper\">\n\t\t\t<h4><b><i>Prezentare general\u0103<\/i><\/b><\/h4>\n<p>Enjoy a day hiking in the Mountains of Cachote, Barahona. Starting from Paraiso Comunity. Learning about coffee plantation areas. Swimming in Natural springs and one of the most beautiful beaches in the Dominican Republic with scenic photos.<\/p>\n<h4><b>Incluziuni \u0219i excluderi<\/b><\/h4>\n<p>&nbsp;<\/p>\n<p><b>Incluziuni<\/b><\/p>\n<ol>\n<li>Local Guide with Safety experience in the area.<\/li>\n<li>Transport privat pentru grupuri mici<\/li>\n<li>All taxes, fees, and handling charges<\/li>\n<li>Pick up \/ Transportation from your hotel (Barahona \/ Para\u00edso \/ Los Patos area)<\/li>\n<li>Local guide who speaks English or French<\/li>\n<li>Typical lunch (sandwiches type) and a bottle of water<\/li>\n<li>Taxe locale<\/li>\n<li>Drume\u021bii<\/li>\n<li>Natural Pools<\/li>\n<\/ol>\n<p><b>Excluderile<\/b><\/p>\n<ol>\n<li>Gratuitatii<\/li>\n<li>All Drinks<\/li>\n<li>All services not specifically mentioned<\/li>\n<li>Personal expenses and tips<\/li>\n<\/ol>\n<h4><em><strong>Plecare \u0219i \u00eentoarcere<\/strong><\/em><\/h4>\n<p>C\u0103l\u0103torul va primi un punct de \u00eent\u00e2lnire dup\u0103 Procesul de Rezervare. Tururile \u00eencep \u0219i se termin\u0103 la punctele dvs. de \u00eent\u00e2lnire.<\/p>\n<p>Difficulty: Medium-Difficult<br \/>\nDuration of the walk: 5-6 hours<br \/>\nElevation: 800 meters<br \/>\nDeparture from the Hotel: 08.00 AM<br \/>\nReturn to the Hotel: 05.00 PM<\/p>\n<h2 class=\"styles__heading___mD4_3\" data-radium=\"true\">Hiking trails in Barahona (Dominican Republic). Cachote Mountains, Tropical Fruits &amp; Swim<\/h2>\n<h4><em>La ce s\u0103 te a\u0219tep\u021bi?<\/em><\/h4>\n<p>We will start this walk in the town of Ojeda, which is famous for its great production of typical Caribbean fruits and vegetables. Along the way, we can taste avocados, oranges, grapefruits, lemons, guavas, mangoes, papayas, sapotes, and soursop!<\/p>\n<p>After 1 hour and a half of climbing, we will reach an impressive point of view over the town of Para\u00edso, the Riosito, and the high mountains of Cachote.<\/p>\n<p>We will continue climbing in a colder and more humid climate until we reach the town of Barrio Nuevo where we will have lunch.<\/p>\n<p>In the afternoon we will cross a magnificent coffee farm on top of the mountain at 800 meters above sea level. Then we will go down for 1 hour until we reach the Riosito gorge where we can bathe in a beautiful natural pool surrounded by the tropical forest.<\/p>\n<p>Continue walking through the Riosito valley to end the day bathing at Paraiso beach.<\/p>\n<h4><em><strong>Ce ar trebui s\u0103 aduci?<\/strong><\/em><\/h4>\n<ul>\n<li>aparat foto<\/li>\n<li>Muguri repelent<\/li>\n<li>lotiune de plaja<\/li>\n<li>Toalet\u0103<\/li>\n<li>P\u0103l\u0103rie<\/li>\n<li>Pantaloni comozi<\/li>\n<li>Pantofi de drume\u021bie pentru p\u0103dure<\/li>\n<li>Sandale \u00een zonele de prim\u0103var\u0103.<\/li>\n<li>\u00cembr\u0103c\u0103minte de \u00eenot<\/li>\n<\/ul>\n<p>&nbsp;<\/p>\n<h4><b><i>Preluare la hotel<\/i><\/b><\/h4>\n<p>Hotel pick-up is offered for this tour. Pickup\/Transportation from your hotel (area of Barahona\/Paraiso\/Los Patos).<\/p>\n<p><b>Not\u0103:<\/b> If you are booking within 24 hours of the tour\/Excursion departure time, we can arrange hotel pick-up. We just pick up in Barahona areas. Once your purchase is complete, we will send you complete contact information (phone number, email address, etc.) for our local Tour guide to organize pick-up arrangements.<\/p>\n<h4><b><i>Confirmare informa\u021bii suplimentare<\/i><\/b><\/h4>\n<ol>\n<li>Biletele sunt Chitan\u021ba dup\u0103 plata acestui Tur. Pute\u021bi afi\u0219a plata pe telefon.<\/li>\n<li>Punctul de \u00eent\u00e2lnire va fi primit dup\u0103 procesul de rezervare.<\/li>\n<li>Copiii trebuie s\u0103 fie \u00eenso\u021bi\u021bi de un adult.<\/li>\n<li>Nu este accesibil cu scaunul cu rotile<\/li>\n<li>Bebelu\u0219ii trebuie s\u0103 stea pe poale<\/li>\n<li>Nu este recomandat c\u0103l\u0103torilor cu probleme de spate<\/li>\n<li>Nu este recomandat c\u0103l\u0103torilor \u00eens\u0103rcinate<\/li>\n<li>F\u0103r\u0103 probleme cardiace sau alte afec\u021biuni medicale grave<\/li>\n<li>Majoritatea c\u0103l\u0103torilor pot participa<\/li>\n<\/ol>\n<h4><b><i>Politica de anulare<\/i><\/b><\/h4>\n<p>For a full refund, cancel at least 72 hours in advance of the start date of the experience. Funds will be lost if the reservation is canceled the same day of the trip.<\/p>\n\n\t\t<\/div>\n\t<\/div>\n<\/div><\/div><\/div><\/div>","protected":false},"excerpt":{"rendered":"<p>Buy a Day Pass Tickets to Bahia las Aguilas from Barahona. Driving through the national park Jaragua and heading to Cabo Rojo, where a boat awaits you. After a 15-minute ride with the boat, you will be reaching the beautiful and isolated Bah\u00eda de las \u00c1guilas, which is considered to be the most beautiful beach in the country. Lunch will be served at the beach and you have the chance to go swimming or just relax on the beach. Enjoy the pristine white sand of this 8 km long beach.<\/p>\n<p>&nbsp;<\/p>\n<p><strong>Select the day for this trip:<\/strong><\/p>","protected":false},"featured_media":11170,"template":"","meta":[],"product_brand":[],"product_cat":[478,135],"product_tag":[479,407,480,481],"class_list":{"0":"post-11073","1":"product","2":"type-product","3":"status-publish","4":"has-post-thumbnail","6":"product_cat-barahona","7":"product_cat-lunch","8":"product_tag-barahona-hiking","9":"product_tag-barahona-tours","10":"product_tag-cachote-tour","11":"product_tag-paraiso-tour","13":"first","14":"instock","15":"sale","16":"sold-individually","17":"shipping-taxable","18":"product-type-external"},"_links":{"self":[{"href":"https:\/\/visitaloshaitises.com\/ro\/wp-json\/wp\/v2\/product\/11073","targetHints":{"allow":["GET"]}}],"collection":[{"href":"https:\/\/visitaloshaitises.com\/ro\/wp-json\/wp\/v2\/product"}],"about":[{"href":"https:\/\/visitaloshaitises.com\/ro\/wp-json\/wp\/v2\/types\/product"}],"wp:featuredmedia":[{"embeddable":true,"href":"https:\/\/visitaloshaitises.com\/ro\/wp-json\/wp\/v2\/media\/11170"}],"wp:attachment":[{"href":"https:\/\/visitaloshaitises.com\/ro\/wp-json\/wp\/v2\/media?parent=11073"}],"wp:term":[{"taxonomy":"product_brand","embeddable":true,"href":"https:\/\/visitaloshaitises.com\/ro\/wp-json\/wp\/v2\/product_brand?post=11073"},{"taxonomy":"product_cat","embeddable":true,"href":"https:\/\/visitaloshaitises.com\/ro\/wp-json\/wp\/v2\/product_cat?post=11073"},{"taxonomy":"product_tag","embeddable":true,"href":"https:\/\/visitaloshaitises.com\/ro\/wp-json\/wp\/v2\/product_tag?post=11073"}],"curies":[{"name":"wp","href":"https:\/\/api.w.org\/{rel}","templated":true}]}}