{"id":11895,"date":"2023-11-20T10:47:47","date_gmt":"2023-11-20T10:47:47","guid":{"rendered":"https:\/\/haitises.com\/?page_id=11895"},"modified":"2023-11-20T10:59:11","modified_gmt":"2023-11-20T10:59:11","slug":"land-for-sale-in-samana-samana-land-for-sale","status":"publish","type":"page","link":"https:\/\/visitaloshaitises.com\/ro\/teren-de-vanzare-in-samana-samana-teren-de-vanzare\/","title":{"rendered":"teren de vanzare in samana samana teren de vanzare"},"content":{"rendered":"<details class=\"wp-block-details is-layout-flow wp-block-details-is-layout-flow\"><summary>Teren de Vanzare in Saman\u00e1 \u2013 Teren de Vanzare Samana<br>Samana Real Estate<br>Teren Samana de Vanzare<br>TERENURI de v\u00e2nzare \u00een Saman\u00e1, Republica Dominican\u0103. Vizualiza\u021bi fotografii \u0219i detalii privind listarea Saman\u00e1, Aten\u021bie Investitori, Dezvoltatori de terenuri interesa\u021bi de REPUBLICA DOMINICANA.<br>Dac\u0103 sunte\u021bi \u00een c\u0103utarea de terenuri de cump\u0103rat \u00een Samana. Numele meu este Misael Calcano. Am pu\u021bine Terenuri de v\u00e2nzare de la familia mea cu toate actele. Terenuri legale \u00een fa\u021ba plajei \u0219i, de asemenea, cu vedere uimitoare la ocean. Sim\u021bi\u021bi-v\u0103 liber s\u0103 m\u0103 contacta\u021bi prin whatsapp:\u00a0<a href=\"callto:+18097206035\">+1-809-720-6035<\/a>.<br><br>Investe\u0219te \u00een Samana<br>De ce s\u0103 investe\u0219ti \u00een Samana Republica Dominican\u0103?<br>Saman\u00e1 este o destina\u021bie cu plaje aurii nesf\u00e2r\u0219ite, ape turcoaz \u0219i palmieri de cocos care se leg\u0103n\u0103 \u00eentr-un orizont verde, ritmuri caraibiene, rom \u0219i bere. Un ora\u0219 de oameni dr\u0103gu\u021bi \u0219i un umor molipsitor, unde totul este relaxat \u0219i calm.<br>\u00cen Saman\u00e1 stresul nu exist\u0103.Oamenii care locuiesc aici se bucur\u0103 de plaj\u0103 \u0219i de m\u00e2nc\u0103ruri preparate pe baz\u0103 de fructe de mare proaspete aduse de pescari pe malul plajei.<br>Dac\u0103 visul t\u0103u a fost \u00eentotdeauna s\u0103 tr\u0103ie\u0219ti \u00een paradis, \u00een Saman\u00e1 au fost construite recent mai multe proiecte, unele \u00een construc\u021bie \u0219i altele deja terminate unde \u00ee\u021bi po\u021bi g\u0103si urm\u0103toarea cas\u0103.<br>G\u0103si\u021bi o proprietate de v\u00e2nzare \u00een\u00a0<em>Samana<\/em>. Caut\u0103\u00a0<em>imobiliare<\/em>\u00a0\u0219i g\u0103si\u021bi cele mai recente list\u0103ri ale\u00a0<em>Samana<\/em>\u00a0Proprietate de vanzare.<br><br>Loturi Samana de Vanzare<br><br><br>Sim\u021bi\u021bi-v\u0103 liber s\u0103 m\u0103 contacta\u021bi prin whatsapp:\u00a0<a href=\"callto:+18097206035\">+1-809-720-6035<\/a>.<br><br>Loturi \u0219i Ferme Samana<br><br><br>Sim\u021bi\u021bi-v\u0103 liber s\u0103 m\u0103 contacta\u021bi prin whatsapp:\u00a0<a href=\"callto:+18097206035\">+1-809-720-6035<\/a>.<br><br>Loturi de v\u00e2nzare Samana Ocean View<br><br><br>Sim\u021bi\u021bi-v\u0103 liber s\u0103 m\u0103 contacta\u021bi prin whatsapp:\u00a0<a href=\"callto:+18097206035\">+1-809-720-6035<\/a>.<br><br>Proprietate de vanzare pe plaja Samana<br><br><br>Sim\u021bi\u021bi-v\u0103 liber s\u0103 m\u0103 contacta\u021bi prin whatsapp:\u00a0<a href=\"callto:+18097206035\">+1-809-720-6035<\/a>.<br><br><a class=\"\" href=\"https:\/\/www.tourwhales.com\/wp-content\/uploads\/2023\/01\/land-mark-5-1024x567.png\" target=\"_blank\" rel=\"noopener\"><\/a><br><a class=\"\" href=\"https:\/\/www.tourwhales.com\/wp-content\/uploads\/2023\/01\/land-mark-4-1024x545.png\" target=\"_blank\" rel=\"noopener\"><\/a><br><a class=\"\" href=\"https:\/\/www.tourwhales.com\/wp-content\/uploads\/2023\/01\/land-mark-3-1024x571.png\" target=\"_blank\" rel=\"noopener\"><\/a><br><a class=\"\" href=\"https:\/\/www.tourwhales.com\/wp-content\/uploads\/2023\/01\/land-mark-2-1024x540.png\" target=\"_blank\" rel=\"noopener\"><\/a><br><a class=\"\" href=\"https:\/\/www.tourwhales.com\/wp-content\/uploads\/2023\/01\/land-maark-1024x445.png\" target=\"_blank\" rel=\"noopener\"><\/a><br><a class=\"\" href=\"https:\/\/www.tourwhales.com\/wp-content\/uploads\/2023\/01\/beachlimon-lands--1024x608.png\" target=\"_blank\" rel=\"noopener\"><\/a><br><a class=\"\" href=\"https:\/\/www.tourwhales.com\/land-for-sale-in-samana-samana-land-for-sale#\" target=\"_blank\" rel=\"noopener\">1<\/a><br><a class=\"\" href=\"https:\/\/www.tourwhales.com\/land-for-sale-in-samana-samana-land-for-sale#\" target=\"_blank\" rel=\"noopener\">2<\/a><br><a href=\"https:\/\/www.tourwhales.com\/land-for-sale-in-samana-samana-land-for-sale#\" target=\"_blank\" rel=\"noopener\">3<\/a><br><a class=\"\" href=\"https:\/\/www.tourwhales.com\/land-for-sale-in-samana-samana-land-for-sale#\" target=\"_blank\" rel=\"noopener\">4<\/a><br><a class=\"\" href=\"https:\/\/www.tourwhales.com\/land-for-sale-in-samana-samana-land-for-sale#\" target=\"_blank\" rel=\"noopener\">5<\/a><br><a class=\"\" href=\"https:\/\/www.tourwhales.com\/land-for-sale-in-samana-samana-land-for-sale#\" target=\"_blank\" rel=\"noopener\">6<\/a><br><a href=\"https:\/\/www.tourwhales.com\/land-for-sale-in-samana-samana-land-for-sale#\" target=\"_blank\" rel=\"noopener\">Anterior<\/a><br><a href=\"https:\/\/www.tourwhales.com\/land-for-sale-in-samana-samana-land-for-sale#\" target=\"_blank\" rel=\"noopener\">Urm\u0103torul<\/a><br><br><br>Sim\u021bi\u021bi-v\u0103 liber s\u0103 m\u0103 contacta\u021bi prin whatsapp:\u00a0<a href=\"callto:+18097206035\">+1-809-720-6035<\/a>.<\/summary>\n<p><\/p>\n<\/details>","protected":false},"excerpt":{"rendered":"Land for Sale in Saman\u00e1 \u2013 Samana land for SaleSamana Real EstateSamana Land for SaleLANDS for sale in Saman\u00e1, Dominican Republic. View photos and listing details of Saman\u00e1, Attention Investors, Land Developers interested in the DOMINICAN REPUBLIC.If you are looking [...]","protected":false},"author":1,"featured_media":0,"parent":0,"menu_order":0,"comment_status":"closed","ping_status":"closed","template":"","meta":{"footnotes":""},"class_list":["post-11895","page","type-page","status-publish","hentry"],"_links":{"self":[{"href":"https:\/\/visitaloshaitises.com\/ro\/wp-json\/wp\/v2\/pages\/11895","targetHints":{"allow":["GET"]}}],"collection":[{"href":"https:\/\/visitaloshaitises.com\/ro\/wp-json\/wp\/v2\/pages"}],"about":[{"href":"https:\/\/visitaloshaitises.com\/ro\/wp-json\/wp\/v2\/types\/page"}],"author":[{"embeddable":true,"href":"https:\/\/visitaloshaitises.com\/ro\/wp-json\/wp\/v2\/users\/1"}],"replies":[{"embeddable":true,"href":"https:\/\/visitaloshaitises.com\/ro\/wp-json\/wp\/v2\/comments?post=11895"}],"version-history":[{"count":2,"href":"https:\/\/visitaloshaitises.com\/ro\/wp-json\/wp\/v2\/pages\/11895\/revisions"}],"predecessor-version":[{"id":11899,"href":"https:\/\/visitaloshaitises.com\/ro\/wp-json\/wp\/v2\/pages\/11895\/revisions\/11899"}],"wp:attachment":[{"href":"https:\/\/visitaloshaitises.com\/ro\/wp-json\/wp\/v2\/media?parent=11895"}],"curies":[{"name":"wp","href":"https:\/\/api.w.org\/{rel}","templated":true}]}}