{"id":11074,"date":"2021-04-09T10:46:13","date_gmt":"2021-04-09T10:46:13","guid":{"rendered":"https:\/\/haitises.com\/product\/import-placeholder-for-12004\/"},"modified":"2021-08-13T02:36:54","modified_gmt":"2021-08-13T02:36:54","slug":"excursion-whale-watching-cayo-levantado-from-punta-cana-cap-cana-private-tour","status":"publish","type":"product","link":"https:\/\/visitaloshaitises.com\/pt\/privado\/excursion-whale-watching-cayo-levantado-from-punta-cana-cap-cana-private-tour\/","title":{"rendered":"Excurs\u00e3o para observa\u00e7\u00e3o de baleias + Cayo Levantado saindo de Punta Cana\/Cap Cana (tour privado)"},"content":{"rendered":"<div class=\"vc_row wpb_row vc_row-fluid\" ><div class=\"wpb_column vc_column_container vc_col-sm-12\"><div class=\"vc_column-inner\"><div class=\"wpb_wrapper\">\n\t<div class=\"wpb_text_column wpb_content_element\" >\n\t\t<div class=\"wpb_wrapper\">\n\t\t\t<div class=\"vc_row wpb_row vc_row-fluid\">\n<div class=\"wpb_column vc_column_container vc_col-sm-12\">\n<div class=\"vc_column-inner\">\n<div class=\"wpb_wrapper\">\n<div class=\"wpb_text_column wpb_content_element\">\n<div class=\"wpb_wrapper\">\n<h3>Excursion Whale Watching + Cayo Levantado from Punta Cana\/Cap Cana ( Private Tour )<\/h3>\n<p>Whale watching in Samana bay starting from Punta Cana\/Cap Cana hotels in Private transportation. This Trip starts between 6:00 &#8211; 8:00 Am and finishes around 7:00 Pm. After aborting our boat to visit the Whales in their own habitat. After this Whale trip we will visit Bacardi Island \/ Cayo Levantado (optional). In Bacardi Island, Lunch Buffet from a typical Dominican Style will be provided. When lunch is finished you are allowed to swim until 4:00 pm. Tour will be finished at the same port from where it will start at 5:00 pm. After this, we take you back to your hotel.<\/p>\n<p>Note: This is a Private Tour with a minimum payment of 540 USD. If you are less then 4 people, please contact us and we will send you a link where you can book this Tour. <strong><em>To join a group for whale watching with pick up in your hotel please<\/em> <\/strong><a href=\"https:\/\/www.ticketswhales.com\/Tours-Excursions\/tours-excursions-samana-bay-dominican-republic\/whale-watching-2020-in-punta-cana-to-samana-bay-cayo-levantado-bacardi-island-from-hotels\/\" target=\"_blank\" rel=\"noopener\">CLIQUE AQUI.<\/a><\/p>\n<ul>\n<li>Whale Watching Private trip<\/li>\n<li>Taxas de entrada no Observat\u00f3rio<\/li>\n<li>Inclui almo\u00e7o buffet na praia<\/li>\n<li>Private Transfer from Hotels<\/li>\n<li>Private Boat Transfer<\/li>\n<li>O capit\u00e3o fornece instru\u00e7\u00e3o e supervis\u00e3o<\/li>\n<li>Guia tur\u00edstico<\/li>\n<\/ul>\n<p>&nbsp;<\/p>\n<h4><b>Inclus\u00f5es e Exclus\u00f5es<\/b><\/h4>\n<p>&nbsp;<\/p>\n<p><b>Inclus\u00f5es<\/b><\/p>\n<ol>\n<li>Almo\u00e7o buffet na praia<\/li>\n<li>Guia tur\u00edstico<\/li>\n<li>Carro de transfer\u00eancia<\/li>\n<li>Passeio de barco<\/li>\n<li>Todos os impostos, taxas e encargos de manuseio<\/li>\n<li>Impostos locais<\/li>\n<li>Bebidas<\/li>\n<\/ol>\n<p><b>Exclus\u00f5es<\/b><\/p>\n<ol>\n<li>Gorjetas<\/li>\n<li>Bebidas Alco\u00f3licas<\/li>\n<\/ol>\n<p>&nbsp;<\/p>\n<h4><em><strong>Partida e Retorno<\/strong><\/em><\/h4>\n<p>The traveler will get a meeting point after the Reservation Process. Tours start and finished at the meeting point.<\/p>\n<p>&nbsp;<\/p>\n<h4><b><i>O que esperar?<\/i><\/b><\/h4>\n<p>&nbsp;<\/p>\n<p><em><strong>Obtenha seus ingressos<\/strong><\/em> for a day Whale Watching private from Cap Cana to Samana bay, plus a wonderful lunch and beach time.<\/p>\n<p>O Daypass para a observa\u00e7\u00e3o de cet\u00e1ceos, organizado pela \"Booking Adventures\", come\u00e7a no ponto de encontro marcado com o guia tur\u00edstico. Almo\u00e7o na praia e pode ficar o tempo que quiser a nadar. Se for Vegan tamb\u00e9m podemos preparar comida para si.<\/p>\n<p><strong>Calend\u00e1rio:<\/strong><\/p>\n<p>Flexible<\/p>\n<p>&nbsp;<\/p>\n<h4><em><strong>O que voc\u00ea deve trazer?<\/strong><\/em><\/h4>\n<ul>\n<li>C\u00e2mera<\/li>\n<li>Bot\u00f5es repelentes<\/li>\n<li>Creme solar<\/li>\n<li>Chap\u00e9u<\/li>\n<li>Cal\u00e7as confort\u00e1veis<\/li>\n<li>Sand\u00e1lias para a praia<\/li>\n<li>Roupa de nata\u00e7\u00e3o<\/li>\n<li>Dinheiro para lembran\u00e7as<\/li>\n<\/ul>\n<p>&nbsp;<\/p>\n<h4><b><i>Recolha no hotel<\/i><\/b><\/h4>\n<p>Hotel pick-up is included for this tour. We Pick up in any hotel in Punta Cana\/ Cap Cana area.<\/p>\n<p>&nbsp;<\/p>\n<p><b>N\u00e3o te:<\/b> Se a reserva for efectuada no prazo de 24 horas antes da hora de partida da excurs\u00e3o, podemos organizar o servi\u00e7o de recolha no hotel. Assim que a sua compra estiver conclu\u00edda, enviar-lhe-emos informa\u00e7\u00f5es de contacto completas (n\u00famero de telefone, endere\u00e7o de e-mail, etc.) para que o nosso guia tur\u00edstico local possa organizar o transporte.<\/p>\n<h4><b><i>Confirma\u00e7\u00e3o de informa\u00e7\u00f5es adicionais<\/i><\/b><\/h4>\n<ol>\n<li>Os ingressos s\u00e3o o recibo ap\u00f3s o pagamento deste passeio. Voc\u00ea pode mostrar o pagamento no seu telefone.<\/li>\n<li>O ponto de encontro ser\u00e1 recebido ap\u00f3s o processo de reserva.<\/li>\n<li>As crian\u00e7as devem estar acompanhadas por um adulto.<\/li>\n<li>Acess\u00edvel a cadeiras de rodas<\/li>\n<li>Os beb\u00eas devem sentar-se no colo<\/li>\n<li>A maioria dos viajantes pode participar<\/li>\n<\/ol>\n<h4><b><i>Pol\u00edtica de cancelamento<\/i><\/b><\/h4>\n<p>Para obter um reembolso total, cancele com pelo menos 24 horas de anteced\u00eancia da data de in\u00edcio da experi\u00eancia.<\/p>\n<\/div>\n<\/div>\n<\/div>\n<\/div>\n<\/div>\n<\/div>\n<div class=\"vc_row wpb_row vc_row-fluid\">\n<div class=\"wpb_column vc_column_container vc_col-sm-12\">\n<div class=\"vc_column-inner\">\n<div class=\"wpb_wrapper\">\n<div class=\"wpb_text_column wpb_content_element\">\n<div class=\"wpb_wrapper\">\n<h4>Contate-nos?<\/h4>\n<h5><b><i>EXCURS\u00c3O \u00c0S BALEIAS DE SAMANA<\/i><\/b><\/h5>\n<p><em><strong>Moradores<\/strong>\u00a0e\u00a0<strong>Nacionais<\/strong>\u00a0Guias tur\u00edsticos e servi\u00e7os aos h\u00f3spedes<\/em><\/p>\n<p><span class=\"text-turquoise\">Reservas:<\/span>\u00a0Passeios e excurs\u00f5es em Dom. Rep.<\/p>\n<p><img decoding=\"async\" class=\"emoji\" draggable=\"false\" src=\"https:\/\/s.w.org\/images\/core\/emoji\/11.2.0\/svg\/1f4de.svg\" alt=\"\ud83d\udcde\" \/>\u00a0Tel\/WhatsApp\u00a0\u00a0<a href=\"tel:+1-809-720-6035\">+1-809-720-6035<\/a>.<\/p>\n<p><img decoding=\"async\" class=\"emoji\" draggable=\"false\" src=\"https:\/\/s.w.org\/images\/core\/emoji\/11.2.0\/svg\/1f4e9.svg\" alt=\"\ud83d\udce9\" \/>\u00a0<a href=\"mailto:info@bookingadventures.com.do\">info@bookingadventures.com.do<\/a><\/p>\n<p><strong>Somos Tours Privados com Configura\u00e7\u00e3o Flex\u00edvel pelo Whatsapp:\u00a0<a href=\"tel:+18097206035\">+18097206035.<\/a><\/strong><\/p>\n<\/div>\n<\/div>\n<\/div>\n<\/div>\n<\/div>\n<\/div>\n\n\t\t<\/div>\n\t<\/div>\n<\/div><\/div><\/div><\/div>","protected":false},"excerpt":{"rendered":"<p>Book your trip for a Whale watching experience starting from Cap Cana on a Private trip With professionals ecologist tour Guides. If you will like to contact us for advice just email, Whatsapp or Calling is available.\u00a0 Please book with time your tickets. In the whales season are many bookings and we will like to have your tickets safe for you.<\/p>\n<p>Note: This is a Private Tour with a minimum payment of 540 USD. If you are less then 4 people, please contact us and we will send you a link where you can book this Tour. To join a group for whale watching with pick up in your hotel please <a href=\"https:\/\/www.ticketswhales.com\/Tours-Excursions\/tours-excursions-samana-bay-dominican-republic\/whale-watching-2020-in-punta-cana-to-samana-bay-cayo-levantado-bacardi-island-from-hotels\/\">CLIQUE AQUI.<\/a><\/p>\n<p><strong>Please note<\/strong>: <em>Infants<\/em> (0 \u2013 23 months) free of charge, <em>Children<\/em> (2 \u2013 10 <em>years<\/em>)<\/p>\n<p><em><strong>Seleccione a data da excurs\u00e3o:<\/strong><\/em><\/p>","protected":false},"featured_media":11179,"template":"","meta":[],"product_brand":[],"product_cat":[482,483,484,485],"product_tag":[260,486,487,142,488,271,489,393,490,234,236,395,491],"class_list":{"0":"post-11074","1":"product","2":"type-product","3":"status-publish","4":"has-post-thumbnail","6":"product_cat-cap-cana-whale-watching","7":"product_cat-outdoor-activities","8":"product_cat-water-activities","9":"product_cat-whale-watching","10":"product_tag-day-trip-punta-cana","11":"product_tag-private-punta-cana","12":"product_tag-punta-cana-whale-watching","13":"product_tag-samana","14":"product_tag-samana-tour","15":"product_tag-samana-whale-watching","16":"product_tag-whale","17":"product_tag-whale-punta-cana","18":"product_tag-whale-sabana-de-la-mar","19":"product_tag-whale-samana","20":"product_tag-whale-watching-dominican-republic","21":"product_tag-whale-watching-punta-cana","22":"product_tag-whales-trips","24":"first","25":"instock","26":"sale","27":"featured","28":"virtual","29":"sold-individually","30":"purchasable","31":"product-type-simple"},"_links":{"self":[{"href":"https:\/\/visitaloshaitises.com\/pt\/wp-json\/wp\/v2\/product\/11074","targetHints":{"allow":["GET"]}}],"collection":[{"href":"https:\/\/visitaloshaitises.com\/pt\/wp-json\/wp\/v2\/product"}],"about":[{"href":"https:\/\/visitaloshaitises.com\/pt\/wp-json\/wp\/v2\/types\/product"}],"wp:featuredmedia":[{"embeddable":true,"href":"https:\/\/visitaloshaitises.com\/pt\/wp-json\/wp\/v2\/media\/11179"}],"wp:attachment":[{"href":"https:\/\/visitaloshaitises.com\/pt\/wp-json\/wp\/v2\/media?parent=11074"}],"wp:term":[{"taxonomy":"product_brand","embeddable":true,"href":"https:\/\/visitaloshaitises.com\/pt\/wp-json\/wp\/v2\/product_brand?post=11074"},{"taxonomy":"product_cat","embeddable":true,"href":"https:\/\/visitaloshaitises.com\/pt\/wp-json\/wp\/v2\/product_cat?post=11074"},{"taxonomy":"product_tag","embeddable":true,"href":"https:\/\/visitaloshaitises.com\/pt\/wp-json\/wp\/v2\/product_tag?post=11074"}],"curies":[{"name":"wp","href":"https:\/\/api.w.org\/{rel}","templated":true}]}}