{"id":10912,"date":"2020-07-18T23:40:25","date_gmt":"2020-07-18T23:40:25","guid":{"rendered":"https:\/\/haitises.com\/?post_type=product&#038;p=10912"},"modified":"2024-04-15T18:53:20","modified_gmt":"2024-04-15T18:53:20","slug":"excursion-isla-saona-desde-punta-cana-piscina-natural","status":"publish","type":"product","link":"https:\/\/visitaloshaitises.com\/pt\/privado\/excursion-isla-saona-desde-punta-cana-piscina-natural\/","title":{"rendered":"Excurs\u00e3o \u00e0 Ilha Saona saindo de Punta Cana \u2013 Piscina Natural"},"content":{"rendered":"<div class=\"vc_row wpb_row vc_row-fluid\" ><div class=\"wpb_column vc_column_container vc_col-sm-12\"><div class=\"vc_column-inner\"><div class=\"wpb_wrapper\">[mkdf_section_title title_tag=\u00bb\u00bb disable_break_words=\u00bbno\u00bb subtitle_tag=\u00bb\u00bb text_font_weight=\u00bb\u00bb title=\u00bbTour Isla Saona desde Punta Cana &#8211; Excursi\u00f3n Piscina Natural\u00bb subtitle=\u00bbDesde los hoteles de Punta Cana\u00bb text=\u00bbNota: Este recorrido comienza a las 7:00 am. Dependiendo de donde est\u00e9, el horario de recogida de los hoteles, puede cambiar. Costo adicional para recoger en \u00e1reas no incluidas en nuestra descripci\u00f3n.\u00bb]<\/div><\/div><\/div><\/div><div class=\"vc_row wpb_row vc_row-fluid\" ><div class=\"wpb_column vc_column_container vc_col-sm-12\"><div class=\"vc_column-inner\"><div class=\"wpb_wrapper\"><div class=\"vc_empty_space\"   style=\"height: 32px\"><span class=\"vc_empty_space_inner\"><\/span><\/div><\/div><\/div><\/div><\/div><div class=\"vc_row wpb_row vc_row-fluid\" ><div class=\"wpb_column vc_column_container vc_col-sm-12\"><div class=\"vc_column-inner\"><div class=\"wpb_wrapper\">\n\t<div class=\"wpb_text_column wpb_content_element\" >\n\t\t<div class=\"wpb_wrapper\">\n\t\t\t<h3>Descri\u00e7\u00e3o<\/h3>\n<p>Esta excursi\u00f3n lo lleva a las playas de Isla Saona desde Punta Cana en un autob\u00fas a la comunidad de Bayahibe, almuerza en la isla y se detiene en las piscinas naturales de Saona. Disfrutando de la hermosa costa del sureste de la Rep\u00fablica Dominicana, donde despu\u00e9s de tomar el bote \u00abCatamar\u00e1n\u00bb navegar\u00e1 por la costa observando las diferentes playas, paisajes, manglares y formaciones de piedra caliza.<\/p>\n<p>Para llegar a la isla se tarda unos 45 minutos y durante el recorrido tiene la posibilidad de ver a Mano Juan, la \u00fanica comunidad establecida en la isla, en este mismo lugar tiene la posibilidad de almorzar, en caso de que no llegue a Mano Juan, visitar\u00e1s playas \u00fanicas en la zona y almorzar\u00e1s junto a la playa, tambi\u00e9n tendr\u00e1s la oportunidad de bucear en la isla.<br \/>\nEn el camino de regreso, hay una \u00faltima parada en las piscinas naturales, otro de los lugares majestuosos de Isla Saona que disfrutar\u00e1 una hora antes de regresar a la comunidad de Bayahibe.<\/p>\n<ul>\n<li>Inclui almo\u00e7o buffet na praia.<\/li>\n<li>Tour en bus desde Punta Cana<\/li>\n<li>Piscina natural<\/li>\n<li>Traslado en barco o catamar\u00e1n<\/li>\n<li>O capit\u00e3o d\u00e1 instru\u00e7\u00f5es e supervisiona.<\/li>\n<\/ul>\n<h3>Inclus\u00f5es e exclus\u00f5es<\/h3>\n<h4>Inclus\u00f5es<\/h4>\n<ol>\n<li>Viaje en barco o catamar\u00e1n<\/li>\n<li>Almuerzo buffet en la playa.<\/li>\n<li>Piscina natural<\/li>\n<li>Transporte<\/li>\n<li>Todos os impostos, taxas e despesas de manuseamento<\/li>\n<li>Impostos locais<\/li>\n<li>Bebidas<\/li>\n<\/ol>\n<h4>Exclus\u00f5es<\/h4>\n<ol>\n<li>Propina<\/li>\n<li>Guia local<\/li>\n<\/ol>\n<h3><em>Partida e retorno<\/em><\/h3>\n<p>O viajante receber\u00e1 um ponto de encontro ap\u00f3s o processo de reserva. Os passeios come\u00e7am e terminam em nossos pontos de encontro.<\/p>\n<h3><em>Que esperar?<\/em><\/h3>\n<p>Obtenga sus boletos para un pase de un d\u00eda en la Isla Saona en Bayahibe a partir de Punta Cana, adem\u00e1s de un maravilloso almuerzo y tiempo en la playa.<\/p>\n<p>El Pasa d\u00eda, organizado por \u00abBooking Adventures\u00bb comienza en el punto de encuentro establecido con el gu\u00eda tur\u00edstico. Transporte y almuerzo en la playa y puedes quedarte todo el tiempo que quieras nadando.<\/p>\n<p>Si eres vegano, \u00a1tambi\u00e9n podemos prepararte algo de comida!<\/p>\n<p>Hor\u00e1rio:<\/p>\n<p>7:00 AM &#8211; 7:00 PM &#8230; Cambio de hora dependiendo de d\u00f3nde se encuentre en Punta Cana.<\/p>\n<h3><em>O que voc\u00ea deve trazer?<\/em><\/h3>\n<ul>\n<li>C\u00e2mera<\/li>\n<li>Repelentes<\/li>\n<li>creme solar<\/li>\n<li>Chap\u00e9u<\/li>\n<li>Cal\u00e7as confort\u00e1veis<\/li>\n<li>Sapatos de caminhada na floresta<\/li>\n<li>Sand\u00e1lias para a praia<\/li>\n<li>Traje de banho<\/li>\n<li>Dinheiro para lembran\u00e7as<\/li>\n<\/ul>\n<h3><em>Recolha no hotel<\/em><\/h3>\n<p>\u00a1Se ofrece recogida de viajeros!<\/p>\n<p>Recogemos de todos los hoteles en Punta Cana. La ubicaci\u00f3n de recogida es el vest\u00edbulo del hotel<br \/>\nSi se hospeda en un condominio en el \u00e1rea, lo recogeremos en el condominio o en la entrada del resort m\u00e1s cercano. Configuramos Recoger contactando con nosotros por Whatsapp.<\/p>\n<p><strong>Observa\u00e7\u00e3o:<\/strong> Si realiza la reserva dentro de las 24 horas de la hora de salida del tour \/ excursi\u00f3n, podemos organizar la recogida en el hotel. Una vez que se complete su compra, le enviaremos informaci\u00f3n de contacto completa (n\u00famero de tel\u00e9fono, direcci\u00f3n de correo electr\u00f3nico, etc.) para que nuestro gu\u00eda tur\u00edstico local organice los arreglos de recogida.<\/p>\n<h3><em>Confirma\u00e7\u00e3o de informa\u00e7\u00f5es adicionais<\/em><\/h3>\n<ol>\n<li>Os ingressos s\u00e3o o Recibo ap\u00f3s o pagamento deste Tour. Voc\u00ea pode mostrar o pagamento no seu telefone.<\/li>\n<li>O ponto de encontro ser\u00e1 recebido ap\u00f3s o processo de reserva.<\/li>\n<li>As crian\u00e7as devem estar acompanhadas por um adulto.<\/li>\n<li>Acesible para sillas de ruedas<\/li>\n<li>Os beb\u00e9s devem sentar-se ao colo<\/li>\n<li>A maioria dos viajantes pode participar.<\/li>\n<\/ol>\n<h3><em>Pol\u00edtica de cancelamento<\/em><\/h3>\n<p>Para obter um reembolso total, cancele pelo menos 24 horas antes da data de in\u00edcio da experi\u00eancia.<\/p>\n\n\t\t<\/div>\n\t<\/div>\n<\/div><\/div><\/div><\/div><div class=\"vc_row wpb_row vc_row-fluid\" ><div class=\"wpb_column vc_column_container vc_col-sm-12\"><div class=\"vc_column-inner\"><div class=\"wpb_wrapper\"><div class=\"vc_empty_space\"   style=\"height: 32px\"><span class=\"vc_empty_space_inner\"><\/span><\/div>\n\t<div class=\"wpb_text_column wpb_content_element\" >\n\t\t<div class=\"wpb_wrapper\">\n\t\t\t<h3>Cont\u00e1ctenos<\/h3>\n<h5>Reserva de Aventuras<\/h5>\n<p><em>Guias tur\u00edsticos <strong>Instala\u00e7\u00f5es<\/strong> e <strong>nacional<\/strong> e servi\u00e7os aos h\u00f3spedes<\/em><\/p>\n<p>Reservas: Passeios e Excurs\u00f5es em Dom. Rep.<\/p>\n<p>Tel\/WhatsApp +1-809-720-6035.<\/p>\n<p>info@bookingadventures.com.do<\/p>\n<p>Somos flexibles Configurando tours privados por<strong>\u00a0Whatsapp: <a href=\"tel:+18097206035\">+18097206035.<\/a><\/strong><\/p>\n\n\t\t<\/div>\n\t<\/div>\n<div class=\"vc_empty_space\"   style=\"height: 32px\"><span class=\"vc_empty_space_inner\"><\/span><\/div>\n\t<div class=\"wpb_video_widget wpb_content_element vc_clearfix   vc_video-aspect-ratio-169 vc_video-el-width-100 vc_video-align-left\" >\n\t\t<div class=\"wpb_wrapper\">\n\t\t\t<h2 class=\"wpb_heading wpb_video_heading\">Saona Island Tours &amp; Excursions Video:<\/h2>\n\t\t\t<div class=\"wpb_video_wrapper\"><iframe loading=\"lazy\" title=\"Saola Island Full day by Booking Adventures, Travel Dominican Republic\" width=\"1100\" height=\"619\" src=\"https:\/\/www.youtube.com\/embed\/sas91N4zMHo?feature=oembed\" frameborder=\"0\" allow=\"accelerometer; autoplay; encrypted-media; gyroscope; picture-in-picture\" allowfullscreen><\/iframe><\/div>\n\t\t<\/div>\n\t<\/div>\n<div class=\"vc_empty_space\"   style=\"height: 32px\"><span class=\"vc_empty_space_inner\"><\/span><\/div><\/div><\/div><\/div><\/div><div class=\"vc_row wpb_row vc_row-fluid\" ><div class=\"wpb_column vc_column_container vc_col-sm-12\"><div class=\"vc_column-inner\"><div class=\"wpb_wrapper\"><\/div><\/div><\/div><\/div>","protected":false},"excerpt":{"rendered":"<p>Un pasa d\u00eda a la isla Saona desde el puerto de Bayahibe. Almuerzo y piscinas naturales incluidas. En caso de necesidad traslado desde cualquier parte de la Rep\u00fablica Dominicana. Solo cont\u00e1ctenos y tengamos la mejor experiencia en la Isla Saona.<\/p>\n<p><strong>Seleccione a data da visita:<\/strong><\/p>","protected":false},"featured_media":159,"template":"","meta":[],"product_brand":[],"product_cat":[227,164,122,443],"product_tag":[165,166,167,168,169,141,228,170,229,171,172,173,230,231,174,175],"class_list":{"0":"post-10912","1":"product","2":"type-product","3":"status-publish","4":"has-post-thumbnail","6":"product_cat-saona-island","7":"product_cat-saona-island-tour-excursion","8":"product_cat-tours-and-excursions","9":"product_cat-tours-y-excursiones-es","10":"product_tag-all-inclusive-trip-to-saona-island-by-speedboat-catamaran","11":"product_tag-bayahibe","12":"product_tag-catamaran","13":"product_tag-how-to-get-to-saona-island","14":"product_tag-isla-saona","15":"product_tag-punta-cana","16":"product_tag-punta-cana-tours","17":"product_tag-saona","18":"product_tag-saona-from-punta-cana","19":"product_tag-saona-island","20":"product_tag-saona-island-excursion","21":"product_tag-saona-island-hotels","22":"product_tag-saona-island-natural-pool","23":"product_tag-saona-island-private-tour","24":"product_tag-saona-island-snorkeling","25":"product_tag-saona-island-tour","27":"first","28":"instock","29":"sale","30":"featured","31":"sold-individually","32":"shipping-taxable","33":"product-type-external"},"_links":{"self":[{"href":"https:\/\/visitaloshaitises.com\/pt\/wp-json\/wp\/v2\/product\/10912","targetHints":{"allow":["GET"]}}],"collection":[{"href":"https:\/\/visitaloshaitises.com\/pt\/wp-json\/wp\/v2\/product"}],"about":[{"href":"https:\/\/visitaloshaitises.com\/pt\/wp-json\/wp\/v2\/types\/product"}],"wp:featuredmedia":[{"embeddable":true,"href":"https:\/\/visitaloshaitises.com\/pt\/wp-json\/wp\/v2\/media\/159"}],"wp:attachment":[{"href":"https:\/\/visitaloshaitises.com\/pt\/wp-json\/wp\/v2\/media?parent=10912"}],"wp:term":[{"taxonomy":"product_brand","embeddable":true,"href":"https:\/\/visitaloshaitises.com\/pt\/wp-json\/wp\/v2\/product_brand?post=10912"},{"taxonomy":"product_cat","embeddable":true,"href":"https:\/\/visitaloshaitises.com\/pt\/wp-json\/wp\/v2\/product_cat?post=10912"},{"taxonomy":"product_tag","embeddable":true,"href":"https:\/\/visitaloshaitises.com\/pt\/wp-json\/wp\/v2\/product_tag?post=10912"}],"curies":[{"name":"wp","href":"https:\/\/api.w.org\/{rel}","templated":true}]}}