{"id":59,"date":"2020-06-14T11:56:47","date_gmt":"2020-06-14T11:56:47","guid":{"rendered":"https:\/\/haitises.com\/product\/import-placeholder-for-9231\/"},"modified":"2024-04-24T04:52:02","modified_gmt":"2024-04-24T04:52:02","slug":"el-limon-waterfall-and-bacardi-island-cayo-levantado-tour-from-punta-cana-hotels","status":"publish","type":"product","link":"https:\/\/visitaloshaitises.com\/pl\/private\/wodospad-el-limon-i-wycieczka-na-wyspe-bacardi-cayo-podniesione-z-hoteli-w-punta-cana\/","title":{"rendered":"Wycieczka do wodospadu El Limon i wyspy Bacardi (Cayo Levantado) z hoteli w Punta Cana"},"content":{"rendered":"<div class=\"vc_row wpb_row vc_row-fluid\" ><div class=\"wpb_column vc_column_container vc_col-sm-12\"><div class=\"vc_column-inner\"><div class=\"wpb_wrapper\"><div class=\"mkdf-section-title-holder\" style=\"text-align: left\">\n\t<div class=\"mkdf-st-inner\">\n\t\t\t\t\t<h5 class=\"mkdf-st-subtitle\" >\n\t\t\t\t(Odbi\u00f3r w Punta Cana)\t\t\t<\/h5>\n\t\t\t\t\t\t\t<h3 class=\"mkdf-st-title\" >\n\t\t\t\tWodospad El Limon i wyspa Bacardi z hoteli w Punta Cana\t\t\t<\/h3>\n\t\t\t\t\t<\/div>\n<\/div><\/div><\/div><\/div><\/div><div class=\"vc_row wpb_row vc_row-fluid\" ><div class=\"wpb_column vc_column_container vc_col-sm-12\"><div class=\"vc_column-inner\"><div class=\"wpb_wrapper\">\n\t<div class=\"wpb_text_column wpb_content_element\" >\n\t\t<div class=\"wpb_wrapper\">\n\t\t\t<h4><b><i>Przegl\u0105d <\/i><\/b><\/h4>\n<p>Je\u015bli jeste\u015b w Punta Cana lub Bavaro, szukasz jednodniowej wycieczki za mniej ni\u017c zwykle. Zarezerwuj t\u0119 wycieczk\u0119 z odbiorem z Twojego hotelu w Punta Cana.Autobus zabierze Ci\u0119 do Sabana de la Mar, gdzie pop\u0142yniemy katamaranem przez zatok\u0119 Samana. Odwiedzanie spo\u0142eczno\u015bci Samana na Safari, aby dotrze\u0107 do spo\u0142eczno\u015bci El Lim\u00f3n, jazda konna lub piesza w\u0119dr\u00f3wka do wodospad\u00f3w po przekroczeniu zatoki Samana i czas Luch na wyspie Bacardi. Ta podr\u00f3\u017c rozpoczyna si\u0119 o 6:00 i ko\u0144czy o 18:30.<\/p>\n<p>Po tym do\u015bwiadczeniu wr\u00f3cisz do hotelu.<\/p>\n<ul>\n<li style=\"font-weight: 400;\">Op\u0142aty wliczone w cen\u0119<\/li>\n<li>W cen\u0119 wliczony lunch na pla\u017cy<\/li>\n<li>Transfer wliczony w cen\u0119<\/li>\n<li style=\"font-weight: 400;\"><span style=\"font-weight: 400;\">Przewodnik zapewnia instrukcje i nadz\u00f3r<\/span><\/li>\n<\/ul>\n<p>&nbsp;<\/p>\n<h4><b>W\u0142\u0105czenia i wy\u0142\u0105czenia<\/b><\/h4>\n<p>&nbsp;<\/p>\n<p><b>W\u0142\u0105czenia<\/b><\/p>\n<p>&nbsp;<\/p>\n<ol>\n<li style=\"font-weight: 400;\">odbi\u00f3r z hotelu<\/li>\n<li style=\"font-weight: 400;\">Zatoka Samany<\/li>\n<li>Wyspa Bacardi, pla\u017ca i lunch<\/li>\n<li>Safari do El Limon<\/li>\n<li>Jazda konna lub piesze w\u0119dr\u00f3wki do wodospad\u00f3w<\/li>\n<li>Koktajle Dominika\u0144skie<\/li>\n<li style=\"font-weight: 400;\"><span style=\"font-weight: 400;\">Wszystkie podatki, op\u0142aty i op\u0142aty manipulacyjne<\/span><\/li>\n<li style=\"font-weight: 400;\"><span style=\"font-weight: 400;\">Podatki lokalne<\/span><\/li>\n<li style=\"font-weight: 400;\"><span style=\"font-weight: 400;\">Napoje<\/span><\/li>\n<li style=\"font-weight: 400;\"><span style=\"font-weight: 400;\">Wszystkie dzia\u0142ania<\/span><\/li>\n<li style=\"font-weight: 400;\"><span style=\"font-weight: 400;\">Lokalny przewodnik<\/span><\/li>\n<\/ol>\n<p><b> Wy\u0142\u0105czenia<\/b><\/p>\n<ol>\n<li style=\"font-weight: 400;\"><span style=\"font-weight: 400;\">Gratyfikacje<\/span><\/li>\n<li style=\"font-weight: 400;\"><span style=\"font-weight: 400;\">Napoje alkoholowe po koktajlach\u00a0<\/span><\/li>\n<\/ol>\n<p>&nbsp;<\/p>\n<h4><em><strong>Wylot i powr\u00f3t<\/strong><\/em><\/h4>\n<p><span style=\"font-weight: 400;\">Podr\u00f3\u017cny otrzyma miejsce spotkania po zako\u0144czeniu procesu rezerwacji. Wycieczki rozpoczynaj\u0105 si\u0119 i ko\u0144cz\u0105 w naszych punktach spotka\u0144.<\/span><\/p>\n<p>&nbsp;<\/p>\n<h4><b><i>Czego si\u0119 spodziewa\u0107?<\/i><\/b><\/h4>\n<p>&nbsp;<\/p>\n<p><em><strong>Zdob\u0105d\u017a bilety<\/strong><\/em> za zwiedzanie wodospad\u00f3w podczas jazdy konnej lub pieszych w\u0119dr\u00f3wek, safari Saman\u00e1, p\u0142ywanie w naturalnych \u017ar\u00f3d\u0142ach przy wodospadach, lunch na wyspie Bacardi oraz czas na pla\u017c\u0119.<\/p>\n<p>Startuj\u0105c z Punta Cana autobusem pojedziemy do portu w zatoce Samana. W porcie wsiadamy na \u0142\u00f3d\u017a lub katamaran z lokalnym przewodnikiem i mijamy zatok\u0119 Saman\u00e1 do spo\u0142eczno\u015bci Saman\u00e1. Wybierz si\u0119 na safari z lokalnym przewodnikiem, aby porozmawia\u0107 o historii Samany, a\u017c dotrzesz do spo\u0142eczno\u015bci El Limon. W gminie El Lim\u00f3n rozpoczynamy w\u0119dr\u00f3wk\u0119 lub jazd\u0119 konn\u0105 przez las wodospad\u00f3w El Limon do wodospad\u00f3w El Lim\u00f3n. Gdzie po przyje\u017adzie b\u0119dziemy mogli pop\u0142ywa\u0107! Po powrocie do Safari, aby uda\u0107 si\u0119 do portu Samana. Odwied\u017a wysp\u0119 Bacardi, aby zje\u015b\u0107 lunch na pla\u017cy i pop\u0142ywa\u0107 na jednej z najpi\u0119kniejszych wysp Dominikany.<\/p>\n<p>Je\u015bli spodoba Ci si\u0119 ta podr\u00f3\u017c na d\u0142u\u017cej lub kr\u00f3cej, skontaktuj si\u0119 z nami\u2026<\/p>\n<p>&nbsp;<\/p>\n<p>&nbsp;<\/p>\n<h4><em><strong>Co nale\u017cy ze sob\u0105 zabra\u0107?<\/strong><\/em><\/h4>\n<ul>\n<li style=\"font-weight: 400;\"><span style=\"font-weight: 400;\">Kamera<\/span><\/li>\n<li style=\"font-weight: 400;\"><span style=\"font-weight: 400;\">P\u0105ki odstraszaj\u0105ce<\/span><\/li>\n<li style=\"font-weight: 400;\"><span style=\"font-weight: 400;\">krem do opalania<\/span><\/li>\n<li style=\"font-weight: 400;\"><span style=\"font-weight: 400;\">Kapelusz<\/span><\/li>\n<li style=\"font-weight: 400;\"><span style=\"font-weight: 400;\">Wygodne spodnie<\/span><\/li>\n<li style=\"font-weight: 400;\"><span style=\"font-weight: 400;\">Buty turystyczne do lasu<\/span><\/li>\n<li style=\"font-weight: 400;\"><span style=\"font-weight: 400;\">Sanda\u0142y do obszar\u00f3w wiosennych.<\/span><\/li>\n<li style=\"font-weight: 400;\"><span style=\"font-weight: 400;\">Odzie\u017c do p\u0142ywania<\/span><\/li>\n<\/ul>\n<p>&nbsp;<\/p>\n<h4><b><i>Pickup Hotel <\/i><\/b><\/h4>\n<p><span style=\"font-weight: 400;\">Oferowany jest odbi\u00f3r podr\u00f3\u017cnych!<\/span><\/p>\n<p><span style=\"font-weight: 400;\">Odbieramy ze wszystkich hoteli w Punta Cana. Lokalizacja odbioru to lobby hotelowe<br \/>\nJe\u015bli przebywasz w domku w okolicy, odbierzemy Ci\u0119 z domku lub przy wej\u015bciu do najbli\u017cszego o\u015brodka.... Ustawiamy odbi\u00f3r, kontaktuj\u0105c si\u0119 z nami przez Whatsapp.<\/span><\/p>\n<p><b>Uwaga:<\/b><span style=\"font-weight: 400;\"> Je\u015bli rezerwacja zostanie dokonana w ci\u0105gu 24 godzin od rozpocz\u0119cia wycieczki, mo\u017cemy zorganizowa\u0107 odbi\u00f3r z hotelu. Po dokonaniu zakupu prze\u015blemy pe\u0142ne informacje kontaktowe (numer telefonu, adres e-mail itp.) dla naszego lokalnego przewodnika w celu zorganizowania odbioru.<\/span><\/p>\n<h4><b><i>Dodatkowe informacje Potwierdzenie <\/i><\/b><\/h4>\n<ol>\n<li>Bilety s\u0105 pokwitowaniem po op\u0142aceniu tej wycieczki. P\u0142atno\u015b\u0107 mo\u017cna wy\u015bwietli\u0107 w telefonie.<\/li>\n<li style=\"font-weight: 400;\"><span style=\"font-weight: 400;\">Miejsce spotkania zostanie podane po zako\u0144czeniu procesu rezerwacji.<\/span><\/li>\n<li style=\"font-weight: 400;\"><span style=\"font-weight: 400;\">Dzieciom musi towarzyszy\u0107 osoba doros\u0142a.<\/span><\/li>\n<li style=\"font-weight: 400;\"><span style=\"font-weight: 400;\"> Brak dost\u0119pu dla w\u00f3zk\u00f3w inwalidzkich <\/span><\/li>\n<li style=\"font-weight: 400;\"><span style=\"font-weight: 400;\">Niemowl\u0119ta musz\u0105 siedzie\u0107 na kolanach <\/span><\/li>\n<li style=\"font-weight: 400;\"><span style=\"font-weight: 400;\">Niezalecane dla os\u00f3b z problemami z kr\u0119gos\u0142upem<\/span><\/li>\n<li style=\"font-weight: 400;\"><span style=\"font-weight: 400;\">Niezalecane dla kobiet w ci\u0105\u017cy <\/span><\/li>\n<li style=\"font-weight: 400;\"><span style=\"font-weight: 400;\"> Brak problem\u00f3w z sercem lub innych powa\u017cnych schorze\u0144 <\/span><\/li>\n<li style=\"font-weight: 400;\"><span style=\"font-weight: 400;\">Wi\u0119kszo\u015b\u0107 podr\u00f3\u017cnych mo\u017ce wzi\u0105\u0107 udzia\u0142<\/span><\/li>\n<\/ol>\n<h4><b><i>Polityka anulowania<\/i><\/b><\/h4>\n<p><span style=\"font-weight: 400;\">Aby otrzyma\u0107 pe\u0142ny zwrot koszt\u00f3w, nale\u017cy anulowa\u0107 subskrypcj\u0119 z co najmniej 24-godzinnym wyprzedzeniem przed dat\u0105 jej rozpocz\u0119cia.<\/span><\/p>\n\n\t\t<\/div>\n\t<\/div>\n<\/div><\/div><\/div><\/div><div class=\"vc_row wpb_row vc_row-fluid\" ><div class=\"wpb_column vc_column_container vc_col-sm-12\"><div class=\"vc_column-inner\"><div class=\"wpb_wrapper\"><div class=\"vc_empty_space\"   style=\"height: 32px\"><span class=\"vc_empty_space_inner\"><\/span><\/div>\n\t<div class=\"wpb_text_column wpb_content_element\" >\n\t\t<div class=\"wpb_wrapper\">\n\t\t\t<h4>Skontaktowa\u0107 si\u0119 z nami?<\/h4>\n<h5><em><strong>Rezerwacja przyg\u00f3d<\/strong><\/em><\/h5>\n<p><em><strong>Miejscowi<\/strong> i <strong>Nationals<\/strong> Przewodnicy turystyczni i obs\u0142uga go\u015bci<\/em><\/p>\n<p><span class=\"text-turquoise\">Rezerwacje:<\/span> Wycieczki w Dom. Rep.<\/p>\n<p><img decoding=\"async\" class=\"emoji\" draggable=\"false\" src=\"https:\/\/s.w.org\/images\/core\/emoji\/11.2.0\/svg\/1f4de.svg\" alt=\"\ud83d\udcde\" \/> Tel \/ Whatsapp\u00a0 <a href=\"tel:+1-809-720-6035\">+1-809-720-6035<\/a>.<\/p>\n<p><img decoding=\"async\" class=\"emoji\" draggable=\"false\" src=\"https:\/\/s.w.org\/images\/core\/emoji\/11.2.0\/svg\/1f4e9.svg\" alt=\"\ud83d\udce9\" \/> <a href=\"mailto:info@bookingadventures.com.do\">info@bookingadventures.com.do<\/a><\/p>\n<p><strong>Jeste\u015bmy elastyczni w ustalaniu prywatnych wycieczek przez Whatsapp: <a href=\"tel:+18097206035\">+18097206035.<\/a><\/strong><\/p>\n\n\t\t<\/div>\n\t<\/div>\n<div class=\"vc_empty_space\"   style=\"height: 32px\"><span class=\"vc_empty_space_inner\"><\/span><\/div><\/div><\/div><\/div><\/div>","protected":false},"excerpt":{"rendered":"<p>Je\u015bli jeste\u015b w Punta Cana lub Bavaro, szukasz jednodniowej wycieczki za mniej ni\u017c zwykle. Zarezerwuj t\u0119 wycieczk\u0119 z odbiorem z Twojego hotelu w Punta Cana.Autobus zabierze Ci\u0119 do Sabana de la Mar, gdzie pop\u0142yniemy katamaranem przez zatok\u0119 Samana. Odwiedzanie spo\u0142eczno\u015bci Samana na Safari, aby dotrze\u0107 do spo\u0142eczno\u015bci El Lim\u00f3n, jazda konna lub piesza w\u0119dr\u00f3wka do wodospad\u00f3w po przekroczeniu zatoki Samana i czas Luch na wyspie Bacardi. Wycieczka rozpoczyna si\u0119 o 6:00 i ko\u0144czy o 18:30.<\/p>\n<p>&nbsp;<\/p>\n<p>&nbsp;<\/p>\n<p><strong>Wybierz dat\u0119 wycieczki\u00a0<\/strong><\/p>","protected":false},"featured_media":320,"template":"","meta":[],"product_brand":[],"product_cat":[96,97,136,264,122,123,124],"product_tag":[137,138,281,139,282,283,140,284,141,114,285,142,143],"class_list":{"0":"post-59","1":"product","2":"type-product","3":"status-publish","4":"has-post-thumbnail","6":"product_cat-hiking","7":"product_cat-horse-riding-to-waterfalls","8":"product_cat-safari-samana","9":"product_cat-salto-el-limon-and-bacardi-island","10":"product_cat-tours-and-excursions","11":"product_cat-tours-excursions-los-haitises-national-park","12":"product_cat-tours-excursions-samana-bay-dominican-republic","13":"product_tag-bacardi-island","14":"product_tag-beach-time","15":"product_tag-cascada-el-limon-salto-el-limon-samana-republica-dominicana","16":"product_tag-cayo-levantado","17":"product_tag-el-limon-waterfall-bacardi-island-from-punta-cana","18":"product_tag-el-limon-waterfall-and-bacardi-island-tour-from-punta-cana","19":"product_tag-el-limon-waterfalls","20":"product_tag-guided-adventures","21":"product_tag-punta-cana","22":"product_tag-sabana-de-la-mar","23":"product_tag-salto-de-limon-punta-cana","24":"product_tag-samana","25":"product_tag-samana-tours","27":"first","28":"instock","29":"sale","30":"sold-individually","31":"shipping-taxable","32":"product-type-external"},"_links":{"self":[{"href":"https:\/\/visitaloshaitises.com\/pl\/wp-json\/wp\/v2\/product\/59","targetHints":{"allow":["GET"]}}],"collection":[{"href":"https:\/\/visitaloshaitises.com\/pl\/wp-json\/wp\/v2\/product"}],"about":[{"href":"https:\/\/visitaloshaitises.com\/pl\/wp-json\/wp\/v2\/types\/product"}],"wp:featuredmedia":[{"embeddable":true,"href":"https:\/\/visitaloshaitises.com\/pl\/wp-json\/wp\/v2\/media\/320"}],"wp:attachment":[{"href":"https:\/\/visitaloshaitises.com\/pl\/wp-json\/wp\/v2\/media?parent=59"}],"wp:term":[{"taxonomy":"product_brand","embeddable":true,"href":"https:\/\/visitaloshaitises.com\/pl\/wp-json\/wp\/v2\/product_brand?post=59"},{"taxonomy":"product_cat","embeddable":true,"href":"https:\/\/visitaloshaitises.com\/pl\/wp-json\/wp\/v2\/product_cat?post=59"},{"taxonomy":"product_tag","embeddable":true,"href":"https:\/\/visitaloshaitises.com\/pl\/wp-json\/wp\/v2\/product_tag?post=59"}],"curies":[{"name":"wp","href":"https:\/\/api.w.org\/{rel}","templated":true}]}}