{"id":554,"date":"2020-06-22T17:36:48","date_gmt":"2020-06-22T17:36:48","guid":{"rendered":"https:\/\/haitises.com\/?post_type=product&#038;p=554"},"modified":"2024-04-17T20:44:54","modified_gmt":"2024-04-17T20:44:54","slug":"excursion-a-los-haitises-desde-sabana-de-la-mar-o-cano-hondo","status":"publish","type":"product","link":"https:\/\/visitaloshaitises.com\/pl\/private\/wycieczka-na-haitises-z-sabana-de-la-mar-lub-cano-hondo\/","title":{"rendered":"Wycieczka do Los Haitises z Sabana de la Mar lub Ca\u00f1o Hondo"},"content":{"rendered":"<div class=\"vc_row wpb_row vc_row-fluid\" ><div class=\"wpb_column vc_column_container vc_col-sm-12\"><div class=\"vc_column-inner\"><div class=\"wpb_wrapper\"><div class=\"mkdf-section-title-holder\" style=\"text-align: left\">\n\t<div class=\"mkdf-st-inner\">\n\t\t\t\t\t<h5 class=\"mkdf-st-subtitle\" >\n\t\t\t\tNormalna wycieczka do Haitises\t\t\t<\/h5>\n\t\t\t\t\t\t\t<\/div>\n<\/div><\/div><\/div><\/div><\/div><div class=\"vc_row wpb_row vc_row-fluid\" ><div class=\"wpb_column vc_column_container vc_col-sm-12\"><div class=\"vc_column-inner\"><div class=\"wpb_wrapper\">\n\t<div class=\"wpb_text_column wpb_content_element\" >\n\t\t<div class=\"wpb_wrapper\">\n\t\t\t<h2>Park Narodowy Los Haitises Z Sabana de la Mar lub Hotel Cano Hondo.<\/h2>\n<h3>Opis<\/h3>\n<p>Zwyk\u0142a prywatna wycieczka do Parku Narodowego Los Haitises. Chod\u017a z nami i odwied\u017a najpi\u0119kniejszy park narodowy na Dominikanie, odwiedzaj\u0105c lasy namorzynowe, jaskinie i zatok\u0119 San Lorenzo. To do\u015bwiadczenie mo\u017ce zacz\u0105\u0107 si\u0119 od poznania przez spo\u0142eczno\u015b\u0107 Sabana de la Mar historii Sabana de la Mar. Dodatkowo zaczynamy t\u0119 podr\u00f3\u017c od portu Ca\u00f1o Hondo.<\/p>\n<ul>\n<li>Podatki wliczone w cen\u0119<\/li>\n<li>Przewodnik zapewnia instrukcje i nadz\u00f3r.<\/li>\n<li>Lunch nie jest wliczony w cen\u0119 lunchu w Ca\u00f1o Hondo. Wybierz t\u0119 wycieczk\u0119: Los Haitises Plus Ca\u00f1o Hondo.<\/li>\n<\/ul>\n<h3>W\u0142\u0105czenia i wy\u0142\u0105czenia<\/h3>\n<h4>Inkluzje<\/h4>\n<ol>\n<li>Wycieczka po Los Haitises + jaskinie i piktogramy<\/li>\n<li>Wszystkie podatki, op\u0142aty i op\u0142aty manipulacyjne.<\/li>\n<li>Lokalne podatki<\/li>\n<li>Wszystkie zaj\u0119cia<\/li>\n<li>Lokalny przewodnik<\/li>\n<\/ol>\n<h4>Wy\u0142\u0105czenia<\/h4>\n<ol>\n<li>Porady<\/li>\n<li>Lunch nie jest wliczony w cen\u0119 lunchu w Ca\u00f1o Hondo. Wybierz t\u0119 wycieczk\u0119: Los Haitises Plus Ca\u00f1o Hondo.<\/li>\n<li>Transport<\/li>\n<li>Napoje alkoholowe<\/li>\n<\/ol>\n<h3><em>Wyjazd i powr\u00f3t<\/em><\/h3>\n<p>Podr\u00f3\u017cny otrzyma miejsce spotkania po dokonaniu rezerwacji. Wycieczki rozpoczynaj\u0105 si\u0119 i ko\u0144cz\u0105 w miejscach spotka\u0144.<\/p>\n<h4><em>Czego oczekiwa\u0107?<\/em><\/h4>\n<p>Zdob\u0105d\u017a bilety do Parku Narodowego Los Haitises z jaskiniami, lasami namorzynowymi i zatok\u0105 San Lorenzo.<\/p>\n<p>Najni\u017csza cena za zwiedzanie Parku Narodowego Los Haitises z hoteli Sabana de la Mar lub Ca\u00f1o Hondo z lokalnymi przewodnikami. Wycieczk\u0119 rozpoczynamy w g\u0142\u00f3wnym porcie Parku Narodowego Los Haitises. Wycieczka rozpoczyna si\u0119 o godzinie 10:00 pod okiem lokalnego przewodnika, kt\u00f3ry zna oryginaln\u0105 histori\u0119 o wspania\u0142ym Parku Narodowym.<\/p>\n<p>Nast\u0119pnie wyruszamy z g\u0142\u00f3wnego portu Parku Narodowego Los Haitises, zwanego Ca\u00f1o Hondo (Deep Creek) na \u0141ODZI z kamizelkami ratunkowymi. B\u0119dziemy cieszy\u0107 si\u0119 lasem namorzynowym czerwonym, a\u017c dotrzemy do zatoki San Lorenzo. Ma\u0142a zatoka w zatoce Saman\u00e1. I zaczynamy! Pierwsz\u0105 rzecz\u0105, kt\u00f3r\u0105 mo\u017cna zobaczy\u0107, jest kolekcja ogromnej wapiennej g\u00f3rskiej wyspy zwanej Mogotes. Nad nimi lata ponad 700 gatunk\u00f3w ro\u015blin i wiele ptak\u00f3w wodno-b\u0142otnych. P\u00f3\u017aniej zwiedzanie jaski\u0144 z piktogramami naszych rdzennych spo\u0142eczno\u015bci sprzed 750 lat.<\/p>\n<p>Przez namorzyny i wyl\u0105duj w otwartej zatoce San Lorenzo, sk\u0105d mo\u017cesz sfotografowa\u0107 surowy le\u015bny krajobraz. Sp\u00f3jrz w wod\u0119, aby zobaczy\u0107 manaty, skorupiaki i delfiny.<\/p>\n<p>El nombre del parque nacional proviene de sus habitantes originales, los indios ta\u00ednos. En su idioma, \u00abHaitises\u00bb se traduce en tierras altas o colinas, una referencia a las empinadas formaciones geol\u00f3gicas de la costa con calizas. Avent\u00farate en el parque para explorar cuevas como la Cueva de la Arena y la Cueva de la L\u00ednea. Las cuevas en la reserva fueron utilizadas como refugio por los indios ta\u00ednos y, m\u00e1s tarde, por los piratas escondidos. Busque dibujos de indios que decoran algunas de las paredes. Despu\u00e9s de visitar el Parque Nacional Los Haitises, regresaremos al puerto donde comenz\u00f3 nuestro viaje.<\/p>\n<h3><em>Co powiniene\u015b zabra\u0107 ze sob\u0105?<\/em><\/h3>\n<ul>\n<li>Kamera<\/li>\n<li>Repelenty<\/li>\n<li>krem do opalania<\/li>\n<li>Kapelusz<\/li>\n<li>Wygodne spodnie<\/li>\n<li>Buty do le\u015bnych w\u0119dr\u00f3wek<\/li>\n<li>Sanda\u0142y do obszar\u00f3w wiosennych.<\/li>\n<li>Kostium k\u0105pielowy<\/li>\n<\/ul>\n<h3><em>Odbi\u00f3r z hotelu<\/em><\/h3>\n<p>Odbi\u00f3r z hotelu jest oferowany, je\u015bli znajdujesz si\u0119 w hotelu Paraiso Ca\u00f1o Hondo lub Altos Ca\u00f1o Hondo. Nasze miejsce spotka\u0144 znajduje si\u0119 5 minut spacerem od tych hoteli.<\/p>\n<p><strong>Notatka<\/strong>- Je\u015bli dokonasz rezerwacji w ci\u0105gu 24 godzin od godziny wyjazdu\/wycieczki, mo\u017cemy zorganizowa\u0107 odbi\u00f3r z hotelu za dodatkow\u0105 op\u0142at\u0105, je\u015bli nie przebywasz w hotelach Ca\u00f1o Hondo. Po sfinalizowaniu zakupu wy\u015blemy Ci pe\u0142ne dane kontaktowe (numer telefonu, adres e-mail itp.) do naszego lokalnego przewodnika w celu ustalenia szczeg\u00f3\u0142\u00f3w odbioru.<\/p>\n<h3><em>Potwierdzenie dodatkowych informacji<\/em><\/h3>\n<ul>\n<li>Bilety stanowi\u0105 Paragon po op\u0142aceniu tej Wycieczki. Mo\u017cesz pokaza\u0107 p\u0142atno\u015b\u0107 na swoim telefonie.<\/li>\n<li>Miejsce spotkania zostanie podane po dokonaniu rezerwacji.<\/li>\n<li>Dzieciom musi towarzyszy\u0107 osoba doros\u0142a.<\/li>\n<li>Niedost\u0119pne dla w\u00f3zk\u00f3w inwalidzkich<\/li>\n<li>Niemowl\u0119ta powinny siedzie\u0107 w foteliku dzieci\u0119cym lub z osob\u0105 doros\u0142\u0105<\/li>\n<li>Nie zalecane dla os\u00f3b podr\u00f3\u017cuj\u0105cych z problemami z plecami.<\/li>\n<li>Nie zaleca si\u0119 kobietom w ci\u0105\u017cy.<\/li>\n<li>\u017badnych problem\u00f3w z sercem ani innych powa\u017cnych schorze\u0144.<\/li>\n<li>Wi\u0119kszo\u015b\u0107 podr\u00f3\u017cnych mo\u017ce wzi\u0105\u0107 w nim udzia\u0142.<\/li>\n<\/ul>\n<h3><em>Zasady anulowania<\/em><\/h3>\n<p>Aby uzyska\u0107 pe\u0142ny zwrot pieni\u0119dzy, anuluj co najmniej 24 godziny przed dat\u0105 rozpocz\u0119cia atrakcji.<\/p>\n<h3><em>Skontaktuj si\u0119 z nami?<\/em><\/h3>\n<p>Rezerwacja przyg\u00f3d<br \/>\nLokalni i krajowi przewodnicy wycieczek oraz obs\u0142uga go\u015bci<\/p>\n<p>Rezerwacje: Wycieczki i wycieczki w Dom. Reps.<\/p>\n<p>\ud83d\udcde Tel\/Whatsapp +1-809-720-6035.<\/p>\n<p>\ud83d\udce9 info@bookingadventures.com.do<\/p>\n<p>Organizujemy prywatne wycieczki z elastyczn\u0105 konfiguracj\u0105 przez Whatsapp: +18097206035.<\/p>\n\n\t\t<\/div>\n\t<\/div>\n<\/div><\/div><\/div><\/div>","protected":false},"excerpt":{"rendered":"<p>Najni\u017csza cena za zwiedzanie Parku Narodowego Los Haitises z hoteli Sabana de la Mar lub Ca\u00f1o Hondo z lokalnymi przewodnikami. Wycieczk\u0119 rozpoczynamy w g\u0142\u00f3wnym porcie Parku Narodowego Los Haitises. Wycieczka rozpoczyna si\u0119 o godzinie 10:00 pod okiem lokalnego przewodnika, kt\u00f3ry zna oryginaln\u0105 histori\u0119 o wspania\u0142ym Parku Narodowym.<\/p>\n<p>Nast\u0119pnie wyruszamy z g\u0142\u00f3wnego portu Parku Narodowego Los Haitises, zwanego Ca\u00f1o Hondo (Deep Creek) na \u0141ODZI z kamizelkami ratunkowymi. B\u0119dziemy cieszy\u0107 si\u0119 lasem namorzynowym czerwonym, a\u017c dotrzemy do zatoki San Lorenzo, ma\u0142ej zatoczki w zatoce Saman\u00e1. I zaczynamy! Pierwsz\u0105 rzecz\u0105, kt\u00f3r\u0105 mo\u017cna zobaczy\u0107, jest kolekcja ogromnej wapiennej g\u00f3rskiej wyspy zwanej Mogotes. Opr\u00f3cz nich lata ponad 700 gatunk\u00f3w ro\u015blin i wiele ptak\u00f3w bagiennych. P\u00f3\u017aniej zwiedzanie jaski\u0144 z piktogramami naszych rdzennych spo\u0142eczno\u015bci sprzed 750 lat.<\/p>\n<p><strong>Prosz\u0119 wybra\u0107 dat\u0119 wycieczki\u00a0<\/strong><\/p>","protected":false},"featured_media":81,"template":"","meta":[],"product_brand":[],"product_cat":[119,120,98,121,99,122,443,123,124],"product_tag":[125,126,127,128,129,130,131,132,133,134,114],"class_list":{"0":"post-554","1":"product","2":"type-product","3":"status-publish","4":"has-post-thumbnail","6":"product_cat-caves","7":"product_cat-fees-entrace","8":"product_cat-local-tour-guides","9":"product_cat-mangroves","10":"product_cat-swimming-natural-springs","11":"product_cat-tours-and-excursions","12":"product_cat-tours-y-excursiones-es","13":"product_cat-tours-excursions-los-haitises-national-park","14":"product_cat-tours-excursions-samana-bay-dominican-republic","15":"product_tag-boat-tour","16":"product_tag-cano-hondo","17":"product_tag-cano-hondo-hotel","18":"product_tag-cano-hondo-tours","19":"product_tag-eco-tours","20":"product_tag-excursion","21":"product_tag-locals-guides","22":"product_tag-los-haitises","23":"product_tag-los-haitises-national-park","24":"product_tag-los-haitises-national-park-tour","25":"product_tag-sabana-de-la-mar","27":"first","28":"instock","29":"sale","30":"sold-individually","31":"shipping-taxable","32":"product-type-external"},"_links":{"self":[{"href":"https:\/\/visitaloshaitises.com\/pl\/wp-json\/wp\/v2\/product\/554","targetHints":{"allow":["GET"]}}],"collection":[{"href":"https:\/\/visitaloshaitises.com\/pl\/wp-json\/wp\/v2\/product"}],"about":[{"href":"https:\/\/visitaloshaitises.com\/pl\/wp-json\/wp\/v2\/types\/product"}],"wp:featuredmedia":[{"embeddable":true,"href":"https:\/\/visitaloshaitises.com\/pl\/wp-json\/wp\/v2\/media\/81"}],"wp:attachment":[{"href":"https:\/\/visitaloshaitises.com\/pl\/wp-json\/wp\/v2\/media?parent=554"}],"wp:term":[{"taxonomy":"product_brand","embeddable":true,"href":"https:\/\/visitaloshaitises.com\/pl\/wp-json\/wp\/v2\/product_brand?post=554"},{"taxonomy":"product_cat","embeddable":true,"href":"https:\/\/visitaloshaitises.com\/pl\/wp-json\/wp\/v2\/product_cat?post=554"},{"taxonomy":"product_tag","embeddable":true,"href":"https:\/\/visitaloshaitises.com\/pl\/wp-json\/wp\/v2\/product_tag?post=554"}],"curies":[{"name":"wp","href":"https:\/\/api.w.org\/{rel}","templated":true}]}}