{"id":551,"date":"2020-06-19T20:10:32","date_gmt":"2020-06-19T20:10:32","guid":{"rendered":"https:\/\/haitises.com\/?post_type=product&#038;p=551"},"modified":"2023-10-14T21:50:12","modified_gmt":"2023-10-14T21:50:12","slug":"excursion-al-los-haitises-y-cano-hondo-desde-samana","status":"publish","type":"product","link":"https:\/\/visitaloshaitises.com\/pl\/private\/wycieczka-do-los-haitises-i-cano-hondo-z-samany\/","title":{"rendered":"Wycieczka do Los Haitises i Ca\u00f1o Hondo z Samany"},"content":{"rendered":"<div class=\"vc_row wpb_row vc_row-fluid\" ><div class=\"wpb_column vc_column_container vc_col-sm-12\"><div class=\"vc_column-inner\"><div class=\"wpb_wrapper\"><div class=\"mkdf-section-title-holder\" style=\"text-align: left\">\n\t<div class=\"mkdf-st-inner\">\n\t\t\t\t\t<h5 class=\"mkdf-st-subtitle\" >\n\t\t\t\tLunch i k\u0105piel w naturalnych basenach\t\t\t<\/h5>\n\t\t\t\t\t\t\t<\/div>\n<\/div><\/div><\/div><\/div><\/div><div class=\"vc_row wpb_row vc_row-fluid\" ><div class=\"wpb_column vc_column_container vc_col-sm-12\"><div class=\"vc_column-inner\"><div class=\"wpb_wrapper\">\n\t<div class=\"wpb_text_column wpb_content_element\" >\n\t\t<div class=\"wpb_wrapper\">\n\t\t\t<h2>Park Narodowy Los Haitises + Lunch w Cano Hondo z portu Saman\u00e1.<\/h2>\n<h3><em>Opis<\/em><\/h3>\n<p>Park Narodowy Los Haitises, pocz\u0105tek w porcie Saman\u00e1, wspania\u0142y lunch i k\u0105piel w naturalnych \u017ar\u00f3d\u0142ach w Ca\u00f1o Hondo Ecolodge. Chod\u017a z nami i odwied\u017a najpi\u0119kniejszy park narodowy na Dominikanie, odwiedzaj\u0105c lasy namorzynowe, jaskinie i zatok\u0119 San Lorenzo, a tak\u017ce przemierzaj\u0105c pi\u0119kn\u0105 zatok\u0119 Saman\u00e1. Po obiedzie w Ca\u00f1o Hondo b\u0119dziesz mia\u0142 okazj\u0119 pop\u0142ywa\u0107 przez kilka godzin w naturalnych basenach, a nast\u0119pnie wr\u00f3ci\u0107 do portu Saman\u00e1.<\/p>\n<p>Po tym do\u015bwiadczeniu powr\u00f3cisz do portu Saman\u00e1.<\/p>\n<ul>\n<li>Podatki wliczone w cen\u0119<\/li>\n<li>Przewodnik zapewnia instrukcje i nadz\u00f3r.<\/li>\n<\/ul>\n<h3>W\u0142\u0105czenia i wy\u0142\u0105czenia<\/h3>\n<h4>Inkluzje<\/h4>\n<ol>\n<li>Wycieczka po Los Haitises + jaskinie i piktogramy<\/li>\n<li>Obiad w Ca\u00f1o Hondo<\/li>\n<li>P\u0142ywaj w naturalnych basenach<\/li>\n<li>Wszystkie podatki, op\u0142aty i op\u0142aty manipulacyjne.<\/li>\n<li>Lokalne podatki<\/li>\n<li>Napoje<\/li>\n<li>Wszystkie zaj\u0119cia<\/li>\n<li>Lokalny przewodnik<\/li>\n<\/ol>\n<h4>Wy\u0142\u0105czenia<\/h4>\n<ol>\n<li>Porady<\/li>\n<li>Przenosi\u0107<\/li>\n<li>Napoje alkoholowe<\/li>\n<\/ol>\n<h3><em>Wyjazd i powr\u00f3t<\/em><\/h3>\n<p>Podr\u00f3\u017cny otrzyma miejsce spotkania po dokonaniu rezerwacji. Wycieczki rozpoczynaj\u0105 si\u0119 i ko\u0144cz\u0105 w miejscach spotka\u0144.<\/p>\n<h3><em>Czego oczekiwa\u0107?<\/em><\/h3>\n<p>Zdob\u0105d\u017a bilety do Parku Narodowego Los Haitises, zjedz wspania\u0142y lunch w Ca\u00f1o Hondo i pop\u0142ywaj w naturalnych basenach.<\/p>\n<p>Wyruszaj\u0105c z portu Saman\u00e1 na pok\u0142adzie \u0142odzi lub katamaranu z lokalnym przewodnikiem, mijamy zatok\u0119 Saman\u00e1 obok Sabana de la Mar, aby odwiedzi\u0107 jeden z najpi\u0119kniejszych park\u00f3w narodowych na Dominikanie.<\/p>\n<h5>Park Narodowy Los Haitises.<\/h5>\n<p>Zwiedzanie wyspy z ptakami w okolicy. W okresie l\u0119gowym w gniazdach mo\u017cemy spotka\u0107 nawet piskl\u0119ta pelikan\u00f3w. Udaj si\u0119 w g\u0142\u0105b skalistych wysp i odwied\u017a jaskinie z piktogramami i petroglifami przedstawiaj\u0105cymi rdzenn\u0105 ludno\u015b\u0107.<\/p>\n<p>El recorrido, organizado por \u00abBooking Adventures\u00bb, comienza en el punto de encuentro establecido con el gu\u00eda tur\u00edstico. Ven con Booking Adventures y comienza a observar algunos manglares llenos de aves, colinas onduladas de exuberante vegetaci\u00f3n y cuevas del Parque Nacional Los Haitises.<\/p>\n<p>El nombre del parque nacional proviene de sus habitantes originales, los indios ta\u00ednos. En su idioma, \u00abHaitises\u00bb se traduce a tierras altas o colinas, una referencia a las empinadas formaciones geol\u00f3gicas de la costa con calizas. Avent\u00farate en el parque para explorar cuevas como la Cueva de la Arena y la Cueva de la L\u00ednea.<\/p>\n<p>Jaskinie w rezerwacie by\u0142y wykorzystywane jako schronienie przez Indian Ta\u00edno, a p\u00f3\u017aniej przez ukrytych pirat\u00f3w. Poszukaj rysunk\u00f3w przedstawiaj\u0105cych Indian zdobi\u0105cych niekt\u00f3re \u015bciany.<\/p>\n<p>Po wizycie w Parku Narodowym Los Haitises udamy si\u0119 do Cano Hondo. W Cano Hondo poznasz t\u0119 ekologiczn\u0105 histori\u0119 i zjesz lunch z typowym jedzeniem spo\u0142eczno\u015bci Sabana de la Mar.<\/p>\n<p>Lunch b\u0119dzie pyszny, ale jeszcze nie sko\u0144czyli\u015bmy. Po obiedzie b\u0119dziemy p\u0142ywa\u0107 w naturalnych basenach od rzeki Jibales, rzeki do rzeki Ca\u00f1o Hondo. Pozostaj\u0105c w Ca\u00f1o Hondo do godz. 16:00 i wracaj\u0105c do portu Saman\u00e1, ponownie przejdziemy przez lasy namorzynowe i dotrzemy do otwartej zatoki San Lorenzo, sk\u0105d mo\u017cna fotografowa\u0107 surowy le\u015bny krajobraz. Sp\u00f3jrz w wod\u0119, aby zobaczy\u0107 manaty, skorupiaki i delfiny.<\/p>\n<p>Do tego momentu um\u00f3wisz si\u0119 z przewodnikiem, a potem udasz si\u0119 do portu Cano Hondo i pop\u0142yniesz \u0142odzi\u0105 z powrotem do portu Saman\u00e1, mijaj\u0105c zatok\u0119 Saman\u00e1 30 minut.<\/p>\n<p>Je\u015bli ta wycieczka bardziej Ci si\u0119 spodoba, mamy nast\u0119puj\u0105ce opcje:<\/p>\n<p>Los Haitises + Cayo Levantado z portu Saman\u00e1.<\/p>\n<h3><em>Co powiniene\u015b zabra\u0107 ze sob\u0105?<\/em><\/h3>\n<ul>\n<li>Kamera<\/li>\n<li>Repelenty<\/li>\n<li>krem do opalania<\/li>\n<li>Kapelusz<\/li>\n<li>Wygodne spodnie<\/li>\n<li>Buty do le\u015bnych w\u0119dr\u00f3wek<\/li>\n<li>Sanda\u0142y do obszar\u00f3w wiosennych.<\/li>\n<li>Kostium k\u0105pielowy<\/li>\n<\/ul>\n<h3><em>Odbi\u00f3r z hotelu<\/em><\/h3>\n<p>W przypadku tej wycieczki nie jest dost\u0119pny odbi\u00f3r z hotelu.<\/p>\n<p><strong>Notatka:<\/strong> Je\u015bli dokonasz rezerwacji w ci\u0105gu 24 godzin od godziny wyjazdu\/wycieczki, mo\u017cemy zorganizowa\u0107 odbi\u00f3r z hotelu za dodatkow\u0105 op\u0142at\u0105. Po sfinalizowaniu zakupu wy\u015blemy Ci pe\u0142ne dane kontaktowe (numer telefonu, adres e-mail itp.) do naszego lokalnego przewodnika w celu ustalenia szczeg\u00f3\u0142\u00f3w odbioru.<\/p>\n<h3>Potwierdzenie dodatkowych informacji<\/h3>\n<ol>\n<li>Bilety stanowi\u0105 Paragon po op\u0142aceniu tej Wycieczki. Mo\u017cesz pokaza\u0107 p\u0142atno\u015b\u0107 na swoim telefonie.<\/li>\n<li>Miejsce spotkania zostanie podane po dokonaniu rezerwacji.<\/li>\n<li>Dzieciom musi towarzyszy\u0107 osoba doros\u0142a.<\/li>\n<li>Niedost\u0119pne dla w\u00f3zk\u00f3w inwalidzkich<\/li>\n<li>Niemowl\u0119ta powinny siedzie\u0107 w fotelikach dla niemowl\u0105t lub z osob\u0105 doros\u0142\u0105<\/li>\n<li>Nie zalecane dla os\u00f3b podr\u00f3\u017cuj\u0105cych z problemami z plecami.<\/li>\n<li>Nie zaleca si\u0119 kobietom w ci\u0105\u017cy.<\/li>\n<li>\u017badnych problem\u00f3w z sercem ani innych powa\u017cnych schorze\u0144.<\/li>\n<li>Wi\u0119kszo\u015b\u0107 podr\u00f3\u017cnych mo\u017ce wzi\u0105\u0107 w nim udzia\u0142.<\/li>\n<\/ol>\n<h3><em>Zasady anulowania<\/em><\/h3>\n<p>Aby uzyska\u0107 pe\u0142ny zwrot pieni\u0119dzy, anuluj co najmniej 24 godziny przed dat\u0105 rozpocz\u0119cia atrakcji.<\/p>\n\n\t\t<\/div>\n\t<\/div>\n<\/div><\/div><\/div><\/div><div class=\"vc_row wpb_row vc_row-fluid\" ><div class=\"wpb_column vc_column_container vc_col-sm-12\"><div class=\"vc_column-inner\"><div class=\"wpb_wrapper\"><div class=\"vc_empty_space\"   style=\"height: 32px\"><span class=\"vc_empty_space_inner\"><\/span><\/div>\n\t<div class=\"wpb_video_widget wpb_content_element vc_clearfix   vc_video-aspect-ratio-169 vc_video-el-width-100 vc_video-align-left\" >\n\t\t<div class=\"wpb_wrapper\">\n\t\t\t\n\t\t\t<div class=\"wpb_video_wrapper\"><iframe loading=\"lazy\" title=\"Park Narodowy Los Haitises, wycieczki i wycieczki z Samany lub Sabana de la Mar. Zarezerwuj tutaj:\" src=\"https:\/\/player.vimeo.com\/video\/346508015?dnt=1&amp;app_id=122963\" width=\"1100\" height=\"619\" frameborder=\"0\" allow=\"autoplay; fullscreen\" allowfullscreen><\/iframe><\/div>\n\t\t<\/div>\n\t<\/div>\n<\/div><\/div><\/div><\/div><div class=\"vc_row wpb_row vc_row-fluid\" ><div class=\"wpb_column vc_column_container vc_col-sm-12\"><div class=\"vc_column-inner\"><div class=\"wpb_wrapper\"><div class=\"vc_empty_space\"   style=\"height: 32px\"><span class=\"vc_empty_space_inner\"><\/span><\/div>\n\t<div class=\"wpb_text_column wpb_content_element\" >\n\t\t<div class=\"wpb_wrapper\">\n\t\t\t<h4>Skontaktuj si\u0119 z nami?<\/h4>\n<h5>Rezerwacje przyg\u00f3d<\/h5>\n<p><em>Przewodnik<\/em> <em><strong>lokalny<\/strong><\/em> I <strong><em>krajowy<\/em><\/strong> &amp;<em>\u00a0us\u0142ugi dla go\u015bci<\/em><\/p>\n<p>Rezerwacje: Wycieczki i wycieczki w Dom. Rep.<\/p>\n<p>Tel\/Whatsapp +1-809-720-6035.<\/p>\n<p>info@bookingadventures.com.do<\/p>\n<p>Jeste\u015bmy prywatnymi wycieczkami z elastyczn\u0105 konfiguracj\u0105 przez Whatsapp: +18097206035.<\/p>\n\n\t\t<\/div>\n\t<\/div>\n<div class=\"vc_empty_space\"   style=\"height: 32px\"><span class=\"vc_empty_space_inner\"><\/span><\/div><\/div><\/div><\/div><\/div>","protected":false},"excerpt":{"rendered":"<p><strong>Wybierz dat\u0119 wycieczki\u00a0<\/strong><\/p>","protected":false},"featured_media":104,"template":"","meta":[],"product_brand":[],"product_cat":[119,96,144,98,135,121,99,122,443,123,124],"product_tag":[126,127,128,145,132,133,146,147,148,143],"class_list":{"0":"post-551","1":"product","2":"type-product","3":"status-publish","4":"has-post-thumbnail","6":"product_cat-caves","7":"product_cat-hiking","8":"product_cat-kayaking","9":"product_cat-local-tour-guides","10":"product_cat-lunch","11":"product_cat-mangroves","12":"product_cat-swimming-natural-springs","13":"product_cat-tours-and-excursions","14":"product_cat-tours-y-excursiones-es","15":"product_cat-tours-excursions-los-haitises-national-park","16":"product_cat-tours-excursions-samana-bay-dominican-republic","17":"product_tag-cano-hondo","18":"product_tag-cano-hondo-hotel","19":"product_tag-cano-hondo-tours","20":"product_tag-day-tour-cano-hondo","21":"product_tag-los-haitises","22":"product_tag-los-haitises-national-park","23":"product_tag-mangroves-los-haitises","24":"product_tag-samana-bay","25":"product_tag-samana-excursions","26":"product_tag-samana-tours","28":"first","29":"instock","30":"sale","31":"sold-individually","32":"shipping-taxable","33":"product-type-external"},"_links":{"self":[{"href":"https:\/\/visitaloshaitises.com\/pl\/wp-json\/wp\/v2\/product\/551","targetHints":{"allow":["GET"]}}],"collection":[{"href":"https:\/\/visitaloshaitises.com\/pl\/wp-json\/wp\/v2\/product"}],"about":[{"href":"https:\/\/visitaloshaitises.com\/pl\/wp-json\/wp\/v2\/types\/product"}],"wp:featuredmedia":[{"embeddable":true,"href":"https:\/\/visitaloshaitises.com\/pl\/wp-json\/wp\/v2\/media\/104"}],"wp:attachment":[{"href":"https:\/\/visitaloshaitises.com\/pl\/wp-json\/wp\/v2\/media?parent=551"}],"wp:term":[{"taxonomy":"product_brand","embeddable":true,"href":"https:\/\/visitaloshaitises.com\/pl\/wp-json\/wp\/v2\/product_brand?post=551"},{"taxonomy":"product_cat","embeddable":true,"href":"https:\/\/visitaloshaitises.com\/pl\/wp-json\/wp\/v2\/product_cat?post=551"},{"taxonomy":"product_tag","embeddable":true,"href":"https:\/\/visitaloshaitises.com\/pl\/wp-json\/wp\/v2\/product_tag?post=551"}],"curies":[{"name":"wp","href":"https:\/\/api.w.org\/{rel}","templated":true}]}}