{"id":548,"date":"2020-06-15T15:48:44","date_gmt":"2020-06-15T15:48:44","guid":{"rendered":"https:\/\/haitises.com\/?post_type=product&#038;p=548"},"modified":"2024-04-19T15:58:28","modified_gmt":"2024-04-19T15:58:28","slug":"parque-nacional-los-haitises-excursion-de-kayak-y-senderismo","status":"publish","type":"product","link":"https:\/\/visitaloshaitises.com\/pl\/prywatny\/wycieczka-kajakowa-i-piesza-do-parku-narodowego-los-haitises\/","title":{"rendered":"Wycieczka kajakowa i piesza do Parku Narodowego Los Haitises"},"content":{"rendered":"<div class=\"vc_row wpb_row vc_row-fluid\" ><div class=\"wpb_column vc_column_container vc_col-sm-12\"><div class=\"vc_column-inner\"><div class=\"wpb_wrapper\">\n\t<div class=\"wpb_text_column wpb_content_element\" >\n\t\t<div class=\"wpb_wrapper\">\n\t\t\t<h3>Opis<\/h3>\n<p>Ta trasa piesza + kajakowa rozpoczyna si\u0119 w porcie Ca\u00f1o Hondo \/ Sabana de La Mar. B\u0119dziemy spacerowa\u0107 przez oko\u0142o 3 godziny wzd\u0142u\u017c Wet Forest w Parku Narodowym Los Haitises. Poznasz ro\u015bliny lecznicze tego obszaru, zobaczysz pierwotny i wt\u00f3rny las li\u015bciasty w g\u00f3rach Parku Narodowego Los Haitises, a jednocze\u015bnie dotrzesz do \u017ar\u00f3de\u0142 rzeki Jivales, sk\u0105d wyp\u0142ywaj\u0105 wody naturalnych basen\u00f3w Eko- Lodge wyjd\u017a Hondo Ca\u00f1o. Nast\u0119pnie zabieramy niezb\u0119dny dla Waszego bezpiecze\u0144stwa sprz\u0119t (kamizelki ratunkowe itp.), kajaki i przekraczamy lasy namorzynowe. Zobaczysz namorzyny wype\u0142nione ptakami i wzg\u00f3rza poro\u015bni\u0119te bujn\u0105 zieleni\u0105. Przez namorzyny i wyl\u0105duj w otwartej zatoce San Lorenzo, sk\u0105d mo\u017cesz sfotografowa\u0107 wspania\u0142y le\u015bny krajobraz.<\/p>\n<p>Po tym do\u015bwiadczeniu wr\u00f3cisz do Cano Hondo lub Sabana de la Mar.<\/p>\n<ul>\n<li>Podatki wliczone w cen\u0119<\/li>\n<li>Wycieczka piesza do Parku Narodowego Los Haitises<\/li>\n<li>Przewodnik zapewnia instrukcje i nadz\u00f3r.<\/li>\n<\/ul>\n<h3>W\u0142\u0105czenia i wy\u0142\u0105czenia<\/h3>\n<h4>Inkluzje<\/h4>\n<ol>\n<li>Park Narodowy Los Haitises<\/li>\n<li>W\u0119dr\u00f3wka + kajak<\/li>\n<li>Wszystkie podatki, op\u0142aty i op\u0142aty manipulacyjne.<\/li>\n<li>Lokalne podatki<\/li>\n<li>Napoje<\/li>\n<li>Wszystkie zaj\u0119cia<\/li>\n<li>Lokalny przewodnik<\/li>\n<\/ol>\n<h4>Wy\u0142\u0105czenia<\/h4>\n<ol>\n<li>Porady<\/li>\n<li>Transport<\/li>\n<li>Obiad<\/li>\n<li>Napoje alkoholowe<\/li>\n<\/ol>\n<h3><em>Wyjazd i powr\u00f3t<\/em><\/h3>\n<p>Podr\u00f3\u017cny otrzyma miejsce spotkania po dokonaniu rezerwacji. Wycieczki rozpoczynaj\u0105 si\u0119 i ko\u0144cz\u0105 w miejscach spotka\u0144.<\/p>\n<h2>W\u0119dr\u00f3wka + kajak do Parku Narodowego Los Haitises<\/h2>\n<h3><em>Czego oczekiwa\u0107?<\/em><\/h3>\n<p>El nombre del parque nacional proviene de sus habitantes originales, los indios ta\u00ednos. En su idioma, \u00abHaitises\u00bb se traduce en tierras altas o colinas, una referencia a las empinadas formaciones geol\u00f3gicas de la costa con calizas. La actividad en Kayak es de 2 horas.<\/p>\n<p>Aprender sobre la historia y la naturaleza con gu\u00edas tur\u00edsticos locales que crecen como protectores y voluntarios ambientales dentro de esta \u00e1rea del proyecto. El recorrido, organizado por \u00abBooking Adventures\u00bb comienza en el punto de encuentro establecido con el gu\u00eda tur\u00edstico.<\/p>\n<p>Po pocz\u0105tkowym spacerze przez pola i pola uprawne zaczniesz spacerowa\u0107 przez las kokosowy i kakaowy. B\u0105d\u017a co minut\u0119 w pierwotnym i wyj\u0105tkowym obszarze le\u015bnym w Parku Narodowym Los Haitises. Przyjd\u017a z Booking Adventures i zacznij poznawa\u0107 endemiczne gatunki ptak\u00f3w, ssak\u00f3w i ro\u015blin, faliste wzg\u00f3rza poro\u015bni\u0119te bujn\u0105 ro\u015blinno\u015bci\u0105 i jaskinie Parku Narodowego Los Haitises.<\/p>\n<p>El nombre del parque nacional proviene de sus habitantes originales, los indios ta\u00ednos. En su idioma, \u00abHaitises\u00bb se traduce en tierras altas o colinas, una referencia a las empinadas formaciones geol\u00f3gicas de la costa con calizas. Avent\u00farate en el parque para explorar cuevas como la Cueva de la Arena y la Cueva de la L\u00ednea. Puede combinar el recorrido en barco con el viaje de senderismo. Solo cont\u00e1ctenos.<\/p>\n<p>Jaskinie w rezerwacie by\u0142y wykorzystywane jako schronienie przez Indian Ta\u00edno, a p\u00f3\u017aniej przez ukrytych pirat\u00f3w. Poszukaj rysunk\u00f3w przedstawiaj\u0105cych Indian zdobi\u0105cych niekt\u00f3re \u015bciany. W lesie deszczowym wyst\u0119puje ponad 700 gatunk\u00f3w ro\u015blin, staramy si\u0119 przybli\u017cy\u0107 zwiedzaj\u0105cym wszystkie ro\u015bliny lecznicze, jakie znamy na tej trasie pieszej.<\/p>\n<p>Przyjd\u017a uczy\u0107 si\u0119, w\u0119drowa\u0107 i cieszy\u0107 si\u0119 prawdziw\u0105 przyrod\u0105 Parku Narodowego Los Haitises.<\/p>\n<h3><em>Co powiniene\u015b zabra\u0107 ze sob\u0105?<\/em><\/h3>\n<ul>\n<li>Kamera<\/li>\n<li>Repelenty<\/li>\n<li>Krem do opalania<\/li>\n<li>Kapelusz<\/li>\n<li>Wygodne spodnie<\/li>\n<li>Buty do le\u015bnych w\u0119dr\u00f3wek<\/li>\n<li>Sanda\u0142y do obszar\u00f3w wiosennych.<\/li>\n<li>Kostium k\u0105pielowy<\/li>\n<\/ul>\n<h3><em>Odbi\u00f3r z hotelu<\/em><\/h3>\n<p>W przypadku tej wycieczki nie jest dost\u0119pny odbi\u00f3r z hotelu. Tylko je\u015bli jeste\u015b w hotelu Cano Hondo lub hotelach w okolicy Sabana de la Mar.<\/p>\n<p><strong>Notatka<\/strong>: Je\u015bli dokonasz rezerwacji w ci\u0105gu 24 godzin od godziny wyjazdu, mo\u017cemy zorganizowa\u0107 odbi\u00f3r z hotelu za dodatkow\u0105 op\u0142at\u0105 z dowolnego miejsca na Dominikanie. Po sfinalizowaniu zakupu wy\u015blemy Ci pe\u0142ne dane kontaktowe (numer telefonu, adres e-mail itp.) do naszego lokalnego przewodnika w celu ustalenia szczeg\u00f3\u0142\u00f3w odbioru.<\/p>\n<h3><em>Potwierdzenie dodatkowych informacji<\/em><\/h3>\n<ol>\n<li>Bilety stanowi\u0105 Paragon po op\u0142aceniu tej Wycieczki. Mo\u017cesz pokaza\u0107 p\u0142atno\u015b\u0107 na swoim telefonie.<\/li>\n<li>Miejsce spotkania zostanie podane po dokonaniu rezerwacji.<\/li>\n<li>Dzieciom musi towarzyszy\u0107 osoba doros\u0142a.<\/li>\n<li>Niedost\u0119pne dla w\u00f3zk\u00f3w inwalidzkich<\/li>\n<li>Niemowl\u0119ta powinny siedzie\u0107 w fotelikach dzieci\u0119cych lub z rodzicami<\/li>\n<li>Nie zalecane dla os\u00f3b podr\u00f3\u017cuj\u0105cych z problemami z plecami.<\/li>\n<li>Nie zaleca si\u0119 kobietom w ci\u0105\u017cy.<\/li>\n<li>\u017badnych problem\u00f3w z sercem ani innych powa\u017cnych schorze\u0144.<\/li>\n<li>Wi\u0119kszo\u015b\u0107 podr\u00f3\u017cnych mo\u017ce wzi\u0105\u0107 w nim udzia\u0142.<\/li>\n<\/ol>\n<h3><em>Zasady anulowania<\/em><\/h3>\n<p>Aby uzyska\u0107 pe\u0142ny zwrot pieni\u0119dzy, anuluj co najmniej 24 godziny przed dat\u0105 rozpocz\u0119cia atrakcji. Je\u015bli rezerwacja zostanie anulowana tego samego dnia podr\u00f3\u017cy, \u015brodki zostan\u0105 utracone.<\/p>\n<h2>W\u0119dr\u00f3wki po lesie deszczowym i sp\u0142ywy kajakowe<br \/>\nW\u0119dr\u00f3wka + kajak do Parku Narodowego Los Haitises<\/h2>\n<p>To do\u015bwiadczenie wymaga minimum 2 uczestnik\u00f3w. Je\u015bli nie masz jeszcze 2 lat, skontaktuj si\u0119 z nami!<\/p>\n<h3>Skontaktuj si\u0119 z nami?<\/h3>\n<p><em>Rezerwacja przyg\u00f3d<\/em><br \/>\nLokalni i krajowi przewodnicy wycieczek oraz obs\u0142uga go\u015bci<\/p>\n<p>Rezerwacje: Wycieczki i wycieczki w Dom. Reps.<\/p>\n<p>\ud83d\udcde Tel\/Whatsapp +1-809-720-6035.<\/p>\n<p>\ud83d\udce9 info@bookingadventures.com.do<\/p>\n<p>Jeste\u015bmy prywatnymi wycieczkami z elastyczn\u0105 konfiguracj\u0105 przez Whatsapp: +18097206035.<\/p>\n\n\t\t<\/div>\n\t<\/div>\n<\/div><\/div><\/div><\/div>","protected":false},"excerpt":{"rendered":"<p>3-godzinna w\u0119dr\u00f3wka i sp\u0142yw kajakowy po lasach namorzynowych w Parku Narodowym Los Haitises z lokalnym przewodnikiem z Sabana de la Mar. Zwiedzanie las\u00f3w deszczowych, obszar\u00f3w kokosowych, kawowych i kakaowych. Poznaj oryginaln\u0105 histori\u0119 Parku Narodowego Los Haitises.<\/p>\n<p><strong>Wybierz dat\u0119 pieszej wycieczki:<\/strong><\/p>","protected":false},"featured_media":515,"template":"","meta":[],"product_brand":[],"product_cat":[356,96,443,123,124],"product_tag":[341,206,129,130,412,413,221,414,415,152,153,198,133,416,215,217,417,223,114,418,148,143,419],"class_list":{"0":"post-548","1":"product","2":"type-product","3":"status-publish","4":"has-post-thumbnail","6":"product_cat-day-trips","7":"product_cat-hiking","8":"product_cat-tours-y-excursiones-es","9":"product_cat-tours-excursions-los-haitises-national-park","10":"product_cat-tours-excursions-samana-bay-dominican-republic","11":"product_tag-cano-hondo-sabana-de-la-mar","12":"product_tag-caves-los-haitises","13":"product_tag-eco-tours","14":"product_tag-excursion","15":"product_tag-hike-kayak","16":"product_tag-hike-kayak-los-haitises-national-park","17":"product_tag-hiking-los-haitises","18":"product_tag-hiking-sabana-de-la-mar","19":"product_tag-hiking-samana","20":"product_tag-kayak-tour","21":"product_tag-kayaking","22":"product_tag-kayaking-los-haitises","23":"product_tag-los-haitises-national-park","24":"product_tag-los-haitises-national-park-entrance-fee","25":"product_tag-los-haitises-national-park-tour-from-las-terrenas","26":"product_tag-los-haitises-national-park-tour-from-santo-domingo","27":"product_tag-los-haitises-national-park-weather","28":"product_tag-los-haitises-sabana-de-la-mar","29":"product_tag-sabana-de-la-mar","30":"product_tag-sabana-de-la-mar-tour","31":"product_tag-samana-excursions","32":"product_tag-samana-tours","33":"product_tag-secrets-of-los-haitises","35":"first","36":"instock","37":"sale","38":"sold-individually","39":"shipping-taxable","40":"product-type-external"},"_links":{"self":[{"href":"https:\/\/visitaloshaitises.com\/pl\/wp-json\/wp\/v2\/product\/548","targetHints":{"allow":["GET"]}}],"collection":[{"href":"https:\/\/visitaloshaitises.com\/pl\/wp-json\/wp\/v2\/product"}],"about":[{"href":"https:\/\/visitaloshaitises.com\/pl\/wp-json\/wp\/v2\/types\/product"}],"wp:featuredmedia":[{"embeddable":true,"href":"https:\/\/visitaloshaitises.com\/pl\/wp-json\/wp\/v2\/media\/515"}],"wp:attachment":[{"href":"https:\/\/visitaloshaitises.com\/pl\/wp-json\/wp\/v2\/media?parent=548"}],"wp:term":[{"taxonomy":"product_brand","embeddable":true,"href":"https:\/\/visitaloshaitises.com\/pl\/wp-json\/wp\/v2\/product_brand?post=548"},{"taxonomy":"product_cat","embeddable":true,"href":"https:\/\/visitaloshaitises.com\/pl\/wp-json\/wp\/v2\/product_cat?post=548"},{"taxonomy":"product_tag","embeddable":true,"href":"https:\/\/visitaloshaitises.com\/pl\/wp-json\/wp\/v2\/product_tag?post=548"}],"curies":[{"name":"wp","href":"https:\/\/api.w.org\/{rel}","templated":true}]}}