{"id":11684,"date":"2023-10-04T07:40:10","date_gmt":"2023-10-04T07:40:10","guid":{"rendered":"https:\/\/haitises.com\/?post_type=product&#038;p=11684"},"modified":"2024-03-29T15:36:35","modified_gmt":"2024-03-29T15:36:35","slug":"saona-island-private-tour-from-la-romana-hotels-la-romana-lobby-3","status":"publish","type":"product","link":"https:\/\/visitaloshaitises.com\/pl\/private\/saona-wyspa-prywatna-wycieczka-z-la-romana-hotele-la-romana-lobby\/","title":{"rendered":"Saona Island Private Tour from La Romana Hotels- La Romana Lobby"},"content":{"rendered":"<div class=\"vc_row wpb_row vc_row-fluid\" ><div class=\"wpb_column vc_column_container vc_col-sm-12\"><div class=\"vc_column-inner\"><div class=\"wpb_wrapper\"><div class=\"vc_btn3-container vc_btn3-inline\" ><button class=\"vc_general vc_btn3 vc_btn3-size-md vc_btn3-shape-rounded vc_btn3-style-modern vc_btn3-color-green\">BOOOK NOW<\/button><\/div>\n\t<div class=\"wpb_text_column wpb_content_element\" >\n\t\t<div class=\"wpb_wrapper\">\n\t\t\t<h2><b><i>Prywatna wycieczka na wysp\u0119 Saona\u00a0<\/i><\/b><\/h2>\n<h4><b><i>Przegl\u0105d<\/i><\/b><\/h4>\n<div>Wyp\u0142yni\u0119cie \u0142odzi odbywa si\u0119 z g\u0142\u00f3wnego molo <strong>Bayahibe<\/strong> o 9:00 i powr\u00f3t o 17:00. Je\u015bli\u00a0<b>(dodajesz prywatny transfer z innych wylot\u00f3w do tego czasu podr\u00f3\u017cy mo\u017ce ulec zmianie)<\/b> <span style=\"font-size: 16px;\">Ta wycieczka zabierze Ci\u0119 na najlepsze pla\u017ce <strong>wyspa Saona<\/strong> (Wyspa Saona) zaczynaj\u0105c od miasta Bayahibe, lunch b\u0119dziesz na wyspie i zatrzymasz si\u0119 przy naturalnych basenach<strong> Park Narodowy Cotubanama<\/strong>. Ciesz si\u0119 pi\u0119knym po\u0142udniowo-wschodnim wybrze\u017cem Dominikany, gdzie po wej\u015bciu na \u0142\u00f3d\u017a b\u0119dziesz p\u0142ywa\u0107 wzd\u0142u\u017c wybrze\u017ca, obserwuj\u0105c r\u00f3\u017cne pla\u017ce, krajobrazy, namorzyny i formacje wapienne tego wyj\u0105tkowego miejsca.\u00a0<\/span><\/div>\n<div>\n<p><span style=\"font-weight: 400;\">Dotarcie na wysp\u0119 zajmuje oko\u0142o 45 minut i podczas zwiedzania b\u0119dzie mo\u017cna j\u0105 zobaczy\u0107 <strong>R\u0119ka Juana<\/strong>, kt\u00f3ra jest jedyn\u0105 spo\u0142eczno\u015bci\u0105 utworzon\u0105 na wyspie, w tym samym miejscu masz mo\u017cliwo\u015b\u0107 zjedzenia lunchu, w przypadku nie dotarcia do Mano Juan, odwiedzisz r\u00f3\u017cne pla\u017ce w okolicy, a lunch b\u0119dzie na pla\u017cy, b\u0119dziesz mia\u0142 r\u00f3wnie\u017c okazj\u0119 nurkowa\u0107 na wyspie.<\/span><\/p>\n<p><span style=\"font-weight: 400;\">Kiedy zako\u0144czysz podr\u00f3\u017c w r\u00f3\u017cnych miejscach na wyspie, wr\u00f3cisz do miejsca, w kt\u00f3rym spotkasz Przewodnika.<\/span><\/p>\n<ul>\n<li style=\"font-weight: 400;\"><span style=\"font-weight: 400;\">Obejmuje lunch w formie bufetu na pla\u017cy.<\/span><\/li>\n<li style=\"font-weight: 400;\"><span style=\"font-weight: 400;\">naturalny basen<\/span><\/li>\n<li style=\"font-weight: 400;\"><span style=\"font-weight: 400;\">Transfer \u0142odzi\u0105 lub katamaranem<\/span><\/li>\n<li style=\"font-weight: 400;\"><span style=\"font-weight: 400;\">Kapitan zapewnia instrukcje i nadz\u00f3r<\/span><\/li>\n<\/ul>\n<\/div>\n<p>&nbsp;<\/p>\n<h2><b>W\u0142\u0105czenia i wy\u0142\u0105czenia<\/b><\/h2>\n<p><b>W\u0142\u0105czenia<\/b><\/p>\n<ol>\n<li>Wycieczka \u0142odzi\u0105 motorow\u0105 lub katamaranem (wszystko zale\u017cy od wielko\u015bci grupy)<\/li>\n<li style=\"font-weight: 400;\"><span style=\"font-weight: 400;\">Lunch w formie bufetu na pla\u017cy<\/span><\/li>\n<li>naturalny basen<\/li>\n<li style=\"font-weight: 400;\"><span style=\"font-weight: 400;\">Wszystkie podatki, op\u0142aty i op\u0142aty manipulacyjne<\/span><\/li>\n<li style=\"font-weight: 400;\"><span style=\"font-weight: 400;\">Podatki lokalne<\/span><\/li>\n<li style=\"font-weight: 400;\"><span style=\"font-weight: 400;\">Napoje<\/span><\/li>\n<\/ol>\n<p><b> Wy\u0142\u0105czenia<\/b><\/p>\n<ol>\n<li style=\"font-weight: 400;\"><span style=\"font-weight: 400;\">Gratyfikacje<\/span><\/li>\n<li>Lokalny przewodnik<\/li>\n<\/ol>\n<p>&nbsp;<\/p>\n<h4><em><strong>Wylot i powr\u00f3t<\/strong><\/em><\/h4>\n<p><span style=\"font-weight: 400;\">Mamy harmonogram, wed\u0142ug kt\u00f3rego mo\u017cesz odebra\u0107 i przywie\u017a\u0107 Ci\u0119 w zale\u017cno\u015bci od obszaru, w kt\u00f3rym si\u0119 znajdujesz. <\/span><span style=\"font-weight: 400;\">Podr\u00f3\u017cny otrzyma miejsce spotkania po zako\u0144czeniu procesu rezerwacji. Wycieczki rozpoczynaj\u0105 si\u0119 i ko\u0144cz\u0105 w naszych punktach spotka\u0144.<\/span><\/p>\n<p>&nbsp;<\/p>\n<h4><b><i>Czego si\u0119 spodziewa\u0107?<\/i><\/b><\/h4>\n<p>&nbsp;<\/p>\n<p><em><strong>Zdob\u0105d\u017a bilety<\/strong><\/em> na jednodniowy karnet na wysp\u0119 Saona (Isla Saona) w Bayahibe oraz wspania\u0142y lunch i czas na pla\u017cy.<\/p>\n<p><span style=\"font-weight: 400;\">The Day Trip, organized by \u00abBooking Adventures\u00bb starts at the meeting point set with the Tour Guide. <\/span>Lunch na pla\u017cy i mo\u017cesz zosta\u0107 tak d\u0142ugo, jak chcesz, p\u0142ywaj\u0105c. Je\u015bli jeste\u015b weganinem, mo\u017cemy r\u00f3wnie\u017c przygotowa\u0107 dla Ciebie jedzenie.<\/p>\n<p>Ta wycieczka \u0142odzi\u0105 rozpoczyna si\u0119 w Bayahibe, ale oferujemy prywatny transfer za dodatkow\u0105 op\u0142at\u0105, w zale\u017cno\u015bci od tego, gdzie znajduje si\u0119 grupa.<\/p>\n<p><strong>Harmonogram:<\/strong><\/p>\n<p>7:45 \u2013 18:00<\/p>\n<p>&nbsp;<\/p>\n<h4><em><strong>Co nale\u017cy ze sob\u0105 zabra\u0107?<\/strong><\/em><\/h4>\n<ul>\n<li style=\"font-weight: 400;\"><span style=\"font-weight: 400;\">Kamera<\/span><\/li>\n<li style=\"font-weight: 400;\"><span style=\"font-weight: 400;\">P\u0105ki odstraszaj\u0105ce<\/span><\/li>\n<li style=\"font-weight: 400;\"><span style=\"font-weight: 400;\">krem do opalania<\/span><\/li>\n<li style=\"font-weight: 400;\"><span style=\"font-weight: 400;\">Kapelusz<\/span><\/li>\n<li style=\"font-weight: 400;\"><span style=\"font-weight: 400;\">Wygodne spodnie<\/span><\/li>\n<li style=\"font-weight: 400;\"><span style=\"font-weight: 400;\">Buty turystyczne do lasu<\/span><\/li>\n<li style=\"font-weight: 400;\"><span style=\"font-weight: 400;\">Sanda\u0142y na pla\u017c\u0119<\/span><\/li>\n<li style=\"font-weight: 400;\"><span style=\"font-weight: 400;\">Odzie\u017c do p\u0142ywania<\/span><\/li>\n<li>Got\u00f3wka na pami\u0105tki<\/li>\n<\/ul>\n<p>&nbsp;<\/p>\n<h2><b><i>Odbi\u00f3r z hotelu na jednodniow\u0105 wycieczk\u0119 na wysp\u0119 Saona<\/i><\/b><\/h2>\n<p><span style=\"font-weight: 400;\">To jest program, kt\u00f3ry ustalili\u015bmy na podstawie Twoich lokalizacji. Podaj nam konkretny hotel, a my skontaktujemy si\u0119 z Tob\u0105 i poinformujemy Ci\u0119, gdzie si\u0119 spotkamy. Ta opcja transferu dost\u0119pna jest za dodatkow\u0105 op\u0142at\u0105. Ta podr\u00f3\u017c rozpoczyna si\u0119 w Bayahibe.<\/span><\/p>\n<table style=\"height: 487px;\" width=\"420\">\n<tbody>\n<tr>\n<td><b>miejsce<\/b><\/td>\n<td><b>czas<\/b><\/td>\n<\/tr>\n<tr>\n<td><b>Punta Cana<\/b><\/td>\n<td><b>7:45<\/b><\/td>\n<\/tr>\n<tr>\n<td><b>bawarski<\/b><\/td>\n<td><b>7:30 rano<\/b><\/td>\n<\/tr>\n<tr>\n<td><b>Uvero Altos<\/b><\/td>\n<td><b>07:00<\/b><\/td>\n<\/tr>\n<tr>\n<td><b>Klub Med<\/b><\/td>\n<td><b>07:00<\/b><\/td>\n<\/tr>\n<tr>\n<td><b>Boca Chica<\/b><\/td>\n<td><b>07:00<\/b><\/td>\n<\/tr>\n<tr>\n<td><b>Santo Domingo<\/b><\/td>\n<td><b>6:40<\/b><\/td>\n<\/tr>\n<tr>\n<td><b>Juana Hurta<\/b><\/td>\n<td><b>07:00<\/b><\/td>\n<\/tr>\n<\/tbody>\n<\/table>\n<p>&nbsp;<\/p>\n<p><b>Uwaga:<\/b><span style=\"font-weight: 400;\"> Je\u015bli dokonasz rezerwacji w ci\u0105gu 24 godzin od godziny wyjazdu\/wycieczki, mo\u017cemy zorganizowa\u0107 odbi\u00f3r z hotelu za dodatkow\u0105 op\u0142at\u0105. Po sfinalizowaniu zakupu wy\u015blemy Ci pe\u0142ne dane kontaktowe (numer telefonu, adres e-mail itp.) do naszego lokalnego przewodnika w celu zorganizowania odbioru.<\/span><\/p>\n<h4><b><i>Dodatkowe informacje Potwierdzenie <\/i><\/b><\/h4>\n<ol>\n<li>Bilety s\u0105 pokwitowaniem po op\u0142aceniu tej wycieczki. P\u0142atno\u015b\u0107 mo\u017cna wy\u015bwietli\u0107 w telefonie.<\/li>\n<li style=\"font-weight: 400;\"><span style=\"font-weight: 400;\">Miejsce spotkania zostanie podane po zako\u0144czeniu procesu rezerwacji.<\/span><\/li>\n<li style=\"font-weight: 400;\"><span style=\"font-weight: 400;\">Dzieciom musi towarzyszy\u0107 osoba doros\u0142a.<\/span><\/li>\n<li style=\"font-weight: 400;\"><span style=\"font-weight: 400;\">dost\u0119pny dla w\u00f3zk\u00f3w inwalidzkich <\/span><\/li>\n<li style=\"font-weight: 400;\"><span style=\"font-weight: 400;\">Niemowl\u0119ta musz\u0105 siedzie\u0107 na kolanach <\/span><\/li>\n<li style=\"font-weight: 400;\"><span style=\"font-weight: 400;\">Wi\u0119kszo\u015b\u0107 podr\u00f3\u017cnych mo\u017ce wzi\u0105\u0107 udzia\u0142<\/span><\/li>\n<\/ol>\n<h4><b><i>Polityka anulowania<\/i><\/b><\/h4>\n<p>Aby uzyska\u0107 pe\u0142ny zwrot pieni\u0119dzy, zapoznaj si\u0119 z naszymi zasadami anulowania rezerwacji\u00a0<a href=\"https:\/\/www.ticketswhales.com\/online-booking\/\" target=\"_blank\" rel=\"noopener\" data-saferedirecturl=\"https:\/\/www.google.com\/url?q=https:\/\/www.ticketswhales.com\/online-booking\/&amp;source=gmail&amp;ust=1672449202351000&amp;usg=AOvVaw1yAeVAPktmaVCqDujgUn90\">Kliknij tutaj<\/a>. W przypadku anulowania rezerwacji jeszcze tego samego dnia wyjazdu, \u015brodki przepadn\u0105.<\/p>\n<p>UWAGA: Je\u015bli chcesz wzi\u0105\u0107 udzia\u0142 w tej wycieczce i pozna\u0107 wi\u0119cej szczeg\u00f3\u0142\u00f3w, mo\u017cesz to zrobi\u0107<a href=\"mailto:info@bookingadventures.com.do\">\u00a0skontaktuj si\u0119 z nami przez e-mail<\/a>l<strong>\u00a0<\/strong>lub za po\u015brednictwem naszego bezpo\u015bredniego czatu serwisowego Whatsapp pod tym numerem:\u00a0<strong>+1 809-720-6035<\/strong>. Natychmiast przyjedziemy do Ciebie i przedstawimy Ci ofert\u0119 dostosowuj\u0105c\u0105 cen\u0119 do ilo\u015bci os\u00f3b.<\/p>\n<p>(Wymagamy minimum 4 os\u00f3b, aby zorganizowa\u0107 wycieczk\u0119 prywatnie. W przypadku mniejszej liczby os\u00f3b mo\u017cemy zorganizowa\u0107 wycieczk\u0119 p\u00f3\u0142prywatn\u0105 dla maksymalnie 15 os\u00f3b).<\/p>\n<div id=\"gtx-trans\" style=\"position: absolute; left: -1px; top: 1055.03px;\">\n<div class=\"gtx-trans-icon\"><\/div>\n<\/div>\n\n\t\t<\/div>\n\t<\/div>\n<\/div><\/div><\/div><\/div><div class=\"vc_row wpb_row vc_row-fluid\" ><div class=\"wpb_column vc_column_container vc_col-sm-12\"><div class=\"vc_column-inner\"><div class=\"wpb_wrapper\"><div class=\"vc_btn3-container vc_btn3-inline\" ><button class=\"vc_general vc_btn3 vc_btn3-size-md vc_btn3-shape-rounded vc_btn3-style-modern vc_btn3-color-green\">BOOOK NOW<\/button><\/div><\/div><\/div><\/div><\/div><div class=\"vc_row wpb_row vc_row-fluid\" ><div class=\"wpb_column vc_column_container vc_col-sm-12\"><div class=\"vc_column-inner\"><div class=\"wpb_wrapper\"><div class=\"vc_empty_space\"   style=\"height: 32px\"><span class=\"vc_empty_space_inner\"><\/span><\/div>\n\t<div class=\"wpb_video_widget wpb_content_element vc_clearfix   vc_video-aspect-ratio-169 vc_video-el-width-100 vc_video-align-left\" >\n\t\t<div class=\"wpb_wrapper\">\n\t\t\t<h2 class=\"wpb_heading wpb_video_heading\">Film z wycieczek i wycieczek po wyspie Saona:<\/h2>\n\t\t\t<div class=\"wpb_video_wrapper\"><iframe loading=\"lazy\" title=\"Wyspa Saola Ca\u0142y dzie\u0144 w ramach rezerwacji Adventures, Travel Dominikana\" width=\"1100\" height=\"619\" src=\"https:\/\/www.youtube.com\/embed\/sas91N4zMHo?feature=oembed\" frameborder=\"0\" allow=\"accelerometer; autoplay; clipboard-write; encrypted-media; gyroscope; picture-in-picture; web-share\" allowfullscreen><\/iframe><\/div>\n\t\t<\/div>\n\t<\/div>\n<div class=\"vc_empty_space\"   style=\"height: 32px\"><span class=\"vc_empty_space_inner\"><\/span><\/div><\/div><\/div><\/div><\/div><div class=\"vc_row wpb_row vc_row-fluid\" ><\/div><div class=\"wpb_column vc_column_container vc_col-sm-12\"><div class=\"vc_column-inner\"><div class=\"wpb_wrapper\"><\/div><\/div><\/div><div class=\"vc_empty_space\"   style=\"height: 32px\"><span class=\"vc_empty_space_inner\"><\/span><\/div>\n\t<div class=\"wpb_text_column wpb_content_element\" >\n\t\t<div class=\"wpb_wrapper\">\n\t\t\t<p>Jestem blokiem tekstu. Kliknij przycisk edycji, aby zmieni\u0107 ten tekst. Lorem ipsum dolor sit amet, consectetur adipiscing elita. Ut elit tellus, luctus nec ullamcorper Mattis, pulvinar dapibus leo.<\/p>\n\n\t\t<\/div>\n\t<\/div>\n<div class=\"vc_empty_space\"   style=\"height: 32px\"><span class=\"vc_empty_space_inner\"><\/span><\/div>","protected":false},"excerpt":{"rendered":"<p><span style=\"vertical-align: inherit;\"><span style=\"vertical-align: inherit;\">Pase de un d\u00eda a la isla Saona desde el puerto de Bayahibe. <\/span><span style=\"vertical-align: inherit;\">Lunch i naturalne baseny wliczone w cen\u0119. <\/span><span style=\"vertical-align: inherit;\">W razie potrzeby transfer z dowolnej cz\u0119\u015bci Dominikany. <\/span><span style=\"vertical-align: inherit;\">Po prostu skontaktuj si\u0119 z nami i do\u015bwiadcz najlepszych wra\u017ce\u0144 na Isla Saona.<\/span><\/span><\/p>\n<p>&nbsp;<\/p>\n<p><em><strong><span style=\"vertical-align: inherit;\"><span style=\"vertical-align: inherit;\">Wybierz dat\u0119 wycieczki\u00a0<\/span><\/span><\/strong><\/em><\/p>","protected":false},"featured_media":11710,"template":"","meta":[],"product_brand":[],"product_cat":[576,453,461],"product_tag":[165,166,167,168,169,455,456,170,171,172,173,457,458,175],"class_list":{"0":"post-11684","1":"product","2":"type-product","3":"status-publish","4":"has-post-thumbnail","6":"product_cat-1-punta-cana","7":"product_cat-saona-island-offers","8":"product_cat-saona-island-private-tour-from-la-romana-hotels-la-romana-lobby","9":"product_tag-all-inclusive-trip-to-saona-island-by-speedboat-catamaran","10":"product_tag-bayahibe","11":"product_tag-catamaran","12":"product_tag-how-to-get-to-saona-island","13":"product_tag-isla-saona","14":"product_tag-private-day-trip-saona","15":"product_tag-private-tours","16":"product_tag-saona","17":"product_tag-saona-island","18":"product_tag-saona-island-excursion","19":"product_tag-saona-island-hotels","20":"product_tag-saona-island-private","21":"product_tag-saona-island-private-tour-from-punta-cana-hotels-punta-cana-lobby","22":"product_tag-saona-island-tour","24":"first","25":"instock","26":"sale","27":"featured","28":"shipping-taxable","29":"product-type-external"},"_links":{"self":[{"href":"https:\/\/visitaloshaitises.com\/pl\/wp-json\/wp\/v2\/product\/11684","targetHints":{"allow":["GET"]}}],"collection":[{"href":"https:\/\/visitaloshaitises.com\/pl\/wp-json\/wp\/v2\/product"}],"about":[{"href":"https:\/\/visitaloshaitises.com\/pl\/wp-json\/wp\/v2\/types\/product"}],"wp:featuredmedia":[{"embeddable":true,"href":"https:\/\/visitaloshaitises.com\/pl\/wp-json\/wp\/v2\/media\/11710"}],"wp:attachment":[{"href":"https:\/\/visitaloshaitises.com\/pl\/wp-json\/wp\/v2\/media?parent=11684"}],"wp:term":[{"taxonomy":"product_brand","embeddable":true,"href":"https:\/\/visitaloshaitises.com\/pl\/wp-json\/wp\/v2\/product_brand?post=11684"},{"taxonomy":"product_cat","embeddable":true,"href":"https:\/\/visitaloshaitises.com\/pl\/wp-json\/wp\/v2\/product_cat?post=11684"},{"taxonomy":"product_tag","embeddable":true,"href":"https:\/\/visitaloshaitises.com\/pl\/wp-json\/wp\/v2\/product_tag?post=11684"}],"curies":[{"name":"wp","href":"https:\/\/api.w.org\/{rel}","templated":true}]}}