{"id":11680,"date":"2023-10-04T07:40:10","date_gmt":"2023-10-04T07:40:10","guid":{"rendered":"https:\/\/haitises.com\/?post_type=product&#038;p=11680"},"modified":"2024-03-29T02:18:01","modified_gmt":"2024-03-29T02:18:01","slug":"punta-cana-buggy-tour-pick-up-from-punta-cana-hotels-3","status":"publish","type":"product","link":"https:\/\/visitaloshaitises.com\/pl\/private\/punta-cana-buggy-wycieczka-odbior-z-punta-cana-hotele\/","title":{"rendered":"Punta Cana Buggy Tour - odbi\u00f3r z hoteli w Punta Cana"},"content":{"rendered":"<div class=\"vc_row wpb_row vc_row-fluid\" ><div class=\"wpb_column vc_column_container vc_col-sm-12\"><div class=\"vc_column-inner\"><div class=\"wpb_wrapper\"><div class=\"mkdf-section-title-holder\" style=\"text-align: left\">\n\t<div class=\"mkdf-st-inner\">\n\t\t\t\t\t<h5 class=\"mkdf-st-subtitle\" >\n\t\t\t\tZ hoteli w Punta Cana\t\t\t<\/h5>\n\t\t\t\t\t\t\t<h3 class=\"mkdf-st-title\" >\n\t\t\t\tPunta Cana Buggies - Buggy\t\t\t<\/h3>\n\t\t\t\t\t\t\t<p class=\"mkdf-st-text\" >\n\t\t\t\tUwaga: Ta wycieczka rozpoczyna si\u0119 o godzinie 7:00 w zale\u017cno\u015bci od tego, gdzie znajduje si\u0119 hotel odbioru, czas mo\u017ce ulec zmianie. Dodatkowe koszty odbioru w obszarach niewymienionych w naszym opisie.\t\t\t<\/p>\n\t\t\t<\/div>\n<\/div><\/div><\/div><\/div><\/div><div class=\"vc_row wpb_row vc_row-fluid\" ><div class=\"wpb_column vc_column_container vc_col-sm-12\"><div class=\"vc_column-inner\"><div class=\"wpb_wrapper\"><div class=\"vc_empty_space\"   style=\"height: 32px\"><span class=\"vc_empty_space_inner\"><\/span><\/div><\/div><\/div><\/div><\/div><div class=\"vc_row wpb_row vc_row-fluid\" ><div class=\"wpb_column vc_column_container vc_col-sm-12\"><div class=\"vc_column-inner\"><div class=\"wpb_wrapper\">\n\t<div class=\"wpb_text_column wpb_content_element\" >\n\t\t<div class=\"wpb_wrapper\">\n\t\t\t<h4><b><i>Przegl\u0105d <\/i><\/b><\/h4>\n<div>\n<p>Zwiedzaj rajskie krajobrazy Punta Cana na pok\u0142adzie w\u0142asnego buggy! B\u0119dziesz <strong>Odkryj wiosk\u0119 Makau i jej idylliczne pla\u017ce<\/strong>, a tak\u017ce zanurzy\u0107 si\u0119 w rdzennej cenocie.<\/p>\n<\/div>\n<ul class=\"vcs-highlights\">\n<li>Wyb\u00f3r kilku odlot\u00f3w w ci\u0105gu dnia<\/li>\n<li>Ciesz si\u0119 fantastycznymi widokami<\/li>\n<li>Przyjazny rodzinie<\/li>\n<li>Odbi\u00f3r z centralnie po\u0142o\u017conego punktu spotka\u0144<\/li>\n<li>Romantyczne do\u015bwiadczenie, idealne dla par<\/li>\n<\/ul>\n<p>&nbsp;<\/p>\n<h4><b>W\u0142\u0105czenia i wy\u0142\u0105czenia<\/b><\/h4>\n<p>&nbsp;<\/p>\n<p><b>W\u0142\u0105czenia<\/b><\/p>\n<p>&nbsp;<\/p>\n<ol>\n<li>Buggies Tour<\/li>\n<li>Odbi\u00f3r autobusem z hotelu<\/li>\n<li style=\"font-weight: 400;\"><span style=\"font-weight: 400;\">Wszystkie podatki, op\u0142aty i op\u0142aty manipulacyjne<\/span><\/li>\n<li style=\"font-weight: 400;\"><span style=\"font-weight: 400;\">Podatki lokalne<\/span><\/li>\n<li style=\"font-weight: 400;\"><span style=\"font-weight: 400;\">Napoje<\/span><\/li>\n<\/ol>\n<p><b> Wy\u0142\u0105czenia<\/b><\/p>\n<ol>\n<li style=\"font-weight: 400;\"><span style=\"font-weight: 400;\">Gratyfikacje<\/span><\/li>\n<li>Lunch<\/li>\n<\/ol>\n<p>&nbsp;<\/p>\n<h4><em><strong>Wylot i powr\u00f3t<\/strong><\/em><\/h4>\n<p><span style=\"font-weight: 400;\">Podr\u00f3\u017cny otrzyma miejsce spotkania po zako\u0144czeniu procesu rezerwacji. Wycieczki rozpoczynaj\u0105 si\u0119 i ko\u0144cz\u0105 w naszych punktach spotka\u0144.<\/span><\/p>\n<p>&nbsp;<\/p>\n<h4><b><i>Czego si\u0119 spodziewa\u0107?<\/i><\/b><\/h4>\n<p>Po odebraniu z hotelu udamy si\u0119 do wn\u0119trza Punta Cana. Otoczony przez <strong>plantacje kawy i kakao<\/strong>tw\u00f3j\u00a0<strong>lokalni przewodnicy<\/strong>\u00a0wyja\u015bni tras\u0119 i wszystko, co musisz wiedzie\u0107, aby prowadzi\u0107 buggy.<\/p>\n<p>Nast\u0119pnie przekr\u0119cimy kluczyk w stacyjce i rozpoczniemy ekscytuj\u0105c\u0105 jazd\u0119.\u00a0<strong>wzg\u00f3rza, plantacje kawy, polne \u015bcie\u017cki i koryta rzek<\/strong>.<\/p>\n<p>Naszym pierwszym przystankiem b\u0119dzie pla\u017ca Macao. Z dala od du\u017cych hoteli i obszar\u00f3w turystycznych, to\u00a0<strong>naturalny raj<\/strong>\u00a0a jego krystalicznie czysta woda jest idealnym miejscem do k\u0105pieli, a tutaj b\u0119dziesz mia\u0142 wolny czas na\u00a0<strong>p\u0142ywa\u0107 w osza\u0142amiaj\u0105cym Morzu Karaibskim<\/strong>.<\/p>\n<p>Nast\u0119pnie wejdziemy z powrotem na pok\u0142ad naszego buggy, w drodze do tak zwanych \"rdzennych \u017ar\u00f3de\u0142\", odkrywaj\u0105c jedno z najbardziej idyllicznych miejsc na \u015bwiecie.<strong>\u00a0cenoty<\/strong>\u00a0w Punta Cana. B\u0119dziesz mie\u0107 p\u00f3\u0142 godziny wolnego czasu na zwiedzanie tego podziemnego basenu i p\u0142ywanie w jego turkusowych wodach.<\/p>\n<p>Na koniec zostawimy buggy i b\u0119dziemy towarzyszy\u0107 ci z powrotem do miejsca zakwaterowania, ko\u0144cz\u0105c niezapomniany dzie\u0144.<\/p>\n<p><strong>Harmonogram:<\/strong><\/p>\n<p>7:00 - 19:00... Zmiana czasu w zale\u017cno\u015bci od lokalizacji w Punta Cana.<\/p>\n<h4>Solo czy wsp\u00f3\u0142dzielenie?<\/h4>\n<p>Podczas dokonywania rezerwacji mo\u017cesz wybra\u0107, czy wolisz prowadzi\u0107 buggy dla siebie, czy dzieli\u0107 pojazd z jedn\u0105 lub trzema innymi osobami. Podana cena dotyczy jednej osoby.<\/p>\n<p>&nbsp;<\/p>\n<h4><em><strong>Co nale\u017cy ze sob\u0105 zabra\u0107?<\/strong><\/em><\/h4>\n<ul>\n<li style=\"font-weight: 400;\"><span style=\"font-weight: 400;\">Kamera<\/span><\/li>\n<li style=\"font-weight: 400;\"><span style=\"font-weight: 400;\">P\u0105ki odstraszaj\u0105ce<\/span><\/li>\n<li style=\"font-weight: 400;\"><span style=\"font-weight: 400;\">krem do opalania<\/span><\/li>\n<li style=\"font-weight: 400;\"><span style=\"font-weight: 400;\">Kapelusz<\/span><\/li>\n<li style=\"font-weight: 400;\"><span style=\"font-weight: 400;\">Wygodne spodnie<\/span><\/li>\n<li style=\"font-weight: 400;\"><span style=\"font-weight: 400;\">Buty turystyczne do lasu<\/span><\/li>\n<li style=\"font-weight: 400;\"><span style=\"font-weight: 400;\">Sanda\u0142y na pla\u017c\u0119<\/span><\/li>\n<li style=\"font-weight: 400;\"><span style=\"font-weight: 400;\">Odzie\u017c do p\u0142ywania<\/span><\/li>\n<li>Got\u00f3wka na pami\u0105tki<\/li>\n<\/ul>\n<p>&nbsp;<\/p>\n<h4><b><i>Pickup Hotel <\/i><\/b><\/h4>\n<p><span style=\"font-weight: 400;\">Oferowany jest odbi\u00f3r podr\u00f3\u017cnych!<\/span><\/p>\n<p><span style=\"font-weight: 400;\">Odbieramy ze wszystkich hoteli w Punta Cana. Lokalizacja odbioru to lobby hotelowe<br \/>\nJe\u015bli przebywasz w domku w okolicy, odbierzemy Ci\u0119 z domku lub przy wej\u015bciu do najbli\u017cszego o\u015brodka.... Ustawiamy odbi\u00f3r, kontaktuj\u0105c si\u0119 z nami przez Whatsapp.<\/span><\/p>\n<p><b>Uwaga:<\/b><span style=\"font-weight: 400;\"> Je\u015bli rezerwacja zostanie dokonana w ci\u0105gu 24 godzin od rozpocz\u0119cia wycieczki, mo\u017cemy zorganizowa\u0107 odbi\u00f3r z hotelu. Po dokonaniu zakupu prze\u015blemy pe\u0142ne informacje kontaktowe (numer telefonu, adres e-mail itp.) dla naszego lokalnego przewodnika w celu zorganizowania odbioru.<\/span><\/p>\n<h4><b><i>Dodatkowe informacje Potwierdzenie <\/i><\/b><\/h4>\n<ol>\n<li>Bilety s\u0105 pokwitowaniem po op\u0142aceniu tej wycieczki. P\u0142atno\u015b\u0107 mo\u017cna wy\u015bwietli\u0107 w telefonie.<\/li>\n<li style=\"font-weight: 400;\"><span style=\"font-weight: 400;\">Miejsce spotkania zostanie podane po zako\u0144czeniu procesu rezerwacji.<\/span><\/li>\n<li style=\"font-weight: 400;\"><strong>Dzieci w wieku od 5 do 11 lat<\/strong>\u00a0mog\u0105 wzi\u0105\u0107 udzia\u0142 tylko wtedy, gdy jad\u0105 w w\u00f3zku 2- lub 4-osobowym w towarzystwie osoby doros\u0142ej, poniewa\u017c nie s\u0105 w stanie prowadzi\u0107 w\u00f3zk\u00f3w.<\/li>\n<li style=\"font-weight: 400;\"><span style=\"font-weight: 400;\">dost\u0119pny dla w\u00f3zk\u00f3w inwalidzkich <\/span><\/li>\n<li style=\"font-weight: 400;\"><span style=\"font-weight: 400;\">Niemowl\u0119ta musz\u0105 siedzie\u0107 na kolanach <\/span><\/li>\n<li style=\"font-weight: 400;\"><span style=\"font-weight: 400;\">Wi\u0119kszo\u015b\u0107 podr\u00f3\u017cnych mo\u017ce wzi\u0105\u0107 udzia\u0142<\/span><\/li>\n<li><strong>Kobiety w ci\u0105\u017cy<\/strong>\u00a0nie mog\u0105 bra\u0107 udzia\u0142u w tej aktywno\u015bci.<\/li>\n<\/ol>\n<h4><b><i>Polityka anulowania<\/i><\/b><\/h4>\n<p><span style=\"font-weight: 400;\">Aby uzyska\u0107 pe\u0142ny zwrot pieni\u0119dzy, zapoznaj si\u0119 z naszymi zasadami anulowania rezerwacji\u00a0<a href=\"https:\/\/www.ticketswhales.com\/online-booking\/\" target=\"_blank\" rel=\"noopener\" data-saferedirecturl=\"https:\/\/www.google.com\/url?q=https:\/\/www.ticketswhales.com\/online-booking\/&amp;source=gmail&amp;ust=1672449202351000&amp;usg=AOvVaw1yAeVAPktmaVCqDujgUn90\">Kliknij tutaj<\/a>. W przypadku anulowania rezerwacji jeszcze tego samego dnia wyjazdu, \u015brodki przepadn\u0105.<\/span><\/p>\n\n\t\t<\/div>\n\t<\/div>\n<\/div><\/div><\/div><\/div><div class=\"vc_row wpb_row vc_row-fluid\" ><div class=\"wpb_column vc_column_container vc_col-sm-12\"><div class=\"vc_column-inner\"><div class=\"wpb_wrapper\">\n\t<div class=\"wpb_text_column wpb_content_element\" >\n\t\t<div class=\"wpb_wrapper\">\n\t\t\t<h4>Skontaktowa\u0107 si\u0119 z nami?<\/h4>\n<h5><em><strong>Rezerwacja przyg\u00f3d<\/strong><\/em><\/h5>\n<p><em><strong>Miejscowi<\/strong> i <strong>Nationals<\/strong> Przewodnicy turystyczni i obs\u0142uga go\u015bci<\/em><\/p>\n<p><span class=\"text-turquoise\">Rezerwacje:<\/span> Wycieczki w Dom. Rep.<\/p>\n\n\t\t<\/div>\n\t<\/div>\n<\/div><\/div><\/div><\/div><div class=\"vc_row wpb_row vc_row-fluid\" ><div class=\"wpb_column vc_column_container vc_col-sm-12\"><div class=\"vc_column-inner\"><div class=\"wpb_wrapper\"><div class=\"vc_empty_space\"   style=\"height: 32px\"><span class=\"vc_empty_space_inner\"><\/span><\/div>\n\t<div class=\"wpb_text_column wpb_content_element\" >\n\t\t<div class=\"wpb_wrapper\">\n\t\t\t<h4>Skontaktowa\u0107 si\u0119 z nami?<\/h4>\n<h5>Rezerwacja przyg\u00f3d<\/h5>\n<p><em><strong>Miejscowi<\/strong>\u00a0i\u00a0<strong>Nationals<\/strong>\u00a0Przewodnicy turystyczni i obs\u0142uga go\u015bci<\/em><\/p>\n<p><span class=\"text-turquoise\">Rezerwacje:<\/span>\u00a0Wycieczki w Dom. Rep.<\/p>\n<p><img decoding=\"async\" class=\"emoji\" draggable=\"false\" src=\"https:\/\/s.w.org\/images\/core\/emoji\/11.2.0\/svg\/1f4de.svg\" alt=\"\ud83d\udcde\" \/>\u00a0Tel \/ Whatsapp\u00a0\u00a0<a href=\"tel:+1-809-720-6035\">+1-809-720-6035<\/a>.<\/p>\n<p><img decoding=\"async\" class=\"emoji\" draggable=\"false\" src=\"https:\/\/s.w.org\/images\/core\/emoji\/11.2.0\/svg\/1f4e9.svg\" alt=\"\ud83d\udce9\" \/>\u00a0<a href=\"mailto:info@bookingadventures.com.do\">info@bookingadventures.com.do<\/a><\/p>\n<p><strong>Jeste\u015bmy elastyczni w ustalaniu prywatnych wycieczek przez Whatsapp:\u00a0<a href=\"tel:+18097206035\">+18097206035.<\/a><\/strong><\/p>\n\n\t\t<\/div>\n\t<\/div>\n<div class=\"vc_empty_space\"   style=\"height: 32px\"><span class=\"vc_empty_space_inner\"><\/span><\/div><\/div><\/div><\/div><\/div>","protected":false},"excerpt":{"rendered":"<p>Po odebraniu z hotelu udamy si\u0119 do wn\u0119trza Punta Cana. Otoczony przez\u00a0<strong>plantacje kawy i kakao<\/strong>tw\u00f3j\u00a0<strong>lokalni przewodnicy<\/strong>\u00a0wyja\u015bni tras\u0119 i wszystko, co musisz wiedzie\u0107, aby prowadzi\u0107 buggy.<\/p>\n<p>Nast\u0119pnie przekr\u0119cimy kluczyk w stacyjce i rozpoczniemy ekscytuj\u0105c\u0105 jazd\u0119.\u00a0<strong>wzg\u00f3rza, plantacje kawy, polne \u015bcie\u017cki i koryta rzek<\/strong>.<\/p>\n<p>&nbsp;<\/p>\n<p><em><strong>Wybierz dat\u0119 wycieczki\u00a0<\/strong><\/em><\/p>","protected":false},"featured_media":11037,"template":"","meta":[],"product_brand":[],"product_cat":[576,449,569,599,305,122,259],"product_tag":[450,451,141,452,362,228],"class_list":{"0":"post-11680","1":"product","2":"type-product","3":"status-publish","4":"has-post-thumbnail","6":"product_cat-1-punta-cana","7":"product_cat-punta-cana-buggy-tour","8":"product_cat-punta-cana-group-tours","9":"product_cat-punta-cana-buggies","10":"product_cat-tours-and-excursion-punta-cana","11":"product_cat-tours-and-excursions","12":"product_cat-tours-excursions-punta-cana-dominican-republic","13":"product_tag-buggies","14":"product_tag-buggies-punta-cana","15":"product_tag-punta-cana","16":"product_tag-punta-cana-buggy-tour-pick-up-from-punta-cana-hotels","17":"product_tag-punta-cana-catamaran-party-with-snorkeling-and-parasailing","18":"product_tag-punta-cana-tours","20":"first","21":"instock","22":"sale","23":"sold-individually","24":"shipping-taxable","25":"product-type-external"},"_links":{"self":[{"href":"https:\/\/visitaloshaitises.com\/pl\/wp-json\/wp\/v2\/product\/11680","targetHints":{"allow":["GET"]}}],"collection":[{"href":"https:\/\/visitaloshaitises.com\/pl\/wp-json\/wp\/v2\/product"}],"about":[{"href":"https:\/\/visitaloshaitises.com\/pl\/wp-json\/wp\/v2\/types\/product"}],"wp:featuredmedia":[{"embeddable":true,"href":"https:\/\/visitaloshaitises.com\/pl\/wp-json\/wp\/v2\/media\/11037"}],"wp:attachment":[{"href":"https:\/\/visitaloshaitises.com\/pl\/wp-json\/wp\/v2\/media?parent=11680"}],"wp:term":[{"taxonomy":"product_brand","embeddable":true,"href":"https:\/\/visitaloshaitises.com\/pl\/wp-json\/wp\/v2\/product_brand?post=11680"},{"taxonomy":"product_cat","embeddable":true,"href":"https:\/\/visitaloshaitises.com\/pl\/wp-json\/wp\/v2\/product_cat?post=11680"},{"taxonomy":"product_tag","embeddable":true,"href":"https:\/\/visitaloshaitises.com\/pl\/wp-json\/wp\/v2\/product_tag?post=11680"}],"curies":[{"name":"wp","href":"https:\/\/api.w.org\/{rel}","templated":true}]}}