{"id":11678,"date":"2023-10-04T07:40:10","date_gmt":"2023-10-04T07:40:10","guid":{"rendered":"https:\/\/haitises.com\/?post_type=product&#038;p=11678"},"modified":"2024-03-28T20:31:45","modified_gmt":"2024-03-28T20:31:45","slug":"27-waterfalls-of-damajagua-tour-from-cabarete-sosua-and-puerto-plata-hotels-pick-up-3","status":"publish","type":"product","link":"https:\/\/visitaloshaitises.com\/pl\/private\/27-wodospady-damajagua-wycieczka-z-cabarete-sosua-i-puerto-plata-hotele-odbior\/","title":{"rendered":"27 wodospad\u00f3w Damajagua Tour z Cabarete, Sosua i Puerto Plata. Odbi\u00f3r z hotelu."},"content":{"rendered":"<div class=\"vc_row wpb_row vc_row-fluid\" ><div class=\"wpb_column vc_column_container vc_col-sm-12\"><div class=\"vc_column-inner\"><div class=\"wpb_wrapper\"><div class=\"mkdf-section-title-holder\" style=\"text-align: left\">\n\t<div class=\"mkdf-st-inner\">\n\t\t\t\t\t<h5 class=\"mkdf-st-subtitle\" >\n\t\t\t\tTransport i lunch w cenie\t\t\t<\/h5>\n\t\t\t\t\t\t\t<h3 class=\"mkdf-st-title\" >\n\t\t\t\t27 Wodospady Damajagua Tour z Cabarete, Sosua i Puerto Plata.\t\t\t<\/h3>\n\t\t\t\t\t<\/div>\n<\/div><\/div><\/div><\/div><\/div><div class=\"vc_row wpb_row vc_row-fluid\" ><div class=\"wpb_column vc_column_container vc_col-sm-12\"><div class=\"vc_column-inner\"><div class=\"wpb_wrapper\"><div class=\"vc_btn3-container vc_btn3-inline\" ><a class=\"vc_general vc_btn3 vc_btn3-size-md vc_btn3-shape-rounded vc_btn3-style-modern vc_btn3-color-green\" href=\"https:\/\/bookingadventures.tours\/booking.php?tour_id=36f9705bcc61386d84e226d0c35f8a49\" title=\"\" target=\"_blank\" rel=\"noopener\">ZAREZERWUJ TERAZ<\/a><\/div>\n\t<div class=\"wpb_text_column wpb_content_element\" >\n\t\t<div class=\"wpb_wrapper\">\n\t\t\t<h3 class=\"ui_header h1 attractions-product-info-ProductTitle__title--1qM0o\"><\/h3>\n<h4><b><i>Przegl\u0105d <\/i><\/b><\/h4>\n<p>Zdob\u0105d\u017a bilety na p\u00f3\u0142dniow\u0105 wycieczk\u0119 do wodospadu 27 z Damajagua. Bilety wst\u0119pu z lunchem i wycieczk\u0105 obejmuj\u0105 skoki i p\u0142ywanie w najpi\u0119kniejszych wodospadach Republiki Dominikany. Piesze w\u0119dr\u00f3wki i p\u0142ywanie ze sprz\u0119tem ochronnym, aby zapewni\u0107 najlepsze wra\u017cenia w historii!<\/p>\n<p>Po tym do\u015bwiadczeniu powr\u00f3cisz do lokalizacji, w kt\u00f3rej spotkasz si\u0119 z przewodnikiem.<\/p>\n<ul>\n<li style=\"font-weight: 400;\">Op\u0142aty wliczone w cen\u0119<\/li>\n<li>Lunch<\/li>\n<li>Przek\u0105ski<\/li>\n<li style=\"font-weight: 400;\">Lokalny przewodnik turystyczny en Espa\u00f1ol<\/li>\n<\/ul>\n<p>&nbsp;<\/p>\n<h4><b>W\u0142\u0105czenia i wy\u0142\u0105czenia<\/b><\/h4>\n<p>&nbsp;<\/p>\n<p><b>W\u0142\u0105czenia<\/b><\/p>\n<ol>\n<li>\u00a0 27 wodospad\u00f3w Damajagua (obecnie jest ich tylko 12 i 7 kaskad)<\/li>\n<li>\u00a0 Bufet obejmuj\u0105cy napoje i napoje tropikalne<\/li>\n<li>\u00a0 Wszystkie podatki, op\u0142aty i op\u0142aty manipulacyjne<\/li>\n<li>\u00a0 Podatki lokalne<\/li>\n<li>\u00a0 Wszystkie dzia\u0142ania<\/li>\n<li>\u00a0 Lokalny przewodnik<\/li>\n<li>\u00a0 Wizyta w fabryce cygar<\/li>\n<\/ol>\n<p><b> Wy\u0142\u0105czenia<\/b><\/p>\n<ol>\n<li style=\"font-weight: 400;\"><span style=\"font-weight: 400;\">Gratyfikacje<\/span><\/li>\n<\/ol>\n<h4><em><strong>Wylot i powr\u00f3t<\/strong><\/em><\/h4>\n<p><span style=\"font-weight: 400;\">Mamy harmonogram zaprojektowany tak, aby odebra\u0107 i zawie\u017a\u0107 Ci\u0119 w zale\u017cno\u015bci od obszaru, w kt\u00f3rym si\u0119 znajdujesz. Szczeg\u00f3\u0142owe informacje znajduj\u0105 si\u0119 poni\u017cej w sekcji odbioru z hotelu. <\/span><\/p>\n<p>Jest to program, kt\u00f3ry ustalili\u015bmy na podstawie lokalizacji. Poinformuj nas o konkretnym hotelu, a my skontaktujemy si\u0119 z Tob\u0105, aby powiedzie\u0107 Ci, gdzie si\u0119 spotkamy.<\/p>\n<p>&nbsp;<\/p>\n<table style=\"height: 246px;\" width=\"237\">\n<tbody>\n<tr>\n<td><b>miejsce<\/b><\/td>\n<td><b>czas<\/b><\/td>\n<\/tr>\n<tr>\n<td><b>Cabarete<\/b><\/td>\n<td><b>7:45<\/b><\/td>\n<\/tr>\n<tr>\n<td><b>Sosua<\/b><\/td>\n<td><b>8:10<\/b><\/td>\n<\/tr>\n<tr>\n<td><b>Z\u0142ota Pla\u017ca<\/b><\/td>\n<td><b>8:50<\/b><\/td>\n<\/tr>\n<tr>\n<td><b>Gold Coast<\/b><\/td>\n<td><b>9:00<\/b><\/td>\n<\/tr>\n<tr>\n<td><b>Cofresi (styl \u017cycia)<\/b><\/td>\n<td><b>9:20<\/b><\/td>\n<\/tr>\n<tr>\n<td><b>Senator<\/b><\/td>\n<td><b>9:30<\/b><\/td>\n<\/tr>\n<\/tbody>\n<\/table>\n<h4><\/h4>\n<h3 class=\"ui_header h1 attractions-product-info-ProductTitle__title--1qM0o\">Wycieczka 27 wodospad\u00f3w Damajagua z Puerto Plata.<\/h3>\n<h4><b><i>Czego si\u0119 spodziewa\u0107?<\/i><\/b><\/h4>\n<div class=\"apd_content_block\" data-tab=\"TABS_OVERVIEW\">\n<div class=\"ui_card section attractions-product-details-Overview__sectionMargin--uHktd attractions-product-details-Overview__cleanslateOverrideDT--39Ov7\">\n<p>Odkryj zaciszne wodospady Damajagua, ukryte na wzg\u00f3rzach p\u00f3\u0142nocnego korytarza Dominikany, podczas tej ca\u0142odniowej wycieczki z Puerto Plata.  Odkryj dwadzie\u015bcia siedem dziewiczych wodospad\u00f3w, kaskadowych nad wapieniem, z lokalnym przewodnikiem. Uzyskaj kr\u00f3tk\u0105 odpraw\u0119 dotycz\u0105c\u0105 bezpiecze\u0144stwa, a nast\u0119pnie skacz, p\u0142ywaj i zje\u017cd\u017caj po naturalnych zje\u017cd\u017calniach wodnych.<\/p>\n<p>Lunch i napoje s\u0105 wliczone w cen\u0119. Umiarkowana 40-minutowa w\u0119dr\u00f3wka pod g\u00f3r\u0119 przez pi\u0119kny krajobraz d\u017cungli prowadzi do 12. wodospadu lub, je\u015bli jeste\u015b w doskona\u0142ej formie fizycznej, wybierz w\u0119dr\u00f3wk\u0119 na szczyt 27 wodospad\u00f3w (oko\u0142o 70 minut) i do\u015bwiadcz tego wszystkiego.<\/p>\n<p>Tak czy inaczej, prawdziwa zabawa zaczyna si\u0119, gdy wracamy w d\u00f3\u0142 rzeki i skaczesz, \u015blizgasz si\u0119 i p\u0142ywasz przez seri\u0119 spektakularnych wodospad\u00f3w, kanion\u00f3w i lazurowych basen\u00f3w, wy\u0142aniaj\u0105c si\u0119 z g\u0142upim u\u015bmiechem na twarzy i niesamowitymi wspomnieniami do piel\u0119gnowania! Wycieczki obejmuj\u0105 skoki do 25 st\u00f3p (8 metr\u00f3w), ale nie martw si\u0119, je\u015bli nie czujesz si\u0119 komfortowo ze skokami, istnieje alternatywna droga w d\u00f3\u0142.<\/p>\n<p>Po 15-minutowym spacerze z powrotem do obozu bazowego i przebraniu si\u0119 w suche ubrania mo\u017cna zje\u015b\u0107 pyszny i urozmaicony dominika\u0144ski lunch w formie bufetu, kt\u00f3ry obejmuje grillowanego kurczaka i wieprzowin\u0119, gulasze, ry\u017c, makaron i sa\u0142atki.<\/p>\n<p>Lokalne napoje rumowe, napoje gazowane i woda s\u0105 r\u00f3wnie\u017c wliczone w cen\u0119 (piwo jest dost\u0119pne, ale nie jest wliczone w cen\u0119). Po posi\u0142ku po\u017cegnasz si\u0119 z lokalnymi przewodnikami, ale wspomnienia z tego do\u015bwiadczenia pozostan\u0105 na ca\u0142e \u017cycie. A to nie wszystko, nast\u0119pnie udasz si\u0119 do fabryki cygar, gdzie zobaczysz, jak je przygotowuj\u0105, a tak\u017ce b\u0119dziesz m\u00f3g\u0142 je kupi\u0107, je\u015bli b\u0119dziesz zainteresowany. Pami\u0119taj, \u017ce Dominikana jest jednym z najlepszych kraj\u00f3w produkuj\u0105cych cygara, wi\u0119c jest to Twoja szansa, aby uczy\u0107 si\u0119 od najlepszych nauczycieli w historii.<\/p>\n<\/div>\n<\/div>\n<h4><em><strong>Co nale\u017cy ze sob\u0105 zabra\u0107?<\/strong><\/em><\/h4>\n<ul>\n<li style=\"font-weight: 400;\"><span style=\"font-weight: 400;\">Kamera<\/span><\/li>\n<li style=\"font-weight: 400;\"><span style=\"font-weight: 400;\">P\u0105ki odstraszaj\u0105ce<\/span><\/li>\n<li style=\"font-weight: 400;\"><span style=\"font-weight: 400;\">Krem do opalania<\/span><\/li>\n<li style=\"font-weight: 400;\"><span style=\"font-weight: 400;\">Kapelusz<\/span><\/li>\n<li style=\"font-weight: 400;\"><span style=\"font-weight: 400;\">Wygodne spodnie<\/span><\/li>\n<li style=\"font-weight: 400;\"><span style=\"font-weight: 400;\">Buty turystyczne do lasu<\/span><\/li>\n<li style=\"font-weight: 400;\"><span style=\"font-weight: 400;\">Sanda\u0142y do obszar\u00f3w wiosennych.<\/span><\/li>\n<li style=\"font-weight: 400;\"><span style=\"font-weight: 400;\">Odzie\u017c do p\u0142ywania<\/span><\/li>\n<\/ul>\n<p>&nbsp;<\/p>\n<h4><b><i>Pickup Hotel <\/i><\/b><\/h4>\n<p><span style=\"font-weight: 400;\">Podczas tej wycieczki oferowany jest odbi\u00f3r z hotelu. Ustawiamy odbi\u00f3r, kontaktuj\u0105c si\u0119 z nami przez Whatsapp.<\/span><\/p>\n<p>&nbsp;<\/p>\n<p><b>Uwaga:<\/b><span style=\"font-weight: 400;\"> Je\u015bli rezerwacja zostanie dokonana w ci\u0105gu 24 godzin od rozpocz\u0119cia wycieczki, mo\u017cemy zorganizowa\u0107 odbi\u00f3r z hotelu. Po dokonaniu zakupu prze\u015blemy pe\u0142ne informacje kontaktowe (numer telefonu, adres e-mail itp.) dla naszego lokalnego przewodnika w celu zorganizowania odbioru.<\/span><\/p>\n<h4><b><i>Dodatkowe informacje Potwierdzenie <\/i><\/b><\/h4>\n<ol>\n<li>Bilety s\u0105 pokwitowaniem po op\u0142aceniu tej wycieczki. P\u0142atno\u015b\u0107 mo\u017cna wy\u015bwietli\u0107 w telefonie.<\/li>\n<li style=\"font-weight: 400;\"><span style=\"font-weight: 400;\">Miejsce spotkania zostanie podane po zako\u0144czeniu procesu rezerwacji.<\/span><\/li>\n<li style=\"font-weight: 400;\"><span style=\"font-weight: 400;\">Dzieciom musi towarzyszy\u0107 osoba doros\u0142a.<\/span><\/li>\n<li style=\"font-weight: 400;\"><span style=\"font-weight: 400;\"> Brak dost\u0119pu dla w\u00f3zk\u00f3w inwalidzkich <\/span><\/li>\n<li style=\"font-weight: 400;\"><span style=\"font-weight: 400;\">Niemowl\u0119ta musz\u0105 siedzie\u0107 na kolanach <\/span><\/li>\n<li style=\"font-weight: 400;\"><span style=\"font-weight: 400;\">Niezalecane dla os\u00f3b z problemami z kr\u0119gos\u0142upem<\/span><\/li>\n<li style=\"font-weight: 400;\"><span style=\"font-weight: 400;\">Niezalecane dla kobiet w ci\u0105\u017cy <\/span><\/li>\n<li style=\"font-weight: 400;\"><span style=\"font-weight: 400;\"> Brak problem\u00f3w z sercem lub innych powa\u017cnych schorze\u0144 <\/span><\/li>\n<li style=\"font-weight: 400;\"><span style=\"font-weight: 400;\">Wi\u0119kszo\u015b\u0107 podr\u00f3\u017cnych mo\u017ce wzi\u0105\u0107 udzia\u0142<\/span><\/li>\n<\/ol>\n<h4><b><i>Polityka anulowania<\/i><\/b><\/h4>\n<p>Aby uzyska\u0107 pe\u0142ny zwrot pieni\u0119dzy, zapoznaj si\u0119 z naszymi zasadami anulowania rezerwacji\u00a0<a href=\"https:\/\/www.ticketswhales.com\/online-booking\/\" target=\"_blank\" rel=\"noopener\" data-saferedirecturl=\"https:\/\/www.google.com\/url?q=https:\/\/www.ticketswhales.com\/online-booking\/&amp;source=gmail&amp;ust=1672449202351000&amp;usg=AOvVaw1yAeVAPktmaVCqDujgUn90\">Kliknij tutaj<\/a>. W przypadku anulowania rezerwacji jeszcze tego samego dnia wyjazdu, \u015brodki przepadn\u0105.<\/p>\n\n\t\t<\/div>\n\t<\/div>\n<\/div><\/div><\/div><\/div><div class=\"vc_row wpb_row vc_row-fluid\" ><div class=\"wpb_column vc_column_container vc_col-sm-12\"><div class=\"vc_column-inner\"><div class=\"wpb_wrapper\"><div class=\"vc_btn3-container vc_btn3-inline\" ><a class=\"vc_general vc_btn3 vc_btn3-size-md vc_btn3-shape-rounded vc_btn3-style-modern vc_btn3-color-green\" href=\"https:\/\/bookingadventures.tours\/booking.php?tour_id=36f9705bcc61386d84e226d0c35f8a49\" title=\"\" target=\"_blank\" rel=\"noopener\">ZAREZERWUJ TERAZ<\/a><\/div>\n\t<div class=\"wpb_video_widget wpb_content_element vc_clearfix   vc_video-aspect-ratio-169 vc_video-el-width-100 vc_video-align-left\" >\n\t\t<div class=\"wpb_wrapper\">\n\t\t\t<h2 class=\"wpb_heading wpb_video_heading\">27 Wodospady Damajagua Tour z Puerto Plata:<\/h2>\n\t\t\t<div class=\"wpb_video_wrapper\"><iframe loading=\"lazy\" title=\"27 wodospad\u00f3w Damajagua przez Booking Adventures &amp; Travel Dominikana\" width=\"1100\" height=\"619\" src=\"https:\/\/www.youtube.com\/embed\/AVNh_we_RQE?start=17&feature=oembed\" frameborder=\"0\" allow=\"accelerometer; autoplay; clipboard-write; encrypted-media; gyroscope; picture-in-picture; web-share\" allowfullscreen><\/iframe><\/div>\n\t\t<\/div>\n\t<\/div>\n<\/div><\/div><\/div><\/div><div class=\"vc_row wpb_row vc_row-fluid\" ><div class=\"wpb_column vc_column_container vc_col-sm-12\"><div class=\"vc_column-inner\"><div class=\"wpb_wrapper\"><div class=\"vc_empty_space\"   style=\"height: 32px\"><span class=\"vc_empty_space_inner\"><\/span><\/div>\n\t<div class=\"wpb_text_column wpb_content_element\" >\n\t\t<div class=\"wpb_wrapper\">\n\t\t\t<h4>Skontaktowa\u0107 si\u0119 z nami?<\/h4>\n<h5><em><strong>Rezerwacja przyg\u00f3d<\/strong><\/em><\/h5>\n<p><em><strong>Miejscowi<\/strong>\u00a0i\u00a0<strong>Nationals<\/strong>\u00a0Przewodnicy turystyczni i obs\u0142uga go\u015bci<\/em><\/p>\n<p><span class=\"text-turquoise\">Rezerwacje:<\/span>\u00a0Wycieczki w Dom. Rep.<\/p>\n<p><img decoding=\"async\" class=\"emoji\" draggable=\"false\" src=\"https:\/\/s.w.org\/images\/core\/emoji\/11.2.0\/svg\/1f4de.svg\" alt=\"\ud83d\udcde\" \/>\u00a0Tel \/ Whatsapp\u00a0\u00a0<a href=\"tel:+1-809-720-6035\">+1-809-720-6035<\/a>.<\/p>\n<p><img decoding=\"async\" class=\"emoji\" draggable=\"false\" src=\"https:\/\/s.w.org\/images\/core\/emoji\/11.2.0\/svg\/1f4e9.svg\" alt=\"\ud83d\udce9\" \/>\u00a0<a href=\"mailto:info@bookingadventures.com.do\">info@bookingadventures.com.do<\/a><\/p>\n<p><strong>Jeste\u015bmy elastyczni w ustalaniu prywatnych wycieczek przez Whatsapp:\u00a0<a href=\"tel:+18097206035\">+18097206035.<\/a><\/strong><\/p>\n\n\t\t<\/div>\n\t<\/div>\n<div class=\"vc_empty_space\"   style=\"height: 32px\"><span class=\"vc_empty_space_inner\"><\/span><\/div><\/div><\/div><\/div><\/div><div class=\"vc_row wpb_row vc_row-fluid\" ><div class=\"wpb_column vc_column_container vc_col-sm-12\"><div class=\"vc_column-inner\"><div class=\"wpb_wrapper\"><div class=\"vc_btn3-container vc_btn3-inline\" ><a class=\"vc_general vc_btn3 vc_btn3-size-md vc_btn3-shape-rounded vc_btn3-style-modern vc_btn3-color-green\" href=\"https:\/\/bookingadventures.tours\/booking.php?tour_id=36f9705bcc61386d84e226d0c35f8a49\" title=\"\" target=\"_blank\" rel=\"noopener\">ZAREZERWUJ TERAZ<\/a><\/div><\/div><\/div><\/div><\/div>","protected":false},"excerpt":{"rendered":"<p>Z hoteli w Cabarete, Sosua lub Puerto Plata. Ta wycieczka z 27 wodospad\u00f3w Damajagua w Puerto Plata, lunch i wycieczka przez 27 wodospad\u00f3w, w\u0119dr\u00f3wki i skoki do rzeki.<\/p>\n<p>Ekologiczna wycieczka do 27 wodospad\u00f3w Puerto Plata. Zdob\u0105d\u017a bilety na p\u00f3\u0142dniow\u0105 wycieczk\u0119 do 27 wodospad\u00f3w z Damajagua. Bilety wst\u0119pu z lunchem i wycieczk\u0105 obejmuj\u0105 skoki i p\u0142ywanie w najpi\u0119kniejszych wodospadach Dominikany. W\u0119dr\u00f3wki i p\u0142ywanie ze sprz\u0119tem bezpiecze\u0144stwa, aby mie\u0107 najlepsze wra\u017cenia w historii!!!<\/p>\n<p><em><strong>Wybierz dat\u0119 wycieczki:\u00a0<\/strong><\/em><\/p>","protected":false},"featured_media":291,"template":"","meta":[],"product_brand":[],"product_cat":[584,239,429,585,100],"product_tag":[242,243,244,245,246,247,248,249,250,251,252,253,254,255,256,257,258],"class_list":{"0":"post-11678","1":"product","2":"type-product","3":"status-publish","4":"has-post-thumbnail","6":"product_cat-1-puerto-plata","7":"product_cat-27-waterfalls","8":"product_cat-group-tours-excursions","9":"product_cat-puerto-plata-27-waterfalls-hike","10":"product_cat-waterfalls","11":"product_tag-27-charcos-de-damajagua","12":"product_tag-27-waterfalls","13":"product_tag-27-waterfalls-dominican-republic","14":"product_tag-27-waterfalls-dominican-republic-facts","15":"product_tag-27-waterfalls-excursion","16":"product_tag-27-waterfalls-puerto-plata","17":"product_tag-amber-cove-cruise-terminal-27-waterfalls","18":"product_tag-amber-cove-excursions","19":"product_tag-damajagua-falls-tours","20":"product_tag-damajagua-national-park","21":"product_tag-excursion-27-waterfalls","22":"product_tag-how-to-get-to-27-waterfalls-from-puerto-plata","23":"product_tag-jumping-27-waterfalls","24":"product_tag-los-27-charcos-de-puerto-plata","25":"product_tag-puerto-plata","26":"product_tag-things-to-do-in-amber-cove","27":"product_tag-tour-27-waterfalls","29":"first","30":"instock","31":"sale","32":"sold-individually","33":"shipping-taxable","34":"product-type-external"},"_links":{"self":[{"href":"https:\/\/visitaloshaitises.com\/pl\/wp-json\/wp\/v2\/product\/11678","targetHints":{"allow":["GET"]}}],"collection":[{"href":"https:\/\/visitaloshaitises.com\/pl\/wp-json\/wp\/v2\/product"}],"about":[{"href":"https:\/\/visitaloshaitises.com\/pl\/wp-json\/wp\/v2\/types\/product"}],"wp:featuredmedia":[{"embeddable":true,"href":"https:\/\/visitaloshaitises.com\/pl\/wp-json\/wp\/v2\/media\/291"}],"wp:attachment":[{"href":"https:\/\/visitaloshaitises.com\/pl\/wp-json\/wp\/v2\/media?parent=11678"}],"wp:term":[{"taxonomy":"product_brand","embeddable":true,"href":"https:\/\/visitaloshaitises.com\/pl\/wp-json\/wp\/v2\/product_brand?post=11678"},{"taxonomy":"product_cat","embeddable":true,"href":"https:\/\/visitaloshaitises.com\/pl\/wp-json\/wp\/v2\/product_cat?post=11678"},{"taxonomy":"product_tag","embeddable":true,"href":"https:\/\/visitaloshaitises.com\/pl\/wp-json\/wp\/v2\/product_tag?post=11678"}],"curies":[{"name":"wp","href":"https:\/\/api.w.org\/{rel}","templated":true}]}}