{"id":11633,"date":"2023-10-04T07:39:46","date_gmt":"2023-10-04T07:39:46","guid":{"rendered":"https:\/\/haitises.com\/?post_type=product&#038;p=11633"},"modified":"2024-04-01T20:21:52","modified_gmt":"2024-04-01T20:21:52","slug":"el-limon-waterfalls-las-terrenas-with-lunch-on-the-beach-3","status":"publish","type":"product","link":"https:\/\/visitaloshaitises.com\/pl\/private\/el-limon-wodospady-las-terrenas-z-obiadem-na-plazy\/","title":{"rendered":"Wodospady El Lim\u00f3n + Las Terrenas z lunchem na pla\u017cy"},"content":{"rendered":"<div class=\"vc_row wpb_row vc_row-fluid\" ><div class=\"wpb_column vc_column_container vc_col-sm-12\"><div class=\"vc_column-inner\"><div class=\"wpb_wrapper\"><div class=\"mkdf-section-title-holder\" style=\"text-align: left\">\n\t<div class=\"mkdf-st-inner\">\n\t\t\t\t\t<h5 class=\"mkdf-st-subtitle\" >\n\t\t\t\tHorses + Waterfalls + Beach\t\t\t<\/h5>\n\t\t\t\t\t\t\t<h3 class=\"mkdf-st-title\" >\n\t\t\t\tEl Limon Waterfalls + Las Terrenas with lunch on the beach\t\t\t<\/h3>\n\t\t\t\t\t<\/div>\n<\/div><\/div><\/div><\/div><\/div><div class=\"vc_row wpb_row vc_row-fluid\" ><div class=\"wpb_column vc_column_container vc_col-sm-12\"><div class=\"vc_column-inner\"><div class=\"wpb_wrapper\"><div class=\"vc_empty_space\"   style=\"height: 32px\"><span class=\"vc_empty_space_inner\"><\/span><\/div><\/div><\/div><\/div><\/div><div class=\"vc_row wpb_row vc_row-fluid\" ><div class=\"wpb_column vc_column_container vc_col-sm-12\"><div class=\"vc_column-inner\"><div class=\"wpb_wrapper\"><div class=\"vc_btn3-container vc_btn3-inline\" ><button class=\"vc_general vc_btn3 vc_btn3-size-md vc_btn3-shape-rounded vc_btn3-style-modern vc_btn3-color-green\">ZAREZERWUJ TERAZ<\/button><\/div>\n\t<div class=\"wpb_text_column wpb_content_element\" >\n\t\t<div class=\"wpb_wrapper\">\n\t\t\t<h4><b><i>Przegl\u0105d <\/i><\/b><\/h4>\n<p>To jest prywatna wycieczka do <strong>The Waterfalls El Lim\u00f3n<\/strong> with Riding on Horses or Hiking. Visiting cacao and Coffe forest under Coconuts Palms Canopy. When you arrive at the Waterfalls you are allowed to swim and Set the time with your Local Guide. After enjoying a Typical Lunch in Las Terrenas Beach.<\/p>\n<p>Ucz si\u0119 z mieszka\u0144cami i zapewnij sobie bezpieczn\u0105 podr\u00f3\u017c. Zdob\u0105d\u017a bilety w ofercie ju\u017c dzi\u015b.<\/p>\n<ul>\n<li style=\"font-weight: 400;\"><span style=\"font-weight: 400;\">Includes Lunch on the beach\u00a0<\/span><\/li>\n<li>Horses Riding or Hiking<\/li>\n<li style=\"font-weight: 400;\"><span style=\"font-weight: 400;\">Przewodnik zawiera instrukcje i wskaz\u00f3wki dotycz\u0105ce nadzoru<\/span><\/li>\n<li>Op\u0142aty za wst\u0119p do parku narodowego<\/li>\n<\/ul>\n<p>&nbsp;<\/p>\n<h4><b>W\u0142\u0105czenia i wy\u0142\u0105czenia<\/b><\/h4>\n<p>&nbsp;<\/p>\n<p><b>W\u0142\u0105czenia<\/b><\/p>\n<ol>\n<li style=\"font-weight: 400;\"><span style=\"font-weight: 400;\">Lunch w formie bufetu na pla\u017cy<\/span><\/li>\n<li style=\"font-weight: 400;\"><span style=\"font-weight: 400;\">Hiking or Horses Riding\u00a0 Tour<\/span><\/li>\n<li style=\"font-weight: 400;\"><span style=\"font-weight: 400;\">Wszystkie podatki, op\u0142aty i op\u0142aty manipulacyjne<\/span><\/li>\n<li style=\"font-weight: 400;\"><span style=\"font-weight: 400;\">Podatki lokalne<\/span><\/li>\n<li style=\"font-weight: 400;\"><span style=\"font-weight: 400;\">Napoje<\/span><\/li>\n<li style=\"font-weight: 400;\"><span style=\"font-weight: 400;\">Wszystkie dzia\u0142ania<\/span><\/li>\n<li style=\"font-weight: 400;\"><span style=\"font-weight: 400;\">Lokalny przewodnik<\/span><\/li>\n<\/ol>\n<p><b> Wy\u0142\u0105czenia<\/b><\/p>\n<ol>\n<li style=\"font-weight: 400;\"><span style=\"font-weight: 400;\">Gratyfikacje<\/span><\/li>\n<li style=\"font-weight: 400;\"><span style=\"font-weight: 400;\">Transfer<\/span><\/li>\n<li style=\"font-weight: 400;\"><span style=\"font-weight: 400;\">Napoje alkoholowe<\/span><\/li>\n<\/ol>\n<p>&nbsp;<\/p>\n<h4><em><strong>Wylot i powr\u00f3t<\/strong><\/em><\/h4>\n<p><span style=\"font-weight: 400;\">Podr\u00f3\u017cny otrzyma miejsce spotkania po zako\u0144czeniu procesu rezerwacji. Wycieczki rozpoczynaj\u0105 si\u0119 i ko\u0144cz\u0105 w naszych punktach spotka\u0144.<\/span><\/p>\n<p>&nbsp;<\/p>\n<h4><b><i>Czego si\u0119 spodziewa\u0107?<\/i><\/b><\/h4>\n<p>&nbsp;<\/p>\n<p><em><strong>Zdob\u0105d\u017a bilety<\/strong><\/em> for visiting The Waterfalls El Lim\u00f3n in Saman\u00e1 plus a wonderful lunch and beach time on Las Terrenas\u00a0 Beach.<\/p>\n<p><span style=\"font-weight: 400;\">The tour, organized by \u00abBooking Adventures\u00bb starts at the meeting point set with the Tour Guide.<\/span><\/p>\n<p>Best Private trips to El Limon waterfalls with a local tour guide. Book a\u00a0 Horse riding trip by the Forest going around the edge of the Lemon River, visiting cacao and Coffe plantations under the Coconuts shadows palms trees.<\/p>\n<p>First, stop in the Small waterfall where usually there are not many people and you can swim around. After we continue to the big waterfall where we will stay for an hour or more if you want to.<\/p>\n<p>Getting horses back to the restaurant where we will enjoy a typical lunch at the beach. Frite fish with Tostones and Salad or you can get other options in the menu with extra charges.<\/p>\n<p>After beach time our tour finishes.<\/p>\n<p>Lunch at the beach and you can stay as long you want swimming around. Frite fish and Tostones are offered! If you are Vegan we also can set some food for you.<\/p>\n<p>&nbsp;<\/p>\n<h4><em><strong>Co nale\u017cy ze sob\u0105 zabra\u0107?<\/strong><\/em><\/h4>\n<ul>\n<li style=\"font-weight: 400;\"><span style=\"font-weight: 400;\">Kamera<\/span><\/li>\n<li style=\"font-weight: 400;\"><span style=\"font-weight: 400;\">P\u0105ki odstraszaj\u0105ce<\/span><\/li>\n<li style=\"font-weight: 400;\"><span style=\"font-weight: 400;\">krem do opalania<\/span><\/li>\n<li style=\"font-weight: 400;\"><span style=\"font-weight: 400;\">Kapelusz<\/span><\/li>\n<li style=\"font-weight: 400;\"><span style=\"font-weight: 400;\">Wygodne spodnie<\/span><\/li>\n<li style=\"font-weight: 400;\"><span style=\"font-weight: 400;\">Buty turystyczne do lasu<\/span><\/li>\n<li style=\"font-weight: 400;\"><span style=\"font-weight: 400;\">Sanda\u0142y na pla\u017c\u0119<\/span><\/li>\n<li style=\"font-weight: 400;\"><span style=\"font-weight: 400;\">Odzie\u017c do p\u0142ywania<\/span><\/li>\n<\/ul>\n<p>&nbsp;<\/p>\n<h4><b><i>Pickup Hotel <\/i><\/b><\/h4>\n<p><span style=\"font-weight: 400;\">Ta wycieczka nie obejmuje odbioru z hotelu. <\/span><\/p>\n<p>&nbsp;<\/p>\n<p><b>Uwaga:<\/b><span style=\"font-weight: 400;\"> W przypadku rezerwacji dokonanej w ci\u0105gu 24 godzin od rozpocz\u0119cia wycieczki mo\u017cemy zorganizowa\u0107 odbi\u00f3r z hotelu za dodatkow\u0105 op\u0142at\u0105. Po dokonaniu zakupu prze\u015blemy pe\u0142ne informacje kontaktowe (numer telefonu, adres e-mail itp.) dla naszego lokalnego przewodnika w celu zorganizowania odbioru.<\/span><\/p>\n<h4><b><i>Dodatkowe informacje Potwierdzenie <\/i><\/b><\/h4>\n<ol>\n<li>Bilety s\u0105 pokwitowaniem po op\u0142aceniu tej wycieczki. P\u0142atno\u015b\u0107 mo\u017cna wy\u015bwietli\u0107 w telefonie.<\/li>\n<li style=\"font-weight: 400;\"><span style=\"font-weight: 400;\">Miejsce spotkania zostanie podane po zako\u0144czeniu procesu rezerwacji.<\/span><\/li>\n<li style=\"font-weight: 400;\"><span style=\"font-weight: 400;\">Dzieciom musi towarzyszy\u0107 osoba doros\u0142a.<\/span><\/li>\n<li style=\"font-weight: 400;\"><span style=\"font-weight: 400;\"> Brak dost\u0119pu dla w\u00f3zk\u00f3w inwalidzkich <\/span><\/li>\n<li style=\"font-weight: 400;\"><span style=\"font-weight: 400;\">Niemowl\u0119ta musz\u0105 siedzie\u0107 na kolanach <\/span><\/li>\n<li style=\"font-weight: 400;\"><span style=\"font-weight: 400;\">Niezalecane dla os\u00f3b z problemami z kr\u0119gos\u0142upem<\/span><\/li>\n<li style=\"font-weight: 400;\"><span style=\"font-weight: 400;\">Niezalecane dla kobiet w ci\u0105\u017cy <\/span><\/li>\n<li style=\"font-weight: 400;\"><span style=\"font-weight: 400;\"> Brak problem\u00f3w z sercem lub innych powa\u017cnych schorze\u0144 <\/span><\/li>\n<li style=\"font-weight: 400;\"><span style=\"font-weight: 400;\">Wi\u0119kszo\u015b\u0107 podr\u00f3\u017cnych mo\u017ce wzi\u0105\u0107 udzia\u0142<\/span><\/li>\n<\/ol>\n<h4><b><i>Polityka anulowania<\/i><\/b><\/h4>\n<p>Aby uzyska\u0107 pe\u0142ny zwrot pieni\u0119dzy, zapoznaj si\u0119 z naszymi zasadami anulowania rezerwacji\u00a0<a href=\"https:\/\/www.ticketswhales.com\/online-booking\/\" target=\"_blank\" rel=\"noopener\" data-saferedirecturl=\"https:\/\/www.google.com\/url?q=https:\/\/www.ticketswhales.com\/online-booking\/&amp;source=gmail&amp;ust=1672449202351000&amp;usg=AOvVaw1yAeVAPktmaVCqDujgUn90\">Kliknij tutaj<\/a>. Funds will be lost if the reservation is canceled the same day of the trip.<\/p>\n\n\t\t<\/div>\n\t<\/div>\n<\/div><\/div><\/div><\/div><div class=\"vc_row wpb_row vc_row-fluid\" ><div class=\"wpb_column vc_column_container vc_col-sm-12\"><div class=\"vc_column-inner\"><div class=\"wpb_wrapper\"><div class=\"vc_empty_space\"   style=\"height: 32px\"><span class=\"vc_empty_space_inner\"><\/span><\/div><\/div><\/div><\/div><\/div><div class=\"vc_row wpb_row vc_row-fluid\" ><div class=\"wpb_column vc_column_container vc_col-sm-12\"><div class=\"vc_column-inner\"><div class=\"wpb_wrapper\">\n\t<div class=\"wpb_text_column wpb_content_element\" >\n\t\t<div class=\"wpb_wrapper\">\n\t\t\t<h4>Skontaktowa\u0107 si\u0119 z nami?<\/h4>\n<h5><em><strong>Rezerwacja przyg\u00f3d<\/strong><\/em><\/h5>\n<p><em><strong>Miejscowi<\/strong> i <strong>Nationals<\/strong> Przewodnicy turystyczni i obs\u0142uga go\u015bci<\/em><\/p>\n<p><span class=\"text-turquoise\">Rezerwacje:<\/span> Wycieczki w Dom. Rep.<\/p>\n<p><img decoding=\"async\" class=\"emoji\" draggable=\"false\" src=\"https:\/\/s.w.org\/images\/core\/emoji\/11.2.0\/svg\/1f4de.svg\" alt=\"\ud83d\udcde\" \/> Tel \/ Whatsapp\u00a0 <a href=\"tel:+1-809-720-6035\">+1-809-720-6035<\/a>.<\/p>\n<p><img decoding=\"async\" class=\"emoji\" draggable=\"false\" src=\"https:\/\/s.w.org\/images\/core\/emoji\/11.2.0\/svg\/1f4e9.svg\" alt=\"\ud83d\udce9\" \/> <a href=\"mailto:info@bookingadventures.com.do\">info@bookingadventures.com.do<\/a><\/p>\n<p><strong>Jeste\u015bmy elastyczni w ustalaniu prywatnych wycieczek przez Whatsapp: <a href=\"tel:+18097206035\">+18097206035.<\/a><\/strong><\/p>\n\n\t\t<\/div>\n\t<\/div>\n<\/div><\/div><\/div><\/div><div class=\"vc_row wpb_row vc_row-fluid\" ><div class=\"wpb_column vc_column_container vc_col-sm-12\"><div class=\"vc_column-inner\"><div class=\"wpb_wrapper\"><div class=\"vc_btn3-container vc_btn3-inline\" ><button class=\"vc_general vc_btn3 vc_btn3-size-md vc_btn3-shape-rounded vc_btn3-style-modern vc_btn3-color-green\">ZAREZERWUJ TERAZ<\/button><\/div><\/div><\/div><\/div><\/div>","protected":false},"excerpt":{"rendered":"<p>This is a Private tour to The waterfalls El Lim\u00f3n with Riding on Horses or Hiking. Visiting cacao and Coffe forest under Coconuts Palms Canopy. When you arrive at the Waterfalls you are allowed to swim and Set the time with your Local Guide. After enjoying a Typical Lunch in Las Terrenas Beach.<\/p>\n<p>Ucz si\u0119 z mieszka\u0144cami i zapewnij sobie bezpieczn\u0105 podr\u00f3\u017c. Zdob\u0105d\u017a bilety w ofercie ju\u017c dzi\u015b.<\/p>\n<p>&nbsp;<\/p>\n<p><strong>Wybierz dat\u0119 wycieczki\u00a0<\/strong><\/p>","protected":false},"featured_media":11427,"template":"","meta":[],"product_brand":[],"product_cat":[571,567,579,97,194,122,123,124],"product_tag":[137,138,140,142,143],"class_list":{"0":"post-11633","1":"product","2":"type-product","3":"status-publish","4":"has-post-thumbnail","6":"product_cat-1-samana","7":"product_cat-el-limon-horseback-riding","8":"product_cat-el-limon-las-terrenas","9":"product_cat-horse-riding-to-waterfalls","10":"product_cat-salto-el-limon-samana-dominican-republic","11":"product_cat-tours-and-excursions","12":"product_cat-tours-excursions-los-haitises-national-park","13":"product_cat-tours-excursions-samana-bay-dominican-republic","14":"product_tag-bacardi-island","15":"product_tag-beach-time","16":"product_tag-el-limon-waterfalls","17":"product_tag-samana","18":"product_tag-samana-tours","20":"first","21":"instock","22":"sale","23":"sold-individually","24":"shipping-taxable","25":"product-type-external"},"_links":{"self":[{"href":"https:\/\/visitaloshaitises.com\/pl\/wp-json\/wp\/v2\/product\/11633","targetHints":{"allow":["GET"]}}],"collection":[{"href":"https:\/\/visitaloshaitises.com\/pl\/wp-json\/wp\/v2\/product"}],"about":[{"href":"https:\/\/visitaloshaitises.com\/pl\/wp-json\/wp\/v2\/types\/product"}],"wp:featuredmedia":[{"embeddable":true,"href":"https:\/\/visitaloshaitises.com\/pl\/wp-json\/wp\/v2\/media\/11427"}],"wp:attachment":[{"href":"https:\/\/visitaloshaitises.com\/pl\/wp-json\/wp\/v2\/media?parent=11633"}],"wp:term":[{"taxonomy":"product_brand","embeddable":true,"href":"https:\/\/visitaloshaitises.com\/pl\/wp-json\/wp\/v2\/product_brand?post=11633"},{"taxonomy":"product_cat","embeddable":true,"href":"https:\/\/visitaloshaitises.com\/pl\/wp-json\/wp\/v2\/product_cat?post=11633"},{"taxonomy":"product_tag","embeddable":true,"href":"https:\/\/visitaloshaitises.com\/pl\/wp-json\/wp\/v2\/product_tag?post=11633"}],"curies":[{"name":"wp","href":"https:\/\/api.w.org\/{rel}","templated":true}]}}