{"id":11578,"date":"2022-06-25T07:39:46","date_gmt":"2022-06-25T07:39:46","guid":{"rendered":"https:\/\/haitises.com\/?post_type=product&#038;p=11578"},"modified":"2024-04-02T17:58:59","modified_gmt":"2024-04-02T17:58:59","slug":"los-haitises-y-cayo-levantado","status":"publish","type":"product","link":"https:\/\/visitaloshaitises.com\/pl\/private\/haitanczycy-i-cayo-levantado\/","title":{"rendered":"Los Haitises i Cayo Levantado"},"content":{"rendered":"<div class=\"vc_row wpb_row vc_row-fluid\" ><div class=\"wpb_column vc_column_container vc_col-sm-12\"><div class=\"vc_column-inner\"><div class=\"wpb_wrapper\"><div class=\"mkdf-section-title-holder\" style=\"text-align: left\">\n\t<div class=\"mkdf-st-inner\">\n\t\t\t\t\t<h5 class=\"mkdf-st-subtitle\" >\n\t\t\t\tEkologiczne wycieczki z mieszka\u0144cami\t\t\t<\/h5>\n\t\t\t\t\t\t\t<h3 class=\"mkdf-st-title\" >\n\t\t\t\tLos Haitises i Cayo Levantado \t\t\t<\/h3>\n\t\t\t\t\t<\/div>\n<\/div><\/div><\/div><\/div><\/div><div class=\"vc_row wpb_row vc_row-fluid\" ><div class=\"wpb_column vc_column_container vc_col-sm-12\"><div class=\"vc_column-inner\"><div class=\"wpb_wrapper\">\n\t<div class=\"wpb_text_column wpb_content_element\" >\n\t\t<div class=\"wpb_wrapper\">\n\t\t\t<h3>Wycieczka \u0142odzi\u0105 do Parku Narodowego Los Haitises + na wysp\u0119 Cayo Levantado<\/h3>\n<h2>Wycieczka do Parku Narodowego Los Haitises z portu Saman\u00e1 + wyspa Bacardi (Cayo Levantado)<\/h2>\n<h3>Opis<\/h3>\n<p>Park Narodowy Los Haitises z portu Saman\u00e1 plus lunch na wyspie Bacardi lub Cayo Levantado. Chod\u017a z nami i odwied\u017a najpi\u0119kniejszy park narodowy na Dominikanie, odwiedzaj\u0105c lasy namorzynowe, jaskinie i zatok\u0119 San Lorenzo, a tak\u017ce przemierzaj\u0105c pi\u0119kn\u0105 zatok\u0119 Saman\u00e1. Nast\u0119pnie wr\u00f3\u0107 do rejonu Saman\u00e1, aby odwiedzi\u0107 wysp\u0119 Bacardi, zje\u015b\u0107 lunch na pla\u017cy i pop\u0142ywa\u0107 na jednej z najpi\u0119kniejszych pla\u017c w zatoce Saman\u00e1.<\/p>\n<p>Po tym do\u015bwiadczeniu powr\u00f3cisz do portu Saman\u00e1.<\/p>\n<ul>\n<li>Podatki wliczone w cen\u0119<\/li>\n<li>W cen\u0119 wliczony lunch na wyspie Bacardi.<\/li>\n<li>Przewodnik zapewnia instrukcje i nadz\u00f3r.<\/li>\n<\/ul>\n<h3>W\u0142\u0105czenia i wy\u0142\u0105czenia<\/h3>\n<h4>Inkluzje<\/h4>\n<ol>\n<li>Wycieczka po Los Haitises + jaskinie i piktogramy<\/li>\n<li>Lunch w Cayo Levantado (wyspa Bacardi), je\u015bli masz ochot\u0119 na podobn\u0105 wycieczk\u0119: Los Haitises + Ca\u00f1o Hondo<\/li>\n<li>Wszystkie podatki, op\u0142aty i prowizje<\/li>\n<li>Lokalne podatki<\/li>\n<li>Napoje<\/li>\n<li>Wszystkie zaj\u0119cia<\/li>\n<li>Lokalny przewodnik<\/li>\n<\/ol>\n<h4>Wy\u0142\u0105czenia<\/h4>\n<ol>\n<li>Porady<\/li>\n<li>Przenosi\u0107<\/li>\n<li>Napoje alkoholowe<\/li>\n<\/ol>\n<h3>Wyjazd i powr\u00f3t<\/h3>\n<p>Podr\u00f3\u017cny otrzyma miejsce spotkania po dokonaniu rezerwacji. Wycieczki rozpoczynaj\u0105 si\u0119 i ko\u0144cz\u0105 w miejscach spotka\u0144.<\/p>\n<p>Wycieczka do Parku Narodowego Los Haitises z portu Saman\u00e1 i wyspy Bacardi (Cayo Levantado).<\/p>\n<h3>Czego oczekiwa\u0107?<\/h3>\n<p>Odwied\u017a Park Narodowy Los Haitises ze wspania\u0142ym lunchem na wyspie Cayo Levantado i pop\u0142ywaj na pla\u017cy. Wyruszaj\u0105c z portu Saman\u00e1 na pok\u0142adzie \u0142odzi lub katamaranu z lokalnym przewodnikiem, mijamy zatok\u0119 Saman\u00e1 w stron\u0119 Sabana de la Mar, aby odwiedzi\u0107 jeden z najpi\u0119kniejszych park\u00f3w narodowych na Dominikanie. Park Narodowy Haitises.<\/p>\n<p>El recorrido, organizado por \u00abBooking Adventures\u00bb, comienza en el punto de encuentro establecido con el gu\u00eda tur\u00edstico. Ven con Booking Adventures y comienza a observar algunos manglares llenos de aves, colinas onduladas de exuberante vegetaci\u00f3n y cuevas del Parque Nacional Los Haitises. Visitando la isla con aves alrededor. En la temporada de anidaci\u00f3n, incluso podemos ver los polluelos de Pel\u00edcanos en los nidos. Entrar m\u00e1s en las Islas Rocosas y visitar las cuevas con pictograf\u00edas y petroglifos de los pueblos ind\u00edgenas.<\/p>\n<p>Przez namorzyny i l\u0105d do otwartej zatoki San Lorenzo, sk\u0105d mo\u017cna fotografowa\u0107 surowy le\u015bny krajobraz. Sp\u00f3jrz w wod\u0119, aby zobaczy\u0107 manaty, skorupiaki i delfiny.<\/p>\n<p>El nombre del parque nacional proviene de sus habitantes originales, los indios ta\u00ednos. En su idioma, \u00abHaitises\u00bb se traduce como tierras altas o colinas, una referencia a las empinadas formaciones geol\u00f3gicas de la costa con calizas. Avent\u00farate en el parque para explorar cuevas como la Cueva de la Arena y la Cueva de la L\u00ednea.<\/p>\n<p>Jaskinie w rezerwacie s\u0142u\u017cy\u0142y Indianom Ta\u00edno jako schronienie, a p\u00f3\u017aniej jako schronienie dla pirat\u00f3w. Poszukaj rysunk\u00f3w przedstawiaj\u0105cych Indian zdobi\u0105cych niekt\u00f3re \u015bciany. Po wizycie w Parku Narodowym Los Haitises wr\u00f3cimy do portu Saman\u00e1 mijaj\u0105c na 30 minut zatok\u0119 Saman\u00e1 i odwiedzaj\u0105c wysp\u0119 Bacardi. Zjemy typowy lunch na wyspie. Je\u015bli jeste\u015b weganinem, nie martw si\u0119, mamy te\u017c jedzenie dla Ciebie!<\/p>\n<p>Po ca\u0142ym popo\u0142udniowym p\u0142ywaniu i relaksie na pla\u017cy nasz przewodnik wyznaczy czas na powr\u00f3t do portu Saman\u00e1.<\/p>\n<p>Je\u015bli podoba Ci si\u0119 ta wycieczka d\u0142u\u017csza lub kr\u00f3tsza, mamy nast\u0119puj\u0105ce opcje:<\/p>\n<p>Tylko Los Haitises z portu Saman\u00e1.<br \/>\nLos Haitises + Ca\u00f1o Hondo z portu Saman\u00e1.<\/p>\n<h3><em>Co powiniene\u015b zabra\u0107 ze sob\u0105?<\/em><\/h3>\n<ul>\n<li>Kamera<\/li>\n<li>Repelenty<\/li>\n<li>Krem do opalania<\/li>\n<li>Kapelusz<\/li>\n<li>Wygodne spodnie<\/li>\n<li>Buty do le\u015bnych w\u0119dr\u00f3wek<\/li>\n<li>Sanda\u0142y do obszar\u00f3w wiosennych.<\/li>\n<li>Kostium k\u0105pielowy<\/li>\n<\/ul>\n<h4><em>Odbi\u00f3r z hotelu<\/em><\/h4>\n<p>W przypadku tej wycieczki nie jest dost\u0119pny odbi\u00f3r z hotelu.<\/p>\n<p><strong>Notatka<\/strong>: Je\u015bli dokonasz rezerwacji w ci\u0105gu 24 godzin od godziny wyjazdu, mo\u017cemy zorganizowa\u0107 odbi\u00f3r z hotelu za dodatkow\u0105 op\u0142at\u0105. Po sfinalizowaniu zakupu wy\u015blemy Ci pe\u0142ne dane kontaktowe (numer telefonu, adres e-mail itp.) do naszego lokalnego przewodnika w celu ustalenia szczeg\u00f3\u0142\u00f3w odbioru.<\/p>\n<h3><em>Potwierdzenie dodatkowych informacji<\/em><\/h3>\n<ul>\n<li>Bilety stanowi\u0105 Paragon po op\u0142aceniu tej Wycieczki. Mo\u017cesz pokaza\u0107 p\u0142atno\u015b\u0107 na swoim telefonie.<\/li>\n<li>Miejsce spotkania zostanie podane po dokonaniu rezerwacji.<\/li>\n<li>Dzieciom musi towarzyszy\u0107 osoba doros\u0142a.<\/li>\n<li>Niedost\u0119pne dla w\u00f3zk\u00f3w inwalidzkich<\/li>\n<li>Niemowl\u0119ta powinny siedzie\u0107 w foteliku dzieci\u0119cym lub z osob\u0105 doros\u0142\u0105.<\/li>\n<li>Nie zalecane dla os\u00f3b podr\u00f3\u017cuj\u0105cych z problemami z plecami.<\/li>\n<li>Nie zaleca si\u0119 kobietom w ci\u0105\u017cy.<\/li>\n<li>\u017badnych problem\u00f3w z sercem ani innych powa\u017cnych schorze\u0144.<\/li>\n<li>Wi\u0119kszo\u015b\u0107 podr\u00f3\u017cnych mo\u017ce wzi\u0105\u0107 w nim udzia\u0142.<\/li>\n<\/ul>\n<h3><em>Zasady anulowania<\/em><\/h3>\n<p>Aby uzyska\u0107 pe\u0142ny zwrot pieni\u0119dzy, anuluj co najmniej 24 godziny przed dat\u0105 rozpocz\u0119cia atrakcji. Je\u015bli rezerwacja zostanie anulowana tego samego dnia podr\u00f3\u017cy, \u015brodki zostan\u0105 utracone.<\/p>\n\n\t\t<\/div>\n\t<\/div>\n<\/div><\/div><\/div><\/div><div class=\"vc_row wpb_row vc_row-fluid\" ><div class=\"wpb_column vc_column_container vc_col-sm-12\"><div class=\"vc_column-inner\"><div class=\"wpb_wrapper\"><div class=\"vc_empty_space\"   style=\"height: 32px\"><span class=\"vc_empty_space_inner\"><\/span><\/div>\n\t<div class=\"wpb_text_column wpb_content_element\" >\n\t\t<div class=\"wpb_wrapper\">\n\t\t\t<h5>Skontaktuj si\u0119 z nami?<br \/>\nRezerwacje przyg\u00f3d<\/h5>\n<p><strong><em>Lokalni i krajowi przewodnicy wycieczek oraz obs\u0142uga go\u015bci<\/em><\/strong><\/p>\n<p>Rezerwacje: Wycieczki i wycieczki w Dom. Reps.<\/p>\n<p>Tel\/Whatsapp +1-809-720-6035.<\/p>\n<p>info@bookingadventures.com.do<\/p>\n<p>Organizujemy prywatne wycieczki z elastyczn\u0105 konfiguracj\u0105 przez Whatsapp: +18097206035.<\/p>\n<h4><strong style=\"color: #595959; font-size: 15px;\"><a href=\"tel:+18097206035\">+18097206035.<\/a><\/strong><\/h4>\n\n\t\t<\/div>\n\t<\/div>\n<div class=\"vc_empty_space\"   style=\"height: 32px\"><span class=\"vc_empty_space_inner\"><\/span><\/div><\/div><\/div><\/div><\/div><div class=\"vc_row wpb_row vc_row-fluid\" ><div class=\"wpb_column vc_column_container vc_col-sm-12\"><div class=\"vc_column-inner\"><div class=\"wpb_wrapper\"><div class=\"woocommerce columns-4\"><ul class=\"products columns-4\">\n<li class=\"product type-product post-40 status-publish first instock product_cat-local-tour-guides product_cat-lunch product_cat-tours-and-excursions product_cat-tours-excursions-los-haitises-national-park product_cat-tours-excursions-samana-bay-dominican-republic product_tag-bacardi-island product_tag-beach-time product_tag-cayo-levantado-day-pass product_tag-cayo-levantado-tour product_tag-locals-guides product_tag-samana product_tag-samana-bay product_tag-samana-excursions product_tag-samana-tours has-post-thumbnail sale featured sold-individually shipping-taxable product-type-external\">\n\t<div class=\"mkdf-pl-inner\"><div class=\"mkdf-pl-image\">\n\t<span class=\"mkdf-onsale\">SALE<\/span>\n\t<img loading=\"lazy\" decoding=\"async\" width=\"300\" height=\"300\" src=\"https:\/\/visitaloshaitises.com\/wp-content\/uploads\/2020\/06\/Samana-Ile-1000x600.jpg-300x300.jpg\" class=\"attachment-woocommerce_thumbnail size-woocommerce_thumbnail\" alt=\"Bilet dzienny na wysp\u0119 Bacardi (Cayo Levantado).\" srcset=\"https:\/\/visitaloshaitises.com\/wp-content\/uploads\/2020\/06\/Samana-Ile-1000x600.jpg-300x300.jpg 300w, https:\/\/visitaloshaitises.com\/wp-content\/uploads\/2020\/06\/Samana-Ile-1000x600.jpg-100x100.jpg 100w, https:\/\/visitaloshaitises.com\/wp-content\/uploads\/2020\/06\/Samana-Ile-1000x600.jpg-150x150.jpg 150w, https:\/\/visitaloshaitises.com\/wp-content\/uploads\/2020\/06\/Samana-Ile-1000x600.jpg-550x550.jpg 550w\" sizes=\"auto, (max-width: 300px) 100vw, 300px\" \/><div class=\"mkdf-pl-text\"><div class=\"mkdf-pl-text-outer\"><div class=\"mkdf-pl-text-inner\"><a href=\"https:\/\/bookingadventures.tours\/booking.php?slug=Las_Terrenas_Cayo_levantado_Bacardi_Island_Day_trip_Tour\" aria-describedby=\"woocommerce_loop_add_to_cart_link_describedby_40\" data-quantity=\"1\" class=\"button product_type_external\" data-product_id=\"40\" data-product_sku=\"\" aria-label=\"ZAREZERWUJ TERAZ\" rel=\"nofollow noopener\" target=\"_blank\">ZAREZERWUJ TERAZ<\/a>\t<span id=\"woocommerce_loop_add_to_cart_link_describedby_40\" class=\"screen-reader-text\">\n\t\t\t<\/span>\n<\/div><\/div><\/div><\/div><a href=\"https:\/\/visitaloshaitises.com\/pl\/private\/bacardi-island-cayo-levantado-day-pass\/\" class=\"woocommerce-LoopProduct-link woocommerce-loop-product__link\"><\/a><\/div><div class=\"mkdf-pl-text-wrapper\"><h4 class=\"mkdf-product-list-title\"><a href=\"https:\/\/visitaloshaitises.com\/pl\/private\/bacardi-island-cayo-levantado-day-pass\/\">Bilet dzienny na wysp\u0119 Bacardi (Cayo Levantado).<\/a><\/h4>\n\t<span class=\"price\"><del aria-hidden=\"true\"><span class=\"woocommerce-Price-amount amount\"><bdi><span class=\"woocommerce-Price-currencySymbol\">&#36;<\/span>60.00<\/bdi><\/span><\/del> <span class=\"screen-reader-text\" data-no-translation=\"\" data-trp-gettext=\"\">Pierwotna cena wynosi\u0142a: &#036;60.00.<\/span><ins aria-hidden=\"true\"><span class=\"woocommerce-Price-amount amount\"><bdi><span class=\"woocommerce-Price-currencySymbol\">&#36;<\/span>43.50<\/bdi><\/span><\/ins><span class=\"screen-reader-text\" data-no-translation=\"\" data-trp-gettext=\"\">Aktualna cena wynosi: &#036;43.50.<\/span><\/span>\n<\/div><\/li><li class=\"product type-product post-47 status-publish instock product_cat-kayaking product_cat-tours-excursions-los-haitises-national-park product_cat-tours-excursions-samana-bay-dominican-republic product_tag-cano-hondo product_tag-cano-hondo-hotel product_tag-day-tour-cano-hondo product_tag-kayak-dominican-republic product_tag-kayaking-dominican-republic product_tag-kayaking-los-haitises product_tag-kayaks product_tag-los-haitises product_tag-los-haitises-national-park product_tag-los-haitises-tours product_tag-private-tours-samana product_tag-sabana-de-la-mar product_tag-samana-bay product_tag-samana-excursions has-post-thumbnail sale sold-individually shipping-taxable product-type-external\">\n\t<div class=\"mkdf-pl-inner\"><div class=\"mkdf-pl-image\">\n\t<span class=\"mkdf-onsale\">SALE<\/span>\n\t<img loading=\"lazy\" decoding=\"async\" width=\"300\" height=\"300\" src=\"https:\/\/visitaloshaitises.com\/wp-content\/uploads\/2020\/06\/Kayaking-Booking-Adventures-scaled-1-300x300.jpg\" class=\"attachment-woocommerce_thumbnail size-woocommerce_thumbnail\" alt=\"Sp\u0142yw kajakowy w Los Haitises z przewodnikiem z Ca\u00f1o Hondo 4 godziny\" srcset=\"https:\/\/visitaloshaitises.com\/wp-content\/uploads\/2020\/06\/Kayaking-Booking-Adventures-scaled-1-300x300.jpg 300w, https:\/\/visitaloshaitises.com\/wp-content\/uploads\/2020\/06\/Kayaking-Booking-Adventures-scaled-1-100x100.jpg 100w, https:\/\/visitaloshaitises.com\/wp-content\/uploads\/2020\/06\/Kayaking-Booking-Adventures-scaled-1-150x150.jpg 150w, https:\/\/visitaloshaitises.com\/wp-content\/uploads\/2020\/06\/Kayaking-Booking-Adventures-scaled-1-550x550.jpg 550w, https:\/\/visitaloshaitises.com\/wp-content\/uploads\/2020\/06\/Kayaking-Booking-Adventures-scaled-1-1100x1100.jpg 1100w\" sizes=\"auto, (max-width: 300px) 100vw, 300px\" \/><div class=\"mkdf-pl-text\"><div class=\"mkdf-pl-text-outer\"><div class=\"mkdf-pl-text-inner\"><a href=\"https:\/\/bookingadventures.tours\/booking.php?slug=4_Hours_Kayak_Los_Haitises\" aria-describedby=\"woocommerce_loop_add_to_cart_link_describedby_47\" data-quantity=\"1\" class=\"button product_type_external\" data-product_id=\"47\" data-product_sku=\"\" aria-label=\"ZAREZERWUJ TERAZ\" rel=\"nofollow noopener\" target=\"_blank\">ZAREZERWUJ TERAZ<\/a>\t<span id=\"woocommerce_loop_add_to_cart_link_describedby_47\" class=\"screen-reader-text\">\n\t\t\t<\/span>\n<\/div><\/div><\/div><\/div><a href=\"https:\/\/visitaloshaitises.com\/pl\/private\/kayaking-in-los-haitises-with-tour-guide-from-cano-hondo-4-hours\/\" class=\"woocommerce-LoopProduct-link woocommerce-loop-product__link\"><\/a><\/div><div class=\"mkdf-pl-text-wrapper\"><h4 class=\"mkdf-product-list-title\"><a href=\"https:\/\/visitaloshaitises.com\/pl\/private\/kayaking-in-los-haitises-with-tour-guide-from-cano-hondo-4-hours\/\">Sp\u0142yw kajakowy w Los Haitises z przewodnikiem z Ca\u00f1o Hondo 4 godziny<\/a><\/h4>\n\t<span class=\"price\"><del aria-hidden=\"true\"><span class=\"woocommerce-Price-amount amount\"><bdi><span class=\"woocommerce-Price-currencySymbol\">&#36;<\/span>70.00<\/bdi><\/span><\/del> <span class=\"screen-reader-text\" data-no-translation=\"\" data-trp-gettext=\"\">Pierwotna cena wynosi\u0142a: &#036;70.00.<\/span><ins aria-hidden=\"true\"><span class=\"woocommerce-Price-amount amount\"><bdi><span class=\"woocommerce-Price-currencySymbol\">&#36;<\/span>53.50<\/bdi><\/span><\/ins><span class=\"screen-reader-text\" data-no-translation=\"\" data-trp-gettext=\"\">Aktualna cena wynosi: &#036;53.50.<\/span><\/span>\n<\/div><\/li><li class=\"product type-product post-35 status-publish instock product_cat-caves product_cat-hiking product_cat-kayaking product_cat-local-tour-guides product_cat-lunch product_cat-mangroves product_cat-swimming-natural-springs product_cat-tours-and-excursions product_cat-tours-excursions-los-haitises-national-park product_cat-tours-excursions-samana-bay-dominican-republic product_tag-cano-hondo product_tag-cano-hondo-hotel product_tag-cano-hondo-tours product_tag-day-tour-cano-hondo product_tag-los-haitises product_tag-los-haitises-national-park product_tag-mangroves-los-haitises product_tag-samana-bay product_tag-samana-excursions product_tag-samana-tours has-post-thumbnail sale virtual sold-individually purchasable product-type-simple\">\n\t<div class=\"mkdf-pl-inner\"><div class=\"mkdf-pl-image\">\n\t<span class=\"mkdf-onsale\">SALE<\/span>\n\t<img loading=\"lazy\" decoding=\"async\" width=\"300\" height=\"300\" src=\"https:\/\/visitaloshaitises.com\/wp-content\/uploads\/2020\/06\/cano-hondo-300x300.jpg\" class=\"attachment-woocommerce_thumbnail size-woocommerce_thumbnail\" alt=\"Park Narodowy Los Haitises + Lunch w Ca\u00f1o Hondo z portu Saman\u00e1.\" srcset=\"https:\/\/visitaloshaitises.com\/wp-content\/uploads\/2020\/06\/cano-hondo-300x300.jpg 300w, https:\/\/visitaloshaitises.com\/wp-content\/uploads\/2020\/06\/cano-hondo-100x100.jpg 100w, https:\/\/visitaloshaitises.com\/wp-content\/uploads\/2020\/06\/cano-hondo-150x150.jpg 150w, https:\/\/visitaloshaitises.com\/wp-content\/uploads\/2020\/06\/cano-hondo-550x550.jpg 550w\" sizes=\"auto, (max-width: 300px) 100vw, 300px\" \/><div class=\"mkdf-pl-text\"><div class=\"mkdf-pl-text-outer\"><div class=\"mkdf-pl-text-inner\"><a href=\"\/pl\/wp-json\/wp\/v2\/product\/11578?add-to-cart=35\" aria-describedby=\"woocommerce_loop_add_to_cart_link_describedby_35\" data-quantity=\"1\" class=\"button product_type_simple add_to_cart_button ajax_add_to_cart\" data-product_id=\"35\" data-product_sku=\"\" aria-label=\"Dodaj do koszyka: \u201eLos Haitises National Park + Lunch at Ca\u00f1o Hondo from Saman\u00e1 Port.\u201d\" rel=\"nofollow\" data-success_message=\"\u201cLos Haitises National Park + Lunch at Ca\u00f1o Hondo from Saman\u00e1 Port.\u201d zosta\u0142 dodany do twojego koszyka\" role=\"button\" data-no-translation=\"\" data-trp-gettext=\"\" data-no-translation-aria-label=\"\" data-no-translation-data-success_message=\"\">Dodaj do koszyka<\/a>\t<span id=\"woocommerce_loop_add_to_cart_link_describedby_35\" class=\"screen-reader-text\">\n\t\t\t<\/span>\n<\/div><\/div><\/div><\/div><a href=\"https:\/\/visitaloshaitises.com\/pl\/private\/los-haitises-national-park-lunch-at-cano-hondo-from-samana-port\/\" class=\"woocommerce-LoopProduct-link woocommerce-loop-product__link\"><\/a><\/div><div class=\"mkdf-pl-text-wrapper\"><h4 class=\"mkdf-product-list-title\"><a href=\"https:\/\/visitaloshaitises.com\/pl\/private\/los-haitises-national-park-lunch-at-cano-hondo-from-samana-port\/\">Park Narodowy Los Haitises + Lunch w Ca\u00f1o Hondo z portu Saman\u00e1.<\/a><\/h4>\n\t<span class=\"price\"><del aria-hidden=\"true\"><span class=\"woocommerce-Price-amount amount\"><bdi><span class=\"woocommerce-Price-currencySymbol\">&#36;<\/span>98.00<\/bdi><\/span><\/del> <span class=\"screen-reader-text\" data-no-translation=\"\" data-trp-gettext=\"\">Pierwotna cena wynosi\u0142a: &#036;98.00.<\/span><ins aria-hidden=\"true\"><span class=\"woocommerce-Price-amount amount\"><bdi><span class=\"woocommerce-Price-currencySymbol\">&#36;<\/span>87.99<\/bdi><\/span><\/ins><span class=\"screen-reader-text\" data-no-translation=\"\" data-trp-gettext=\"\">Aktualna cena wynosi: &#036;87.99.<\/span><\/span>\n<\/div><\/li><li class=\"product type-product post-44 status-publish last instock product_cat-caves product_cat-fees-entrace product_cat-local-tour-guides product_cat-mangroves product_tag-los-haitises product_tag-los-haitises-national-park product_tag-samana product_tag-samana-bay product_tag-samana-excursions product_tag-samana-tours has-post-thumbnail sale sold-individually shipping-taxable product-type-external\">\n\t<div class=\"mkdf-pl-inner\"><div class=\"mkdf-pl-image\">\n\t<span class=\"mkdf-onsale\">SALE<\/span>\n\t<img loading=\"lazy\" decoding=\"async\" width=\"300\" height=\"300\" src=\"https:\/\/visitaloshaitises.com\/wp-content\/uploads\/2020\/06\/BeFunky-collage-300x300.jpg\" class=\"attachment-woocommerce_thumbnail size-woocommerce_thumbnail\" alt=\"Wycieczka do Parku Narodowego Los Haitises z portu Saman\u00e1\" srcset=\"https:\/\/visitaloshaitises.com\/wp-content\/uploads\/2020\/06\/BeFunky-collage-300x300.jpg 300w, https:\/\/visitaloshaitises.com\/wp-content\/uploads\/2020\/06\/BeFunky-collage-100x100.jpg 100w, https:\/\/visitaloshaitises.com\/wp-content\/uploads\/2020\/06\/BeFunky-collage-600x600.jpg 600w, https:\/\/visitaloshaitises.com\/wp-content\/uploads\/2020\/06\/BeFunky-collage-64x64.jpg 64w, https:\/\/visitaloshaitises.com\/wp-content\/uploads\/2020\/06\/BeFunky-collage-1024x1024.jpg 1024w, https:\/\/visitaloshaitises.com\/wp-content\/uploads\/2020\/06\/BeFunky-collage-150x150.jpg 150w, https:\/\/visitaloshaitises.com\/wp-content\/uploads\/2020\/06\/BeFunky-collage-768x768.jpg 768w, https:\/\/visitaloshaitises.com\/wp-content\/uploads\/2020\/06\/BeFunky-collage-1536x1536.jpg 1536w, https:\/\/visitaloshaitises.com\/wp-content\/uploads\/2020\/06\/BeFunky-collage-550x550.jpg 550w, https:\/\/visitaloshaitises.com\/wp-content\/uploads\/2020\/06\/BeFunky-collage-1100x1100.jpg 1100w\" sizes=\"auto, (max-width: 300px) 100vw, 300px\" \/><div class=\"mkdf-pl-text\"><div class=\"mkdf-pl-text-outer\"><div class=\"mkdf-pl-text-inner\"><a href=\"https:\/\/bookingadventures.tours\/booking.php?tour_id=cd01687b47db9fe0c95acae017fc39c6\" aria-describedby=\"woocommerce_loop_add_to_cart_link_describedby_44\" data-quantity=\"1\" class=\"button product_type_external\" data-product_id=\"44\" data-product_sku=\"\" aria-label=\"ZAREZERWUJ TERAZ\" rel=\"nofollow noopener\" target=\"_blank\">ZAREZERWUJ TERAZ<\/a>\t<span id=\"woocommerce_loop_add_to_cart_link_describedby_44\" class=\"screen-reader-text\">\n\t\t\t<\/span>\n<\/div><\/div><\/div><\/div><a href=\"https:\/\/visitaloshaitises.com\/pl\/private\/wycieczka-do-parku-narodowego-los-haitises-z-portu-samana\/\" class=\"woocommerce-LoopProduct-link woocommerce-loop-product__link\"><\/a><\/div><div class=\"mkdf-pl-text-wrapper\"><h4 class=\"mkdf-product-list-title\"><a href=\"https:\/\/visitaloshaitises.com\/pl\/private\/wycieczka-do-parku-narodowego-los-haitises-z-portu-samana\/\">Wycieczka do Parku Narodowego Los Haitises z portu Saman\u00e1<\/a><\/h4>\n\t<span class=\"price\"><del aria-hidden=\"true\"><span class=\"woocommerce-Price-amount amount\"><bdi><span class=\"woocommerce-Price-currencySymbol\">&#36;<\/span>75.00<\/bdi><\/span><\/del> <span class=\"screen-reader-text\" data-no-translation=\"\" data-trp-gettext=\"\">Pierwotna cena wynosi\u0142a: &#036;75.00.<\/span><ins aria-hidden=\"true\"><span class=\"woocommerce-Price-amount amount\"><bdi><span class=\"woocommerce-Price-currencySymbol\">&#36;<\/span>60.00<\/bdi><\/span><\/ins><span class=\"screen-reader-text\" data-no-translation=\"\" data-trp-gettext=\"\">Aktualna cena wynosi: &#036;60.00.<\/span><\/span>\n<\/div><\/li><\/ul>\n<\/div><\/div><\/div><\/div><\/div>","protected":false},"excerpt":{"rendered":"<p>Wycieczki do Los Haitises i Cayo Levantado, Ekologiczna wycieczka do Parku Narodowego Los Haitises z lokalnym przewodnikiem. Zwiedzanie Keys w Parku Narodowym Los Haitises, lasy namorzynowe, ro\u015blinno\u015b\u0107, obserwacja ptak\u00f3w, jaskinie, piktogramy i historyczne obszary Sabana de la Mar w Parku Narodowym Los Haitises. Po Los Haitises zjedli\u015bmy lunch na pla\u017cy na wyspie Bacardi. Zarezerwuj teraz Wycieczka do Parku Narodowego Los Haitises z portu Saman\u00e1 + wyspa Bacardi (Cayo Levantado) z nami.<\/p>\n<p><strong>Por favor seleccione la fecha para el Tour Los Haitises y Cayo Levantado :<\/strong><\/p>","protected":false},"featured_media":232,"template":"","meta":[],"product_brand":[],"product_cat":[443,123,124],"product_tag":[137,205,180,125,206,139,163,129,207,208,132,209,210,211,212,133,213,214,215,216,217,218,190,219,114,142,148,143,220],"class_list":{"0":"post-11578","1":"product","2":"type-product","3":"status-publish","4":"has-post-thumbnail","6":"product_cat-tours-y-excursiones-es","7":"product_cat-tours-excursions-los-haitises-national-park","8":"product_cat-tours-excursions-samana-bay-dominican-republic","9":"product_tag-bacardi-island","10":"product_tag-bacardi-island-tours","11":"product_tag-birdwatching","12":"product_tag-boat-tour","13":"product_tag-caves-los-haitises","14":"product_tag-cayo-levantado","15":"product_tag-cayo-levantado-tour","16":"product_tag-eco-tours","17":"product_tag-excursiones-a-los-haitises-y-cayo-levantado","18":"product_tag-haitises-park-and-cayo-levantado-island","19":"product_tag-los-haitises","20":"product_tag-los-haitises-excursiones","21":"product_tag-los-haitises-excursions","22":"product_tag-los-haitises-mapa","23":"product_tag-los-haitises-mas-cayo-levantado","24":"product_tag-los-haitises-national-park","25":"product_tag-los-haitises-national-park-map","26":"product_tag-los-haitises-national-park-mas-cayo-levantado","27":"product_tag-los-haitises-national-park-tour-from-las-terrenas","28":"product_tag-los-haitises-national-park-tour-from-samana-port-bacardi-island-cayo-levantado","29":"product_tag-los-haitises-national-park-tour-from-santo-domingo","30":"product_tag-los-haitises-park-tour-cayo-levantado-island","31":"product_tag-los-haitises-samana","32":"product_tag-los-haitises-y-cayo-levantado","33":"product_tag-sabana-de-la-mar","34":"product_tag-samana","35":"product_tag-samana-excursions","36":"product_tag-samana-tours","37":"product_tag-tour-los-haitises-national-park-cayo-levantado","39":"first","40":"instock","41":"sale","42":"sold-individually","43":"shipping-taxable","44":"product-type-external"},"_links":{"self":[{"href":"https:\/\/visitaloshaitises.com\/pl\/wp-json\/wp\/v2\/product\/11578","targetHints":{"allow":["GET"]}}],"collection":[{"href":"https:\/\/visitaloshaitises.com\/pl\/wp-json\/wp\/v2\/product"}],"about":[{"href":"https:\/\/visitaloshaitises.com\/pl\/wp-json\/wp\/v2\/types\/product"}],"wp:featuredmedia":[{"embeddable":true,"href":"https:\/\/visitaloshaitises.com\/pl\/wp-json\/wp\/v2\/media\/232"}],"wp:attachment":[{"href":"https:\/\/visitaloshaitises.com\/pl\/wp-json\/wp\/v2\/media?parent=11578"}],"wp:term":[{"taxonomy":"product_brand","embeddable":true,"href":"https:\/\/visitaloshaitises.com\/pl\/wp-json\/wp\/v2\/product_brand?post=11578"},{"taxonomy":"product_cat","embeddable":true,"href":"https:\/\/visitaloshaitises.com\/pl\/wp-json\/wp\/v2\/product_cat?post=11578"},{"taxonomy":"product_tag","embeddable":true,"href":"https:\/\/visitaloshaitises.com\/pl\/wp-json\/wp\/v2\/product_tag?post=11578"}],"curies":[{"name":"wp","href":"https:\/\/api.w.org\/{rel}","templated":true}]}}