{"id":11305,"date":"2021-08-15T20:08:36","date_gmt":"2021-08-15T20:08:36","guid":{"rendered":"https:\/\/haitises.com\/?post_type=product&#038;p=11305"},"modified":"2024-04-09T18:05:03","modified_gmt":"2024-04-09T18:05:03","slug":"los-haitises-national-park-lunch-at-cano-hondo-from-samana-port-2","status":"publish","type":"product","link":"https:\/\/visitaloshaitises.com\/pl\/private\/los-haitises-national-park-lunch-at-cano-hondo-from-samana-port-2\/","title":{"rendered":"Park Narodowy Los Haitises + Lunch w Ca\u00f1o Hondo z portu Saman\u00e1."},"content":{"rendered":"<div class=\"vc_row wpb_row vc_row-fluid\" ><div class=\"wpb_column vc_column_container vc_col-sm-12\"><div class=\"vc_column-inner\"><div class=\"wpb_wrapper\"><div class=\"mkdf-section-title-holder\" style=\"text-align: left\">\n\t<div class=\"mkdf-st-inner\">\n\t\t\t\t\t<h5 class=\"mkdf-st-subtitle\" >\n\t\t\t\tLunch &amp; Swimming at Natural Springs\t\t\t<\/h5>\n\t\t\t\t\t\t\t<h3 class=\"mkdf-st-title\" >\n\t\t\t\tLos Haitises National Park + Lunch at Cano Hondo from Samana Port.\t\t\t<\/h3>\n\t\t\t\t\t<\/div>\n<\/div><\/div><\/div><\/div><\/div><div class=\"vc_row wpb_row vc_row-fluid\" ><div class=\"wpb_column vc_column_container vc_col-sm-12\"><div class=\"vc_column-inner\"><div class=\"wpb_wrapper\">\n\t<div class=\"wpb_text_column wpb_content_element\" >\n\t\t<div class=\"wpb_wrapper\">\n\t\t\t<h4><b><i>Przegl\u0105d <\/i><\/b><\/h4>\n<p><strong>Los Haitises National park<\/strong> starting from Saman\u00e1 Port plus a Wonderfull lunch and Swimming on natural springs in <strong>Ca\u00f1o <\/strong>Hondo Ecolodge.\u00a0 Come with us and visit the most beautiful national park of the Dominican Republic, Visiting Mangroves, Caves and San Lorenzo Bay plus crossing the gorgeous Saman\u00e1 bay.\u00a0 After Having lunch at Ca\u00f1o Hondo you are allowed to swimming in the natural spring few hours and Then Back to Saman\u00e1 port.<\/p>\n<p>Po tym do\u015bwiadczeniu wr\u00f3cisz do portu Saman\u00e1.<\/p>\n<ul>\n<li style=\"font-weight: 400;\">Op\u0142aty wliczone w cen\u0119<\/li>\n<li style=\"font-weight: 400;\"><span style=\"font-weight: 400;\">Przewodnik zapewnia instrukcje i nadz\u00f3r<\/span><\/li>\n<\/ul>\n<p>&nbsp;<\/p>\n<h4><b>W\u0142\u0105czenia i wy\u0142\u0105czenia<\/b><\/h4>\n<p>&nbsp;<\/p>\n<p><b>W\u0142\u0105czenia<\/b><\/p>\n<ol>\n<li style=\"font-weight: 400;\">Wycieczka po Los Haitises + jaskinie i piktogramy<\/li>\n<li>Lunch at Ca\u00f1o Hondo<\/li>\n<li>Swimming on the Natural springs<\/li>\n<li style=\"font-weight: 400;\"><span style=\"font-weight: 400;\">Wszystkie podatki, op\u0142aty i op\u0142aty manipulacyjne<\/span><\/li>\n<li style=\"font-weight: 400;\"><span style=\"font-weight: 400;\">Podatki lokalne<\/span><\/li>\n<li style=\"font-weight: 400;\"><span style=\"font-weight: 400;\">Napoje<\/span><\/li>\n<li style=\"font-weight: 400;\"><span style=\"font-weight: 400;\">Wszystkie dzia\u0142ania<\/span><\/li>\n<li style=\"font-weight: 400;\"><span style=\"font-weight: 400;\">Lokalny przewodnik<\/span><\/li>\n<\/ol>\n<p><b> Wy\u0142\u0105czenia<\/b><\/p>\n<ol>\n<li style=\"font-weight: 400;\"><span style=\"font-weight: 400;\">Gratyfikacje<\/span><\/li>\n<li style=\"font-weight: 400;\"><span style=\"font-weight: 400;\">Transfer<\/span><\/li>\n<li style=\"font-weight: 400;\"><span style=\"font-weight: 400;\">Napoje alkoholowe<\/span><\/li>\n<\/ol>\n<p>&nbsp;<\/p>\n<h4><em><strong>Wylot i powr\u00f3t<\/strong><\/em><\/h4>\n<p><span style=\"font-weight: 400;\">Podr\u00f3\u017cny otrzyma miejsce spotkania po zako\u0144czeniu procesu rezerwacji. Wycieczki rozpoczynaj\u0105 si\u0119 i ko\u0144cz\u0105 w naszych punktach spotka\u0144.<\/span><\/p>\n<p>&nbsp;<\/p>\n<h4><b><i>Czego si\u0119 spodziewa\u0107?<\/i><\/b><\/h4>\n<p>&nbsp;<\/p>\n<p><em><strong>Zdob\u0105d\u017a bilety<\/strong><\/em> zwiedzanie Parku Narodowego Los Haitises ze wspania\u0142ym lunchem w Ca\u00f1o Hondo i k\u0105piel\u0105 w naturalnych \u017ar\u00f3d\u0142ach.<\/p>\n<p>Wyruszaj\u0105c z portu Saman\u00e1 na pok\u0142adzie \u0142odzi lub katamaranu z lokalnym przewodnikiem, przep\u0142yniemy przez zatok\u0119 Saman\u00e1 na stron\u0119 Sabana de la Mar, aby odwiedzi\u0107 jeden z najpi\u0119kniejszych park\u00f3w narodowych Dominikany. <em><strong>Park Narodowy Haitises<\/strong><\/em>.<\/p>\n<p>Zwiedzanie wyspy z ptakami wok\u00f3\u0142. W sezonie l\u0119gowym mo\u017cemy nawet zobaczy\u0107 piskl\u0119ta pelikan\u00f3w na gniazdach. Zwiedzanie wn\u0119trza skalistej wyspy i jaski\u0144 z piktogramami i petrografami rdzennej ludno\u015bci.<\/p>\n<p>The tour, organized by \u00abBooking Adventures\u00bb starts at the meeting point set with the Tour Guide. Come with Booking Adventures and start checking some bird-filled mangroves, rolling hills of lush vegetation and caves of <em><strong>Park Narodowy Los Haitises<\/strong><\/em>.<\/p>\n<div class=\"body-description secondary\">\n<p>Nazwa parku narodowego pochodzi od jego pierwotnych mieszka\u0144c\u00f3w, Indian Taino. W ich j\u0119zyku \"Haitises\" oznacza wy\u017cyny lub wzg\u00f3rza, co jest odniesieniem do stromych formacji geologicznych wybrze\u017ca z wapieniami. Warto wybra\u0107 si\u0119 w g\u0142\u0105b parku, aby zwiedzi\u0107 jaskinie, takie jak <em><strong>Jaskinia Piaskowa<\/strong><\/em> i <strong><em>Cueva de la L\u00ednea.<\/em><\/strong><\/p>\n<p>Caves in the reserve were used as shelter by the Taino Indians and, later, by hiding pirates. Look for drawings by Indians that decorate some of the walls.<\/p>\n<p>After visiting Los Haitises National Park we will go to Cano Hondo. In Cano Hondo learning about this ecolodge history and Lunchtime with the typical food from Sabana de la mar Comunity.<\/p>\n<p>Lunch will be delicious but we did not finish yet. After lunchtime, we will swim in the Natural spring from Jibales River a perennial river to the Ca\u00f1o Hondo River.\u00a0 Staying at Ca\u00f1o Hondo until 4: 00 pm and heading back to Saman\u00e1 port we will pass again through the mangroves and Land at the open San Lorenzo bay, from where you can photograph the rugged forest landscape. Look to the water to spot <em><strong>Manaty<\/strong><\/em>skorupiaki i <em><strong>delfiny.<\/strong><\/em><\/p>\n<p>Until the time that you will set with the tour guide for after this going to Cano Hondo port and take a boat back to Saman\u00e1 port passing Saman\u00e1 bay 30 min.<\/p>\n<\/div>\n<p>Je\u015bli spodoba Ci si\u0119 ta podr\u00f3\u017c d\u0142u\u017cej, mamy nast\u0119puj\u0105ce opcje:<\/p>\n<ol>\n<li><a href=\"https:\/\/www.ticketswhales.com\/tour\/los-haitises-national-park-tour-from-samana-port\/\" target=\"_blank\" rel=\"noopener\">Los Haitises + Cayo Levantado z portu Samana.<\/a><\/li>\n<\/ol>\n<p>&nbsp;<\/p>\n<h4><em><strong>Co nale\u017cy ze sob\u0105 zabra\u0107?<\/strong><\/em><\/h4>\n<ul>\n<li style=\"font-weight: 400;\"><span style=\"font-weight: 400;\">Kamera<\/span><\/li>\n<li style=\"font-weight: 400;\"><span style=\"font-weight: 400;\">P\u0105ki odstraszaj\u0105ce<\/span><\/li>\n<li style=\"font-weight: 400;\"><span style=\"font-weight: 400;\">krem do opalania<\/span><\/li>\n<li style=\"font-weight: 400;\"><span style=\"font-weight: 400;\">Kapelusz<\/span><\/li>\n<li style=\"font-weight: 400;\"><span style=\"font-weight: 400;\">Wygodne spodnie<\/span><\/li>\n<li style=\"font-weight: 400;\"><span style=\"font-weight: 400;\">Buty turystyczne do lasu<\/span><\/li>\n<li style=\"font-weight: 400;\"><span style=\"font-weight: 400;\">Sanda\u0142y do obszar\u00f3w wiosennych.<\/span><\/li>\n<li style=\"font-weight: 400;\"><span style=\"font-weight: 400;\">Odzie\u017c do p\u0142ywania<\/span><\/li>\n<\/ul>\n<p>&nbsp;<\/p>\n<h4><b><i>Pickup Hotel <\/i><\/b><\/h4>\n<p><span style=\"font-weight: 400;\">Ta wycieczka nie obejmuje odbioru z hotelu. <\/span><\/p>\n<p>&nbsp;<\/p>\n<p><b>Uwaga:<\/b><span style=\"font-weight: 400;\"> W przypadku rezerwacji dokonanej w ci\u0105gu 24 godzin od rozpocz\u0119cia wycieczki mo\u017cemy zorganizowa\u0107 odbi\u00f3r z hotelu za dodatkow\u0105 op\u0142at\u0105. Po dokonaniu zakupu prze\u015blemy pe\u0142ne informacje kontaktowe (numer telefonu, adres e-mail itp.) dla naszego lokalnego przewodnika w celu zorganizowania odbioru.<\/span><\/p>\n<h4><b><i>Dodatkowe informacje Potwierdzenie <\/i><\/b><\/h4>\n<ol>\n<li>Bilety s\u0105 pokwitowaniem po op\u0142aceniu tej wycieczki. P\u0142atno\u015b\u0107 mo\u017cna wy\u015bwietli\u0107 w telefonie.<\/li>\n<li style=\"font-weight: 400;\"><span style=\"font-weight: 400;\">Miejsce spotkania zostanie podane po zako\u0144czeniu procesu rezerwacji.<\/span><\/li>\n<li style=\"font-weight: 400;\"><span style=\"font-weight: 400;\">Dzieciom musi towarzyszy\u0107 osoba doros\u0142a.<\/span><\/li>\n<li style=\"font-weight: 400;\"><span style=\"font-weight: 400;\"> Brak dost\u0119pu dla w\u00f3zk\u00f3w inwalidzkich <\/span><\/li>\n<li style=\"font-weight: 400;\"><span style=\"font-weight: 400;\">Niemowl\u0119ta musz\u0105 siedzie\u0107 na kolanach <\/span><\/li>\n<li style=\"font-weight: 400;\"><span style=\"font-weight: 400;\">Niezalecane dla os\u00f3b z problemami z kr\u0119gos\u0142upem<\/span><\/li>\n<li style=\"font-weight: 400;\"><span style=\"font-weight: 400;\">Niezalecane dla kobiet w ci\u0105\u017cy <\/span><\/li>\n<li style=\"font-weight: 400;\"><span style=\"font-weight: 400;\"> Brak problem\u00f3w z sercem lub innych powa\u017cnych schorze\u0144 <\/span><\/li>\n<li style=\"font-weight: 400;\"><span style=\"font-weight: 400;\">Wi\u0119kszo\u015b\u0107 podr\u00f3\u017cnych mo\u017ce wzi\u0105\u0107 udzia\u0142<\/span><\/li>\n<\/ol>\n<h4><b><i>Polityka anulowania<\/i><\/b><\/h4>\n<p><span style=\"font-weight: 400;\">Aby otrzyma\u0107 pe\u0142ny zwrot koszt\u00f3w, nale\u017cy anulowa\u0107 subskrypcj\u0119 z co najmniej 24-godzinnym wyprzedzeniem przed dat\u0105 jej rozpocz\u0119cia.<\/span><\/p>\n\n\t\t<\/div>\n\t<\/div>\n<\/div><\/div><\/div><\/div><div class=\"vc_row wpb_row vc_row-fluid\" ><div class=\"wpb_column vc_column_container vc_col-sm-12\"><div class=\"vc_column-inner\"><div class=\"wpb_wrapper\"><div class=\"vc_empty_space\"   style=\"height: 32px\"><span class=\"vc_empty_space_inner\"><\/span><\/div>\n\t<div class=\"wpb_video_widget wpb_content_element vc_clearfix   vc_video-aspect-ratio-169 vc_video-el-width-100 vc_video-align-left\" >\n\t\t<div class=\"wpb_wrapper\">\n\t\t\t\n\t\t\t<div class=\"wpb_video_wrapper\"><iframe loading=\"lazy\" title=\"Park Narodowy Los Haitises, wycieczki i wycieczki z Samany lub Sabana de la Mar. Zarezerwuj tutaj:\" src=\"https:\/\/player.vimeo.com\/video\/346508015?dnt=1&amp;app_id=122963&amp;h=6e684a1c21\" width=\"1100\" height=\"619\" frameborder=\"0\" allow=\"autoplay; fullscreen; picture-in-picture\" allowfullscreen><\/iframe><\/div>\n\t\t<\/div>\n\t<\/div>\n<\/div><\/div><\/div><\/div><div class=\"vc_row wpb_row vc_row-fluid\" ><div class=\"wpb_column vc_column_container vc_col-sm-12\"><div class=\"vc_column-inner\"><div class=\"wpb_wrapper\"><div class=\"vc_empty_space\"   style=\"height: 32px\"><span class=\"vc_empty_space_inner\"><\/span><\/div>\n\t<div class=\"wpb_text_column wpb_content_element\" >\n\t\t<div class=\"wpb_wrapper\">\n\t\t\t<h4>Skontaktowa\u0107 si\u0119 z nami?<\/h4>\n<h5><em><strong>Rezerwacja przyg\u00f3d<\/strong><\/em><\/h5>\n<p><em><strong>Miejscowi<\/strong> i <strong>Nationals<\/strong> Przewodnicy turystyczni i obs\u0142uga go\u015bci<\/em><\/p>\n<p><span class=\"text-turquoise\">Rezerwacje:<\/span> Wycieczki w Dom. Rep.<\/p>\n<p><img decoding=\"async\" class=\"emoji\" draggable=\"false\" src=\"https:\/\/s.w.org\/images\/core\/emoji\/11.2.0\/svg\/1f4de.svg\" alt=\"\ud83d\udcde\" \/> Tel \/ Whatsapp\u00a0 <a href=\"tel:+1-809-720-6035\">+1-809-720-6035<\/a>.<\/p>\n<p><img decoding=\"async\" class=\"emoji\" draggable=\"false\" src=\"https:\/\/s.w.org\/images\/core\/emoji\/11.2.0\/svg\/1f4e9.svg\" alt=\"\ud83d\udce9\" \/> <a href=\"mailto:info@bookingadventures.com.do\">info@bookingadventures.com.do<\/a><\/p>\n<p><strong>Jeste\u015bmy elastyczni w ustalaniu prywatnych wycieczek przez Whatsapp: <a href=\"tel:+18097206035\">+18097206035.<\/a><\/strong><\/p>\n\n\t\t<\/div>\n\t<\/div>\n<div class=\"vc_empty_space\"   style=\"height: 32px\"><span class=\"vc_empty_space_inner\"><\/span><\/div><\/div><\/div><\/div><\/div>","protected":false},"excerpt":{"rendered":"<p><strong>Wybierz dat\u0119 wycieczki\u00a0<\/strong><\/p>","protected":false},"featured_media":104,"template":"","meta":[],"product_brand":[],"product_cat":[119,96,144,98,135,121,99,122,123,124],"product_tag":[126,127,128,145,132,133,146,147,148,143],"class_list":{"0":"post-11305","1":"product","2":"type-product","3":"status-publish","4":"has-post-thumbnail","6":"product_cat-caves","7":"product_cat-hiking","8":"product_cat-kayaking","9":"product_cat-local-tour-guides","10":"product_cat-lunch","11":"product_cat-mangroves","12":"product_cat-swimming-natural-springs","13":"product_cat-tours-and-excursions","14":"product_cat-tours-excursions-los-haitises-national-park","15":"product_cat-tours-excursions-samana-bay-dominican-republic","16":"product_tag-cano-hondo","17":"product_tag-cano-hondo-hotel","18":"product_tag-cano-hondo-tours","19":"product_tag-day-tour-cano-hondo","20":"product_tag-los-haitises","21":"product_tag-los-haitises-national-park","22":"product_tag-mangroves-los-haitises","23":"product_tag-samana-bay","24":"product_tag-samana-excursions","25":"product_tag-samana-tours","27":"first","28":"instock","29":"sale","30":"sold-individually","31":"shipping-taxable","32":"product-type-external"},"_links":{"self":[{"href":"https:\/\/visitaloshaitises.com\/pl\/wp-json\/wp\/v2\/product\/11305","targetHints":{"allow":["GET"]}}],"collection":[{"href":"https:\/\/visitaloshaitises.com\/pl\/wp-json\/wp\/v2\/product"}],"about":[{"href":"https:\/\/visitaloshaitises.com\/pl\/wp-json\/wp\/v2\/types\/product"}],"wp:featuredmedia":[{"embeddable":true,"href":"https:\/\/visitaloshaitises.com\/pl\/wp-json\/wp\/v2\/media\/104"}],"wp:attachment":[{"href":"https:\/\/visitaloshaitises.com\/pl\/wp-json\/wp\/v2\/media?parent=11305"}],"wp:term":[{"taxonomy":"product_brand","embeddable":true,"href":"https:\/\/visitaloshaitises.com\/pl\/wp-json\/wp\/v2\/product_brand?post=11305"},{"taxonomy":"product_cat","embeddable":true,"href":"https:\/\/visitaloshaitises.com\/pl\/wp-json\/wp\/v2\/product_cat?post=11305"},{"taxonomy":"product_tag","embeddable":true,"href":"https:\/\/visitaloshaitises.com\/pl\/wp-json\/wp\/v2\/product_tag?post=11305"}],"curies":[{"name":"wp","href":"https:\/\/api.w.org\/{rel}","templated":true}]}}