{"id":554,"date":"2020-06-22T17:36:48","date_gmt":"2020-06-22T17:36:48","guid":{"rendered":"https:\/\/haitises.com\/?post_type=product&#038;p=554"},"modified":"2024-04-17T20:44:54","modified_gmt":"2024-04-17T20:44:54","slug":"excursion-a-los-haitises-desde-sabana-de-la-mar-o-cano-hondo","status":"publish","type":"product","link":"https:\/\/visitaloshaitises.com\/pa\/\u0a28\u0a3f\u0a71\u0a1c\u0a40\/excursion-a-los-haitises-desde-sabana-de-la-mar-o-cano-hondo\/","title":{"rendered":"\u0a38\u0a2c\u0a3e\u0a28\u0a3e \u0a21\u0a47 \u0a32\u0a3e \u0a2e\u0a3e\u0a30 \u0a1c\u0a3e\u0a02 \u0a15\u0a48\u0a28\u0a4b \u0a39\u0a4b\u0a02\u0a21\u0a4b \u0a24\u0a4b\u0a02 \u0a32\u0a4b\u0a38 \u0a39\u0a48\u0a1f\u0a3f\u0a38 \u0a26\u0a40 \u0a38\u0a48\u0a30"},"content":{"rendered":"<div class=\"vc_row wpb_row vc_row-fluid\" ><div class=\"wpb_column vc_column_container vc_col-sm-12\"><div class=\"vc_column-inner\"><div class=\"wpb_wrapper\">[mkdf_section_title subtitle_tag=\u00bb\u00bb subtitle=\u00bbTour normal a los Haitises\u00bb]<\/div><\/div><\/div><\/div><div class=\"vc_row wpb_row vc_row-fluid\" ><div class=\"wpb_column vc_column_container vc_col-sm-12\"><div class=\"vc_column-inner\"><div class=\"wpb_wrapper\">\n\t<div class=\"wpb_text_column wpb_content_element\" >\n\t\t<div class=\"wpb_wrapper\">\n\t\t\t<h2>\u0a38\u0a2c\u0a3e\u0a28\u0a3e \u0a21\u0a47 \u0a32\u0a3e \u0a2e\u0a3e\u0a30 \u0a1c\u0a3e\u0a02 \u0a39\u0a4b\u0a1f\u0a32 \u0a15\u0a48\u0a28\u0a4b \u0a39\u0a4b\u0a02\u0a21\u0a4b \u0a24\u0a4b\u0a02 \u0a32\u0a3e\u0a38 \u0a39\u0a48\u0a1f\u0a3f\u0a38 \u0a28\u0a48\u0a38\u0a3c\u0a28\u0a32 \u0a2a\u0a3e\u0a30\u0a15\u0964<\/h2>\n<h3>\u0a35\u0a30\u0a23\u0a28<\/h3>\n<p>\u0a32\u0a3e\u0a38 \u0a39\u0a48\u0a1f\u0a3f\u0a38 \u0a28\u0a48\u0a38\u0a3c\u0a28\u0a32 \u0a2a\u0a3e\u0a30\u0a15 \u0a32\u0a08 \u0a07\u0a71\u0a15 \u0a06\u0a2e \u0a28\u0a3f\u0a71\u0a1c\u0a40 \u0a2f\u0a3e\u0a24\u0a30\u0a3e. \u0a38\u0a3e\u0a21\u0a47 \u0a28\u0a3e\u0a32 \u0a06\u0a13 \u0a05\u0a24\u0a47 \u0a21\u0a4b\u0a2e\u0a3f\u0a28\u0a3f\u0a15\u0a28 \u0a30\u0a40\u0a2a\u0a2c\u0a32\u0a3f\u0a15 \u0a26\u0a47 \u0a38\u0a2d \u0a24\u0a4b\u0a02 \u0a38\u0a41\u0a70\u0a26\u0a30 \u0a30\u0a3e\u0a38\u0a3c\u0a1f\u0a30\u0a40 \u0a2a\u0a3e\u0a30\u0a15 \u0a26\u0a3e \u0a26\u0a4c\u0a30\u0a3e \u0a15\u0a30\u0a4b, \u0a2e\u0a48\u0a02\u0a17\u0a30\u0a4b\u0a35\u0a1c\u0a3c, \u0a17\u0a41\u0a2b\u0a3e\u0a35\u0a3e\u0a02 \u0a05\u0a24\u0a47 \u0a38\u0a48\u0a28 \u0a32\u0a4b\u0a30\u0a47\u0a02\u0a1c\u0a3c\u0a4b \u0a2c\u0a47 \u0a26\u0a3e \u0a26\u0a4c\u0a30\u0a3e \u0a15\u0a30\u0a4b\u0964 \u0a07\u0a39 \u0a05\u0a28\u0a41\u0a2d\u0a35 \u0a38\u0a2c\u0a3e\u0a28\u0a3e \u0a21\u0a47 \u0a32\u0a3e \u0a2e\u0a3e\u0a30 \u0a26\u0a47 \u0a2d\u0a3e\u0a08\u0a1a\u0a3e\u0a30\u0a47 \u0a24\u0a4b\u0a02 \u0a38\u0a2c\u0a3e\u0a28\u0a3e \u0a21\u0a47 \u0a32\u0a3e \u0a2e\u0a3e\u0a30 \u0a26\u0a47 \u0a07\u0a24\u0a3f\u0a39\u0a3e\u0a38 \u0a2c\u0a3e\u0a30\u0a47 \u0a38\u0a3f\u0a71\u0a16\u0a23 \u0a24\u0a4b\u0a02 \u0a38\u0a3c\u0a41\u0a30\u0a42 \u0a39\u0a4b \u0a38\u0a15\u0a26\u0a3e \u0a39\u0a48\u0964 \u0a07\u0a38 \u0a24\u0a4b\u0a02 \u0a07\u0a32\u0a3e\u0a35\u0a3e, \u0a05\u0a38\u0a40\u0a02 \u0a07\u0a38 \u0a2f\u0a3e\u0a24\u0a30\u0a3e \u0a26\u0a40 \u0a38\u0a3c\u0a41\u0a30\u0a42\u0a06\u0a24 \u0a15\u0a48\u0a28\u0a4b \u0a39\u0a4b\u0a02\u0a21\u0a4b \u0a26\u0a40 \u0a2c\u0a70\u0a26\u0a30\u0a17\u0a3e\u0a39 \u0a24\u0a4b\u0a02 \u0a15\u0a30\u0a26\u0a47 \u0a39\u0a3e\u0a02\u0964<\/p>\n<ul>\n<li>\u0a1f\u0a48\u0a15\u0a38 \u0a38\u0a3c\u0a3e\u0a2e\u0a32 \u0a39\u0a28<\/li>\n<li>\u0a17\u0a3e\u0a08\u0a21 \u0a39\u0a3f\u0a26\u0a3e\u0a07\u0a24 \u0a05\u0a24\u0a47 \u0a28\u0a3f\u0a17\u0a30\u0a3e\u0a28\u0a40 \u0a2a\u0a4d\u0a30\u0a26\u0a3e\u0a28 \u0a15\u0a30\u0a26\u0a40 \u0a39\u0a48\u0964<\/li>\n<li>Ca\u00f1o Hondo \u0a35\u0a3f\u0a71\u0a1a \u0a26\u0a41\u0a2a\u0a39\u0a3f\u0a30 \u0a26\u0a47 \u0a16\u0a3e\u0a23\u0a47 \u0a32\u0a08 \u0a26\u0a41\u0a2a\u0a39\u0a3f\u0a30 \u0a26\u0a3e \u0a16\u0a3e\u0a23\u0a3e \u0a38\u0a3c\u0a3e\u0a2e\u0a32 \u0a28\u0a39\u0a40\u0a02 \u0a39\u0a48 \u0a07\u0a39 \u0a1f\u0a42\u0a30 \u0a1a\u0a41\u0a23\u0a4b: Los Haitises Plus Ca\u00f1o Hondo\u0964<\/li>\n<\/ul>\n<h3>\u0a38\u0a3c\u0a2e\u0a42\u0a32\u0a40\u0a05\u0a24 \u0a05\u0a24\u0a47 \u0a2c\u0a47\u0a26\u0a16\u0a32\u0a40<\/h3>\n<h4>\u0a38\u0a2e\u0a3e\u0a35\u0a47\u0a38\u0a3c<\/h4>\n<ol>\n<li>\u0a32\u0a3e\u0a38 \u0a39\u0a48\u0a1f\u0a3f\u0a38 \u0a1f\u0a42\u0a30 + \u0a17\u0a41\u0a2b\u0a3e\u0a35\u0a3e\u0a02 \u0a05\u0a24\u0a47 \u0a24\u0a38\u0a35\u0a40\u0a30\u0a3e\u0a02<\/li>\n<li>\u0a38\u0a3e\u0a30\u0a47 \u0a1f\u0a48\u0a15\u0a38, \u0a2b\u0a40\u0a38\u0a3e\u0a02 \u0a05\u0a24\u0a47 \u0a39\u0a48\u0a02\u0a21\u0a32\u0a3f\u0a70\u0a17 \u0a16\u0a30\u0a1a\u0a47\u0964<\/li>\n<li>\u0a38\u0a25\u0a3e\u0a28\u0a15 \u0a1f\u0a48\u0a15\u0a38<\/li>\n<li>\u0a38\u0a3e\u0a30\u0a40\u0a06\u0a02 \u0a17\u0a24\u0a40\u0a35\u0a3f\u0a27\u0a40\u0a06\u0a02<\/li>\n<li>\u0a38\u0a25\u0a3e\u0a28\u0a15 \u0a17\u0a3e\u0a08\u0a21<\/li>\n<\/ol>\n<h4>\u0a2c\u0a47\u0a26\u0a16\u0a32\u0a40<\/h4>\n<ol>\n<li>\u0a38\u0a41\u0a1d\u0a3e\u0a05<\/li>\n<li>Ca\u00f1o Hondo \u0a35\u0a3f\u0a71\u0a1a \u0a26\u0a41\u0a2a\u0a39\u0a3f\u0a30 \u0a26\u0a47 \u0a16\u0a3e\u0a23\u0a47 \u0a32\u0a08 \u0a26\u0a41\u0a2a\u0a39\u0a3f\u0a30 \u0a26\u0a3e \u0a16\u0a3e\u0a23\u0a3e \u0a38\u0a3c\u0a3e\u0a2e\u0a32 \u0a28\u0a39\u0a40\u0a02 \u0a39\u0a48 \u0a07\u0a39 \u0a1f\u0a42\u0a30 \u0a1a\u0a41\u0a23\u0a4b: Los Haitises Plus Ca\u00f1o Hondo\u0964<\/li>\n<li>\u0a06\u0a35\u0a3e\u0a1c\u0a3e\u0a08<\/li>\n<li>\u0a05\u0a32\u0a15\u0a4b\u0a39\u0a32 \u0a35\u0a3e\u0a32\u0a47 \u0a2a\u0a40\u0a23 \u0a35\u0a3e\u0a32\u0a47 \u0a2a\u0a26\u0a3e\u0a30\u0a25<\/li>\n<\/ol>\n<h3><em>\u0a30\u0a35\u0a3e\u0a28\u0a17\u0a40 \u0a05\u0a24\u0a47 \u0a35\u0a3e\u0a2a\u0a38\u0a40<\/em><\/h3>\n<p>\u0a2c\u0a41\u0a15\u0a3f\u0a70\u0a17 \u0a2a\u0a4d\u0a30\u0a15\u0a3f\u0a30\u0a3f\u0a06 \u0a24\u0a4b\u0a02 \u0a2c\u0a3e\u0a05\u0a26 \u0a2f\u0a3e\u0a24\u0a30\u0a40 \u0a28\u0a42\u0a70 \u0a07\u0a71\u0a15 \u0a2e\u0a40\u0a1f\u0a3f\u0a70\u0a17 \u0a2a\u0a41\u0a06\u0a07\u0a70\u0a1f \u0a2e\u0a3f\u0a32\u0a47\u0a17\u0a3e\u0964 \u0a1f\u0a42\u0a30 \u0a38\u0a3e\u0a21\u0a47 \u0a2e\u0a40\u0a1f\u0a3f\u0a70\u0a17 \u0a2c\u0a3f\u0a70\u0a26\u0a42\u0a06\u0a02 &#039;\u0a24\u0a47 \u0a38\u0a3c\u0a41\u0a30\u0a42 \u0a05\u0a24\u0a47 \u0a38\u0a2e\u0a3e\u0a2a\u0a24 \u0a39\u0a41\u0a70\u0a26\u0a47 \u0a39\u0a28\u0964<\/p>\n<h4><em>\u0a15\u0a40 \u0a09\u0a2e\u0a40\u0a26 \u0a15\u0a30\u0a28\u0a40 \u0a39\u0a48?<\/em><\/h4>\n<p>\u0a17\u0a41\u0a2b\u0a3e\u0a35\u0a3e\u0a02, \u0a2e\u0a48\u0a02\u0a17\u0a30\u0a4b\u0a35\u0a1c\u0a3c \u0a05\u0a24\u0a47 \u0a38\u0a48\u0a28 \u0a32\u0a4b\u0a30\u0a47\u0a02\u0a1c\u0a3c\u0a4b \u0a2c\u0a47 \u0a26\u0a47 \u0a28\u0a3e\u0a32 \u0a32\u0a3e\u0a38 \u0a39\u0a48\u0a1f\u0a3f\u0a38 \u0a28\u0a48\u0a38\u0a3c\u0a28\u0a32 \u0a2a\u0a3e\u0a30\u0a15 \u0a26\u0a3e \u0a26\u0a4c\u0a30\u0a3e \u0a15\u0a30\u0a28 \u0a32\u0a08 \u0a06\u0a2a\u0a23\u0a40\u0a06\u0a02 \u0a1f\u0a3f\u0a15\u0a1f\u0a3e\u0a02 \u0a2a\u0a4d\u0a30\u0a3e\u0a2a\u0a24 \u0a15\u0a30\u0a4b\u0964<\/p>\n<p>\u0a38\u0a25\u0a3e\u0a28\u0a15 \u0a17\u0a3e\u0a08\u0a21\u0a3e\u0a02 \u0a35\u0a3e\u0a32\u0a47 \u0a38\u0a2c\u0a3e\u0a28\u0a3e \u0a21\u0a47 \u0a32\u0a3e \u0a2e\u0a3e\u0a30 \u0a1c\u0a3e\u0a02 \u0a15\u0a48\u0a28\u0a4b \u0a39\u0a4c\u0a02\u0a21\u0a4b \u0a39\u0a4b\u0a1f\u0a32\u0a3e\u0a02 \u0a24\u0a4b\u0a02 \u0a32\u0a4b\u0a38 \u0a39\u0a48\u0a1f\u0a3f\u0a38 \u0a28\u0a48\u0a38\u0a3c\u0a28\u0a32 \u0a2a\u0a3e\u0a30\u0a15 \u0a26\u0a3e \u0a26\u0a4c\u0a30\u0a3e \u0a15\u0a30\u0a28 \u0a32\u0a08 \u0a38\u0a2d \u0a24\u0a4b\u0a02 \u0a18\u0a71\u0a1f \u0a15\u0a40\u0a2e\u0a24\u0964 \u0a2f\u0a3e\u0a24\u0a30\u0a3e \u0a26\u0a40 \u0a38\u0a3c\u0a41\u0a30\u0a42\u0a06\u0a24 \u0a32\u0a4b\u0a38 \u0a39\u0a48\u0a1f\u0a3f\u0a38 \u0a28\u0a48\u0a38\u0a3c\u0a28\u0a32 \u0a2a\u0a3e\u0a30\u0a15 \u0a26\u0a47 \u0a2e\u0a41\u0a71\u0a16 \u0a2c\u0a70\u0a26\u0a30\u0a17\u0a3e\u0a39 \u0a24\u0a4b\u0a02 \u0a39\u0a41\u0a70\u0a26\u0a40 \u0a39\u0a48\u0964 \u0a07\u0a39 \u0a2f\u0a3e\u0a24\u0a30\u0a3e \u0a38\u0a35\u0a47\u0a30\u0a47 10:00 \u0a35\u0a1c\u0a47 \u0a07\u0a71\u0a15 \u0a38\u0a25\u0a3e\u0a28\u0a15 \u0a1f\u0a42\u0a30 \u0a17\u0a3e\u0a08\u0a21 \u0a28\u0a3e\u0a32 \u0a38\u0a3c\u0a41\u0a30\u0a42 \u0a39\u0a41\u0a70\u0a26\u0a40 \u0a39\u0a48 \u0a1c\u0a4b \u0a38\u0a3c\u0a3e\u0a28\u0a26\u0a3e\u0a30 \u0a28\u0a48\u0a38\u0a3c\u0a28\u0a32 \u0a2a\u0a3e\u0a30\u0a15 \u0a2c\u0a3e\u0a30\u0a47 \u0a05\u0a38\u0a32 \u0a15\u0a39\u0a3e\u0a23\u0a40 \u0a1c\u0a3e\u0a23\u0a26\u0a3e \u0a39\u0a48\u0964<\/p>\n<p>\u0a2b\u0a3f\u0a30 \u0a05\u0a38\u0a40\u0a02 \u0a32\u0a4c\u0a38 \u0a39\u0a48\u0a1f\u0a3f\u0a38 \u0a28\u0a48\u0a38\u0a3c\u0a28\u0a32 \u0a2a\u0a3e\u0a30\u0a15 \u0a26\u0a47 \u0a2e\u0a41\u0a71\u0a16 \u0a2c\u0a70\u0a26\u0a30\u0a17\u0a3e\u0a39 \u0a24\u0a4b\u0a02 \u0a38\u0a3c\u0a41\u0a30\u0a42 \u0a15\u0a30\u0a26\u0a47 \u0a39\u0a3e\u0a02, \u0a1c\u0a3f\u0a38\u0a28\u0a42\u0a70 \u0a15\u0a48\u0a28\u0a4b \u0a39\u0a4b\u0a02\u0a21\u0a4b (\u0a21\u0a40\u0a2a \u0a15\u0a4d\u0a30\u0a40\u0a15) \u0a15\u0a3f\u0a39\u0a3e \u0a1c\u0a3e\u0a02\u0a26\u0a3e \u0a39\u0a48, \u0a32\u0a3e\u0a08\u0a2b \u0a1c\u0a48\u0a15\u0a1f\u0a3e\u0a02 \u0a26\u0a47 \u0a28\u0a3e\u0a32 \u0a07\u0a71\u0a15 \u0a2c\u0a4b\u0a1f \u0a35\u0a3f\u0a71\u0a1a. \u0a1c\u0a26\u0a4b\u0a02 \u0a24\u0a71\u0a15 \u0a05\u0a38\u0a40\u0a02 \u0a38\u0a48\u0a28 \u0a32\u0a4b\u0a30\u0a47\u0a02\u0a1c\u0a3c\u0a4b \u0a2c\u0a47\u0a05 \u0a24\u0a71\u0a15 \u0a28\u0a39\u0a40\u0a02 \u0a2a\u0a39\u0a41\u0a70\u0a1a \u0a1c\u0a3e\u0a02\u0a26\u0a47 \u0a05\u0a38\u0a40\u0a02 \u0a32\u0a3e\u0a32 \u0a2e\u0a48\u0a02\u0a17\u0a30\u0a4b\u0a35 \u0a1c\u0a70\u0a17\u0a32 \u0a26\u0a3e \u0a06\u0a28\u0a70\u0a26 \u0a2e\u0a3e\u0a23\u0a3e\u0a02\u0a17\u0a47\u0964 \u0a38\u0a2e\u0a3e\u0a28\u0a3e \u0a16\u0a3e\u0a5c\u0a40 \u0a35\u0a3f\u0a71\u0a1a \u0a1b\u0a4b\u0a1f\u0a40 \u0a16\u0a3e\u0a5c\u0a40\u0964 \u0a05\u0a24\u0a47 \u0a07\u0a71\u0a25\u0a47 \u0a05\u0a38\u0a40\u0a02 \u0a1c\u0a3e\u0a02\u0a26\u0a47 \u0a39\u0a3e\u0a02! \u0a2a\u0a39\u0a3f\u0a32\u0a40 \u0a1a\u0a40\u0a1c\u0a3c \u0a1c\u0a4b \u0a24\u0a41\u0a38\u0a40\u0a02 \u0a26\u0a47\u0a16 \u0a38\u0a15\u0a26\u0a47 \u0a39\u0a4b \u0a09\u0a39 \u0a39\u0a48 \u0a2e\u0a4b\u0a17\u0a4b\u0a1f\u0a38 \u0a28\u0a3e\u0a2e\u0a15 \u0a07\u0a71\u0a15 \u0a35\u0a3f\u0a38\u0a3c\u0a3e\u0a32 \u0a1a\u0a42\u0a28\u0a47 \u0a26\u0a47 \u0a2a\u0a39\u0a3e\u0a5c\u0a40 \u0a1f\u0a3e\u0a2a\u0a42 \u0a26\u0a3e \u0a38\u0a70\u0a17\u0a4d\u0a30\u0a39\u0a3f\u0964 \u0a09\u0a28\u0a4d\u0a39\u0a3e\u0a02 \u0a26\u0a47 \u0a09\u0a71\u0a2a\u0a30 \u0a2a\u0a4c\u0a26\u0a3f\u0a06\u0a02 \u0a26\u0a40\u0a06\u0a02 700 \u0a24\u0a4b\u0a02 \u0a35\u0a71\u0a27 \u0a15\u0a3f\u0a38\u0a2e\u0a3e\u0a02 \u0a05\u0a24\u0a47 \u0a15\u0a08 \u0a35\u0a48\u0a1f\u0a32\u0a48\u0a02\u0a21 \u0a2a\u0a70\u0a1b\u0a40 \u0a06\u0a32\u0a47-\u0a26\u0a41\u0a06\u0a32\u0a47 \u0a09\u0a71\u0a21\u0a26\u0a47 \u0a39\u0a28\u0964 \u0a2c\u0a3e\u0a05\u0a26 \u0a35\u0a3f\u0a71\u0a1a 750 \u0a38\u0a3e\u0a32 \u0a2a\u0a39\u0a3f\u0a32\u0a3e\u0a02 \u0a38\u0a3e\u0a21\u0a47 \u0a06\u0a26\u0a3f\u0a35\u0a3e\u0a38\u0a40 \u0a2d\u0a3e\u0a08\u0a1a\u0a3e\u0a30\u0a3f\u0a06\u0a02 \u0a26\u0a40\u0a06\u0a02 \u0a24\u0a38\u0a35\u0a40\u0a30\u0a3e\u0a02 \u0a35\u0a3e\u0a32\u0a40\u0a06\u0a02 \u0a17\u0a41\u0a2b\u0a3e\u0a35\u0a3e\u0a02 \u0a26\u0a3e \u0a26\u0a4c\u0a30\u0a3e \u0a15\u0a30\u0a28\u0a3e\u0964<\/p>\n<p>\u0a16\u0a41\u0a71\u0a32\u0a40 \u0a38\u0a48\u0a28 \u0a32\u0a4b\u0a30\u0a47\u0a02\u0a1c\u0a3c\u0a4b \u0a2c\u0a47 \u0a35\u0a3f\u0a71\u0a1a \u0a16\u0a41\u0a70\u0a2d\u0a3e\u0a02 \u0a05\u0a24\u0a47 \u0a1c\u0a3c\u0a2e\u0a40\u0a28 \u0a26\u0a41\u0a06\u0a30\u0a3e, \u0a1c\u0a3f\u0a71\u0a25\u0a4b\u0a02 \u0a24\u0a41\u0a38\u0a40\u0a02 \u0a30\u0a41\u0a71\u0a16\u0a47 \u0a1c\u0a70\u0a17\u0a32 \u0a26\u0a47 \u0a32\u0a48\u0a02\u0a21\u0a38\u0a15\u0a47\u0a2a \u0a26\u0a40 \u0a2b\u0a4b\u0a1f\u0a4b \u0a16\u0a3f\u0a71\u0a1a \u0a38\u0a15\u0a26\u0a47 \u0a39\u0a4b\u0964 \u0a2e\u0a48\u0a28\u0a47\u0a1f\u0a40\u0a1c\u0a3c, \u0a15\u0a4d\u0a30\u0a38\u0a1f\u0a47\u0a38\u0a3c\u0a40\u0a05\u0a28 \u0a05\u0a24\u0a47 \u0a21\u0a3e\u0a32\u0a2b\u0a3f\u0a28 \u0a28\u0a42\u0a70 \u0a26\u0a47\u0a16\u0a23 \u0a32\u0a08 \u0a2a\u0a3e\u0a23\u0a40 \u0a35\u0a3f\u0a71\u0a1a \u0a26\u0a47\u0a16\u0a4b\u0964<\/p>\n<p>El nombre del parque nacional proviene de sus habitantes originales, los indios ta\u00ednos. En su idioma, \u00abHaitises\u00bb se traduce en tierras altas o colinas, una referencia a las empinadas formaciones geol\u00f3gicas de la costa con calizas. Avent\u00farate en el parque para explorar cuevas como la Cueva de la Arena y la Cueva de la L\u00ednea. Las cuevas en la reserva fueron utilizadas como refugio por los indios ta\u00ednos y, m\u00e1s tarde, por los piratas escondidos. Busque dibujos de indios que decoran algunas de las paredes. Despu\u00e9s de visitar el Parque Nacional Los Haitises, regresaremos al puerto donde comenz\u00f3 nuestro viaje.<\/p>\n<h3><em>\u0a24\u0a41\u0a39\u0a3e\u0a28\u0a42\u0a70 \u0a15\u0a40 \u0a32\u0a3f\u0a06\u0a09\u0a23\u0a3e \u0a1a\u0a3e\u0a39\u0a40\u0a26\u0a3e \u0a39\u0a48?<\/em><\/h3>\n<ul>\n<li>\u0a15\u0a48\u0a2e\u0a30\u0a3e<\/li>\n<li>\u0a30\u0a3f\u0a2a\u0a47\u0a32\u0a48\u0a02\u0a1f\u0a38<\/li>\n<li>\u0a38\u0a28\u0a38\u0a15\u0a4d\u0a30\u0a40\u0a28<\/li>\n<li>\u0a1f\u0a4b\u0a2a\u0a40<\/li>\n<li>\u0a06\u0a30\u0a3e\u0a2e\u0a26\u0a3e\u0a07\u0a15 \u0a2a\u0a48\u0a02\u0a1f<\/li>\n<li>\u0a1c\u0a70\u0a17\u0a32 \u0a39\u0a3e\u0a08\u0a15\u0a3f\u0a70\u0a17 \u0a1c\u0a41\u0a71\u0a24\u0a47<\/li>\n<li>\u0a2c\u0a38\u0a70\u0a24 \u0a16\u0a47\u0a24\u0a30\u0a3e\u0a02 \u0a28\u0a42\u0a70 \u0a38\u0a48\u0a02\u0a21\u0a32.<\/li>\n<li>\u0a38\u0a35\u0a3f\u0a2e\u0a38\u0a42\u0a1f<\/li>\n<\/ul>\n<h3><em>\u0a39\u0a4b\u0a1f\u0a32 \u0a2a\u0a3f\u0a15\u0a05\u0a71\u0a2a<\/em><\/h3>\n<p>\u0a1c\u0a47\u0a15\u0a30 \u0a24\u0a41\u0a38\u0a40\u0a02 Paraiso Ca\u00f1o Hondo \u0a1c\u0a3e\u0a02 Altos Ca\u00f1o Hondo Hotel \u0a35\u0a3f\u0a71\u0a1a \u0a38\u0a25\u0a3f\u0a24 \u0a39\u0a4b \u0a24\u0a3e\u0a02 \u0a39\u0a4b\u0a1f\u0a32 \u0a2a\u0a3f\u0a15\u0a05\u0a71\u0a2a \u0a26\u0a40 \u0a2a\u0a47\u0a38\u0a3c\u0a15\u0a38\u0a3c \u0a15\u0a40\u0a24\u0a40 \u0a1c\u0a3e\u0a02\u0a26\u0a40 \u0a39\u0a48\u0964 \u0a38\u0a3e\u0a21\u0a3e \u0a2e\u0a3f\u0a32\u0a23 \u0a26\u0a3e \u0a38\u0a25\u0a3e\u0a28 \u0a09\u0a39\u0a28\u0a3e\u0a02 \u0a39\u0a4b\u0a1f\u0a32\u0a3e\u0a02 \u0a24\u0a4b\u0a02 5 \u0a2e\u0a3f\u0a70\u0a1f \u0a26\u0a40 \u0a2a\u0a48\u0a26\u0a32 \u0a39\u0a48\u0964<\/p>\n<p><strong>\u0a28\u0a4b\u0a1f \u0a15\u0a30\u0a4b<\/strong>- \u0a1c\u0a47\u0a15\u0a30 \u0a24\u0a41\u0a38\u0a40\u0a02 \u0a1f\u0a42\u0a30\/\u0a38\u0a48\u0a30-\u0a38\u0a2a\u0a3e\u0a1f\u0a3e \u0a30\u0a35\u0a3e\u0a28\u0a17\u0a40 \u0a26\u0a47 \u0a38\u0a2e\u0a47\u0a02 \u0a26\u0a47 24 \u0a18\u0a70\u0a1f\u0a3f\u0a06\u0a02 \u0a26\u0a47 \u0a05\u0a70\u0a26\u0a30 \u0a2c\u0a41\u0a71\u0a15 \u0a15\u0a30\u0a26\u0a47 \u0a39\u0a4b, \u0a24\u0a3e\u0a02 \u0a05\u0a38\u0a40\u0a02 \u0a35\u0a3e\u0a27\u0a42 \u0a16\u0a30\u0a1a\u0a3f\u0a06\u0a02 \u0a26\u0a47 \u0a28\u0a3e\u0a32 \u0a39\u0a4b\u0a1f\u0a32 \u0a2a\u0a3f\u0a15\u0a05\u0a71\u0a2a \u0a26\u0a3e \u0a2a\u0a4d\u0a30\u0a2c\u0a70\u0a27 \u0a15\u0a30 \u0a38\u0a15\u0a26\u0a47 \u0a39\u0a3e\u0a02 \u0a1c\u0a47\u0a15\u0a30 \u0a24\u0a41\u0a38\u0a40\u0a02 \u0a15\u0a48\u0a28\u0a4b \u0a39\u0a4b\u0a02\u0a21\u0a4b \u0a39\u0a4b\u0a1f\u0a32\u0a3e\u0a02 \u0a35\u0a3f\u0a71\u0a1a \u0a28\u0a39\u0a40\u0a02 \u0a39\u0a4b\u0964 \u0a07\u0a71\u0a15 \u0a35\u0a3e\u0a30 \u0a1c\u0a26\u0a4b\u0a02 \u0a24\u0a41\u0a39\u0a3e\u0a21\u0a40 \u0a16\u0a30\u0a40\u0a26 \u0a2a\u0a42\u0a30\u0a40 \u0a39\u0a4b \u0a1c\u0a3e\u0a02\u0a26\u0a40 \u0a39\u0a48, \u0a05\u0a38\u0a40\u0a02 \u0a24\u0a41\u0a39\u0a3e\u0a28\u0a42\u0a70 \u0a2a\u0a3f\u0a15\u0a05\u0a71\u0a2a \u0a2a\u0a4d\u0a30\u0a2c\u0a70\u0a27\u0a3e\u0a02 \u0a26\u0a3e \u0a2a\u0a4d\u0a30\u0a2c\u0a70\u0a27 \u0a15\u0a30\u0a28 \u0a32\u0a08 \u0a38\u0a3e\u0a21\u0a40 \u0a38\u0a25\u0a3e\u0a28\u0a15 \u0a1f\u0a42\u0a30 \u0a17\u0a3e\u0a08\u0a21 \u0a32\u0a08 \u0a2a\u0a42\u0a30\u0a40 \u0a38\u0a70\u0a2a\u0a30\u0a15 \u0a1c\u0a3e\u0a23\u0a15\u0a3e\u0a30\u0a40 (\u0a2b\u0a4b\u0a28 \u0a28\u0a70\u0a2c\u0a30, \u0a08\u0a2e\u0a47\u0a32 \u0a2a\u0a24\u0a3e, \u0a06\u0a26\u0a3f) \u0a2d\u0a47\u0a1c\u0a3e\u0a02\u0a17\u0a47\u0964<\/p>\n<h3><em>\u0a35\u0a3e\u0a27\u0a42 \u0a1c\u0a3e\u0a23\u0a15\u0a3e\u0a30\u0a40 \u0a26\u0a40 \u0a2a\u0a41\u0a38\u0a3c\u0a1f\u0a40<\/em><\/h3>\n<ul>\n<li>\u0a1f\u0a3f\u0a15\u0a1f\u0a3e\u0a02 \u0a07\u0a38 \u0a1f\u0a42\u0a30 \u0a32\u0a08 \u0a2d\u0a41\u0a17\u0a24\u0a3e\u0a28 \u0a15\u0a30\u0a28 \u0a24\u0a4b\u0a02 \u0a2c\u0a3e\u0a05\u0a26 \u0a30\u0a38\u0a40\u0a26 \u0a39\u0a28\u0964 \u0a24\u0a41\u0a38\u0a40\u0a02 \u0a06\u0a2a\u0a23\u0a47 \u0a2b\u0a3c\u0a4b\u0a28 &#039;\u0a24\u0a47 \u0a2d\u0a41\u0a17\u0a24\u0a3e\u0a28 \u0a26\u0a3f\u0a16\u0a3e \u0a38\u0a15\u0a26\u0a47 \u0a39\u0a4b\u0964<\/li>\n<li>\u0a2e\u0a40\u0a1f\u0a3f\u0a70\u0a17 \u0a2a\u0a41\u0a06\u0a07\u0a70\u0a1f \u0a30\u0a3f\u0a1c\u0a3c\u0a30\u0a35\u0a47\u0a38\u0a3c\u0a28 \u0a2a\u0a4d\u0a30\u0a15\u0a3f\u0a30\u0a3f\u0a06 \u0a26\u0a47 \u0a2c\u0a3e\u0a05\u0a26 \u0a2a\u0a4d\u0a30\u0a3e\u0a2a\u0a24 \u0a15\u0a40\u0a24\u0a3e \u0a1c\u0a3e\u0a35\u0a47\u0a17\u0a3e.<\/li>\n<li>\u0a2c\u0a71\u0a1a\u0a3f\u0a06\u0a02 \u0a28\u0a42\u0a70 \u0a07\u0a71\u0a15 \u0a2c\u0a3e\u0a32\u0a17 \u0a26\u0a47 \u0a28\u0a3e\u0a32 \u0a39\u0a4b\u0a23\u0a3e \u0a1a\u0a3e\u0a39\u0a40\u0a26\u0a3e \u0a39\u0a48\u0964<\/li>\n<li>\u0a35\u0a4d\u0a39\u0a40\u0a32\u0a1a\u0a47\u0a05\u0a30 \u0a2a\u0a39\u0a41\u0a70\u0a1a\u0a2f\u0a4b\u0a17 \u0a28\u0a39\u0a40\u0a02 \u0a39\u0a48<\/li>\n<li>\u0a28\u0a3f\u0a06\u0a23\u0a3f\u0a06\u0a02 \u0a28\u0a42\u0a70 \u0a2c\u0a47\u0a2c\u0a40 \u0a38\u0a40\u0a1f \u0a1c\u0a3e\u0a02 \u0a15\u0a3f\u0a38\u0a47 \u0a2c\u0a3e\u0a32\u0a17 \u0a28\u0a3e\u0a32 \u0a2c\u0a48\u0a20\u0a23\u0a3e \u0a1a\u0a3e\u0a39\u0a40\u0a26\u0a3e \u0a39\u0a48<\/li>\n<li>\u0a2a\u0a3f\u0a71\u0a20 \u0a26\u0a40\u0a06\u0a02 \u0a38\u0a2e\u0a71\u0a38\u0a3f\u0a06\u0a35\u0a3e\u0a02 \u0a35\u0a3e\u0a32\u0a47 \u0a2f\u0a3e\u0a24\u0a30\u0a40\u0a06\u0a02 \u0a32\u0a08 \u0a38\u0a3f\u0a2b\u0a3e\u0a30\u0a38\u0a3c \u0a28\u0a39\u0a40\u0a02 \u0a15\u0a40\u0a24\u0a40 \u0a1c\u0a3e\u0a02\u0a26\u0a40.<\/li>\n<li>\u0a17\u0a30\u0a2d\u0a35\u0a24\u0a40 \u0a14\u0a30\u0a24\u0a3e\u0a02 \u0a32\u0a08 \u0a38\u0a3f\u0a2b\u0a3e\u0a30\u0a38\u0a3c \u0a28\u0a39\u0a40\u0a02 \u0a15\u0a40\u0a24\u0a40 \u0a1c\u0a3e\u0a02\u0a26\u0a40.<\/li>\n<li>\u0a15\u0a4b\u0a08 \u0a26\u0a3f\u0a32 \u0a26\u0a40\u0a06\u0a02 \u0a38\u0a2e\u0a71\u0a38\u0a3f\u0a06\u0a35\u0a3e\u0a02 \u0a1c\u0a3e\u0a02 \u0a39\u0a4b\u0a30 \u0a17\u0a70\u0a2d\u0a40\u0a30 \u0a21\u0a3e\u0a15\u0a1f\u0a30\u0a40 \u0a38\u0a25\u0a3f\u0a24\u0a40\u0a06\u0a02 \u0a28\u0a39\u0a40\u0a02 \u0a39\u0a28\u0964<\/li>\n<li>\u0a1c\u0a3c\u0a3f\u0a06\u0a26\u0a3e\u0a24\u0a30 \u0a2f\u0a3e\u0a24\u0a30\u0a40 \u0a39\u0a3f\u0a71\u0a38\u0a3e \u0a32\u0a48 \u0a38\u0a15\u0a26\u0a47 \u0a39\u0a28\u0964<\/li>\n<\/ul>\n<h3><em>\u0a30\u0a71\u0a26 \u0a15\u0a30\u0a28 \u0a26\u0a40 \u0a28\u0a40\u0a24\u0a40<\/em><\/h3>\n<p>\u0a2a\u0a42\u0a30\u0a40 \u0a30\u0a3f\u0a2b\u0a70\u0a21 \u0a32\u0a08, \u0a05\u0a28\u0a41\u0a2d\u0a35 \u0a38\u0a3c\u0a41\u0a30\u0a42 \u0a39\u0a4b\u0a23 \u0a26\u0a40 \u0a2e\u0a3f\u0a24\u0a40 \u0a24\u0a4b\u0a02 \u0a18\u0a71\u0a1f\u0a4b-\u0a18\u0a71\u0a1f 24 \u0a18\u0a70\u0a1f\u0a47 \u0a2a\u0a39\u0a3f\u0a32\u0a3e\u0a02 \u0a30\u0a71\u0a26 \u0a15\u0a30\u0a4b\u0964<\/p>\n<h3><em>\u0a38\u0a3e\u0a21\u0a47 \u0a28\u0a3e\u0a32 \u0a38\u0a70\u0a2a\u0a30\u0a15 \u0a15\u0a30\u0a4b?<\/em><\/h3>\n<p>\u0a2c\u0a41\u0a15\u0a3f\u0a70\u0a17 \u0a38\u0a3e\u0a39\u0a38<br \/>\n\u0a38\u0a25\u0a3e\u0a28\u0a15 \u0a05\u0a24\u0a47 \u0a30\u0a3e\u0a38\u0a3c\u0a1f\u0a30\u0a40 \u0a1f\u0a42\u0a30 \u0a17\u0a3e\u0a08\u0a21 \u0a05\u0a24\u0a47 \u0a2e\u0a39\u0a3f\u0a2e\u0a3e\u0a28 \u0a38\u0a47\u0a35\u0a3e\u0a35\u0a3e\u0a02<\/p>\n<p>\u0a30\u0a3f\u0a1c\u0a3c\u0a30\u0a35\u0a47\u0a38\u0a3c\u0a28: \u0a21\u0a4b\u0a2e \u0a35\u0a3f\u0a71\u0a1a \u0a1f\u0a42\u0a30 \u0a05\u0a24\u0a47 \u0a38\u0a48\u0a30-\u0a38\u0a2a\u0a3e\u0a1f\u0a3e\u0964<\/p>\n<p>\ud83d\udcde \u0a1f\u0a48\u0a32\u0a40\u0a2b\u0a3c\u0a4b\u0a28\/\u0a35\u0a1f\u0a38\u0a10\u0a2a +1-809-720-6035\u0964<\/p>\n<p>\ud83d\udce9 info@bookingadventures.com.do<\/p>\n<p>\u0a05\u0a38\u0a40\u0a02 Whatsapp: +18097206035 \u0a26\u0a41\u0a06\u0a30\u0a3e \u0a32\u0a1a\u0a15\u0a26\u0a3e\u0a30 \u0a38\u0a70\u0a30\u0a1a\u0a28\u0a3e \u0a26\u0a47 \u0a28\u0a3e\u0a32 \u0a28\u0a3f\u0a71\u0a1c\u0a40 \u0a1f\u0a42\u0a30 \u0a26\u0a3e \u0a06\u0a2f\u0a4b\u0a1c\u0a28 \u0a15\u0a30\u0a26\u0a47 \u0a39\u0a3e\u0a02\u0964<\/p>\n\n\t\t<\/div>\n\t<\/div>\n<\/div><\/div><\/div><\/div>","protected":false},"excerpt":{"rendered":"<p>\u0a38\u0a25\u0a3e\u0a28\u0a15 \u0a17\u0a3e\u0a08\u0a21\u0a3e\u0a02 \u0a35\u0a3e\u0a32\u0a47 \u0a38\u0a2c\u0a3e\u0a28\u0a3e \u0a21\u0a47 \u0a32\u0a3e \u0a2e\u0a3e\u0a30 \u0a1c\u0a3e\u0a02 \u0a15\u0a48\u0a28\u0a4b \u0a39\u0a4c\u0a02\u0a21\u0a4b \u0a39\u0a4b\u0a1f\u0a32\u0a3e\u0a02 \u0a24\u0a4b\u0a02 \u0a32\u0a4b\u0a38 \u0a39\u0a48\u0a1f\u0a3f\u0a38 \u0a28\u0a48\u0a38\u0a3c\u0a28\u0a32 \u0a2a\u0a3e\u0a30\u0a15 \u0a26\u0a3e \u0a26\u0a4c\u0a30\u0a3e \u0a15\u0a30\u0a28 \u0a32\u0a08 \u0a38\u0a2d \u0a24\u0a4b\u0a02 \u0a18\u0a71\u0a1f \u0a15\u0a40\u0a2e\u0a24\u0964 \u0a2f\u0a3e\u0a24\u0a30\u0a3e \u0a26\u0a40 \u0a38\u0a3c\u0a41\u0a30\u0a42\u0a06\u0a24 \u0a32\u0a4b\u0a38 \u0a39\u0a48\u0a1f\u0a3f\u0a38 \u0a28\u0a48\u0a38\u0a3c\u0a28\u0a32 \u0a2a\u0a3e\u0a30\u0a15 \u0a26\u0a47 \u0a2e\u0a41\u0a71\u0a16 \u0a2c\u0a70\u0a26\u0a30\u0a17\u0a3e\u0a39 \u0a24\u0a4b\u0a02 \u0a39\u0a41\u0a70\u0a26\u0a40 \u0a39\u0a48\u0964 \u0a07\u0a39 \u0a2f\u0a3e\u0a24\u0a30\u0a3e \u0a38\u0a35\u0a47\u0a30\u0a47 10:00 \u0a35\u0a1c\u0a47 \u0a07\u0a71\u0a15 \u0a38\u0a25\u0a3e\u0a28\u0a15 \u0a1f\u0a42\u0a30 \u0a17\u0a3e\u0a08\u0a21 \u0a28\u0a3e\u0a32 \u0a38\u0a3c\u0a41\u0a30\u0a42 \u0a39\u0a41\u0a70\u0a26\u0a40 \u0a39\u0a48 \u0a1c\u0a4b \u0a38\u0a3c\u0a3e\u0a28\u0a26\u0a3e\u0a30 \u0a28\u0a48\u0a38\u0a3c\u0a28\u0a32 \u0a2a\u0a3e\u0a30\u0a15 \u0a2c\u0a3e\u0a30\u0a47 \u0a05\u0a38\u0a32 \u0a15\u0a39\u0a3e\u0a23\u0a40 \u0a1c\u0a3e\u0a23\u0a26\u0a3e \u0a39\u0a48\u0964<\/p>\n<p>\u0a2b\u0a3f\u0a30 \u0a05\u0a38\u0a40\u0a02 \u0a32\u0a4c\u0a38 \u0a39\u0a48\u0a1f\u0a3f\u0a38 \u0a28\u0a48\u0a38\u0a3c\u0a28\u0a32 \u0a2a\u0a3e\u0a30\u0a15 \u0a26\u0a47 \u0a2e\u0a41\u0a71\u0a16 \u0a2c\u0a70\u0a26\u0a30\u0a17\u0a3e\u0a39 \u0a24\u0a4b\u0a02 \u0a38\u0a3c\u0a41\u0a30\u0a42 \u0a15\u0a30\u0a26\u0a47 \u0a39\u0a3e\u0a02, \u0a1c\u0a3f\u0a38\u0a28\u0a42\u0a70 \u0a15\u0a48\u0a28\u0a4b \u0a39\u0a4b\u0a02\u0a21\u0a4b (\u0a21\u0a40\u0a2a \u0a15\u0a4d\u0a30\u0a40\u0a15) \u0a15\u0a3f\u0a39\u0a3e \u0a1c\u0a3e\u0a02\u0a26\u0a3e \u0a39\u0a48, \u0a32\u0a3e\u0a08\u0a2b \u0a1c\u0a48\u0a15\u0a1f\u0a3e\u0a02 \u0a26\u0a47 \u0a28\u0a3e\u0a32 \u0a07\u0a71\u0a15 \u0a2c\u0a4b\u0a1f \u0a35\u0a3f\u0a71\u0a1a. \u0a05\u0a38\u0a40\u0a02 \u0a32\u0a3e\u0a32 \u0a2e\u0a48\u0a02\u0a17\u0a30\u0a4b\u0a35 \u0a1c\u0a70\u0a17\u0a32 \u0a26\u0a3e \u0a06\u0a28\u0a70\u0a26 \u0a2e\u0a3e\u0a23\u0a3e\u0a02\u0a17\u0a47 \u0a1c\u0a26\u0a4b\u0a02 \u0a24\u0a71\u0a15 \u0a05\u0a38\u0a40\u0a02 \u0a38\u0a3e\u0a28 \u0a32\u0a4b\u0a30\u0a47\u0a02\u0a1c\u0a3c\u0a4b \u0a2c\u0a47, \u0a38\u0a2e\u0a3e\u0a28\u0a3e \u0a2c\u0a47 \u0a35\u0a3f\u0a71\u0a1a \u0a07\u0a71\u0a15 \u0a1b\u0a4b\u0a1f\u0a40 \u0a16\u0a3e\u0a5c\u0a40 \u0a24\u0a71\u0a15 \u0a28\u0a39\u0a40\u0a02 \u0a2a\u0a39\u0a41\u0a70\u0a1a \u0a1c\u0a3e\u0a02\u0a26\u0a47\u0964 \u0a05\u0a24\u0a47 \u0a07\u0a71\u0a25\u0a47 \u0a05\u0a38\u0a40\u0a02 \u0a1c\u0a3e\u0a02\u0a26\u0a47 \u0a39\u0a3e\u0a02! \u0a2a\u0a39\u0a3f\u0a32\u0a40 \u0a1a\u0a40\u0a1c\u0a3c \u0a1c\u0a4b \u0a24\u0a41\u0a38\u0a40\u0a02 \u0a26\u0a47\u0a16 \u0a38\u0a15\u0a26\u0a47 \u0a39\u0a4b \u0a09\u0a39 \u0a39\u0a48 \u0a2e\u0a4b\u0a17\u0a4b\u0a1f\u0a38 \u0a28\u0a3e\u0a2e\u0a15 \u0a07\u0a71\u0a15 \u0a35\u0a3f\u0a38\u0a3c\u0a3e\u0a32 \u0a1a\u0a42\u0a28\u0a47 \u0a26\u0a47 \u0a2a\u0a39\u0a3e\u0a5c\u0a40 \u0a1f\u0a3e\u0a2a\u0a42 \u0a26\u0a3e \u0a38\u0a70\u0a17\u0a4d\u0a30\u0a39\u0a3f\u0964 \u0a09\u0a28\u0a4d\u0a39\u0a3e\u0a02 \u0a24\u0a4b\u0a02 \u0a07\u0a32\u0a3e\u0a35\u0a3e, \u0a2a\u0a4c\u0a26\u0a3f\u0a06\u0a02 \u0a26\u0a40\u0a06\u0a02 700 \u0a24\u0a4b\u0a02 \u0a35\u0a71\u0a27 \u0a15\u0a3f\u0a38\u0a2e\u0a3e\u0a02 \u0a05\u0a24\u0a47 \u0a2c\u0a39\u0a41\u0a24 \u0a38\u0a3e\u0a30\u0a47 \u0a35\u0a48\u0a1f\u0a32\u0a48\u0a02\u0a21 \u0a2a\u0a70\u0a1b\u0a40 \u0a06\u0a32\u0a47-\u0a26\u0a41\u0a06\u0a32\u0a47 \u0a09\u0a71\u0a21\u0a26\u0a47 \u0a39\u0a28\u0964 \u0a2c\u0a3e\u0a05\u0a26 \u0a35\u0a3f\u0a71\u0a1a 750 \u0a38\u0a3e\u0a32 \u0a2a\u0a39\u0a3f\u0a32\u0a3e\u0a02 \u0a38\u0a3e\u0a21\u0a47 \u0a06\u0a26\u0a3f\u0a35\u0a3e\u0a38\u0a40 \u0a2d\u0a3e\u0a08\u0a1a\u0a3e\u0a30\u0a3f\u0a06\u0a02 \u0a26\u0a40\u0a06\u0a02 \u0a24\u0a38\u0a35\u0a40\u0a30\u0a3e\u0a02 \u0a35\u0a3e\u0a32\u0a40\u0a06\u0a02 \u0a17\u0a41\u0a2b\u0a3e\u0a35\u0a3e\u0a02 \u0a26\u0a3e \u0a26\u0a4c\u0a30\u0a3e \u0a15\u0a30\u0a28\u0a3e\u0964<\/p>\n<p><strong>\u0a15\u0a3f\u0a30\u0a2a\u0a3e \u0a15\u0a30\u0a15\u0a47 \u0a1f\u0a42\u0a30 \u0a32\u0a08 \u0a2e\u0a3f\u0a24\u0a40 \u0a1a\u0a41\u0a23\u0a4b\u00a0<\/strong><\/p>","protected":false},"featured_media":81,"template":"","meta":[],"product_brand":[],"product_cat":[119,120,98,121,99,122,443,123,124],"product_tag":[125,126,127,128,129,130,131,132,133,134,114],"class_list":{"0":"post-554","1":"product","2":"type-product","3":"status-publish","4":"has-post-thumbnail","6":"product_cat-caves","7":"product_cat-fees-entrace","8":"product_cat-local-tour-guides","9":"product_cat-mangroves","10":"product_cat-swimming-natural-springs","11":"product_cat-tours-and-excursions","12":"product_cat-tours-y-excursiones-es","13":"product_cat-tours-excursions-los-haitises-national-park","14":"product_cat-tours-excursions-samana-bay-dominican-republic","15":"product_tag-boat-tour","16":"product_tag-cano-hondo","17":"product_tag-cano-hondo-hotel","18":"product_tag-cano-hondo-tours","19":"product_tag-eco-tours","20":"product_tag-excursion","21":"product_tag-locals-guides","22":"product_tag-los-haitises","23":"product_tag-los-haitises-national-park","24":"product_tag-los-haitises-national-park-tour","25":"product_tag-sabana-de-la-mar","27":"first","28":"instock","29":"sale","30":"sold-individually","31":"shipping-taxable","32":"product-type-external"},"_links":{"self":[{"href":"https:\/\/visitaloshaitises.com\/pa\/wp-json\/wp\/v2\/product\/554","targetHints":{"allow":["GET"]}}],"collection":[{"href":"https:\/\/visitaloshaitises.com\/pa\/wp-json\/wp\/v2\/product"}],"about":[{"href":"https:\/\/visitaloshaitises.com\/pa\/wp-json\/wp\/v2\/types\/product"}],"wp:featuredmedia":[{"embeddable":true,"href":"https:\/\/visitaloshaitises.com\/pa\/wp-json\/wp\/v2\/media\/81"}],"wp:attachment":[{"href":"https:\/\/visitaloshaitises.com\/pa\/wp-json\/wp\/v2\/media?parent=554"}],"wp:term":[{"taxonomy":"product_brand","embeddable":true,"href":"https:\/\/visitaloshaitises.com\/pa\/wp-json\/wp\/v2\/product_brand?post=554"},{"taxonomy":"product_cat","embeddable":true,"href":"https:\/\/visitaloshaitises.com\/pa\/wp-json\/wp\/v2\/product_cat?post=554"},{"taxonomy":"product_tag","embeddable":true,"href":"https:\/\/visitaloshaitises.com\/pa\/wp-json\/wp\/v2\/product_tag?post=554"}],"curies":[{"name":"wp","href":"https:\/\/api.w.org\/{rel}","templated":true}]}}