{"id":551,"date":"2020-06-19T20:10:32","date_gmt":"2020-06-19T20:10:32","guid":{"rendered":"https:\/\/haitises.com\/?post_type=product&#038;p=551"},"modified":"2023-10-14T21:50:12","modified_gmt":"2023-10-14T21:50:12","slug":"excursion-al-los-haitises-y-cano-hondo-desde-samana","status":"publish","type":"product","link":"https:\/\/visitaloshaitises.com\/pa\/private\/excursion-al-los-haitises-y-cano-hondo-desde-samana\/","title":{"rendered":"\u0a38\u0a2e\u0a3e\u0a28\u0a3e \u0a24\u0a4b\u0a02 \u0a32\u0a4b\u0a38 \u0a39\u0a48\u0a1f\u0a3f\u0a38 \u0a05\u0a24\u0a47 \u0a15\u0a48\u0a28\u0a4b \u0a39\u0a4b\u0a02\u0a21\u0a4b \u0a26\u0a40 \u0a2f\u0a3e\u0a24\u0a30\u0a3e"},"content":{"rendered":"<div class=\"vc_row wpb_row vc_row-fluid\" ><div class=\"wpb_column vc_column_container vc_col-sm-12\"><div class=\"vc_column-inner\"><div class=\"wpb_wrapper\"><div class=\"mkdf-section-title-holder\" style=\"text-align: left\">\n\t<div class=\"mkdf-st-inner\">\n\t\t\t\t\t<h5 class=\"mkdf-st-subtitle\" >\n\t\t\t\t\u0a26\u0a41\u0a2a\u0a39\u0a3f\u0a30 \u0a26\u0a3e \u0a16\u0a3e\u0a23\u0a3e \u0a05\u0a24\u0a47 \u0a15\u0a41\u0a26\u0a30\u0a24\u0a40 \u0a2a\u0a42\u0a32 \u0a35\u0a3f\u0a71\u0a1a \u0a24\u0a48\u0a30\u0a3e\u0a15\u0a40\t\t\t<\/h5>\n\t\t\t\t\t\t\t<\/div>\n<\/div><\/div><\/div><\/div><\/div><div class=\"vc_row wpb_row vc_row-fluid\" ><div class=\"wpb_column vc_column_container vc_col-sm-12\"><div class=\"vc_column-inner\"><div class=\"wpb_wrapper\">\n\t<div class=\"wpb_text_column wpb_content_element\" >\n\t\t<div class=\"wpb_wrapper\">\n\t\t\t<h2>\u0a32\u0a3e\u0a38 \u0a39\u0a48\u0a1f\u0a3f\u0a38 \u0a28\u0a48\u0a38\u0a3c\u0a28\u0a32 \u0a2a\u0a3e\u0a30\u0a15 + \u0a38\u0a2e\u0a3e\u0a28\u0a3e \u0a26\u0a40 \u0a2c\u0a70\u0a26\u0a30\u0a17\u0a3e\u0a39 \u0a24\u0a4b\u0a02 \u0a15\u0a48\u0a28\u0a4b \u0a39\u0a4b\u0a02\u0a21\u0a4b \u0a35\u0a3f\u0a71\u0a1a \u0a26\u0a41\u0a2a\u0a39\u0a3f\u0a30 \u0a26\u0a3e \u0a16\u0a3e\u0a23\u0a3e\u0964<\/h2>\n<h3><em>\u0a35\u0a30\u0a23\u0a28<\/em><\/h3>\n<p>\u0a32\u0a3e\u0a38 \u0a39\u0a48\u0a1f\u0a3f\u0a38 \u0a28\u0a48\u0a38\u0a3c\u0a28\u0a32 \u0a2a\u0a3e\u0a30\u0a15 \u0a38\u0a2e\u0a3e\u0a28\u0a3e \u0a26\u0a40 \u0a2c\u0a70\u0a26\u0a30\u0a17\u0a3e\u0a39 \u0a24\u0a4b\u0a02 \u0a38\u0a3c\u0a41\u0a30\u0a42 \u0a39\u0a41\u0a70\u0a26\u0a3e \u0a39\u0a48 \u0a05\u0a24\u0a47 \u0a15\u0a3e\u0a28\u0a4b \u0a39\u0a4b\u0a02\u0a21\u0a4b \u0a08\u0a15\u0a4b\u0a32\u0a4b\u0a1c \u0a35\u0a3f\u0a16\u0a47 \u0a15\u0a41\u0a26\u0a30\u0a24\u0a40 \u0a1d\u0a30\u0a28\u0a47 \u0a35\u0a3f\u0a71\u0a1a \u0a07\u0a71\u0a15 \u0a38\u0a3c\u0a3e\u0a28\u0a26\u0a3e\u0a30 \u0a26\u0a41\u0a2a\u0a39\u0a3f\u0a30 \u0a26\u0a3e \u0a16\u0a3e\u0a23\u0a3e \u0a05\u0a24\u0a47 \u0a24\u0a48\u0a30\u0a3e\u0a15\u0a40\u0964 \u0a38\u0a3e\u0a21\u0a47 \u0a28\u0a3e\u0a32 \u0a06\u0a13 \u0a05\u0a24\u0a47 \u0a21\u0a4b\u0a2e\u0a3f\u0a28\u0a3f\u0a15\u0a28 \u0a30\u0a40\u0a2a\u0a2c\u0a32\u0a3f\u0a15 \u0a26\u0a47 \u0a38\u0a2d \u0a24\u0a4b\u0a02 \u0a38\u0a41\u0a70\u0a26\u0a30 \u0a30\u0a3e\u0a38\u0a3c\u0a1f\u0a30\u0a40 \u0a2a\u0a3e\u0a30\u0a15 \u0a26\u0a3e \u0a26\u0a4c\u0a30\u0a3e \u0a15\u0a30\u0a4b, \u0a2e\u0a48\u0a02\u0a17\u0a30\u0a4b\u0a35\u0a1c\u0a3c, \u0a17\u0a41\u0a2b\u0a3e\u0a35\u0a3e\u0a02 \u0a05\u0a24\u0a47 \u0a38\u0a48\u0a28 \u0a32\u0a4b\u0a30\u0a47\u0a02\u0a1c\u0a3c\u0a4b \u0a2c\u0a47 \u0a26\u0a3e \u0a26\u0a4c\u0a30\u0a3e \u0a15\u0a30\u0a4b, \u0a28\u0a3e\u0a32 \u0a39\u0a40 \u0a38\u0a41\u0a70\u0a26\u0a30 \u0a38\u0a2e\u0a3e\u0a28\u0a3e \u0a2c\u0a47 \u0a28\u0a42\u0a70 \u0a2a\u0a3e\u0a30 \u0a15\u0a30\u0a4b\u0964 Ca\u00f1o Hondo \u0a35\u0a3f\u0a71\u0a1a \u0a26\u0a41\u0a2a\u0a39\u0a3f\u0a30 \u0a26\u0a3e \u0a16\u0a3e\u0a23\u0a3e \u0a16\u0a3e\u0a23 \u0a24\u0a4b\u0a02 \u0a2c\u0a3e\u0a05\u0a26, \u0a24\u0a41\u0a39\u0a3e\u0a28\u0a42\u0a70 \u0a15\u0a41\u0a1d \u0a18\u0a70\u0a1f\u0a3f\u0a06\u0a02 \u0a32\u0a08 \u0a15\u0a41\u0a26\u0a30\u0a24\u0a40 \u0a2a\u0a42\u0a32 \u0a35\u0a3f\u0a71\u0a1a \u0a24\u0a48\u0a30\u0a3e\u0a15\u0a40 \u0a15\u0a30\u0a28 \u0a05\u0a24\u0a47 \u0a2b\u0a3f\u0a30 \u0a38\u0a2e\u0a3e\u0a28\u0a3e \u0a26\u0a40 \u0a2c\u0a70\u0a26\u0a30\u0a17\u0a3e\u0a39 &#039;\u0a24\u0a47 \u0a35\u0a3e\u0a2a\u0a38 \u0a1c\u0a3e\u0a23 \u0a26\u0a3e \u0a2e\u0a4c\u0a15\u0a3e \u0a2e\u0a3f\u0a32\u0a47\u0a17\u0a3e\u0964<\/p>\n<p>\u0a07\u0a38 \u0a24\u0a1c\u0a3c\u0a30\u0a2c\u0a47 \u0a24\u0a4b\u0a02 \u0a2c\u0a3e\u0a05\u0a26, \u0a24\u0a41\u0a38\u0a40\u0a02 \u0a38\u0a2e\u0a3e\u0a28\u0a3e \u0a26\u0a40 \u0a2c\u0a70\u0a26\u0a30\u0a17\u0a3e\u0a39 &#039;\u0a24\u0a47 \u0a35\u0a3e\u0a2a\u0a38 \u0a06 \u0a1c\u0a3e\u0a13\u0a17\u0a47\u0964<\/p>\n<ul>\n<li>\u0a1f\u0a48\u0a15\u0a38 \u0a38\u0a3c\u0a3e\u0a2e\u0a32 \u0a39\u0a28<\/li>\n<li>\u0a17\u0a3e\u0a08\u0a21 \u0a39\u0a3f\u0a26\u0a3e\u0a07\u0a24 \u0a05\u0a24\u0a47 \u0a28\u0a3f\u0a17\u0a30\u0a3e\u0a28\u0a40 \u0a2a\u0a4d\u0a30\u0a26\u0a3e\u0a28 \u0a15\u0a30\u0a26\u0a40 \u0a39\u0a48\u0964<\/li>\n<\/ul>\n<h3>\u0a38\u0a3c\u0a2e\u0a42\u0a32\u0a40\u0a05\u0a24 \u0a05\u0a24\u0a47 \u0a2c\u0a47\u0a26\u0a16\u0a32\u0a40<\/h3>\n<h4>\u0a38\u0a2e\u0a3e\u0a35\u0a47\u0a38\u0a3c<\/h4>\n<ol>\n<li>\u0a32\u0a3e\u0a38 \u0a39\u0a48\u0a1f\u0a3f\u0a38 \u0a1f\u0a42\u0a30 + \u0a17\u0a41\u0a2b\u0a3e\u0a35\u0a3e\u0a02 \u0a05\u0a24\u0a47 \u0a24\u0a38\u0a35\u0a40\u0a30\u0a3e\u0a02<\/li>\n<li>Ca\u00f1o Hondo \u0a35\u0a3f\u0a71\u0a1a \u0a26\u0a41\u0a2a\u0a39\u0a3f\u0a30 \u0a26\u0a3e \u0a16\u0a3e\u0a23\u0a3e<\/li>\n<li>\u0a15\u0a41\u0a26\u0a30\u0a24\u0a40 \u0a2a\u0a42\u0a32 \u0a35\u0a3f\u0a71\u0a1a \u0a24\u0a48\u0a30\u0a3e\u0a15\u0a40<\/li>\n<li>\u0a38\u0a3e\u0a30\u0a47 \u0a1f\u0a48\u0a15\u0a38, \u0a2b\u0a40\u0a38\u0a3e\u0a02 \u0a05\u0a24\u0a47 \u0a39\u0a48\u0a02\u0a21\u0a32\u0a3f\u0a70\u0a17 \u0a16\u0a30\u0a1a\u0a47\u0964<\/li>\n<li>\u0a38\u0a25\u0a3e\u0a28\u0a15 \u0a1f\u0a48\u0a15\u0a38<\/li>\n<li>\u0a2a\u0a40\u0a02\u0a26\u0a3e \u0a39\u0a48<\/li>\n<li>\u0a38\u0a3e\u0a30\u0a40\u0a06\u0a02 \u0a17\u0a24\u0a40\u0a35\u0a3f\u0a27\u0a40\u0a06\u0a02<\/li>\n<li>\u0a38\u0a25\u0a3e\u0a28\u0a15 \u0a17\u0a3e\u0a08\u0a21<\/li>\n<\/ol>\n<h4>\u0a2c\u0a47\u0a26\u0a16\u0a32\u0a40<\/h4>\n<ol>\n<li>\u0a38\u0a41\u0a1d\u0a3e\u0a05<\/li>\n<li>\u0a1f\u0a4d\u0a30\u0a3e\u0a02\u0a38\u0a2b\u0a30 \u0a15\u0a30\u0a4b<\/li>\n<li>\u0a05\u0a32\u0a15\u0a4b\u0a39\u0a32 \u0a35\u0a3e\u0a32\u0a47 \u0a2a\u0a40\u0a23 \u0a35\u0a3e\u0a32\u0a47 \u0a2a\u0a26\u0a3e\u0a30\u0a25<\/li>\n<\/ol>\n<h3><em>\u0a30\u0a35\u0a3e\u0a28\u0a17\u0a40 \u0a05\u0a24\u0a47 \u0a35\u0a3e\u0a2a\u0a38\u0a40<\/em><\/h3>\n<p>\u0a2c\u0a41\u0a15\u0a3f\u0a70\u0a17 \u0a2a\u0a4d\u0a30\u0a15\u0a3f\u0a30\u0a3f\u0a06 \u0a24\u0a4b\u0a02 \u0a2c\u0a3e\u0a05\u0a26 \u0a2f\u0a3e\u0a24\u0a30\u0a40 \u0a28\u0a42\u0a70 \u0a07\u0a71\u0a15 \u0a2e\u0a40\u0a1f\u0a3f\u0a70\u0a17 \u0a2a\u0a41\u0a06\u0a07\u0a70\u0a1f \u0a2e\u0a3f\u0a32\u0a47\u0a17\u0a3e\u0964 \u0a1f\u0a42\u0a30 \u0a38\u0a3e\u0a21\u0a47 \u0a2e\u0a40\u0a1f\u0a3f\u0a70\u0a17 \u0a2c\u0a3f\u0a70\u0a26\u0a42\u0a06\u0a02 &#039;\u0a24\u0a47 \u0a38\u0a3c\u0a41\u0a30\u0a42 \u0a05\u0a24\u0a47 \u0a38\u0a2e\u0a3e\u0a2a\u0a24 \u0a39\u0a41\u0a70\u0a26\u0a47 \u0a39\u0a28\u0964<\/p>\n<h3><em>\u0a15\u0a40 \u0a09\u0a2e\u0a40\u0a26 \u0a15\u0a30\u0a28\u0a40 \u0a39\u0a48?<\/em><\/h3>\n<p>Ca\u00f1o Hondo \u0a35\u0a3f\u0a16\u0a47 \u0a07\u0a71\u0a15 \u0a38\u0a3c\u0a3e\u0a28\u0a26\u0a3e\u0a30 \u0a26\u0a41\u0a2a\u0a39\u0a3f\u0a30 \u0a26\u0a47 \u0a16\u0a3e\u0a23\u0a47 \u0a05\u0a24\u0a47 \u0a15\u0a41\u0a26\u0a30\u0a24\u0a40 \u0a2a\u0a42\u0a32 \u0a35\u0a3f\u0a71\u0a1a \u0a24\u0a48\u0a30\u0a3e\u0a15\u0a40 \u0a26\u0a47 \u0a28\u0a3e\u0a32 \u0a32\u0a4b\u0a38 \u0a39\u0a48\u0a1f\u0a3f\u0a38 \u0a28\u0a48\u0a38\u0a3c\u0a28\u0a32 \u0a2a\u0a3e\u0a30\u0a15 \u0a26\u0a3e \u0a26\u0a4c\u0a30\u0a3e \u0a15\u0a30\u0a28 \u0a32\u0a08 \u0a06\u0a2a\u0a23\u0a40\u0a06\u0a02 \u0a1f\u0a3f\u0a15\u0a1f\u0a3e\u0a02 \u0a2a\u0a4d\u0a30\u0a3e\u0a2a\u0a24 \u0a15\u0a30\u0a4b\u0964<\/p>\n<p>\u0a07\u0a71\u0a15 \u0a38\u0a25\u0a3e\u0a28\u0a15 \u0a1f\u0a42\u0a30 \u0a17\u0a3e\u0a08\u0a21 \u0a26\u0a47 \u0a28\u0a3e\u0a32 \u0a07\u0a71\u0a15 \u0a15\u0a3f\u0a38\u0a3c\u0a24\u0a40 \u0a1c\u0a3e\u0a02 \u0a15\u0a48\u0a1f\u0a3e\u0a2e\u0a30\u0a3e\u0a28 &#039;\u0a24\u0a47 \u0a38\u0a35\u0a3e\u0a30 \u0a38\u0a2e\u0a3e\u0a28\u0a3e \u0a26\u0a40 \u0a2c\u0a70\u0a26\u0a30\u0a17\u0a3e\u0a39 \u0a24\u0a4b\u0a02 \u0a38\u0a3c\u0a41\u0a30\u0a42 \u0a15\u0a30\u0a26\u0a47 \u0a39\u0a4b\u0a0f, \u0a05\u0a38\u0a40\u0a02 \u0a21\u0a4b\u0a2e\u0a3f\u0a28\u0a3f\u0a15\u0a28 \u0a30\u0a40\u0a2a\u0a2c\u0a32\u0a3f\u0a15 \u0a26\u0a47 \u0a38\u0a2d \u0a24\u0a4b\u0a02 \u0a38\u0a41\u0a70\u0a26\u0a30 \u0a30\u0a3e\u0a38\u0a3c\u0a1f\u0a30\u0a40 \u0a2a\u0a3e\u0a30\u0a15\u0a3e\u0a02 \u0a35\u0a3f\u0a71\u0a1a\u0a4b\u0a02 \u0a07\u0a71\u0a15 \u0a26\u0a3e \u0a26\u0a4c\u0a30\u0a3e \u0a15\u0a30\u0a28 \u0a32\u0a08 \u0a38\u0a3e\u0a2c\u0a3e\u0a28\u0a3e \u0a21\u0a47 \u0a32\u0a3e \u0a2e\u0a3e\u0a30 \u0a26\u0a47 \u0a15\u0a4b\u0a32 \u0a38\u0a2e\u0a3e\u0a28\u0a3e \u0a26\u0a40 \u0a16\u0a3e\u0a5c\u0a40 \u0a28\u0a42\u0a70 \u0a2a\u0a3e\u0a30 \u0a15\u0a30\u0a26\u0a47 \u0a39\u0a3e\u0a02\u0964<\/p>\n<h5>\u0a32\u0a3e\u0a38 \u0a39\u0a48\u0a1f\u0a3f\u0a38 \u0a28\u0a48\u0a38\u0a3c\u0a28\u0a32 \u0a2a\u0a3e\u0a30\u0a15.<\/h5>\n<p>\u0a06\u0a32\u0a47-\u0a26\u0a41\u0a06\u0a32\u0a47 \u0a26\u0a47 \u0a2a\u0a70\u0a1b\u0a40\u0a06\u0a02 \u0a26\u0a47 \u0a28\u0a3e\u0a32 \u0a1f\u0a3e\u0a2a\u0a42 \u0a26\u0a3e \u0a26\u0a4c\u0a30\u0a3e \u0a15\u0a30\u0a28\u0a3e. \u0a06\u0a32\u0a4d\u0a39\u0a23\u0a47 \u0a26\u0a47 \u0a2e\u0a4c\u0a38\u0a2e \u0a35\u0a3f\u0a71\u0a1a, \u0a05\u0a38\u0a40\u0a02 \u0a06\u0a32\u0a4d\u0a39\u0a23\u0a47 \u0a35\u0a3f\u0a71\u0a1a \u0a2a\u0a48\u0a32\u0a40\u0a15\u0a28 \u0a1a\u0a42\u0a1a\u0a47 \u0a35\u0a40 \u0a26\u0a47\u0a16 \u0a38\u0a15\u0a26\u0a47 \u0a39\u0a3e\u0a02\u0964 \u0a2a\u0a25\u0a30\u0a40\u0a32\u0a47 \u0a1f\u0a3e\u0a2a\u0a42\u0a06\u0a02 \u0a35\u0a3f\u0a71\u0a1a \u0a21\u0a42\u0a70\u0a18\u0a47 \u0a1c\u0a3e\u0a13 \u0a05\u0a24\u0a47 \u0a38\u0a35\u0a26\u0a47\u0a38\u0a3c\u0a40 \u0a32\u0a4b\u0a15\u0a3e\u0a02 \u0a26\u0a40\u0a06\u0a02 \u0a24\u0a38\u0a35\u0a40\u0a30\u0a3e\u0a02 \u0a05\u0a24\u0a47 \u0a2a\u0a48\u0a1f\u0a30\u0a4b\u0a17\u0a32\u0a3f\u0a2b\u0a38 \u0a28\u0a3e\u0a32 \u0a17\u0a41\u0a2b\u0a3e\u0a35\u0a3e\u0a02 \u0a26\u0a3e \u0a26\u0a4c\u0a30\u0a3e \u0a15\u0a30\u0a4b\u0964<\/p>\n<p>El recorrido, organizado por \u00abBooking Adventures\u00bb, comienza en el punto de encuentro establecido con el gu\u00eda tur\u00edstico. Ven con Booking Adventures y comienza a observar algunos manglares llenos de aves, colinas onduladas de exuberante vegetaci\u00f3n y cuevas del Parque Nacional Los Haitises.<\/p>\n<p>El nombre del parque nacional proviene de sus habitantes originales, los indios ta\u00ednos. En su idioma, \u00abHaitises\u00bb se traduce a tierras altas o colinas, una referencia a las empinadas formaciones geol\u00f3gicas de la costa con calizas. Avent\u00farate en el parque para explorar cuevas como la Cueva de la Arena y la Cueva de la L\u00ednea.<\/p>\n<p>\u0a30\u0a3f\u0a1c\u0a3c\u0a30\u0a35 \u0a26\u0a40\u0a06\u0a02 \u0a17\u0a41\u0a2b\u0a3e\u0a35\u0a3e\u0a02 \u0a28\u0a42\u0a70 \u0a1f\u0a48\u0a28\u0a4b \u0a07\u0a70\u0a21\u0a40\u0a05\u0a28\u0a1c\u0a3c \u0a05\u0a24\u0a47 \u0a2c\u0a3e\u0a05\u0a26 \u0a35\u0a3f\u0a71\u0a1a, \u0a32\u0a41\u0a15\u0a35\u0a47\u0a02 \u0a38\u0a2e\u0a41\u0a70\u0a26\u0a30\u0a40 \u0a21\u0a3e\u0a15\u0a42\u0a06\u0a02 \u0a26\u0a41\u0a06\u0a30\u0a3e \u0a2a\u0a28\u0a3e\u0a39 \u0a35\u0a1c\u0a4b\u0a02 \u0a35\u0a30\u0a24\u0a3f\u0a06 \u0a17\u0a3f\u0a06 \u0a38\u0a40\u0964 \u0a15\u0a41\u0a1d \u0a15\u0a70\u0a27\u0a3e\u0a02 \u0a28\u0a42\u0a70 \u0a38\u0a1c\u0a3e\u0a09\u0a23 \u0a35\u0a3e\u0a32\u0a47 \u0a2d\u0a3e\u0a30\u0a24\u0a40\u0a06\u0a02 \u0a26\u0a40\u0a06\u0a02 \u0a21\u0a30\u0a3e\u0a07\u0a70\u0a17\u0a3e\u0a02 \u0a26\u0a47\u0a16\u0a4b\u0964<\/p>\n<p>\u0a32\u0a3e\u0a38 \u0a39\u0a48\u0a1f\u0a3f\u0a38 \u0a28\u0a48\u0a38\u0a3c\u0a28\u0a32 \u0a2a\u0a3e\u0a30\u0a15 \u0a26\u0a3e \u0a26\u0a4c\u0a30\u0a3e \u0a15\u0a30\u0a28 \u0a24\u0a4b\u0a02 \u0a2c\u0a3e\u0a05\u0a26 \u0a05\u0a38\u0a40\u0a02 \u0a15\u0a48\u0a28\u0a4b \u0a39\u0a4b\u0a02\u0a21\u0a4b \u0a1c\u0a3e\u0a35\u0a3e\u0a02\u0a17\u0a47. \u0a15\u0a48\u0a28\u0a4b \u0a39\u0a4b\u0a02\u0a21\u0a4b \u0a35\u0a3f\u0a71\u0a1a \u0a24\u0a41\u0a38\u0a40\u0a02 \u0a07\u0a38 \u0a35\u0a3e\u0a24\u0a3e\u0a35\u0a30\u0a23\u0a15 \u0a07\u0a24\u0a3f\u0a39\u0a3e\u0a38 \u0a2c\u0a3e\u0a30\u0a47 \u0a38\u0a3f\u0a71\u0a16\u0a4b\u0a17\u0a47 \u0a05\u0a24\u0a47 \u0a38\u0a2c\u0a3e\u0a28\u0a3e \u0a21\u0a47 \u0a32\u0a3e \u0a2e\u0a3e\u0a30 \u0a15\u0a2e\u0a3f\u0a0a\u0a28\u0a3f\u0a1f\u0a40 \u0a26\u0a47 \u0a16\u0a3e\u0a38 \u0a2d\u0a4b\u0a1c\u0a28 \u0a26\u0a47 \u0a28\u0a3e\u0a32 \u0a26\u0a41\u0a2a\u0a39\u0a3f\u0a30 \u0a26\u0a47 \u0a16\u0a3e\u0a23\u0a47 \u0a26\u0a3e \u0a38\u0a2e\u0a3e\u0a02 \u0a2c\u0a3f\u0a24\u0a3e\u0a13\u0a17\u0a47\u0964<\/p>\n<p>\u0a26\u0a41\u0a2a\u0a39\u0a3f\u0a30 \u0a26\u0a3e \u0a16\u0a3e\u0a23\u0a3e \u0a38\u0a41\u0a06\u0a26\u0a40 \u0a39\u0a4b\u0a35\u0a47\u0a17\u0a3e \u0a2a\u0a30 \u0a05\u0a38\u0a40\u0a02 \u0a05\u0a1c\u0a47 \u0a2a\u0a42\u0a30\u0a3e \u0a28\u0a39\u0a40\u0a02 \u0a15\u0a40\u0a24\u0a3e \u0a39\u0a48\u0964 \u0a26\u0a41\u0a2a\u0a39\u0a3f\u0a30 \u0a26\u0a47 \u0a16\u0a3e\u0a23\u0a47 \u0a24\u0a4b\u0a02 \u0a2c\u0a3e\u0a05\u0a26, \u0a05\u0a38\u0a40\u0a02 \u0a1c\u0a40\u0a2c\u0a32\u0a47\u0a38 \u0a28\u0a26\u0a40 \u0a24\u0a4b\u0a02 \u0a15\u0a48\u0a28\u0a4b \u0a39\u0a4b\u0a02\u0a21\u0a4b \u0a28\u0a26\u0a40 \u0a24\u0a71\u0a15 \u0a15\u0a41\u0a26\u0a30\u0a24\u0a40 \u0a2a\u0a42\u0a32 \u0a35\u0a3f\u0a71\u0a1a \u0a24\u0a48\u0a30\u0a3e\u0a15\u0a40 \u0a15\u0a30\u0a3e\u0a02\u0a17\u0a47\u0964 \u0a38\u0a3c\u0a3e\u0a2e 4:00 \u0a35\u0a1c\u0a47 \u0a24\u0a71\u0a15 \u0a15\u0a48\u0a28\u0a4b \u0a39\u0a4b\u0a02\u0a21\u0a4b \u0a35\u0a3f\u0a71\u0a1a \u0a30\u0a41\u0a15 \u0a15\u0a47 \u0a05\u0a24\u0a47 \u0a38\u0a2e\u0a3e\u0a28\u0a3e \u0a26\u0a40 \u0a2c\u0a70\u0a26\u0a30\u0a17\u0a3e\u0a39 &#039;\u0a24\u0a47 \u0a35\u0a3e\u0a2a\u0a38 \u0a06 \u0a15\u0a47, \u0a05\u0a38\u0a40\u0a02 \u0a26\u0a41\u0a2c\u0a3e\u0a30\u0a3e \u0a2e\u0a48\u0a02\u0a17\u0a30\u0a4b\u0a35\u0a1c\u0a3c \u0a35\u0a3f\u0a71\u0a1a\u0a4b\u0a02 \u0a32\u0a70\u0a18\u0a3e\u0a02\u0a17\u0a47 \u0a05\u0a24\u0a47 \u0a38\u0a48\u0a28 \u0a32\u0a4b\u0a30\u0a47\u0a02\u0a1c\u0a3c\u0a4b \u0a26\u0a40 \u0a16\u0a41\u0a71\u0a32\u0a40 \u0a16\u0a3e\u0a5c\u0a40 &#039;\u0a24\u0a47 \u0a2a\u0a39\u0a41\u0a70\u0a1a\u0a3e\u0a02\u0a17\u0a47, \u0a1c\u0a3f\u0a71\u0a25\u0a4b\u0a02 \u0a24\u0a41\u0a38\u0a40\u0a02 \u0a30\u0a41\u0a71\u0a16\u0a47 \u0a1c\u0a70\u0a17\u0a32 \u0a26\u0a47 \u0a32\u0a48\u0a02\u0a21\u0a38\u0a15\u0a47\u0a2a \u0a26\u0a40 \u0a2b\u0a4b\u0a1f\u0a4b \u0a16\u0a3f\u0a71\u0a1a \u0a38\u0a15\u0a26\u0a47 \u0a39\u0a4b\u0964 \u0a2e\u0a48\u0a28\u0a47\u0a1f\u0a40\u0a1c\u0a3c, \u0a15\u0a4d\u0a30\u0a38\u0a1f\u0a47\u0a38\u0a3c\u0a40\u0a05\u0a28 \u0a05\u0a24\u0a47 \u0a21\u0a3e\u0a32\u0a2b\u0a3f\u0a28 \u0a28\u0a42\u0a70 \u0a26\u0a47\u0a16\u0a23 \u0a32\u0a08 \u0a2a\u0a3e\u0a23\u0a40 \u0a35\u0a3f\u0a71\u0a1a \u0a26\u0a47\u0a16\u0a4b\u0964<\/p>\n<p>\u0a07\u0a38 \u0a2a\u0a32 \u0a24\u0a71\u0a15 \u0a24\u0a41\u0a38\u0a40\u0a02 \u0a1f\u0a42\u0a30 \u0a17\u0a3e\u0a08\u0a21 \u0a28\u0a3e\u0a32 \u0a38\u0a48\u0a1f\u0a32 \u0a39\u0a4b \u0a1c\u0a3e\u0a13\u0a17\u0a47 \u0a05\u0a24\u0a47 \u0a07\u0a38 \u0a24\u0a4b\u0a02 \u0a2c\u0a3e\u0a05\u0a26 \u0a15\u0a48\u0a28\u0a4b \u0a39\u0a4b\u0a02\u0a21\u0a4b \u0a26\u0a40 \u0a2c\u0a70\u0a26\u0a30\u0a17\u0a3e\u0a39 &#039;\u0a24\u0a47 \u0a1c\u0a3e\u0a13 \u0a05\u0a24\u0a47 \u0a38\u0a2e\u0a3e\u0a28\u0a3e \u0a26\u0a40 \u0a16\u0a3e\u0a5c\u0a40 \u0a28\u0a42\u0a70 30 \u0a2e\u0a3f\u0a70\u0a1f\u0a3e\u0a02 \u0a35\u0a3f\u0a71\u0a1a \u0a32\u0a70\u0a18\u0a26\u0a47 \u0a39\u0a4b\u0a0f \u0a38\u0a2e\u0a3e\u0a28\u0a3e \u0a26\u0a40 \u0a2c\u0a70\u0a26\u0a30\u0a17\u0a3e\u0a39 &#039;\u0a24\u0a47 \u0a35\u0a3e\u0a2a\u0a38 \u0a15\u0a3f\u0a38\u0a3c\u0a24\u0a40 \u0a32\u0a13\u0964<\/p>\n<p>\u0a1c\u0a47\u0a15\u0a30 \u0a24\u0a41\u0a38\u0a40\u0a02 \u0a07\u0a38 \u0a2f\u0a3e\u0a24\u0a30\u0a3e \u0a28\u0a42\u0a70 \u0a35\u0a27\u0a47\u0a30\u0a47 \u0a2a\u0a38\u0a70\u0a26 \u0a15\u0a30\u0a26\u0a47 \u0a39\u0a4b, \u0a24\u0a3e\u0a02 \u0a38\u0a3e\u0a21\u0a47 \u0a15\u0a4b\u0a32 \u0a07\u0a39 \u0a35\u0a3f\u0a15\u0a32\u0a2a \u0a39\u0a28:<\/p>\n<p>Los Haitises + Cayo Levantado \u0a38\u0a2e\u0a3e\u0a28\u0a3e \u0a26\u0a40 \u0a2c\u0a70\u0a26\u0a30\u0a17\u0a3e\u0a39 \u0a24\u0a4b\u0a02\u0964<\/p>\n<h3><em>\u0a24\u0a41\u0a39\u0a3e\u0a28\u0a42\u0a70 \u0a15\u0a40 \u0a32\u0a3f\u0a06\u0a09\u0a23\u0a3e \u0a1a\u0a3e\u0a39\u0a40\u0a26\u0a3e \u0a39\u0a48?<\/em><\/h3>\n<ul>\n<li>\u0a15\u0a48\u0a2e\u0a30\u0a3e<\/li>\n<li>\u0a30\u0a3f\u0a2a\u0a47\u0a32\u0a48\u0a02\u0a1f\u0a38<\/li>\n<li>\u0a38\u0a28\u0a38\u0a15\u0a4d\u0a30\u0a40\u0a28<\/li>\n<li>\u0a1f\u0a4b\u0a2a\u0a40<\/li>\n<li>\u0a06\u0a30\u0a3e\u0a2e\u0a26\u0a3e\u0a07\u0a15 \u0a2a\u0a48\u0a02\u0a1f<\/li>\n<li>\u0a1c\u0a70\u0a17\u0a32 \u0a39\u0a3e\u0a08\u0a15\u0a3f\u0a70\u0a17 \u0a1c\u0a41\u0a71\u0a24\u0a47<\/li>\n<li>\u0a2c\u0a38\u0a70\u0a24 \u0a16\u0a47\u0a24\u0a30\u0a3e\u0a02 \u0a28\u0a42\u0a70 \u0a38\u0a48\u0a02\u0a21\u0a32.<\/li>\n<li>\u0a38\u0a35\u0a3f\u0a2e\u0a38\u0a42\u0a1f<\/li>\n<\/ul>\n<h3><em>\u0a39\u0a4b\u0a1f\u0a32 \u0a2a\u0a3f\u0a15\u0a05\u0a71\u0a2a<\/em><\/h3>\n<p>\u0a07\u0a38 \u0a26\u0a4c\u0a30\u0a47 \u0a32\u0a08 \u0a39\u0a4b\u0a1f\u0a32 \u0a2a\u0a3f\u0a15\u0a05\u0a71\u0a2a \u0a26\u0a40 \u0a2a\u0a47\u0a38\u0a3c\u0a15\u0a38\u0a3c \u0a28\u0a39\u0a40\u0a02 \u0a15\u0a40\u0a24\u0a40 \u0a1c\u0a3e\u0a02\u0a26\u0a40 \u0a39\u0a48\u0964<\/p>\n<p><strong>\u0a28\u0a4b\u0a1f:<\/strong> \u0a1c\u0a47\u0a15\u0a30 \u0a24\u0a41\u0a38\u0a40\u0a02 \u0a1f\u0a42\u0a30\/\u0a38\u0a48\u0a30-\u0a38\u0a2a\u0a3e\u0a1f\u0a3e \u0a30\u0a35\u0a3e\u0a28\u0a17\u0a40 \u0a26\u0a47 \u0a38\u0a2e\u0a47\u0a02 \u0a26\u0a47 24 \u0a18\u0a70\u0a1f\u0a3f\u0a06\u0a02 \u0a26\u0a47 \u0a05\u0a70\u0a26\u0a30 \u0a2c\u0a41\u0a71\u0a15 \u0a15\u0a30\u0a26\u0a47 \u0a39\u0a4b, \u0a24\u0a3e\u0a02 \u0a05\u0a38\u0a40\u0a02 \u0a35\u0a3e\u0a27\u0a42 \u0a16\u0a30\u0a1a\u0a3f\u0a06\u0a02 \u0a26\u0a47 \u0a28\u0a3e\u0a32 \u0a39\u0a4b\u0a1f\u0a32 \u0a2a\u0a3f\u0a15\u0a05\u0a71\u0a2a \u0a26\u0a3e \u0a2a\u0a4d\u0a30\u0a2c\u0a70\u0a27 \u0a15\u0a30 \u0a38\u0a15\u0a26\u0a47 \u0a39\u0a3e\u0a02\u0964 \u0a07\u0a71\u0a15 \u0a35\u0a3e\u0a30 \u0a1c\u0a26\u0a4b\u0a02 \u0a24\u0a41\u0a39\u0a3e\u0a21\u0a40 \u0a16\u0a30\u0a40\u0a26 \u0a2a\u0a42\u0a30\u0a40 \u0a39\u0a4b \u0a1c\u0a3e\u0a02\u0a26\u0a40 \u0a39\u0a48, \u0a05\u0a38\u0a40\u0a02 \u0a24\u0a41\u0a39\u0a3e\u0a28\u0a42\u0a70 \u0a2a\u0a3f\u0a15\u0a05\u0a71\u0a2a \u0a2a\u0a4d\u0a30\u0a2c\u0a70\u0a27\u0a3e\u0a02 \u0a26\u0a3e \u0a2a\u0a4d\u0a30\u0a2c\u0a70\u0a27 \u0a15\u0a30\u0a28 \u0a32\u0a08 \u0a38\u0a3e\u0a21\u0a40 \u0a38\u0a25\u0a3e\u0a28\u0a15 \u0a1f\u0a42\u0a30 \u0a17\u0a3e\u0a08\u0a21 \u0a32\u0a08 \u0a2a\u0a42\u0a30\u0a40 \u0a38\u0a70\u0a2a\u0a30\u0a15 \u0a1c\u0a3e\u0a23\u0a15\u0a3e\u0a30\u0a40 (\u0a2b\u0a4b\u0a28 \u0a28\u0a70\u0a2c\u0a30, \u0a08\u0a2e\u0a47\u0a32 \u0a2a\u0a24\u0a3e, \u0a06\u0a26\u0a3f) \u0a2d\u0a47\u0a1c\u0a3e\u0a02\u0a17\u0a47\u0964<\/p>\n<h3>\u0a35\u0a3e\u0a27\u0a42 \u0a1c\u0a3e\u0a23\u0a15\u0a3e\u0a30\u0a40 \u0a26\u0a40 \u0a2a\u0a41\u0a38\u0a3c\u0a1f\u0a40<\/h3>\n<ol>\n<li>\u0a1f\u0a3f\u0a15\u0a1f\u0a3e\u0a02 \u0a07\u0a38 \u0a1f\u0a42\u0a30 \u0a32\u0a08 \u0a2d\u0a41\u0a17\u0a24\u0a3e\u0a28 \u0a15\u0a30\u0a28 \u0a24\u0a4b\u0a02 \u0a2c\u0a3e\u0a05\u0a26 \u0a30\u0a38\u0a40\u0a26 \u0a39\u0a28\u0964 \u0a24\u0a41\u0a38\u0a40\u0a02 \u0a06\u0a2a\u0a23\u0a47 \u0a2b\u0a3c\u0a4b\u0a28 &#039;\u0a24\u0a47 \u0a2d\u0a41\u0a17\u0a24\u0a3e\u0a28 \u0a26\u0a3f\u0a16\u0a3e \u0a38\u0a15\u0a26\u0a47 \u0a39\u0a4b\u0964<\/li>\n<li>\u0a2e\u0a40\u0a1f\u0a3f\u0a70\u0a17 \u0a2a\u0a41\u0a06\u0a07\u0a70\u0a1f \u0a30\u0a3f\u0a1c\u0a3c\u0a30\u0a35\u0a47\u0a38\u0a3c\u0a28 \u0a2a\u0a4d\u0a30\u0a15\u0a3f\u0a30\u0a3f\u0a06 \u0a26\u0a47 \u0a2c\u0a3e\u0a05\u0a26 \u0a2a\u0a4d\u0a30\u0a3e\u0a2a\u0a24 \u0a15\u0a40\u0a24\u0a3e \u0a1c\u0a3e\u0a35\u0a47\u0a17\u0a3e.<\/li>\n<li>\u0a2c\u0a71\u0a1a\u0a3f\u0a06\u0a02 \u0a28\u0a42\u0a70 \u0a07\u0a71\u0a15 \u0a2c\u0a3e\u0a32\u0a17 \u0a26\u0a47 \u0a28\u0a3e\u0a32 \u0a39\u0a4b\u0a23\u0a3e \u0a1a\u0a3e\u0a39\u0a40\u0a26\u0a3e \u0a39\u0a48\u0964<\/li>\n<li>\u0a35\u0a4d\u0a39\u0a40\u0a32\u0a1a\u0a47\u0a05\u0a30 \u0a2a\u0a39\u0a41\u0a70\u0a1a\u0a2f\u0a4b\u0a17 \u0a28\u0a39\u0a40\u0a02 \u0a39\u0a48<\/li>\n<li>\u0a28\u0a3f\u0a06\u0a23\u0a3f\u0a06\u0a02 \u0a28\u0a42\u0a70 \u0a38\u0a3c\u0a3f\u0a38\u0a3c\u0a42 \u0a38\u0a40\u0a1f\u0a3e\u0a02 &#039;\u0a24\u0a47 \u0a1c\u0a3e\u0a02 \u0a15\u0a3f\u0a38\u0a47 \u0a2c\u0a3e\u0a32\u0a17 \u0a28\u0a3e\u0a32 \u0a2c\u0a48\u0a20\u0a23\u0a3e \u0a1a\u0a3e\u0a39\u0a40\u0a26\u0a3e \u0a39\u0a48<\/li>\n<li>\u0a2a\u0a3f\u0a71\u0a20 \u0a26\u0a40\u0a06\u0a02 \u0a38\u0a2e\u0a71\u0a38\u0a3f\u0a06\u0a35\u0a3e\u0a02 \u0a35\u0a3e\u0a32\u0a47 \u0a2f\u0a3e\u0a24\u0a30\u0a40\u0a06\u0a02 \u0a32\u0a08 \u0a38\u0a3f\u0a2b\u0a3e\u0a30\u0a38\u0a3c \u0a28\u0a39\u0a40\u0a02 \u0a15\u0a40\u0a24\u0a40 \u0a1c\u0a3e\u0a02\u0a26\u0a40.<\/li>\n<li>\u0a17\u0a30\u0a2d\u0a35\u0a24\u0a40 \u0a14\u0a30\u0a24\u0a3e\u0a02 \u0a32\u0a08 \u0a38\u0a3f\u0a2b\u0a3e\u0a30\u0a38\u0a3c \u0a28\u0a39\u0a40\u0a02 \u0a15\u0a40\u0a24\u0a40 \u0a1c\u0a3e\u0a02\u0a26\u0a40.<\/li>\n<li>\u0a15\u0a4b\u0a08 \u0a26\u0a3f\u0a32 \u0a26\u0a40\u0a06\u0a02 \u0a38\u0a2e\u0a71\u0a38\u0a3f\u0a06\u0a35\u0a3e\u0a02 \u0a1c\u0a3e\u0a02 \u0a39\u0a4b\u0a30 \u0a17\u0a70\u0a2d\u0a40\u0a30 \u0a21\u0a3e\u0a15\u0a1f\u0a30\u0a40 \u0a38\u0a25\u0a3f\u0a24\u0a40\u0a06\u0a02 \u0a28\u0a39\u0a40\u0a02 \u0a39\u0a28\u0964<\/li>\n<li>\u0a1c\u0a3c\u0a3f\u0a06\u0a26\u0a3e\u0a24\u0a30 \u0a2f\u0a3e\u0a24\u0a30\u0a40 \u0a39\u0a3f\u0a71\u0a38\u0a3e \u0a32\u0a48 \u0a38\u0a15\u0a26\u0a47 \u0a39\u0a28\u0964<\/li>\n<\/ol>\n<h3><em>\u0a30\u0a71\u0a26 \u0a15\u0a30\u0a28 \u0a26\u0a40 \u0a28\u0a40\u0a24\u0a40<\/em><\/h3>\n<p>\u0a2a\u0a42\u0a30\u0a40 \u0a30\u0a3f\u0a2b\u0a70\u0a21 \u0a32\u0a08, \u0a05\u0a28\u0a41\u0a2d\u0a35 \u0a38\u0a3c\u0a41\u0a30\u0a42 \u0a39\u0a4b\u0a23 \u0a26\u0a40 \u0a2e\u0a3f\u0a24\u0a40 \u0a24\u0a4b\u0a02 \u0a18\u0a71\u0a1f\u0a4b-\u0a18\u0a71\u0a1f 24 \u0a18\u0a70\u0a1f\u0a47 \u0a2a\u0a39\u0a3f\u0a32\u0a3e\u0a02 \u0a30\u0a71\u0a26 \u0a15\u0a30\u0a4b\u0964<\/p>\n\n\t\t<\/div>\n\t<\/div>\n<\/div><\/div><\/div><\/div><div class=\"vc_row wpb_row vc_row-fluid\" ><div class=\"wpb_column vc_column_container vc_col-sm-12\"><div class=\"vc_column-inner\"><div class=\"wpb_wrapper\"><div class=\"vc_empty_space\"   style=\"height: 32px\"><span class=\"vc_empty_space_inner\"><\/span><\/div>\n\t<div class=\"wpb_video_widget wpb_content_element vc_clearfix   vc_video-aspect-ratio-169 vc_video-el-width-100 vc_video-align-left\" >\n\t\t<div class=\"wpb_wrapper\">\n\t\t\t\n\t\t\t<div class=\"wpb_video_wrapper\"><iframe loading=\"lazy\" title=\"Los Haitises National Park, Tour &amp; Excursion from Samana \u0a1c\u0a3e\u0a02 Sabana de la Mar. \u0a07\u0a71\u0a25\u0a47 \u0a2c\u0a41\u0a71\u0a15 \u0a15\u0a30\u0a4b:\" src=\"https:\/\/player.vimeo.com\/video\/346508015?dnt=1&amp;app_id=122963\" width=\"1100\" height=\"619\" frameborder=\"0\" allow=\"autoplay; fullscreen\" allowfullscreen><\/iframe><\/div>\n\t\t<\/div>\n\t<\/div>\n<\/div><\/div><\/div><\/div><div class=\"vc_row wpb_row vc_row-fluid\" ><div class=\"wpb_column vc_column_container vc_col-sm-12\"><div class=\"vc_column-inner\"><div class=\"wpb_wrapper\"><div class=\"vc_empty_space\"   style=\"height: 32px\"><span class=\"vc_empty_space_inner\"><\/span><\/div>\n\t<div class=\"wpb_text_column wpb_content_element\" >\n\t\t<div class=\"wpb_wrapper\">\n\t\t\t<h4>\u0a38\u0a3e\u0a21\u0a47 \u0a28\u0a3e\u0a32 \u0a38\u0a70\u0a2a\u0a30\u0a15 \u0a15\u0a30\u0a4b?<\/h4>\n<h5>\u0a38\u0a3e\u0a39\u0a38\u0a40 \u0a30\u0a3f\u0a1c\u0a3c\u0a30\u0a35\u0a47\u0a38\u0a3c\u0a28<\/h5>\n<p><em>\u0a1f\u0a42\u0a30 \u0a17\u0a3e\u0a08\u0a21<\/em> <em><strong>\u0a38\u0a25\u0a3e\u0a28\u0a15<\/strong><\/em> \u0a05\u0a24\u0a47 <strong><em>\u0a30\u0a3e\u0a38\u0a3c\u0a1f\u0a30\u0a40<\/em><\/strong> &amp;<em>\u00a0\u0a2e\u0a39\u0a3f\u0a2e\u0a3e\u0a28 \u0a38\u0a47\u0a35\u0a3e\u0a35\u0a3e\u0a02<\/em><\/p>\n<p>\u0a30\u0a3f\u0a1c\u0a3c\u0a30\u0a35\u0a47\u0a38\u0a3c\u0a28: \u0a21\u0a4b\u0a2e \u0a35\u0a3f\u0a71\u0a1a \u0a1f\u0a42\u0a30 \u0a05\u0a24\u0a47 \u0a38\u0a48\u0a30-\u0a38\u0a2a\u0a3e\u0a1f\u0a3e\u0964<\/p>\n<p>\u0a1f\u0a48\u0a32\u0a40\u0a2b\u0a4b\u0a28\/\u0a35\u0a1f\u0a38\u0a10\u0a2a +1-809-720-6035.<\/p>\n<p>info@bookingadventures.com.do<\/p>\n<p>\u0a05\u0a38\u0a40\u0a02 Whatsapp \u0a26\u0a41\u0a06\u0a30\u0a3e \u0a32\u0a1a\u0a15\u0a26\u0a3e\u0a30 \u0a38\u0a70\u0a30\u0a1a\u0a28\u0a3e \u0a26\u0a47 \u0a28\u0a3e\u0a32 \u0a28\u0a3f\u0a71\u0a1c\u0a40 \u0a1f\u0a42\u0a30 \u0a39\u0a3e\u0a02: +18097206035\u0964<\/p>\n\n\t\t<\/div>\n\t<\/div>\n<div class=\"vc_empty_space\"   style=\"height: 32px\"><span class=\"vc_empty_space_inner\"><\/span><\/div><\/div><\/div><\/div><\/div>","protected":false},"excerpt":{"rendered":"<p><strong>\u0a15\u0a3f\u0a30\u0a2a\u0a3e \u0a15\u0a30\u0a15\u0a47 \u0a1f\u0a42\u0a30 \u0a32\u0a08 \u0a2e\u0a3f\u0a24\u0a40 \u0a1a\u0a41\u0a23\u0a4b\u00a0<\/strong><\/p>","protected":false},"featured_media":104,"template":"","meta":[],"product_brand":[],"product_cat":[119,96,144,98,135,121,99,122,443,123,124],"product_tag":[126,127,128,145,132,133,146,147,148,143],"class_list":{"0":"post-551","1":"product","2":"type-product","3":"status-publish","4":"has-post-thumbnail","6":"product_cat-caves","7":"product_cat-hiking","8":"product_cat-kayaking","9":"product_cat-local-tour-guides","10":"product_cat-lunch","11":"product_cat-mangroves","12":"product_cat-swimming-natural-springs","13":"product_cat-tours-and-excursions","14":"product_cat-tours-y-excursiones-es","15":"product_cat-tours-excursions-los-haitises-national-park","16":"product_cat-tours-excursions-samana-bay-dominican-republic","17":"product_tag-cano-hondo","18":"product_tag-cano-hondo-hotel","19":"product_tag-cano-hondo-tours","20":"product_tag-day-tour-cano-hondo","21":"product_tag-los-haitises","22":"product_tag-los-haitises-national-park","23":"product_tag-mangroves-los-haitises","24":"product_tag-samana-bay","25":"product_tag-samana-excursions","26":"product_tag-samana-tours","28":"first","29":"instock","30":"sale","31":"sold-individually","32":"shipping-taxable","33":"product-type-external"},"_links":{"self":[{"href":"https:\/\/visitaloshaitises.com\/pa\/wp-json\/wp\/v2\/product\/551","targetHints":{"allow":["GET"]}}],"collection":[{"href":"https:\/\/visitaloshaitises.com\/pa\/wp-json\/wp\/v2\/product"}],"about":[{"href":"https:\/\/visitaloshaitises.com\/pa\/wp-json\/wp\/v2\/types\/product"}],"wp:featuredmedia":[{"embeddable":true,"href":"https:\/\/visitaloshaitises.com\/pa\/wp-json\/wp\/v2\/media\/104"}],"wp:attachment":[{"href":"https:\/\/visitaloshaitises.com\/pa\/wp-json\/wp\/v2\/media?parent=551"}],"wp:term":[{"taxonomy":"product_brand","embeddable":true,"href":"https:\/\/visitaloshaitises.com\/pa\/wp-json\/wp\/v2\/product_brand?post=551"},{"taxonomy":"product_cat","embeddable":true,"href":"https:\/\/visitaloshaitises.com\/pa\/wp-json\/wp\/v2\/product_cat?post=551"},{"taxonomy":"product_tag","embeddable":true,"href":"https:\/\/visitaloshaitises.com\/pa\/wp-json\/wp\/v2\/product_tag?post=551"}],"curies":[{"name":"wp","href":"https:\/\/api.w.org\/{rel}","templated":true}]}}