{"id":551,"date":"2020-06-19T20:10:32","date_gmt":"2020-06-19T20:10:32","guid":{"rendered":"https:\/\/haitises.com\/?post_type=product&#038;p=551"},"modified":"2023-10-14T21:50:12","modified_gmt":"2023-10-14T21:50:12","slug":"excursion-al-los-haitises-y-cano-hondo-desde-samana","status":"publish","type":"product","link":"https:\/\/visitaloshaitises.com\/nl\/private\/excursion-al-los-haitises-y-cano-hondo-desde-samana\/","title":{"rendered":"Excursie naar Los Haitises en Ca\u00f1o Hondo vanuit Saman\u00e1"},"content":{"rendered":"<div class=\"vc_row wpb_row vc_row-fluid\" ><div class=\"wpb_column vc_column_container vc_col-sm-12\"><div class=\"vc_column-inner\"><div class=\"wpb_wrapper\"><div class=\"mkdf-section-title-holder\" style=\"text-align: left\">\n\t<div class=\"mkdf-st-inner\">\n\t\t\t\t\t<h5 class=\"mkdf-st-subtitle\" >\n\t\t\t\tLunch en zwemmen in natuurlijke zwembaden\t\t\t<\/h5>\n\t\t\t\t\t\t\t<\/div>\n<\/div><\/div><\/div><\/div><\/div><div class=\"vc_row wpb_row vc_row-fluid\" ><div class=\"wpb_column vc_column_container vc_col-sm-12\"><div class=\"vc_column-inner\"><div class=\"wpb_wrapper\">\n\t<div class=\"wpb_text_column wpb_content_element\" >\n\t\t<div class=\"wpb_wrapper\">\n\t\t\t<h2>Nationaal park Los Haitises + lunch in Cano Hondo vanuit de haven van Saman\u00e1.<\/h2>\n<h3><em>Beschrijving<\/em><\/h3>\n<p>Los Haitises National Park startend vanuit de haven van Saman\u00e1 plus een heerlijke lunch en zwemmen in natuurlijke bronnen bij Ca\u00f1o Hondo Ecolodge. Ga met ons mee en bezoek het mooiste nationale park van de Dominicaanse Republiek, bezoek mangroven, grotten en de baai van San Lorenzo, en steek de prachtige baai van Saman\u00e1 over. Na de lunch in Ca\u00f1o Hondo heb je de mogelijkheid om een paar uur in de natuurlijke zwembaden te zwemmen en dan terug te keren naar de haven van Saman\u00e1.<\/p>\n<p>Na deze ervaring keert u terug naar de haven van Saman\u00e1.<\/p>\n<ul>\n<li>Btw inbegrepen<\/li>\n<li>De gids geeft instructie en toezicht.<\/li>\n<\/ul>\n<h3>Insluitingen en uitsluitingen<\/h3>\n<h4>Insluitsels<\/h4>\n<ol>\n<li>Los Haitises Tour + grotten en pictogrammen<\/li>\n<li>Lunch in Ca\u00f1o Hondo<\/li>\n<li>Zwem in natuurlijke zwembaden<\/li>\n<li>Alle belastingen, toeslagen en administratiekosten.<\/li>\n<li>Lokale belastingen<\/li>\n<li>Drankjes<\/li>\n<li>Alle activiteiten<\/li>\n<li>Lokale gids<\/li>\n<\/ol>\n<h4>Uitsluitingen<\/h4>\n<ol>\n<li>Tips<\/li>\n<li>Overdracht<\/li>\n<li>Alcoholische dranken<\/li>\n<\/ol>\n<h3><em>Vertrek en terugkeer<\/em><\/h3>\n<p>De reiziger krijgt na het boekingsproces een ontmoetingspunt. Rondleidingen beginnen en eindigen op onze ontmoetingspunten.<\/p>\n<h3><em>Wat te verwachten?<\/em><\/h3>\n<p>Koop uw kaartjes voor een bezoek aan Los Haitises National Park met een heerlijke lunch in Ca\u00f1o Hondo en zwemmen in de natuurlijke zwembaden.<\/p>\n<p>Vertrekkend vanuit de haven van Saman\u00e1 aan boord van een boot of catamaran met een lokale gids, passeren we de baai van Saman\u00e1 naast Sabana de la Mar om een van de mooiste nationale parken in de Dominicaanse Republiek te bezoeken.<\/p>\n<h5>Los Haitises Nationaal Park.<\/h5>\n<p>Een bezoek aan het eiland met vogels in de buurt. In het broedseizoen kunnen we zelfs pelikaankuikens in de nesten zien. Ga dieper de rotsachtige eilanden in en bezoek de grotten met pictogrammen en rotstekeningen van de inheemse bevolking.<\/p>\n<p>El recorrido, organizado por \u00abBooking Adventures\u00bb, comienza en el punto de encuentro establecido con el gu\u00eda tur\u00edstico. Ven con Booking Adventures y comienza a observar algunos manglares llenos de aves, colinas onduladas de exuberante vegetaci\u00f3n y cuevas del Parque Nacional Los Haitises.<\/p>\n<p>El nombre del parque nacional proviene de sus habitantes originales, los indios ta\u00ednos. En su idioma, \u00abHaitises\u00bb se traduce a tierras altas o colinas, una referencia a las empinadas formaciones geol\u00f3gicas de la costa con calizas. Avent\u00farate en el parque para explorar cuevas como la Cueva de la Arena y la Cueva de la L\u00ednea.<\/p>\n<p>De grotten in het reservaat werden gebruikt als schuilplaats door de Ta\u00edno-indianen en later door verborgen piraten. Zoek naar tekeningen van Indianen die enkele muren versieren.<\/p>\n<p>Na een bezoek aan het Los Haitises National Park gaan we naar Cano Hondo. In Cano Hondo leer je over deze ecologische geschiedenis en lunch je met het typische eten van de Sabana de la Mar-gemeenschap.<\/p>\n<p>De lunch zal heerlijk zijn, maar we zijn nog niet klaar. Na de lunch zullen we zwemmen in de natuurlijke poelen van de Jibales-rivier, een rivier tot aan de Ca\u00f1o Hondo-rivier. We blijven tot 16.00 uur in Ca\u00f1o Hondo en keren terug naar de haven van Saman\u00e1. We passeren opnieuw de mangroven en komen aan bij de open baai van San Lorenzo, vanwaar je het ruige boslandschap kunt fotograferen. Kijk uit in het water en zie zeekoeien, schaaldieren en dolfijnen.<\/p>\n<p>Tot het moment dat u afrekent met de gids en daarna naar de haven van Cano Hondo gaat en een boot terugneemt naar de haven van Saman\u00e1, langs de baai van Saman\u00e1, 30 minuten.<\/p>\n<p>Mocht je deze reis leuker vinden, dan hebben we deze opties:<\/p>\n<p>Los Haitises + Cayo Levantado vanuit de haven van Saman\u00e1.<\/p>\n<h3><em>Wat moet je meenemen?<\/em><\/h3>\n<ul>\n<li>Camera<\/li>\n<li>Afweermiddelen<\/li>\n<li>zonnescherm<\/li>\n<li>Hoed<\/li>\n<li>Comfortabele broek<\/li>\n<li>Bos wandelschoenen<\/li>\n<li>Sandalen naar lentegebieden.<\/li>\n<li>Zwempak<\/li>\n<\/ul>\n<h3><em>Ophaalservice bij hotel<\/em><\/h3>\n<p>Ophalen bij het hotel wordt niet aangeboden voor deze tour.<\/p>\n<p><strong>Opmerking:<\/strong> Als u binnen 24 uur na de vertrektijd van de tour\/excursie boekt, kunnen we tegen extra kosten het ophalen van uw hotel regelen. Zodra uw aankoop is voltooid, sturen wij u de volledige contactgegevens (telefoonnummer, e-mailadres, enz.) zodat onze lokale gids de ophaalregeling kan regelen.<\/p>\n<h3>Bevestiging van aanvullende informatie<\/h3>\n<ol>\n<li>De tickets zijn het ontvangstbewijs na betaling voor deze tour. U kunt de betaling op uw telefoon laten zien.<\/li>\n<li>Het ontmoetingspunt wordt ontvangen na het reserveringsproces.<\/li>\n<li>Kinderen moeten worden begeleid door een volwassene.<\/li>\n<li>Niet rolstoeltoegankelijk<\/li>\n<li>Baby&#039;s moeten in kinderzitjes of bij een volwassene zitten<\/li>\n<li>Niet aanbevolen voor reizigers met rugklachten.<\/li>\n<li>Niet aanbevolen voor zwangere vrouwen.<\/li>\n<li>Geen hartproblemen of andere ernstige medische aandoeningen.<\/li>\n<li>De meeste reizigers kunnen meedoen.<\/li>\n<\/ol>\n<h3><em>Annuleringsbeleid<\/em><\/h3>\n<p>Voor een volledige terugbetaling dien je minimaal 24 uur v\u00f3\u00f3r de startdatum van de ervaring te annuleren.<\/p>\n\n\t\t<\/div>\n\t<\/div>\n<\/div><\/div><\/div><\/div><div class=\"vc_row wpb_row vc_row-fluid\" ><div class=\"wpb_column vc_column_container vc_col-sm-12\"><div class=\"vc_column-inner\"><div class=\"wpb_wrapper\"><div class=\"vc_empty_space\"   style=\"height: 32px\"><span class=\"vc_empty_space_inner\"><\/span><\/div>\n\t<div class=\"wpb_video_widget wpb_content_element vc_clearfix   vc_video-aspect-ratio-169 vc_video-el-width-100 vc_video-align-left\" >\n\t\t<div class=\"wpb_wrapper\">\n\t\t\t\n\t\t\t<div class=\"wpb_video_wrapper\"><iframe loading=\"lazy\" title=\"Los Haitises National Park, tours en excursies vanuit Samana of Sabana de la Mar. Boek hier:\" src=\"https:\/\/player.vimeo.com\/video\/346508015?dnt=1&amp;app_id=122963\" width=\"1100\" height=\"619\" frameborder=\"0\" allow=\"autoplay; fullscreen\" allowfullscreen><\/iframe><\/div>\n\t\t<\/div>\n\t<\/div>\n<\/div><\/div><\/div><\/div><div class=\"vc_row wpb_row vc_row-fluid\" ><div class=\"wpb_column vc_column_container vc_col-sm-12\"><div class=\"vc_column-inner\"><div class=\"wpb_wrapper\"><div class=\"vc_empty_space\"   style=\"height: 32px\"><span class=\"vc_empty_space_inner\"><\/span><\/div>\n\t<div class=\"wpb_text_column wpb_content_element\" >\n\t\t<div class=\"wpb_wrapper\">\n\t\t\t<h4>Neem contact met ons op?<\/h4>\n<h5>Reserveringen voor avontuur<\/h5>\n<p><em>Reisgidsen<\/em> <em><strong>lokaal<\/strong><\/em> En <strong><em>nationaal<\/em><\/strong> &amp;<em>\u00a0service aan de gasten<\/em><\/p>\n<p>Reserveringen: rondleidingen en excursies in Dom. Rep.<\/p>\n<p>Tel\/Whatsapp +1-809-720-6035.<\/p>\n<p>info@bookingadventures.com.do<\/p>\n<p>Wij zijn priv\u00e9rondleidingen met flexibele configuratie door Whatsapp: +18097206035.<\/p>\n\n\t\t<\/div>\n\t<\/div>\n<div class=\"vc_empty_space\"   style=\"height: 32px\"><span class=\"vc_empty_space_inner\"><\/span><\/div><\/div><\/div><\/div><\/div>","protected":false},"excerpt":{"rendered":"<p><strong>Selecteer een datum voor de tour\u00a0<\/strong><\/p>","protected":false},"featured_media":104,"template":"","meta":[],"product_brand":[],"product_cat":[119,96,144,98,135,121,99,122,443,123,124],"product_tag":[126,127,128,145,132,133,146,147,148,143],"class_list":{"0":"post-551","1":"product","2":"type-product","3":"status-publish","4":"has-post-thumbnail","6":"product_cat-caves","7":"product_cat-hiking","8":"product_cat-kayaking","9":"product_cat-local-tour-guides","10":"product_cat-lunch","11":"product_cat-mangroves","12":"product_cat-swimming-natural-springs","13":"product_cat-tours-and-excursions","14":"product_cat-tours-y-excursiones-es","15":"product_cat-tours-excursions-los-haitises-national-park","16":"product_cat-tours-excursions-samana-bay-dominican-republic","17":"product_tag-cano-hondo","18":"product_tag-cano-hondo-hotel","19":"product_tag-cano-hondo-tours","20":"product_tag-day-tour-cano-hondo","21":"product_tag-los-haitises","22":"product_tag-los-haitises-national-park","23":"product_tag-mangroves-los-haitises","24":"product_tag-samana-bay","25":"product_tag-samana-excursions","26":"product_tag-samana-tours","28":"first","29":"instock","30":"sale","31":"sold-individually","32":"shipping-taxable","33":"product-type-external"},"_links":{"self":[{"href":"https:\/\/visitaloshaitises.com\/nl\/wp-json\/wp\/v2\/product\/551","targetHints":{"allow":["GET"]}}],"collection":[{"href":"https:\/\/visitaloshaitises.com\/nl\/wp-json\/wp\/v2\/product"}],"about":[{"href":"https:\/\/visitaloshaitises.com\/nl\/wp-json\/wp\/v2\/types\/product"}],"wp:featuredmedia":[{"embeddable":true,"href":"https:\/\/visitaloshaitises.com\/nl\/wp-json\/wp\/v2\/media\/104"}],"wp:attachment":[{"href":"https:\/\/visitaloshaitises.com\/nl\/wp-json\/wp\/v2\/media?parent=551"}],"wp:term":[{"taxonomy":"product_brand","embeddable":true,"href":"https:\/\/visitaloshaitises.com\/nl\/wp-json\/wp\/v2\/product_brand?post=551"},{"taxonomy":"product_cat","embeddable":true,"href":"https:\/\/visitaloshaitises.com\/nl\/wp-json\/wp\/v2\/product_cat?post=551"},{"taxonomy":"product_tag","embeddable":true,"href":"https:\/\/visitaloshaitises.com\/nl\/wp-json\/wp\/v2\/product_tag?post=551"}],"curies":[{"name":"wp","href":"https:\/\/api.w.org\/{rel}","templated":true}]}}