{"id":11695,"date":"2023-10-04T07:40:34","date_gmt":"2023-10-04T07:40:34","guid":{"rendered":"https:\/\/haitises.com\/?post_type=product&#038;p=11695"},"modified":"2024-03-28T17:46:58","modified_gmt":"2024-03-28T17:46:58","slug":"mangroves-reforestation-in-los-haitises-with-locals-on-kayak-3","status":"publish","type":"product","link":"https:\/\/visitaloshaitises.com\/nl\/private\/mangroven-herbebossing-in-los-haitises-met-lokale-op-kajak\/","title":{"rendered":"Herbebossing van mangroven in Los Haitises met de lokale bevolking op kajak"},"content":{"rendered":"<div class=\"vc_row wpb_row vc_row-fluid\" ><div class=\"wpb_column vc_column_container vc_col-sm-12\"><div class=\"vc_column-inner\"><div class=\"wpb_wrapper\"><div class=\"vc_empty_space\"   style=\"height: 32px\"><span class=\"vc_empty_space_inner\"><\/span><\/div><\/div><\/div><\/div><\/div><div class=\"vc_row wpb_row vc_row-fluid\" ><div class=\"wpb_column vc_column_container vc_col-sm-12\"><div class=\"vc_column-inner\"><div class=\"wpb_wrapper\"><div class=\"mkdf-section-title-holder\" style=\"text-align: left\">\n\t<div class=\"mkdf-st-inner\">\n\t\t\t\t\t<h5 class=\"mkdf-st-subtitle\" >\n\t\t\t\tMangroves, Kayaks, Caves and more.\t\t\t<\/h5>\n\t\t\t\t\t\t\t<h3 class=\"mkdf-st-title\" >\n\t\t\t\tMangroves Reforestation in Los Haitises With Locals\t\t\t<\/h3>\n\t\t\t\t\t<\/div>\n<\/div><\/div><\/div><\/div><\/div><div class=\"vc_row wpb_row vc_row-fluid\" ><div class=\"wpb_column vc_column_container vc_col-sm-12\"><div class=\"vc_column-inner\"><div class=\"wpb_wrapper\"><div class=\"vc_empty_space\"   style=\"height: 32px\"><span class=\"vc_empty_space_inner\"><\/span><\/div><\/div><\/div><\/div><\/div><div class=\"vc_row wpb_row vc_row-fluid\" ><div class=\"wpb_column vc_column_container vc_col-sm-12\"><div class=\"vc_column-inner\"><div class=\"wpb_wrapper\">\n\t<div class=\"wpb_text_column wpb_content_element\" >\n\t\t<div class=\"wpb_wrapper\">\n\t\t\t<h4><b><i>Overzicht <\/i><\/b><\/h4>\n<p>Kayaking Mangroves in Los Haitises National Park with a local tour guide 4 Hours. In the Los Haitises National Park, close to Sabana de la Mar, there are 98 km2 of mangrove forest. You will see several open spots in the national park and these spots needs to be reforested again. In 1998, the hurricane George destroyed many areas of mangroves and can not restore by themselves. We hope that with a growing mangrove forest, more animals will inhabit the area, and ecotourism can provide an income for the local people.<\/p>\n<p>&nbsp;<\/p>\n<h4><b>Insluitsels en uitsluitingen<\/b><\/h4>\n<p>&nbsp;<\/p>\n<p><b>Insluitsels<\/b><\/p>\n<p>&nbsp;<\/p>\n<ol>\n<li style=\"font-weight: 400;\">Kajaktocht<\/li>\n<li>50 Mangroves seedlings<\/li>\n<li>Grotrondleidingen<\/li>\n<li style=\"font-weight: 400;\"><span style=\"font-weight: 400;\">Alle belastingen, toeslagen en administratiekosten<\/span><\/li>\n<li style=\"font-weight: 400;\"><span style=\"font-weight: 400;\">Lokale belastingen<\/span><\/li>\n<li style=\"font-weight: 400;\"><span style=\"font-weight: 400;\">Lokale gids<\/span><\/li>\n<\/ol>\n<p><b> Uitsluitingen<\/b><\/p>\n<ol>\n<li style=\"font-weight: 400;\"><span style=\"font-weight: 400;\">Fooien<\/span><\/li>\n<li style=\"font-weight: 400;\"><span style=\"font-weight: 400;\">Overdracht<\/span><\/li>\n<li>Lunch is niet inbegrepen<\/li>\n<li style=\"font-weight: 400;\"><span style=\"font-weight: 400;\">Alcoholische dranken<\/span><\/li>\n<\/ol>\n<p>&nbsp;<\/p>\n<h4><em><strong>Vertrek &amp; Terugkeer<\/strong><\/em><\/h4>\n<p><span style=\"font-weight: 400;\">De reiziger krijgt na het reserveringsproces een ontmoetingspunt. Rondleidingen starten en eindigen op onze ontmoetingspunten.<\/span><\/p>\n<p>&nbsp;<\/p>\n<h4><b><i>Wat te verwachten?<\/i><\/b><\/h4>\n<p>First we take kayaks and heading around 30 min to areas, where we will collect the mangroves seeds. While kayaking we pass the mangroves swamps and Cano Hondo river. After that, you see plenty of mangrove seeds washed up by the sea. The seeds we find are red mangroves.<\/p>\n<p>We will collect these seeds and going to open spots in the national park which needs to be reforested again. We will show you how to plant the mangroves and explain you why it is so important. Then you will have the opportunity to plant the mangroves yourself and enjoy the good feeling by helping the nature. This Tour is for everyone who wants to enjoy the time in the nature, learn new things, meet new people and help to the nature.<\/p>\n<p>Every person can plant around 50 seedlings. We are planting in a moody area so we recommend to bring waterproof shoes.<br \/>\nWhen we finish to plant the mangroves we continue to the famous cave swimming in clean water to wash ourselves from the mood in a secret of the cave and learning about the origins Tainos people who lived here 600 years ago.<\/p>\n<p>On our way back you can see from kayaks the endemic birds, Limestone formation islands, endemic orchids which you can see only in Los Haitises park and others. The way back takes around 45 min and finish at the main port in the park where the experience start. Through the mangroves and Land at the open San Lorenzo Bay, from where you can photograph the rugged forest landscape. Look to the water to spot <em><strong>Lamantijnen<\/strong><\/em>, schaaldieren, en <em><strong>Dolfijnen.<\/strong><\/em><\/p>\n<p>&nbsp;<\/p>\n<h4><em><strong>Wat moet je meenemen?<\/strong><\/em><\/h4>\n<ul>\n<li style=\"font-weight: 400;\"><span style=\"font-weight: 400;\">camera<\/span><\/li>\n<li style=\"font-weight: 400;\"><span style=\"font-weight: 400;\">Afstotende knoppen<\/span><\/li>\n<li style=\"font-weight: 400;\"><span style=\"font-weight: 400;\">zonnecreme<\/span><\/li>\n<li style=\"font-weight: 400;\"><span style=\"font-weight: 400;\">Hoed<\/span><\/li>\n<li style=\"font-weight: 400;\"><span style=\"font-weight: 400;\">Comfortabele broek<\/span><\/li>\n<li style=\"font-weight: 400;\"><span style=\"font-weight: 400;\">Sandals or Shoes for muddy areas.\u00a0<\/span><\/li>\n<li style=\"font-weight: 400;\"><span style=\"font-weight: 400;\">Zwemkleding<\/span><\/li>\n<\/ul>\n<p>&nbsp;<\/p>\n<h4><b><i>Ophaalservice bij hotel <\/i><\/b><\/h4>\n<p><span style=\"font-weight: 400;\">Ophaalservice bij het hotel wordt niet aangeboden voor deze tour. <\/span><\/p>\n<p>&nbsp;<\/p>\n<p><b>Opmerking:<\/b><span style=\"font-weight: 400;\"> Als u binnen 24 uur na de vertrektijd van de tour\/excursie geboekt heeft, kunnen wij tegen extra kosten het ophalen van uw hotel regelen. Zodra uw aankoop is voltooid, sturen wij u de volledige contactgegevens (telefoonnummer, e-mailadres, enz.) zodat onze lokale gids de ophaalregeling kan regelen.<\/span><\/p>\n<h4><b><i>Bevestiging van aanvullende informatie <\/i><\/b><\/h4>\n<ol>\n<li>Tickets zijn het ontvangstbewijs na betaling van deze tour. U kunt de betaling op uw telefoon laten zien.<\/li>\n<li style=\"font-weight: 400;\"><span style=\"font-weight: 400;\">Ontmoetingspunt wordt ontvangen na het reserveringsproces.<\/span><\/li>\n<li style=\"font-weight: 400;\"><span style=\"font-weight: 400;\">Kinderen moeten worden begeleid door een volwassene.<\/span><\/li>\n<li style=\"font-weight: 400;\"><span style=\"font-weight: 400;\"> Niet rolstoeltoegankelijk <\/span><\/li>\n<li style=\"font-weight: 400;\"><span style=\"font-weight: 400;\">Baby&#039;s moeten op schoot zitten <\/span><\/li>\n<li style=\"font-weight: 400;\"><span style=\"font-weight: 400;\">Niet aanbevolen voor reizigers met rugklachten<\/span><\/li>\n<li style=\"font-weight: 400;\"><span style=\"font-weight: 400;\">Niet aanbevolen voor zwangere reizigers <\/span><\/li>\n<li style=\"font-weight: 400;\"><span style=\"font-weight: 400;\"> Geen hartproblemen of andere ernstige medische aandoeningen <\/span><\/li>\n<li style=\"font-weight: 400;\"><span style=\"font-weight: 400;\">De meeste reizigers kunnen meedoen<\/span><\/li>\n<\/ol>\n<h4><b><i>Annuleringsbeleid<\/i><\/b><\/h4>\n<p>Voor een volledige terugbetaling kunt u ons Annuleringsbeleid lezen\u00a0<a href=\"https:\/\/www.ticketswhales.com\/online-booking\/\" target=\"_blank\" rel=\"noopener\" data-saferedirecturl=\"https:\/\/www.google.com\/url?q=https:\/\/www.ticketswhales.com\/online-booking\/&amp;source=gmail&amp;ust=1672449202351000&amp;usg=AOvVaw1yAeVAPktmaVCqDujgUn90\">Klik hier<\/a>. Het geld gaat verloren als de reservering dezelfde dag van de reis wordt geannuleerd.<\/p>\n\n\t\t<\/div>\n\t<\/div>\n<\/div><\/div><\/div><\/div><div class=\"vc_row wpb_row vc_row-fluid\" ><div class=\"wpb_column vc_column_container vc_col-sm-12\"><div class=\"vc_column-inner\"><div class=\"wpb_wrapper\"><div class=\"vc_empty_space\"   style=\"height: 32px\"><span class=\"vc_empty_space_inner\"><\/span><\/div>\n\t<div class=\"wpb_text_column wpb_content_element\" >\n\t\t<div class=\"wpb_wrapper\">\n\t\t\t<h4>Neem contact met ons op?<\/h4>\n<h5>Avonturen boeken<\/h5>\n<p><em><strong>Lokale bevolking<\/strong>\u00a0En\u00a0<strong>Onderdanen<\/strong>\u00a0Gidsen en gastenservices<\/em><\/p>\n<p><span class=\"text-turquoise\">Reserveringen:<\/span>\u00a0Tours &amp; excursies in Dom. Rep.<\/p>\n<p><img decoding=\"async\" class=\"emoji\" draggable=\"false\" src=\"https:\/\/s.w.org\/images\/core\/emoji\/11.2.0\/svg\/1f4de.svg\" alt=\"\ud83d\udcde\" \/>\u00a0Telefoon\/Whatsapp\u00a0\u00a0<a href=\"tel:+1-809-720-6035\">+1-809-720-6035<\/a>.<\/p>\n<p><img decoding=\"async\" class=\"emoji\" draggable=\"false\" src=\"https:\/\/s.w.org\/images\/core\/emoji\/11.2.0\/svg\/1f4e9.svg\" alt=\"\ud83d\udce9\" \/>\u00a0<a href=\"mailto:info@bookingadventures.com.do\">info@bookingadventures.com.do<\/a><\/p>\n<p><strong>We zijn flexibel met het instellen van priv\u00e9rondleidingen per WhatsApp:\u00a0<a href=\"tel:+18097206035\">+18097206035.<\/a><\/strong><\/p>\n\n\t\t<\/div>\n\t<\/div>\n<div class=\"vc_empty_space\"   style=\"height: 32px\"><span class=\"vc_empty_space_inner\"><\/span><\/div><\/div><\/div><\/div><\/div>","protected":false},"excerpt":{"rendered":"<p><span style=\"vertical-align: inherit;\"><span style=\"vertical-align: inherit;\">Buena oportunidad para ayudar a la Naturaleza y disfrutar en Kayaks de la belleza del Parque Nacional Los Haitises. <\/span><span style=\"vertical-align: inherit;\">50 pl\u00e1ntulas de donaci\u00f3n de manglares ser\u00e1n parte de su visita en kayaks m\u00e1s gu\u00edas capacitados por los locales para la interpretaci\u00f3n de la flora y la fauna. <\/span><span style=\"vertical-align: inherit;\">Si no te gustan los kayaks esta actividad tienes opci\u00f3n de bote.<\/span><\/span><\/p>\n<p>&nbsp;<\/p>\n<p><strong><span style=\"vertical-align: inherit;\"><span style=\"vertical-align: inherit;\">Seleccione la fecha para el Tour:<\/span><\/span><\/strong><\/p>","protected":false},"featured_media":11332,"template":"","meta":[],"product_brand":[],"product_cat":[565,144,469,602,123,124],"product_tag":[126,127,145,150,197,198,199,132,133,200,470,201,114,147,148],"class_list":{"0":"post-11695","1":"product","2":"type-product","3":"status-publish","4":"has-post-thumbnail","6":"product_cat-1-sabana-de-la-mar","7":"product_cat-kayaking","8":"product_cat-mangroves-projects","9":"product_cat-mangroves-reforestation-los-haitises","10":"product_cat-tours-excursions-los-haitises-national-park","11":"product_cat-tours-excursions-samana-bay-dominican-republic","12":"product_tag-cano-hondo","13":"product_tag-cano-hondo-hotel","14":"product_tag-day-tour-cano-hondo","15":"product_tag-kayak-dominican-republic","16":"product_tag-kayaking-dominican-republic","17":"product_tag-kayaking-los-haitises","18":"product_tag-kayaks","19":"product_tag-los-haitises","20":"product_tag-los-haitises-national-park","21":"product_tag-los-haitises-tours","22":"product_tag-mangroves-reforestation-in-los-haitises-with-locals","23":"product_tag-private-tours-samana","24":"product_tag-sabana-de-la-mar","25":"product_tag-samana-bay","26":"product_tag-samana-excursions","28":"first","29":"instock","30":"sale","31":"sold-individually","32":"shipping-taxable","33":"product-type-external"},"_links":{"self":[{"href":"https:\/\/visitaloshaitises.com\/nl\/wp-json\/wp\/v2\/product\/11695","targetHints":{"allow":["GET"]}}],"collection":[{"href":"https:\/\/visitaloshaitises.com\/nl\/wp-json\/wp\/v2\/product"}],"about":[{"href":"https:\/\/visitaloshaitises.com\/nl\/wp-json\/wp\/v2\/types\/product"}],"wp:featuredmedia":[{"embeddable":true,"href":"https:\/\/visitaloshaitises.com\/nl\/wp-json\/wp\/v2\/media\/11332"}],"wp:attachment":[{"href":"https:\/\/visitaloshaitises.com\/nl\/wp-json\/wp\/v2\/media?parent=11695"}],"wp:term":[{"taxonomy":"product_brand","embeddable":true,"href":"https:\/\/visitaloshaitises.com\/nl\/wp-json\/wp\/v2\/product_brand?post=11695"},{"taxonomy":"product_cat","embeddable":true,"href":"https:\/\/visitaloshaitises.com\/nl\/wp-json\/wp\/v2\/product_cat?post=11695"},{"taxonomy":"product_tag","embeddable":true,"href":"https:\/\/visitaloshaitises.com\/nl\/wp-json\/wp\/v2\/product_tag?post=11695"}],"curies":[{"name":"wp","href":"https:\/\/api.w.org\/{rel}","templated":true}]}}