{"id":600,"date":"2020-07-04T19:39:50","date_gmt":"2020-07-04T19:39:50","guid":{"rendered":"https:\/\/haitises.com\/?post_type=product&#038;p=600"},"modified":"2024-04-16T17:14:51","modified_gmt":"2024-04-16T17:14:51","slug":"excursion-paravelismo-desde-punta-cana-30-usd","status":"publish","type":"product","link":"https:\/\/visitaloshaitises.com\/ne\/private\/excursion-paravelismo-desde-punta-cana-30-usd\/","title":{"rendered":"Excursi\u00f3n Paravelismo desde Punta Cana 30 USD"},"content":{"rendered":"<div class=\"vc_row wpb_row vc_row-fluid\" ><div class=\"wpb_column vc_column_container vc_col-sm-12\"><div class=\"vc_column-inner\"><div class=\"wpb_wrapper\">\n\t<div class=\"wpb_text_column wpb_content_element\" >\n\t\t<div class=\"wpb_wrapper\">\n\t\t\t<p>u<\/p>\n\n\t\t<\/div>\n\t<\/div>\n<\/div><\/div><\/div><\/div><div class=\"vc_row wpb_row vc_row-fluid\" ><div class=\"wpb_column vc_column_container vc_col-sm-12\"><div class=\"vc_column-inner\"><div class=\"wpb_wrapper\"><div class=\"mkdf-section-title-holder\" style=\"text-align: left\">\n\t<div class=\"mkdf-st-inner\">\n\t\t\t\t\t<h5 class=\"mkdf-st-subtitle\" >\n\t\t\t\tDesde los hoteles de Punta Cana\t\t\t<\/h5>\n\t\t\t\t\t\t\t\t\t<p class=\"mkdf-st-text\" >\n\t\t\t\tNota: Este recorrido comienza a las 7:00 am. Dependiendo de d\u00f3nde est\u00e9 el horario de recogida de los hoteles, puede cambiar. Costo adicional para recoger en \u00e1reas no incluidas en nuestra descripci\u00f3n\t\t\t<\/p>\n\t\t\t<\/div>\n<\/div><\/div><\/div><\/div><\/div><div class=\"vc_row wpb_row vc_row-fluid\" ><div class=\"wpb_column vc_column_container vc_col-sm-12\"><div class=\"vc_column-inner\"><div class=\"wpb_wrapper\"><div class=\"vc_empty_space\"   style=\"height: 32px\"><span class=\"vc_empty_space_inner\"><\/span><\/div><\/div><\/div><\/div><\/div><div class=\"vc_row wpb_row vc_row-fluid\" ><div class=\"wpb_column vc_column_container vc_col-sm-12\"><div class=\"vc_column-inner\"><div class=\"wpb_wrapper\">\n\t<div class=\"wpb_text_column wpb_content_element\" >\n\t\t<div class=\"wpb_wrapper\">\n\t\t\t<h2>Tour de paravelismo (parasailing) desde Punta Cana<\/h2>\n<h3>\u0935\u093f\u0935\u0930\u0923<\/h3>\n<p>Parasail sobre la costa de Punta Cana \/ B\u00e1varo durante esta actividad de 40 minutos que sale de Punta Cana. Benef\u00edciese de la experiencia de una de las compa\u00f1\u00edas de parasail m\u00e1s experimentadas en la Rep\u00fablica Dominicana, con m\u00e1s de 60,000 vuelos desde 2001. Obtenga impresionantes vistas de las playas, aguas turquesas y complejos en expansi\u00f3n que bordean la costa mientras vuelan cientos de pies en el aire. Trae bloqueador solar, traje de ba\u00f1o y una sensaci\u00f3n de aventura. Recorrido a\u00e9reo panor\u00e1mico Viaje en bote y vea las vistas desde el agua Elecci\u00f3n de la salida de la ma\u00f1ana o la tarde Recogida y regreso gratis al hotel incluido.<\/p>\n<ul>\n<li>Elecci\u00f3n de varias salidas a lo largo del d\u00eda.<\/li>\n<li>Disfruta de fant\u00e1sticas vistas a\u00e9reas<\/li>\n<li>En Familia y amigos<\/li>\n<li>Recogida desde un punto de encuentro ubicado en el centro<\/li>\n<li>Experiencia rom\u00e1ntica, perfecta para parejas.<\/li>\n<\/ul>\n<h3>\u0938\u092e\u093e\u0935\u0947\u0936 \u0930 \u092c\u0939\u093f\u0937\u094d\u0915\u0930\u0923<\/h3>\n<h4>\u0938\u092e\u093e\u0935\u0947\u0936\u0939\u0930\u0942<\/h4>\n<ol>\n<li>Tour de paracaidismo<\/li>\n<li>Recogida en autob\u00fas desde su hotel<\/li>\n<li>Todos los impuestos, tarifas y cargos<\/li>\n<li>\u092a\u0947\u092f\u0939\u0930\u0942<\/li>\n<\/ol>\n<h4>\u092c\u0939\u093f\u0937\u094d\u0915\u0930\u0923<\/h4>\n<ol>\n<li>\u0938\u0941\u091d\u093e\u0935\u0939\u0930\u0942<\/li>\n<li>Almuerzo<\/li>\n<\/ol>\n<h3><em>\u092a\u094d\u0930\u0938\u094d\u0925\u093e\u0928 \u0930 \u092b\u093f\u0930\u094d\u0924\u093e<\/em><\/h3>\n<p>\u092c\u0941\u0915\u093f\u0902\u0917 \u092a\u094d\u0930\u0915\u094d\u0930\u093f\u092f\u093e \u092a\u091b\u093f \u092f\u093e\u0924\u094d\u0930\u0940\u0932\u0947 \u092c\u0948\u0920\u0915 \u092c\u093f\u0928\u094d\u0926\u0941 \u092a\u094d\u0930\u093e\u092a\u094d\u0924 \u0917\u0930\u094d\u0928\u0947\u091b\u0964 \u092d\u094d\u0930\u092e\u0923\u0939\u0930\u0942 \u0939\u093e\u092e\u094d\u0930\u094b \u092c\u0948\u0920\u0915 \u092c\u093f\u0928\u094d\u0926\u0941\u0939\u0930\u0942\u092e\u093e \u0938\u0941\u0930\u0941 \u0930 \u0905\u0928\u094d\u0924\u094d\u092f \u0939\u0941\u0928\u094d\u091b\u0964<\/p>\n<h3><em>\u0915\u0947 \u0906\u0936\u093e \u0917\u0930\u094d\u0928\u0941?<\/em><\/h3>\n<p>Imagine que se eleva 150 pies en el aire, el viento fresco acaricia su rostro mientras se relaja con una vista espectacular de la costa de B\u00e1varo &#8211; Punta Cana. Deja de imaginar y \u00fanete a nosotros en el emocionante viaje real, una experiencia verdaderamente inolvidable. Solo necesita protector solar y traje de ba\u00f1o, mientras disfruta de la emoci\u00f3n del viaje. Vuela con la principal compa\u00f1\u00eda de parasail de la Rep\u00fablica Dominicana. Con m\u00e1s de 60,000 vuelos desde 2001, nuestros capitanes y tripulaci\u00f3n calificados se encuentran entre los m\u00e1s experimentados en el negocio.<\/p>\n<p><strong>Calendario:<\/strong><\/p>\n<p>7:00 AM &#8211; 7:00 PM &#8230; Cambio de hora dependiendo de d\u00f3nde se encuentre en Punta Cana.<\/p>\n<h3><em>\u0924\u092a\u093e\u0908\u0902\u0932\u0947 \u0915\u0947 \u0932\u094d\u092f\u093e\u0909\u0928\u0941 \u092a\u0930\u094d\u091b?<\/em><\/h3>\n<ul>\n<li>\u0915\u094d\u092f\u093e\u092e\u0947\u0930\u093e<\/li>\n<li>\u0935\u093f\u0915\u0930\u094d\u0937\u0915\u0939\u0930\u0942<\/li>\n<li>\u0938\u0928\u0938\u094d\u0915\u094d\u0930\u093f\u0928<\/li>\n<li>\u091f\u094b\u092a\u0940<\/li>\n<li>\u0906\u0930\u093e\u092e\u0926\u093e\u092f\u0915 \u092a\u094d\u092f\u093e\u0928\u094d\u091f<\/li>\n<li>\u0935\u0928 \u092a\u0948\u0926\u0932 \u092f\u093e\u0924\u094d\u0930\u093e \u091c\u0942\u0924\u093e<\/li>\n<li>\u0938\u092e\u0941\u0926\u094d\u0930 \u0924\u091f\u092e\u093e \u0938\u094d\u092f\u093e\u0928\u094d\u0921\u0932<\/li>\n<li>\u0938\u094d\u0935\u093f\u092e\u0938\u0942\u091f<\/li>\n<li>Efectivo para souvenirs<\/li>\n<\/ul>\n<h3><em>\u0939\u094b\u091f\u0932 \u092a\u093f\u0915\u0905\u092a<\/em><\/h3>\n<p>\u00a1Se ofrece recogida de viajeros!<\/p>\n<p>Recogemos de todos los hoteles en Punta Cana. La ubicaci\u00f3n de recogida es el vest\u00edbulo del hotel<br \/>\nSi se hospeda en un condominio en el \u00e1rea, lo recogeremos en el condominio o en la entrada del resort m\u00e1s cercano. Configuramos Recoger contactando con nosotros por Whatsapp.<\/p>\n<p><strong>\u0928\u094b\u091f:<\/strong> Si realiza la reserva dentro de las 24 horas del horario de salida del tour \/ excursi\u00f3n, podemos organizar la recogida en el hotel. Una vez que se complete su compra, le enviaremos informaci\u00f3n de contacto completa (n\u00famero de tel\u00e9fono, direcci\u00f3n de correo electr\u00f3nico, etc.) para que nuestro gu\u00eda tur\u00edstico local organice los arreglos de recogida.<\/p>\n<h3><em>\u0905\u0924\u093f\u0930\u093f\u0915\u094d\u0924 \u091c\u093e\u0928\u0915\u093e\u0930\u0940 \u0915\u094b \u092a\u0941\u0937\u094d\u091f\u093f<\/em><\/h3>\n<ul>\n<li>\u091f\u093f\u0915\u091f\u0939\u0930\u0942 \u092f\u0938 \u092d\u094d\u0930\u092e\u0923\u0915\u094b \u0932\u093e\u0917\u093f \u092d\u0941\u0915\u094d\u0924\u093e\u0928 \u0917\u0930\u0947\u092a\u091b\u093f\u0915\u094b \u0930\u0938\u093f\u0926 \u0939\u0941\u0928\u094d\u0964 \u0924\u092a\u093e\u0908\u0902\u0932\u0947 \u0906\u092b\u094d\u0928\u094b \u092b\u094b\u0928\u092e\u093e \u092d\u0941\u0915\u094d\u0924\u093e\u0928\u0940 \u0926\u0947\u0916\u093e\u0909\u0928 \u0938\u0915\u094d\u0928\u0941\u0939\u0941\u0928\u094d\u091b\u0964<\/li>\n<li>\u092c\u0948\u0920\u0915 \u092c\u093f\u0928\u094d\u0926\u0941 \u0906\u0930\u0915\u094d\u0937\u0923 \u092a\u094d\u0930\u0915\u094d\u0930\u093f\u092f\u093e \u092a\u091b\u093f \u092a\u094d\u0930\u093e\u092a\u094d\u0924 \u0939\u0941\u0928\u0947\u091b\u0964<\/li>\n<li>\u092c\u091a\u094d\u091a\u093e\u0939\u0930\u0941 \u090f\u0915 \u0935\u092f\u0938\u094d\u0915 \u0938\u0902\u0917 \u0939\u0941\u0928\u0941\u092a\u0930\u094d\u091b\u0964<\/li>\n<li>Accesible a silla de ruedas<\/li>\n<li>Los infantes deben sentarse en un asiento para beb\u00e9s o con un adulto<\/li>\n<li>\u0905\u0927\u093f\u0915\u093e\u0902\u0936 \u092f\u093e\u0924\u094d\u0930\u0941\u0939\u0930\u0942\u0932\u0947 \u092d\u093e\u0917 \u0932\u093f\u0928 \u0938\u0915\u094d\u091b\u0928\u094d\u0964<\/li>\n<\/ul>\n<h3><em>\u0930\u0926\u094d\u0926 \u0917\u0930\u094d\u0928\u0947 \u0928\u0940\u0924\u093f<\/em><\/h3>\n<p>\u092a\u0942\u0930\u094d\u0923 \u092b\u093f\u0930\u094d\u0924\u093e\u0915\u094b \u0932\u093e\u0917\u093f, \u0905\u0928\u0941\u092d\u0935 \u0938\u0941\u0930\u0941 \u0939\u0941\u0928\u0947 \u092e\u093f\u0924\u093f \u092d\u0928\u094d\u0926\u093e \u0915\u092e\u094d\u0924\u093f\u092e\u093e 24 \u0918\u0923\u094d\u091f\u093e \u0905\u0918\u093f \u0930\u0926\u094d\u0926 \u0917\u0930\u094d\u0928\u0941\u0939\u094b\u0938\u094d\u0964<\/p>\n\n\t\t<\/div>\n\t<\/div>\n<\/div><\/div><\/div><\/div><div class=\"vc_row wpb_row vc_row-fluid\" ><div class=\"wpb_column vc_column_container vc_col-sm-12\"><div class=\"vc_column-inner\"><div class=\"wpb_wrapper\"><div class=\"vc_empty_space\"   style=\"height: 32px\"><span class=\"vc_empty_space_inner\"><\/span><\/div>\n\t<div class=\"wpb_text_column wpb_content_element\" >\n\t\t<div class=\"wpb_wrapper\">\n\t\t\t<h4>\u0939\u093e\u092e\u0940\u0932\u093e\u0908 \u0938\u092e\u094d\u092a\u0930\u094d\u0915 \u0917\u0930\u094d\u0928\u0941\u0939\u094b\u0938<\/h4>\n<h5>\u0938\u093e\u0939\u0938\u093f\u0915 \u0906\u0930\u0915\u094d\u0937\u0923<\/h5>\n<p><em>\u091f\u0942\u0930 \u0917\u093e\u0907\u0921\u0939\u0930\u0942 <strong>locales<\/strong> \u0930 <strong>\u0930\u093e\u0937\u094d\u091f\u094d\u0930\u093f\u092f<\/strong> \u0930 \u0905\u0924\u093f\u0925\u093f \u0938\u0947\u0935\u093e\u0939\u0930\u0942<\/em><\/p>\n<p>\u0906\u0930\u0915\u094d\u0937\u0923\u0939\u0930\u0942: \u0921\u094b\u092e\u092e\u093e \u092d\u094d\u0930\u092e\u0923 \u0930 \u092d\u094d\u0930\u092e\u0923\u0939\u0930\u0942\u0964 \u092a\u094d\u0930\u0924\u093f\u0928\u093f\u0927\u093f\u0964<\/p>\n<p>Tel\/Whatsapp +1-809-720-6035\u0964<\/p>\n<p>info@bookingadventures.com.do<\/p>\n<p>\u0939\u093e\u092e\u0940 Whatsapp: +18097206035 \u0926\u094d\u0935\u093e\u0930\u093e \u0932\u091a\u093f\u0932\u094b \u0915\u0928\u094d\u092b\u093f\u0917\u0930\u0947\u0938\u0928\u0915\u094b \u0938\u093e\u0925 \u0928\u093f\u091c\u0940 \u092d\u094d\u0930\u092e\u0923\u0939\u0930\u0942 \u0917\u0930\u094d\u091b\u094c\u0902\u0964<\/p>\n\n\t\t<\/div>\n\t<\/div>\n<div class=\"vc_empty_space\"   style=\"height: 32px\"><span class=\"vc_empty_space_inner\"><\/span><\/div><\/div><\/div><\/div><\/div>","protected":false},"excerpt":{"rendered":"<p>Parasailing en Punta Cana es una aventura incre\u00edble y una de las mejores cosas que hacer en Punta Cana. La costa desde 200 pies en el aire, mientras navegas, es absolutamente impresionante.<\/p>\n<p>Parasailing es una experiencia simple y divertida para todos los miembros de la familia. Como la principal compa\u00f1\u00eda de parasail y aventura en la Rep\u00fablica Dominicana, nuestro equipo de paravelismo se encuentra entre los m\u00e1s experimentados en Punta Cana, con m\u00e1s de 16 a\u00f1os de experiencia en vuelos. Puede disfrutar de unos 15 minutos de vuelo mientras disfruta de la hermosa vista panor\u00e1mica.<\/p>\n<p><strong>\u0915\u0943\u092a\u092f\u093e \u092d\u094d\u0930\u092e\u0923\u0915\u094b \u0932\u093e\u0917\u093f \u092e\u093f\u0924\u093f \u091a\u092f\u0928 \u0917\u0930\u094d\u0928\u0941\u0939\u094b\u0938\u094d:<\/strong><\/p>","protected":false},"featured_media":451,"template":"","meta":[],"product_brand":[],"product_cat":[359,305,122,443,259],"product_tag":[167,360,361,141,362,228,171],"class_list":{"0":"post-600","1":"product","2":"type-product","3":"status-publish","4":"has-post-thumbnail","6":"product_cat-parasaling","7":"product_cat-tours-and-excursion-punta-cana","8":"product_cat-tours-and-excursions","9":"product_cat-tours-y-excursiones-es","10":"product_cat-tours-excursions-punta-cana-dominican-republic","11":"product_tag-catamaran","12":"product_tag-parasail-punta-cana","13":"product_tag-parasailing-in-punta-cana","14":"product_tag-punta-cana","15":"product_tag-punta-cana-catamaran-party-with-snorkeling-and-parasailing","16":"product_tag-punta-cana-tours","17":"product_tag-saona-island","19":"first","20":"instock","21":"sale","22":"featured","23":"sold-individually","24":"shipping-taxable","25":"product-type-external"},"_links":{"self":[{"href":"https:\/\/visitaloshaitises.com\/ne\/wp-json\/wp\/v2\/product\/600","targetHints":{"allow":["GET"]}}],"collection":[{"href":"https:\/\/visitaloshaitises.com\/ne\/wp-json\/wp\/v2\/product"}],"about":[{"href":"https:\/\/visitaloshaitises.com\/ne\/wp-json\/wp\/v2\/types\/product"}],"wp:featuredmedia":[{"embeddable":true,"href":"https:\/\/visitaloshaitises.com\/ne\/wp-json\/wp\/v2\/media\/451"}],"wp:attachment":[{"href":"https:\/\/visitaloshaitises.com\/ne\/wp-json\/wp\/v2\/media?parent=600"}],"wp:term":[{"taxonomy":"product_brand","embeddable":true,"href":"https:\/\/visitaloshaitises.com\/ne\/wp-json\/wp\/v2\/product_brand?post=600"},{"taxonomy":"product_cat","embeddable":true,"href":"https:\/\/visitaloshaitises.com\/ne\/wp-json\/wp\/v2\/product_cat?post=600"},{"taxonomy":"product_tag","embeddable":true,"href":"https:\/\/visitaloshaitises.com\/ne\/wp-json\/wp\/v2\/product_tag?post=600"}],"curies":[{"name":"wp","href":"https:\/\/api.w.org\/{rel}","templated":true}]}}