{"id":11645,"date":"2023-10-04T07:39:47","date_gmt":"2023-10-04T07:39:47","guid":{"rendered":"https:\/\/haitises.com\/?post_type=product&#038;p=11645"},"modified":"2024-04-01T15:15:40","modified_gmt":"2024-04-01T15:15:40","slug":"samana-cayo-levantado-bacardi-island-and-whale-watching-from-miches-in-catamaran-3","status":"publish","type":"product","link":"https:\/\/visitaloshaitises.com\/ne\/private\/samana-cayo-levantado-bacardi-island-and-whale-watching-from-miches-in-catamaran-3\/","title":{"rendered":"Saman\u00e1 Cayo Levantado (Bacardi Island) and Whale Watching from Miches in Catamaran"},"content":{"rendered":"<div class=\"vc_row wpb_row vc_row-fluid\" ><div class=\"wpb_column vc_column_container vc_col-sm-12\"><div class=\"vc_column-inner\"><div class=\"wpb_wrapper\">\n\t<div class=\"wpb_text_column wpb_content_element\" >\n\t\t<div class=\"wpb_wrapper\">\n\t\t\t<p><span style=\"vertical-align: inherit;\"><span style=\"vertical-align: inherit;\"><\/p>\n\n\t\t<\/div>\n\t<\/div>\n<\/div><\/div><\/div><\/div><div class=\"vc_row wpb_row vc_row-fluid\" ><\/div><div class=\"wpb_column vc_column_container vc_col-sm-12\"><div class=\"vc_column-inner\"><div class=\"wpb_wrapper\"><\/div><\/div><\/div><div class=\"vc_row wpb_row vc_row-fluid\" ><\/div><div class=\"wpb_column vc_column_container vc_col-sm-12\"><div class=\"vc_column-inner\"><div class=\"wpb_wrapper\"><div class=\"vc_btn3-container vc_btn3-inline\" ><button class=\"vc_general vc_btn3 vc_btn3-size-md vc_btn3-shape-rounded vc_btn3-style-modern vc_btn3-color-green\">\u0905\u0939\u093f\u0932\u0947 \u092c\u0941\u0915 \u0917\u0930\u094d\u0928\u0941\u0939\u094b\u0938\u094d<\/button><\/div><\/div><\/div><\/div><div class=\"mkdf-section-title-holder\" style=\"text-align: left\">\n\t<div class=\"mkdf-st-inner\">\n\t\t\t\t\t\t\t<h3 class=\"mkdf-st-title\" >\n\t\t\t\tCayo Levantado + Avistamiento de ballenas de Miches en catamar\u00e1n\t\t\t<\/h3>\n\t\t\t\t\t<\/div>\n<\/div><div class=\"vc_empty_space\"   style=\"height: 32px\"><span class=\"vc_empty_space_inner\"><\/span><\/div>\n\t<div class=\"wpb_text_column wpb_content_element\" >\n\t\t<div class=\"wpb_wrapper\">\n\t\t\t<p>\u00a0<\/span><\/span><\/p>\n<div class=\"vc_empty_space\"><\/div>\n<div class=\"wpb_text_column wpb_content_element\">\n<div class=\"wpb_wrapper\">\n<div class=\"vc_row wpb_row vc_row-fluid\">\n<div class=\"wpb_column vc_column_container vc_col-sm-12\">\n<div class=\"vc_column-inner\">\n<div class=\"wpb_wrapper\">\n<div class=\"wpb_text_column wpb_content_element\">\n<div class=\"wpb_wrapper\">\n<div class=\"vc_row wpb_row vc_row-fluid\">\n<div class=\"wpb_column vc_column_container vc_col-sm-12\">\n<div class=\"vc_column-inner\">\n<div class=\"wpb_wrapper\">\n<div class=\"wpb_text_column wpb_content_element\">\n<div class=\"wpb_wrapper\">\n<h4><a id=\"overview\" class=\"aal_anchor\" href=\"https:\/\/boattoursamana.com\/tour\/samana-cayo-levantado-bacardi-island-and-whale-watching-from-miches-in-catamaran\/#overview\" aria-hidden=\"true\" target=\"_blank\" rel=\"noopener\"><\/a><b><i>\u0905\u0935\u0932\u094b\u0915\u0928<\/i><\/b><\/h4>\n<p>Whale watching in Saman\u00e1 bay starting from Miches port in Catamaran.\u00a0 This Trip starts at 9:00 Am and Finishes at 5:00 Pm. Meeting before in Our port at Miches. After aborting our Catamaran or Boat to visit the Whales in their own habitat.<\/p>\n<p>From 9:00 Am until 12:00-noon Whale watching observatory and After this Whale trip we will visit Bacardi Island \/ Cayo Levantado. In Bacardi Island, Lunch Buffet from typical Dominican Style will be provided. When lunch is finished you are allowed to swim until 4:30 pm. Tour will be finished at 5:00 pm at the same port where it will start.<\/p>\n<p>Note: This tour is Not Private.<strong>\u00a0For a Private tour please Contact us.<\/strong><\/p>\n<ul>\n<li>\u0935\u094d\u0939\u0947\u0932 \u0939\u0947\u0930\u094d\u0926\u0948 \u092f\u093e\u0924\u094d\u0930\u093e<\/li>\n<li>\u0935\u0947\u0927\u0936\u093e\u0932\u093e\u092e\u093e \u092a\u094d\u0930\u0935\u0947\u0936 \u0936\u0941\u0932\u094d\u0915<\/li>\n<li>\u0938\u092e\u0941\u0926\u094d\u0930 \u0924\u091f \u092e\u093e \u092c\u0941\u092b\u0947 \u0932\u0902\u091a \u0938\u092e\u093e\u0935\u0947\u0936 \u091b<\/li>\n<li>\u0921\u0941\u0919\u094d\u0917\u093e \u0938\u094d\u0925\u093e\u0928\u093e\u0928\u094d\u0924\u0930\u0923<\/li>\n<li>\u0915\u092a\u094d\u0924\u093e\u0928\u0932\u0947 \u0928\u093f\u0930\u094d\u0926\u0947\u0936\u0928 \u0930 \u092a\u0930\u094d\u092f\u0935\u0947\u0915\u094d\u0937\u0923 \u092a\u094d\u0930\u0926\u093e\u0928 \u0917\u0930\u094d\u0926\u091b<\/li>\n<li>\u091f\u0942\u0930 \u0917\u093e\u0907\u0921<\/li>\n<\/ul>\n<p>&nbsp;<\/p>\n<h4><a id=\"inclusions-exclusions\" class=\"aal_anchor\" href=\"https:\/\/boattoursamana.com\/tour\/samana-cayo-levantado-bacardi-island-and-whale-watching-from-miches-in-catamaran\/#inclusions-exclusions\" aria-hidden=\"true\" target=\"_blank\" rel=\"noopener\"><\/a><b>\u0938\u092e\u093e\u0935\u0947\u0936 \u0930 \u092c\u0939\u093f\u0937\u094d\u0915\u0930\u0923<\/b><\/h4>\n<p>&nbsp;<\/p>\n<p><b>\u0938\u092e\u093e\u0935\u0947\u0936\u0939\u0930\u0942<\/b><\/p>\n<p>&nbsp;<\/p>\n<ol>\n<li>\u0938\u092e\u0941\u0926\u094d\u0930 \u0924\u091f \u092e\u093e \u092c\u0941\u092b\u0947 \u0932\u0902\u091a<\/li>\n<li>Whale watching<\/li>\n<li>\u091f\u0942\u0930 \u0917\u093e\u0907\u0921<\/li>\n<li>Catamaran \u0935\u093e \u0921\u0941\u0919\u094d\u0917\u093e \u092f\u093e\u0924\u094d\u0930\u093e<\/li>\n<li>\u0938\u092c\u0948 \u0915\u0930, \u0936\u0941\u0932\u094d\u0915 \u0930 \u0939\u094d\u092f\u093e\u0928\u094d\u0921\u0932\u093f\u0902\u0917 \u0936\u0941\u0932\u094d\u0915\u0939\u0930\u0942<\/li>\n<li>\u0938\u094d\u0925\u093e\u0928\u0940\u092f \u0915\u0930<\/li>\n<li>\u092a\u0947\u092f \u092a\u0926\u093e\u0930\u094d\u0925<\/li>\n<li>\u092e\u093e\u0926\u0915 \u092a\u0947\u092f\u0939\u0930\u0942<\/li>\n<\/ol>\n<p><b>\u092c\u0939\u093f\u0937\u094d\u0915\u0930\u0923<\/b><\/p>\n<ol>\n<li>\u0909\u092a\u0926\u093e\u0928<\/li>\n<li>\u0915\u093e\u0930 \u0938\u094d\u0925\u093e\u0928\u093e\u0928\u094d\u0924\u0930\u0923 \u0917\u0930\u094d\u0928\u0941\u0939\u094b\u0938\u094d<\/li>\n<\/ol>\n<p>&nbsp;<\/p>\n<h4><a id=\"departure-return\" class=\"aal_anchor\" href=\"https:\/\/boattoursamana.com\/tour\/samana-cayo-levantado-bacardi-island-and-whale-watching-from-miches-in-catamaran\/#departure-return\" aria-hidden=\"true\" target=\"_blank\" rel=\"noopener\"><\/a><em><strong>\u092a\u094d\u0930\u0938\u094d\u0925\u093e\u0928 \u0930 \u092b\u093f\u0930\u094d\u0924\u093e<\/strong><\/em><\/h4>\n<p>The traveler will get a meeting point after the Reservation Process. Tours start and Finish in our meeting points.<\/p>\n<p>&nbsp;<\/p>\n<h4><a id=\"what-to-expect\" class=\"aal_anchor\" href=\"https:\/\/boattoursamana.com\/tour\/samana-cayo-levantado-bacardi-island-and-whale-watching-from-miches-in-catamaran\/#what-to-expect\" aria-hidden=\"true\" target=\"_blank\" rel=\"noopener\"><\/a><b><i>\u0915\u0947 \u0906\u0936\u093e \u0917\u0930\u094d\u0928\u0941?<\/i><\/b><\/h4>\n<p>&nbsp;<\/p>\n<p><em><strong>\u0906\u092b\u094d\u0928\u094b \u091f\u093f\u0915\u091f \u092a\u093e\u0909\u0928\u0941\u0939\u094b\u0938\u094d<\/strong><\/em>\u00a0for a day Whale Watching tour in Saman\u00e1 bay starting from Miches in Catamaran with local drinks plus a wonderful lunch and beach time.<\/p>\n<p>The Daypass for whale watching, organized by \u201cBooking Adventures\u201d starts at the meeting point set with the Tour Guide. Lunch at the beach and you can stay as long as you want swimming around. If you are Vegan we also can set some food for you.<\/p>\n<p><strong>\u0938\u092e\u092f\u0924\u093e\u0932\u093f\u0915\u093e:<\/strong><\/p>\n<p>8:45 AM \u2013 5:00 PM<\/p>\n<p>&nbsp;<\/p>\n<h4><a id=\"what-you-should-bring\" class=\"aal_anchor\" href=\"https:\/\/boattoursamana.com\/tour\/samana-cayo-levantado-bacardi-island-and-whale-watching-from-miches-in-catamaran\/#what-you-should-bring\" aria-hidden=\"true\" target=\"_blank\" rel=\"noopener\"><\/a><em><strong>\u0924\u092a\u093e\u0908\u0902\u0932\u0947 \u0915\u0947 \u0932\u094d\u092f\u093e\u0909\u0928\u0941 \u092a\u0930\u094d\u091b?<\/strong><\/em><\/h4>\n<ul>\n<li>\u0915\u094d\u092f\u093e\u092e\u0947\u0930\u093e<\/li>\n<li>\u0935\u093f\u0915\u0930\u094d\u0937\u0915 \u0915\u0932\u093f\u092f\u094b\u0902<\/li>\n<li>\u0938\u0942\u0930\u094d\u092f \u0915\u094d\u0930\u0940\u092e<\/li>\n<li>\u091f\u094b\u092a\u0940<\/li>\n<li>\u0906\u0930\u093e\u092e\u0926\u093e\u092f\u0915 \u092a\u094d\u092f\u093e\u0928\u094d\u091f<\/li>\n<li>\u0938\u092e\u0941\u0926\u094d\u0930 \u0924\u091f\u092e\u093e \u0938\u094d\u092f\u093e\u0928\u094d\u0921\u0932<\/li>\n<li>\u092a\u094c\u0921\u0940 \u0916\u0947\u0932\u094d\u0928\u0947 \u0932\u0941\u0917\u093e<\/li>\n<li>Cash for souvenirs<\/li>\n<\/ul>\n<p>&nbsp;<\/p>\n<h4><a id=\"hotel-pickup\" class=\"aal_anchor\" href=\"https:\/\/boattoursamana.com\/tour\/samana-cayo-levantado-bacardi-island-and-whale-watching-from-miches-in-catamaran\/#hotel-pickup\" aria-hidden=\"true\" target=\"_blank\" rel=\"noopener\"><\/a><b><i>\u0939\u094b\u091f\u0932 \u092a\u093f\u0915\u0905\u092a<\/i><\/b><\/h4>\n<p>\u092f\u0938 \u092d\u094d\u0930\u092e\u0923\u0915\u094b \u0932\u093e\u0917\u093f \u0939\u094b\u091f\u0932 \u092a\u093f\u0915\u0905\u092a \u092a\u094d\u0930\u0938\u094d\u0924\u093e\u0935 \u0917\u0930\u093f\u090f\u0915\u094b \u091b\u0948\u0928\u0964<\/p>\n<p>&nbsp;<\/p>\n<p><b>\u0928\u094b\u091f:<\/b>\u00a0\u092f\u0926\u093f \u0924\u092a\u093e\u0907\u0901 \u092d\u094d\u0930\u092e\u0923 \/ \u092d\u094d\u0930\u092e\u0923 \u092a\u094d\u0930\u0938\u094d\u0925\u093e\u0928 \u0938\u092e\u092f\u0915\u094b 24 \u0918\u0923\u094d\u091f\u093e \u092d\u093f\u0924\u094d\u0930 \u092c\u0941\u0915 \u0917\u0930\u093f\u090f\u0915\u094b \u091b \u092d\u0928\u0947, \u0939\u093e\u092e\u0940 \u0905\u0924\u093f\u0930\u093f\u0915\u094d\u0924 \u0936\u0941\u0932\u094d\u0915 \u0938\u0902\u0917 \u0939\u094b\u091f\u0932 \u092a\u093f\u0915 \u0905\u092a \u0915\u094b \u0935\u094d\u092f\u0935\u0938\u094d\u0925\u093e \u0917\u0930\u094d\u0928 \u0938\u0915\u094d\u091b\u094c\u0902\u0964 \u0924\u092a\u093e\u0908\u0902\u0915\u094b \u0916\u0930\u093f\u0926 \u092a\u0942\u0930\u093e \u092d\u090f\u092a\u091b\u093f, \u0939\u093e\u092e\u0940 \u0924\u092a\u093e\u0908\u0902\u0932\u093e\u0908 \u092a\u093f\u0915\u0905\u092a \u092a\u094d\u0930\u092c\u0928\u094d\u0927\u0939\u0930\u0942 \u0935\u094d\u092f\u0935\u0938\u094d\u0925\u093f\u0924 \u0917\u0930\u094d\u0928 \u0939\u093e\u092e\u094d\u0930\u094b \u0938\u094d\u0925\u093e\u0928\u0940\u092f \u091f\u0941\u0930 \u0917\u093e\u0907\u0921\u0915\u094b \u0932\u093e\u0917\u093f \u092a\u0942\u0930\u094d\u0923 \u0938\u092e\u094d\u092a\u0930\u094d\u0915 \u091c\u093e\u0928\u0915\u093e\u0930\u0940 (\u092b\u094b\u0928 \u0928\u092e\u094d\u092c\u0930, \u0907\u092e\u0947\u0932 \u0920\u0947\u0917\u093e\u0928\u093e, \u0906\u0926\u093f) \u092a\u0920\u093e\u0909\u0928\u0947\u091b\u094c\u0902\u0964<\/p>\n<h4><a id=\"additional-info-confirmation\" class=\"aal_anchor\" href=\"https:\/\/boattoursamana.com\/tour\/samana-cayo-levantado-bacardi-island-and-whale-watching-from-miches-in-catamaran\/#additional-info-confirmation\" aria-hidden=\"true\" target=\"_blank\" rel=\"noopener\"><\/a><b><i>\u0905\u0924\u093f\u0930\u093f\u0915\u094d\u0924 \u091c\u093e\u0928\u0915\u093e\u0930\u0940 \u092a\u0941\u0937\u094d\u091f\u093f\u0915\u0930\u0923<\/i><\/b><\/h4>\n<ol>\n<li>\u091f\u093f\u0915\u091f\u0939\u0930\u0942 \u092f\u094b \u092d\u094d\u0930\u092e\u0923 \u092d\u0941\u0915\u094d\u0924\u093e\u0928 \u092a\u091b\u093f \u0930\u0938\u093f\u0926 \u0939\u094b\u0964 \u0924\u092a\u093e\u0908\u0902\u0932\u0947 \u0906\u092b\u094d\u0928\u094b \u092b\u094b\u0928\u092e\u093e \u092d\u0941\u0915\u094d\u0924\u093e\u0928\u0940 \u0926\u0947\u0916\u093e\u0909\u0928 \u0938\u0915\u094d\u0928\u0941\u0939\u0941\u0928\u094d\u091b\u0964<\/li>\n<li>\u0906\u0930\u0915\u094d\u0937\u0923 \u092a\u094d\u0930\u0915\u094d\u0930\u093f\u092f\u093e \u092a\u091b\u093f \u092c\u0948\u0920\u0915 \u092c\u093f\u0928\u094d\u0926\u0941 \u092a\u094d\u0930\u093e\u092a\u094d\u0924 \u0939\u0941\u0928\u0947\u091b\u0964<\/li>\n<li>\u092c\u091a\u094d\u091a\u093e\u0939\u0930\u0941 \u090f\u0915 \u0935\u092f\u0938\u094d\u0915 \u0938\u0902\u0917 \u0939\u0941\u0928\u0941\u092a\u0930\u094d\u091b\u0964<\/li>\n<li>\u0935\u094d\u0939\u0940\u0932\u091a\u0947\u092f\u0930 \u092a\u0939\u0941\u0901\u091a\u092f\u094b\u0917\u094d\u092f<\/li>\n<li>\u0936\u093f\u0936\u0941\u0939\u0930\u0942 \u0915\u093e\u0916\u092e\u093e \u092c\u0938\u094d\u0928\u0941 \u092a\u0930\u094d\u091b<\/li>\n<li>\u0905\u0927\u093f\u0915\u093e\u0902\u0936 \u092f\u093e\u0924\u094d\u0930\u0941\u0939\u0930\u0942\u0932\u0947 \u092d\u093e\u0917 \u0932\u093f\u0928 \u0938\u0915\u094d\u091b\u0928\u094d<\/li>\n<\/ol>\n<h4><a id=\"cancellation-policy\" class=\"aal_anchor\" href=\"https:\/\/boattoursamana.com\/tour\/samana-cayo-levantado-bacardi-island-and-whale-watching-from-miches-in-catamaran\/#cancellation-policy\" aria-hidden=\"true\" target=\"_blank\" rel=\"noopener\"><\/a><b><i>\u0930\u0926\u094d\u0926 \u0917\u0930\u094d\u0928\u0947 \u0928\u0940\u0924\u093f<\/i><\/b><\/h4>\n<p>\u092a\u0942\u0930\u094d\u0923 \u092b\u093f\u0930\u094d\u0924\u093e\u0915\u094b \u0932\u093e\u0917\u093f, \u0905\u0928\u0941\u092d\u0935\u0915\u094b \u0938\u0941\u0930\u0941\u0935\u093e\u0924 \u092e\u093f\u0924\u093f \u092d\u0928\u094d\u0926\u093e \u0915\u092e\u094d\u0924\u093f\u092e\u093e 24 \u0918\u0923\u094d\u091f\u093e \u0905\u0918\u093f \u0930\u0926\u094d\u0926 \u0917\u0930\u094d\u0928\u0941\u0939\u094b\u0938\u094d\u0964<\/p>\n<\/div>\n<\/div>\n<\/div>\n<\/div>\n<\/div>\n<\/div>\n<\/div>\n<\/div>\n<\/div>\n<\/div>\n<\/div>\n<\/div>\n<div class=\"vc_row wpb_row vc_row-fluid\">\n<div class=\"wpb_column vc_column_container vc_col-sm-12\">\n<div class=\"vc_column-inner\">\n<div class=\"wpb_wrapper\">\n<div class=\"vc_empty_space\"><\/div>\n<div class=\"wpb_text_column wpb_content_element\">\n<div class=\"wpb_wrapper\">\n<h4><a id=\"contact-us\" class=\"aal_anchor\" href=\"https:\/\/boattoursamana.com\/tour\/samana-cayo-levantado-bacardi-island-and-whale-watching-from-miches-in-catamaran\/#contact-us\" aria-hidden=\"true\" target=\"_blank\" rel=\"noopener\"><\/a>\u0939\u093e\u092e\u0940\u0932\u093e\u0908 \u0938\u092e\u094d\u092a\u0930\u094d\u0915 \u0917\u0930\u094d\u0928\u0941\u0939\u094b\u0938?<\/h4>\n<h5><\/h5>\n<p><em><strong>\u0938\u094d\u0925\u093e\u0928\u0940\u092f\u0939\u0930\u0942<\/strong>\u00a0\u0930\u00a0<strong>\u0930\u093e\u0937\u094d\u091f\u094d\u0930\u093f\u092f<\/strong>\u00a0\u091f\u0942\u0930 \u0917\u093e\u0907\u0921 \u0930 \u0905\u0924\u093f\u0925\u093f \u0938\u0947\u0935\u093e\u0939\u0930\u0942<\/em><\/p>\n<p><span class=\"text-turquoise\">\u0906\u0930\u0915\u094d\u0937\u0923:<\/span>\u00a0\u0921\u094b\u092e\u092e\u093e \u092d\u094d\u0930\u092e\u0923 \u0930 \u092d\u094d\u0930\u092e\u0923\u0939\u0930\u0942\u0964 \u092a\u094d\u0930\u0924\u093f\u0928\u093f\u0927\u093f\u0964<\/p>\n<p><img decoding=\"async\" class=\"emoji\" title=\"Samana Cayo Levantado (Bacardi Island) and Whale Watching from Miches in Catamaran 1\" draggable=\"false\" src=\"https:\/\/s.w.org\/images\/core\/emoji\/11.2.0\/svg\/1f4de.svg\" alt=\"\ud83d\udcde\" \/> \u091f\u0947\u0932\u093f\u092b\u094b\u0928 \/ \u0935\u094d\u0939\u093e\u091f\u094d\u0938\u090f\u092a <strong><a href=\"tel:+1 (829) 318-9463\">+1 (829) 318-9463.<\/a><\/strong><\/p>\n<p><img decoding=\"async\" class=\"emoji\" title=\"Samana Cayo Levantado (Bacardi Island) and Whale Watching from Miches in Catamaran 2\" draggable=\"false\" src=\"https:\/\/s.w.org\/images\/core\/emoji\/11.2.0\/svg\/1f4e9.svg\" alt=\"\ud83d\udce9\" \/>\u00a0<a href=\"mailto:reservabatour@gmail.com\">reservabatour@gmail.com<\/a><\/p>\n<p><strong>\u0939\u093e\u092e\u0940 \u0935\u094d\u0939\u093e\u091f\u094d\u0938\u090f\u092a \u0926\u094d\u0935\u093e\u0930\u093e \u0928\u093f\u091c\u0940 \u092d\u094d\u0930\u092e\u0923\u0939\u0930\u0942 \u0932\u091a\u093f\u0932\u094b \u0938\u0947\u091f \u0917\u0930\u094d\u0926\u0948\u091b\u094c\u0902:\u00a0<a href=\"tel:+1 (829) 318-9463\">+1 (829) 318-9463.<\/a><\/strong><\/p>\n<\/div>\n<\/div>\n<\/div>\n<\/div>\n<\/div>\n<\/div>\n<\/div>\n<\/div>\n\n\t\t<\/div>\n\t<\/div>\n<div class=\"vc_row wpb_row vc_row-fluid\" ><div class=\"wpb_column vc_column_container vc_col-sm-12\"><div class=\"vc_column-inner\"><div class=\"wpb_wrapper\"><div class=\"vc_btn3-container vc_btn3-inline\" ><button class=\"vc_general vc_btn3 vc_btn3-size-md vc_btn3-shape-rounded vc_btn3-style-modern vc_btn3-color-green\">\u0905\u0939\u093f\u0932\u0947 \u092c\u0941\u0915 \u0917\u0930\u094d\u0928\u0941\u0939\u094b\u0938\u094d<\/button><\/div><\/div><\/div><\/div><\/div>","protected":false},"excerpt":{"rendered":"<p><span style=\"vertical-align: inherit;\"><span style=\"vertical-align: inherit;\">Whale Miches Tours &amp; Excursiones. <\/span><span style=\"vertical-align: inherit;\">Reserve sus boletos para el avistamiento de ballenas en la Bah\u00eda de Saman\u00e1, comenzando desde Miches y visitando Cayo Levantado, tambi\u00e9n conocida como Isla Bacard\u00ed para una aventura con pase de un d\u00eda.<\/span><\/span><\/p>\n<p>&nbsp;<\/p>\n<p><em><strong><span style=\"vertical-align: inherit;\"><span style=\"vertical-align: inherit;\">\u092d\u094d\u0930\u092e\u0923\u0915\u094b \u092e\u093f\u0924\u093f \u091a\u092f\u0928 \u0917\u0930\u094d\u0928\u0941\u0939\u094b\u0938\u094d:<\/span><\/span><\/strong><\/em><\/p>","protected":false},"featured_media":11103,"template":"","meta":[],"product_brand":[],"product_cat":[124,588],"product_tag":[269,270,271,272,273,234,236,274,275,276],"class_list":{"0":"post-11645","1":"product","2":"type-product","3":"status-publish","4":"has-post-thumbnail","6":"product_cat-tours-excursions-samana-bay-dominican-republic","7":"product_cat-whale-watching-miches","8":"product_tag-miches-whale-watching","9":"product_tag-samana-dominican-republic","10":"product_tag-samana-whale-watching","11":"product_tag-samana-whale-watching-price","12":"product_tag-things-to-do-in-dominican-republic","13":"product_tag-whale-samana","14":"product_tag-whale-watching-dominican-republic","15":"product_tag-whale-watching-miches","16":"product_tag-whale-watching-miches-dominican-republic","17":"product_tag-when-to-see-whales-dominican-republic","19":"first","20":"instock","21":"sale","22":"shipping-taxable","23":"product-type-external"},"_links":{"self":[{"href":"https:\/\/visitaloshaitises.com\/ne\/wp-json\/wp\/v2\/product\/11645","targetHints":{"allow":["GET"]}}],"collection":[{"href":"https:\/\/visitaloshaitises.com\/ne\/wp-json\/wp\/v2\/product"}],"about":[{"href":"https:\/\/visitaloshaitises.com\/ne\/wp-json\/wp\/v2\/types\/product"}],"wp:featuredmedia":[{"embeddable":true,"href":"https:\/\/visitaloshaitises.com\/ne\/wp-json\/wp\/v2\/media\/11103"}],"wp:attachment":[{"href":"https:\/\/visitaloshaitises.com\/ne\/wp-json\/wp\/v2\/media?parent=11645"}],"wp:term":[{"taxonomy":"product_brand","embeddable":true,"href":"https:\/\/visitaloshaitises.com\/ne\/wp-json\/wp\/v2\/product_brand?post=11645"},{"taxonomy":"product_cat","embeddable":true,"href":"https:\/\/visitaloshaitises.com\/ne\/wp-json\/wp\/v2\/product_cat?post=11645"},{"taxonomy":"product_tag","embeddable":true,"href":"https:\/\/visitaloshaitises.com\/ne\/wp-json\/wp\/v2\/product_tag?post=11645"}],"curies":[{"name":"wp","href":"https:\/\/api.w.org\/{rel}","templated":true}]}}