{"id":11312,"date":"2021-08-15T20:08:36","date_gmt":"2021-08-15T20:08:36","guid":{"rendered":"https:\/\/haitises.com\/?post_type=product&#038;p=11312"},"modified":"2024-04-10T14:25:59","modified_gmt":"2024-04-10T14:25:59","slug":"birdwatching-in-los-haitises-national-park-2","status":"publish","type":"product","link":"https:\/\/visitaloshaitises.com\/nb\/privat\/birdwatching-in-los-haitises-national-park-2\/","title":{"rendered":"Fugletitting i Los Haitises nasjonalpark"},"content":{"rendered":"<div class=\"vc_row wpb_row vc_row-fluid\" ><div class=\"wpb_column vc_column_container vc_col-sm-12\"><div class=\"vc_column-inner\"><div class=\"wpb_wrapper\">[mkdf_section_title title_tag=\u00bb\u00bb disable_break_words=\u00bbno\u00bb subtitle_tag=\u00bb\u00bb title=\u00bbRidgway&#8217;s Hawk Tour\u00bb subtitle=\u00bbBirding in Los Haitises National Park\u00bb]<\/div><\/div><\/div><\/div><div class=\"vc_row wpb_row vc_row-fluid\" ><div class=\"wpb_column vc_column_container vc_col-sm-12\"><div class=\"vc_column-inner\"><div class=\"wpb_wrapper\">\n\t<div class=\"wpb_text_column wpb_content_element\" >\n\t\t<div class=\"wpb_wrapper\">\n\t\t\t<h4><b><i>Oversikt <\/i><\/b><\/h4>\n<section><\/section>\n<p>We are conserving 110 species of birds which you can find in Los Haitises National Park. Walking through this magical forest in search of parrots, Todys, Ridgway\u2019s Hawks, tanagers, hummingbirds, and much more. Providing interesting History about all these birds which you can see on the Humit trail. We know the spots habitats of Ridgway\u2019s, Ashy Faced Owls and other endemics species. This Tour is focus on nature and is more concentrated in the information about wildlife.<\/p>\n<p><strong>Vanligvis er det en privat tur for en opplevelse av virkelig h\u00f8y kvalitet.<\/strong><\/p>\n<h4><\/h4>\n<h4><b>Inkluderinger og ekskluderinger<\/b><\/h4>\n<p><b>Inkluderinger<\/b><\/p>\n<ol>\n<li style=\"font-weight: 400;\">3 timers fugletur p\u00e5 parkstiene<\/li>\n<li style=\"font-weight: 400;\"><span style=\"font-weight: 400;\">Alle skatter, avgifter og h\u00e5ndteringskostnader<\/span><\/li>\n<li style=\"font-weight: 400;\"><span style=\"font-weight: 400;\">Lokale skatter<\/span><\/li>\n<li style=\"font-weight: 400;\">Tjenestemenn \u00d8kolog reiseledere engelsk\/spansk<\/li>\n<\/ol>\n<p><b> Ekskluderinger<\/b><\/p>\n<ol>\n<li style=\"font-weight: 400;\"><span style=\"font-weight: 400;\">Drikkepenger<\/span><\/li>\n<li style=\"font-weight: 400;\"><span style=\"font-weight: 400;\">Overf\u00f8re<\/span><\/li>\n<li style=\"font-weight: 400;\"><span style=\"font-weight: 400;\">Drikke<\/span><\/li>\n<\/ol>\n<p>&nbsp;<\/p>\n<h4><em><strong>Avreise og retur<\/strong><\/em><\/h4>\n<p><span style=\"font-weight: 400;\">The tour, organized by \u00abBooking Adventures\u00bb starts at the meeting point set with the Tour Guide. The traveler will get a meeting point after the Reservation Process. Tours start and Finished in our meeting points.<\/span><\/p>\n<p>&nbsp;<\/p>\n<h4><b><i>Hva \u00e5 forvente?<\/i><\/b><\/h4>\n<p><em><strong>Skaff deg billett<\/strong><\/em> for fugletitting i Los Haitises nasjonalpark.<\/p>\n<p>Denne ekskursjonen starter fra m\u00f8tepunktet ved \u00e5 g\u00e5 Ridgway-stiene til hekkeomr\u00e5dene. Etter 30 min vandring og sett p\u00e5 Hawks har vi muligheten til \u00e5 fortsette \u00e5 vandre rundt og se etter papeg\u00f8yer, piculets og andre endemiske arter i Los Haitises nasjonalpark.<\/p>\n<p>Los Haitises nasjonalpark har bare to stier for fuglekikking i Sabana de la Mar. P\u00e5 vei til Los Hiatises nasjonalpark stopper vi noen steder for \u00e5 se flere fugler.<\/p>\n<p>Har v\u00e6rt i San Lorenzo Bay. vi vil bes\u00f8ke to grotter, Sadly Cave kalt p\u00e5 spansk Cueva de la Arena; i denne hulen kan vi se petrografene fra Tainos-samfunnene som bodde rundt dette omr\u00e5det. og bruke hulene som et tempel.<\/p>\n<p>Etter det g\u00e5r vi videre til Linea-hulen, denne med 2243 originale piktogrammer, og guiden v\u00e5r forklarer deg informasjonen fra arkeologen om disse piktogrammene.<\/p>\n<p>Ta b\u00e5ten tilbake igjen til Pajaros-\u00f8ya (Birds Island) hvor vi kan se de fleste av v\u00e5tmarksfuglene rundt til Los Haitises nasjonalpark. Bare fordi alle fugler ikke er i vannet.<\/p>\n<p>Etter 4 og en halv time \u00e5 l\u00e6re om fugler i Los Haitises nasjonalpark, ender denne ekskursjonen p\u00e5 samme sted som den startet.<\/p>\n<p><strong>Merk: Disse turene er med reiseledere fra Officials Ecologist. Vennligst bestill i tide fordi i parken er det ikke for mange spesialister.<\/strong><\/p>\n<p>&nbsp;<\/p>\n<h4><em><strong>Hva b\u00f8r du ta med?<\/strong><\/em><\/h4>\n<ul>\n<li style=\"font-weight: 400;\"><span style=\"font-weight: 400;\">kamera<\/span><\/li>\n<li>Kikkert<\/li>\n<li style=\"font-weight: 400;\"><span style=\"font-weight: 400;\">Avvisende knopper<\/span><\/li>\n<li style=\"font-weight: 400;\"><span style=\"font-weight: 400;\">solkrem<\/span><\/li>\n<li style=\"font-weight: 400;\"><span style=\"font-weight: 400;\">Hatt<\/span><\/li>\n<li style=\"font-weight: 400;\"><span style=\"font-weight: 400;\">Komfortable bukser<\/span><\/li>\n<li style=\"font-weight: 400;\"><span style=\"font-weight: 400;\">Tursko for skog<\/span><\/li>\n<li style=\"font-weight: 400;\"><span style=\"font-weight: 400;\">Sandaler til v\u00e5romr\u00e5dene.<\/span><\/li>\n<li style=\"font-weight: 400;\"><span style=\"font-weight: 400;\">Badet\u00f8y<\/span><\/li>\n<\/ul>\n<p>&nbsp;<\/p>\n<h4><b><i>Hotellhenting <\/i><\/b><\/h4>\n<p><span style=\"font-weight: 400;\">Hotellhenting tilbys ikke for denne turen. <\/span><\/p>\n<p>&nbsp;<\/p>\n<p><b>Merk:<\/b><span style=\"font-weight: 400;\"> Hvis du er bestilt innen 24 timer etter turens\/utfluktens avgangstid, kan vi ordne hotellhenting med ekstra kostnader. N\u00e5r kj\u00f8pet er fullf\u00f8rt, vil vi sende deg fullstendig kontaktinformasjon (telefonnummer, e-postadresse osv.) slik at v\u00e5r lokale turguide kan organisere hentingsordninger.<\/span><\/p>\n<h4><b><i>Bekreftelse av tilleggsinformasjon <\/i><\/b><\/h4>\n<ol>\n<li>Billetter er kvitteringen etter \u00e5 ha betalt denne turen. Du kan vise betalingen p\u00e5 telefonen.<\/li>\n<li style=\"font-weight: 400;\"><span style=\"font-weight: 400;\">M\u00f8tepunkt vil bli mottatt etter reservasjonsprosessen.<\/span><\/li>\n<li style=\"font-weight: 400;\"><span style=\"font-weight: 400;\">Barn m\u00e5 v\u00e6re i f\u00f8lge med en voksen.<\/span><\/li>\n<li style=\"font-weight: 400;\"><span style=\"font-weight: 400;\"> Ikke tilgjengelig for rullestolbrukere <\/span><\/li>\n<li style=\"font-weight: 400;\"><span style=\"font-weight: 400;\">Spedbarn m\u00e5 sitte p\u00e5 fanget <\/span><\/li>\n<li style=\"font-weight: 400;\"><span style=\"font-weight: 400;\">Anbefales ikke for reisende med ryggproblemer<\/span><\/li>\n<li style=\"font-weight: 400;\"><span style=\"font-weight: 400;\">Anbefales ikke for gravide reisende <\/span><\/li>\n<li style=\"font-weight: 400;\"><span style=\"font-weight: 400;\"> Ingen hjerteproblemer eller andre alvorlige medisinske tilstander <\/span><\/li>\n<li style=\"font-weight: 400;\"><span style=\"font-weight: 400;\">De fleste reisende kan delta<\/span><\/li>\n<\/ol>\n<p>Denne turen tilbys til minimum 2 personer og maksimalt 15 personer. Ved f\u00e6rre personer, vennligst kontakt oss.<\/p>\n<h4><b><i>Avbestillingsregler<\/i><\/b><\/h4>\n<p><span style=\"font-weight: 400;\">For full refusjon m\u00e5 du avbestille minst 24 timer f\u00f8r startdatoen for opplevelsen.<\/span><\/p>\n\n\t\t<\/div>\n\t<\/div>\n<\/div><\/div><\/div><\/div><div class=\"vc_row wpb_row vc_row-fluid\" ><div class=\"wpb_column vc_column_container vc_col-sm-12\"><div class=\"vc_column-inner\"><div class=\"wpb_wrapper\">\n\t<div class=\"wpb_text_column wpb_content_element\" >\n\t\t<div class=\"wpb_wrapper\">\n\t\t\t<h4>Kontakt oss?<\/h4>\n<h5><em><strong>Booking Adventures<\/strong><\/em><\/h5>\n<p><em><strong>Lokalbefolkningen<\/strong> og <strong>Nationals<\/strong> Turguider og gjestetjenester<\/em><\/p>\n<p><span class=\"text-turquoise\">Reservasjoner:<\/span> Turer og utflukter i Dom. Rep.<\/p>\n<p><img decoding=\"async\" class=\"emoji\" draggable=\"false\" src=\"https:\/\/s.w.org\/images\/core\/emoji\/11.2.0\/svg\/1f4de.svg\" alt=\"\ud83d\udcde\" \/> Tlf\/Whatsapp\u00a0 <a href=\"tel:+1-809-720-6035\">+1-809-720-6035<\/a>.<\/p>\n<p><img decoding=\"async\" class=\"emoji\" draggable=\"false\" src=\"https:\/\/s.w.org\/images\/core\/emoji\/11.2.0\/svg\/1f4e9.svg\" alt=\"\ud83d\udce9\" \/> <a href=\"mailto:info@bookingadventures.com.do\">info@bookingadventures.com.do<\/a><\/p>\n<p><strong>Vi er fleksible med private turer av Whatsapp: <a href=\"tel:+18097206035\">+18097206035.<\/a><\/strong><\/p>\n\n\t\t<\/div>\n\t<\/div>\n<\/div><\/div><\/div><\/div>","protected":false},"excerpt":{"rendered":"<p>Tur til Los Haitises nasjonalpark med en lokal turguide konsentrerer seg om fugletitting + grotter. Bes\u00f8k Cays i Los Haitises nasjonalpark, mangrover, vegetasjon, fuglekikking, grotter, piktografer og de historiske omr\u00e5dene til Sabana de la Mar i Los Haitises nasjonalpark.<\/p>\n<p>&nbsp;<\/p>\n<p><em><strong>Vennligst velg dato for turen\u00a0<\/strong><\/em><\/p>","protected":false},"featured_media":177,"template":"","meta":[],"product_brand":[],"product_cat":[119,120,96,98,121,122,123,124],"product_tag":[176,177,178,179,448,180,181,182,183,184,185,186,132,187,133,189,190,191,192,114,142,147,193],"class_list":{"0":"post-11312","1":"product","2":"type-product","3":"status-publish","4":"has-post-thumbnail","6":"product_cat-caves","7":"product_cat-fees-entrace","8":"product_cat-hiking","9":"product_cat-local-tour-guides","10":"product_cat-mangroves","11":"product_cat-tours-and-excursions","12":"product_cat-tours-excursions-los-haitises-national-park","13":"product_cat-tours-excursions-samana-bay-dominican-republic","14":"product_tag-biding-sabana-de-la-mar","15":"product_tag-birding","16":"product_tag-birding-dominican-republic","17":"product_tag-birding-in-los-haitises","18":"product_tag-birding-tour-from-punta-cana","19":"product_tag-birdwatching","20":"product_tag-birdwatching-dominicana","21":"product_tag-birdwtaching","22":"product_tag-boat-tour-birding","23":"product_tag-carretera-cano-hondo","24":"product_tag-eco-lodge-paraiso-cano-hondo","25":"product_tag-hire-a-guide-in-los-haitises","26":"product_tag-los-haitises","27":"product_tag-los-haitises-birding","28":"product_tag-los-haitises-national-park","29":"product_tag-los-haitises-national-park-cano-hondo","30":"product_tag-los-haitises-samana","31":"product_tag-nature","32":"product_tag-ridgways-hawk","33":"product_tag-sabana-de-la-mar","34":"product_tag-samana","35":"product_tag-samana-bay","36":"product_tag-wildlife","38":"first","39":"instock","40":"sale","41":"sold-individually","42":"shipping-taxable","43":"product-type-external"},"_links":{"self":[{"href":"https:\/\/visitaloshaitises.com\/nb\/wp-json\/wp\/v2\/product\/11312","targetHints":{"allow":["GET"]}}],"collection":[{"href":"https:\/\/visitaloshaitises.com\/nb\/wp-json\/wp\/v2\/product"}],"about":[{"href":"https:\/\/visitaloshaitises.com\/nb\/wp-json\/wp\/v2\/types\/product"}],"wp:featuredmedia":[{"embeddable":true,"href":"https:\/\/visitaloshaitises.com\/nb\/wp-json\/wp\/v2\/media\/177"}],"wp:attachment":[{"href":"https:\/\/visitaloshaitises.com\/nb\/wp-json\/wp\/v2\/media?parent=11312"}],"wp:term":[{"taxonomy":"product_brand","embeddable":true,"href":"https:\/\/visitaloshaitises.com\/nb\/wp-json\/wp\/v2\/product_brand?post=11312"},{"taxonomy":"product_cat","embeddable":true,"href":"https:\/\/visitaloshaitises.com\/nb\/wp-json\/wp\/v2\/product_cat?post=11312"},{"taxonomy":"product_tag","embeddable":true,"href":"https:\/\/visitaloshaitises.com\/nb\/wp-json\/wp\/v2\/product_tag?post=11312"}],"curies":[{"name":"wp","href":"https:\/\/api.w.org\/{rel}","templated":true}]}}