{"id":551,"date":"2020-06-19T20:10:32","date_gmt":"2020-06-19T20:10:32","guid":{"rendered":"https:\/\/haitises.com\/?post_type=product&#038;p=551"},"modified":"2023-10-14T21:50:12","modified_gmt":"2023-10-14T21:50:12","slug":"excursion-al-los-haitises-y-cano-hondo-desde-samana","status":"publish","type":"product","link":"https:\/\/visitaloshaitises.com\/ms\/private\/excursion-al-los-haitises-y-cano-hondo-desde-samana\/","title":{"rendered":"Lawatan ke Los Haitises dan Ca\u00f1o Hondo dari Saman\u00e1"},"content":{"rendered":"<div class=\"vc_row wpb_row vc_row-fluid\" ><div class=\"wpb_column vc_column_container vc_col-sm-12\"><div class=\"vc_column-inner\"><div class=\"wpb_wrapper\"><div class=\"mkdf-section-title-holder\" style=\"text-align: left\">\n\t<div class=\"mkdf-st-inner\">\n\t\t\t\t\t<h5 class=\"mkdf-st-subtitle\" >\n\t\t\t\tMakan tengah hari dan Berenang di Kolam Semulajadi\t\t\t<\/h5>\n\t\t\t\t\t\t\t<\/div>\n<\/div><\/div><\/div><\/div><\/div><div class=\"vc_row wpb_row vc_row-fluid\" ><div class=\"wpb_column vc_column_container vc_col-sm-12\"><div class=\"vc_column-inner\"><div class=\"wpb_wrapper\">\n\t<div class=\"wpb_text_column wpb_content_element\" >\n\t\t<div class=\"wpb_wrapper\">\n\t\t\t<h2>Taman Negara Los Haitises + Makan tengah hari di Cano Hondo dari pelabuhan Saman\u00e1.<\/h2>\n<h3><em>Penerangan<\/em><\/h3>\n<p>Taman Negara Los Haitises bermula dari pelabuhan Saman\u00e1 serta makan tengah hari yang indah dan berenang di mata air semula jadi di Ca\u00f1o Hondo Ecolodge. Ayuh bersama kami dan lawati taman negara yang paling indah di Republik Dominican, melawat hutan bakau, gua dan Teluk San Lorenzo, serta menyeberangi Teluk Saman\u00e1 yang indah. Selepas makan tengah hari di Ca\u00f1o Hondo, anda akan berpeluang berenang di kolam semula jadi selama beberapa jam dan kemudian kembali ke pelabuhan Saman\u00e1.<\/p>\n<p>Selepas pengalaman ini, anda akan kembali ke pelabuhan Saman\u00e1.<\/p>\n<ul>\n<li>Cukai termasuk<\/li>\n<li>Panduan menyediakan arahan dan penyeliaan.<\/li>\n<\/ul>\n<h3>Kemasukan dan pengecualian<\/h3>\n<h4>Kemasukan<\/h4>\n<ol>\n<li>Lawatan + Gua dan Piktograf Los Haitises<\/li>\n<li>Makan tengah hari di Ca\u00f1o Hondo<\/li>\n<li>Berenang di kolam semula jadi<\/li>\n<li>Semua cukai, yuran dan caj pengendalian.<\/li>\n<li>Cukai tempatan<\/li>\n<li>minuman<\/li>\n<li>Semua aktiviti<\/li>\n<li>Pemandu tempatan<\/li>\n<\/ol>\n<h4>Pengecualian<\/h4>\n<ol>\n<li>Petua<\/li>\n<li>Pemindahan<\/li>\n<li>Minuman beralkohol<\/li>\n<\/ol>\n<h3><em>Berlepas dan pulang<\/em><\/h3>\n<p>Pengembara akan mendapat tempat pertemuan selepas proses tempahan. Lawatan bermula dan berakhir di tempat pertemuan kami.<\/p>\n<h3><em>Apa yang diharapkan?<\/em><\/h3>\n<p>Dapatkan tiket anda untuk melawat Taman Negara Los Haitises dengan makan tengah hari yang indah di Ca\u00f1o Hondo dan berenang di kolam semula jadi.<\/p>\n<p>Bermula dari pelabuhan Saman\u00e1 menaiki bot atau katamaran dengan pemandu pelancong tempatan, kami melalui teluk Saman\u00e1 bersebelahan Sabana de la Mar untuk melawat salah satu taman negara yang paling indah di Republik Dominican.<\/p>\n<h5>Taman Negara Los Haitises.<\/h5>\n<p>Melawat pulau dengan burung di sekeliling. Pada musim bersarang, kita juga boleh melihat anak ayam pelikan di dalam sarang. Pergi lebih dalam ke pulau berbatu dan lawati gua dengan piktograf dan petroglif orang asli.<\/p>\n<p>El recorrido, organizado por \u00abBooking Adventures\u00bb, comienza en el punto de encuentro establecido con el gu\u00eda tur\u00edstico. Ven con Booking Adventures y comienza a observar algunos manglares llenos de aves, colinas onduladas de exuberante vegetaci\u00f3n y cuevas del Parque Nacional Los Haitises.<\/p>\n<p>El nombre del parque nacional proviene de sus habitantes originales, los indios ta\u00ednos. En su idioma, \u00abHaitises\u00bb se traduce a tierras altas o colinas, una referencia a las empinadas formaciones geol\u00f3gicas de la costa con calizas. Avent\u00farate en el parque para explorar cuevas como la Cueva de la Arena y la Cueva de la L\u00ednea.<\/p>\n<p>Gua-gua di rizab itu digunakan sebagai tempat perlindungan oleh orang India Ta\u00edno dan, kemudiannya, oleh lanun tersembunyi. Cari lukisan orang India yang menghiasi beberapa dinding.<\/p>\n<p>Selepas melawat Taman Negara Los Haitises kami akan ke Cano Hondo. Di Cano Hondo anda akan belajar tentang sejarah ekologi ini dan makan tengah hari dengan makanan tipikal masyarakat Sabana de la mar.<\/p>\n<p>Makan tengah hari akan menjadi lazat tetapi kita belum selesai. Selepas makan tengah hari, kami akan berenang di kolam semula jadi dari Sungai Jibales, sungai ke Sungai Ca\u00f1o Hondo. Menginap di Ca\u00f1o Hondo sehingga 4:00 petang dan kembali ke pelabuhan Saman\u00e1, kami akan melalui hutan bakau sekali lagi dan tiba di teluk terbuka San Lorenzo, dari mana anda boleh mengambil gambar landskap hutan berceranggah. Lihat ke dalam air untuk melihat manatee, krustasea dan ikan lumba-lumba.<\/p>\n<p>Sehingga saat ini anda akan puas dengan pemandu pelancong dan selepas ini pergi ke pelabuhan Cano Hondo dan menaiki bot pulang ke pelabuhan Saman\u00e1 melepasi teluk Saman\u00e1 30 minit.<\/p>\n<p>Sekiranya anda lebih menyukai perjalanan ini, kami mempunyai pilihan ini:<\/p>\n<p>Los Haitises + Cayo Levantado dari pelabuhan Saman\u00e1.<\/p>\n<h3><em>Apa yang patut anda bawa?<\/em><\/h3>\n<ul>\n<li>Kamera<\/li>\n<li>Penghalau<\/li>\n<li>pelindung matahari<\/li>\n<li>Topi<\/li>\n<li>Seluar yang selesa<\/li>\n<li>Kasut hiking hutan<\/li>\n<li>Sandal ke kawasan musim bunga.<\/li>\n<li>baju renang<\/li>\n<\/ul>\n<h3><em>Jemputan hotel<\/em><\/h3>\n<p>Pengambilan hotel tidak ditawarkan untuk lawatan ini.<\/p>\n<p><strong>Catatan:<\/strong> Jika anda menempah dalam masa 24 jam dari waktu berlepas pelancongan\/persiaran, kami boleh mengaturkan pengambilan hotel dengan bayaran tambahan. Setelah pembelian anda selesai, kami akan menghantar maklumat hubungan yang lengkap kepada anda (nombor telefon, alamat e-mel, dsb.) untuk pemandu pelancong tempatan kami mengatur urusan pengambilan.<\/p>\n<h3>Pengesahan maklumat tambahan<\/h3>\n<ol>\n<li>Tiket adalah Resit selepas membayar untuk Lawatan ini. Anda boleh menunjukkan pembayaran pada telefon anda.<\/li>\n<li>Titik pertemuan akan diterima selepas proses tempahan.<\/li>\n<li>Kanak-kanak mesti ditemani oleh orang dewasa.<\/li>\n<li>Tidak boleh diakses kerusi roda<\/li>\n<li>Bayi harus duduk di tempat duduk bayi atau dengan orang dewasa<\/li>\n<li>Tidak disyorkan untuk pengembara yang mempunyai masalah belakang.<\/li>\n<li>Tidak disyorkan untuk wanita hamil.<\/li>\n<li>Tiada masalah jantung atau keadaan perubatan serius lain.<\/li>\n<li>Kebanyakan pelancong boleh mengambil bahagian.<\/li>\n<\/ol>\n<h3><em>Dasar pembatalan<\/em><\/h3>\n<p>Untuk bayaran balik penuh, batalkan sekurang-kurangnya 24 jam sebelum tarikh mula pengalaman.<\/p>\n\n\t\t<\/div>\n\t<\/div>\n<\/div><\/div><\/div><\/div><div class=\"vc_row wpb_row vc_row-fluid\" ><div class=\"wpb_column vc_column_container vc_col-sm-12\"><div class=\"vc_column-inner\"><div class=\"wpb_wrapper\"><div class=\"vc_empty_space\"   style=\"height: 32px\"><span class=\"vc_empty_space_inner\"><\/span><\/div>\n\t<div class=\"wpb_video_widget wpb_content_element vc_clearfix   vc_video-aspect-ratio-169 vc_video-el-width-100 vc_video-align-left\" >\n\t\t<div class=\"wpb_wrapper\">\n\t\t\t\n\t\t\t<div class=\"wpb_video_wrapper\"><iframe loading=\"lazy\" title=\"Taman Negara Los Haitises, Lawatan &amp; Persiaran Dari Samana atau Sabana de la Mar. Tempah Di Sini:\" src=\"https:\/\/player.vimeo.com\/video\/346508015?dnt=1&amp;app_id=122963\" width=\"1100\" height=\"619\" frameborder=\"0\" allow=\"autoplay; fullscreen\" allowfullscreen><\/iframe><\/div>\n\t\t<\/div>\n\t<\/div>\n<\/div><\/div><\/div><\/div><div class=\"vc_row wpb_row vc_row-fluid\" ><div class=\"wpb_column vc_column_container vc_col-sm-12\"><div class=\"vc_column-inner\"><div class=\"wpb_wrapper\"><div class=\"vc_empty_space\"   style=\"height: 32px\"><span class=\"vc_empty_space_inner\"><\/span><\/div>\n\t<div class=\"wpb_text_column wpb_content_element\" >\n\t\t<div class=\"wpb_wrapper\">\n\t\t\t<h4>Hubungi Kami?<\/h4>\n<h5>Tempahan Pengembaraan<\/h5>\n<p><em>Pemandu pelancong<\/em> <em><strong>tempatan<\/strong><\/em> dan <strong><em>Nasional<\/em><\/strong> &amp;<em>\u00a0perkhidmatan tetamu<\/em><\/p>\n<p>Tempahan: Lawatan dan Lawatan di Dom. Rep.<\/p>\n<p>Tel\/Whatsapp +1-809-720-6035.<\/p>\n<p>info@bookingadventures.com.do<\/p>\n<p>Kami adalah lawatan peribadi dengan konfigurasi fleksibel melalui Whatsapp: +18097206035.<\/p>\n\n\t\t<\/div>\n\t<\/div>\n<div class=\"vc_empty_space\"   style=\"height: 32px\"><span class=\"vc_empty_space_inner\"><\/span><\/div><\/div><\/div><\/div><\/div>","protected":false},"excerpt":{"rendered":"<p><strong>Sila Pilih tarikh untuk The Tour\u00a0<\/strong><\/p>","protected":false},"featured_media":104,"template":"","meta":[],"product_brand":[],"product_cat":[119,96,144,98,135,121,99,122,443,123,124],"product_tag":[126,127,128,145,132,133,146,147,148,143],"class_list":{"0":"post-551","1":"product","2":"type-product","3":"status-publish","4":"has-post-thumbnail","6":"product_cat-caves","7":"product_cat-hiking","8":"product_cat-kayaking","9":"product_cat-local-tour-guides","10":"product_cat-lunch","11":"product_cat-mangroves","12":"product_cat-swimming-natural-springs","13":"product_cat-tours-and-excursions","14":"product_cat-tours-y-excursiones-es","15":"product_cat-tours-excursions-los-haitises-national-park","16":"product_cat-tours-excursions-samana-bay-dominican-republic","17":"product_tag-cano-hondo","18":"product_tag-cano-hondo-hotel","19":"product_tag-cano-hondo-tours","20":"product_tag-day-tour-cano-hondo","21":"product_tag-los-haitises","22":"product_tag-los-haitises-national-park","23":"product_tag-mangroves-los-haitises","24":"product_tag-samana-bay","25":"product_tag-samana-excursions","26":"product_tag-samana-tours","28":"first","29":"instock","30":"sale","31":"sold-individually","32":"shipping-taxable","33":"product-type-external"},"_links":{"self":[{"href":"https:\/\/visitaloshaitises.com\/ms\/wp-json\/wp\/v2\/product\/551","targetHints":{"allow":["GET"]}}],"collection":[{"href":"https:\/\/visitaloshaitises.com\/ms\/wp-json\/wp\/v2\/product"}],"about":[{"href":"https:\/\/visitaloshaitises.com\/ms\/wp-json\/wp\/v2\/types\/product"}],"wp:featuredmedia":[{"embeddable":true,"href":"https:\/\/visitaloshaitises.com\/ms\/wp-json\/wp\/v2\/media\/104"}],"wp:attachment":[{"href":"https:\/\/visitaloshaitises.com\/ms\/wp-json\/wp\/v2\/media?parent=551"}],"wp:term":[{"taxonomy":"product_brand","embeddable":true,"href":"https:\/\/visitaloshaitises.com\/ms\/wp-json\/wp\/v2\/product_brand?post=551"},{"taxonomy":"product_cat","embeddable":true,"href":"https:\/\/visitaloshaitises.com\/ms\/wp-json\/wp\/v2\/product_cat?post=551"},{"taxonomy":"product_tag","embeddable":true,"href":"https:\/\/visitaloshaitises.com\/ms\/wp-json\/wp\/v2\/product_tag?post=551"}],"curies":[{"name":"wp","href":"https:\/\/api.w.org\/{rel}","templated":true}]}}