{"id":11645,"date":"2023-10-04T07:39:47","date_gmt":"2023-10-04T07:39:47","guid":{"rendered":"https:\/\/haitises.com\/?post_type=product&#038;p=11645"},"modified":"2024-04-01T15:15:40","modified_gmt":"2024-04-01T15:15:40","slug":"samana-cayo-levantado-bacardi-island-and-whale-watching-from-miches-in-catamaran-3","status":"publish","type":"product","link":"https:\/\/visitaloshaitises.com\/ms\/private\/samana-cayo-levantado-bacardi-island-and-whale-watching-from-miches-in-catamaran-3\/","title":{"rendered":"Saman\u00e1 Cayo Levantado (Bacardi Island) and Whale Watching from Miches in Catamaran"},"content":{"rendered":"<div class=\"vc_row wpb_row vc_row-fluid\" ><div class=\"wpb_column vc_column_container vc_col-sm-12\"><div class=\"vc_column-inner\"><div class=\"wpb_wrapper\">\n\t<div class=\"wpb_text_column wpb_content_element\" >\n\t\t<div class=\"wpb_wrapper\">\n\t\t\t<p><span style=\"vertical-align: inherit;\"><span style=\"vertical-align: inherit;\"><\/p>\n\n\t\t<\/div>\n\t<\/div>\n<\/div><\/div><\/div><\/div><div class=\"vc_row wpb_row vc_row-fluid\" ><\/div><div class=\"wpb_column vc_column_container vc_col-sm-12\"><div class=\"vc_column-inner\"><div class=\"wpb_wrapper\"><\/div><\/div><\/div><div class=\"vc_row wpb_row vc_row-fluid\" ><\/div><div class=\"wpb_column vc_column_container vc_col-sm-12\"><div class=\"vc_column-inner\"><div class=\"wpb_wrapper\"><div class=\"vc_btn3-container vc_btn3-inline\" ><button class=\"vc_general vc_btn3 vc_btn3-size-md vc_btn3-shape-rounded vc_btn3-style-modern vc_btn3-color-green\">TEMPAH SEKARANG<\/button><\/div><\/div><\/div><\/div><div class=\"mkdf-section-title-holder\" style=\"text-align: left\">\n\t<div class=\"mkdf-st-inner\">\n\t\t\t\t\t\t\t<h3 class=\"mkdf-st-title\" >\n\t\t\t\tCayo Levantado + Avistamiento de ballenas de Miches en catamar\u00e1n\t\t\t<\/h3>\n\t\t\t\t\t<\/div>\n<\/div><div class=\"vc_empty_space\"   style=\"height: 32px\"><span class=\"vc_empty_space_inner\"><\/span><\/div>\n\t<div class=\"wpb_text_column wpb_content_element\" >\n\t\t<div class=\"wpb_wrapper\">\n\t\t\t<p>\u00a0<\/span><\/span><\/p>\n<div class=\"vc_empty_space\"><\/div>\n<div class=\"wpb_text_column wpb_content_element\">\n<div class=\"wpb_wrapper\">\n<div class=\"vc_row wpb_row vc_row-fluid\">\n<div class=\"wpb_column vc_column_container vc_col-sm-12\">\n<div class=\"vc_column-inner\">\n<div class=\"wpb_wrapper\">\n<div class=\"wpb_text_column wpb_content_element\">\n<div class=\"wpb_wrapper\">\n<div class=\"vc_row wpb_row vc_row-fluid\">\n<div class=\"wpb_column vc_column_container vc_col-sm-12\">\n<div class=\"vc_column-inner\">\n<div class=\"wpb_wrapper\">\n<div class=\"wpb_text_column wpb_content_element\">\n<div class=\"wpb_wrapper\">\n<h4><a id=\"overview\" class=\"aal_anchor\" href=\"https:\/\/boattoursamana.com\/tour\/samana-cayo-levantado-bacardi-island-and-whale-watching-from-miches-in-catamaran\/#overview\" aria-hidden=\"true\" target=\"_blank\" rel=\"noopener\"><\/a><b><i>Gambaran keseluruhan<\/i><\/b><\/h4>\n<p>Whale watching in Saman\u00e1 bay starting from Miches port in Catamaran.\u00a0 This Trip starts at 9:00 Am and Finishes at 5:00 Pm. Meeting before in Our port at Miches. After aborting our Catamaran or Boat to visit the Whales in their own habitat.<\/p>\n<p>From 9:00 Am until 12:00-noon Whale watching observatory and After this Whale trip we will visit Bacardi Island \/ Cayo Levantado. In Bacardi Island, Lunch Buffet from typical Dominican Style will be provided. When lunch is finished you are allowed to swim until 4:30 pm. Tour will be finished at 5:00 pm at the same port where it will start.<\/p>\n<p>Note: This tour is Not Private.<strong>\u00a0For a Private tour please Contact us.<\/strong><\/p>\n<ul>\n<li>Whale Watching trip<\/li>\n<li>Entrance fees to Observatory<\/li>\n<li>Includes Buffet lunch on the beach<\/li>\n<li>Boat Transfer<\/li>\n<li>The Captain provides instruction and Supervision<\/li>\n<li>Tour Guide<\/li>\n<\/ul>\n<p>&nbsp;<\/p>\n<h4><a id=\"inclusions-exclusions\" class=\"aal_anchor\" href=\"https:\/\/boattoursamana.com\/tour\/samana-cayo-levantado-bacardi-island-and-whale-watching-from-miches-in-catamaran\/#inclusions-exclusions\" aria-hidden=\"true\" target=\"_blank\" rel=\"noopener\"><\/a><b>Kemasukan &amp; Pengecualian<\/b><\/h4>\n<p>&nbsp;<\/p>\n<p><b>Kemasukan<\/b><\/p>\n<p>&nbsp;<\/p>\n<ol>\n<li>Buffet lunch on the beach<\/li>\n<li>Whale watching<\/li>\n<li>Tour Guide<\/li>\n<li>Catamaran or Boat Trip<\/li>\n<li>Semua cukai, yuran dan caj pengendalian<\/li>\n<li>Cukai tempatan<\/li>\n<li>Beverages<\/li>\n<li>Minuman beralkohol<\/li>\n<\/ol>\n<p><b>Pengecualian<\/b><\/p>\n<ol>\n<li>Ganjaran<\/li>\n<li>Transfer Car<\/li>\n<\/ol>\n<p>&nbsp;<\/p>\n<h4><a id=\"departure-return\" class=\"aal_anchor\" href=\"https:\/\/boattoursamana.com\/tour\/samana-cayo-levantado-bacardi-island-and-whale-watching-from-miches-in-catamaran\/#departure-return\" aria-hidden=\"true\" target=\"_blank\" rel=\"noopener\"><\/a><em><strong>Berlepas &amp; Kembali<\/strong><\/em><\/h4>\n<p>The traveler will get a meeting point after the Reservation Process. Tours start and Finish in our meeting points.<\/p>\n<p>&nbsp;<\/p>\n<h4><a id=\"what-to-expect\" class=\"aal_anchor\" href=\"https:\/\/boattoursamana.com\/tour\/samana-cayo-levantado-bacardi-island-and-whale-watching-from-miches-in-catamaran\/#what-to-expect\" aria-hidden=\"true\" target=\"_blank\" rel=\"noopener\"><\/a><b><i>Apa yang Dijangkakan?<\/i><\/b><\/h4>\n<p>&nbsp;<\/p>\n<p><em><strong>Dapatkan tiket anda<\/strong><\/em>\u00a0for a day Whale Watching tour in Saman\u00e1 bay starting from Miches in Catamaran with local drinks plus a wonderful lunch and beach time.<\/p>\n<p>The Daypass for whale watching, organized by \u201cBooking Adventures\u201d starts at the meeting point set with the Tour Guide. Lunch at the beach and you can stay as long as you want swimming around. If you are Vegan we also can set some food for you.<\/p>\n<p><strong>Timetable:<\/strong><\/p>\n<p>8:45 AM \u2013 5:00 PM<\/p>\n<p>&nbsp;<\/p>\n<h4><a id=\"what-you-should-bring\" class=\"aal_anchor\" href=\"https:\/\/boattoursamana.com\/tour\/samana-cayo-levantado-bacardi-island-and-whale-watching-from-miches-in-catamaran\/#what-you-should-bring\" aria-hidden=\"true\" target=\"_blank\" rel=\"noopener\"><\/a><em><strong>Apa yang patut anda bawa?<\/strong><\/em><\/h4>\n<ul>\n<li>kamera<\/li>\n<li>Putik penghalau<\/li>\n<li>Suncream<\/li>\n<li>Topi<\/li>\n<li>Seluar yang selesa<\/li>\n<li>Sandals to the \u00a0beach<\/li>\n<li>Pakaian renang<\/li>\n<li>Cash for souvenirs<\/li>\n<\/ul>\n<p>&nbsp;<\/p>\n<h4><a id=\"hotel-pickup\" class=\"aal_anchor\" href=\"https:\/\/boattoursamana.com\/tour\/samana-cayo-levantado-bacardi-island-and-whale-watching-from-miches-in-catamaran\/#hotel-pickup\" aria-hidden=\"true\" target=\"_blank\" rel=\"noopener\"><\/a><b><i>Jemputan Hotel<\/i><\/b><\/h4>\n<p>Pengambilan hotel tidak ditawarkan untuk lawatan ini.<\/p>\n<p>&nbsp;<\/p>\n<p><b>Catatan:<\/b>\u00a0Jika anda ditempah dalam masa 24 jam dari waktu berlepas lawatan\/Persiaran, kami boleh mengaturkan pengambilan hotel dengan Caj tambahan. Setelah pembelian anda selesai, kami akan menghantar maklumat hubungan yang lengkap kepada anda (nombor telefon, alamat e-mel, dll.) untuk pemandu Pelancong tempatan kami mengatur urusan pengambilan.<\/p>\n<h4><a id=\"additional-info-confirmation\" class=\"aal_anchor\" href=\"https:\/\/boattoursamana.com\/tour\/samana-cayo-levantado-bacardi-island-and-whale-watching-from-miches-in-catamaran\/#additional-info-confirmation\" aria-hidden=\"true\" target=\"_blank\" rel=\"noopener\"><\/a><b><i>Pengesahan Maklumat Tambahan<\/i><\/b><\/h4>\n<ol>\n<li>Tiket adalah Resit selepas membayar Tour ini. Anda boleh menunjukkan pembayaran pada telefon anda.<\/li>\n<li>Tempat Mesyuarat Akan Diterima Selepas Proses Tempahan.<\/li>\n<li>Kanak-kanak mesti ditemani oleh orang dewasa.<\/li>\n<li>wheelchair accessible<\/li>\n<li>Bayi mesti duduk di atas riba<\/li>\n<li>Kebanyakan pelancong boleh mengambil bahagian<\/li>\n<\/ol>\n<h4><a id=\"cancellation-policy\" class=\"aal_anchor\" href=\"https:\/\/boattoursamana.com\/tour\/samana-cayo-levantado-bacardi-island-and-whale-watching-from-miches-in-catamaran\/#cancellation-policy\" aria-hidden=\"true\" target=\"_blank\" rel=\"noopener\"><\/a><b><i>Polisi Pembatalan<\/i><\/b><\/h4>\n<p>For a full refund, cancel at least 24 hours in advance of the start date of the experience.<\/p>\n<\/div>\n<\/div>\n<\/div>\n<\/div>\n<\/div>\n<\/div>\n<\/div>\n<\/div>\n<\/div>\n<\/div>\n<\/div>\n<\/div>\n<div class=\"vc_row wpb_row vc_row-fluid\">\n<div class=\"wpb_column vc_column_container vc_col-sm-12\">\n<div class=\"vc_column-inner\">\n<div class=\"wpb_wrapper\">\n<div class=\"vc_empty_space\"><\/div>\n<div class=\"wpb_text_column wpb_content_element\">\n<div class=\"wpb_wrapper\">\n<h4><a id=\"contact-us\" class=\"aal_anchor\" href=\"https:\/\/boattoursamana.com\/tour\/samana-cayo-levantado-bacardi-island-and-whale-watching-from-miches-in-catamaran\/#contact-us\" aria-hidden=\"true\" target=\"_blank\" rel=\"noopener\"><\/a>Hubungi Kami?<\/h4>\n<h5><\/h5>\n<p><em><strong>Orang tempatan<\/strong>\u00a0dan\u00a0<strong>warganegara<\/strong>\u00a0Pemandu Pelancong &amp; Perkhidmatan Tetamu<\/em><\/p>\n<p><span class=\"text-turquoise\">Tempahan:<\/span>\u00a0Lawatan &amp; Lawatan di Dom. Rep.<\/p>\n<p><img decoding=\"async\" class=\"emoji\" title=\"Samana Cayo Levantado (Bacardi Island) and Whale Watching from Miches in Catamaran 1\" draggable=\"false\" src=\"https:\/\/s.w.org\/images\/core\/emoji\/11.2.0\/svg\/1f4de.svg\" alt=\"\ud83d\udcde\" \/> Tel\/Whatsapp <strong><a href=\"tel:+1 (829) 318-9463\">+1 (829) 318-9463.<\/a><\/strong><\/p>\n<p><img decoding=\"async\" class=\"emoji\" title=\"Samana Cayo Levantado (Bacardi Island) and Whale Watching from Miches in Catamaran 2\" draggable=\"false\" src=\"https:\/\/s.w.org\/images\/core\/emoji\/11.2.0\/svg\/1f4e9.svg\" alt=\"\ud83d\udce9\" \/>\u00a0<a href=\"mailto:reservabatour@gmail.com\">reservebatour@gmail.com<\/a><\/p>\n<p><strong>Kami adalah Fleksibel Menetapkan Lawatan Peribadi melalui Whatsapp:\u00a0<a href=\"tel:+1 (829) 318-9463\">+1 (829) 318-9463.<\/a><\/strong><\/p>\n<\/div>\n<\/div>\n<\/div>\n<\/div>\n<\/div>\n<\/div>\n<\/div>\n<\/div>\n\n\t\t<\/div>\n\t<\/div>\n<div class=\"vc_row wpb_row vc_row-fluid\" ><div class=\"wpb_column vc_column_container vc_col-sm-12\"><div class=\"vc_column-inner\"><div class=\"wpb_wrapper\"><div class=\"vc_btn3-container vc_btn3-inline\" ><button class=\"vc_general vc_btn3 vc_btn3-size-md vc_btn3-shape-rounded vc_btn3-style-modern vc_btn3-color-green\">TEMPAH SEKARANG<\/button><\/div><\/div><\/div><\/div><\/div>","protected":false},"excerpt":{"rendered":"<p><span style=\"vertical-align: inherit;\"><span style=\"vertical-align: inherit;\">Whale Miches Tours &amp; Excursiones. <\/span><span style=\"vertical-align: inherit;\">Reserve sus boletos para el avistamiento de ballenas en la Bah\u00eda de Saman\u00e1, comenzando desde Miches y visitando Cayo Levantado, tambi\u00e9n conocida como Isla Bacard\u00ed para una aventura con pase de un d\u00eda.<\/span><\/span><\/p>\n<p>&nbsp;<\/p>\n<p><em><strong><span style=\"vertical-align: inherit;\"><span style=\"vertical-align: inherit;\">Seleccione la fecha de la excursi\u00f3n:<\/span><\/span><\/strong><\/em><\/p>","protected":false},"featured_media":11103,"template":"","meta":[],"product_brand":[],"product_cat":[124,588],"product_tag":[269,270,271,272,273,234,236,274,275,276],"class_list":{"0":"post-11645","1":"product","2":"type-product","3":"status-publish","4":"has-post-thumbnail","6":"product_cat-tours-excursions-samana-bay-dominican-republic","7":"product_cat-whale-watching-miches","8":"product_tag-miches-whale-watching","9":"product_tag-samana-dominican-republic","10":"product_tag-samana-whale-watching","11":"product_tag-samana-whale-watching-price","12":"product_tag-things-to-do-in-dominican-republic","13":"product_tag-whale-samana","14":"product_tag-whale-watching-dominican-republic","15":"product_tag-whale-watching-miches","16":"product_tag-whale-watching-miches-dominican-republic","17":"product_tag-when-to-see-whales-dominican-republic","19":"first","20":"instock","21":"sale","22":"shipping-taxable","23":"product-type-external"},"_links":{"self":[{"href":"https:\/\/visitaloshaitises.com\/ms\/wp-json\/wp\/v2\/product\/11645","targetHints":{"allow":["GET"]}}],"collection":[{"href":"https:\/\/visitaloshaitises.com\/ms\/wp-json\/wp\/v2\/product"}],"about":[{"href":"https:\/\/visitaloshaitises.com\/ms\/wp-json\/wp\/v2\/types\/product"}],"wp:featuredmedia":[{"embeddable":true,"href":"https:\/\/visitaloshaitises.com\/ms\/wp-json\/wp\/v2\/media\/11103"}],"wp:attachment":[{"href":"https:\/\/visitaloshaitises.com\/ms\/wp-json\/wp\/v2\/media?parent=11645"}],"wp:term":[{"taxonomy":"product_brand","embeddable":true,"href":"https:\/\/visitaloshaitises.com\/ms\/wp-json\/wp\/v2\/product_brand?post=11645"},{"taxonomy":"product_cat","embeddable":true,"href":"https:\/\/visitaloshaitises.com\/ms\/wp-json\/wp\/v2\/product_cat?post=11645"},{"taxonomy":"product_tag","embeddable":true,"href":"https:\/\/visitaloshaitises.com\/ms\/wp-json\/wp\/v2\/product_tag?post=11645"}],"curies":[{"name":"wp","href":"https:\/\/api.w.org\/{rel}","templated":true}]}}