{"id":551,"date":"2020-06-19T20:10:32","date_gmt":"2020-06-19T20:10:32","guid":{"rendered":"https:\/\/haitises.com\/?post_type=product&#038;p=551"},"modified":"2023-10-14T21:50:12","modified_gmt":"2023-10-14T21:50:12","slug":"excursion-al-los-haitises-y-cano-hondo-desde-samana","status":"publish","type":"product","link":"https:\/\/visitaloshaitises.com\/mr\/private\/excursion-al-los-haitises-y-cano-hondo-desde-samana\/","title":{"rendered":"Saman\u00e1 \u092a\u093e\u0938\u0942\u0928 \u0932\u0949\u0938 Haitises \u0906\u0923\u093f Ca\u00f1o Hondo \u0938\u0939\u0932"},"content":{"rendered":"<div class=\"vc_row wpb_row vc_row-fluid\" ><div class=\"wpb_column vc_column_container vc_col-sm-12\"><div class=\"vc_column-inner\"><div class=\"wpb_wrapper\"><div class=\"mkdf-section-title-holder\" style=\"text-align: left\">\n\t<div class=\"mkdf-st-inner\">\n\t\t\t\t\t<h5 class=\"mkdf-st-subtitle\" >\n\t\t\t\t\u0926\u0941\u092a\u093e\u0930\u091a\u0947 \u091c\u0947\u0935\u0923 \u0906\u0923\u093f \u0928\u0948\u0938\u0930\u094d\u0917\u093f\u0915 \u0924\u0932\u093e\u0935\u093e\u0902\u092e\u0927\u094d\u092f\u0947 \u092a\u094b\u0939\u0923\u0947\t\t\t<\/h5>\n\t\t\t\t\t\t\t<\/div>\n<\/div><\/div><\/div><\/div><\/div><div class=\"vc_row wpb_row vc_row-fluid\" ><div class=\"wpb_column vc_column_container vc_col-sm-12\"><div class=\"vc_column-inner\"><div class=\"wpb_wrapper\">\n\t<div class=\"wpb_text_column wpb_content_element\" >\n\t\t<div class=\"wpb_wrapper\">\n\t\t\t<h2>\u0932\u0949\u0938 \u0939\u0948\u091f\u093f\u0938\u0947\u0938 \u0928\u0945\u0936\u0928\u0932 \u092a\u093e\u0930\u094d\u0915 + \u0938\u093e\u092e\u093e\u0928\u093e \u092c\u0902\u0926\u0930\u093e\u0924\u0942\u0928 \u0915\u0945\u0928\u094b \u0939\u094b\u0902\u0921\u094b\u092e\u0927\u094d\u092f\u0947 \u0926\u0941\u092a\u093e\u0930\u091a\u0947 \u091c\u0947\u0935\u0923.<\/h2>\n<h3><em>\u0935\u0930\u094d\u0923\u0928<\/em><\/h3>\n<p>\u0932\u0949\u0938 \u0939\u0948\u091f\u093f\u0938\u0947\u0938 \u0928\u0945\u0936\u0928\u0932 \u092a\u093e\u0930\u094d\u0915, \u0938\u093e\u092e\u093e\u0928\u093e \u092c\u0902\u0926\u0930\u093e\u092a\u093e\u0938\u0942\u0928 \u0938\u0941\u0930\u0942 \u0939\u094b\u0923\u093e\u0930\u0947, \u0924\u0938\u0947\u091a \u0915\u093e\u0928\u094b \u0939\u094b\u0902\u0921\u094b \u0907\u0915\u094b\u0932\u0949\u091c \u092f\u0947\u0925\u0947 \u0928\u0948\u0938\u0930\u094d\u0917\u093f\u0915 \u091d\u0931\u094d\u092f\u093e\u0902\u092e\u0927\u094d\u092f\u0947 \u0905\u092a\u094d\u0930\u0924\u093f\u092e \u0926\u0941\u092a\u093e\u0930\u091a\u0947 \u091c\u0947\u0935\u0923 \u0906\u0923\u093f \u092a\u094b\u0939\u0923\u0947. \u0906\u092e\u091a\u094d\u092f\u093e\u0938\u094b\u092c\u0924 \u092f\u093e \u0906\u0923\u093f \u0921\u094b\u092e\u093f\u0928\u093f\u0915\u0928 \u092a\u094d\u0930\u091c\u093e\u0938\u0924\u094d\u0924\u093e\u0915\u092e\u0927\u0940\u0932 \u0938\u0930\u094d\u0935\u093e\u0924 \u0938\u0941\u0902\u0926\u0930 \u0930\u093e\u0937\u094d\u091f\u094d\u0930\u0940\u092f \u0909\u0926\u094d\u092f\u093e\u0928\u093e\u0932\u093e \u092d\u0947\u091f \u0926\u094d\u092f\u093e, \u0916\u093e\u0930\u092b\u0941\u091f\u0940, \u0917\u0941\u0939\u093e \u0906\u0923\u093f \u0938\u0945\u0928 \u0932\u094b\u0930\u0947\u0928\u094d\u091d\u094b \u0916\u093e\u0921\u0940\u0932\u093e \u092d\u0947\u091f \u0926\u094d\u092f\u093e, \u0924\u0938\u0947\u091a \u0938\u0941\u0902\u0926\u0930 \u0938\u093e\u092e\u093e\u0928\u093e \u0916\u093e\u0921\u0940 \u092a\u093e\u0930 \u0915\u0930\u093e. Ca\u00f1o Hondo \u092e\u0927\u094d\u092f\u0947 \u0926\u0941\u092a\u093e\u0930\u091a\u0947 \u091c\u0947\u0935\u0923 \u0918\u0947\u0924\u0932\u094d\u092f\u093e\u0928\u0902\u0924\u0930, \u0924\u0941\u092e\u094d\u0939\u093e\u0932\u093e \u0928\u0948\u0938\u0930\u094d\u0917\u093f\u0915 \u0924\u0932\u093e\u0935\u093e\u0902\u092e\u0927\u094d\u092f\u0947 \u0915\u093e\u0939\u0940 \u0924\u093e\u0938 \u092a\u094b\u0939\u0923\u094d\u092f\u093e\u091a\u0940 \u0906\u0923\u093f \u0928\u0902\u0924\u0930 Saman\u00e1 \u092c\u0902\u0926\u0930\u093e\u0935\u0930 \u092a\u0930\u0924 \u091c\u093e\u0923\u094d\u092f\u093e\u091a\u0940 \u0938\u0902\u0927\u0940 \u092e\u093f\u0933\u0947\u0932.<\/p>\n<p>\u092f\u093e \u0905\u0928\u0941\u092d\u0935\u093e\u0928\u0902\u0924\u0930, \u0924\u0941\u092e\u094d\u0939\u0940 \u0938\u093e\u092e\u093e\u0928\u093e \u092c\u0902\u0926\u0930\u093e\u0935\u0930 \u092a\u0930\u0924 \u092f\u093e\u0932.<\/p>\n<ul>\n<li>\u0915\u0930\u093e\u0902\u091a\u093e \u0938\u092e\u093e\u0935\u0947\u0936 \u0906\u0939\u0947<\/li>\n<li>\u092e\u093e\u0930\u094d\u0917\u0926\u0930\u094d\u0936\u0915 \u0938\u0942\u091a\u0928\u093e \u0906\u0923\u093f \u092a\u0930\u094d\u092f\u0935\u0947\u0915\u094d\u0937\u0923 \u092a\u094d\u0930\u0926\u093e\u0928 \u0915\u0930\u0924\u094b.<\/li>\n<\/ul>\n<h3>\u0938\u092e\u093e\u0935\u0947\u0936 \u0906\u0923\u093f \u092c\u0939\u093f\u0937\u094d\u0915\u093e\u0930<\/h3>\n<h4>\u0938\u092e\u093e\u0935\u0947\u0936<\/h4>\n<ol>\n<li>\u0932\u0949\u0938 \u0939\u0948\u091f\u093f\u0938 \u091f\u0942\u0930 + \u0932\u0947\u0923\u0940 \u0906\u0923\u093f \u091a\u093f\u0924\u094d\u0930\u0947<\/li>\n<li>Ca\u00f1o Hondo \u092e\u0927\u094d\u092f\u0947 \u0926\u0941\u092a\u093e\u0930\u091a\u0947 \u091c\u0947\u0935\u0923<\/li>\n<li>\u0928\u0948\u0938\u0930\u094d\u0917\u093f\u0915 \u0924\u0932\u093e\u0935\u093e\u0902\u092e\u0927\u094d\u092f\u0947 \u092a\u094b\u0939\u0923\u0947<\/li>\n<li>\u0938\u0930\u094d\u0935 \u0915\u0930, \u0936\u0941\u0932\u094d\u0915 \u0906\u0923\u093f \u0939\u093e\u0924\u093e\u0933\u0923\u0940 \u0936\u0941\u0932\u094d\u0915.<\/li>\n<li>\u0938\u094d\u0925\u093e\u0928\u093f\u0915 \u0915\u0930<\/li>\n<li>\u092a\u0947\u092f<\/li>\n<li>\u0938\u0930\u094d\u0935 \u0909\u092a\u0915\u094d\u0930\u092e<\/li>\n<li>\u0938\u094d\u0925\u093e\u0928\u093f\u0915 \u092e\u093e\u0930\u094d\u0917\u0926\u0930\u094d\u0936\u0915<\/li>\n<\/ol>\n<h4>\u092c\u0939\u093f\u0937\u094d\u0915\u093e\u0930<\/h4>\n<ol>\n<li>\u091f\u093f\u092a\u093e<\/li>\n<li>\u0939\u0938\u094d\u0924\u093e\u0902\u0924\u0930\u0923<\/li>\n<li>\u0905\u0932\u094d\u0915\u094b\u0939\u094b\u0932\u092f\u0941\u0915\u094d\u0924 \u092a\u0947\u092f\u0947<\/li>\n<\/ol>\n<h3><em>\u0928\u093f\u0918\u0923\u0947 \u0906\u0923\u093f \u092a\u0930\u0924\u0923\u0947<\/em><\/h3>\n<p>\u092c\u0941\u0915\u093f\u0902\u0917 \u092a\u094d\u0930\u0915\u094d\u0930\u093f\u092f\u0947\u0928\u0902\u0924\u0930 \u092a\u094d\u0930\u0935\u093e\u0936\u093e\u0932\u093e \u092e\u0940\u091f\u093f\u0902\u0917 \u092a\u0949\u0907\u0902\u091f \u092e\u093f\u0933\u0947\u0932. \u091f\u0942\u0930 \u0906\u092e\u091a\u094d\u092f\u093e \u092d\u0947\u091f\u0940\u091a\u094d\u092f\u093e \u0920\u093f\u0915\u093e\u0923\u0940 \u0938\u0941\u0930\u0942 \u0939\u094b\u0924\u093e\u0924 \u0906\u0923\u093f \u0938\u0902\u092a\u0924\u093e\u0924.<\/p>\n<h3><em>\u0915\u093e\u092f \u0905\u092a\u0947\u0915\u094d\u0937\u093e \u0915\u0930\u093e\u092f\u091a\u0940?<\/em><\/h3>\n<p>Ca\u00f1o Hondo \u092f\u0947\u0925\u0947 \u0905\u092a\u094d\u0930\u0924\u093f\u092e \u0932\u0902\u091a \u0906\u0923\u093f \u0928\u0948\u0938\u0930\u094d\u0917\u093f\u0915 \u0924\u0932\u093e\u0935\u093e\u0902\u092e\u0927\u094d\u092f\u0947 \u092a\u094b\u0939\u0923\u094d\u092f\u093e\u0938\u093e\u0920\u0940 \u0932\u0949\u0938 \u0939\u0948\u091f\u093f\u0938\u0947\u0938 \u0928\u0945\u0936\u0928\u0932 \u092a\u093e\u0930\u094d\u0915\u0932\u093e \u092d\u0947\u091f \u0926\u0947\u0923\u094d\u092f\u093e\u0938\u093e\u0920\u0940 \u0924\u0941\u092e\u091a\u0940 \u0924\u093f\u0915\u093f\u091f\u0947 \u092e\u093f\u0933\u0935\u093e.<\/p>\n<p>\u0938\u094d\u0925\u093e\u0928\u093f\u0915 \u091f\u0942\u0930 \u0917\u093e\u0908\u0921\u0938\u0939 \u092c\u094b\u091f\u0940 \u0915\u093f\u0902\u0935\u093e \u0915\u0945\u091f\u093e\u092e\u0930\u0928\u0935\u0930 \u092c\u0938\u0942\u0928 \u0938\u092e\u093e\u0928\u093e \u092c\u0902\u0926\u0930\u093e\u092a\u093e\u0938\u0942\u0928 \u0938\u0941\u0930\u0941\u0935\u093e\u0924 \u0915\u0930\u0942\u0928, \u0921\u094b\u092e\u093f\u0928\u093f\u0915\u0928 \u0930\u093f\u092a\u092c\u094d\u0932\u093f\u0915\u092e\u0927\u0940\u0932 \u0938\u0930\u094d\u0935\u093e\u0924 \u0938\u0941\u0902\u0926\u0930 \u0930\u093e\u0937\u094d\u091f\u094d\u0930\u0940\u092f \u0909\u0926\u094d\u092f\u093e\u0928\u093e\u0902\u092a\u0948\u0915\u0940 \u090f\u0915\u093e\u0932\u093e \u092d\u0947\u091f \u0926\u0947\u0923\u094d\u092f\u093e\u0938\u093e\u0920\u0940 \u0906\u092e\u094d\u0939\u0940 Sabana de la Mar \u091a\u094d\u092f\u093e \u092a\u0941\u0922\u0947 Saman\u00e1 \u0909\u092a\u0938\u093e\u0917\u0930 \u092a\u093e\u0930 \u0915\u0930\u0924\u094b.<\/p>\n<h5>\u0932\u0949\u0938 \u0939\u0948\u091f\u093f\u0938 \u0928\u0945\u0936\u0928\u0932 \u092a\u093e\u0930\u094d\u0915.<\/h5>\n<p>\u0906\u091c\u0942\u092c\u093e\u091c\u0942\u0932\u093e \u092a\u0915\u094d\u0937\u094d\u092f\u093e\u0902\u0938\u0939 \u092c\u0947\u091f\u093e\u0932\u093e \u092d\u0947\u091f \u0926\u0947\u0923\u0947. \u0918\u0930\u091f\u094d\u092f\u093e\u0924 \u092a\u0947\u0932\u093f\u0915\u0928\u091a\u0940 \u092a\u093f\u0932\u094d\u0932\u0947 \u0938\u0941\u0926\u094d\u0927\u093e \u0906\u092a\u0923 \u0918\u0930\u091f\u094d\u092f\u093e\u0924 \u092a\u093e\u0939\u0942 \u0936\u0915\u0924\u094b. \u0916\u0921\u0915\u093e\u0933 \u092c\u0947\u091f\u093e\u0902\u092e\u0927\u094d\u092f\u0947 \u0916\u094b\u0932\u0935\u0930 \u091c\u093e \u0906\u0923\u093f \u0938\u094d\u0925\u093e\u0928\u093f\u0915 \u0932\u094b\u0915\u093e\u0902\u091a\u094d\u092f\u093e \u091a\u093f\u0924\u094d\u0930 \u0906\u0923\u093f \u092a\u0947\u091f\u094d\u0930\u094b\u0917\u094d\u0932\u093f\u092b\u0938\u0939 \u0932\u0947\u0923\u094d\u092f\u093e\u0902\u0928\u093e \u092d\u0947\u091f \u0926\u094d\u092f\u093e.<\/p>\n<p>El recorrido, organizado por \u00abBooking Adventures\u00bb, comienza en el punto de encuentro establecido con el gu\u00eda tur\u00edstico. Ven con Booking Adventures y comienza a observar algunos manglares llenos de aves, colinas onduladas de exuberante vegetaci\u00f3n y cuevas del Parque Nacional Los Haitises.<\/p>\n<p>El nombre del parque nacional proviene de sus habitantes originales, los indios ta\u00ednos. En su idioma, \u00abHaitises\u00bb se traduce a tierras altas o colinas, una referencia a las empinadas formaciones geol\u00f3gicas de la costa con calizas. Avent\u00farate en el parque para explorar cuevas como la Cueva de la Arena y la Cueva de la L\u00ednea.<\/p>\n<p>\u0930\u093f\u091d\u0930\u094d\u0935\u094d\u0939\u092e\u0927\u0940\u0932 \u0917\u0941\u0939\u093e \u091f\u093e\u092f\u0928\u094b \u0907\u0902\u0921\u093f\u092f\u0928\u094d\u0938 \u0906\u0923\u093f \u0928\u0902\u0924\u0930 \u0932\u092a\u0932\u0947\u0932\u094d\u092f\u093e \u0938\u092e\u0941\u0926\u094d\u0930\u0940 \u091a\u093e\u091a\u094d\u092f\u093e\u0902\u0928\u0940 \u0906\u0936\u094d\u0930\u092f\u0938\u094d\u0925\u093e\u0928 \u092e\u094d\u0939\u0923\u0942\u0928 \u0935\u093e\u092a\u0930\u0932\u094d\u092f\u093e. \u0915\u093e\u0939\u0940 \u092d\u093f\u0902\u0924\u0940 \u0938\u091c\u0935\u0923\u093e\u0931\u094d\u092f\u093e \u092d\u093e\u0930\u0924\u0940\u092f\u093e\u0902\u091a\u0940 \u0930\u0947\u0916\u093e\u091a\u093f\u0924\u094d\u0930\u0947 \u092a\u0939\u093e.<\/p>\n<p>\u0932\u0949\u0938 \u0939\u0948\u091f\u093f\u0938\u0947\u0938 \u0928\u0945\u0936\u0928\u0932 \u092a\u093e\u0930\u094d\u0915\u0932\u093e \u092d\u0947\u091f \u0926\u093f\u0932\u094d\u092f\u093e\u0928\u0902\u0924\u0930 \u0906\u092e\u094d\u0939\u0940 \u0915\u0945\u0928\u094b \u0939\u094b\u0902\u0921\u094b\u0932\u093e \u091c\u093e\u090a. \u0915\u0945\u0928\u094b \u0939\u094b\u0902\u0921\u094b\u092e\u0927\u094d\u092f\u0947 \u0924\u0941\u092e\u094d\u0939\u0940 \u092f\u093e \u092a\u0930\u094d\u092f\u093e\u0935\u0930\u0923\u0940\u092f \u0907\u0924\u093f\u0939\u093e\u0938\u093e\u0935\u093f\u0937\u092f\u0940 \u091c\u093e\u0923\u0942\u0928 \u0918\u094d\u092f\u093e\u0932 \u0906\u0923\u093f \u0938\u092c\u093e\u0928\u093e \u0926\u0947 \u0932\u093e \u092e\u093e\u0930 \u0938\u092e\u0941\u0926\u093e\u092f\u093e\u091a\u094d\u092f\u093e \u0920\u0930\u093e\u0935\u093f\u0915 \u0916\u093e\u0926\u094d\u092f\u092a\u0926\u093e\u0930\u094d\u0925\u093e\u0902\u0938\u0939 \u0926\u0941\u092a\u093e\u0930\u091a\u094d\u092f\u093e \u091c\u0947\u0935\u0923\u093e\u091a\u0940 \u0935\u0947\u0933 \u0918\u094d\u092f\u093e\u0932.<\/p>\n<p>\u0926\u0941\u092a\u093e\u0930\u091a\u0947 \u091c\u0947\u0935\u0923 \u0938\u094d\u0935\u093e\u0926\u093f\u0937\u094d\u091f \u0905\u0938\u0947\u0932 \u092a\u0930\u0902\u0924\u0941 \u0906\u092e\u094d\u0939\u0940 \u0905\u0926\u094d\u092f\u093e\u092a \u092a\u0942\u0930\u094d\u0923 \u0915\u0947\u0932\u0947\u0932\u0947 \u0928\u093e\u0939\u0940. \u0926\u0941\u092a\u093e\u0930\u091a\u094d\u092f\u093e \u091c\u0947\u0935\u0923\u093e\u0928\u0902\u0924\u0930, \u0906\u092e\u094d\u0939\u0940 \u091c\u093f\u092c\u093e\u0932\u0947\u0938 \u0928\u0926\u0940\u092a\u093e\u0938\u0942\u0928 \u0915\u093e\u0928\u094b \u0939\u094b\u0902\u0921\u094b \u0928\u0926\u0940\u092a\u0930\u094d\u092f\u0902\u0924\u091a\u094d\u092f\u093e \u0928\u0948\u0938\u0930\u094d\u0917\u093f\u0915 \u0924\u0932\u093e\u0935\u093e\u0902\u092e\u0927\u094d\u092f\u0947 \u092a\u094b\u0939\u0942. Ca\u00f1o Hondo \u092e\u0927\u094d\u092f\u0947 \u0938\u0902\u0927\u094d\u092f\u093e\u0915\u093e\u0933\u0940 4:00 \u0935\u093e\u091c\u0947\u092a\u0930\u094d\u092f\u0902\u0924 \u092e\u0941\u0915\u094d\u0915\u093e\u092e \u0915\u0930\u0942\u0928 \u0906\u0923\u093f Saman\u00e1 \u092c\u0902\u0926\u0930\u093e\u0935\u0930 \u092a\u0930\u0924 \u0906\u0932\u094d\u092f\u093e\u0935\u0930, \u0906\u092e\u094d\u0939\u0940 \u092a\u0941\u0928\u094d\u0939\u093e \u0916\u093e\u0930\u092b\u0941\u091f\u0940\u0924\u0942\u0928 \u092a\u0941\u0922\u0947 \u091c\u093e\u090a \u0906\u0923\u093f \u0938\u0945\u0928 \u0932\u094b\u0930\u0947\u0928\u094d\u091d\u094b\u091a\u094d\u092f\u093e \u0916\u0941\u0932\u094d\u092f\u093e \u0916\u093e\u0921\u0940\u0935\u0930 \u092a\u094b\u0939\u094b\u091a\u0942, \u091c\u093f\u0925\u0942\u0928 \u0924\u0941\u092e\u094d\u0939\u0940 \u0916\u0921\u092c\u0921\u0940\u0924 \u091c\u0902\u0917\u0932\u093e\u0924\u0940\u0932 \u0928\u093f\u0938\u0930\u094d\u0917\u091a\u093f\u0924\u094d\u0930\u0947 \u0915\u093e\u0922\u0942 \u0936\u0915\u0924\u093e. \u092e\u0945\u0928\u0947\u091f\u0940, \u0915\u094d\u0930\u0938\u094d\u091f\u0947\u0936\u093f\u092f\u0928 \u0906\u0923\u093f \u0921\u0949\u0932\u094d\u092b\u093f\u0928 \u092a\u093e\u0939\u0923\u094d\u092f\u093e\u0938\u093e\u0920\u0940 \u092a\u093e\u0923\u094d\u092f\u093e\u0924 \u092a\u0939\u093e.<\/p>\n<p>\u0924\u094b\u092a\u0930\u094d\u092f\u0902\u0924 \u0924\u0941\u092e\u094d\u0939\u0940 \u091f\u0942\u0930 \u0917\u093e\u0907\u0921\u0938\u094b\u092c\u0924 \u0938\u0947\u091f\u0932 \u0935\u094d\u0939\u093e\u0932 \u0906\u0923\u093f \u0924\u094d\u092f\u093e\u0928\u0902\u0924\u0930 \u0915\u0945\u0928\u094b \u0939\u094b\u0902\u0921\u094b \u092c\u0902\u0926\u0930\u093e\u0935\u0930 \u091c\u093e \u0906\u0923\u093f 30 \u092e\u093f\u0928\u093f\u091f\u093e\u0902\u091a\u094d\u092f\u093e \u0905\u0902\u0924\u0930\u093e\u0928\u0947 \u0938\u092e\u093e\u0928\u093e\u091a\u094d\u092f\u093e \u0916\u093e\u0921\u0940\u0924\u0942\u0928 \u0938\u092e\u093e\u0928\u093e \u092c\u0902\u0926\u0930\u093e\u0924 \u092a\u0930\u0924 \u091c\u093e.<\/p>\n<p>\u0924\u0941\u092e\u094d\u0939\u093e\u0932\u093e \u0939\u0940 \u0938\u0939\u0932 \u0905\u0927\u093f\u0915 \u0906\u0935\u0921\u0932\u094d\u092f\u093e\u0938, \u0906\u092e\u091a\u094d\u092f\u093e\u0915\u0921\u0947 \u0939\u0947 \u092a\u0930\u094d\u092f\u093e\u092f \u0906\u0939\u0947\u0924:<\/p>\n<p>Los Haitises + Cayo Levantado Saman\u00e1 \u092c\u0902\u0926\u0930\u093e\u0924\u0942\u0928.<\/p>\n<h3><em>\u0906\u092a\u0923 \u0915\u093e\u092f \u0906\u0923\u093e\u0935\u0947?<\/em><\/h3>\n<ul>\n<li>\u0915\u0945\u092e\u0947\u0930\u093e<\/li>\n<li>\u092a\u094d\u0930\u0924\u093f\u0915\u093e\u0930\u0915<\/li>\n<li>\u0938\u0928\u0938\u094d\u0915\u094d\u0930\u0940\u0928<\/li>\n<li>\u091f\u094b\u092a\u0940<\/li>\n<li>\u0906\u0930\u093e\u092e\u0926\u093e\u092f\u0940 \u092a\u0901\u091f<\/li>\n<li>\u092b\u0949\u0930\u0947\u0938\u094d\u091f \u0939\u093e\u092f\u0915\u093f\u0902\u0917 \u0936\u0942\u091c<\/li>\n<li>\u0938\u094d\u092a\u094d\u0930\u093f\u0902\u0917 \u092d\u093e\u0917\u093e\u0924 \u0938\u0901\u0921\u0932.<\/li>\n<li>\u0938\u094d\u0935\u093f\u092e\u0938\u0942\u091f<\/li>\n<\/ul>\n<h3><em>\u0939\u0949\u091f\u0947\u0932 \u092a\u093f\u0915\u0905\u092a<\/em><\/h3>\n<p>\u092f\u093e \u091f\u0942\u0930\u0938\u093e\u0920\u0940 \u0939\u0949\u091f\u0947\u0932 \u092a\u093f\u0915\u0905\u092a\u091a\u0940 \u0911\u092b\u0930 \u0928\u093e\u0939\u0940.<\/p>\n<p><strong>\u091f\u0940\u092a:<\/strong> \u091c\u0930 \u0924\u0941\u092e\u094d\u0939\u0940 \u091f\u0942\u0930\/\u092a\u0930\u094d\u092f\u091f\u0928 \u0938\u0941\u091f\u0923\u094d\u092f\u093e\u091a\u094d\u092f\u093e \u0935\u0947\u0933\u0947\u091a\u094d\u092f\u093e 24 \u0924\u093e\u0938\u093e\u0902\u091a\u094d\u092f\u093e \u0906\u0924 \u092c\u0941\u0915 \u0915\u0947\u0932\u0947 \u0924\u0930, \u0906\u092e\u094d\u0939\u0940 \u0905\u0924\u093f\u0930\u093f\u0915\u094d\u0924 \u0936\u0941\u0932\u094d\u0915\u093e\u0938\u0939 \u0939\u0949\u091f\u0947\u0932 \u092a\u093f\u0915\u0905\u092a\u091a\u0940 \u0935\u094d\u092f\u0935\u0938\u094d\u0925\u093e \u0915\u0930\u0942 \u0936\u0915\u0924\u094b. \u090f\u0915\u0926\u093e \u0924\u0941\u092e\u091a\u0940 \u0916\u0930\u0947\u0926\u0940 \u092a\u0942\u0930\u094d\u0923 \u091d\u093e\u0932\u094d\u092f\u093e\u0928\u0902\u0924\u0930, \u0906\u092e\u094d\u0939\u0940 \u0924\u0941\u092e\u094d\u0939\u093e\u0932\u093e \u092a\u093f\u0915\u0905\u092a \u0935\u094d\u092f\u0935\u0938\u094d\u0925\u093e \u0915\u0930\u0923\u094d\u092f\u093e\u0938\u093e\u0920\u0940 \u0906\u092e\u091a\u094d\u092f\u093e \u0938\u094d\u0925\u093e\u0928\u093f\u0915 \u091f\u0942\u0930 \u092e\u093e\u0930\u094d\u0917\u0926\u0930\u094d\u0936\u0915\u093e\u0938\u093e\u0920\u0940 \u0938\u0902\u092a\u0942\u0930\u094d\u0923 \u0938\u0902\u092a\u0930\u094d\u0915 \u092e\u093e\u0939\u093f\u0924\u0940 (\u092b\u094b\u0928 \u0928\u0902\u092c\u0930, \u0908\u092e\u0947\u0932 \u092a\u0924\u094d\u0924\u093e \u0907.) \u092a\u093e\u0920\u0935\u0942.<\/p>\n<h3>\u0905\u0924\u093f\u0930\u093f\u0915\u094d\u0924 \u092e\u093e\u0939\u093f\u0924\u0940\u091a\u0940 \u092a\u0941\u0937\u094d\u091f\u0940<\/h3>\n<ol>\n<li>\u092f\u093e \u091f\u0942\u0930\u0938\u093e\u0920\u0940 \u092a\u0948\u0938\u0947 \u092d\u0930\u0932\u094d\u092f\u093e\u0928\u0902\u0924\u0930 \u0924\u093f\u0915\u093f\u091f\u0947 \u0939\u0940 \u092a\u093e\u0935\u0924\u0940 \u0906\u0939\u0947\u0924. \u0924\u0941\u092e\u094d\u0939\u0940 \u0924\u0941\u092e\u091a\u094d\u092f\u093e \u092b\u094b\u0928\u0935\u0930 \u092a\u0947\u092e\u0947\u0902\u091f \u0926\u093e\u0916\u0935\u0942 \u0936\u0915\u0924\u093e.<\/li>\n<li>\u0906\u0930\u0915\u094d\u0937\u0923 \u092a\u094d\u0930\u0915\u094d\u0930\u093f\u092f\u0947\u0928\u0902\u0924\u0930 \u092c\u0948\u0920\u0915\u0940\u091a\u093e \u092e\u0941\u0926\u094d\u0926\u093e \u092a\u094d\u0930\u093e\u092a\u094d\u0924 \u0939\u094b\u0908\u0932.<\/li>\n<li>\u092e\u0941\u0932\u093e\u0902\u092c\u0930\u094b\u092c\u0930 \u092a\u094d\u0930\u094c\u0922 \u0935\u094d\u092f\u0915\u094d\u0924\u0940 \u0905\u0938\u0923\u0947 \u0906\u0935\u0936\u094d\u092f\u0915 \u0906\u0939\u0947.<\/li>\n<li>\u0935\u094d\u0939\u0940\u0932\u091a\u0947\u0905\u0930 \u092a\u094d\u0930\u0935\u0947\u0936\u092f\u094b\u0917\u094d\u092f \u0928\u093e\u0939\u0940<\/li>\n<li>\u0932\u0939\u093e\u0928 \u092e\u0941\u0932\u093e\u0902\u0928\u0940 \u0932\u0939\u093e\u0928 \u092e\u0941\u0932\u093e\u0902\u091a\u094d\u092f\u093e \u0906\u0938\u0928\u093e\u0935\u0930 \u0915\u093f\u0902\u0935\u093e \u092a\u094d\u0930\u094c\u0922\u093e\u0902\u0938\u094b\u092c\u0924 \u092c\u0938\u093e\u0935\u0947<\/li>\n<li>\u092a\u093e\u0920\u0940\u091a\u094d\u092f\u093e \u0938\u092e\u0938\u094d\u092f\u093e \u0905\u0938\u0932\u0947\u0932\u094d\u092f\u093e \u092a\u094d\u0930\u0935\u093e\u0936\u093e\u0902\u0938\u093e\u0920\u0940 \u0936\u093f\u092b\u093e\u0930\u0938 \u0915\u0947\u0932\u0947\u0932\u0940 \u0928\u093e\u0939\u0940.<\/li>\n<li>\u0917\u0930\u094d\u092d\u0935\u0924\u0940 \u092e\u0939\u093f\u0932\u093e\u0902\u0938\u093e\u0920\u0940 \u0936\u093f\u092b\u093e\u0930\u0938 \u0915\u0947\u0932\u0947\u0932\u0940 \u0928\u093e\u0939\u0940.<\/li>\n<li>\u0939\u0943\u0926\u092f \u0938\u092e\u0938\u094d\u092f\u093e \u0915\u093f\u0902\u0935\u093e \u0907\u0924\u0930 \u0917\u0902\u092d\u0940\u0930 \u0935\u0948\u0926\u094d\u092f\u0915\u0940\u092f \u092a\u0930\u093f\u0938\u094d\u0925\u093f\u0924\u0940 \u0928\u093e\u0939\u0940.<\/li>\n<li>\u091c\u093e\u0938\u094d\u0924\u0940\u0924 \u091c\u093e\u0938\u094d\u0924 \u092a\u094d\u0930\u0935\u093e\u0938\u0940 \u0938\u0939\u092d\u093e\u0917\u0940 \u0939\u094b\u090a \u0936\u0915\u0924\u093e\u0924.<\/li>\n<\/ol>\n<h3><em>\u0930\u0926\u094d\u0926 \u0915\u0930\u0923\u094d\u092f\u093e\u091a\u0947 \u0927\u094b\u0930\u0923<\/em><\/h3>\n<p>\u092a\u0942\u0930\u094d\u0923 \u092a\u0930\u0924\u093e\u0935\u094d\u092f\u093e\u0938\u093e\u0920\u0940, \u0905\u0928\u0941\u092d\u0935 \u0938\u0941\u0930\u0942 \u0939\u094b\u0923\u094d\u092f\u093e\u091a\u094d\u092f\u093e \u0924\u093e\u0930\u0916\u0947\u091a\u094d\u092f\u093e \u0915\u093f\u092e\u093e\u0928 24 \u0924\u093e\u0938 \u0906\u0927\u0940 \u0930\u0926\u094d\u0926 \u0915\u0930\u093e.<\/p>\n\n\t\t<\/div>\n\t<\/div>\n<\/div><\/div><\/div><\/div><div class=\"vc_row wpb_row vc_row-fluid\" ><div class=\"wpb_column vc_column_container vc_col-sm-12\"><div class=\"vc_column-inner\"><div class=\"wpb_wrapper\"><div class=\"vc_empty_space\"   style=\"height: 32px\"><span class=\"vc_empty_space_inner\"><\/span><\/div>\n\t<div class=\"wpb_video_widget wpb_content_element vc_clearfix   vc_video-aspect-ratio-169 vc_video-el-width-100 vc_video-align-left\" >\n\t\t<div class=\"wpb_wrapper\">\n\t\t\t\n\t\t\t<div class=\"wpb_video_wrapper\"><iframe loading=\"lazy\" title=\"\u0932\u0949\u0938 \u0939\u0948\u091f\u093f\u0938\u0947\u0938 \u0928\u0945\u0936\u0928\u0932 \u092a\u093e\u0930\u094d\u0915, \u0938\u092e\u093e\u0928\u093e \u0915\u093f\u0902\u0935\u093e \u0938\u092c\u093e\u0928\u093e \u0926\u0947 \u0932\u093e \u092e\u093e\u0930 \u092f\u0947\u0925\u0942\u0928 \u091f\u0942\u0930 \u0906\u0923\u093f \u0938\u0939\u0932 \u092f\u0947\u0925\u0947 \u092c\u0941\u0915 \u0915\u0930\u093e:\" src=\"https:\/\/player.vimeo.com\/video\/346508015?dnt=1&amp;app_id=122963\" width=\"1100\" height=\"619\" frameborder=\"0\" allow=\"autoplay; fullscreen\" allowfullscreen><\/iframe><\/div>\n\t\t<\/div>\n\t<\/div>\n<\/div><\/div><\/div><\/div><div class=\"vc_row wpb_row vc_row-fluid\" ><div class=\"wpb_column vc_column_container vc_col-sm-12\"><div class=\"vc_column-inner\"><div class=\"wpb_wrapper\"><div class=\"vc_empty_space\"   style=\"height: 32px\"><span class=\"vc_empty_space_inner\"><\/span><\/div>\n\t<div class=\"wpb_text_column wpb_content_element\" >\n\t\t<div class=\"wpb_wrapper\">\n\t\t\t<h4>\u0906\u092e\u091a\u094d\u092f\u093e\u0936\u0940 \u0938\u0902\u092a\u0930\u094d\u0915 \u0938\u093e\u0927\u093e\u092f\u091a\u093e?<\/h4>\n<h5>\u0938\u093e\u0939\u0938\u0940 \u0906\u0930\u0915\u094d\u0937\u0923\u0947<\/h5>\n<p><em>\u091f\u0942\u0930 \u092e\u093e\u0930\u094d\u0917\u0926\u0930\u094d\u0936\u0915<\/em> <em><strong>\u0938\u094d\u0925\u093e\u0928\u093f\u0915<\/strong><\/em> \u0906\u0923\u093f <strong><em>\u0930\u093e\u0937\u094d\u091f\u094d\u0930\u0940\u092f<\/em><\/strong> \u0906\u0923\u093f<em>\u00a0\u0905\u0924\u093f\u0925\u0940 \u0938\u0947\u0935\u093e<\/em><\/p>\n<p>\u0906\u0930\u0915\u094d\u0937\u0923: \u0921\u094b\u092e \u092e\u0927\u094d\u092f\u0947 \u091f\u0942\u0930 \u0906\u0923\u093f \u0938\u0939\u0932. \u092a\u094d\u0930\u0924\u093f\u0928\u093f\u0927\u0940.<\/p>\n<p>\u0926\u0942\u0930\u0927\u094d\u0935\u0928\u0940\/\u0935\u094d\u0939\u0949\u091f\u094d\u0938\u0905\u0945\u092a +1-809-720-6035.<\/p>\n<p>info@bookingadventures.com.do<\/p>\n<p>\u0906\u092e\u094d\u0939\u0940 Whatsapp \u0926\u094d\u0935\u093e\u0930\u0947 \u0932\u0935\u091a\u093f\u0915 \u0915\u0949\u0928\u094d\u092b\u093f\u0917\u0930\u0947\u0936\u0928\u0938\u0939 \u0916\u093e\u091c\u0917\u0940 \u091f\u0942\u0930 \u0906\u0939\u094b\u0924: +18097206035.<\/p>\n\n\t\t<\/div>\n\t<\/div>\n<div class=\"vc_empty_space\"   style=\"height: 32px\"><span class=\"vc_empty_space_inner\"><\/span><\/div><\/div><\/div><\/div><\/div>","protected":false},"excerpt":{"rendered":"<p><strong>\u0915\u0943\u092a\u092f\u093e \u091f\u0942\u0930\u0938\u093e\u0920\u0940 \u0924\u093e\u0930\u0940\u0916 \u0928\u093f\u0935\u0921\u093e\u00a0<\/strong><\/p>","protected":false},"featured_media":104,"template":"","meta":[],"product_brand":[],"product_cat":[119,96,144,98,135,121,99,122,443,123,124],"product_tag":[126,127,128,145,132,133,146,147,148,143],"class_list":{"0":"post-551","1":"product","2":"type-product","3":"status-publish","4":"has-post-thumbnail","6":"product_cat-caves","7":"product_cat-hiking","8":"product_cat-kayaking","9":"product_cat-local-tour-guides","10":"product_cat-lunch","11":"product_cat-mangroves","12":"product_cat-swimming-natural-springs","13":"product_cat-tours-and-excursions","14":"product_cat-tours-y-excursiones-es","15":"product_cat-tours-excursions-los-haitises-national-park","16":"product_cat-tours-excursions-samana-bay-dominican-republic","17":"product_tag-cano-hondo","18":"product_tag-cano-hondo-hotel","19":"product_tag-cano-hondo-tours","20":"product_tag-day-tour-cano-hondo","21":"product_tag-los-haitises","22":"product_tag-los-haitises-national-park","23":"product_tag-mangroves-los-haitises","24":"product_tag-samana-bay","25":"product_tag-samana-excursions","26":"product_tag-samana-tours","28":"first","29":"instock","30":"sale","31":"sold-individually","32":"shipping-taxable","33":"product-type-external"},"_links":{"self":[{"href":"https:\/\/visitaloshaitises.com\/mr\/wp-json\/wp\/v2\/product\/551","targetHints":{"allow":["GET"]}}],"collection":[{"href":"https:\/\/visitaloshaitises.com\/mr\/wp-json\/wp\/v2\/product"}],"about":[{"href":"https:\/\/visitaloshaitises.com\/mr\/wp-json\/wp\/v2\/types\/product"}],"wp:featuredmedia":[{"embeddable":true,"href":"https:\/\/visitaloshaitises.com\/mr\/wp-json\/wp\/v2\/media\/104"}],"wp:attachment":[{"href":"https:\/\/visitaloshaitises.com\/mr\/wp-json\/wp\/v2\/media?parent=551"}],"wp:term":[{"taxonomy":"product_brand","embeddable":true,"href":"https:\/\/visitaloshaitises.com\/mr\/wp-json\/wp\/v2\/product_brand?post=551"},{"taxonomy":"product_cat","embeddable":true,"href":"https:\/\/visitaloshaitises.com\/mr\/wp-json\/wp\/v2\/product_cat?post=551"},{"taxonomy":"product_tag","embeddable":true,"href":"https:\/\/visitaloshaitises.com\/mr\/wp-json\/wp\/v2\/product_tag?post=551"}],"curies":[{"name":"wp","href":"https:\/\/api.w.org\/{rel}","templated":true}]}}