{"id":607,"date":"2020-07-11T21:05:03","date_gmt":"2020-07-11T21:05:03","guid":{"rendered":"https:\/\/haitises.com\/?post_type=product&#038;p=607"},"modified":"2024-04-16T04:05:26","modified_gmt":"2024-04-16T04:05:26","slug":"excursion-samana-zipline-tirolesa-el-valle-con-almuerzo-en-la-playa","status":"publish","type":"product","link":"https:\/\/visitaloshaitises.com\/mk\/private\/excursion-samana-zipline-tirolesa-el-valle-con-almuerzo-en-la-playa\/","title":{"rendered":"Excursi\u00f3n Saman\u00e1 Zipline (Tirolesa) El Valle con Almuerzo en la Playa"},"content":{"rendered":"<div class=\"vc_row wpb_row vc_row-fluid\" ><div class=\"wpb_column vc_column_container vc_col-sm-12\"><div class=\"vc_column-inner\"><div class=\"wpb_wrapper\"><div class=\"mkdf-section-title-holder\" style=\"text-align: left\">\n\t<div class=\"mkdf-st-inner\">\n\t\t\t\t\t<h5 class=\"mkdf-st-subtitle\" >\n\t\t\t\t Aventura de Zip Line\t\t\t<\/h5>\n\t\t\t\t\t\t\t<\/div>\n<\/div><\/div><\/div><\/div><\/div><div class=\"vc_row wpb_row vc_row-fluid\" ><div class=\"wpb_column vc_column_container vc_col-sm-12\"><div class=\"vc_column-inner\"><div class=\"wpb_wrapper\"><div class=\"vc_empty_space\"   style=\"height: 32px\"><span class=\"vc_empty_space_inner\"><\/span><\/div><\/div><\/div><\/div><\/div><div class=\"vc_row wpb_row vc_row-fluid\" ><div class=\"wpb_column vc_column_container vc_col-sm-12\"><div class=\"vc_column-inner\"><div class=\"wpb_wrapper\">\n\t<div class=\"wpb_text_column wpb_content_element\" >\n\t\t<div class=\"wpb_wrapper\">\n\t\t\t<h2>Zip Line(Tirolesa) Saman\u00e1, El Valle con almuerzo en la playa<\/h2>\n<h3>\u041e\u043f\u0438\u0441<\/h3>\n<p>Tirolesa en Saman\u00e1, El Valle m\u00e1s un almuerzo en la playa. Ven con nosotros y visita una de las tirolesas m\u00e1s largas del Caribe. 12 l\u00edneas, 13 estaciones y m\u00e1s de 7,400 pies de cable. Equ\u00edpate y sigue a tus gu\u00edas en doce plataformas de tirolesa que cruzan l\u00edneas de hasta 1,000 pies (304 metros) mientras disfrutas de vistas a\u00e9reas del paisaje.<\/p>\n<p>Despu\u00e9s de esta experiencia, obtendr\u00e1 su tiempo de playa adem\u00e1s de un almuerzo local en la playa.<\/p>\n<ul>\n<li>Incluye almuerzo buffet en la playa.<\/li>\n<li>Tirolesa en el bosque tropical y obtener vistas del paisaje<\/li>\n<li>El gu\u00eda proporciona instrucci\u00f3n y supervisi\u00f3n.<\/li>\n<\/ul>\n<h3>\u0412\u043a\u043b\u0443\u0447\u0443\u0432\u0430\u045a\u0430 \u0438 \u0438\u0441\u043a\u043b\u0443\u0447\u0443\u0432\u0430\u045a\u0430<\/h3>\n<h4>\u0412\u043a\u043b\u0443\u0447\u0443\u0432\u0430\u045a\u0430<\/h4>\n<ol>\n<li>Almuerzo buffet en la playa.<\/li>\n<li>Zipline Tour<\/li>\n<li>Bosque de caf\u00e9 y cacao<\/li>\n<li>Todos los impuestos, tarifas y cargos<\/li>\n<li>\u041b\u043e\u043a\u0430\u043b\u043d\u0438 \u0434\u0430\u043d\u043e\u0446\u0438<\/li>\n<li>\u041f\u0438\u0458\u0430\u043b\u043e\u0446\u0438<\/li>\n<li>\u0421\u0438\u0442\u0435 \u0430\u043a\u0442\u0438\u0432\u043d\u043e\u0441\u0442\u0438<\/li>\n<li>\u041b\u043e\u043a\u0430\u043b\u0435\u043d \u0432\u043e\u0434\u0438\u0447<\/li>\n<\/ol>\n<h3>\u0418\u0441\u043a\u043b\u0443\u0447\u0443\u0432\u0430\u045a\u0430<\/h3>\n<ol>\n<li>\u0421\u043e\u0432\u0435\u0442\u0438<\/li>\n<li>\u0422\u0440\u0430\u043d\u0441\u0444\u0435\u0440<\/li>\n<li>\u0410\u043b\u043a\u043e\u0445\u043e\u043b\u043d\u0438 \u043f\u0438\u0458\u0430\u043b\u043e\u0446\u0438<\/li>\n<\/ol>\n<h3><em>\u041f\u043e\u0430\u0453\u0430\u045a\u0435 \u0438 \u0432\u0440\u0430\u045c\u0430\u045a\u0435<\/em><\/h3>\n<p>\u041f\u0430\u0442\u043d\u0438\u043a\u043e\u0442 \u045c\u0435 \u0434\u043e\u0431\u0438\u0435 \u0442\u043e\u0447\u043a\u0430 \u0437\u0430 \u0441\u043e\u0441\u0442\u0430\u043d\u0443\u0432\u0430\u045a\u0435 \u043f\u043e \u043f\u0440\u043e\u0446\u0435\u0441\u043e\u0442 \u043d\u0430 \u0440\u0435\u0437\u0435\u0440\u0432\u0430\u0446\u0438\u0458\u0430. \u0422\u0443\u0440\u0438\u0442\u0435 \u0437\u0430\u043f\u043e\u0447\u043d\u0443\u0432\u0430\u0430\u0442 \u0438 \u0437\u0430\u0432\u0440\u0448\u0443\u0432\u0430\u0430\u0442 \u043d\u0430 \u043d\u0430\u0448\u0438\u0442\u0435 \u043c\u0435\u0441\u0442\u0430 \u0437\u0430 \u0441\u043e\u0441\u0442\u0430\u043d\u043e\u0446\u0438.<\/p>\n<h3><em>\u0428\u0442\u043e \u0434\u0430 \u043e\u0447\u0435\u043a\u0443\u0432\u0430\u043c?<\/em><\/h3>\n<p>Obtenga sus boletos para visitar el Zipline El Valle en Saman\u00e1, adem\u00e1s de un maravilloso almuerzo y tiempo de playa en la playa de El Valle.<\/p>\n<p>Despu\u00e9s de obtener todo tipo de equipo requerido para su seguridad (arn\u00e9s, cascos, etc.), la acci\u00f3n comenzar\u00e1, a caminar un poco por el bosque h\u00famedo de cocos y cacaos de Saman\u00e1.<\/p>\n<p>El recorrido, organizado por \u00abBooking Adventures\u00bb comienza en el punto de encuentro establecido con el gu\u00eda tur\u00edstico. Con una caba\u00f1a de la zona, donde reciben a los invitados con una degustaci\u00f3n de chocolate y caf\u00e9 org\u00e1nico y un trago de Mamajuana tambi\u00e9n. La emoci\u00f3n comienza en el momento en que los gu\u00edas de Zip-Line comienzan a colocar todo el equipo regulador en cada Zipliner y explican paso a paso qu\u00e9 hacer en la Zip Line. Se requerir\u00e1 el uso de cascos de seguridad con arn\u00e9s doble &#8230; la adrenalina comienza a surtir efecto, suda e incluso se arrepiente para ver la distancia del primer salto. Espere y participe en la \u00abl\u00ednea de seguridad\u00bb en el cable de acero, as\u00ed que es hora de liberar su cuerpo, experimentar la sensaci\u00f3n de volar, volar de plataforma en plataforma y disfrutar del aire con una vista privilegiada de las monta\u00f1as exuberantes, antiguas y tropicales. .<\/p>\n<p>Reservando aventuras, Zip-Line el Valle se compone de 12 plataformas interconectadas por tres cables de acero para un total de 7,400 pies de cables, que soportan 13 mil libras cada uno, donde los aventureros se deslizan partiendo de la primera plataforma inspirada en un barco pirata y una distancia de 1,000 pies desde la segunda plataforma, a una altura de m\u00e1s de 400 pies. Pirouetea, grita de emoci\u00f3n o simplemente distrae la vista en un \u00e1ngulo de 360 \u200b\u200bgrados, descubriendo el bosque tropical m\u00e1s exuberante que crece en el coraz\u00f3n de las monta\u00f1as.<\/p>\n<p>Subirse a los cables para muchas estaciones y terminar en la playa de El Valle. Esta playa es una de las m\u00e1s bellas de Saman\u00e1 y, por lo general, no hay muchas personas visitando los alrededores.<\/p>\n<p>Almuerza en la playa y puedes quedarte todo el tiempo que quieras nadando. \u00a1Se ofrece pescado frito y Tostones! Si eres vegano, tambi\u00e9n podemos prepararte algo de comida.<\/p>\n<h3><em>\u0428\u0442\u043e \u0442\u0440\u0435\u0431\u0430 \u0434\u0430 \u0434\u043e\u043d\u0435\u0441\u0435\u0442\u0435?<\/em><\/h3>\n<ul>\n<li>\u041a\u0430\u043c\u0435\u0440\u0430<\/li>\n<li>\u0420\u0435\u043f\u0435\u043b\u0435\u043d\u0442\u0438<\/li>\n<li>\u043a\u0440\u0435\u043c\u0430 \u0437\u0430 \u0441\u043e\u043d\u0447\u0430\u045a\u0435<\/li>\n<li>\u0428\u0430\u043f\u043a\u0430<\/li>\n<li>\u0423\u0434\u043e\u0431\u043d\u0438 \u043f\u0430\u043d\u0442\u0430\u043b\u043e\u043d\u0438<\/li>\n<li>\u041e\u0431\u0443\u0432\u043a\u0438 \u0437\u0430 \u043f\u0435\u0448\u0430\u0447\u0435\u045a\u0435 \u043f\u043e \u0448\u0443\u043c\u0430<\/li>\n<li>Sandalias a la playa<\/li>\n<li>\u041a\u043e\u0441\u0442\u0438\u043c \u0437\u0430 \u043a\u0430\u043f\u0435\u045a\u0435<\/li>\n<\/ul>\n<h3><em>\u0425\u043e\u0442\u0435\u043b\u0441\u043a\u0438 \u043f\u0438\u043a\u0430\u043f<\/em><\/h3>\n<p>\u0417\u0430 \u043e\u0432\u0430\u0430 \u0442\u0443\u0440\u0430 \u043d\u0435 \u0441\u0435 \u043d\u0443\u0434\u0438 \u0445\u043e\u0442\u0435\u043b\u0441\u043a\u0438 \u043f\u0438\u043a\u0430\u043f.<\/p>\n<p><strong>\u0417\u0430\u0431\u0435\u043b\u0435\u0448\u043a\u0430:<\/strong> si realiza la reserva dentro de las 24 horas de la hora de salida del tour \/ excursi\u00f3n, podemos organizar la recogida en el hotel con cargos adicionales. Una vez que se complete su compra, le enviaremos informaci\u00f3n de contacto completa (n\u00famero de tel\u00e9fono, direcci\u00f3n de correo electr\u00f3nico, etc.) para que nuestro gu\u00eda tur\u00edstico local organice los arreglos de recogida.<\/p>\n<h3><em>\u041f\u043e\u0442\u0432\u0440\u0434\u0430 \u0437\u0430 \u0434\u043e\u043f\u043e\u043b\u043d\u0438\u0442\u0435\u043b\u043d\u0438 \u0438\u043d\u0444\u043e\u0440\u043c\u0430\u0446\u0438\u0438<\/em><\/h3>\n<ul>\n<li>\u0411\u0438\u043b\u0435\u0442\u0438\u0442\u0435 \u0441\u0435 \u043f\u043e\u0442\u0432\u0440\u0434\u0430 \u043f\u043e \u043f\u043b\u0430\u045c\u0430\u045a\u0435\u0442\u043e \u0437\u0430 \u043e\u0432\u0430\u0430 \u0442\u0443\u0440\u043d\u0435\u0458\u0430. \u041c\u043e\u0436\u0435\u0442\u0435 \u0434\u0430 \u0433\u043e \u043f\u0440\u0438\u043a\u0430\u0436\u0435\u0442\u0435 \u043f\u043b\u0430\u045c\u0430\u045a\u0435\u0442\u043e \u043d\u0430 \u0432\u0430\u0448\u0438\u043e\u0442 \u0442\u0435\u043b\u0435\u0444\u043e\u043d.<\/li>\n<li>\u0422\u043e\u0447\u043a\u0430\u0442\u0430 \u0437\u0430 \u0441\u043e\u0441\u0442\u0430\u043d\u043e\u0446\u0438 \u045c\u0435 \u0431\u0438\u0434\u0435 \u043f\u0440\u0438\u043c\u0435\u043d\u0430 \u043f\u043e \u043f\u0440\u043e\u0446\u0435\u0441\u043e\u0442 \u043d\u0430 \u0440\u0435\u0437\u0435\u0440\u0432\u0430\u0446\u0438\u0458\u0430.<\/li>\n<li>\u0414\u0435\u0446\u0430\u0442\u0430 \u043c\u043e\u0440\u0430 \u0434\u0430 \u0431\u0438\u0434\u0430\u0442 \u043f\u0440\u0438\u0434\u0440\u0443\u0436\u0443\u0432\u0430\u043d\u0438 \u043e\u0434 \u0432\u043e\u0437\u0440\u0430\u0441\u0435\u043d.<\/li>\n<li>Los participantes deben pesar al menos 45 libras.<\/li>\n<li>Sin peso m\u00e1ximo, pero los arneses deben adaptarse a su cuerpo. (talla 54 cintura m\u00e1x.)<\/li>\n<li>Puedes Zip doble, con ni\u00f1os o con alguien especial.<\/li>\n<\/ul>\n<p><strong>\u0417\u0430\u0431\u0435\u043b\u0435\u0448\u043a\u0430:<\/strong> Hay una caminata de 100 yardas por una empinada colina de grava para llegar a la primera plataforma.<\/p>\n<ul>\n<li>\u041d\u0435 \u0435 \u0434\u043e\u0441\u0442\u0430\u043f\u043d\u043e \u0437\u0430 \u0438\u043d\u0432\u0430\u043b\u0438\u0434\u0441\u043a\u0430 \u043a\u043e\u043b\u0438\u0447\u043a\u0430<\/li>\n<li>Los infantes deben sentarse con un adulto<\/li>\n<li>\u041d\u0435 \u0441\u0435 \u043f\u0440\u0435\u043f\u043e\u0440\u0430\u0447\u0443\u0432\u0430 \u0437\u0430 \u043f\u0430\u0442\u043d\u0438\u0446\u0438 \u0441\u043e \u043f\u0440\u043e\u0431\u043b\u0435\u043c\u0438 \u0441\u043e \u0433\u0440\u0431\u043e\u0442.<\/li>\n<li>\u041d\u0435 \u0441\u0435 \u043f\u0440\u0435\u043f\u043e\u0440\u0430\u0447\u0443\u0432\u0430 \u0437\u0430 \u0442\u0440\u0443\u0434\u043d\u0438\u0446\u0438.<\/li>\n<li>\u041d\u0435\u043c\u0430 \u043f\u0440\u043e\u0431\u043b\u0435\u043c\u0438 \u0441\u043e \u0441\u0440\u0446\u0435\u0442\u043e \u0438\u043b\u0438 \u0434\u0440\u0443\u0433\u0438 \u0441\u0435\u0440\u0438\u043e\u0437\u043d\u0438 \u043c\u0435\u0434\u0438\u0446\u0438\u043d\u0441\u043a\u0438 \u0441\u043e\u0441\u0442\u043e\u0458\u0431\u0438.<\/li>\n<li>\u041f\u043e\u0432\u0435\u045c\u0435\u0442\u043e \u043f\u0430\u0442\u043d\u0438\u0446\u0438 \u043c\u043e\u0436\u0430\u0442 \u0434\u0430 \u0443\u0447\u0435\u0441\u0442\u0432\u0443\u0432\u0430\u0430\u0442.<\/li>\n<\/ul>\n<h3><em>\u041f\u043e\u043b\u0438\u0442\u0438\u043a\u0430 \u0437\u0430 \u043e\u0442\u043a\u0430\u0436\u0443\u0432\u0430\u045a\u0435<\/em><\/h3>\n<p>Para obtener un reembolso completo, cancele al menos 24 horas antes de la fecha de inicio de la actividad.<\/p>\n\n\t\t<\/div>\n\t<\/div>\n<\/div><\/div><\/div><\/div><div class=\"vc_row wpb_row vc_row-fluid\" ><div class=\"wpb_column vc_column_container vc_col-sm-12\"><div class=\"vc_column-inner\"><div class=\"wpb_wrapper\">\n\t<div class=\"wpb_text_column wpb_content_element\" >\n\t\t<div class=\"wpb_wrapper\">\n\t\t\t<h4>\u00a1Cont\u00e1ctenos!<\/h4>\n<h5>Reserva de aventuras<\/h5>\n<p><em>\u0422\u0443\u0440\u0438\u0441\u0442\u0438\u0447\u043a\u0438 \u0432\u043e\u0434\u0438\u0447\u0438 <strong>Locales<\/strong> \u0438 <strong>\u043d\u0430\u0446\u0438\u043e\u043d\u0430\u043b\u043d\u043e<\/strong> y servicios para hu\u00e9spedes<\/em><\/p>\n<p>\u0420\u0435\u0437\u0435\u0440\u0432\u0430\u0446\u0438\u0438: \u0422\u0443\u0440\u0438 \u0438 \u0435\u043a\u0441\u043a\u0443\u0440\u0437\u0438\u0438 \u0432\u043e \u0414\u043e\u043c.<\/p>\n<p>\u0422\u0435\u043b\/Whatsapp +1-809-720-6035.<\/p>\n<p>info@bookingadventures.com.do<\/p>\n<p>Hacemos tours privados de configuraci\u00f3n flexible por Whatsapp:<strong>\u00a0<a href=\"tel:+18097206035\">+18097206035.<\/a><\/strong><\/p>\n\n\t\t<\/div>\n\t<\/div>\n<div class=\"vc_empty_space\"   style=\"height: 32px\"><span class=\"vc_empty_space_inner\"><\/span><\/div><\/div><\/div><\/div><\/div>","protected":false},"excerpt":{"rendered":"<p>Tirolesa en Saman\u00e1, El Valle m\u00e1s un almuerzo en la playa. \u00a1Ven con nosotros y visita una de las tirolesas m\u00e1s largas del Caribe, 12 l\u00edneas, 13 estaciones y m\u00e1s de 7,400 pies de cable!<\/p>\n<p>Despu\u00e9s de esta experiencia, obtendr\u00e1 su tiempo en la playa adem\u00e1s de un almuerzo local en la playa.<\/p>\n<p><em><strong>Por favor seleccione la fecha para el Tour:<\/strong><\/em><\/p>","protected":false},"featured_media":132,"template":"","meta":[],"product_brand":[],"product_cat":[96,135,122,443,123,124],"product_tag":[138,157,158,142,147,148,143,159,160,161],"class_list":{"0":"post-607","1":"product","2":"type-product","3":"status-publish","4":"has-post-thumbnail","6":"product_cat-hiking","7":"product_cat-lunch","8":"product_cat-tours-and-excursions","9":"product_cat-tours-y-excursiones-es","10":"product_cat-tours-excursions-los-haitises-national-park","11":"product_cat-tours-excursions-samana-bay-dominican-republic","12":"product_tag-beach-time","13":"product_tag-el-valle-beach","14":"product_tag-playa-el-valle","15":"product_tag-samana","16":"product_tag-samana-bay","17":"product_tag-samana-excursions","18":"product_tag-samana-tours","19":"product_tag-tours-dominican-republic","20":"product_tag-zip-line","21":"product_tag-zip-line-samana","23":"first","24":"instock","25":"sale","26":"sold-individually","27":"shipping-taxable","28":"product-type-external"},"_links":{"self":[{"href":"https:\/\/visitaloshaitises.com\/mk\/wp-json\/wp\/v2\/product\/607","targetHints":{"allow":["GET"]}}],"collection":[{"href":"https:\/\/visitaloshaitises.com\/mk\/wp-json\/wp\/v2\/product"}],"about":[{"href":"https:\/\/visitaloshaitises.com\/mk\/wp-json\/wp\/v2\/types\/product"}],"wp:featuredmedia":[{"embeddable":true,"href":"https:\/\/visitaloshaitises.com\/mk\/wp-json\/wp\/v2\/media\/132"}],"wp:attachment":[{"href":"https:\/\/visitaloshaitises.com\/mk\/wp-json\/wp\/v2\/media?parent=607"}],"wp:term":[{"taxonomy":"product_brand","embeddable":true,"href":"https:\/\/visitaloshaitises.com\/mk\/wp-json\/wp\/v2\/product_brand?post=607"},{"taxonomy":"product_cat","embeddable":true,"href":"https:\/\/visitaloshaitises.com\/mk\/wp-json\/wp\/v2\/product_cat?post=607"},{"taxonomy":"product_tag","embeddable":true,"href":"https:\/\/visitaloshaitises.com\/mk\/wp-json\/wp\/v2\/product_tag?post=607"}],"curies":[{"name":"wp","href":"https:\/\/api.w.org\/{rel}","templated":true}]}}