{"id":11630,"date":"2023-10-04T07:39:46","date_gmt":"2023-10-04T07:39:46","guid":{"rendered":"https:\/\/haitises.com\/?post_type=product&#038;p=11630"},"modified":"2024-04-01T18:42:46","modified_gmt":"2024-04-01T18:42:46","slug":"birdwatching-in-los-haitises-national-park-3","status":"publish","type":"product","link":"https:\/\/visitaloshaitises.com\/mk\/private\/birdwatching-in-los-haitises-national-park-3\/","title":{"rendered":"\u041d\u0430\u0431\u0459\u0443\u0434\u0443\u0432\u0430\u045a\u0435 \u043f\u0442\u0438\u0446\u0438 \u0432\u043e \u043d\u0430\u0446\u0438\u043e\u043d\u0430\u043b\u043d\u0438\u043e\u0442 \u043f\u0430\u0440\u043a \u041b\u043e\u0441 \u0425\u0430\u0438\u0442\u0438\u0441"},"content":{"rendered":"<div class=\"vc_row wpb_row vc_row-fluid\" ><div class=\"wpb_column vc_column_container vc_col-sm-12\"><div class=\"vc_column-inner\"><div class=\"wpb_wrapper\"><div class=\"mkdf-section-title-holder\" style=\"text-align: left\">\n\t<div class=\"mkdf-st-inner\">\n\t\t\t\t\t<h5 class=\"mkdf-st-subtitle\" >\n\t\t\t\tBirding in Los Haitises National Park\t\t\t<\/h5>\n\t\t\t\t\t\t\t<h3 class=\"mkdf-st-title\" >\n\t\t\t\tRidgway's Hawk Tour\t\t\t<\/h3>\n\t\t\t\t\t<\/div>\n<\/div><div class=\"vc_empty_space\"   style=\"height: 32px\"><span class=\"vc_empty_space_inner\"><\/span><\/div><div class=\"vc_message_box vc_message_box-standard vc_message_box-rounded vc_color-info\" ><div class=\"vc_message_box-icon\"><i class=\"fas fa-info-circle\"><\/i><\/div><p>Check List update in Los Haitises National Park:\u00a0 <a href=\"https:\/\/www.ticketswhales.com\/los-haitises-national-park-birdwatching-check-list-update\/\" target=\"_blank\" rel=\"noopener\">Click Here<\/a><\/p>\n<\/div><div class=\"vc_empty_space\"   style=\"height: 32px\"><span class=\"vc_empty_space_inner\"><\/span><\/div><\/div><\/div><\/div><\/div><div class=\"vc_row wpb_row vc_row-fluid\" ><div class=\"wpb_column vc_column_container vc_col-sm-12\"><div class=\"vc_column-inner\"><div class=\"wpb_wrapper\"><div class=\"vc_btn3-container vc_btn3-inline\" ><button class=\"vc_general vc_btn3 vc_btn3-size-md vc_btn3-shape-rounded vc_btn3-style-modern vc_btn3-color-green\">\u0420\u0415\u0417\u0415\u0420\u0412\u0418\u0420\u0410\u0408 \u0421\u0415\u0413\u0410<\/button><\/div>\n\t<div class=\"wpb_text_column wpb_content_element\" >\n\t\t<div class=\"wpb_wrapper\">\n\t\t\t<h4><b><i>\u041f\u0440\u0435\u0433\u043b\u0435\u0434 <\/i><\/b><\/h4>\n<section><\/section>\n<p>We are conserving 110 species of birds which you can find in Los Haitises National Park. Walking through this magical forest in search of parrots, Todys, Ridgway\u2019s Hawks, tanagers, hummingbirds, and much more. Providing interesting History about all these birds which you can see on the Humit trail. We know the spots habitats of Ridgway\u2019s, Ashy Faced Owls and other endemics species. This Tour is focus on nature and is more concentrated in the information about wildlife.<\/p>\n<p><strong>Usually is a private tour for a truly high quality experience.<\/strong><\/p>\n<h4><\/h4>\n<h4><b>\u0412\u043a\u043b\u0443\u0447\u0443\u0432\u0430\u045a\u0430 \u0438 \u0438\u0441\u043a\u043b\u0443\u0447\u0443\u0432\u0430\u045a\u0430<\/b><\/h4>\n<p><b>\u0412\u043a\u043b\u0443\u0447\u0443\u0432\u0430\u045a\u0430<\/b><\/p>\n<ol>\n<li style=\"font-weight: 400;\">3 hours bird walk on the park trails<\/li>\n<li style=\"font-weight: 400;\"><span style=\"font-weight: 400;\">\u0421\u0438\u0442\u0435 \u0434\u0430\u043d\u043e\u0446\u0438, \u0442\u0430\u043a\u0441\u0438 \u0438 \u0442\u0440\u043e\u0448\u043e\u0446\u0438 \u0437\u0430 \u0440\u0430\u043a\u0443\u0432\u0430\u045a\u0435<\/span><\/li>\n<li style=\"font-weight: 400;\"><span style=\"font-weight: 400;\">\u041b\u043e\u043a\u0430\u043b\u043d\u0438 \u0434\u0430\u043d\u043e\u0446\u0438<\/span><\/li>\n<li style=\"font-weight: 400;\">Officials Ecologist tour guides English\/Spanish<\/li>\n<\/ol>\n<p><b> \u0418\u0441\u043a\u043b\u0443\u0447\u0443\u0432\u0430\u045a\u0430<\/b><\/p>\n<ol>\n<li style=\"font-weight: 400;\"><span style=\"font-weight: 400;\">\u0411\u0430\u043a\u0448\u0438\u0448\u0438\u0442\u0435<\/span><\/li>\n<li style=\"font-weight: 400;\"><span style=\"font-weight: 400;\">\u0422\u0440\u0430\u043d\u0441\u0444\u0435\u0440<\/span><\/li>\n<li style=\"font-weight: 400;\"><span style=\"font-weight: 400;\">Beverage<\/span><\/li>\n<\/ol>\n<p>&nbsp;<\/p>\n<h4><em><strong>\u041f\u043e\u0430\u0453\u0430\u045a\u0435 \u0438 \u0432\u0440\u0430\u045c\u0430\u045a\u0435<\/strong><\/em><\/h4>\n<p><span style=\"font-weight: 400;\">The tour, organized by \u00abBooking Adventures\u00bb starts at the meeting point set with the Tour Guide. The traveler will get a meeting point after the Reservation Process. Tours start and Finished in our meeting points.<\/span><\/p>\n<p>&nbsp;<\/p>\n<h4><b><i>\u0428\u0442\u043e \u0434\u0430 \u043e\u0447\u0435\u043a\u0443\u0432\u0430\u043c?<\/i><\/b><\/h4>\n<p><em><strong>Get your ticket<\/strong><\/em> for birdwatching in Los Haitises National Park.<\/p>\n<p>This Excursion starts from meeting point by hiking the Ridgway trails to the Nesting areas. After 30 min hiking and watching the Hawks we have the option to continue hiking around and check for Parrots, piculets, and Others Endemics species in Los Haitises National Park.<\/p>\n<p>Los Haitises National Park has just two Trails for Birding in Sabana de la Mar. On the way to Los Hiatises National Park we stop in some spots to see more birds.<\/p>\n<p>Been in the San Lorenzo Bay. we will visit two Caves, the Sadly Cave call in Spanish\u00a0Cueva de la Arena; in this Cave, we can see the petrographs\u00a0from Tainos communities\u00a0that were staying around this area. and using the caves as a temple.<\/p>\n<p>After that, we go ahead to the Linea Cave, this one with 2,243 originals pictographs and our tour guide explain you the information from archeologist about those pictographs.<\/p>\n<p>Taking the boat back again to the Pajaros island ( Birds Island) where we can see most of the\u00a0wetlands birds around\u00a0to Los Haitises National Park. Just because\u00a0all birds are not in the Water.<\/p>\n<p>After 4 and half hours learning about birds in Los Haitises National Park, this excursion ends in the same place as started.<\/p>\n<p><strong>Note: These tours are with Officials Ecologist tour guides. Please Book with time because in the park there are no too many specialists.<\/strong><\/p>\n<p>&nbsp;<\/p>\n<h4><em><strong>\u0428\u0442\u043e \u0442\u0440\u0435\u0431\u0430 \u0434\u0430 \u0434\u043e\u043d\u0435\u0441\u0435\u0442\u0435?<\/strong><\/em><\/h4>\n<ul>\n<li style=\"font-weight: 400;\"><span style=\"font-weight: 400;\">\u043a\u0430\u043c\u0435\u0440\u0430<\/span><\/li>\n<li>Binocular<\/li>\n<li style=\"font-weight: 400;\"><span style=\"font-weight: 400;\">\u041e\u0434\u0432\u0440\u0430\u0442\u043d\u0438 \u043f\u0443\u043f\u043a\u0438<\/span><\/li>\n<li style=\"font-weight: 400;\"><span style=\"font-weight: 400;\">\u043a\u0440\u0435\u043c\u0430 \u0437\u0430 \u0441\u043e\u043d\u0446\u0435<\/span><\/li>\n<li style=\"font-weight: 400;\"><span style=\"font-weight: 400;\">\u0428\u0430\u043f\u043a\u0430<\/span><\/li>\n<li style=\"font-weight: 400;\"><span style=\"font-weight: 400;\">\u0423\u0434\u043e\u0431\u043d\u0438 \u043f\u0430\u043d\u0442\u0430\u043b\u043e\u043d\u0438<\/span><\/li>\n<li style=\"font-weight: 400;\"><span style=\"font-weight: 400;\">\u041f\u0435\u0448\u0430\u0447\u043a\u0438 \u0447\u0435\u0432\u043b\u0438 \u0437\u0430 \u0448\u0443\u043c\u0430<\/span><\/li>\n<li style=\"font-weight: 400;\"><span style=\"font-weight: 400;\">\u0421\u0430\u043d\u0434\u0430\u043b\u0438 \u0437\u0430 \u043f\u0440\u043e\u043b\u0435\u0442\u043d\u0438\u0442\u0435 \u043e\u0431\u043b\u0430\u0441\u0442\u0438.<\/span><\/li>\n<li style=\"font-weight: 400;\"><span style=\"font-weight: 400;\">\u041e\u0431\u043b\u0435\u043a\u0430 \u0437\u0430 \u043f\u043b\u0438\u0432\u0430\u045a\u0435<\/span><\/li>\n<\/ul>\n<p>&nbsp;<\/p>\n<h4><b><i>\u0425\u043e\u0442\u0435\u043b\u0441\u043a\u0438 \u043f\u0438\u043a\u0430\u043f <\/i><\/b><\/h4>\n<p><span style=\"font-weight: 400;\">\u0417\u0430 \u043e\u0432\u0430\u0430 \u0442\u0443\u0440\u0430 \u043d\u0435 \u0441\u0435 \u043d\u0443\u0434\u0438 \u0437\u0435\u043c\u0430\u045a\u0435 \u0445\u043e\u0442\u0435\u043b. <\/span><\/p>\n<p>&nbsp;<\/p>\n<p><b>\u0417\u0430\u0431\u0435\u043b\u0435\u0448\u043a\u0430:<\/b><span style=\"font-weight: 400;\"> \u0414\u043e\u043a\u043e\u043b\u043a\u0443 \u0441\u0442\u0435 \u0440\u0435\u0437\u0435\u0440\u0432\u0438\u0440\u0430\u043d\u0438 \u0432\u043e \u0440\u043e\u043a \u043e\u0434 24 \u0447\u0430\u0441\u0430 \u043e\u0434 \u0432\u0440\u0435\u043c\u0435\u0442\u043e \u043d\u0430 \u043f\u043e\u0430\u0453\u0430\u045a\u0435 \u043d\u0430 \u0442\u0443\u0440\u0430\u0442\u0430\/\u0435\u043a\u0441\u043a\u0443\u0440\u0437\u0438\u0458\u0430\u0442\u0430, \u043c\u043e\u0436\u0435\u043c\u0435 \u0434\u0430 \u043e\u0440\u0433\u0430\u043d\u0438\u0437\u0438\u0440\u0430\u043c\u0435 \u043f\u043e\u0434\u0438\u0433\u0430\u045a\u0435 \u0432\u043e \u0445\u043e\u0442\u0435\u043b \u0441\u043e \u0434\u043e\u043f\u043e\u043b\u043d\u0438\u0442\u0435\u043b\u043d\u0438 \u0442\u0440\u043e\u0448\u043e\u0446\u0438. \u041e\u0442\u043a\u0430\u043a\u043e \u045c\u0435 \u0437\u0430\u0432\u0440\u0448\u0438 \u043a\u0443\u043f\u0443\u0432\u0430\u045a\u0435\u0442\u043e, \u045c\u0435 \u0432\u0438 \u0438\u0441\u043f\u0440\u0430\u0442\u0438\u043c\u0435 \u0446\u0435\u043b\u043e\u0441\u043d\u0438 \u0438\u043d\u0444\u043e\u0440\u043c\u0430\u0446\u0438\u0438 \u0437\u0430 \u043a\u043e\u043d\u0442\u0430\u043a\u0442 (\u0442\u0435\u043b\u0435\u0444\u043e\u043d\u0441\u043a\u0438 \u0431\u0440\u043e\u0458, \u0430\u0434\u0440\u0435\u0441\u0430 \u043d\u0430 \u0435-\u043f\u043e\u0448\u0442\u0430, \u0438\u0442\u043d.) \u0437\u0430 \u043d\u0430\u0448\u0438\u043e\u0442 \u043b\u043e\u043a\u0430\u043b\u0435\u043d \u0442\u0443\u0440\u0438\u0441\u0442\u0438\u0447\u043a\u0438 \u0432\u043e\u0434\u0438\u0447 \u0437\u0430 \u0434\u0430 \u043e\u0440\u0433\u0430\u043d\u0438\u0437\u0438\u0440\u0430\u043c\u0435 \u0430\u0440\u0430\u043d\u0436\u043c\u0430\u043d\u0438 \u0437\u0430 \u043f\u043e\u0434\u0438\u0433\u0430\u045a\u0435.<\/span><\/p>\n<h4><b><i>\u041f\u043e\u0442\u0432\u0440\u0434\u0430 \u0437\u0430 \u0434\u043e\u043f\u043e\u043b\u043d\u0438\u0442\u0435\u043b\u043d\u0438 \u0438\u043d\u0444\u043e\u0440\u043c\u0430\u0446\u0438\u0438 <\/i><\/b><\/h4>\n<ol>\n<li>\u0411\u0438\u043b\u0435\u0442\u0438\u0442\u0435 \u0441\u0435 \u043f\u043e\u0442\u0432\u0440\u0434\u0430 \u043f\u043e \u043f\u043b\u0430\u045c\u0430\u045a\u0435\u0442\u043e \u043d\u0430 \u043e\u0432\u0430\u0430 \u0442\u0443\u0440\u043d\u0435\u0458\u0430. \u041c\u043e\u0436\u0435\u0442\u0435 \u0434\u0430 \u0433\u043e \u043f\u0440\u0438\u043a\u0430\u0436\u0435\u0442\u0435 \u043f\u043b\u0430\u045c\u0430\u045a\u0435\u0442\u043e \u043d\u0430 \u0432\u0430\u0448\u0438\u043e\u0442 \u0442\u0435\u043b\u0435\u0444\u043e\u043d.<\/li>\n<li style=\"font-weight: 400;\"><span style=\"font-weight: 400;\">\u0422\u043e\u0447\u043a\u0430\u0442\u0430 \u0437\u0430 \u0441\u043e\u0441\u0442\u0430\u043d\u043e\u0446\u0438 \u045c\u0435 \u0441\u0435 \u0434\u043e\u0431\u0438\u0435 \u043f\u043e \u043f\u0440\u043e\u0446\u0435\u0441\u043e\u0442 \u043d\u0430 \u0440\u0435\u0437\u0435\u0440\u0432\u0430\u0446\u0438\u0458\u0430.<\/span><\/li>\n<li style=\"font-weight: 400;\"><span style=\"font-weight: 400;\">\u0414\u0435\u0446\u0430\u0442\u0430 \u043c\u043e\u0440\u0430 \u0434\u0430 \u0431\u0438\u0434\u0430\u0442 \u043f\u0440\u0438\u0434\u0440\u0443\u0436\u0443\u0432\u0430\u043d\u0438 \u043e\u0434 \u0432\u043e\u0437\u0440\u0430\u0441\u0435\u043d.<\/span><\/li>\n<li style=\"font-weight: 400;\"><span style=\"font-weight: 400;\"> \u041d\u0435 \u0435 \u0434\u043e\u0441\u0442\u0430\u043f\u043d\u043e \u0437\u0430 \u0438\u043d\u0432\u0430\u043b\u0438\u0434\u0441\u043a\u0430 \u043a\u043e\u043b\u0438\u0447\u043a\u0430 <\/span><\/li>\n<li style=\"font-weight: 400;\"><span style=\"font-weight: 400;\">\u0414\u043e\u0435\u043d\u0447\u0438\u045a\u0430\u0442\u0430 \u043c\u043e\u0440\u0430 \u0434\u0430 \u0441\u0435\u0434\u0430\u0442 \u0432\u043e \u0441\u043a\u0443\u0442 <\/span><\/li>\n<li style=\"font-weight: 400;\"><span style=\"font-weight: 400;\">\u041d\u0435 \u0441\u0435 \u043f\u0440\u0435\u043f\u043e\u0440\u0430\u0447\u0443\u0432\u0430 \u0437\u0430 \u043f\u0430\u0442\u043d\u0438\u0446\u0438 \u0441\u043e \u043f\u0440\u043e\u0431\u043b\u0435\u043c\u0438 \u0441\u043e \u0433\u0440\u0431\u043e\u0442<\/span><\/li>\n<li style=\"font-weight: 400;\"><span style=\"font-weight: 400;\">\u041d\u0435 \u0441\u0435 \u043f\u0440\u0435\u043f\u043e\u0440\u0430\u0447\u0443\u0432\u0430 \u0437\u0430 \u0431\u0440\u0435\u043c\u0435\u043d\u0438 \u043f\u0430\u0442\u043d\u0438\u0446\u0438 <\/span><\/li>\n<li style=\"font-weight: 400;\"><span style=\"font-weight: 400;\"> \u041d\u0435\u043c\u0430 \u043f\u0440\u043e\u0431\u043b\u0435\u043c\u0438 \u0441\u043e \u0441\u0440\u0446\u0435\u0442\u043e \u0438\u043b\u0438 \u0434\u0440\u0443\u0433\u0438 \u0441\u0435\u0440\u0438\u043e\u0437\u043d\u0438 \u043c\u0435\u0434\u0438\u0446\u0438\u043d\u0441\u043a\u0438 \u0441\u043e\u0441\u0442\u043e\u0458\u0431\u0438 <\/span><\/li>\n<li style=\"font-weight: 400;\"><span style=\"font-weight: 400;\">\u041f\u043e\u0432\u0435\u045c\u0435\u0442\u043e \u043f\u0430\u0442\u043d\u0438\u0446\u0438 \u043c\u043e\u0436\u0430\u0442 \u0434\u0430 \u0443\u0447\u0435\u0441\u0442\u0432\u0443\u0432\u0430\u0430\u0442<\/span><\/li>\n<\/ol>\n<p>This tour is offered to a Minimum of 2 people and Maximum 15 people. In case of fewer people, please contact us.<\/p>\n<h4><b><i>\u041f\u043e\u043b\u0438\u0442\u0438\u043a\u0430 \u0437\u0430 \u043e\u0442\u043a\u0430\u0436\u0443\u0432\u0430\u045a\u0435<\/i><\/b><\/h4>\n<p>\u0417\u0430 \u0446\u0435\u043b\u043e\u0441\u043d\u043e \u0432\u0440\u0430\u045c\u0430\u045a\u0435 \u043d\u0430 \u0441\u0440\u0435\u0434\u0441\u0442\u0432\u0430\u0442\u0430, \u043f\u0440\u043e\u0447\u0438\u0442\u0430\u0458\u0442\u0435 \u0433\u0438 \u043d\u0430\u0448\u0438\u0442\u0435 \u043f\u043e\u043b\u0438\u0442\u0438\u043a\u0438 \u0437\u0430 \u043e\u0442\u043a\u0430\u0436\u0443\u0432\u0430\u045a\u0435\u00a0<a href=\"https:\/\/www.ticketswhales.com\/online-booking\/\" target=\"_blank\" rel=\"noopener\" data-saferedirecturl=\"https:\/\/www.google.com\/url?q=https:\/\/www.ticketswhales.com\/online-booking\/&amp;source=gmail&amp;ust=1672449202351000&amp;usg=AOvVaw1yAeVAPktmaVCqDujgUn90\">\u041a\u043b\u0438\u043a\u043d\u0438 \u0442\u0443\u043a\u0430<\/a>. Funds will be lost if the reservation is canceled the same day of the trip.<\/p>\n\n\t\t<\/div>\n\t<\/div>\n<\/div><\/div><\/div><\/div><div class=\"vc_row wpb_row vc_row-fluid\" ><\/div><div class=\"wpb_column vc_column_container vc_col-sm-12\"><div class=\"vc_column-inner\"><div class=\"wpb_wrapper\"><div class=\"vc_message_box vc_message_box-standard vc_message_box-rounded vc_color-info\" ><div class=\"vc_message_box-icon\"><i class=\"fas fa-info-circle\"><\/i><\/div><p>Check List update in Los Haitises National Park:\u00a0 <a href=\"https:\/\/www.ticketswhales.com\/los-haitises-national-park-birdwatching-check-list-update\/\" target=\"_blank\" rel=\"noopener\">Click Here<\/a><\/p>\n<\/div><\/div><\/div><\/div><div class=\"vc_row wpb_row vc_row-fluid\" ><div class=\"wpb_column vc_column_container vc_col-sm-12\"><div class=\"vc_column-inner\"><div class=\"wpb_wrapper\"><div class=\"vc_btn3-container vc_btn3-inline\" ><button class=\"vc_general vc_btn3 vc_btn3-size-md vc_btn3-shape-rounded vc_btn3-style-modern vc_btn3-color-green\">\u0420\u0415\u0417\u0415\u0420\u0412\u0418\u0420\u0410\u0408 \u0421\u0415\u0413\u0410<\/button><\/div><\/div><\/div><\/div><\/div>","protected":false},"excerpt":{"rendered":"<p><span style=\"vertical-align: inherit;\"><span style=\"vertical-align: inherit;\">Viaje al Parque Nacional Los Haitises con un gu\u00eda tur\u00edstico local que se concentra en la observaci\u00f3n de aves + Cuevas. <\/span><span style=\"vertical-align: inherit;\">Visitando los Cayos en el Parque Nacional Los Haitises, Manglares, Vegetaci\u00f3n, Observaci\u00f3n de aves, Cuevas, Pictogramas y las \u00e1reas hist\u00f3ricas de Sabana de la Mar en el Parque Nacional Los Haitises.<\/span><\/span><\/p>\n<p>&nbsp;<\/p>\n<p><em><strong><span style=\"vertical-align: inherit;\"><span style=\"vertical-align: inherit;\">\u0418\u0437\u0431\u0435\u0440\u0435\u0442\u0435 \u0433\u043e \u0434\u0430\u0442\u0443\u043c\u043e\u0442 \u0437\u0430 \u0442\u0443\u0440\u043d\u0435\u0458\u0430\u0442\u0430\u00a0<\/span><\/span><\/strong><\/em><\/p>","protected":false},"featured_media":84,"template":"","meta":[],"product_brand":[],"product_cat":[565,577,119,120,96,98,121,122,123,124],"product_tag":[176,177,178,179,448,180,181,182,183,184,185,186,132,187,133,189,190,191,192,114,142,147,193],"class_list":{"0":"post-11630","1":"product","2":"type-product","3":"status-publish","4":"has-post-thumbnail","6":"product_cat-1-sabana-de-la-mar","7":"product_cat-birdwatching-los-haitises","8":"product_cat-caves","9":"product_cat-fees-entrace","10":"product_cat-hiking","11":"product_cat-local-tour-guides","12":"product_cat-mangroves","13":"product_cat-tours-and-excursions","14":"product_cat-tours-excursions-los-haitises-national-park","15":"product_cat-tours-excursions-samana-bay-dominican-republic","16":"product_tag-biding-sabana-de-la-mar","17":"product_tag-birding","18":"product_tag-birding-dominican-republic","19":"product_tag-birding-in-los-haitises","20":"product_tag-birding-tour-from-punta-cana","21":"product_tag-birdwatching","22":"product_tag-birdwatching-dominicana","23":"product_tag-birdwtaching","24":"product_tag-boat-tour-birding","25":"product_tag-carretera-cano-hondo","26":"product_tag-eco-lodge-paraiso-cano-hondo","27":"product_tag-hire-a-guide-in-los-haitises","28":"product_tag-los-haitises","29":"product_tag-los-haitises-birding","30":"product_tag-los-haitises-national-park","31":"product_tag-los-haitises-national-park-cano-hondo","32":"product_tag-los-haitises-samana","33":"product_tag-nature","34":"product_tag-ridgways-hawk","35":"product_tag-sabana-de-la-mar","36":"product_tag-samana","37":"product_tag-samana-bay","38":"product_tag-wildlife","40":"first","41":"instock","42":"sale","43":"sold-individually","44":"shipping-taxable","45":"product-type-external"},"_links":{"self":[{"href":"https:\/\/visitaloshaitises.com\/mk\/wp-json\/wp\/v2\/product\/11630","targetHints":{"allow":["GET"]}}],"collection":[{"href":"https:\/\/visitaloshaitises.com\/mk\/wp-json\/wp\/v2\/product"}],"about":[{"href":"https:\/\/visitaloshaitises.com\/mk\/wp-json\/wp\/v2\/types\/product"}],"wp:featuredmedia":[{"embeddable":true,"href":"https:\/\/visitaloshaitises.com\/mk\/wp-json\/wp\/v2\/media\/84"}],"wp:attachment":[{"href":"https:\/\/visitaloshaitises.com\/mk\/wp-json\/wp\/v2\/media?parent=11630"}],"wp:term":[{"taxonomy":"product_brand","embeddable":true,"href":"https:\/\/visitaloshaitises.com\/mk\/wp-json\/wp\/v2\/product_brand?post=11630"},{"taxonomy":"product_cat","embeddable":true,"href":"https:\/\/visitaloshaitises.com\/mk\/wp-json\/wp\/v2\/product_cat?post=11630"},{"taxonomy":"product_tag","embeddable":true,"href":"https:\/\/visitaloshaitises.com\/mk\/wp-json\/wp\/v2\/product_tag?post=11630"}],"curies":[{"name":"wp","href":"https:\/\/api.w.org\/{rel}","templated":true}]}}