{"id":558,"date":"2020-06-23T12:05:23","date_gmt":"2020-06-23T12:05:23","guid":{"rendered":"https:\/\/haitises.com\/?post_type=product&#038;p=558"},"modified":"2024-04-17T18:50:43","modified_gmt":"2024-04-17T18:50:43","slug":"excursion-a-los-haitises-con-senderismo-en-el-bosque-humedo","status":"publish","type":"product","link":"https:\/\/visitaloshaitises.com\/lv\/privats\/excursion-a-los-haitises-con-senderismo-en-el-bosque-humedo\/","title":{"rendered":"Ekskursija uz Los Haitises ar p\u0101rg\u0101jieniem mitraj\u0101 me\u017e\u0101"},"content":{"rendered":"<div class=\"vc_row wpb_row vc_row-fluid\" ><div class=\"wpb_column vc_column_container vc_col-sm-12\"><div class=\"vc_column-inner\"><div class=\"wpb_wrapper\">[mkdf_section_title title_tag=\u00bb\u00bb disable_break_words=\u00bbno\u00bb subtitle_tag=\u00bb\u00bb title=\u00bbLos Haitises National Park- From Sabana de la Mar + Hiking 2 Hours\u00bb subtitle=\u00bbHumid Forest + Normal Trip to Caves\u00bb]<\/div><\/div><\/div><\/div><div class=\"vc_row wpb_row vc_row-fluid\" ><div class=\"wpb_column vc_column_container vc_col-sm-12\"><div class=\"vc_column-inner\"><div class=\"wpb_wrapper\">\n\t<div class=\"wpb_text_column wpb_content_element\" >\n\t\t<div class=\"wpb_wrapper\">\n\t\t\t<h5>Bosque H\u00famedo + Viaje Normal a Cuevas<\/h5>\n<h2>Parque Nacional Los Haitises- Desde Sabana de la Mar + Senderismo 2 horas<\/h2>\n<h3><em>Apraksts<\/em><\/h3>\n<p>Disfrute de una caminata durante dos horas por el bosque del parque nacional Los Haitises. Aprenda sobre plantas medicinales y visite lugares locales. Despu\u00e9s de visitar el Parque Nacional Los Haitises desde Sabana de la Mar o los hoteles de Ca\u00f1o Hondo\u00a0 con gu\u00edas Locales.<\/p>\n<p>Haremos la caminata despu\u00e9s del viaje en bote. Un viaje privado normal al Parque Nacional Los Haitises. Ven con nosotros y visita el parque nacional m\u00e1s hermoso de Rep\u00fablica Dominicana, visitando manglares, 3 cuevas y la bah\u00eda de San Lorenzo. Esta experiencia puede comenzar desde la comunidad de Sabana de la Mar aprendiendo sobre esta historia de Sabana de la Mar.<\/p>\n<ul>\n<li>Senderismo 2 horas en el bosque<\/li>\n<li>Historia de Sabana de la Mar<\/li>\n<li>Tasas incluidas<\/li>\n<li>Rokasgr\u0101mata nodro\u0161ina nor\u0101d\u012bjumus un uzraudz\u012bbu.<\/li>\n<li>El almuerzo no est\u00e1 incluido para el almuerzo en Cano Hondo Elija este tour: Los Haitises Plus Ca\u00f1o Hondo.<\/li>\n<\/ul>\n<h3>Iek\u013cau\u0161ana un izsl\u0113g\u0161ana<\/h3>\n<h4>Iesl\u0113gumi<\/h4>\n<ol>\n<li>Los Haitises t\u016bre + alas un piktogrammas<\/li>\n<li>Visi nodok\u013ci, nodevas un apstr\u0101des izmaksas.<\/li>\n<li>Viet\u0113jie nodok\u013ci<\/li>\n<li>Visas aktivit\u0101tes<\/li>\n<li>Viet\u0113jais ce\u013cvedis<\/li>\n<\/ol>\n<h4>Iz\u0146\u0113mumi<\/h4>\n<ol>\n<li>Padomi<\/li>\n<li>El almuerzo no est\u00e1 incluido para el almuerzo en Cano Hondo Elija este tour: Los Haitises Plus Ca\u00f1o Hondo.<\/li>\n<li>Transports<\/li>\n<li>Alkoholiskie dz\u0113rieni<\/li>\n<\/ol>\n<h3><em>Izbrauk\u0161ana un atgrie\u0161an\u0101s<\/em><\/h3>\n<p>P\u0113c rezerv\u0101cijas procesa ce\u013cot\u0101js ieg\u016bs tik\u0161an\u0101s vietu. Ekskursijas s\u0101kas un beidzas m\u016bsu tik\u0161an\u0101s viet\u0101s.<\/p>\n<h3><em>\u00bfQue esperar?<\/em><\/h3>\n<p>Obtenga sus boletos para visitar el Parque Nacional Los Haitises con Cuevas, Manglares y la Bah\u00eda de San Lorenzo despu\u00e9s de una caminata de dos horas por el bosque h\u00famedo del Parque Nacional Los Haitises.<\/p>\n<p>Parque Nacional Los Haitises desde Sabana de la Mar o los hoteles deCa\u00f1o Hondo con gu\u00edas Locales. El viaje comienza en el puerto principal del Parque Nacional Los Haitises. Este viaje comienza a las 10:00 a.m.con un gu\u00eda tur\u00edstico local que conoce la historia original sobre el magn\u00edfico Parque Nacional.<\/p>\n<p>Despu\u00e9s comenzamos desde el puerto principal del Parque Nacional Los Haitises, nombre Ca\u00f1o Hondo (Deep Creek) en un BARCO con chalecos salvavidas. Disfrutaremos del bosque de manglares rojos hasta llegar a la bah\u00eda de San Lorenzo. Peque\u00f1a bah\u00eda en la Bah\u00eda de Saman\u00e1. \u00a1Y aqu\u00ed vamos! Lo primero que puedes ver es la enorme colecci\u00f3n de isla caliza de monta\u00f1a llamada Mogotes. encima de ellos m\u00e1s de 700 especies de plantas y muchas aves de humedales volando alrededor. Luego visitando cuevas con pictograf\u00edas de nuestras comunidades ind\u00edgenas de hace 750 a\u00f1os.<\/p>\n<p>Caur mangrovju audz\u0113m un zemi atkl\u0101taj\u0101 San Lorenzo l\u012bc\u012b, no kurienes varat fotograf\u0113t skarbo me\u017ea ainavu. Skatieties \u016bden\u012b, lai redz\u0113tu lamant\u012bnus, v\u0113\u017eveid\u012bgos un delf\u012bnus.<\/p>\n<p>El nombre del parque nacional proviene de sus habitantes originales, los indios ta\u00ednos. En su idioma, \u00abHaitises\u00bb se traduce en tierras altas o colinas, una referencia a las empinadas formaciones geol\u00f3gicas de la costa con calizas. Avent\u00farate en el parque para explorar cuevas como la Cueva de la Arena y la Cueva de la L\u00ednea. Las cuevas en la reserva fueron utilizadas como refugio por los indios ta\u00ednos y, m\u00e1s adelante, por los piratas escondidos. Busque dibujos de indios que decoran algunas de las paredes. Despu\u00e9s de visitar el Parque Nacional Los Haitises, iremos al bosque h\u00famedo para caminar 2 horas y regresar al lugar donde comenz\u00f3 nuestro viaje.<\/p>\n<h3><em>Kas j\u0101\u0146em l\u012bdzi?<\/em><\/h3>\n<ul>\n<li>Kamera<\/li>\n<li>Repelenti<\/li>\n<li>sau\u013co\u0161an\u0101s kr\u0113ms<\/li>\n<li>Cepure<\/li>\n<li>\u0112rtas bikses<\/li>\n<li>Me\u017ea p\u0101rg\u0101jienu apavi<\/li>\n<li>Sandales pavasara zon\u0101m.<\/li>\n<li>Peldkost\u012bms<\/li>\n<\/ul>\n<h3><em>Sa\u0146em\u0161ana viesn\u012bc\u0101<\/em><\/h3>\n<p>Viesn\u012bcas sa\u0146em\u0161ana tiek pied\u0101v\u0101ta, ja atrodaties Paraiso Ca\u00f1o Hondo vai Altos Ca\u00f1o Hondo viesn\u012bc\u0101. M\u016bsu tik\u0161an\u0101s vieta atrodas 5 min\u016b\u0161u g\u0101jiena att\u0101lum\u0101 no \u0161\u012bm viesn\u012bc\u0101m.<\/p>\n<p><strong>Nota:<\/strong> si realiza la reserva dentro de las 24 horas de la hora de salida del tour \/ excursi\u00f3n, podemos organizar la recogida del hotel con cargos adicionales si no se encuentra en los hoteles de Ca\u00f1o Hondo. Una vez que se complete su compra, le enviaremos informaci\u00f3n de contacto completa (n\u00famero de tel\u00e9fono, direcci\u00f3n de correo electr\u00f3nico, etc.) para que nuestro gu\u00eda tur\u00edstico local organice los arreglos de recogida.<\/p>\n<h3><em>Papildu inform\u0101cijas apstiprin\u0101\u0161ana<\/em><\/h3>\n<ul>\n<li>Bi\u013cetes ir kv\u012bts p\u0113c \u0161\u012bs ekskursijas apmaksas. J\u016bs varat par\u0101d\u012bt maks\u0101jumu sav\u0101 t\u0101lrun\u012b.<\/li>\n<li>Tik\u0161an\u0101s vieta tiks sa\u0146emta p\u0113c rezerv\u0101cijas procesa.<\/li>\n<li>B\u0113rniem j\u0101b\u016bt pieaugu\u0161o pavad\u012bb\u0101.<\/li>\n<li>Nav pieejams ar rati\u0146kr\u0113slu<\/li>\n<li>Z\u012bdai\u0146iem j\u0101s\u0113\u017e b\u0113rnu s\u0113dekl\u012bt\u012b vai kop\u0101 ar pieaugu\u0161o<\/li>\n<li>Nav ieteicams ce\u013cot\u0101jiem ar muguras probl\u0113m\u0101m.<\/li>\n<li>Nav ieteicams gr\u016btniec\u0113m.<\/li>\n<li>Nav sirds probl\u0113mu vai citu nopietnu medic\u012bnisku st\u0101vok\u013cu.<\/li>\n<li>Liel\u0101k\u0101 da\u013ca ce\u013cot\u0101ju var piedal\u012bties.<\/li>\n<\/ul>\n<h3><em>Atcel\u0161anas politika<\/em><\/h3>\n<p>Lai sa\u0146emtu pilnu atmaksu, atceliet abonementu vismaz 24\u00a0stundas pirms pieredzes s\u0101kuma datuma.<\/p>\n\n\t\t<\/div>\n\t<\/div>\n<\/div><\/div><\/div><\/div><div class=\"vc_row wpb_row vc_row-fluid\" ><div class=\"wpb_column vc_column_container vc_col-sm-12\"><div class=\"vc_column-inner\"><div class=\"wpb_wrapper\"><div class=\"vc_empty_space\"   style=\"height: 32px\"><span class=\"vc_empty_space_inner\"><\/span><\/div>\n\t<div class=\"wpb_video_widget wpb_content_element vc_clearfix   vc_video-aspect-ratio-169 vc_video-el-width-100 vc_video-align-left\" >\n\t\t<div class=\"wpb_wrapper\">\n\t\t\t\n\t\t\t<div class=\"wpb_video_wrapper\"><iframe loading=\"lazy\" title=\"Los Haitises nacion\u0101lais parks, t\u016bres un ekskursijas no Samanas vai Sabana de la Mar. Rezerv\u0113jiet \u0161eit:\" src=\"https:\/\/player.vimeo.com\/video\/346508015?dnt=1&amp;app_id=122963\" width=\"1100\" height=\"619\" frameborder=\"0\" allow=\"autoplay; fullscreen\" allowfullscreen><\/iframe><\/div>\n\t\t<\/div>\n\t<\/div>\n<\/div><\/div><\/div><\/div><div class=\"vc_row wpb_row vc_row-fluid\" ><div class=\"wpb_column vc_column_container vc_col-sm-12\"><div class=\"vc_column-inner\"><div class=\"wpb_wrapper\"><div class=\"vc_empty_space\"   style=\"height: 32px\"><span class=\"vc_empty_space_inner\"><\/span><\/div>\n\t<div class=\"wpb_text_column wpb_content_element\" >\n\t\t<div class=\"wpb_wrapper\">\n\t\t\t<h4>Sazinies ar mums?<\/h4>\n<h5>Piedz\u012bvojumu rezerv\u0113\u0161ana<\/h5>\n<p><em><strong>Viet\u0113jie iedz\u012bvot\u0101ji<\/strong>\u00a0un\u00a0<strong>Nacion\u0101\u013ci<\/strong>\u00a0Ce\u013cojumu gidi un viesu pakalpojumi<\/em><\/p>\n<p><span class=\"text-turquoise\">Rezerv\u0101cijas:<\/span>\u00a0Ekskursijas un ekskursijas Dom. Rep.<\/p>\n<p><img decoding=\"async\" class=\"emoji\" draggable=\"false\" src=\"https:\/\/s.w.org\/images\/core\/emoji\/11.2.0\/svg\/1f4de.svg\" alt=\"\ud83d\udcde\" \/>\u00a0T\u0101lrunis\/Whatsapp\u00a0\u00a0<a href=\"tel:+1-809-720-6035\">+1-809-720-6035<\/a>.<\/p>\n<p><img decoding=\"async\" class=\"emoji\" draggable=\"false\" src=\"https:\/\/s.w.org\/images\/core\/emoji\/11.2.0\/svg\/1f4e9.svg\" alt=\"\ud83d\udce9\" \/>\u00a0<a href=\"mailto:info@bookingadventures.com.do\">info@bookingadventures.com.do<\/a><\/p>\n<p><strong>M\u0113s elast\u012bgi iestat\u0101m Whatsapp priv\u0101t\u0101s ekskursijas:\u00a0<a href=\"tel:+18097206035\">+18097206035.<\/a><\/strong><\/p>\n\n\t\t<\/div>\n\t<\/div>\n<div class=\"vc_empty_space\"   style=\"height: 32px\"><span class=\"vc_empty_space_inner\"><\/span><\/div><\/div><\/div><\/div><\/div>","protected":false},"excerpt":{"rendered":"<p>\u00a1Y aqu\u00ed vamos! Lo primero que puedes ver es la enorme colecci\u00f3n de isla de monta\u00f1a de piedra caliza llamada Mogotes encima de ellos m\u00e1s de 700 especies de plantas y muchas aves de humedales volando. Luego visitar cuevas con pictograf\u00edas de nuestras comunidades ind\u00edgenas hace 750 a\u00f1os.<\/p>\n<p>Adem\u00e1s, este viaje muestra que son los lugares m\u00e1s importantes para visitar en el Parque Nacional Haitises. Las dos cuevas m\u00e1s visitadas son la Cueva de la L\u00ednea y la Cueva de la Arena. Despu\u00e9s de unas horas visitando este hermoso Parque Nacional nos dirigimos hacia el bosque h\u00famedo del Parque Nacional Haitises, despu\u00e9s de 2 horas de caminata, regresamos al lugar desde donde comenzamos nuestra excursi\u00f3n. Obtenga sus boletos aqu\u00ed y pasee con los lugare\u00f1os que conocen la historia del Parque Nacional Haitises.<\/p>\n<p><strong>L\u016bdzu, izv\u0113lieties ekskursijas datumu:<\/strong><\/p>\n<p>&nbsp;<\/p>\n<p>&nbsp;<\/p>","protected":false},"featured_media":84,"template":"","meta":[],"product_brand":[],"product_cat":[443,123,124],"product_tag":[179,125,126,129,130,104,221,131,132,210,222,134,223,146,114,224],"class_list":{"0":"post-558","1":"product","2":"type-product","3":"status-publish","4":"has-post-thumbnail","6":"product_cat-tours-y-excursiones-es","7":"product_cat-tours-excursions-los-haitises-national-park","8":"product_cat-tours-excursions-samana-bay-dominican-republic","9":"product_tag-birding-in-los-haitises","10":"product_tag-boat-tour","11":"product_tag-cano-hondo","12":"product_tag-eco-tours","13":"product_tag-excursion","14":"product_tag-hiking","15":"product_tag-hiking-los-haitises","16":"product_tag-locals-guides","17":"product_tag-los-haitises","18":"product_tag-los-haitises-excursions","19":"product_tag-los-haitises-from-samana","20":"product_tag-los-haitises-national-park-tour","21":"product_tag-los-haitises-sabana-de-la-mar","22":"product_tag-mangroves-los-haitises","23":"product_tag-sabana-de-la-mar","24":"product_tag-trails","26":"first","27":"instock","28":"sale","29":"sold-individually","30":"shipping-taxable","31":"product-type-external"},"_links":{"self":[{"href":"https:\/\/visitaloshaitises.com\/lv\/wp-json\/wp\/v2\/product\/558","targetHints":{"allow":["GET"]}}],"collection":[{"href":"https:\/\/visitaloshaitises.com\/lv\/wp-json\/wp\/v2\/product"}],"about":[{"href":"https:\/\/visitaloshaitises.com\/lv\/wp-json\/wp\/v2\/types\/product"}],"wp:featuredmedia":[{"embeddable":true,"href":"https:\/\/visitaloshaitises.com\/lv\/wp-json\/wp\/v2\/media\/84"}],"wp:attachment":[{"href":"https:\/\/visitaloshaitises.com\/lv\/wp-json\/wp\/v2\/media?parent=558"}],"wp:term":[{"taxonomy":"product_brand","embeddable":true,"href":"https:\/\/visitaloshaitises.com\/lv\/wp-json\/wp\/v2\/product_brand?post=558"},{"taxonomy":"product_cat","embeddable":true,"href":"https:\/\/visitaloshaitises.com\/lv\/wp-json\/wp\/v2\/product_cat?post=558"},{"taxonomy":"product_tag","embeddable":true,"href":"https:\/\/visitaloshaitises.com\/lv\/wp-json\/wp\/v2\/product_tag?post=558"}],"curies":[{"name":"wp","href":"https:\/\/api.w.org\/{rel}","templated":true}]}}