{"id":554,"date":"2020-06-22T17:36:48","date_gmt":"2020-06-22T17:36:48","guid":{"rendered":"https:\/\/haitises.com\/?post_type=product&#038;p=554"},"modified":"2024-04-17T20:44:54","modified_gmt":"2024-04-17T20:44:54","slug":"excursion-a-los-haitises-desde-sabana-de-la-mar-o-cano-hondo","status":"publish","type":"product","link":"https:\/\/visitaloshaitises.com\/lv\/privats\/excursion-a-los-haitises-desde-sabana-de-la-mar-o-cano-hondo\/","title":{"rendered":"Ekskursija uz Los Haitises no Sabana de la Mar vai Ca\u00f1o Hondo"},"content":{"rendered":"<div class=\"vc_row wpb_row vc_row-fluid\" ><div class=\"wpb_column vc_column_container vc_col-sm-12\"><div class=\"vc_column-inner\"><div class=\"wpb_wrapper\">[mkdf_section_title subtitle_tag=\u00bb\u00bb subtitle=\u00bbTour normal a los Haitises\u00bb]<\/div><\/div><\/div><\/div><div class=\"vc_row wpb_row vc_row-fluid\" ><div class=\"wpb_column vc_column_container vc_col-sm-12\"><div class=\"vc_column-inner\"><div class=\"wpb_wrapper\">\n\t<div class=\"wpb_text_column wpb_content_element\" >\n\t\t<div class=\"wpb_wrapper\">\n\t\t\t<h2>Los Haitises nacion\u0101lais parks No Sabana de la Mar vai Hotel Cano Hondo.<\/h2>\n<h3>Apraksts<\/h3>\n<p>Norm\u0101ls priv\u0101ts brauciens uz Los Haitises nacion\u0101lo parku. N\u0101ciet kop\u0101 ar mums un apmekl\u0113jiet Dominik\u0101nas Republikas skaist\u0101ko nacion\u0101lo parku, apmekl\u0113jot mangrovju audzes, alas un Sanlorenco l\u012bci. \u0160\u012b pieredze var s\u0101kties ar Sabana de la Mar kopienas iepaz\u012b\u0161anu par Sabana de la Mar v\u0113sturi. Turkl\u0101t m\u0113s s\u0101kam \u0161o braucienu no Kanjo Hondo ostas.<\/p>\n<ul>\n<li>Nodok\u013ci iek\u013cauti<\/li>\n<li>Rokasgr\u0101mata nodro\u0161ina nor\u0101d\u012bjumus un uzraudz\u012bbu.<\/li>\n<li>Pusdienas nav iek\u013cautas pusdien\u0101s Ca\u00f1o Hondo Izv\u0113lieties \u0161o ce\u013cojumu: Los Haitises Plus Ca\u00f1o Hondo.<\/li>\n<\/ul>\n<h3>Iek\u013cau\u0161ana un izsl\u0113g\u0161ana<\/h3>\n<h4>Iesl\u0113gumi<\/h4>\n<ol>\n<li>Los Haitises t\u016bre + alas un piktogrammas<\/li>\n<li>Visi nodok\u013ci, nodevas un apstr\u0101des izmaksas.<\/li>\n<li>Viet\u0113jie nodok\u013ci<\/li>\n<li>Visas aktivit\u0101tes<\/li>\n<li>Viet\u0113jais ce\u013cvedis<\/li>\n<\/ol>\n<h4>Iz\u0146\u0113mumi<\/h4>\n<ol>\n<li>Padomi<\/li>\n<li>Pusdienas nav iek\u013cautas pusdien\u0101s Ca\u00f1o Hondo Izv\u0113lieties \u0161o ce\u013cojumu: Los Haitises Plus Ca\u00f1o Hondo.<\/li>\n<li>Transports<\/li>\n<li>Alkoholiskie dz\u0113rieni<\/li>\n<\/ol>\n<h3><em>Izbrauk\u0161ana un atgrie\u0161an\u0101s<\/em><\/h3>\n<p>P\u0113c rezerv\u0101cijas procesa ce\u013cot\u0101js ieg\u016bs tik\u0161an\u0101s vietu. Ekskursijas s\u0101kas un beidzas m\u016bsu tik\u0161an\u0101s viet\u0101s.<\/p>\n<h4><em>Ko sagaid\u012bt?<\/em><\/h4>\n<p>Ieg\u0101d\u0101jieties bi\u013cetes, lai apmekl\u0113tu Los Haitises nacion\u0101lo parku ar al\u0101m, mangrovju audz\u0113m un Sanlorenco l\u012bci.<\/p>\n<p>Zem\u0101k\u0101 cena, lai apmekl\u0113tu Los Haitises nacion\u0101lo parku no Sabana de la Mar vai Ca\u00f1o Hondo viesn\u012bc\u0101m ar viet\u0113jiem ce\u013cve\u017eiem. Ce\u013cojums s\u0101kas galvenaj\u0101 Los Haitises nacion\u0101l\u0101 parka ost\u0101. \u0160is ce\u013cojums s\u0101kas pulksten 10:00 ar viet\u0113jo gidu, kur\u0161 zina ori\u0123in\u0101lo st\u0101stu par lielisko nacion\u0101lo parku.<\/p>\n<p>P\u0113c tam ar laivu ar gl\u0101b\u0161anas vest\u0113m s\u0101kam no galven\u0101s Los Haitises nacion\u0101l\u0101 parka ostas, ko sauc Ca\u00f1o Hondo (Deep Creek). Izbaud\u012bsim sarkano mangrovju me\u017eu, l\u012bdz sasniegsim San Lorenzo l\u012bci. Neliels l\u012bcis Samanas l\u012bc\u012b. Un te nu! Pirm\u0101 lieta, ko varat redz\u0113t, ir milz\u012bgas ka\u013c\u0137akmens kalnu salas, ko sauc par Mogotes, kolekcija. Virs tiem lidin\u0101s vair\u0101k nek\u0101 700 augu sugu un daudzi mitr\u0101ju putni. V\u0113l\u0101k apmekl\u0113jot alas ar m\u016bsu pamatiedz\u012bvot\u0101ju kopienu piktogramm\u0101m pirms 750 gadiem.<\/p>\n<p>Caur mangrovju audz\u0113m un zemi atkl\u0101taj\u0101 San Lorenzo l\u012bc\u012b, no kurienes varat fotograf\u0113t skarbo me\u017ea ainavu. Skatieties \u016bden\u012b, lai redz\u0113tu lamant\u012bnus, v\u0113\u017eveid\u012bgos un delf\u012bnus.<\/p>\n<p>El nombre del parque nacional proviene de sus habitantes originales, los indios ta\u00ednos. En su idioma, \u00abHaitises\u00bb se traduce en tierras altas o colinas, una referencia a las empinadas formaciones geol\u00f3gicas de la costa con calizas. Avent\u00farate en el parque para explorar cuevas como la Cueva de la Arena y la Cueva de la L\u00ednea. Las cuevas en la reserva fueron utilizadas como refugio por los indios ta\u00ednos y, m\u00e1s tarde, por los piratas escondidos. Busque dibujos de indios que decoran algunas de las paredes. Despu\u00e9s de visitar el Parque Nacional Los Haitises, regresaremos al puerto donde comenz\u00f3 nuestro viaje.<\/p>\n<h3><em>Kas j\u0101\u0146em l\u012bdzi?<\/em><\/h3>\n<ul>\n<li>Kamera<\/li>\n<li>Repelenti<\/li>\n<li>sau\u013co\u0161an\u0101s kr\u0113ms<\/li>\n<li>Cepure<\/li>\n<li>\u0112rtas bikses<\/li>\n<li>Me\u017ea p\u0101rg\u0101jienu apavi<\/li>\n<li>Sandales pavasara zon\u0101m.<\/li>\n<li>Peldkost\u012bms<\/li>\n<\/ul>\n<h3><em>Sa\u0146em\u0161ana viesn\u012bc\u0101<\/em><\/h3>\n<p>Viesn\u012bcas sa\u0146em\u0161ana tiek pied\u0101v\u0101ta, ja atrodaties Paraiso Ca\u00f1o Hondo vai Altos Ca\u00f1o Hondo viesn\u012bc\u0101. M\u016bsu tik\u0161an\u0101s vieta atrodas 5 min\u016b\u0161u g\u0101jiena att\u0101lum\u0101 no \u0161\u012bm viesn\u012bc\u0101m.<\/p>\n<p><strong>Piez\u012bme<\/strong>- Ja j\u016bs rezerv\u0113jat 24 stundu laik\u0101 p\u0113c ce\u013cojuma\/ekskursijas izbrauk\u0161anas laika, m\u0113s varam noorganiz\u0113t sa\u0146em\u0161anu viesn\u012bc\u0101 par papildu samaksu, ja neatrodaties Ca\u00f1o Hondo viesn\u012bc\u0101s. Kad pirkums b\u016bs pabeigts, m\u0113s nos\u016bt\u012bsim jums piln\u012bgu kontaktinform\u0101ciju (t\u0101lru\u0146a numuru, e-pasta adresi utt.) m\u016bsu viet\u0113jam ce\u013cvedim, lai vienotos par sa\u0146em\u0161anu.<\/p>\n<h3><em>Papildu inform\u0101cijas apstiprin\u0101\u0161ana<\/em><\/h3>\n<ul>\n<li>Bi\u013cetes ir kv\u012bts p\u0113c \u0161\u012bs ekskursijas apmaksas. J\u016bs varat par\u0101d\u012bt maks\u0101jumu sav\u0101 t\u0101lrun\u012b.<\/li>\n<li>Tik\u0161an\u0101s vieta tiks sa\u0146emta p\u0113c rezerv\u0101cijas procesa.<\/li>\n<li>B\u0113rniem j\u0101b\u016bt pieaugu\u0161o pavad\u012bb\u0101.<\/li>\n<li>Nav pieejams ar rati\u0146kr\u0113slu<\/li>\n<li>Z\u012bdai\u0146iem j\u0101s\u0113\u017e b\u0113rnu s\u0113dekl\u012bt\u012b vai kop\u0101 ar pieaugu\u0161o<\/li>\n<li>Nav ieteicams ce\u013cot\u0101jiem ar muguras probl\u0113m\u0101m.<\/li>\n<li>Nav ieteicams gr\u016btniec\u0113m.<\/li>\n<li>Nav sirds probl\u0113mu vai citu nopietnu medic\u012bnisku st\u0101vok\u013cu.<\/li>\n<li>Liel\u0101k\u0101 da\u013ca ce\u013cot\u0101ju var piedal\u012bties.<\/li>\n<\/ul>\n<h3><em>Atcel\u0161anas politika<\/em><\/h3>\n<p>Lai sa\u0146emtu pilnu atmaksu, atceliet abonementu vismaz 24\u00a0stundas pirms pieredzes s\u0101kuma datuma.<\/p>\n<h3><em>Sazinies ar mums?<\/em><\/h3>\n<p>Piedz\u012bvojumu rezerv\u0113\u0161ana<br \/>\nViet\u0113jie un valsts m\u0113roga gidi un viesu pakalpojumi<\/p>\n<p>Rezerv\u0101cijas: ekskursijas un ekskursijas Dom. Reps.<\/p>\n<p>\ud83d\udcde T\u0101lrunis\/Whatsapp +1-809-720-6035.<\/p>\n<p>\ud83d\udce9 info@bookingadventures.com.do<\/p>\n<p>Organiz\u0113jam priv\u0101tas ekskursijas ar elast\u012bgu konfigur\u0101ciju caur Whatsapp: +18097206035.<\/p>\n\n\t\t<\/div>\n\t<\/div>\n<\/div><\/div><\/div><\/div>","protected":false},"excerpt":{"rendered":"<p>Zem\u0101k\u0101 cena, lai apmekl\u0113tu Los Haitises nacion\u0101lo parku no Sabana de la Mar vai Ca\u00f1o Hondo viesn\u012bc\u0101m ar viet\u0113jiem ce\u013cve\u017eiem. Ce\u013cojums s\u0101kas galvenaj\u0101 Los Haitises nacion\u0101l\u0101 parka ost\u0101. \u0160is ce\u013cojums s\u0101kas pulksten 10:00 ar viet\u0113jo gidu, kur\u0161 zina ori\u0123in\u0101lo st\u0101stu par lielisko nacion\u0101lo parku.<\/p>\n<p>P\u0113c tam ar laivu ar gl\u0101b\u0161anas vest\u0113m s\u0101kam no galven\u0101s Los Haitises nacion\u0101l\u0101 parka ostas, ko sauc Ca\u00f1o Hondo (Deep Creek). Izbaud\u012bsim sarkano mangrovju me\u017eu, l\u012bdz sasniegsim San Lorenzo l\u012bci, nelielu l\u012bci Samanas l\u012bc\u012b. Un te nu! Pirm\u0101 lieta, ko varat redz\u0113t, ir milz\u012bgas ka\u013c\u0137akmens kalnu salas, ko sauc par Mogotes, kolekcija. Papildus tiem apk\u0101rt lido vair\u0101k nek\u0101 700 augu sugu un daudzi mitr\u0101ju putni. V\u0113l\u0101k apmekl\u0113jot alas ar m\u016bsu pamatiedz\u012bvot\u0101ju kopienu piktogramm\u0101m pirms 750 gadiem.<\/p>\n<p><strong>L\u016bdzu, izv\u0113lieties ekskursijas datumu\u00a0<\/strong><\/p>","protected":false},"featured_media":81,"template":"","meta":[],"product_brand":[],"product_cat":[119,120,98,121,99,122,443,123,124],"product_tag":[125,126,127,128,129,130,131,132,133,134,114],"class_list":{"0":"post-554","1":"product","2":"type-product","3":"status-publish","4":"has-post-thumbnail","6":"product_cat-caves","7":"product_cat-fees-entrace","8":"product_cat-local-tour-guides","9":"product_cat-mangroves","10":"product_cat-swimming-natural-springs","11":"product_cat-tours-and-excursions","12":"product_cat-tours-y-excursiones-es","13":"product_cat-tours-excursions-los-haitises-national-park","14":"product_cat-tours-excursions-samana-bay-dominican-republic","15":"product_tag-boat-tour","16":"product_tag-cano-hondo","17":"product_tag-cano-hondo-hotel","18":"product_tag-cano-hondo-tours","19":"product_tag-eco-tours","20":"product_tag-excursion","21":"product_tag-locals-guides","22":"product_tag-los-haitises","23":"product_tag-los-haitises-national-park","24":"product_tag-los-haitises-national-park-tour","25":"product_tag-sabana-de-la-mar","27":"first","28":"instock","29":"sale","30":"sold-individually","31":"shipping-taxable","32":"product-type-external"},"_links":{"self":[{"href":"https:\/\/visitaloshaitises.com\/lv\/wp-json\/wp\/v2\/product\/554","targetHints":{"allow":["GET"]}}],"collection":[{"href":"https:\/\/visitaloshaitises.com\/lv\/wp-json\/wp\/v2\/product"}],"about":[{"href":"https:\/\/visitaloshaitises.com\/lv\/wp-json\/wp\/v2\/types\/product"}],"wp:featuredmedia":[{"embeddable":true,"href":"https:\/\/visitaloshaitises.com\/lv\/wp-json\/wp\/v2\/media\/81"}],"wp:attachment":[{"href":"https:\/\/visitaloshaitises.com\/lv\/wp-json\/wp\/v2\/media?parent=554"}],"wp:term":[{"taxonomy":"product_brand","embeddable":true,"href":"https:\/\/visitaloshaitises.com\/lv\/wp-json\/wp\/v2\/product_brand?post=554"},{"taxonomy":"product_cat","embeddable":true,"href":"https:\/\/visitaloshaitises.com\/lv\/wp-json\/wp\/v2\/product_cat?post=554"},{"taxonomy":"product_tag","embeddable":true,"href":"https:\/\/visitaloshaitises.com\/lv\/wp-json\/wp\/v2\/product_tag?post=554"}],"curies":[{"name":"wp","href":"https:\/\/api.w.org\/{rel}","templated":true}]}}