{"id":593,"date":"2020-07-01T16:40:04","date_gmt":"2020-07-01T16:40:04","guid":{"rendered":"https:\/\/haitises.com\/?post_type=product&#038;p=593"},"modified":"2024-04-16T19:44:59","modified_gmt":"2024-04-16T19:44:59","slug":"excursion-cascada-el-limon-senderismo-y-natacion","status":"publish","type":"product","link":"https:\/\/visitaloshaitises.com\/lt\/privatus\/excursion-cascada-el-limon-senderismo-y-natacion\/","title":{"rendered":"Ekskursija po El Lim\u00f3n kriokl\u012f \u017dygiai ir plaukimas"},"content":{"rendered":"<div class=\"vc_row wpb_row vc_row-fluid\" ><div class=\"wpb_column vc_column_container vc_col-sm-12\"><div class=\"vc_column-inner\"><div class=\"wpb_wrapper\">[mkdf_section_title subtitle_tag=\u00bb\u00bb subtitle=\u00bbSenderismo a las cascadas\u00bb]<\/div><\/div><\/div><\/div><div class=\"vc_row wpb_row vc_row-fluid\" ><div class=\"wpb_column vc_column_container vc_col-sm-12\"><div class=\"vc_column-inner\"><div class=\"wpb_wrapper\"><div class=\"vc_empty_space\"   style=\"height: 32px\"><span class=\"vc_empty_space_inner\"><\/span><\/div><\/div><\/div><\/div><\/div><div class=\"vc_row wpb_row vc_row-fluid\" ><div class=\"wpb_column vc_column_container vc_col-sm-12\"><div class=\"vc_column-inner\"><div class=\"wpb_wrapper\">\n\t<div class=\"wpb_text_column wpb_content_element\" >\n\t\t<div class=\"wpb_wrapper\">\n\t\t\t<h2>Ekskursija \u012f El Lim\u00f3n krioklius (\u017eygiai ir plaukimas)<\/h2>\n<h3>apib\u016bdinimas<\/h3>\n<p>El Lim\u00f3n kriokliai \u017dygiai su vietiniais gidais. Apsilankymas kakavos ir kavos mi\u0161ke, kuriame auginami kokosai. Kai pasieksite krioklius, galite plaukti ir nustatyti laik\u0105 su vietiniu gidu.<\/p>\n<p>Su\u017einokite i\u0161 vietini\u0173 apie Samanos gamt\u0105 ir istorij\u0105 ir m\u0117gaukit\u0117s saugia kelione. \u012esigykite bilietus parduoti \u0161iandien.<\/p>\n<ul>\n<li>\u017dygiai<\/li>\n<li>Vadove pateikiamos instrukcijos ir prie\u017ei\u016bra.<\/li>\n<li>Mokes\u010diai nacionaliniam parkui<\/li>\n<\/ul>\n<h3>\u012etraukimai ir i\u0161skyrimai<\/h3>\n<h4>Inkliuzai<\/h4>\n<ol>\n<li>P\u0117s\u010di\u0173j\u0173 turas<\/li>\n<li>Visi mokes\u010diai, rinkliavos ir vietos mokes\u010diai<\/li>\n<li>Vietiniai mokes\u010diai<\/li>\n<li>Vietinis gidas<\/li>\n<\/ol>\n<h4>I\u0161imtys<\/h4>\n<ol>\n<li>Maistas ne\u012fskai\u010diuotas<\/li>\n<li>Patarimai<\/li>\n<li>Transportas<\/li>\n<li>Alkoholiniai g\u0117rimai<\/li>\n<li>Maistas papl\u016bdimyje ne\u012fskai\u010diuotas<\/li>\n<\/ol>\n<h3><em>I\u0161vykimas ir gr\u012f\u017eimas<\/em><\/h3>\n<p>Keliautojas gaus susitikimo viet\u0105 po u\u017esakymo proceso. Ekskursijos prasideda ir baigiasi m\u016bs\u0173 susitikimo vietose.<\/p>\n<h3>Ko tik\u0117tis?<\/h3>\n<p>\u012esigykite bilietus \u012f Samanos miestelio La Cascada El Lim\u00f3n \u017eygius su vietiniu gidu.<\/p>\n<p>El recorrido, organizado por \u00abBooking Adventures\u00bb, comienza en el punto de encuentro establecido con el gu\u00eda tur\u00edstico.<\/p>\n<p>El Lim\u00f3n kriokliai su vietiniu gidu. U\u017esisakykite \u017eyg\u012f p\u0117s\u010diomis per mi\u0161k\u0105, supant\u012f Limon up\u0119, aplankydami kakavos ir kavos plantacijas kokoso pav\u0117syje.<\/p>\n<p>Pirmiausia sustokite prie nedidelio krioklio, kuriame paprastai n\u0117ra daug \u017emoni\u0173 ir galite maudytis. Toliau keliaujame link didelio krioklio, kur, jei pageidaujate, pasiliksime valand\u0105 ar ilgiau.<\/p>\n<p>Po \u017eygio galite sukonfig\u016bruoti, ar norite papietauti u\u017e papildom\u0105 mokest\u012f.<\/p>\n<h3><em>K\u0105 tur\u0117tum atsine\u0161ti?<\/em><\/h3>\n<ul>\n<li>Fotoaparatas<\/li>\n<li>Repelentai<\/li>\n<li>kremas nuo saul\u0117s<\/li>\n<li>Skryb\u0117l\u0117<\/li>\n<li>Patogios kelnes<\/li>\n<li>Mi\u0161ko \u017eygio batai<\/li>\n<li>Maudymosi kostium\u0117lis<\/li>\n<\/ul>\n<h3><em>Vie\u0161bu\u010dio pa\u0117mimas<\/em><\/h3>\n<p>\u0160ios kelion\u0117s metu nepasi\u016blomas pa\u0117mimas i\u0161 vie\u0161bu\u010dio.<\/p>\n<p><strong>Pastaba:<\/strong> Jei rezervuojate per 24 valandas nuo kelion\u0117s\/ekskursijos i\u0161vykimo laiko, galime suorganizuoti pa\u0117mim\u0105 i\u0161 vie\u0161bu\u010dio u\u017e papildomus mokes\u010dius. Kai pirkimas bus baigtas, mes atsi\u0173sime jums vis\u0105 kontaktin\u0119 informacij\u0105 (telefono numer\u012f, el. pa\u0161to adres\u0105 ir kt.) m\u016bs\u0173 vietiniam kelioni\u0173 vadovui, kad jis susitart\u0173 d\u0117l atsi\u0117mimo.<\/p>\n<h3><em>Papildomos informacijos patvirtinimas<\/em><\/h3>\n<ul>\n<li>Bilietai yra kvitas, sumok\u0117jus u\u017e \u0161i\u0105 kelion\u0119. Mok\u0117jim\u0105 galite parodyti savo telefone.<\/li>\n<li>Susitikimo vieta bus gauta po rezervacijos.<\/li>\n<li>Vaikus turi lyd\u0117ti suaug\u0119s asmuo.<\/li>\n<li>Nepritaikoma ne\u012fgaliojo ve\u017eim\u0117liu<\/li>\n<li>K\u016bdikiai tur\u0117t\u0173 s\u0117d\u0117ti k\u016bdikio k\u0117dut\u0117je arba su suaugusiuoju<\/li>\n<li>Nerekomenduojama keliautojams, turintiems nugaros problem\u0173.<\/li>\n<li>Nerekomenduojama n\u0117\u0161\u010dioms moterims.<\/li>\n<li>Joki\u0173 \u0161irdies problem\u0173 ar kit\u0173 rimt\u0173 sveikatos sutrikim\u0173.<\/li>\n<li>Dalyvauti gali dauguma keliautoj\u0173.<\/li>\n<\/ul>\n<h3><em>At\u0161aukimo politika<\/em><\/h3>\n<p>Nor\u0117dami susigr\u0105\u017einti visas l\u0117\u0161as, at\u0161aukite bent 24 valandas iki patirties prad\u017eios datos.<\/p>\n<h3>Susisiekite su mumis<\/h3>\n<p><em><strong>Nuotyki\u0173 rezervavimas<\/strong><\/em><br \/>\n<em><strong>Vietini\u0173 ir nacionalini\u0173 kelioni\u0173 gid\u0173 ir sve\u010di\u0173 paslaugos<\/strong><\/em><\/p>\n<p>Rezervacijos: Ekskursijos ir ekskursijos Dom Rep.<\/p>\n<p>\ud83d\udcde Tel\/Whatsapp +1-809-720-6035.<\/p>\n<p>\ud83d\udce9 info@bookingadventures.com.do<\/p>\n<p>Vykdome priva\u010dias ekskursijas su lanks\u010dia konfig\u016bracija Whatsapp: +18097206035.<\/p>\n\n\t\t<\/div>\n\t<\/div>\n<\/div><\/div><\/div><\/div>","protected":false},"excerpt":{"rendered":"<p>El Lim\u00f3n kriokliai \u017dygiai su vietiniais gidais. Apsilankymas kakavos ir kavos mi\u0161ke po kokos\u0173 plantacij\u0173 pav\u0117syje. Kai pasieksite krioklius, gal\u0117site plaukti ir nustatyti laik\u0105 su vietiniu gidu.<\/p>\n<p>Su\u017einokite i\u0161 vietini\u0173 apie Samanos gamt\u0105 ir istorij\u0105 ir leiskit\u0117s saugiai. \u012esigykite bilietus parduoti \u0161iandien.<\/p>\n<p><strong>Pra\u0161ome pasirinkti kelion\u0117s dat\u0105:<\/strong><\/p>","protected":false},"featured_media":130,"template":"","meta":[],"product_brand":[],"product_cat":[120,96,136,99,122,443,123,124,154],"product_tag":[137,138,140,155,142,143],"class_list":{"0":"post-593","1":"product","2":"type-product","3":"status-publish","4":"has-post-thumbnail","6":"product_cat-fees-entrace","7":"product_cat-hiking","8":"product_cat-safari-samana","9":"product_cat-swimming-natural-springs","10":"product_cat-tours-and-excursions","11":"product_cat-tours-y-excursiones-es","12":"product_cat-tours-excursions-los-haitises-national-park","13":"product_cat-tours-excursions-samana-bay-dominican-republic","14":"product_cat-trails-or-paths","15":"product_tag-bacardi-island","16":"product_tag-beach-time","17":"product_tag-el-limon-waterfalls","18":"product_tag-hiking-el-limon","19":"product_tag-samana","20":"product_tag-samana-tours","22":"first","23":"instock","24":"sale","25":"sold-individually","26":"shipping-taxable","27":"product-type-external"},"_links":{"self":[{"href":"https:\/\/visitaloshaitises.com\/lt\/wp-json\/wp\/v2\/product\/593","targetHints":{"allow":["GET"]}}],"collection":[{"href":"https:\/\/visitaloshaitises.com\/lt\/wp-json\/wp\/v2\/product"}],"about":[{"href":"https:\/\/visitaloshaitises.com\/lt\/wp-json\/wp\/v2\/types\/product"}],"wp:featuredmedia":[{"embeddable":true,"href":"https:\/\/visitaloshaitises.com\/lt\/wp-json\/wp\/v2\/media\/130"}],"wp:attachment":[{"href":"https:\/\/visitaloshaitises.com\/lt\/wp-json\/wp\/v2\/media?parent=593"}],"wp:term":[{"taxonomy":"product_brand","embeddable":true,"href":"https:\/\/visitaloshaitises.com\/lt\/wp-json\/wp\/v2\/product_brand?post=593"},{"taxonomy":"product_cat","embeddable":true,"href":"https:\/\/visitaloshaitises.com\/lt\/wp-json\/wp\/v2\/product_cat?post=593"},{"taxonomy":"product_tag","embeddable":true,"href":"https:\/\/visitaloshaitises.com\/lt\/wp-json\/wp\/v2\/product_tag?post=593"}],"curies":[{"name":"wp","href":"https:\/\/api.w.org\/{rel}","templated":true}]}}