{"id":11699,"date":"2023-10-04T07:40:34","date_gmt":"2023-10-04T07:40:34","guid":{"rendered":"https:\/\/haitises.com\/?post_type=product&#038;p=11699"},"modified":"2024-03-28T19:39:32","modified_gmt":"2024-03-28T19:39:32","slug":"bahia-de-las-aguilas-beach-day-trip-by-boat-day-pass-pedernales-3","status":"publish","type":"product","link":"https:\/\/visitaloshaitises.com\/lt\/private\/bahia-de-las-aguilas-beach-day-trip-by-boat-day-pass-pedernales-3\/","title":{"rendered":"Bah\u00eda de las Aguilas: Beach Day Trip by Boat &#8211; Day Pass &#8211; Pedernales"},"content":{"rendered":"<div class=\"vc_row wpb_row vc_row-fluid\" ><div class=\"wpb_column vc_column_container vc_col-sm-12\"><div class=\"vc_column-inner\"><div class=\"wpb_wrapper\"><div class=\"mkdf-section-title-holder\" style=\"text-align: left\">\n\t<div class=\"mkdf-st-inner\">\n\t\t\t\t\t<h5 class=\"mkdf-st-subtitle\" >\n\t\t\t\tDay Pass - Snorkeling &amp; Lunch\t\t\t<\/h5>\n\t\t\t\t\t\t\t<h3 class=\"mkdf-st-title\" >\n\t\t\t\tBah\u00eda de las Aguilas: Beach Day Trip by Boat\t\t\t<\/h3>\n\t\t\t\t\t<\/div>\n<\/div><\/div><\/div><\/div><\/div><div class=\"vc_row wpb_row vc_row-fluid\" ><div class=\"wpb_column vc_column_container vc_col-sm-12\"><div class=\"vc_column-inner\"><div class=\"wpb_wrapper\">\n\t<div class=\"wpb_text_column wpb_content_element\" >\n\t\t<div class=\"wpb_wrapper\">\n\t\t\t<h4><b><i>Ap\u017evalga<\/i><\/b><\/h4>\n<p>Enjoy a day at the beach and let your spirits flow, far away from the touristy areas and all the stress. Come and discover the Jaragua National park and Bahia de las \u00c1guilas. Drive along a beautiful road with breathtaking views of the small port and fishing village Cabo Rojo. In Las Cuevas you board a boat that takes you on a 15-minute ride to one of the most beautiful natural beaches of the world. The sands of Bah\u00eda de las Aguilas is pristine and the bay covers 8 km. Experience an exceptional coastal landscape with crystal clear water shining in shades reaching from turquoise to opal-blue melting into the horizon. Lunch is served at the beach, go swimming or snorkeling and explore this untouched natural paradise.<\/p>\n<p>&nbsp;<\/p>\n<ul>\n<li>Local Guide with Safety experience in the area.<\/li>\n<li>Private transportation<\/li>\n<li>\u012eskai\u010diuoti mokes\u010diai<\/li>\n<li>Lunch<\/li>\n<li>Local Tour Guide in Spanish, English or French.<\/li>\n<li>\u017dygiai<\/li>\n<li>Snorkeling<\/li>\n<\/ul>\n<h4><b>\u012etraukimai ir i\u0161imtys<\/b><\/h4>\n<p>&nbsp;<\/p>\n<p><b>Inkliuzai<\/b><\/p>\n<ol>\n<li>Local Guide with Safety experiencie in the area.<\/li>\n<li>Private transportation for small groups<\/li>\n<li>Visi mokes\u010diai, rinkliavos ir tvarkymo mokes\u010diai<\/li>\n<li>Vietiniai mokes\u010diai<\/li>\n<li>Lunch<\/li>\n<li>\u017dygiai<\/li>\n<li>Natural Pools<\/li>\n<li>Snorkeling<\/li>\n<li>Visa veikla<\/li>\n<\/ol>\n<p><b>I\u0161imtys<\/b><\/p>\n<ol>\n<li>Arbatpinigiai<\/li>\n<li>All Drinks<\/li>\n<\/ol>\n<h4><em><strong>I\u0161vykimas ir gr\u012f\u017eimas<\/strong><\/em><\/h4>\n<p>The traveler will get a meeting point after the Reservation Process. Tours start and Finish in your meeting points.<\/p>\n<h2 class=\"styles__heading___mD4_3\" data-radium=\"true\">Bah\u00eda de las Aguilas: Beach Day Trip by Boat -Day Pass &#8211; Snorkeling &amp; Lunch<\/h2>\n<h4><em>Ko tik\u0117tis?<\/em><\/h4>\n<p>Playa de las Aguilas was named after the indigenous eagle. The tour is in private transport from Bahia de las Aguilas where it allows you to discover the natural wonders of this aphrodisiac beach in a very different and sustainable way. Spend the day on a nature tour of the southern part of the country where you will get to know the Bahia de las Aguila, one of the most beautiful beaches in the Dominican Republic, where we will arrive by speedboat to this paradisiacal beach, an area fully protected by environmental law. Spend a relaxing time at Bahia de las Aguilas, an uninhabited nature reserve and national park, and enjoy a barbecue-style lunch in the caves.<\/p>\n<p>The calm sea and light wind will keep you from suffering too much from the sun and heat. Become an explorer for the day and discover an ecological, natural, and totally unspoiled paradise. You can observe more than 130 species of birds, 76 of which live permanently in the bay, 10 are endemic and 47 are migrants.<\/p>\n<p>08.30 \u2013 Departure from Meeting Point<br \/>\n08.45 \u2013 Departure by boat from the village La Cueva to the Bahia de las Aguilas<br \/>\n12.30 \u2013 Typical lunch on the beach<br \/>\n03.00 \u2013 Return to La Cueva<br \/>\n05.30 \u2013 Arrival at Meeting Point<\/p>\n<h4><em><strong>K\u0105 tur\u0117tum atsine\u0161ti?<\/strong><\/em><\/h4>\n<ul>\n<li>fotoaparatas<\/li>\n<li>Atbaidantys pumpurai<\/li>\n<li>Kremas nuo saul\u0117s<\/li>\n<li>Water<\/li>\n<li>Skryb\u0117l\u0117<\/li>\n<li>Patogios kelnes<\/li>\n<li>\u017dygio batai mi\u0161kui<\/li>\n<li>Sandalai pavasario zonoms.<\/li>\n<li>Plaukimo apranga<\/li>\n<\/ul>\n<p>&nbsp;<\/p>\n<h4><b><i>Vie\u0161bu\u010dio pa\u0117mimas<\/i><\/b><\/h4>\n<p>Hotel pick-up is offered for this tour with Extra Cost.<\/p>\n<p><b>Pastaba:<\/b> If you are booking within 24 hours of the tour\/Excursion departure time, we can arrange hotel pick-up. We just pick up in the Pedernales area. Once your purchase is complete, we will send you complete contact information (phone number, email address, etc.) for our local Tour guide to organize pick-up arrangements.<\/p>\n<h4><b><i>Papildomos informacijos patvirtinimas<\/i><\/b><\/h4>\n<ol>\n<li>Tickets are the Receipt after paying for this Tour. You can show the payment on your phone.<\/li>\n<li>Susitikimo vieta bus gauta po rezervacijos proceso.<\/li>\n<li>Vaikus turi lyd\u0117ti suaug\u0119s asmuo.<\/li>\n<li>Nepritaikoma ne\u012fgaliojo ve\u017eim\u0117liu<\/li>\n<li>K\u016bdikiai turi s\u0117d\u0117ti ant keli\u0173<\/li>\n<li>Nerekomenduojama keliautojams, turintiems nugaros problem\u0173<\/li>\n<li>Nerekomenduojama besilaukian\u010dioms keliautojoms<\/li>\n<li>Joki\u0173 \u0161irdies problem\u0173 ar kit\u0173 rimt\u0173 sveikatos sutrikim\u0173<\/li>\n<li>Dalyvauti gali dauguma keliautoj\u0173<\/li>\n<\/ol>\n<h4><b><i>At\u0161aukimo politika<\/i><\/b><\/h4>\n<p>For a full refund, please read our Cancellations policies\u00a0<a href=\"https:\/\/www.ticketswhales.com\/online-booking\/\" target=\"_blank\" rel=\"noopener\" data-saferedirecturl=\"https:\/\/www.google.com\/url?q=https:\/\/www.ticketswhales.com\/online-booking\/&amp;source=gmail&amp;ust=1672449202351000&amp;usg=AOvVaw1yAeVAPktmaVCqDujgUn90\">Spauskite \u010dia<\/a>. Funds will be lost if the reservation is cancelled the same day of the trip.<\/p>\n\n\t\t<\/div>\n\t<\/div>\n<\/div><\/div><\/div><\/div>","protected":false},"excerpt":{"rendered":"<p><span style=\"vertical-align: inherit;\"><span style=\"vertical-align: inherit;\">Compre un boleto de un d\u00eda a Bah\u00eda las \u00c1guilas desde las \u00e1reas de Pedernales. <\/span><span style=\"vertical-align: inherit;\">Disfruta de un d\u00eda de playa y deja fluir el \u00e1nimo, lejos de las zonas tur\u00edsticas y de todo el estr\u00e9s. <\/span><span style=\"vertical-align: inherit;\">Ven y descubre el Parque Nacional Jaragua y Bah\u00eda de las \u00c1guilas. <\/span><span style=\"vertical-align: inherit;\">Conduzca por una hermosa carretera con impresionantes vistas del peque\u00f1o puerto y el pueblo pesquero de Cabo Rojo. <\/span><span style=\"vertical-align: inherit;\">En Las Cuevas, abordar\u00e1 un bote que lo llevar\u00e1 en un viaje de 15 minutos a una de las playas naturales m\u00e1s hermosas del mundo. <\/span><span style=\"vertical-align: inherit;\">Las arenas de la Bah\u00eda de las \u00c1guilas son v\u00edrgenes y la bah\u00eda cubre 8 km. <\/span><span style=\"vertical-align: inherit;\">Experimente un paisaje costero excepcional con aguas cristalinas que brillan en tonos que van del turquesa al azul \u00f3palo que se derrite en el horizonte. <\/span><span style=\"vertical-align: inherit;\">El almuerzo se sirve en la playa, nadar o bucear y explorar este para\u00edso natural virgen.<\/span><\/span><\/p>\n<p>&nbsp;<\/p>\n<p><strong><span style=\"vertical-align: inherit;\"><span style=\"vertical-align: inherit;\">Seleccione el d\u00eda para este viaje:<\/span><\/span><\/strong><\/p>","protected":false},"featured_media":500,"template":"","meta":[],"product_brand":[],"product_cat":[396,135],"product_tag":[397,398,399,400,401,402,403,404,405,406,407,408,409,410,411],"class_list":{"0":"post-11699","1":"product","2":"type-product","3":"status-publish","4":"has-post-thumbnail","6":"product_cat-bahia-de-las-aguilas-dominican-republic","7":"product_cat-lunch","8":"product_tag-bahia-de-las-aguilas","9":"product_tag-bahia-de-las-aguilas-pedernales","10":"product_tag-bahia-de-las-aguilas-beach-tour","11":"product_tag-bahia-de-las-aguilas-hoteles","12":"product_tag-bahia-de-las-aguilas-map","13":"product_tag-bahia-de-las-aguilas-private-tour","14":"product_tag-bahia-de-las-aguilas-republica-dominicana-hotel","15":"product_tag-bahia-de-las-aguilas-tour-from-punta-cana","16":"product_tag-bahia-de-las-aguilas-beach-day-trip-by-boat","17":"product_tag-bahia-las-aguilas-tours","18":"product_tag-barahona-tours","19":"product_tag-closest-airport-to-bahia-de-las-aguilas","20":"product_tag-hotel-barahona","21":"product_tag-playa-bahia-de-las-aguilas-dominican-republic","22":"product_tag-tours-a-bahia-de-las-aguilas-desde-santo-domingo","24":"first","25":"instock","26":"sale","27":"sold-individually","28":"shipping-taxable","29":"product-type-external"},"_links":{"self":[{"href":"https:\/\/visitaloshaitises.com\/lt\/wp-json\/wp\/v2\/product\/11699","targetHints":{"allow":["GET"]}}],"collection":[{"href":"https:\/\/visitaloshaitises.com\/lt\/wp-json\/wp\/v2\/product"}],"about":[{"href":"https:\/\/visitaloshaitises.com\/lt\/wp-json\/wp\/v2\/types\/product"}],"wp:featuredmedia":[{"embeddable":true,"href":"https:\/\/visitaloshaitises.com\/lt\/wp-json\/wp\/v2\/media\/500"}],"wp:attachment":[{"href":"https:\/\/visitaloshaitises.com\/lt\/wp-json\/wp\/v2\/media?parent=11699"}],"wp:term":[{"taxonomy":"product_brand","embeddable":true,"href":"https:\/\/visitaloshaitises.com\/lt\/wp-json\/wp\/v2\/product_brand?post=11699"},{"taxonomy":"product_cat","embeddable":true,"href":"https:\/\/visitaloshaitises.com\/lt\/wp-json\/wp\/v2\/product_cat?post=11699"},{"taxonomy":"product_tag","embeddable":true,"href":"https:\/\/visitaloshaitises.com\/lt\/wp-json\/wp\/v2\/product_tag?post=11699"}],"curies":[{"name":"wp","href":"https:\/\/api.w.org\/{rel}","templated":true}]}}