{"id":11349,"date":"2021-08-15T20:08:48","date_gmt":"2021-08-15T20:08:48","guid":{"rendered":"https:\/\/haitises.com\/?post_type=product&#038;p=11349"},"modified":"2024-04-05T20:38:41","modified_gmt":"2024-04-05T20:38:41","slug":"whale-watching-2022-in-punta-cana-cap-cana-to-samana-bay-cayo-levantado-bacardi-island-from-hotels","status":"publish","type":"product","link":"https:\/\/visitaloshaitises.com\/lt\/private\/whale-watching-2022-in-punta-cana-cap-cana-to-samana-bay-cayo-levantado-bacardi-island-from-hotels\/","title":{"rendered":"Bangini\u0173 steb\u0117jimas 2022 m. Punta Cana \/ Cap Cana iki Samanos \u012flankos + Cayo Levantado (Bacardi sala) i\u0161 vie\u0161bu\u010di\u0173."},"content":{"rendered":"<div class=\"vc_row wpb_row vc_row-fluid\" ><div class=\"wpb_column vc_column_container vc_col-sm-12\"><div class=\"vc_column-inner\"><div class=\"wpb_wrapper\"><div class=\"mkdf-section-title-holder\" style=\"text-align: left\">\n\t<div class=\"mkdf-st-inner\">\n\t\t\t\t\t<h5 class=\"mkdf-st-subtitle\" >\n\t\t\t\tPick Up from Hotels and Cayo Levantado (Bacardi Island).\t\t\t<\/h5>\n\t\t\t\t\t\t\t<h3 class=\"mkdf-st-title\" >\n\t\t\t\tWhale Watching 2022 in Punta Cana \/ Cap Cana to Samana Bay\t\t\t<\/h3>\n\t\t\t\t\t<\/div>\n<\/div><\/div><\/div><\/div><\/div><div class=\"vc_row wpb_row vc_row-fluid\" ><div class=\"wpb_column vc_column_container vc_col-sm-12\"><div class=\"vc_column-inner\"><div class=\"wpb_wrapper\">\n\t<div class=\"wpb_text_column wpb_content_element\" >\n\t\t<div class=\"wpb_wrapper\">\n\t\t\t<div class=\"vc_row wpb_row vc_row-fluid\">\n<div class=\"wpb_column vc_column_container vc_col-sm-12\">\n<div class=\"vc_column-inner\">\n<div class=\"wpb_wrapper\">\n<div class=\"wpb_text_column wpb_content_element\">\n<div class=\"wpb_wrapper\">\n<div class=\"vc_row wpb_row vc_row-fluid\">\n<div class=\"wpb_column vc_column_container vc_col-sm-12\">\n<div class=\"vc_column-inner\">\n<div class=\"wpb_wrapper\">\n<div class=\"wpb_text_column wpb_content_element\">\n<div class=\"wpb_wrapper\">\n<h4><b><i>Ap\u017evalga<img decoding=\"async\" class=\"emoji\" draggable=\"false\" src=\"https:\/\/s.w.org\/images\/core\/emoji\/12.0.0-1\/svg\/1f433.svg\" alt=\"\ud83d\udc33\" \/><\/i><\/b><\/h4>\n<p>Whale Punta Cana, whale watching in Saman\u00e1 Bay and visit Cayo Levantado during this full-day excursion from Punta Cana hotels. Travel to Saman\u00e1 bay aboard a comfortable, air-conditioned coach, then transfer to a boat Catamaran\u00a0 at Miches. Cruise out into the open waters to look for the pods of humpback whales who visit to breed and have their calves in the area. Learn about the behavior and biology of these marine mammals from your expert naturalist guide. Continue to Cayo Levantado, or Bacardi Island, for lunch on the beach and a dip in the azure waters before returning to Punta Cana.<\/p>\n<p>&nbsp;<\/p>\n<p><strong>Pastaba: <\/strong>This tour can or not include the stop at\u00a0<strong>Limono krioklys<\/strong>. To book same trip with the waterfalls please <a href=\"https:\/\/www.ticketswhales.com\/Tours-Excursions\/fees-entrace\/samana-whale-watching-cayo-levantado-bacardi-island-limon-waterfalls-from-punta-cana-hotels\/\" target=\"_blank\" rel=\"noopener\">SPAUSKITE \u010cIA.<\/a><\/p>\n<p>&nbsp;<\/p>\n<ul>\n<li>Bangini\u0173 steb\u0117jimo kelion\u0117<\/li>\n<li>\u012e\u0117jimo \u012f observatorij\u0105 mokes\u010diai<\/li>\n<li>\u012eskai\u010diuoti \u0161vedi\u0161ko stalo piet\u016bs papl\u016bdimyje<\/li>\n<li>Val\u010di\u0173 perve\u017eimas<\/li>\n<li>Transfer from Punta Cana Hotels<\/li>\n<li>Kapitonas instruktuoja ir pri\u017ei\u016bri<\/li>\n<li>Kelioni\u0173 vadovas<\/li>\n<\/ul>\n<p>&nbsp;<\/p>\n<h4><b>\u012etraukimai ir i\u0161imtys<\/b><\/h4>\n<p>&nbsp;<\/p>\n<p><b>Inkliuzai<\/b><\/p>\n<p>&nbsp;<\/p>\n<ol>\n<li>\u0160vedi\u0161ko stalo piet\u016bs papl\u016bdimyje<\/li>\n<li>Kelioni\u0173 vadovas<\/li>\n<li>Kelion\u0117 katamaranu arba valtimi<\/li>\n<li>Visi mokes\u010diai, rinkliavos ir tvarkymo mokes\u010diai<\/li>\n<li>Vietiniai mokes\u010diai<\/li>\n<li>G\u0117rimai<\/li>\n<\/ol>\n<p><b>I\u0161imtys<\/b><\/p>\n<ol>\n<li>Arbatpinigiai<\/li>\n<\/ol>\n<p>&nbsp;<\/p>\n<h4><em><strong>I\u0161vykimas ir gr\u012f\u017eimas<\/strong><\/em><\/h4>\n<p>\u0160ios kelion\u0117s metu si\u016blomas pa\u0117mimas i\u0161 vie\u0161bu\u010dio. Pastabose \u012fra\u0161ykite vie\u0161bu\u010dio, i\u0161 kurio norite pasiimti, pavadinim\u0105. Pasiimame i\u0161 vis\u0173 Punta Kanos vie\u0161bu\u010di\u0173.<\/p>\n<p>&nbsp;<\/p>\n<h3>Bangini\u0173 steb\u0117jimas 2022 m. Punta Cana \/ Cap Cana iki Samanos \u012flankos + Cayo Levantado (Bacardi sala) i\u0161 vie\u0161bu\u010di\u0173.<\/h3>\n<h4><b><i>Ko tik\u0117tis?<\/i><\/b><\/h4>\n<p>Per \u0161i\u0105 12 valand\u0173 trukm\u0117s kuprot\u0173j\u0173 bangini\u0173 steb\u0117jimo ekskursij\u0105 S\u00e1manos \u012flankoje i\u0161 arti susipa\u017einkite su \u0161velniaisiais Dominikos Respublikos j\u016br\u0173 mil\u017einais. Praleiskite nepamir\u0161tam\u0105 dien\u0105 steb\u0117dami t\u016bkstan\u010dius bangini\u0173, kurie kasmet atplaukia \u012f sal\u0105 poruotis, maitintis ir \u017eaisti \u0161iltuose tropiniuose vandenyse. Steb\u0117dami \u0161iuos nuostabius gyv\u016bnus gal\u0117site m\u0117gautis unikaliomis savo bangini\u0173 steb\u0117jimo gido eksperto \u012f\u017evalgomis. Dien\u0105 u\u017ebaigsite \u012fskai\u010diuotais pietumis ir papl\u016bdimio pramogomis nuostabioje Cayo Levantado saloje. Taip pat \u012fskai\u010diuotas transportas \u012f vie\u0161but\u012f ir atgal.<\/p>\n<p>From 9:00 Am until 12:00-noon Whale watching observatory and After this Whale trip we will visit Bacardi Island \/ Cayo Levantado. In Bacardi Island, Lunch Buffet from typical Dominican Style will be provided (Rice, Beans, Fish, Salads\u2026). When lunch is finished you are allowed to swim until 4:30 pm. Tour will be finished at 5:00 pm at the same port from where it will start onboad our Catamaran and them bus back to Punta Cana Hotels.<\/p>\n<p>This tour can or not include the stop at\u00a0<strong>Limono krioklys<\/strong>. To book same trip with the waterfalls please <a href=\"https:\/\/www.ticketswhales.com\/Tours-Excursions\/fees-entrace\/samana-whale-watching-cayo-levantado-bacardi-island-limon-waterfalls-from-punta-cana-hotels\/\" target=\"_blank\" rel=\"noopener\">SPAUSKITE \u010cIA.<\/a><\/p>\n<p><strong>Tvarkara\u0161tis:<\/strong><\/p>\n<p>6:00 - 7:00 Klient\u0173 pa\u0117mimas i\u0161 skirting\u0173 vie\u0161bu\u010di\u0173<br \/>\n07:00 I\u0161vykimas \u012f Las Canitas, Sabana de la mar<br \/>\n08:15 Atvykimas \u012f privat\u0173 dok\u0105<br \/>\n08:15 - 08:40 Pusry\u010diai (sumu\u0161tiniai, bandel\u0117s, arbata, kava, sultys)<br \/>\n8:45 \u012elipimas \u012f laiv\u0105 ir kelion\u0117s \u012f kuprot\u0173j\u0173 bangini\u0173 prieglobst\u012f Samanoje prad\u017eia<br \/>\n11:00 45 minu\u010di\u0173 bangini\u0173 paie\u0161ka - tai laikas, kurio laikomasi pagal vyriausyb\u0117s taisykles.<br \/>\n11:45 Keliaukite \u012f Cayo Levantado sal\u0105 Samanos \u012flankoje<br \/>\n12:30 Atvykimas \u012f Cayo Levantado<br \/>\n13:00 Piet\u016bs (savitarnos piet\u016bs, tipi\u0161ki dominikieti\u0161ki)*.<br \/>\n13:45 - 15:30 Laisvas laikas Cayo Levantado<br \/>\n15:00 - 15:45 V\u0117l \u012f laiv\u0105 ir atgal \u012f Miches\u0105<br \/>\n17:00 Atvykimas \u012f Miches\u0105 ir i\u0161vykimas \u012f Punta Kanos vie\u0161bu\u010dius<br \/>\n19:30 - 20:00 Atvykimas \u012f Punta Kanos vie\u0161bu\u010dius<\/p>\n<p><strong>*Piet\u0173 meniu (tipi\u0161kas Dominikos)<br \/>\n<\/strong>Ry\u017eiai, ant groteli\u0173 kepta vi\u0161tiena arba \u017euvis, salotos, dar\u017eov\u0117s, \u0161vie\u017ei vaisiai.<\/p>\n<p><strong>*Klientai, kurie po bangini\u0173 steb\u0117jimo pasirinks sustojim\u0105 prie El Limono krioklio, persikels prie krioklio ir tur\u0117s ma\u017eiau laiko praleisti Cayo Levantado.<\/strong><\/p>\n<p>This tour can or not include the stop at\u00a0<strong>Limono krioklys<\/strong>. To book same trip with the waterfalls please <a href=\"https:\/\/www.ticketswhales.com\/Tours-Excursions\/fees-entrace\/samana-whale-watching-cayo-levantado-bacardi-island-limon-waterfalls-from-punta-cana-hotels\/\" target=\"_blank\" rel=\"noopener\">SPAUSKITE \u010cIA.<\/a><\/p>\n<p>&nbsp;<\/p>\n<h4><em><strong>K\u0105 tur\u0117tum atsine\u0161ti?<\/strong><\/em><\/h4>\n<ul>\n<li>fotoaparatas<\/li>\n<li>Atbaidantys pumpurai<\/li>\n<li>kremas nuo saul\u0117s<\/li>\n<li>Skryb\u0117l\u0117<\/li>\n<li>Patogios kelnes<\/li>\n<li>Sandalai \u012f papl\u016bdim\u012f<\/li>\n<li>Plaukimo apranga<\/li>\n<li>Pinigai suvenyrams<\/li>\n<\/ul>\n<p>&nbsp;<\/p>\n<h4><b><i>Vie\u0161bu\u010dio pa\u0117mimas<\/i><\/b><\/h4>\n<p>\u0160ios kelion\u0117s metu si\u016blomas pa\u0117mimas i\u0161 vie\u0161bu\u010dio. Pastabose \u012fra\u0161ykite vie\u0161bu\u010dio, i\u0161 kurio norite pasiimti, pavadinim\u0105. Pasiimame i\u0161 vis\u0173 Punta Kanos vie\u0161bu\u010di\u0173.<\/p>\n<p>&nbsp;<\/p>\n<p><b>Pastaba:<\/b> jei u\u017esakym\u0105 pateikiate per 24 valandas iki ekskursijos\/i\u0161vykos i\u0161vykimo laiko, galime susitarti d\u0117l pasi\u0117mimo i\u0161 vie\u0161bu\u010dio. U\u017ebaig\u0119 pirkim\u0105, atsi\u0173sime jums vis\u0105 kontaktin\u0119 informacij\u0105 (telefono numer\u012f, el. pa\u0161to adres\u0105 ir kt.), kad m\u016bs\u0173 vietinis gidas gal\u0117t\u0173 organizuoti pa\u0117mimo i\u0161 vie\u0161bu\u010dio tvark\u0105.<\/p>\n<h4><b><i>Papildomos informacijos patvirtinimas<\/i><\/b><\/h4>\n<ol>\n<li>Bilietai yra kvitas apmok\u0117jus \u0161i\u0105 kelion\u0119. Mok\u0117jim\u0105 galite parodyti savo telefone.<\/li>\n<li>Susitikimo vieta bus gauta po rezervacijos proceso.<\/li>\n<li>Vaikus turi lyd\u0117ti suaug\u0119s asmuo.<\/li>\n<li>pritaikyta ne\u012fgali\u0173j\u0173 ve\u017eim\u0117liams<\/li>\n<li>K\u016bdikiai turi s\u0117d\u0117ti ant keli\u0173<\/li>\n<li>Dalyvauti gali dauguma keliautoj\u0173<\/li>\n<\/ol>\n<h4><b><i>At\u0161aukimo politika<\/i><\/b><\/h4>\n<p>Nor\u0117dami susigr\u0105\u017einti visas l\u0117\u0161as, at\u0161aukite bent 24 valandas iki patirties prad\u017eios datos.<\/p>\n<\/div>\n<\/div>\n<\/div>\n<\/div>\n<\/div>\n<\/div>\n<\/div>\n<\/div>\n<\/div>\n<\/div>\n<\/div>\n<\/div>\n<div class=\"vc_row wpb_row vc_row-fluid\">\n<div class=\"wpb_column vc_column_container vc_col-sm-12\">\n<div class=\"vc_column-inner\">\n<div class=\"wpb_wrapper\">\n<div class=\"vc_empty_space\"><\/div>\n<div class=\"wpb_text_column wpb_content_element\">\n<div class=\"wpb_wrapper\">\n<h4>Susisiekite su mumis?<\/h4>\n<h5><b><i>KELION\u0116 PO SAMAN\u0104 SU BANGINIAIS<\/i><\/b><\/h5>\n<p><em><strong>Vietiniai<\/strong>\u00a0ir\u00a0<strong>Tautie\u010diai<\/strong>\u00a0Gidai ir sve\u010di\u0173 paslaugos<\/em><\/p>\n<p><span class=\"text-turquoise\">Rezervacijos:<\/span>\u00a0Ekskursijos ir ekskursijos Dom Rep.<\/p>\n<p><img decoding=\"async\" class=\"emoji\" draggable=\"false\" src=\"https:\/\/s.w.org\/images\/core\/emoji\/11.2.0\/svg\/1f4de.svg\" alt=\"\ud83d\udcde\" \/>\u00a0Tel\/Whatsapp\u00a0\u00a0<a href=\"tel:+1-809-720-6035\">+1-809-720-6035<\/a>.<\/p>\n<p><img decoding=\"async\" class=\"emoji\" draggable=\"false\" src=\"https:\/\/s.w.org\/images\/core\/emoji\/11.2.0\/svg\/1f4e9.svg\" alt=\"\ud83d\udce9\" \/>\u00a0<a href=\"mailto:info@bookingadventures.com.do\">info@bookingadventures.com.do<\/a><\/p>\n<p><strong>Mes lanks\u010diai nustatome priva\u010dias \u201eWhatsapp\u201c keliones:\u00a0<a href=\"tel:+18097206035\">+18097206035.<\/a><\/strong><\/p>\n<\/div>\n<\/div>\n<\/div>\n<\/div>\n<\/div>\n<\/div>\n\n\t\t<\/div>\n\t<\/div>\n<\/div><\/div><\/div><\/div>","protected":false},"excerpt":{"rendered":"<p>From the Punta Cana hotels, we&#8217;ll enjoy the beautiful landscapes of the Oriental Mountain Range as we drive north of Punta Cana before arriving in the small fishing village of Miches at the southern shores of Samana Bay. There you will enjoy a quick breakfast prior to boarding the boat to Samana. We&#8217;ll cruise deep into the bay to whale watch. We will first reach Cayo Levantado, also known as Bacardi Island because of its close resemblance to the beaches Bacardi Rum once used for its famous commercials. Cayo Levantado is nothing short of a tropical oasis &#8211; a small island in the middle of the ocean with turquoise waters and white sands.<\/p>\n<p>This tour can or not include the stop at\u00a0<strong>Limono krioklys<\/strong>. To book the same trip with the waterfalls please <a href=\"https:\/\/www.ticketswhales.com\/Tours-Excursions\/fees-entrace\/samana-whale-watching-cayo-levantado-bacardi-island-limon-waterfalls-from-punta-cana-hotels\/\">SPAUSKITE \u010cIA.<\/a><\/p>\n<p>&nbsp;<\/p>\n<p>&nbsp;<\/p>\n<p><em><strong>Pasirinkite ekskursijos dat\u0105:<\/strong><\/em><\/p>","protected":false},"featured_media":497,"template":"","meta":[],"product_brand":[],"product_cat":[259,124,232],"product_tag":[390,137,162,364,260,345,201,141,391,228,147,392,357,271,393,234,280,394,236,395],"class_list":{"0":"post-11349","1":"product","2":"type-product","3":"status-publish","4":"has-post-thumbnail","6":"product_cat-tours-excursions-punta-cana-dominican-republic","7":"product_cat-tours-excursions-samana-bay-dominican-republic","8":"product_cat-whale-watching-samana","9":"product_tag-390","10":"product_tag-bacardi-island","11":"product_tag-cayo-levantado-day-pass","12":"product_tag-cheap-punta-cana-excursions","13":"product_tag-day-trip-punta-cana","14":"product_tag-half-day-whale-watching-miches","15":"product_tag-private-tours-samana","16":"product_tag-punta-cana","17":"product_tag-punta-cana-activities","18":"product_tag-punta-cana-tours","19":"product_tag-samana-bay","20":"product_tag-samana-day-trip","21":"product_tag-samana-day-trip-from-punta-cana","22":"product_tag-samana-whale-watching","23":"product_tag-whale-punta-cana","24":"product_tag-whale-samana","25":"product_tag-whale-watching-2020","26":"product_tag-whale-watching-2020-in-punta-cana-to-samana-bay-cayo-levantado-bacardi-island-from-hotels","27":"product_tag-whale-watching-dominican-republic","28":"product_tag-whale-watching-punta-cana","30":"first","31":"instock","32":"sale","33":"sold-individually","34":"shipping-taxable","35":"product-type-external"},"_links":{"self":[{"href":"https:\/\/visitaloshaitises.com\/lt\/wp-json\/wp\/v2\/product\/11349","targetHints":{"allow":["GET"]}}],"collection":[{"href":"https:\/\/visitaloshaitises.com\/lt\/wp-json\/wp\/v2\/product"}],"about":[{"href":"https:\/\/visitaloshaitises.com\/lt\/wp-json\/wp\/v2\/types\/product"}],"wp:featuredmedia":[{"embeddable":true,"href":"https:\/\/visitaloshaitises.com\/lt\/wp-json\/wp\/v2\/media\/497"}],"wp:attachment":[{"href":"https:\/\/visitaloshaitises.com\/lt\/wp-json\/wp\/v2\/media?parent=11349"}],"wp:term":[{"taxonomy":"product_brand","embeddable":true,"href":"https:\/\/visitaloshaitises.com\/lt\/wp-json\/wp\/v2\/product_brand?post=11349"},{"taxonomy":"product_cat","embeddable":true,"href":"https:\/\/visitaloshaitises.com\/lt\/wp-json\/wp\/v2\/product_cat?post=11349"},{"taxonomy":"product_tag","embeddable":true,"href":"https:\/\/visitaloshaitises.com\/lt\/wp-json\/wp\/v2\/product_tag?post=11349"}],"curies":[{"name":"wp","href":"https:\/\/api.w.org\/{rel}","templated":true}]}}