{"id":11307,"date":"2021-08-15T20:08:36","date_gmt":"2021-08-15T20:08:36","guid":{"rendered":"https:\/\/haitises.com\/?post_type=product&#038;p=11307"},"modified":"2024-04-09T18:38:14","modified_gmt":"2024-04-09T18:38:14","slug":"el-limon-waterfalls-tour-hiking-and-swimming-2","status":"publish","type":"product","link":"https:\/\/visitaloshaitises.com\/lt\/private\/el-limon-waterfalls-tour-hiking-and-swimming-2\/","title":{"rendered":"El Lim\u00f3n Waterfalls Tour (Hiking and Swimming)"},"content":{"rendered":"<div class=\"vc_row wpb_row vc_row-fluid\" ><div class=\"wpb_column vc_column_container vc_col-sm-12\"><div class=\"vc_column-inner\"><div class=\"wpb_wrapper\"><div class=\"mkdf-section-title-holder\" style=\"text-align: left\">\n\t<div class=\"mkdf-st-inner\">\n\t\t\t\t\t<h5 class=\"mkdf-st-subtitle\" >\n\t\t\t\tJust Hiking to the Waterfalls\t\t\t<\/h5>\n\t\t\t\t\t\t\t<h3 class=\"mkdf-st-title\" >\n\t\t\t\tEl Limon waterfalls Tour (hiking and swimming)\t\t\t<\/h3>\n\t\t\t\t\t<\/div>\n<\/div><\/div><\/div><\/div><\/div><div class=\"vc_row wpb_row vc_row-fluid\" ><div class=\"wpb_column vc_column_container vc_col-sm-12\"><div class=\"vc_column-inner\"><div class=\"wpb_wrapper\"><div class=\"vc_empty_space\"   style=\"height: 32px\"><span class=\"vc_empty_space_inner\"><\/span><\/div><\/div><\/div><\/div><\/div><div class=\"vc_row wpb_row vc_row-fluid\" ><div class=\"wpb_column vc_column_container vc_col-sm-12\"><div class=\"vc_column-inner\"><div class=\"wpb_wrapper\">\n\t<div class=\"wpb_text_column wpb_content_element\" >\n\t\t<div class=\"wpb_wrapper\">\n\t\t\t<h4><b><i>Ap\u017evalga <\/i><\/b><\/h4>\n<p><strong>The Waterfalls El Limon<\/strong> Hiking with local Tour Guides. Visiting cacao and Coffe forest under Coconuts Palms Canopy. When you arrive at the Waterfalls you are allowed to swim and Set the time with your Local Guide.<\/p>\n<p>Learn with locals about Nature and history from Samana and get a Safe trip. Get your Tickets in Offer Today.<\/p>\n<p>&nbsp;<\/p>\n<ul>\n<li>\u017dygiai<\/li>\n<li style=\"font-weight: 400;\"><span style=\"font-weight: 400;\">The guide provides instructions and Supervision<\/span><\/li>\n<li>Fees to the National Park<\/li>\n<\/ul>\n<p>&nbsp;<\/p>\n<h4><b>\u012etraukimai ir i\u0161imtys<\/b><\/h4>\n<p>&nbsp;<\/p>\n<p><b>Inkliuzai<\/b><\/p>\n<ol>\n<li style=\"font-weight: 400;\"><span style=\"font-weight: 400;\">Hiking\u00a0 \u00a0Tour<\/span><\/li>\n<li style=\"font-weight: 400;\"><span style=\"font-weight: 400;\">Visi mokes\u010diai, rinkliavos ir tvarkymo mokes\u010diai<\/span><\/li>\n<li style=\"font-weight: 400;\"><span style=\"font-weight: 400;\">Vietiniai mokes\u010diai<\/span><\/li>\n<li style=\"font-weight: 400;\"><span style=\"font-weight: 400;\">Vietinis gidas<\/span><\/li>\n<\/ol>\n<p><b> I\u0161imtys<\/b><\/p>\n<ol>\n<li>Food Not Included<\/li>\n<li style=\"font-weight: 400;\"><span style=\"font-weight: 400;\">Arbatpinigiai<\/span><\/li>\n<li style=\"font-weight: 400;\"><span style=\"font-weight: 400;\">Perdavimas<\/span><\/li>\n<li style=\"font-weight: 400;\"><span style=\"font-weight: 400;\">Alkoholiniai g\u0117rimai<\/span><\/li>\n<li>Food on the Beach not included<\/li>\n<\/ol>\n<p>&nbsp;<\/p>\n<h4><em><strong>I\u0161vykimas ir gr\u012f\u017eimas<\/strong><\/em><\/h4>\n<p><span style=\"font-weight: 400;\">Keliautojas gaus susitikimo viet\u0105 po rezervacijos proceso. Ekskursijos prasideda ir baigiasi m\u016bs\u0173 susitikimo vietose.<\/span><\/p>\n<p>&nbsp;<\/p>\n<h4><b><i>Ko tik\u0117tis?<\/i><\/b><\/h4>\n<p>&nbsp;<\/p>\n<p><em><strong>Gaukite bilietus<\/strong><\/em> for visiting The Waterfalls El Limon in Samana hiking with a Local Tour Guide.<\/p>\n<p><span style=\"font-weight: 400;\">The tour, organized by \u00abBooking Adventures\u00bb starts at the meeting point set with the Tour Guide.<\/span><\/p>\n<p>El Limon waterfalls with a local tour guide. Book a\u00a0hiking trip by the Forest going around the edge of the Limon River, visiting cacao and Coffe plantations under the Coconuts shadows palms trees.<\/p>\n<p>First, stop in the Small waterfall where usually there are not many people and you can swim around. After we continue to the big waterfall where we will stay for an hour or more if you want to.<\/p>\n<p>After the Hiking, you can set if you will like lunch with an extra charge.<\/p>\n<p>&nbsp;<\/p>\n<h4><em><strong>K\u0105 tur\u0117tum atsine\u0161ti?<\/strong><\/em><\/h4>\n<ul>\n<li style=\"font-weight: 400;\"><span style=\"font-weight: 400;\">fotoaparatas<\/span><\/li>\n<li style=\"font-weight: 400;\"><span style=\"font-weight: 400;\">Atbaidantys pumpurai<\/span><\/li>\n<li style=\"font-weight: 400;\"><span style=\"font-weight: 400;\">kremas nuo saul\u0117s<\/span><\/li>\n<li style=\"font-weight: 400;\"><span style=\"font-weight: 400;\">Skryb\u0117l\u0117<\/span><\/li>\n<li style=\"font-weight: 400;\"><span style=\"font-weight: 400;\">Patogios kelnes<\/span><\/li>\n<li style=\"font-weight: 400;\"><span style=\"font-weight: 400;\">\u017dygio batai mi\u0161kui<\/span><\/li>\n<li style=\"font-weight: 400;\"><span style=\"font-weight: 400;\">Plaukimo apranga<\/span><\/li>\n<\/ul>\n<p>&nbsp;<\/p>\n<h4><b><i>Vie\u0161bu\u010dio pa\u0117mimas <\/i><\/b><\/h4>\n<p><span style=\"font-weight: 400;\">\u0160ios kelion\u0117s metu perve\u017eimas \u012f vie\u0161but\u012f nesi\u016blomas. <\/span><\/p>\n<p>&nbsp;<\/p>\n<p><b>Pastaba:<\/b><span style=\"font-weight: 400;\"> Jei esate u\u017esakytas per 24 valandas nuo kelion\u0117s\/ekskursijos i\u0161vykimo laiko, galime suorganizuoti pa\u0117mim\u0105 i\u0161 vie\u0161bu\u010dio u\u017e papildomus mokes\u010dius. Kai pirkimas bus baigtas, mes atsi\u0173sime jums vis\u0105 kontaktin\u0119 informacij\u0105 (telefono numer\u012f, el. pa\u0161to adres\u0105 ir kt.), skirt\u0105 m\u016bs\u0173 vietiniam kelioni\u0173 vadovui, kad gal\u0117tume susitarti d\u0117l pa\u0117mimo.<\/span><\/p>\n<h4><b><i>Papildomos informacijos patvirtinimas <\/i><\/b><\/h4>\n<ol>\n<li>Bilietai yra kvitas apmok\u0117jus \u0161i\u0105 kelion\u0119. Mok\u0117jim\u0105 galite parodyti savo telefone.<\/li>\n<li style=\"font-weight: 400;\"><span style=\"font-weight: 400;\">Susitikimo vieta bus gauta po rezervacijos proceso.<\/span><\/li>\n<li style=\"font-weight: 400;\"><span style=\"font-weight: 400;\">Vaikus turi lyd\u0117ti suaug\u0119s asmuo.<\/span><\/li>\n<li style=\"font-weight: 400;\"><span style=\"font-weight: 400;\"> Nepritaikoma ne\u012fgaliojo ve\u017eim\u0117liu <\/span><\/li>\n<li style=\"font-weight: 400;\"><span style=\"font-weight: 400;\">K\u016bdikiai turi s\u0117d\u0117ti ant keli\u0173 <\/span><\/li>\n<li style=\"font-weight: 400;\"><span style=\"font-weight: 400;\">Nerekomenduojama keliautojams, turintiems nugaros problem\u0173<\/span><\/li>\n<li style=\"font-weight: 400;\"><span style=\"font-weight: 400;\">Nerekomenduojama besilaukian\u010dioms keliautojoms <\/span><\/li>\n<li style=\"font-weight: 400;\"><span style=\"font-weight: 400;\"> Joki\u0173 \u0161irdies problem\u0173 ar kit\u0173 rimt\u0173 sveikatos sutrikim\u0173 <\/span><\/li>\n<li style=\"font-weight: 400;\"><span style=\"font-weight: 400;\">Dalyvauti gali dauguma keliautoj\u0173<\/span><\/li>\n<\/ol>\n<h4><b><i>At\u0161aukimo politika<\/i><\/b><\/h4>\n<p><span style=\"font-weight: 400;\">Nor\u0117dami susigr\u0105\u017einti visas l\u0117\u0161as, at\u0161aukite bent 24 valandas iki patirties prad\u017eios datos.<\/span><\/p>\n\n\t\t<\/div>\n\t<\/div>\n<\/div><\/div><\/div><\/div><div class=\"vc_row wpb_row vc_row-fluid\" ><div class=\"wpb_column vc_column_container vc_col-sm-12\"><div class=\"vc_column-inner\"><div class=\"wpb_wrapper\"><div class=\"vc_empty_space\"   style=\"height: 32px\"><span class=\"vc_empty_space_inner\"><\/span><\/div>\n\t<div class=\"wpb_text_column wpb_content_element\" >\n\t\t<div class=\"wpb_wrapper\">\n\t\t\t<h4>Susisiekite su mumis?<\/h4>\n<h5><em><strong>Nuotyki\u0173 u\u017esakymas<\/strong><\/em><\/h5>\n<p><em><strong>Vietiniai<\/strong> ir <strong>Tautie\u010diai<\/strong> Gidai ir sve\u010di\u0173 paslaugos<\/em><\/p>\n<p><span class=\"text-turquoise\">Rezervacijos:<\/span> Ekskursijos ir ekskursijos Dom Rep.<\/p>\n<p><img decoding=\"async\" class=\"emoji\" draggable=\"false\" src=\"https:\/\/s.w.org\/images\/core\/emoji\/11.2.0\/svg\/1f4de.svg\" alt=\"\ud83d\udcde\" \/> Tel\/Whatsapp\u00a0 <a href=\"tel:+1-809-720-6035\">+1-809-720-6035<\/a>.<\/p>\n<p><img decoding=\"async\" class=\"emoji\" draggable=\"false\" src=\"https:\/\/s.w.org\/images\/core\/emoji\/11.2.0\/svg\/1f4e9.svg\" alt=\"\ud83d\udce9\" \/> <a href=\"mailto:info@bookingadventures.com.do\">info@bookingadventures.com.do<\/a><\/p>\n<p><strong>Mes lanks\u010diai nustatome priva\u010dias \u201eWhatsapp\u201c keliones: <a href=\"tel:+18097206035\">+18097206035.<\/a><\/strong><\/p>\n\n\t\t<\/div>\n\t<\/div>\n<div class=\"vc_empty_space\"   style=\"height: 32px\"><span class=\"vc_empty_space_inner\"><\/span><\/div><\/div><\/div><\/div><\/div>","protected":false},"excerpt":{"rendered":"<p><strong>The Waterfalls El Limon<\/strong> Hiking with local Tour Guides. Visiting cacao and Coffe forest under Coconuts Palms Canopy. When you arrive at the Waterfalls you are allowed to swim and Set the time with your Local Guide.<\/p>\n<p>Learn with locals about Nature and history from Samana and get a Safe trip. Get your Tickets in Offer Today.<\/p>\n<p>&nbsp;<\/p>\n<p><strong>Pra\u0161ome pasirinkti Ekskursijos dat\u0105\u00a0<\/strong><\/p>","protected":false},"featured_media":130,"template":"","meta":[],"product_brand":[],"product_cat":[120,96,136,99,122,123,124,154],"product_tag":[137,138,140,155,142,143],"class_list":{"0":"post-11307","1":"product","2":"type-product","3":"status-publish","4":"has-post-thumbnail","6":"product_cat-fees-entrace","7":"product_cat-hiking","8":"product_cat-safari-samana","9":"product_cat-swimming-natural-springs","10":"product_cat-tours-and-excursions","11":"product_cat-tours-excursions-los-haitises-national-park","12":"product_cat-tours-excursions-samana-bay-dominican-republic","13":"product_cat-trails-or-paths","14":"product_tag-bacardi-island","15":"product_tag-beach-time","16":"product_tag-el-limon-waterfalls","17":"product_tag-hiking-el-limon","18":"product_tag-samana","19":"product_tag-samana-tours","21":"first","22":"instock","23":"sale","24":"sold-individually","25":"shipping-taxable","26":"product-type-external"},"_links":{"self":[{"href":"https:\/\/visitaloshaitises.com\/lt\/wp-json\/wp\/v2\/product\/11307","targetHints":{"allow":["GET"]}}],"collection":[{"href":"https:\/\/visitaloshaitises.com\/lt\/wp-json\/wp\/v2\/product"}],"about":[{"href":"https:\/\/visitaloshaitises.com\/lt\/wp-json\/wp\/v2\/types\/product"}],"wp:featuredmedia":[{"embeddable":true,"href":"https:\/\/visitaloshaitises.com\/lt\/wp-json\/wp\/v2\/media\/130"}],"wp:attachment":[{"href":"https:\/\/visitaloshaitises.com\/lt\/wp-json\/wp\/v2\/media?parent=11307"}],"wp:term":[{"taxonomy":"product_brand","embeddable":true,"href":"https:\/\/visitaloshaitises.com\/lt\/wp-json\/wp\/v2\/product_brand?post=11307"},{"taxonomy":"product_cat","embeddable":true,"href":"https:\/\/visitaloshaitises.com\/lt\/wp-json\/wp\/v2\/product_cat?post=11307"},{"taxonomy":"product_tag","embeddable":true,"href":"https:\/\/visitaloshaitises.com\/lt\/wp-json\/wp\/v2\/product_tag?post=11307"}],"curies":[{"name":"wp","href":"https:\/\/api.w.org\/{rel}","templated":true}]}}