{"id":602,"date":"2020-07-06T21:08:32","date_gmt":"2020-07-06T21:08:32","guid":{"rendered":"https:\/\/haitises.com\/?post_type=product&#038;p=602"},"modified":"2024-04-16T16:45:03","modified_gmt":"2024-04-16T16:45:03","slug":"excursion-parque-nacional-salto-de-la-jalda-el-salto-mas-alto-de-el-caribe-272-pies","status":"publish","type":"product","link":"https:\/\/visitaloshaitises.com\/lo\/private\/excursion-parque-nacional-salto-de-la-jalda-el-salto-mas-alto-de-el-caribe-272-pies\/","title":{"rendered":"\u0e81\u0eb2\u0e99\u0e97\u0ec8\u0ead\u0e87\u0e97\u0ec8\u0ebd\u0ea7\u0ead\u0eb8\u0e97\u0eb0\u0e8d\u0eb2\u0e99\u0ec1\u0eab\u0ec8\u0e87\u0e8a\u0eb2\u0e94 Salto de la Jalda - \u0e99\u0ec9\u0ecd\u0eb2\u0e95\u0ebb\u0e81\u0e97\u0eb5\u0ec8\u0eaa\u0eb9\u0e87\u0e97\u0eb5\u0ec8\u0eaa\u0eb8\u0e94\u0ec3\u0e99 Caribbean 272 \u0e9f\u0eb8\u0e94"},"content":{"rendered":"<div class=\"vc_row wpb_row vc_row-fluid\" ><div class=\"wpb_column vc_column_container vc_col-sm-12\"><div class=\"vc_column-inner\"><div class=\"wpb_wrapper\"><div class=\"mkdf-section-title-holder\" style=\"text-align: left\">\n\t<div class=\"mkdf-st-inner\">\n\t\t\t\t\t<h5 class=\"mkdf-st-subtitle\" >\n\t\t\t\t\u0e99\u0ec9\u0eb3\u0e95\u0ebb\u0e81\u0e95\u0eb2\u0e94\u0e97\u0eb5\u0ec8\u0eaa\u0eb9\u0e87\u0e97\u0eb5\u0ec8\u0eaa\u0eb8\u0e94\u0ec3\u0e99 Caribbean 272 \u0e9f\u0eb8\u0e94\t\t\t<\/h5>\n\t\t\t\t\t\t\t\t\t<p class=\"mkdf-st-text\" >\n\t\t\t\t\u0e8d\u0ec8\u0eb2\u0e87\u0e9b\u0ec8\u0eb2 \u0eab\u0ebc\u0eb7 \u0e82\u0eb5\u0ec8\u0ea1\u0ec9\u0eb2\t\t\t<\/p>\n\t\t\t<\/div>\n<\/div><\/div><\/div><\/div><\/div><div class=\"vc_row wpb_row vc_row-fluid\" ><div class=\"wpb_column vc_column_container vc_col-sm-12\"><div class=\"vc_column-inner\"><div class=\"wpb_wrapper\">\n\t<div class=\"wpb_text_column wpb_content_element\" >\n\t\t<div class=\"wpb_wrapper\">\n\t\t\t<h2>\u0ead\u0eb8\u0e97\u0eb0\u0e8d\u0eb2\u0e99\u0ec1\u0eab\u0ec8\u0e87\u0e8a\u0eb2\u0e94 Salto de la Jalda<\/h2>\n<h3>\u0ea5\u0eb2\u0e8d\u0ea5\u0eb0\u0ead\u0ebd\u0e94<\/h3>\n<p>\u0e99\u0eb5\u0ec9\u0ec1\u0ea1\u0ec8\u0e99\u0e81\u0eb2\u0e99\u0e97\u0ec8\u0ead\u0e87\u0e97\u0ec8\u0ebd\u0ea7\u0eaa\u0ec8\u0ea7\u0e99\u0e95\u0ebb\u0ea7\u0ec4\u0e9b\u0eab\u0eb2\u0e99\u0ec9\u0ecd\u0eb2\u0e95\u0ebb\u0e81 Salto de la Jalda \u0e94\u0ec9\u0ea7\u0e8d\u0e81\u0eb2\u0e99\u0e82\u0eb5\u0ec8\u0ea1\u0ec9\u0eb2\u0eab\u0ebc\u0eb7\u0e8d\u0ec8\u0eb2\u0e87\u0e9b\u0ec8\u0eb2. \u0ea2\u0ec9\u0ebd\u0ea1\u0ea2\u0eb2\u0ea1\u0e9b\u0ec8\u0eb2\u0ec2\u0e81\u0ec2\u0e81\u0ec9\u0ec1\u0ea5\u0eb0\u0e81\u0eb2\u0ec0\u0e9f\u0e9e\u0eb2\u0e8d\u0ec3\u0e95\u0ec9\u0e95\u0ebb\u0ec9\u0e99\u0eab\u0ea1\u0eb2\u0e81\u0e9e\u0ec9\u0eb2\u0ea7. \u0ec0\u0ea1\u0eb7\u0ec8\u0ead\u0e97\u0ec8\u0eb2\u0e99\u0ec4\u0e9b\u0eae\u0ead\u0e94\u0e99\u0ecd\u0ec9\u0eb2\u0e95\u0ebb\u0e81\u0e95\u0eb2\u0e94, \u0e97\u0ec8\u0eb2\u0e99\u0eaa\u0eb2\u0ea1\u0eb2\u0e94\u0ea5\u0ead\u0e8d\u0e99\u0ec9\u0ecd\u0eb2\u0ec1\u0ea5\u0eb0\u0e81\u0ecd\u0eb2\u0e99\u0ebb\u0e94\u0ec0\u0ea7\u0ea5\u0eb2\u0e81\u0eb1\u0e9a\u0e84\u0eb9\u0ec8\u0ea1\u0eb7\u0e97\u0ec9\u0ead\u0e87\u0e96\u0eb4\u0ec8\u0e99\u0e82\u0ead\u0e87\u0e97\u0ec8\u0eb2\u0e99.<\/p>\n<p>\u0eae\u0ebd\u0e99\u200b\u0eae\u0eb9\u0ec9\u200b\u0e88\u0eb2\u0e81\u200b\u0e97\u0ec9\u0ead\u0e87\u200b\u0e96\u0eb4\u0ec8\u0e99\u200b\u0ec1\u0ea5\u0eb0\u200b\u0ec4\u0e94\u0ec9\u200b\u0eae\u0eb1\u0e9a\u200b\u0e81\u0eb2\u0e99\u200b\u0ec0\u0e94\u0eb5\u0e99\u200b\u0e97\u0eb2\u0e87\u200b\u0e97\u0eb5\u0ec8\u200b\u0e9b\u0ead\u0e94\u200b\u0ec4\u0e9e\u200b. \u0ec0\u0ead\u0ebb\u0eb2\u0e9b\u0eb5\u0ec9\u0e82\u0ead\u0e87\u0e97\u0ec8\u0eb2\u0e99\u0ead\u0ead\u0e81\u0e82\u0eb2\u0e8d\u0ec3\u0e99\u0ea1\u0eb7\u0ec9\u0e99\u0eb5\u0ec9.<\/p>\n<ul>\n<li>\u0e82\u0eb5\u0ec8\u0ea1\u0ec9\u0eb2 \u0eab\u0ebc\u0eb7\u0e8d\u0ec8\u0eb2\u0e87\u0e9b\u0ec8\u0eb2<\/li>\n<li>\u0e84\u0eb9\u0ec8\u0ea1\u0eb7\u0ec3\u0eab\u0ec9\u0e84\u0ecd\u0eb2\u0ec1\u0e99\u0eb0\u0e99\u0ecd\u0eb2\u0ec1\u0ea5\u0eb0\u0e81\u0eb2\u0e99\u0e8a\u0eb5\u0ec9\u0e99\u0ecd\u0eb2.<\/li>\n<li>\u0e84\u0ec8\u0eb2\u200b\u0e97\u0ecd\u0eb2\u200b\u0e99\u0ebd\u0ea1\u200b\u0e82\u0ead\u0e87\u200b\u0ead\u0eb8\u200b\u0e97\u0eb0\u200b\u0e8d\u0eb2\u0e99\u200b\u0ec1\u0eab\u0ec8\u0e87\u200b\u0e8a\u0eb2\u0e94\u200b<\/li>\n<\/ul>\n<h3>\u0e81\u0eb2\u0e99\u0ea5\u0ea7\u0ea1\u0ec1\u0ea5\u0eb0\u0e81\u0eb2\u0e99\u0e8d\u0ebb\u0e81\u0ec0\u0ea7\u0eb1\u0ec9\u0e99<\/h3>\n<h4>\u0ea5\u0ea7\u0ea1<\/h4>\n<ol>\n<li>\u0e81\u0eb2\u0e99\u0e97\u0ec8\u0ead\u0e87\u0e97\u0ec8\u0ebd\u0ea7\u0e94\u0ec9\u0ea7\u0e8d\u0e95\u0eb5\u0e99 \u0eab\u0ebc\u0eb7\u0ec0\u0e97\u0eb4\u0e87\u0eab\u0ebc\u0eb1\u0e87\u0ea1\u0ec9\u0eb2<\/li>\n<li>\u0e9e\u0eb2\u0eaa\u0eb5, \u0e84\u0ec8\u0eb2\u0e97\u0eb3\u0e99\u0ebd\u0ea1 \u0ec1\u0ea5\u0eb0\u0e84\u0ec8\u0eb2\u0e9a\u0ecd\u0ea5\u0eb4\u0e81\u0eb2\u0e99\u0e97\u0eb1\u0e87\u0edd\u0ebb\u0e94<\/li>\n<li>\u0e9e\u0eb2\u0eaa\u0eb5\u0e97\u0ec9\u0ead\u0e87\u0e96\u0eb4\u0ec8\u0e99<\/li>\n<li>\u0ec0\u0e84\u0eb7\u0ec8\u0ead\u0e87\u0e94\u0eb7\u0ec8\u0ea1<\/li>\n<li>\u0e81\u0eb4\u0e94\u0e88\u0eb0\u0e81\u0ecd\u0eb2\u0e97\u0eb1\u0e87\u0eab\u0ea1\u0ebb\u0e94<\/li>\n<li>\u0e84\u0eb9\u0ec8\u0ea1\u0eb7\u0e97\u0ec9\u0ead\u0e87\u0e96\u0eb4\u0ec8\u0e99<\/li>\n<\/ol>\n<h4>\u0e81\u0eb2\u0e99\u0e8d\u0ebb\u0e81\u0ec0\u0ea7\u0eb1\u0ec9\u0e99<\/h4>\n<ol>\n<li>\u0ec0\u0e84\u0eb1\u0e94\u0ea5\u0eb1\u0e9a<\/li>\n<li>\u0e81\u0eb2\u0e99\u0e82\u0ebb\u0e99\u0eaa\u0ebb\u0ec8\u0e87<\/li>\n<li>\u0ead\u0eb2\u0eab\u0eb2\u0e99\u0e97\u0ec8\u0ebd\u0e87<\/li>\n<li>\u0ec0\u0e84\u0eb7\u0ec8\u0ead\u0e87\u0e94\u0eb7\u0ec8\u0ea1\u0ec1\u0ead\u0e99\u0e81\u0ecd\u0eae\u0ecd<\/li>\n<\/ol>\n<h3><em>\u0ead\u0ead\u0e81\u0ec0\u0e94\u0eb5\u0e99\u0e97\u0eb2\u0e87 \u0ec1\u0ea5\u0eb0\u0e81\u0eb1\u0e9a\u0e84\u0eb7\u0e99<\/em><\/h3>\n<p>\u0e99\u0eb1\u0e81\u0e97\u0ec8\u0ead\u0e87\u0e97\u0ec8\u0ebd\u0ea7\u0e88\u0eb0\u0ec4\u0e94\u0ec9\u0eae\u0eb1\u0e9a\u0e88\u0eb8\u0e94\u0e99\u0eb1\u0e94\u0e9e\u0ebb\u0e9a\u0eab\u0ebc\u0eb1\u0e87\u0e88\u0eb2\u0e81\u0e82\u0eb1\u0ec9\u0e99\u0e95\u0ead\u0e99\u0e81\u0eb2\u0e99\u0e88\u0ead\u0e87. \u0e81\u0eb2\u0e99\u0e97\u0ec8\u0ead\u0e87\u0e97\u0ec8\u0ebd\u0ea7\u0ec0\u0ea5\u0eb5\u0ec8\u0ea1\u0e95\u0ebb\u0ec9\u0e99 \u0ec1\u0ea5\u0eb0\u0eaa\u0eb4\u0ec9\u0e99\u0eaa\u0eb8\u0e94\u0ea2\u0eb9\u0ec8\u0e97\u0eb5\u0ec8\u0e88\u0eb8\u0e94\u0e99\u0eb1\u0e94\u0e9e\u0ebb\u0e9a\u0e82\u0ead\u0e87\u0e9e\u0ea7\u0e81\u0ec0\u0eae\u0ebb\u0eb2.<\/p>\n<h2>\u0e8d\u0ec8\u0eb2\u0e87\u0e9b\u0ec8\u0eb2\u0ec4\u0e9b\u0ead\u0eb8\u0e97\u0eb0\u0e8d\u0eb2\u0e99\u0ec1\u0eab\u0ec8\u0e87\u0e8a\u0eb2\u0e94 Salto de la Jalda<\/h2>\n<h3><em>\u0eaa\u0eb4\u0ec8\u0e87\u0e97\u0eb5\u0ec8\u0e84\u0eb2\u0e94\u0eab\u0ea7\u0eb1\u0e87?<\/em><\/h3>\n<p>\u0ec0\u0ead\u0ebb\u0eb2\u0e9b\u0eb5\u0ec9\u0e82\u0ead\u0e87\u0e97\u0ec8\u0eb2\u0e99\u0ec0\u0e9e\u0eb7\u0ec8\u0ead\u0ec4\u0e9b\u0ea2\u0ec9\u0ebd\u0ea1\u0ea2\u0eb2\u0ea1\u0e99\u0ec9\u0ecd\u0eb2\u0e95\u0ebb\u0e81\u0e97\u0eb5\u0ec8\u0eaa\u0eb9\u0e87\u0e97\u0eb5\u0ec8\u0eaa\u0eb8\u0e94\u0ec3\u0e99 Caribbean. El Salto la Jalda \u0e8d\u0ec8\u0eb2\u0e87\u0e9b\u0ec8\u0eb2 \u0eab\u0ebc\u0eb7\u0ec0\u0e97\u0eb4\u0e87\u0eab\u0ebc\u0eb1\u0e87\u0ea1\u0ec9\u0eb2.<\/p>\n<p>El recorrido, organizado por \u00abBooking Adventures\u00bb comienza en el punto de encuentro establecido con el gu\u00eda tur\u00edstico. Para comenzar nuestro recorrido, nos encontramos en Sabana de la Mar. Luego nos subimos al veh\u00edculo que conducimos 25 minutos a la Comunidad Magua. Donde nos encontraremos con nuestros gu\u00edas locales de senderismo. Dejando su veh\u00edculo en un lugar de estacionamiento seguro, vamos a caballo o a pie al Parque Nacional Salto de La Jalda, con un tiempo de tres horas para llegar all\u00ed.<\/p>\n<p>\u0ec0\u0eaa\u0eb1\u0ec9\u0e99\u0e97\u0eb2\u0e87\u0e94\u0eb1\u0ec8\u0e87\u0e81\u0ec8\u0eb2\u0ea7\u0e9b\u0eb0\u0e81\u0ead\u0e9a\u0e94\u0ec9\u0ea7\u0e8d 6.5 \u0e81\u0eb4\u0ec2\u0ea5\u0ec1\u0ea1\u0eb1\u0e94, \u0ea1\u0eb1\u0e99\u0ec0\u0e9b\u0eb1\u0e99\u0e9b\u0eb0\u0eaa\u0ebb\u0e9a\u0e81\u0eb2\u0e99\u0e97\u0eb5\u0ec8\u0e8d\u0eb2\u0ea7\u0e99\u0eb2\u0e99\u0e9c\u0ec8\u0eb2\u0e99\u0e9b\u0ec8\u0eb2 Dominican, \u0e9c\u0ec8\u0eb2\u0e99\u0e9b\u0ec8\u0eb2\u0ec2\u0e81\u0ec2\u0e81\u0ec9, \u0eab\u0ea1\u0eb2\u0e81\u0e9e\u0ec9\u0eb2\u0ea7\u0ec1\u0ea5\u0eb0\u0e81\u0eb2\u0ec0\u0e9f. \u0ec3\u0e99\u0e81\u0eb2\u0e99\u0ec0\u0e94\u0eb5\u0e99\u0e97\u0eb2\u0e87\u0e97\u0eb1\u0e87\u0eab\u0ea1\u0ebb\u0e94\u0e82\u0ead\u0e87\u0e9e\u0ea7\u0e81\u0ec0\u0eae\u0ebb\u0eb2, \u0e9e\u0ea7\u0e81\u0ec0\u0eae\u0ebb\u0eb2\u0e88\u0eb0\u0e9c\u0ec8\u0eb2\u0e99\u0ec3\u0e81\u0ec9\u0e81\u0eb1\u0e9a\u0ec1\u0ea1\u0ec8\u0e99\u0ec9\u0ecd\u0eb2 Magua \u0ec1\u0ea5\u0eb0\u0e82\u0ec9\u0eb2\u0ea1\u0ea1\u0eb1\u0e99\u0e9b\u0eb0\u0ea1\u0eb2\u0e99 8 \u0ec0\u0e97\u0eb7\u0ec8\u0ead\u0ec2\u0e94\u0e8d\u0e9a\u0ecd\u0ec8\u0ea1\u0eb5\u0e84\u0ea7\u0eb2\u0ea1\u0eab\u0e8d\u0eb8\u0ec9\u0e87\u0e8d\u0eb2\u0e81\u0eab\u0ebc\u0eb2\u0e8d.<\/p>\n<p>\u0ec0\u0e81\u0eb7\u0ead\u0e9a\u0e97\u0eb1\u0e87 \u0edd\u0ebb\u0e94 \u0ec0\u0eaa\u0eb1\u0ec9\u0e99\u0e97\u0eb2\u0e87\u0ec1\u0ea1\u0ec8\u0e99\u0eae\u0ebb\u0ec8\u0ea1\u0e94\u0ec9\u0ea7\u0e8d\u0e9b\u0ec8\u0eb2\u0ec2\u0e81\u0ec2\u0e81\u0ec9 \u0e88\u0eb3 \u0e99\u0ea7\u0e99\u0eab\u0ebc\u0ea7\u0e87\u0eab\u0ebc\u0eb2\u0e8d\u0e97\u0eb5\u0ec8\u0e9b\u0eb9\u0e81\u0e81\u0ec8\u0ead\u0e99\u0e97\u0eb5\u0ec8\u0e9e\u0eb7\u0ec9\u0e99\u0e97\u0eb5\u0ec8\u0e88\u0eb0\u0e96\u0eb7\u0e81\u0e9b\u0eb0\u0e81\u0eb2\u0e94\u0ec0\u0e9b\u0eb1\u0e99\u0ead\u0eb8\u0e97\u0eb0\u0e8d\u0eb2\u0e99\u0ec1\u0eab\u0ec8\u0e87\u0e8a\u0eb2\u0e94 Salto de La Jalda. \u0ec3\u0e99\u0e9e\u0eb2\u0e81\u0e97\u0ecd\u0eb2\u0ead\u0eb4\u0e94\u0e82\u0ead\u0e87\u0e81\u0eb2\u0e99\u0e9c\u0eb0\u0e88\u0ebb\u0e99\u0ec4\u0e9e\u0e81\u0eb2\u0e99\u0e97\u0ec8\u0ead\u0e87\u0e97\u0ec8\u0ebd\u0ea7\u0ec1\u0e9a\u0e9a\u0e99\u0eb4\u0ec0\u0ea7\u0e94\u0e99\u0eb5\u0ec9, \u0ec0\u0e88\u0ebb\u0ec9\u0eb2\u0eaa\u0eb2\u0ea1\u0eb2\u0e94\u0ec0\u0e9e\u0eb5\u0e94\u0ec0\u0e9e\u0eb5\u0e99\u0e81\u0eb1\u0e9a\u0e81\u0eb2\u0e99\u0eae\u0ec9\u0ead\u0e87\u0ec0\u0e9e\u0e87\u0e82\u0ead\u0e87\u0e99\u0ebb\u0e81, \u0eaa\u0ebd\u0e87\u0e99\u0ec9\u0ecd\u0eb2\u0ec4\u0eab\u0ebc, \u0e9e\u0eb7\u0ec9\u0e99\u0e97\u0eb5\u0ec8\u0eaa\u0ec8\u0ea7\u0e99\u0eab\u0ebc\u0eb2\u0e8d\u0ec1\u0ea1\u0ec8\u0e99\u0eae\u0eb2\u0e9a\u0e9e\u0ebd\u0e87, \u0ec1\u0ea5\u0eb0\u0e95\u0ebb\u0ec9\u0e99\u0ec4\u0ea1\u0ec9\u0eaa\u0eb5\u0e82\u0ebd\u0ea7\u0e97\u0eb1\u0e87\u0eab\u0ea1\u0ebb\u0e94.<\/p>\n<p>\u0e99\u0ead\u0e81 \u0ec0\u0edc\u0eb7\u0ead \u0ec4\u0e9b\u0e88\u0eb2\u0e81\u0ec2\u0e81\u0ec2\u0e81\u0ec9\u0ec3\u0e99\u0eaa\u0ea7\u0e99\u0eaa\u0eb2\u0e97\u0eb2\u0ea5\u0eb0\u0e99\u0eb0\u0ec1\u0eab\u0ec8\u0e87\u0e8a\u0eb2\u0e94 La Jalda, \u0e97\u0ec8\u0eb2\u0e99\u0e8d\u0eb1\u0e87\u0eaa\u0eb2\u0ea1\u0eb2\u0e94\u0ec0\u0e9a\u0eb4\u0ec8\u0e87\u0eaa\u0ea7\u0e99\u0e81\u0eb2\u0ec0\u0e9f. \u0ec0\u0e81\u0eb7\u0ead\u0e9a\u0eae\u0ead\u0e94\u0e99\u0ec9\u0eb3\u0e95\u0ebb\u0e81\u0e95\u0eb2\u0e94 \u0e9e\u0ea7\u0e81\u0ec0\u0eae\u0ebb\u0eb2\u0ea2\u0eb8\u0e94\u0ea2\u0eb9\u0ec8\u0e97\u0eb5\u0ec8\u0ec0\u0eae\u0eb7\u0ead\u0e99\u0e82\u0ead\u0e87\u0e99\u0eb1\u0e81\u0ec1\u0ea5\u0ec8\u0e99\u0eaa\u0ea7\u0e99\u0eaa\u0eb2\u0e97\u0eb2\u0ea5\u0eb0\u0e99\u0eb0\u0e9e\u0eb7\u0ec9\u0e99\u0ec0\u0ea1\u0eb7\u0ead\u0e87\u0e88\u0eb2\u0e81\u0e8a\u0eb8\u0ea1\u0e8a\u0ebb\u0e99 Magua, \u0ea1\u0ead\u0e9a\u0edd\u0eb2\u0e8d\u0ec3\u0eab\u0ec9\u0ead\u0eb8\u0e97\u0eb0\u0e8d\u0eb2\u0e99\u0ec1\u0eab\u0ec8\u0e87\u0e8a\u0eb2\u0e94 Jalda. \u0ea2\u0eb9\u0ec8\u0e97\u0eb5\u0ec8\u0e99\u0eb1\u0ec9\u0e99\u0e97\u0ec8\u0eb2\u0e99\u0eaa\u0eb2\u0ea1\u0eb2\u0e94\u0e9e\u0eb1\u0e81\u0e9c\u0ec8\u0ead\u0e99\u0eaa\u0eb1\u0ec9\u0e99, \u0e88\u0eb2\u0e81\u0e9a\u0ec8\u0ead\u0e99\u0e97\u0eb5\u0ec8\u0e97\u0ec8\u0eb2\u0e99\u0eaa\u0eb2\u0ea1\u0eb2\u0e94\u0ec0\u0e9a\u0eb4\u0ec8\u0e87\u0e9e\u0eb2\u0e9a\u0ea5\u0ea7\u0ea1\u0e97\u0eb5\u0ec8\u0e9a\u0ecd\u0ec8\u0eab\u0e99\u0ec9\u0eb2\u0ec0\u0e8a\u0eb7\u0ec8\u0ead\u0e82\u0ead\u0e87 Salto de La Jalda.<\/p>\n<p>\u0e9e\u0ea7\u0e81\u0ec0\u0eae\u0ebb\u0eb2\u0e88\u0eb0\u0eaa\u0eb7\u0e9a\u0e95\u0ecd\u0ec8\u0ec4\u0e9b\u0eab\u0eb2\u0e99\u0ec9\u0ecd\u0eb2\u0e95\u0ebb\u0e81. \u0ea5\u0ead\u0e8d\u0ea2\u0eb9\u0ec8\u0e97\u0eb5\u0ec8\u0e99\u0eb1\u0ec9\u0e99\u0ec1\u0ea5\u0eb0\u0eab\u0ebc\u0eb1\u0e87\u0e88\u0eb2\u0e81\u0eaa\u0ead\u0e87\u0eaa\u0eb2\u0ea1\u0e8a\u0ebb\u0ec8\u0ea7\u0ec2\u0ea1\u0e87\u0e81\u0eb1\u0e9a\u0e84\u0eb7\u0e99\u0ec4\u0e9b\u0eab\u0eb2\u0e8d\u0eb2\u0e99\u0e9e\u0eb2\u0eab\u0eb0\u0e99\u0eb0\u0e95\u0eb2\u0ea1\u0ec0\u0eaa\u0eb1\u0ec9\u0e99\u0e97\u0eb2\u0e87\u0e94\u0ebd\u0ea7\u0e81\u0eb1\u0e99. \u0e99\u0eb5\u0ec9\u0ec1\u0ea1\u0ec8\u0e99\u0e81\u0eb2\u0e99\u0e9c\u0eb0\u0e88\u0ebb\u0e99\u0ec4\u0e9e\u0e97\u0eb5\u0ec8\u0eae\u0ec9\u0eb2\u0e8d\u0e81\u0eb2\u0e94. \u0e81\u0eb0\u0ea5\u0eb8\u0e99\u0eb2, \u0e96\u0ec9\u0eb2\u0e97\u0ec8\u0eb2\u0e99\u0e9a\u0ecd\u0ec8\u0ea1\u0eb5\u0ec0\u0e87\u0eb7\u0ec8\u0ead\u0e99\u0ec4\u0e82\u0eaa\u0ecd\u0eb2\u0ea5\u0eb1\u0e9a\u0e81\u0eb2\u0e99\u0e8d\u0ec8\u0eb2\u0e87\u0e9b\u0ec8\u0eb2, \u0e97\u0ec8\u0eb2\u0e99\u0e95\u0ec9\u0ead\u0e87\u0e82\u0eb5\u0ec8\u0ea1\u0ec9\u0eb2.<\/p>\n<h3><em>\u0ec0\u0e88\u0ebb\u0ec9\u0eb2\u0e84\u0ea7\u0e99\u0ec0\u0ead\u0ebb\u0eb2\u0eab\u0e8d\u0eb1\u0e87\u0ea1\u0eb2?<\/em><\/h3>\n<ul>\n<li>\u0e81\u0ec9\u0ead\u0e87\u200b\u0e96\u0ec8\u0eb2\u0e8d\u200b\u0eae\u0eb9\u0e9a<\/li>\n<li>\u0ea2\u0eb2\u0e95\u0ec9\u0eb2\u0e99\u0ec0\u0e8a\u0eb7\u0ec9\u0ead<\/li>\n<li>\u0e84\u0eb5\u0ea1\u0e81\u0eb1\u0e99\u0ec1\u0e94\u0e94<\/li>\n<li>\u0edd\u0ea7\u0e81<\/li>\n<li>\u0e81\u0eb2\u0e87\u0ec0\u0e81\u0e87\u0e97\u0eb5\u0ec8\u0eaa\u0eb0\u0e94\u0ea7\u0e81\u0eaa\u0eb0\u0e9a\u0eb2\u0e8d<\/li>\n<li>\u0ec0\u0e81\u0eb5\u0e9a\u0e8d\u0ec8\u0eb2\u0e87\u0e9b\u0ec8\u0eb2<\/li>\n<li>\u0e8a\u0eb8\u0e94\u0ea5\u0ead\u0e8d\u0e99\u0ecd\u0ec9\u0eb2<\/li>\n<li>\u0e81\u0eb0\u0e95\u0eb8\u0e81\u0e99\u0ec9\u0ecd\u0eb2\u0e9e\u0eb4\u0ec0\u0eaa\u0e94<\/li>\n<li>\u0ead\u0eb2\u0eab\u0eb2\u0e99\u0e97\u0ec8\u0ebd\u0e87\u0eab\u0ebc\u0eb7\u0ead\u0eb2\u0eab\u0eb2\u0e99\u0eab\u0ea7\u0ec8\u0eb2\u0e87<\/li>\n<\/ul>\n<h3><em>\u0ec4\u0e9b\u0eae\u0eb1\u0e9a\u0ec2\u0eae\u0e87\u0ec1\u0eae\u0ea1<\/em><\/h3>\n<p>\u0e9a\u0ecd\u0ec8\u0ec4\u0e94\u0ec9\u0eaa\u0eb0\u0ec0\u0edc\u0eb5\u0ec3\u0eab\u0ec9\u0ec4\u0e9b\u0eae\u0eb1\u0e9a\u0ec2\u0eae\u0e87\u0ec1\u0eae\u0ea1\u0eaa\u0eb3\u0ea5\u0eb1\u0e9a\u0e81\u0eb2\u0e99\u0e97\u0ec8\u0ead\u0e87\u0e97\u0ec8\u0ebd\u0ea7\u0e99\u0eb5\u0ec9.<\/p>\n<p><strong>\u0eab\u0ea1\u0eb2\u0e8d\u200b\u0ec0\u0eab\u0e94\u200b:<\/strong> \u0e96\u0ec9\u0eb2\u200b\u0eab\u0eb2\u0e81\u200b\u0ea7\u0ec8\u0eb2\u200b\u0e97\u0ec8\u0eb2\u0e99\u200b\u0e88\u0ead\u0e87\u200b\u0e9e\u0eb2\u0e8d\u200b\u0ec3\u0e99 24 \u0e8a\u0ebb\u0ec8\u0ea7\u200b\u0ec2\u0ea1\u0e87\u200b\u0e82\u0ead\u0e87\u200b\u0e81\u0eb2\u0e99\u200b\u0ec0\u0e94\u0eb5\u0e99\u200b\u0e97\u0eb2\u0e87 \/ \u0e81\u0eb2\u0e99\u200b\u0ead\u0ead\u0e81\u200b\u0ec0\u0e94\u0eb5\u0e99\u200b\u0e97\u0eb2\u0e87\u200b, \u0e9e\u0ea7\u0e81\u200b\u0ec0\u0eae\u0ebb\u0eb2\u200b\u0eaa\u0eb2\u200b\u0ea1\u0eb2\u0e94\u200b\u0e88\u0eb1\u0e94\u200b\u0e81\u0eb2\u0e99\u200b\u0ec4\u0e9b\u200b\u0eae\u0eb1\u0e9a\u200b\u0ec2\u0eae\u0e87\u200b\u0ec1\u0eae\u0ea1\u200b\u0ec2\u0e94\u0e8d\u200b\u0ea1\u0eb5\u200b\u0e84\u0ec8\u0eb2\u200b\u0e9a\u0ecd\u200b\u0ea5\u0eb4\u200b\u0e81\u0eb2\u0e99\u200b\u0ec0\u0e9e\u0eb5\u0ec8\u0ea1\u200b\u0ec0\u0e95\u0eb5\u0ea1\u200b. \u0ec0\u0ea1\u0eb7\u0ec8\u0ead\u0e81\u0eb2\u0e99\u0e8a\u0eb7\u0ec9\u0e82\u0ead\u0e87\u0e97\u0ec8\u0eb2\u0e99\u0eaa\u0ecd\u0eb2\u0ec0\u0ea5\u0eb1\u0e94\u0ec1\u0ea5\u0ec9\u0ea7, \u0e9e\u0ea7\u0e81\u0ec0\u0eae\u0ebb\u0eb2\u0e88\u0eb0\u0eaa\u0ebb\u0ec8\u0e87\u0e82\u0ecd\u0ec9\u0ea1\u0eb9\u0e99\u0e81\u0eb2\u0e99\u0e95\u0eb4\u0e94\u0e95\u0ecd\u0ec8\u0e97\u0eb5\u0ec8\u0e84\u0ebb\u0e9a\u0e96\u0ec9\u0ea7\u0e99\u0ec3\u0eab\u0ec9\u0e97\u0ec8\u0eb2\u0e99 (\u0ec0\u0e9a\u0eb5\u0ec2\u0e97\u0ea5\u0eb0\u0eaa\u0eb1\u0e9a, \u0e97\u0eb5\u0ec8\u0ea2\u0eb9\u0ec8\u0ead\u0eb5\u0ec0\u0ea1\u0ea7, \u0ec1\u0ea5\u0eb0\u0ead\u0eb7\u0ec8\u0e99\u0ec6) \u0eaa\u0ecd\u0eb2\u0ea5\u0eb1\u0e9a\u0e9c\u0eb9\u0ec9\u0e99\u0ecd\u0eb2\u0e97\u0ec8\u0ebd\u0ea7\u0e97\u0ec9\u0ead\u0e87\u0e96\u0eb4\u0ec8\u0e99\u0e82\u0ead\u0e87\u0e9e\u0ea7\u0e81\u0ec0\u0eae\u0ebb\u0eb2\u0ec0\u0e9e\u0eb7\u0ec8\u0ead\u0e88\u0eb1\u0e94\u0ec1\u0e88\u0e87\u0e81\u0eb2\u0e99\u0ec4\u0e9b\u0eae\u0eb1\u0e9a.<\/p>\n<h3><em>\u0e81\u0eb2\u0e99\u0ea2\u0eb7\u0e99\u0ea2\u0eb1\u0e99\u0e82\u0ecd\u0ec9\u0ea1\u0eb9\u0e99\u0ec0\u0e9e\u0eb5\u0ec8\u0ea1\u0ec0\u0e95\u0eb5\u0ea1<\/em><\/h3>\n<ul>\n<li>\u0e9b\u0eb5\u0ec9\u0ec1\u0ea1\u0ec8\u0e99\u0ec3\u0e9a\u0eae\u0eb1\u0e9a\u0ec0\u0e87\u0eb4\u0e99\u0eab\u0ebc\u0eb1\u0e87\u0e88\u0eb2\u0e81\u0e88\u0ec8\u0eb2\u0e8d\u0e84\u0ec8\u0eb2\u0e97\u0ebb\u0ea7\u0e99\u0eb5\u0ec9. \u0e97\u0ec8\u0eb2\u0e99\u0eaa\u0eb2\u0ea1\u0eb2\u0e94\u0eaa\u0eb0\u0ec1\u0e94\u0e87\u0e81\u0eb2\u0e99\u0e88\u0ec8\u0eb2\u0e8d\u0ec0\u0e87\u0eb4\u0e99\u0ec3\u0e99\u0ec2\u0e97\u0ea5\u0eb0\u0eaa\u0eb1\u0e9a\u0e82\u0ead\u0e87\u0e97\u0ec8\u0eb2\u0e99.<\/li>\n<li>\u0e88\u0eb8\u0e94\u0e9b\u0eb0\u0e8a\u0eb8\u0ea1\u0e88\u0eb0\u0ec4\u0e94\u0ec9\u0eae\u0eb1\u0e9a\u0eab\u0ebc\u0eb1\u0e87\u0e88\u0eb2\u0e81\u0e82\u0eb1\u0ec9\u0e99\u0e95\u0ead\u0e99\u0e81\u0eb2\u0e99\u0e88\u0ead\u0e87.<\/li>\n<li>\u0ec0\u0e94\u0eb1\u0e81\u0e99\u0ec9\u0ead\u0e8d\u0e95\u0ec9\u0ead\u0e87\u0ec4\u0e9b\u0e9e\u0ec9\u0ead\u0ea1\u0e81\u0eb1\u0e9a\u0e9c\u0eb9\u0ec9\u0ec3\u0eab\u0e8d\u0ec8.<\/li>\n<li>\u0e9a\u0ecd\u0ec8\u0ea1\u0eb5\u0ea5\u0ebb\u0e94\u0ec0\u0e82\u0eb1\u0e99\u0ec0\u0e82\u0ebb\u0ec9\u0eb2\u0ec4\u0e94\u0ec9<\/li>\n<li>\u0e9a\u0ecd\u0ec8\u0ead\u0eb0\u0e99\u0eb8\u0e8d\u0eb2\u0e94\u0ec3\u0eab\u0ec9\u0ec0\u0e94\u0eb1\u0e81\u0e99\u0ec9\u0ead\u0e8d\u0eaa\u0eb3\u0ea5\u0eb1\u0e9a\u0e81\u0eb2\u0e99\u0ec0\u0e94\u0eb5\u0e99\u0e97\u0eb2\u0e87\u0e99\u0eb5\u0ec9<\/li>\n<li>\u0e9a\u0ecd\u0ec8\u0ec1\u0e99\u0eb0\u0e99\u0ecd\u0eb2\u0eaa\u0ecd\u0eb2\u0ea5\u0eb1\u0e9a\u0e99\u0eb1\u0e81\u0e97\u0ec8\u0ead\u0e87\u0e97\u0ec8\u0ebd\u0ea7\u0e97\u0eb5\u0ec8\u0ea1\u0eb5\u0e9a\u0eb1\u0e99\u0eab\u0eb2\u0e94\u0ec9\u0eb2\u0e99\u0eab\u0ea5\u0eb1\u0e87.<\/li>\n<li>\u0e9a\u0ecd\u0ec8\u0ec1\u0e99\u0eb0\u0e99\u0ecd\u0eb2\u0eaa\u0ecd\u0eb2\u0ea5\u0eb1\u0e9a\u0ec1\u0ea1\u0ec8\u0e8d\u0eb4\u0e87\u0e96\u0eb7\u0e9e\u0eb2.<\/li>\n<li>\u0e9a\u0ecd\u0ec8\u0ea1\u0eb5\u0e9a\u0eb1\u0e99\u0eab\u0eb2\u0eab\u0ebb\u0ea7\u0ec3\u0e88 \u0eab\u0ebc\u0eb7\u0ec0\u0e87\u0eb7\u0ec8\u0ead\u0e99\u0ec4\u0e82\u0e97\u0eb2\u0e87\u0e81\u0eb2\u0e99\u0ec1\u0e9e\u0e94\u0e97\u0eb5\u0ec8\u0eae\u0ec9\u0eb2\u0e8d\u0ec1\u0eae\u0e87\u0ead\u0eb7\u0ec8\u0e99\u0ec6.<\/li>\n<li>\u0e99\u0eb1\u0e81\u0e97\u0ec8\u0ead\u0e87\u0e97\u0ec8\u0ebd\u0ea7\u0eaa\u0ec8\u0ea7\u0e99\u0ec3\u0eab\u0e8d\u0ec8\u0eaa\u0eb2\u0ea1\u0eb2\u0e94\u0ec0\u0e82\u0ebb\u0ec9\u0eb2\u0eae\u0ec8\u0ea7\u0ea1\u0ec4\u0e94\u0ec9.<\/li>\n<\/ul>\n<h3><em>\u0e99\u0eb0\u0ec2\u0e8d\u0e9a\u0eb2\u0e8d\u0e81\u0eb2\u0e99\u0e8d\u0ebb\u0e81\u0ec0\u0ea5\u0eb5\u0e81<\/em><\/h3>\n<p>\u0eaa\u0eb3\u0ea5\u0eb1\u0e9a\u0e81\u0eb2\u0e99\u0e84\u0eb7\u0e99\u0ec0\u0e87\u0eb4\u0e99\u0ec0\u0e95\u0eb1\u0ea1\u0e88\u0eb3\u0e99\u0ea7\u0e99, \u0e81\u0eb0\u0ea5\u0eb8\u0e99\u0eb2\u0e8d\u0ebb\u0e81\u0ec0\u0ea5\u0eb5\u0e81\u0ea2\u0ec8\u0eb2\u0e87\u0edc\u0ec9\u0ead\u0e8d 24 \u0e8a\u0ebb\u0ec8\u0ea7\u0ec2\u0ea1\u0e87\u0e81\u0ec8\u0ead\u0e99\u0ea7\u0eb1\u0e99\u0e97\u0eb5\u0ec0\u0ea5\u0eb5\u0ec8\u0ea1\u0e95\u0ebb\u0ec9\u0e99\u0e9b\u0eb0\u0eaa\u0ebb\u0e9a\u0e81\u0eb2\u0e99.<\/p>\n\n\t\t<\/div>\n\t<\/div>\n<\/div><\/div><\/div><\/div><div class=\"vc_row wpb_row vc_row-fluid\" ><div class=\"wpb_column vc_column_container vc_col-sm-12\"><div class=\"vc_column-inner\"><div class=\"wpb_wrapper\">\n\t<div class=\"wpb_text_column wpb_content_element\" >\n\t\t<div class=\"wpb_wrapper\">\n\t\t\t<h4>\u0e95\u0eb4\u0e94\u200b\u0e95\u0ecd\u0ec8\u200b\u0e9e\u0ea7\u0e81\u200b\u0ec0\u0eae\u0ebb\u0eb2?<\/h4>\n<h5>\u0e81\u0eb2\u0e99\u0e88\u0ead\u0e87\u0e81\u0eb2\u0e99\u0e9c\u0eb0\u0e88\u0ebb\u0e99\u0ec4\u0e9e<\/h5>\n<p><em>\u0e9c\u0eb9\u0ec9\u0e99\u0ecd\u0eb2\u0e97\u0ec8\u0ebd\u0ea7 <strong>\u0e97\u0ec9\u0ead\u0e87\u0e96\u0eb4\u0ec8\u0e99<\/strong> \u0ec1\u0ea5\u0eb0 <strong>\u0ec1\u0eab\u0ec8\u0e87\u0e8a\u0eb2\u0e94<\/strong> \u0ec1\u0ea5\u0eb0\u0e81\u0eb2\u0e99\u0e9a\u0ecd\u0ea5\u0eb4\u0e81\u0eb2\u0e99\u0ec1\u0e82\u0e81<\/em><\/p>\n<p>\u0e81\u0eb2\u0e99\u0e88\u0ead\u0e87: \u0e81\u0eb2\u0e99\u0e97\u0ec8\u0ead\u0e87\u0e97\u0ec8\u0ebd\u0ea7 \u0ec1\u0ea5\u0eb0\u0e81\u0eb2\u0e99\u0e97\u0ec8\u0ead\u0e87\u0e97\u0ec8\u0ebd\u0ea7\u0ec3\u0e99 Dom Rep.<\/p>\n<p>\u0ec2\u0e97\/Whatsapp +1-809-720-6035.<\/p>\n<p>info@bookingadventures.com.do<\/p>\n<p>\u0e9e\u0ea7\u0e81\u200b\u0ec0\u0eae\u0ebb\u0eb2\u200b\u0ec0\u0eae\u0eb1\u0e94\u200b\u0e81\u0eb2\u0e99\u200b\u0e97\u0ec8\u0ead\u0e87\u200b\u0e97\u0ec8\u0ebd\u0ea7\u200b\u0ec0\u0ead\u200b\u0e81\u0eb0\u200b\u0e8a\u0ebb\u0e99\u200b\u0e97\u0eb5\u0ec8\u200b\u0ea1\u0eb5\u200b\u0e81\u0eb2\u0e99\u200b\u0e95\u0eb1\u0ec9\u0e87\u200b\u0e84\u0ec8\u0eb2\u200b\u0e97\u0eb5\u0ec8\u200b\u0e9b\u0ec8\u0ebd\u0e99\u200b\u0ec1\u0e9b\u0e87\u200b\u0ec4\u0e94\u0ec9\u200b\u0ec2\u0e94\u0e8d Whatsapp\u200b: +18097206035\u200b.<\/p>\n\n\t\t<\/div>\n\t<\/div>\n<\/div><\/div><\/div><\/div>","protected":false},"excerpt":{"rendered":"<p>\u0e81\u0eb2\u0e99\u0e9c\u0eb0\u0e88\u0ebb\u0e99\u0ec4\u0e9e\u0e97\u0eb5\u0ec8\u0eae\u0ec9\u0eb2\u0e8d\u0e81\u0eb2\u0e94\u0ec4\u0e9b\u0eab\u0eb2\u0e99\u0ecd\u0ec9\u0eb2\u0e95\u0ebb\u0e81\u0e95\u0eb2\u0e94\u0e97\u0eb5\u0ec8\u0eaa\u0eb9\u0e87\u0e97\u0eb5\u0ec8\u0eaa\u0eb8\u0e94\u0ec3\u0e99 Caribbean. \u0ea1\u0eb2\u0e81\u0eb1\u0e9a\u0e84\u0ebb\u0e99\u0e97\u0ec9\u0ead\u0e87\u0e96\u0eb4\u0ec8\u0e99\u0e8d\u0ec8\u0eb2\u0e87 \u0eab\u0ebc\u0eb7\u0e82\u0eb5\u0ec8\u0ea1\u0ec9\u0eb2\u0ec4\u0e9b\u0e99\u0ec9\u0eb3\u0e95\u0ebb\u0e81\u0e95\u0eb2\u0e94. \u0eae\u0ebd\u0e99\u200b\u0eae\u0eb9\u0ec9\u200b\u0e81\u0ec8\u0ebd\u0ea7\u200b\u0e81\u0eb1\u0e9a\u200b\u0e8a\u0eb5\u200b\u0ea7\u0eb4\u0e94\u200b\u0e82\u0ead\u0e87\u200b\u0e9b\u0ec8\u0eb2\u200b\u0ec4\u0ea1\u0ec9 Dominican \u0e97\u0eb5\u0ec8\u200b\u0ec1\u0e97\u0ec9\u200b\u0e88\u0eb4\u0e87\u200b. \u0e81\u0eb2\u0e99\u0ec4\u0e9b\u0ea2\u0ec9\u0ebd\u0ea1\u0ea2\u0eb2\u0ea1\u0eaa\u0ea7\u0e99\u0e9b\u0eb9\u0e81\u0e95\u0ebb\u0ec9\u0e99\u0ec4\u0ea1\u0ec9\u0e95\u0ebb\u0ec9\u0e99\u0e81\u0eb2\u0e81\u0eb2\u0ea7\u0e97\u0eb5\u0ec8\u0ec3\u0eab\u0e8d\u0ec8\u0e97\u0eb5\u0ec8\u0eaa\u0eb8\u0e94\u0ec3\u0e99\u0eaa\u0eb2\u0e97\u0eb2\u0ea5\u0eb0\u0e99\u0eb0\u0ea5\u0eb1\u0e94\u0ec2\u0e94\u0ea1\u0eb4\u0e99\u0eb4\u0e81\u0eb1\u0e99\u0ec1\u0ea5\u0eb0\u0eae\u0ebd\u0e99\u0eae\u0eb9\u0ec9\u0e9b\u0eb0\u0eab\u0ea7\u0eb1\u0e94\u0eaa\u0eb2\u0e94\u0e99\u0eb5\u0ec9\u0e88\u0eb2\u0e81\u0e84\u0eb9\u0ec8\u0ea1\u0eb7\u0e9e\u0eb7\u0ec9\u0e99\u0ec0\u0ea1\u0eb7\u0ead\u0e87.<\/p>\n<p>\u0ec3\u0e99\u200b\u0ec0\u0ea7\u200b\u0ea5\u0eb2\u200b\u0e97\u0eb5\u0ec8\u200b\u0e97\u0ec8\u0eb2\u0e99\u200b\u0e88\u0ead\u0e87\u200b\u0e81\u0eb2\u0e99\u200b\u0ec0\u0e94\u0eb5\u0e99\u200b\u0e97\u0eb2\u0e87\u200b\u0e99\u0eb5\u0ec9\u200b, \u0e97\u0ec8\u0eb2\u0e99\u200b\u0e81\u0ecd\u0eb2\u200b\u0ea5\u0eb1\u0e87\u200b\u0eaa\u0eb0\u200b\u0eab\u0e99\u0eb1\u0e9a\u200b\u0eaa\u0eb0\u200b\u0eab\u0e99\u0eb9\u0e99\u200b\u0e84\u0ead\u0e9a\u200b\u0e84\u0ebb\u0ea7\u200b\u0e88\u0eb2\u0e81 Magua\u200b, Sabana de la Mar \u0e8a\u0eb8\u0ea1\u200b\u0e8a\u0ebb\u0e99\u200b, \u0e9a\u0ec8\u0ead\u0e99\u200b\u0e97\u0eb5\u0ec8\u200b\u0e9a\u0ecd\u0ec8\u200b\u0ea1\u0eb5\u200b\u0e99\u0eb1\u0e81\u200b\u0e97\u0ec8\u0ead\u0e87\u200b\u0e97\u0ec8\u0ebd\u0ea7\u200b\u0e95\u0eb0\u200b\u0eab\u0ebc\u0ead\u0e94\u200b\u0e9b\u0eb5\u200b. \u0ec0\u0e87\u0eb4\u0e99\u0ea2\u0eb9\u0ec8\u0e81\u0eb1\u0e9a\u0e84\u0ebb\u0e99\u0e97\u0ec9\u0ead\u0e87\u0e96\u0eb4\u0ec8\u0e99\u0ec0\u0eab\u0ebc\u0ebb\u0ec8\u0eb2\u0e99\u0eb5\u0ec9.<\/p>\n<p><strong>\u0e81\u0eb0\u0ea5\u0eb8\u0e99\u0eb2\u0ec0\u0ea5\u0eb7\u0ead\u0e81\u0ea7\u0eb1\u0e99\u0e97\u0eb5\u0eaa\u0eb3\u0ea5\u0eb1\u0e9a\u0e81\u0eb2\u0e99\u0e97\u0ebb\u0ea7:<\/strong><\/p>","protected":false},"featured_media":62,"template":"","meta":[],"product_brand":[],"product_cat":[95,96,97,98,99,443,100],"product_tag":[101,102,103,104,105,106,107,108,109,110,111,112,113,114,115,116,117,118],"class_list":{"0":"post-602","1":"product","2":"type-product","3":"status-publish","4":"has-post-thumbnail","6":"product_cat-hike-to-miches-la-jalda-waterfall-waterfalls","7":"product_cat-hiking","8":"product_cat-horse-riding-to-waterfalls","9":"product_cat-local-tour-guides","10":"product_cat-swimming-natural-springs","11":"product_cat-tours-y-excursiones-es","12":"product_cat-waterfalls","13":"product_tag-higthest-waterfall-in-the-caribean","14":"product_tag-hike-la-jalda","15":"product_tag-hike-to-miches-la-jalda-waterfall-waterfalls","16":"product_tag-hiking","17":"product_tag-la-jalda-excursions","18":"product_tag-la-jalda-horses","19":"product_tag-la-jalda-national-park","20":"product_tag-la-jalda-waterfall","21":"product_tag-leaping","22":"product_tag-leaping-jalda","23":"product_tag-magua","24":"product_tag-magua-la-jalda","25":"product_tag-miches","26":"product_tag-sabana-de-la-mar","27":"product_tag-salto-de-la-jalda","28":"product_tag-salto-la-jalda-sabana-de-la-mar","29":"product_tag-salto-la-jalda-tours","30":"product_tag-waterfalls","32":"first","33":"instock","34":"sale","35":"featured","36":"sold-individually","37":"shipping-taxable","38":"product-type-external"},"_links":{"self":[{"href":"https:\/\/visitaloshaitises.com\/lo\/wp-json\/wp\/v2\/product\/602","targetHints":{"allow":["GET"]}}],"collection":[{"href":"https:\/\/visitaloshaitises.com\/lo\/wp-json\/wp\/v2\/product"}],"about":[{"href":"https:\/\/visitaloshaitises.com\/lo\/wp-json\/wp\/v2\/types\/product"}],"wp:featuredmedia":[{"embeddable":true,"href":"https:\/\/visitaloshaitises.com\/lo\/wp-json\/wp\/v2\/media\/62"}],"wp:attachment":[{"href":"https:\/\/visitaloshaitises.com\/lo\/wp-json\/wp\/v2\/media?parent=602"}],"wp:term":[{"taxonomy":"product_brand","embeddable":true,"href":"https:\/\/visitaloshaitises.com\/lo\/wp-json\/wp\/v2\/product_brand?post=602"},{"taxonomy":"product_cat","embeddable":true,"href":"https:\/\/visitaloshaitises.com\/lo\/wp-json\/wp\/v2\/product_cat?post=602"},{"taxonomy":"product_tag","embeddable":true,"href":"https:\/\/visitaloshaitises.com\/lo\/wp-json\/wp\/v2\/product_tag?post=602"}],"curies":[{"name":"wp","href":"https:\/\/api.w.org\/{rel}","templated":true}]}}