{"id":554,"date":"2020-06-22T17:36:48","date_gmt":"2020-06-22T17:36:48","guid":{"rendered":"https:\/\/haitises.com\/?post_type=product&#038;p=554"},"modified":"2024-04-17T20:44:54","modified_gmt":"2024-04-17T20:44:54","slug":"excursion-a-los-haitises-desde-sabana-de-la-mar-o-cano-hondo","status":"publish","type":"product","link":"https:\/\/visitaloshaitises.com\/lo\/private\/excursion-a-los-haitises-desde-sabana-de-la-mar-o-cano-hondo\/","title":{"rendered":"\u0e81\u0eb2\u0e99\u0ec0\u0e94\u0eb5\u0e99\u0e97\u0eb2\u0e87\u0ec4\u0e9b\u0eab\u0eb2 Los Haitises \u0e88\u0eb2\u0e81 Sabana de la Mar \u0eab\u0ebc\u0eb7 Ca\u00f1o Hondo"},"content":{"rendered":"<div class=\"vc_row wpb_row vc_row-fluid\" ><div class=\"wpb_column vc_column_container vc_col-sm-12\"><div class=\"vc_column-inner\"><div class=\"wpb_wrapper\"><div class=\"mkdf-section-title-holder\" style=\"text-align: left\">\n\t<div class=\"mkdf-st-inner\">\n\t\t\t\t\t<h5 class=\"mkdf-st-subtitle\" >\n\t\t\t\t\u0e81\u0eb2\u0e99\u0e97\u0ec8\u0ead\u0e87\u0e97\u0ec8\u0ebd\u0ea7\u0e9b\u0ebb\u0e81\u0e81\u0eb0\u0e95\u0eb4\u0ec4\u0e9b Haitises\t\t\t<\/h5>\n\t\t\t\t\t\t\t<\/div>\n<\/div><\/div><\/div><\/div><\/div><div class=\"vc_row wpb_row vc_row-fluid\" ><div class=\"wpb_column vc_column_container vc_col-sm-12\"><div class=\"vc_column-inner\"><div class=\"wpb_wrapper\">\n\t<div class=\"wpb_text_column wpb_content_element\" >\n\t\t<div class=\"wpb_wrapper\">\n\t\t\t<h2>\u0ead\u0eb8\u0e97\u0eb0\u0e8d\u0eb2\u0e99\u0ec1\u0eab\u0ec8\u0e87\u0e8a\u0eb2\u0e94 Los Haitises \u0e88\u0eb2\u0e81 Sabana de la Mar \u0eab\u0ebc\u0eb7\u0ec2\u0eae\u0e87\u0ec1\u0eae\u0ea1 Cano Hondo.<\/h2>\n<h3>\u0ea5\u0eb2\u0e8d\u0ea5\u0eb0\u0ead\u0ebd\u0e94<\/h3>\n<p>\u0e81\u0eb2\u0e99\u0ec0\u0e94\u0eb5\u0e99\u0e97\u0eb2\u0e87\u0eaa\u0ec8\u0ea7\u0e99\u0e95\u0ebb\u0ea7\u0ec1\u0e9a\u0e9a\u0e9b\u0ebb\u0e81\u0e81\u0eb0\u0e95\u0eb4\u0ec4\u0e9b\u0e9b\u0ec8\u0eb2\u0eaa\u0eb0\u0eab\u0e87\u0ea7\u0e99\u0ec1\u0eab\u0ec8\u0e87\u0e8a\u0eb2\u0e94 Los Haitises. \u0ea1\u0eb2\u0e81\u0eb1\u0e9a\u0e9e\u0ea7\u0e81\u0ec0\u0eae\u0ebb\u0eb2\u0ec1\u0ea5\u0eb0\u0ec4\u0e9b\u0ea2\u0ec9\u0ebd\u0ea1\u0ea2\u0eb2\u0ea1\u0eaa\u0ea7\u0e99\u0eaa\u0eb2\u0e97\u0eb2\u0ea5\u0eb0\u0e99\u0eb0\u0ec1\u0eab\u0ec8\u0e87\u0e8a\u0eb2\u0e94\u0e97\u0eb5\u0ec8\u0eaa\u0ea7\u0e8d\u0e87\u0eb2\u0ea1\u0e97\u0eb5\u0ec8\u0eaa\u0eb8\u0e94\u0ec3\u0e99\u0eaa\u0eb2\u0e97\u0eb2\u0ea5\u0eb0\u0e99\u0eb0\u0ea5\u0eb1\u0e94\u0ec2\u0e94\u0ea1\u0eb4\u0e99\u0eb4\u0e81\u0eb1\u0e99, \u0ec4\u0e9b\u0ea2\u0ec9\u0ebd\u0ea1\u0ea2\u0eb2\u0ea1 mangroves, \u0e96\u0ec9\u0ecd\u0eb2\u0ec1\u0ea5\u0eb0 San Lorenzo Bay. \u0e9b\u0eb0\u0eaa\u0ebb\u0e9a\u0e81\u0eb2\u0e99\u0e99\u0eb5\u0ec9\u0eaa\u0eb2\u0ea1\u0eb2\u0e94\u0ec0\u0ea5\u0eb5\u0ec8\u0ea1\u0e95\u0ebb\u0ec9\u0e99\u0e88\u0eb2\u0e81\u0e8a\u0eb8\u0ea1\u0e8a\u0ebb\u0e99\u0e82\u0ead\u0e87 Sabana de la Mar \u0eae\u0ebd\u0e99\u0eae\u0eb9\u0ec9\u0e81\u0ec8\u0ebd\u0ea7\u0e81\u0eb1\u0e9a\u0e9b\u0eb0\u0eab\u0ea7\u0eb1\u0e94\u0eaa\u0eb2\u0e94\u0e82\u0ead\u0e87 Sabana de la Mar. \u0e99\u0ead\u0e81\u0e88\u0eb2\u0e81\u0e99\u0eb1\u0ec9\u0e99, \u0e9e\u0ea7\u0e81\u0ec0\u0eae\u0ebb\u0eb2\u0ec0\u0ea5\u0eb5\u0ec8\u0ea1\u0e95\u0ebb\u0ec9\u0e99\u0e81\u0eb2\u0e99\u0ec0\u0e94\u0eb5\u0e99\u0e97\u0eb2\u0e87\u0e99\u0eb5\u0ec9\u0e88\u0eb2\u0e81\u0e97\u0ec8\u0eb2\u0ec0\u0eae\u0eb7\u0ead Ca\u00f1o Hondo.<\/p>\n<ul>\n<li>\u0ea5\u0ea7\u0ea1\u0e9e\u0eb2\u0eaa\u0eb5<\/li>\n<li>\u0e84\u0eb9\u0ec8\u0ea1\u0eb7\u0eaa\u0eb0\u0eab\u0e99\u0ead\u0e87\u0e84\u0ecd\u0eb2\u0ec1\u0e99\u0eb0\u0e99\u0ecd\u0eb2\u0ec1\u0ea5\u0eb0\u0e81\u0eb2\u0e99\u0e8a\u0eb5\u0ec9\u0e99\u0ecd\u0eb2.<\/li>\n<li>\u0ead\u0eb2\u0eab\u0eb2\u0e99\u0e97\u0ec8\u0ebd\u0e87\u0e9a\u0ecd\u0ec8\u0ea5\u0ea7\u0ea1\u0eaa\u0ecd\u0eb2\u0ea5\u0eb1\u0e9a\u0ead\u0eb2\u0eab\u0eb2\u0e99\u0e97\u0ec8\u0ebd\u0e87\u0ec3\u0e99 Ca\u00f1o Hondo \u0ec0\u0ea5\u0eb7\u0ead\u0e81\u0e81\u0eb2\u0e99\u0e97\u0ec8\u0ead\u0e87\u0e97\u0ec8\u0ebd\u0ea7\u0e99\u0eb5\u0ec9: Los Haitises Plus Ca\u00f1o Hondo.<\/li>\n<\/ul>\n<h3>\u0e81\u0eb2\u0e99\u0ea5\u0ea7\u0ea1\u0ec1\u0ea5\u0eb0\u0e81\u0eb2\u0e99\u0e8d\u0ebb\u0e81\u0ec0\u0ea7\u0eb1\u0ec9\u0e99<\/h3>\n<h4>\u0ea5\u0ea7\u0ea1<\/h4>\n<ol>\n<li>\u0e81\u0eb2\u0e99\u0e97\u0ec8\u0ead\u0e87\u0e97\u0ec8\u0ebd\u0ea7 Los Haitises + \u0e96\u0ec9\u0ecd\u0eb2 \u0ec1\u0ea5\u0eb0\u0eae\u0eb9\u0e9a\u0e9e\u0eb2\u0e9a<\/li>\n<li>\u0e9e\u0eb2\u0eaa\u0eb5, \u0e84\u0ec8\u0eb2\u0e97\u0eb3\u0e99\u0ebd\u0ea1 \u0ec1\u0ea5\u0eb0\u0e84\u0ec8\u0eb2\u0e88\u0eb1\u0e94\u0e81\u0eb2\u0e99\u0e97\u0eb1\u0e87\u0edd\u0ebb\u0e94.<\/li>\n<li>\u0e9e\u0eb2\u0eaa\u0eb5\u0e97\u0ec9\u0ead\u0e87\u0e96\u0eb4\u0ec8\u0e99<\/li>\n<li>\u0e81\u0eb4\u0e94\u0e88\u0eb0\u0e81\u0ecd\u0eb2\u0e97\u0eb1\u0e87\u0eab\u0ea1\u0ebb\u0e94<\/li>\n<li>\u0e84\u0eb9\u0ec8\u0ea1\u0eb7\u0e97\u0ec9\u0ead\u0e87\u0e96\u0eb4\u0ec8\u0e99<\/li>\n<\/ol>\n<h4>\u0e81\u0eb2\u0e99\u0e8d\u0ebb\u0e81\u0ec0\u0ea7\u0eb1\u0ec9\u0e99<\/h4>\n<ol>\n<li>\u0ec0\u0e84\u0eb1\u0e94\u0ea5\u0eb1\u0e9a<\/li>\n<li>\u0ead\u0eb2\u0eab\u0eb2\u0e99\u0e97\u0ec8\u0ebd\u0e87\u0e9a\u0ecd\u0ec8\u0ea5\u0ea7\u0ea1\u0eaa\u0ecd\u0eb2\u0ea5\u0eb1\u0e9a\u0ead\u0eb2\u0eab\u0eb2\u0e99\u0e97\u0ec8\u0ebd\u0e87\u0ec3\u0e99 Ca\u00f1o Hondo \u0ec0\u0ea5\u0eb7\u0ead\u0e81\u0e81\u0eb2\u0e99\u0e97\u0ec8\u0ead\u0e87\u0e97\u0ec8\u0ebd\u0ea7\u0e99\u0eb5\u0ec9: Los Haitises Plus Ca\u00f1o Hondo.<\/li>\n<li>\u0e81\u0eb2\u0e99\u0e82\u0ebb\u0e99\u0eaa\u0ebb\u0ec8\u0e87<\/li>\n<li>\u0ec0\u0e84\u0eb7\u0ec8\u0ead\u0e87\u0e94\u0eb7\u0ec8\u0ea1\u0ec1\u0ead\u0e99\u0e81\u0ecd\u0eae\u0ecd<\/li>\n<\/ol>\n<h3><em>\u0ead\u0ead\u0e81\u0ec0\u0e94\u0eb5\u0e99\u0e97\u0eb2\u0e87 \u0ec1\u0ea5\u0eb0\u0e81\u0eb1\u0e9a\u0e84\u0eb7\u0e99<\/em><\/h3>\n<p>\u0e99\u0eb1\u0e81\u0e97\u0ec8\u0ead\u0e87\u0e97\u0ec8\u0ebd\u0ea7\u0e88\u0eb0\u0ec4\u0e94\u0ec9\u0eae\u0eb1\u0e9a\u0e88\u0eb8\u0e94\u0e99\u0eb1\u0e94\u0e9e\u0ebb\u0e9a\u0eab\u0ebc\u0eb1\u0e87\u0e88\u0eb2\u0e81\u0e82\u0eb1\u0ec9\u0e99\u0e95\u0ead\u0e99\u0e81\u0eb2\u0e99\u0e88\u0ead\u0e87. \u0e81\u0eb2\u0e99\u0e97\u0ec8\u0ead\u0e87\u0e97\u0ec8\u0ebd\u0ea7\u0ec0\u0ea5\u0eb5\u0ec8\u0ea1\u0e95\u0ebb\u0ec9\u0e99 \u0ec1\u0ea5\u0eb0\u0eaa\u0eb4\u0ec9\u0e99\u0eaa\u0eb8\u0e94\u0ea2\u0eb9\u0ec8\u0e97\u0eb5\u0ec8\u0e88\u0eb8\u0e94\u0e99\u0eb1\u0e94\u0e9e\u0ebb\u0e9a\u0e82\u0ead\u0e87\u0e9e\u0ea7\u0e81\u0ec0\u0eae\u0ebb\u0eb2.<\/p>\n<h4><em>\u0eaa\u0eb4\u0ec8\u0e87\u0e97\u0eb5\u0ec8\u0e84\u0eb2\u0e94\u0eab\u0ea7\u0eb1\u0e87?<\/em><\/h4>\n<p>\u0ec0\u0ead\u0ebb\u0eb2\u0e9b\u0eb5\u0ec9\u0e82\u0ead\u0e87\u0e97\u0ec8\u0eb2\u0e99\u0ec0\u0e9e\u0eb7\u0ec8\u0ead\u0ec4\u0e9b\u0ea2\u0ec9\u0ebd\u0ea1\u0ea2\u0eb2\u0ea1 Los Haitises National Park \u0e97\u0eb5\u0ec8\u0ea1\u0eb5\u0e96\u0ec9\u0ecd\u0eb2, Mangroves \u0ec1\u0ea5\u0eb0 San Lorenzo Bay.<\/p>\n<p>\u0ea5\u0eb2\u0e84\u0eb2\u0e95\u0ecd\u0ec8\u0eb2\u0eaa\u0eb8\u0e94\u0ec0\u0e9e\u0eb7\u0ec8\u0ead\u0ec4\u0e9b\u0ea2\u0ec9\u0ebd\u0ea1\u0ea2\u0eb2\u0ea1\u0e9b\u0ec8\u0eb2\u0eaa\u0eb0\u0eab\u0e87\u0ea7\u0e99\u0ec1\u0eab\u0ec8\u0e87\u0e8a\u0eb2\u0e94 Los Haitises \u0e88\u0eb2\u0e81\u0ec2\u0eae\u0e87\u0ec1\u0eae\u0ea1 Sabana de la Mar \u0eab\u0ebc\u0eb7 Ca\u00f1o Hondo \u0e81\u0eb1\u0e9a\u0e9c\u0eb9\u0ec9\u0e99\u0ecd\u0eb2\u0e97\u0ec8\u0ebd\u0ea7\u0e97\u0ec9\u0ead\u0e87\u0e96\u0eb4\u0ec8\u0e99. \u0e81\u0eb2\u0e99\u0ec0\u0e94\u0eb5\u0e99\u0e97\u0eb2\u0e87\u0ec0\u0ea5\u0eb5\u0ec8\u0ea1\u0e95\u0ebb\u0ec9\u0e99\u0ea2\u0eb9\u0ec8\u0e97\u0eb5\u0ec8\u0e97\u0ec8\u0eb2\u0ec0\u0eae\u0eb7\u0ead\u0e95\u0ebb\u0ec9\u0e99\u0e95\u0ecd\u0e82\u0ead\u0e87\u0ead\u0eb8\u0e97\u0eb0\u0e8d\u0eb2\u0e99\u0ec1\u0eab\u0ec8\u0e87\u0e8a\u0eb2\u0e94 Los Haitises. \u0e81\u0eb2\u0e99\u0ec0\u0e94\u0eb5\u0e99\u0e97\u0eb2\u0e87\u0e84\u0eb1\u0ec9\u0e87\u0e99\u0eb5\u0ec9\u0ec0\u0ea5\u0eb5\u0ec8\u0ea1\u0e95\u0ebb\u0ec9\u0e99\u0ec0\u0ea7\u0ea5\u0eb2 10:00 \u0ec2\u0ea1\u0e87\u0ec0\u0e8a\u0ebb\u0ec9\u0eb2 \u0ec2\u0e94\u0e8d\u0ea1\u0eb5\u0e9c\u0eb9\u0ec9\u0e99\u0eb3\u0e97\u0ec8\u0ebd\u0ea7\u0e97\u0ec9\u0ead\u0e87\u0e96\u0eb4\u0ec8\u0e99\u0e97\u0eb5\u0ec8\u0eae\u0eb9\u0ec9\u0ec0\u0ea5\u0eb7\u0ec8\u0ead\u0e87\u0e95\u0ebb\u0ec9\u0e99\u0eaa\u0eb0\u0e9a\u0eb1\u0e9a\u0e81\u0ec8\u0ebd\u0ea7\u0e81\u0eb1\u0e9a\u0ead\u0eb8\u0e97\u0eb0\u0e8d\u0eb2\u0e99\u0ec1\u0eab\u0ec8\u0e87\u0e8a\u0eb2\u0e94\u0e97\u0eb5\u0ec8\u0e87\u0ebb\u0e94\u0e87\u0eb2\u0ea1.<\/p>\n<p>\u0eab\u0ebc\u0eb1\u0e87\u0e88\u0eb2\u0e81\u0e99\u0eb1\u0ec9\u0e99, \u0e9e\u0ea7\u0e81\u0ec0\u0eae\u0ebb\u0eb2\u0ec0\u0ea5\u0eb5\u0ec8\u0ea1\u0e95\u0ebb\u0ec9\u0e99\u0e88\u0eb2\u0e81\u0e97\u0ec8\u0eb2\u0ec0\u0eae\u0eb7\u0ead\u0e95\u0ebb\u0ec9\u0e99\u0e95\u0ecd\u0e82\u0ead\u0e87 Los Haitises National Park, \u0ec0\u0ead\u0eb5\u0ec9\u0e99\u0ea7\u0ec8\u0eb2 Ca\u00f1o Hondo (Deep Creek) \u0ec3\u0e99\u0ec0\u0eae\u0eb7\u0ead\u0e97\u0eb5\u0ec8\u0ea1\u0eb5\u0ec0\u0eaa\u0eb7\u0ec9\u0ead\u0e8a\u0eb9\u0e8a\u0eb5\u0e9a. \u0e9e\u0ea7\u0e81\u200b\u0ec0\u0eae\u0ebb\u0eb2\u200b\u0e88\u0eb0\u200b\u0ea1\u0ec8\u0ea7\u0e99\u200b\u0e8a\u0eb7\u0ec8\u0e99\u200b\u0e81\u0eb1\u0e9a\u200b\u0e9b\u0ec8\u0eb2\u200b\u0e8a\u0eb2\u0e8d\u200b\u0ec0\u0ea5\u0e99\u200b\u0eaa\u0eb5\u200b\u0ec1\u0e94\u0e87\u200b\u0e88\u0ebb\u0e99\u200b\u0e81\u0ea7\u0ec8\u0eb2\u200b\u0e9e\u0ea7\u0e81\u200b\u0ec0\u0eae\u0ebb\u0eb2\u200b\u0ec4\u0e9b\u200b\u0ec0\u0e96\u0eb4\u0e87 San Lorenzo Bay\u200b. \u0ead\u0ec8\u0eb2\u0ea7\u0e99\u0ec9\u0ead\u0e8d\u0ec3\u0e99\u0ead\u0ec8\u0eb2\u0ea7 Saman\u00e1. \u0ec1\u0ea5\u0eb0\u0e99\u0eb5\u0ec9\u0e9e\u0ea7\u0e81\u0ec0\u0eae\u0ebb\u0eb2\u0ec4\u0e9b! \u0eaa\u0eb4\u0ec8\u0e87\u0e97\u0ecd\u0eb2\u0ead\u0eb4\u0e94\u0e97\u0eb5\u0ec8\u0ec0\u0e88\u0ebb\u0ec9\u0eb2\u0eaa\u0eb2\u0ea1\u0eb2\u0e94\u0ec0\u0eab\u0eb1\u0e99\u0ec4\u0e94\u0ec9\u0ec1\u0ea1\u0ec8\u0e99\u0e81\u0eb2\u0e99\u0ec0\u0e81\u0eb1\u0e9a\u0e81\u0ecd\u0eb2\u0e82\u0ead\u0e87\u0ec0\u0e81\u0eb2\u0eb0\u0eab\u0eb5\u0e99\u0e9b\u0eb9\u0e99\u0e82\u0eb0\u0eab\u0e99\u0eb2\u0e94\u0ec3\u0eab\u0e8d\u0ec8\u0e97\u0eb5\u0ec8\u0ec0\u0ead\u0eb5\u0ec9\u0e99\u0ea7\u0ec8\u0eb2 Mogotes. \u0ec0\u0e97\u0eb4\u0e87\u200b\u0e9e\u0ea7\u0e81\u200b\u0ec0\u0e82\u0ebb\u0eb2\u200b\u0ea1\u0eb5\u200b\u0e9e\u0eb7\u0e94\u200b\u0eab\u0ebc\u0eb2\u0e8d\u200b\u0e81\u0ea7\u0ec8\u0eb2 700 \u0e8a\u0eb0\u200b\u0e99\u0eb4\u0e94\u200b\u0ec1\u0ea5\u0eb0\u200b\u0e99\u0ebb\u0e81\u200b\u0e8a\u0eb8\u0ec8\u0ea1\u200b\u0e8a\u0eb7\u0ec8\u0e99\u200b\u0e88\u0ecd\u0eb2\u200b\u0e99\u0ea7\u0e99\u200b\u0eab\u0ebc\u0eb2\u0e8d\u200b\u0e9a\u0eb4\u0e99\u200b\u0ead\u0ec9\u0ead\u0ea1\u200b\u0e82\u0ec9\u0eb2\u0e87. \u0e95\u0ecd\u0ec8\u0ea1\u0eb2\u0ec4\u0e94\u0ec9\u0ec4\u0e9b\u0ea2\u0ec9\u0ebd\u0ea1\u0ea2\u0eb2\u0ea1\u0e96\u0ec9\u0ecd\u0eb2\u0e97\u0eb5\u0ec8\u0ea1\u0eb5\u0eae\u0eb9\u0e9a\u0e9e\u0eb2\u0e9a\u0e82\u0ead\u0e87\u0e8a\u0eb8\u0ea1\u0e8a\u0ebb\u0e99\u0e9e\u0eb7\u0ec9\u0e99\u0ec0\u0ea1\u0eb7\u0ead\u0e87\u0e82\u0ead\u0e87\u0e9e\u0ea7\u0e81\u0ec0\u0eae\u0ebb\u0eb2 750 \u0e9b\u0eb5\u0e81\u0ec8\u0ead\u0e99.<\/p>\n<p>\u0e9c\u0ec8\u0eb2\u0e99\u200b\u0e9b\u0ec8\u0eb2\u200b\u0e8a\u0eb2\u0e8d\u200b\u0ec0\u0ea5\u0e99\u200b\u0ec1\u0ea5\u0eb0\u200b\u0e97\u0eb5\u0ec8\u200b\u0e94\u0eb4\u0e99\u200b\u0ea2\u0eb9\u0ec8\u200b\u0ec3\u0e99\u200b\u0ead\u0ec8\u0eb2\u0ea7 San Lorenzo \u0e97\u0eb5\u0ec8\u200b\u0ec0\u0e9b\u0eb5\u0e94, \u0e88\u0eb2\u0e81\u200b\u0e9a\u0ec8\u0ead\u0e99\u200b\u0e97\u0eb5\u0ec8\u200b\u0e97\u0ec8\u0eb2\u0e99\u200b\u0eaa\u0eb2\u200b\u0ea1\u0eb2\u0e94\u200b\u0e96\u0ec8\u0eb2\u0e8d\u200b\u0eae\u0eb9\u0e9a\u200b\u0e97\u0eb4\u0ea7\u200b\u0e97\u0eb1\u0e94\u200b\u0e82\u0ead\u0e87\u200b\u0e9b\u0ec8\u0eb2\u200b\u0ec4\u0ea1\u0ec9 rugged\u200b. \u0ec0\u0e9a\u0eb4\u0ec8\u0e87\u0ead\u0ead\u0e81\u0ec4\u0e9b\u0ec3\u0e99\u0e99\u0ec9\u0ecd\u0eb2\u0ec0\u0e9e\u0eb7\u0ec8\u0ead\u0ec0\u0e9a\u0eb4\u0ec8\u0e87 manatees, crustaceans \u0ec1\u0ea5\u0eb0 dolphins.<\/p>\n<p>El nombre del parque nacional proviene de sus habitantes originales, los indios ta\u00ednos. En su idioma, \u00abHaitises\u00bb se traduce en tierras altas o colinas, una referencia a las empinadas formaciones geol\u00f3gicas de la costa con calizas. Avent\u00farate en el parque para explorar cuevas como la Cueva de la Arena y la Cueva de la L\u00ednea. Las cuevas en la reserva fueron utilizadas como refugio por los indios ta\u00ednos y, m\u00e1s tarde, por los piratas escondidos. Busque dibujos de indios que decoran algunas de las paredes. Despu\u00e9s de visitar el Parque Nacional Los Haitises, regresaremos al puerto donde comenz\u00f3 nuestro viaje.<\/p>\n<h3><em>\u0ec0\u0e88\u0ebb\u0ec9\u0eb2\u0e84\u0ea7\u0e99\u0ec0\u0ead\u0ebb\u0eb2\u0eab\u0e8d\u0eb1\u0e87\u0ea1\u0eb2?<\/em><\/h3>\n<ul>\n<li>\u0e81\u0ec9\u0ead\u0e87\u200b\u0e96\u0ec8\u0eb2\u0e8d\u200b\u0eae\u0eb9\u0e9a<\/li>\n<li>\u0ea2\u0eb2\u0e95\u0ec9\u0eb2\u0e99\u0ec0\u0e8a\u0eb7\u0ec9\u0ead<\/li>\n<li>\u0e84\u0eb5\u0ea1\u0e81\u0eb1\u0e99\u0ec1\u0e94\u0e94<\/li>\n<li>\u0edd\u0ea7\u0e81<\/li>\n<li>\u0e81\u0eb2\u0e87\u0ec0\u0e81\u0e87\u0e97\u0eb5\u0ec8\u0eaa\u0eb0\u0e94\u0ea7\u0e81\u0eaa\u0eb0\u0e9a\u0eb2\u0e8d<\/li>\n<li>\u0ec0\u0e81\u0eb5\u0e9a\u0e8d\u0ec8\u0eb2\u0e87\u0e9b\u0ec8\u0eb2<\/li>\n<li>Sandals \u0e81\u0eb1\u0e9a\u0ec0\u0e82\u0e94\u0e9e\u0eb2\u0e81\u0eae\u0ebd\u0e99 spring.<\/li>\n<li>\u0e8a\u0eb8\u0e94\u0ea5\u0ead\u0e8d\u0e99\u0ecd\u0ec9\u0eb2<\/li>\n<\/ul>\n<h3><em>\u0ec4\u0e9b\u0eae\u0eb1\u0e9a\u0ec2\u0eae\u0e87\u0ec1\u0eae\u0ea1<\/em><\/h3>\n<p>\u0ec2\u0eae\u0e87\u0ec1\u0eae\u0ea1\u0ea1\u0eb5\u0ec3\u0eab\u0ec9\u0ec4\u0e9b\u0eae\u0eb1\u0e9a\u0e96\u0ec9\u0eb2\u0e97\u0ec8\u0eb2\u0e99\u0ea2\u0eb9\u0ec8\u0e97\u0eb5\u0ec8 Paraiso Ca\u00f1o Hondo \u0eab\u0ebc\u0eb7\u0ec2\u0eae\u0e87\u0ec1\u0eae\u0ea1 Altos Ca\u00f1o Hondo. \u0e88\u0eb8\u0e94\u0e99\u0eb1\u0e94\u0e9e\u0ebb\u0e9a\u0e82\u0ead\u0e87\u0e9e\u0ea7\u0e81\u0ec0\u0eae\u0ebb\u0eb2\u0ec1\u0ea1\u0ec8\u0e99\u0ec3\u0e8a\u0ec9\u0ec0\u0ea7\u0ea5\u0eb2\u0e8d\u0ec8\u0eb2\u0e87 5 \u0e99\u0eb2\u0e97\u0eb5\u0e88\u0eb2\u0e81\u0ec2\u0eae\u0e87\u0ec1\u0eae\u0ea1\u0ec0\u0eab\u0ebc\u0ebb\u0ec8\u0eb2\u0e99\u0eb1\u0ec9\u0e99.<\/p>\n<p><strong>\u0eab\u0ea1\u0eb2\u0e8d\u200b\u0ec0\u0eab\u0e94\u200b<\/strong>- \u0e96\u0ec9\u0eb2\u0e97\u0ec8\u0eb2\u0e99\u0e88\u0ead\u0e87\u0e9e\u0eb2\u0e8d\u0ec3\u0e99 24 \u0e8a\u0ebb\u0ec8\u0ea7\u0ec2\u0ea1\u0e87\u0e82\u0ead\u0e87\u0e81\u0eb2\u0e99\u0e97\u0ec8\u0ead\u0e87\u0e97\u0ec8\u0ebd\u0ea7 \/ \u0ec0\u0ea7\u0ea5\u0eb2\u0ead\u0ead\u0e81\u0ec0\u0e94\u0eb5\u0e99\u0e97\u0eb2\u0e87, \u0e9e\u0ea7\u0e81\u0ec0\u0eae\u0ebb\u0eb2\u0eaa\u0eb2\u0ea1\u0eb2\u0e94\u0e88\u0eb1\u0e94\u0eab\u0eb2\u0ec2\u0eae\u0e87\u0ec1\u0eae\u0ea1\u0ec2\u0e94\u0e8d\u0ea1\u0eb5\u0e84\u0ec8\u0eb2\u0e9a\u0ecd\u0ea5\u0eb4\u0e81\u0eb2\u0e99\u0ec0\u0e9e\u0eb5\u0ec8\u0ea1\u0ec0\u0e95\u0eb5\u0ea1\u0e96\u0ec9\u0eb2\u0e97\u0ec8\u0eb2\u0e99\u0e9a\u0ecd\u0ec8\u0ec4\u0e94\u0ec9\u0ea2\u0eb9\u0ec8\u0ec3\u0e99\u0ec2\u0eae\u0e87\u0ec1\u0eae\u0ea1 Ca\u00f1o Hondo. \u0ec0\u0ea1\u0eb7\u0ec8\u0ead\u0e81\u0eb2\u0e99\u0e8a\u0eb7\u0ec9\u0e82\u0ead\u0e87\u0e97\u0ec8\u0eb2\u0e99\u0eaa\u0ecd\u0eb2\u0ec0\u0ea5\u0eb1\u0e94\u0ec1\u0ea5\u0ec9\u0ea7, \u0e9e\u0ea7\u0e81\u0ec0\u0eae\u0ebb\u0eb2\u0e88\u0eb0\u0eaa\u0ebb\u0ec8\u0e87\u0e82\u0ecd\u0ec9\u0ea1\u0eb9\u0e99\u0e81\u0eb2\u0e99\u0e95\u0eb4\u0e94\u0e95\u0ecd\u0ec8\u0e97\u0eb5\u0ec8\u0e84\u0ebb\u0e9a\u0e96\u0ec9\u0ea7\u0e99\u0ec3\u0eab\u0ec9\u0e97\u0ec8\u0eb2\u0e99 (\u0ec0\u0e9a\u0eb5\u0ec2\u0e97\u0ea5\u0eb0\u0eaa\u0eb1\u0e9a, \u0e97\u0eb5\u0ec8\u0ea2\u0eb9\u0ec8\u0ead\u0eb5\u0ec0\u0ea1\u0ea7, \u0ec1\u0ea5\u0eb0\u0ead\u0eb7\u0ec8\u0e99\u0ec6) \u0eaa\u0ecd\u0eb2\u0ea5\u0eb1\u0e9a\u0e9c\u0eb9\u0ec9\u0e99\u0ecd\u0eb2\u0e97\u0ec8\u0ebd\u0ea7\u0e97\u0ec9\u0ead\u0e87\u0e96\u0eb4\u0ec8\u0e99\u0e82\u0ead\u0e87\u0e9e\u0ea7\u0e81\u0ec0\u0eae\u0ebb\u0eb2\u0ec0\u0e9e\u0eb7\u0ec8\u0ead\u0e88\u0eb1\u0e94\u0ec1\u0e88\u0e87\u0e81\u0eb2\u0e99\u0ec4\u0e9b\u0eae\u0eb1\u0e9a.<\/p>\n<h3><em>\u0e81\u0eb2\u0e99\u0ea2\u0eb7\u0e99\u0ea2\u0eb1\u0e99\u0e82\u0ecd\u0ec9\u0ea1\u0eb9\u0e99\u0ec0\u0e9e\u0eb5\u0ec8\u0ea1\u0ec0\u0e95\u0eb5\u0ea1<\/em><\/h3>\n<ul>\n<li>\u0e9b\u0eb5\u0ec9\u0ec1\u0ea1\u0ec8\u0e99\u0ec3\u0e9a\u0eae\u0eb1\u0e9a\u0ec0\u0e87\u0eb4\u0e99\u0eab\u0ebc\u0eb1\u0e87\u0e88\u0eb2\u0e81\u0e88\u0ec8\u0eb2\u0e8d\u0e84\u0ec8\u0eb2\u0e97\u0ebb\u0ea7\u0e99\u0eb5\u0ec9. \u0e97\u0ec8\u0eb2\u0e99\u0eaa\u0eb2\u0ea1\u0eb2\u0e94\u0eaa\u0eb0\u0ec1\u0e94\u0e87\u0e81\u0eb2\u0e99\u0e88\u0ec8\u0eb2\u0e8d\u0ec0\u0e87\u0eb4\u0e99\u0ec3\u0e99\u0ec2\u0e97\u0ea5\u0eb0\u0eaa\u0eb1\u0e9a\u0e82\u0ead\u0e87\u0e97\u0ec8\u0eb2\u0e99.<\/li>\n<li>\u0e88\u0eb8\u0e94\u0e9b\u0eb0\u0e8a\u0eb8\u0ea1\u0e88\u0eb0\u0ec4\u0e94\u0ec9\u0eae\u0eb1\u0e9a\u0eab\u0ebc\u0eb1\u0e87\u0e88\u0eb2\u0e81\u0e82\u0eb1\u0ec9\u0e99\u0e95\u0ead\u0e99\u0e81\u0eb2\u0e99\u0e88\u0ead\u0e87.<\/li>\n<li>\u0ec0\u0e94\u0eb1\u0e81\u0e99\u0ec9\u0ead\u0e8d\u0e95\u0ec9\u0ead\u0e87\u0ec4\u0e9b\u0e9e\u0ec9\u0ead\u0ea1\u0e81\u0eb1\u0e9a\u0e9c\u0eb9\u0ec9\u0ec3\u0eab\u0e8d\u0ec8.<\/li>\n<li>\u0e9a\u0ecd\u0ec8\u0ea1\u0eb5\u0ea5\u0ebb\u0e94\u0ec0\u0e82\u0eb1\u0e99\u0ec0\u0e82\u0ebb\u0ec9\u0eb2\u0ec4\u0e94\u0ec9<\/li>\n<li>\u0ec0\u0e94\u0eb1\u0e81\u0e99\u0ec9\u0ead\u0e8d\u0e84\u0ea7\u0e99\u0e99\u0eb1\u0ec8\u0e87\u0ea2\u0eb9\u0ec8\u0ec3\u0e99\u0e9a\u0ec8\u0ead\u0e99\u0e99\u0eb1\u0ec8\u0e87\u0ec0\u0e94\u0eb1\u0e81\u0e99\u0ec9\u0ead\u0e8d\u0eab\u0ebc\u0eb7\u0e81\u0eb1\u0e9a\u0e9c\u0eb9\u0ec9\u0ec3\u0eab\u0e8d\u0ec8<\/li>\n<li>\u0e9a\u0ecd\u0ec8\u0ec1\u0e99\u0eb0\u0e99\u0ecd\u0eb2\u0eaa\u0ecd\u0eb2\u0ea5\u0eb1\u0e9a\u0e99\u0eb1\u0e81\u0e97\u0ec8\u0ead\u0e87\u0e97\u0ec8\u0ebd\u0ea7\u0e97\u0eb5\u0ec8\u0ea1\u0eb5\u0e9a\u0eb1\u0e99\u0eab\u0eb2\u0e94\u0ec9\u0eb2\u0e99\u0eab\u0ea5\u0eb1\u0e87.<\/li>\n<li>\u0e9a\u0ecd\u0ec8\u0ec1\u0e99\u0eb0\u0e99\u0ecd\u0eb2\u0eaa\u0ecd\u0eb2\u0ea5\u0eb1\u0e9a\u0ec1\u0ea1\u0ec8\u0e8d\u0eb4\u0e87\u0e96\u0eb7\u0e9e\u0eb2.<\/li>\n<li>\u0e9a\u0ecd\u0ec8\u0ea1\u0eb5\u0e9a\u0eb1\u0e99\u0eab\u0eb2\u0eab\u0ebb\u0ea7\u0ec3\u0e88 \u0eab\u0ebc\u0eb7\u0ec0\u0e87\u0eb7\u0ec8\u0ead\u0e99\u0ec4\u0e82\u0e97\u0eb2\u0e87\u0e81\u0eb2\u0e99\u0ec1\u0e9e\u0e94\u0e97\u0eb5\u0ec8\u0eae\u0ec9\u0eb2\u0e8d\u0ec1\u0eae\u0e87\u0ead\u0eb7\u0ec8\u0e99\u0ec6.<\/li>\n<li>\u0e99\u0eb1\u0e81\u0e97\u0ec8\u0ead\u0e87\u0e97\u0ec8\u0ebd\u0ea7\u0eaa\u0ec8\u0ea7\u0e99\u0ec3\u0eab\u0e8d\u0ec8\u0eaa\u0eb2\u0ea1\u0eb2\u0e94\u0ec0\u0e82\u0ebb\u0ec9\u0eb2\u0eae\u0ec8\u0ea7\u0ea1\u0ec4\u0e94\u0ec9.<\/li>\n<\/ul>\n<h3><em>\u0e99\u0eb0\u0ec2\u0e8d\u0e9a\u0eb2\u0e8d\u0e81\u0eb2\u0e99\u0e8d\u0ebb\u0e81\u0ec0\u0ea5\u0eb5\u0e81<\/em><\/h3>\n<p>\u0eaa\u0eb3\u0ea5\u0eb1\u0e9a\u0e81\u0eb2\u0e99\u0e84\u0eb7\u0e99\u0ec0\u0e87\u0eb4\u0e99\u0ec0\u0e95\u0eb1\u0ea1\u0e88\u0eb3\u0e99\u0ea7\u0e99, \u0e81\u0eb0\u0ea5\u0eb8\u0e99\u0eb2\u0e8d\u0ebb\u0e81\u0ec0\u0ea5\u0eb5\u0e81\u0ea2\u0ec8\u0eb2\u0e87\u0edc\u0ec9\u0ead\u0e8d 24 \u0e8a\u0ebb\u0ec8\u0ea7\u0ec2\u0ea1\u0e87\u0e81\u0ec8\u0ead\u0e99\u0ea7\u0eb1\u0e99\u0e97\u0eb5\u0ec0\u0ea5\u0eb5\u0ec8\u0ea1\u0e95\u0ebb\u0ec9\u0e99\u0e9b\u0eb0\u0eaa\u0ebb\u0e9a\u0e81\u0eb2\u0e99.<\/p>\n<h3><em>\u0e95\u0eb4\u0e94\u200b\u0e95\u0ecd\u0ec8\u200b\u0e9e\u0ea7\u0e81\u200b\u0ec0\u0eae\u0ebb\u0eb2?<\/em><\/h3>\n<p>\u0e88\u0ead\u0e87\u0ec0\u0eab\u0e94<br \/>\n\u0e9c\u0eb9\u0ec9\u0e99\u0ecd\u0eb2\u0e97\u0ec8\u0ebd\u0ea7\u0ec3\u0e99\u0e97\u0ec9\u0ead\u0e87\u0e96\u0eb4\u0ec8\u0e99 \u0ec1\u0ea5\u0eb0\u0ea5\u0eb0\u0e94\u0eb1\u0e9a\u0e8a\u0eb2\u0e94 \u0ec1\u0ea5\u0eb0\u0e9a\u0ecd\u0ea5\u0eb4\u0e81\u0eb2\u0e99\u0ec1\u0e82\u0e81<\/p>\n<p>\u0e81\u0eb2\u0e99\u0e88\u0ead\u0e87: \u0e81\u0eb2\u0e99\u0e97\u0ec8\u0ead\u0e87\u0e97\u0ec8\u0ebd\u0ea7\u0ec1\u0ea5\u0eb0\u0e81\u0eb2\u0e99\u0e97\u0ec8\u0ead\u0e87\u0e97\u0ec8\u0ebd\u0ea7\u0ec3\u0e99 Dom. Reps.<\/p>\n<p>\ud83d\udcde \u0ec2\u0e97\/Whatsapp +1-809-720-6035.<\/p>\n<p>\ud83d\udce9 info@bookingadventures.com.do<\/p>\n<p>\u0e9e\u0ea7\u0e81\u200b\u0ec0\u0eae\u0ebb\u0eb2\u200b\u0e88\u0eb1\u0e94\u200b\u0e95\u0eb1\u0ec9\u0e87\u200b\u0e81\u0eb2\u0e99\u200b\u0e97\u0ec8\u0ead\u0e87\u200b\u0e97\u0ec8\u0ebd\u0ea7\u200b\u0eaa\u0ec8\u0ea7\u0e99\u200b\u0e9a\u0eb8\u0e81\u200b\u0e84\u0ebb\u0e99\u200b\u0e97\u0eb5\u0ec8\u200b\u0ea1\u0eb5\u200b\u0e81\u0eb2\u0e99\u200b\u0e95\u0eb1\u0ec9\u0e87\u200b\u0e84\u0ec8\u0eb2\u200b\u0e97\u0eb5\u0ec8\u200b\u0e9b\u0ec8\u0ebd\u0e99\u200b\u0ec1\u0e9b\u0e87\u200b\u0ec4\u0e94\u0ec9\u200b\u0ec2\u0e94\u0e8d Whatsapp\u200b: +18097206035\u200b.<\/p>\n\n\t\t<\/div>\n\t<\/div>\n<\/div><\/div><\/div><\/div>","protected":false},"excerpt":{"rendered":"<p>\u0ea5\u0eb2\u0e84\u0eb2\u0e95\u0ecd\u0ec8\u0eb2\u0eaa\u0eb8\u0e94\u0ec0\u0e9e\u0eb7\u0ec8\u0ead\u0ec4\u0e9b\u0ea2\u0ec9\u0ebd\u0ea1\u0ea2\u0eb2\u0ea1\u0e9b\u0ec8\u0eb2\u0eaa\u0eb0\u0eab\u0e87\u0ea7\u0e99\u0ec1\u0eab\u0ec8\u0e87\u0e8a\u0eb2\u0e94 Los Haitises \u0e88\u0eb2\u0e81\u0ec2\u0eae\u0e87\u0ec1\u0eae\u0ea1 Sabana de la Mar \u0eab\u0ebc\u0eb7 Ca\u00f1o Hondo \u0e81\u0eb1\u0e9a\u0e9c\u0eb9\u0ec9\u0e99\u0ecd\u0eb2\u0e97\u0ec8\u0ebd\u0ea7\u0e97\u0ec9\u0ead\u0e87\u0e96\u0eb4\u0ec8\u0e99. \u0e81\u0eb2\u0e99\u0ec0\u0e94\u0eb5\u0e99\u0e97\u0eb2\u0e87\u0ec0\u0ea5\u0eb5\u0ec8\u0ea1\u0e95\u0ebb\u0ec9\u0e99\u0ea2\u0eb9\u0ec8\u0e97\u0eb5\u0ec8\u0e97\u0ec8\u0eb2\u0ec0\u0eae\u0eb7\u0ead\u0e95\u0ebb\u0ec9\u0e99\u0e95\u0ecd\u0e82\u0ead\u0e87\u0ead\u0eb8\u0e97\u0eb0\u0e8d\u0eb2\u0e99\u0ec1\u0eab\u0ec8\u0e87\u0e8a\u0eb2\u0e94 Los Haitises. \u0e81\u0eb2\u0e99\u0ec0\u0e94\u0eb5\u0e99\u0e97\u0eb2\u0e87\u0e84\u0eb1\u0ec9\u0e87\u0e99\u0eb5\u0ec9\u0ec0\u0ea5\u0eb5\u0ec8\u0ea1\u0e95\u0ebb\u0ec9\u0e99\u0ec0\u0ea7\u0ea5\u0eb2 10:00 \u0ec2\u0ea1\u0e87\u0ec0\u0e8a\u0ebb\u0ec9\u0eb2 \u0ec2\u0e94\u0e8d\u0ea1\u0eb5\u0e9c\u0eb9\u0ec9\u0e99\u0eb3\u0e97\u0ec8\u0ebd\u0ea7\u0e97\u0ec9\u0ead\u0e87\u0e96\u0eb4\u0ec8\u0e99\u0e97\u0eb5\u0ec8\u0eae\u0eb9\u0ec9\u0ec0\u0ea5\u0eb7\u0ec8\u0ead\u0e87\u0e95\u0ebb\u0ec9\u0e99\u0eaa\u0eb0\u0e9a\u0eb1\u0e9a\u0e81\u0ec8\u0ebd\u0ea7\u0e81\u0eb1\u0e9a\u0ead\u0eb8\u0e97\u0eb0\u0e8d\u0eb2\u0e99\u0ec1\u0eab\u0ec8\u0e87\u0e8a\u0eb2\u0e94\u0e97\u0eb5\u0ec8\u0e87\u0ebb\u0e94\u0e87\u0eb2\u0ea1.<\/p>\n<p>\u0eab\u0ebc\u0eb1\u0e87\u0e88\u0eb2\u0e81\u0e99\u0eb1\u0ec9\u0e99, \u0e9e\u0ea7\u0e81\u0ec0\u0eae\u0ebb\u0eb2\u0ec0\u0ea5\u0eb5\u0ec8\u0ea1\u0e95\u0ebb\u0ec9\u0e99\u0e88\u0eb2\u0e81\u0e97\u0ec8\u0eb2\u0ec0\u0eae\u0eb7\u0ead\u0e95\u0ebb\u0ec9\u0e99\u0e95\u0ecd\u0e82\u0ead\u0e87 Los Haitises National Park, \u0ec0\u0ead\u0eb5\u0ec9\u0e99\u0ea7\u0ec8\u0eb2 Ca\u00f1o Hondo (Deep Creek) \u0ec3\u0e99\u0ec0\u0eae\u0eb7\u0ead\u0e97\u0eb5\u0ec8\u0ea1\u0eb5\u0ec0\u0eaa\u0eb7\u0ec9\u0ead\u0e8a\u0eb9\u0e8a\u0eb5\u0e9a. \u0e9e\u0ea7\u0e81\u200b\u0ec0\u0eae\u0ebb\u0eb2\u200b\u0e88\u0eb0\u200b\u0ea1\u0eb5\u200b\u0e84\u0ea7\u0eb2\u0ea1\u200b\u0ea1\u0ec8\u0ea7\u0e99\u200b\u0e8a\u0eb7\u0ec8\u0e99\u200b\u0e81\u0eb1\u0e9a\u200b\u0e9b\u0ec8\u0eb2\u200b\u0e8a\u0eb2\u0e8d\u200b\u0ec0\u0ea5\u0e99\u200b\u0eaa\u0eb5\u200b\u0ec1\u0e94\u0e87\u200b\u0e88\u0ebb\u0e99\u200b\u0ec4\u0e9b\u200b\u0eae\u0ead\u0e94\u200b\u0ead\u0ec8\u0eb2\u0ea7 San Lorenzo, \u0ead\u0ec8\u0eb2\u0ea7\u200b\u0e99\u0ec9\u0ead\u0e8d\u200b\u0ea2\u0eb9\u0ec8\u200b\u0ead\u0ec8\u0eb2\u0ea7 Saman\u00e1. \u0ec1\u0ea5\u0eb0\u0e99\u0eb5\u0ec9\u0e9e\u0ea7\u0e81\u0ec0\u0eae\u0ebb\u0eb2\u0ec4\u0e9b! \u0eaa\u0eb4\u0ec8\u0e87\u0e97\u0ecd\u0eb2\u0ead\u0eb4\u0e94\u0e97\u0eb5\u0ec8\u0ec0\u0e88\u0ebb\u0ec9\u0eb2\u0eaa\u0eb2\u0ea1\u0eb2\u0e94\u0ec0\u0eab\u0eb1\u0e99\u0ec4\u0e94\u0ec9\u0ec1\u0ea1\u0ec8\u0e99\u0e81\u0eb2\u0e99\u0ec0\u0e81\u0eb1\u0e9a\u0e81\u0ecd\u0eb2\u0e82\u0ead\u0e87\u0ec0\u0e81\u0eb2\u0eb0\u0eab\u0eb5\u0e99\u0e9b\u0eb9\u0e99\u0e82\u0eb0\u0eab\u0e99\u0eb2\u0e94\u0ec3\u0eab\u0e8d\u0ec8\u0e97\u0eb5\u0ec8\u0ec0\u0ead\u0eb5\u0ec9\u0e99\u0ea7\u0ec8\u0eb2 Mogotes. \u0e99\u0ead\u0e81\u200b\u0ec0\u0edc\u0eb7\u0ead\u200b\u0ec4\u0e9b\u200b\u0e88\u0eb2\u0e81\u200b\u0e9e\u0ea7\u0e81\u200b\u0ec0\u0e82\u0ebb\u0eb2\u200b\u0ec0\u0e88\u0ebb\u0ec9\u0eb2\u200b\u0ec1\u0ea5\u0ec9\u0ea7, \u0e8d\u0eb1\u0e87\u200b\u0ea1\u0eb5\u200b\u0e9e\u0eb7\u0e94\u200b\u0eab\u0ebc\u0eb2\u0e8d\u200b\u0e81\u0ea7\u0ec8\u0eb2 700 \u0e8a\u0eb0\u200b\u0e99\u0eb4\u0e94\u200b\u0ec1\u0ea5\u0eb0\u200b\u0e99\u0ebb\u0e81\u200b\u0e97\u0eb5\u0ec8\u200b\u0e94\u0eb4\u0e99\u200b\u0e8a\u0eb8\u0ec8\u0ea1\u200b\u0eab\u0ebc\u0eb2\u0e8d\u200b\u0ec2\u0e95\u200b\u0e9a\u0eb4\u0e99\u200b\u0ec4\u0e9b\u200b\u0ea1\u0eb2. \u0e95\u0ecd\u0ec8\u0ea1\u0eb2\u0ec4\u0e94\u0ec9\u0ec4\u0e9b\u0ea2\u0ec9\u0ebd\u0ea1\u0ea2\u0eb2\u0ea1\u0e96\u0ec9\u0ecd\u0eb2\u0e97\u0eb5\u0ec8\u0ea1\u0eb5\u0eae\u0eb9\u0e9a\u0e9e\u0eb2\u0e9a\u0e82\u0ead\u0e87\u0e8a\u0eb8\u0ea1\u0e8a\u0ebb\u0e99\u0e9e\u0eb7\u0ec9\u0e99\u0ec0\u0ea1\u0eb7\u0ead\u0e87\u0e82\u0ead\u0e87\u0e9e\u0ea7\u0e81\u0ec0\u0eae\u0ebb\u0eb2 750 \u0e9b\u0eb5\u0e81\u0ec8\u0ead\u0e99.<\/p>\n<p><strong>\u0e81\u0eb0\u0ea5\u0eb8\u0e99\u0eb2\u0ec0\u0ea5\u0eb7\u0ead\u0e81\u0ea7\u0eb1\u0e99\u0e97\u0eb5\u0eaa\u0ecd\u0eb2\u0ea5\u0eb1\u0e9a\u0e81\u0eb2\u0e99\u0e97\u0ebb\u0ea7\u00a0<\/strong><\/p>","protected":false},"featured_media":81,"template":"","meta":[],"product_brand":[],"product_cat":[119,120,98,121,99,122,443,123,124],"product_tag":[125,126,127,128,129,130,131,132,133,134,114],"class_list":{"0":"post-554","1":"product","2":"type-product","3":"status-publish","4":"has-post-thumbnail","6":"product_cat-caves","7":"product_cat-fees-entrace","8":"product_cat-local-tour-guides","9":"product_cat-mangroves","10":"product_cat-swimming-natural-springs","11":"product_cat-tours-and-excursions","12":"product_cat-tours-y-excursiones-es","13":"product_cat-tours-excursions-los-haitises-national-park","14":"product_cat-tours-excursions-samana-bay-dominican-republic","15":"product_tag-boat-tour","16":"product_tag-cano-hondo","17":"product_tag-cano-hondo-hotel","18":"product_tag-cano-hondo-tours","19":"product_tag-eco-tours","20":"product_tag-excursion","21":"product_tag-locals-guides","22":"product_tag-los-haitises","23":"product_tag-los-haitises-national-park","24":"product_tag-los-haitises-national-park-tour","25":"product_tag-sabana-de-la-mar","27":"first","28":"instock","29":"sale","30":"sold-individually","31":"shipping-taxable","32":"product-type-external"},"_links":{"self":[{"href":"https:\/\/visitaloshaitises.com\/lo\/wp-json\/wp\/v2\/product\/554","targetHints":{"allow":["GET"]}}],"collection":[{"href":"https:\/\/visitaloshaitises.com\/lo\/wp-json\/wp\/v2\/product"}],"about":[{"href":"https:\/\/visitaloshaitises.com\/lo\/wp-json\/wp\/v2\/types\/product"}],"wp:featuredmedia":[{"embeddable":true,"href":"https:\/\/visitaloshaitises.com\/lo\/wp-json\/wp\/v2\/media\/81"}],"wp:attachment":[{"href":"https:\/\/visitaloshaitises.com\/lo\/wp-json\/wp\/v2\/media?parent=554"}],"wp:term":[{"taxonomy":"product_brand","embeddable":true,"href":"https:\/\/visitaloshaitises.com\/lo\/wp-json\/wp\/v2\/product_brand?post=554"},{"taxonomy":"product_cat","embeddable":true,"href":"https:\/\/visitaloshaitises.com\/lo\/wp-json\/wp\/v2\/product_cat?post=554"},{"taxonomy":"product_tag","embeddable":true,"href":"https:\/\/visitaloshaitises.com\/lo\/wp-json\/wp\/v2\/product_tag?post=554"}],"curies":[{"name":"wp","href":"https:\/\/api.w.org\/{rel}","templated":true}]}}