{"id":554,"date":"2020-06-22T17:36:48","date_gmt":"2020-06-22T17:36:48","guid":{"rendered":"https:\/\/haitises.com\/?post_type=product&#038;p=554"},"modified":"2024-04-17T20:44:54","modified_gmt":"2024-04-17T20:44:54","slug":"excursion-a-los-haitises-desde-sabana-de-la-mar-o-cano-hondo","status":"publish","type":"product","link":"https:\/\/visitaloshaitises.com\/ko\/private\/\uc0ac\ubc14\ub098-\ub370-\ub77c-\ub9c8\ub974-\ub610\ub294-\uce74\ub178-\ud63c\ub3c4\uc5d0\uc11c-\ucd9c\ubc1c\ud558\ub294-\ub85c\uc2a4\/","title":{"rendered":"Sabana de la Mar \ub610\ub294 Ca\u00f1o Hondo\uc5d0\uc11c Los Haitises\ub85c \uc5ec\ud589"},"content":{"rendered":"<div class=\"vc_row wpb_row vc_row-fluid\" ><div class=\"wpb_column vc_column_container vc_col-sm-12\"><div class=\"vc_column-inner\"><div class=\"wpb_wrapper\"><div class=\"mkdf-section-title-holder\" style=\"text-align: left\">\n\t<div class=\"mkdf-st-inner\">\n\t\t\t\t\t<h5 class=\"mkdf-st-subtitle\" >\n\t\t\t\t\uc544\uc774\ud2f0 \uc77c\ubc18 \ud22c\uc5b4\t\t\t<\/h5>\n\t\t\t\t\t\t\t<\/div>\n<\/div><\/div><\/div><\/div><\/div><div class=\"vc_row wpb_row vc_row-fluid\" ><div class=\"wpb_column vc_column_container vc_col-sm-12\"><div class=\"vc_column-inner\"><div class=\"wpb_wrapper\">\n\t<div class=\"wpb_text_column wpb_content_element\" >\n\t\t<div class=\"wpb_wrapper\">\n\t\t\t<h2>\uc0ac\ubc14\ub098 \ub370 \ub77c \ub9c8\ub974 \ub610\ub294 \ud638\ud154 \uce74\ub178 \ud63c\ub3c4\uc5d0\uc11c \ucd9c\ubc1c\ud558\ub294 \ub85c\uc2a4 \uc544\uc774\ud2f0\uc2a4 \uad6d\ub9bd\uacf5\uc6d0.<\/h2>\n<h3>\uc124\uba85<\/h3>\n<p>\ub85c\uc2a4 \uc544\uc774\ud2f0\uc988 \uad6d\ub9bd\uacf5\uc6d0\uc73c\ub85c \ub5a0\ub098\ub294 \ud3c9\ubc94\ud55c \uac1c\uc778 \uc5ec\ud589. \uc800\ud76c\uc640 \ud568\uaed8 \ub3c4\ubbf8\ub2c8\uce74 \uacf5\ud654\uad6d\uc5d0\uc11c \uac00\uc7a5 \uc544\ub984\ub2e4\uc6b4 \uad6d\ub9bd \uacf5\uc6d0\uc744 \ubc29\ubb38\ud558\uc5ec \ub9f9\uadf8\ub85c\ube0c, \ub3d9\uad74, \uc0b0 \ub85c\ub80c\uc870 \ub9cc\uc744 \ubc29\ubb38\ud558\uc138\uc694. \uc774 \uacbd\ud5d8\uc740 \uc0ac\ubc14\ub098 \ub370 \ub77c \ub9c8\ub974\uc758 \uc5ed\uc0ac\uc5d0 \ub300\ud574 \ubc30\uc6b0\ub294 \uc0ac\ubc14\ub098 \ub370 \ub77c \ub9c8\ub974 \ucee4\ubba4\ub2c8\ud2f0\uc5d0\uc11c \uc2dc\uc791\ud560 \uc218 \uc788\uc2b5\ub2c8\ub2e4. \ub610\ud55c \uce74\ub1e8 \ud63c\ub3c4 \ud56d\uad6c\uc5d0\uc11c \uc774 \uc5ec\ud589\uc744 \uc2dc\uc791\ud569\ub2c8\ub2e4.<\/p>\n<ul>\n<li>\uc138\uae08 \ud3ec\ud568<\/li>\n<li>\uc774 \uac00\uc774\ub4dc\ub294 \uad50\uc721\uacfc \uac10\ub3c5\uc744 \uc81c\uacf5\ud569\ub2c8\ub2e4.<\/li>\n<li>\uce74\ub1e8 \ud63c\ub3c4\uc5d0\uc11c\uc758 \uc810\uc2ec \uc2dd\uc0ac\ub294 \ud3ec\ud568\ub418\uc5b4 \uc788\uc9c0 \uc54a\uc2b5\ub2c8\ub2e4. \uc774 \ud22c\uc5b4\ub97c \uc120\ud0dd\ud558\uc138\uc694: \ub85c\uc2a4 \uc544\uc774\ud2f0\uc2a4 \ud50c\ub7ec\uc2a4 \uce74\ub1e8 \ud63c\ub3c4.<\/li>\n<\/ul>\n<h3>\ud3ec\ud568 \ubc0f \uc81c\uc678<\/h3>\n<h4>\ud3ec\ud568\uc0ac\ud56d<\/h4>\n<ol>\n<li>\ub85c\uc2a4 \ud558\uc774\ud2f0\uc138\uc2a4 \ud22c\uc5b4 + \ub3d9\uad74 \ubc0f \uc0c1\ud615 \ubb38\uc790<\/li>\n<li>\ubaa8\ub4e0 \uc138\uae08, \uc218\uc218\ub8cc \ubc0f \ucde8\uae09 \ube44\uc6a9.<\/li>\n<li>\uc9c0\ubc29\uc138<\/li>\n<li>\ubaa8\ub4e0 \ud65c\ub3d9<\/li>\n<li>\uc9c0\uc5ed \uac00\uc774\ub4dc<\/li>\n<\/ol>\n<h4>\uc81c\uc678<\/h4>\n<ol>\n<li>\ud301<\/li>\n<li>\uce74\ub1e8 \ud63c\ub3c4\uc5d0\uc11c\uc758 \uc810\uc2ec \uc2dd\uc0ac\ub294 \ud3ec\ud568\ub418\uc5b4 \uc788\uc9c0 \uc54a\uc2b5\ub2c8\ub2e4. \uc774 \ud22c\uc5b4\ub97c \uc120\ud0dd\ud558\uc138\uc694: \ub85c\uc2a4 \uc544\uc774\ud2f0\uc2a4 \ud50c\ub7ec\uc2a4 \uce74\ub1e8 \ud63c\ub3c4.<\/li>\n<li>\uc6b4\uc1a1<\/li>\n<li>\uc54c\ucf54\uc62c \uc74c\ub8cc<\/li>\n<\/ol>\n<h3><em>\ucd9c\ubc1c \ubc0f \uadc0\uad6d<\/em><\/h3>\n<p>\uc5ec\ud589\uc790\ub294 \uc608\uc57d \uc808\ucc28\uac00 \uc644\ub8cc\ub41c \ud6c4 \ubbf8\ud305 \uc7a5\uc18c\ub97c \uac16\uac8c \ub429\ub2c8\ub2e4. \ud22c\uc5b4\ub294 \ubbf8\ud305 \uc7a5\uc18c\uc5d0\uc11c \uc2dc\uc791\ud558\uace0 \ub05d\ub0a9\ub2c8\ub2e4.<\/p>\n<h4><em>\ubb58 \uae30\ub300 \ud560\uae4c?<\/em><\/h4>\n<p>\ub3d9\uad74, \ub9f9\uadf8\ub85c\ube0c, \uc0b0 \ub85c\ub80c\uc870 \ubca0\uc774\uac00 \uc788\ub294 \ub85c\uc2a4 \uc544\uc774\ud2f0\uc2a4 \uad6d\ub9bd\uacf5\uc6d0 \uc785\uc7a5\uad8c\uc744 \uad6c\ub9e4\ud558\uc138\uc694.<\/p>\n<p>\uc0ac\ubc14\ub098 \ub370 \ub77c \ub9c8\ub974 \ub610\ub294 \uce74\ub1e8 \ud63c\ub3c4 \ud638\ud154\uc5d0\uc11c \ud604\uc9c0 \uac00\uc774\ub4dc\uc640 \ud568\uaed8 \ub85c\uc2a4 \uc544\uc774\ud2f0\uc5d0\uc2a4 \uad6d\ub9bd\uacf5\uc6d0\uc744 \ubc29\ubb38\ud558\ub294 \ucd5c\uc800 \uac00\uaca9\uc785\ub2c8\ub2e4. \uc5ec\ud589\uc740 \ub85c\uc2a4 \uc544\uc774 \ud2f0\uc2a4 \uad6d\ub9bd \uacf5\uc6d0\uc758 \uc8fc\uc694 \ud56d\uad6c\uc5d0\uc11c \uc2dc\uc791\ub429\ub2c8\ub2e4. \uc774 \uc5ec\ud589\uc740 \uc6c5\uc7a5\ud55c \uad6d\ub9bd \uacf5\uc6d0\uc5d0 \ub300\ud55c \uc6d0\ub798 \uc774\uc57c\uae30\ub97c \uc54c\uace0\uc788\ub294 \ud604\uc9c0 \ud22c\uc5b4 \uac00\uc774\ub4dc\uc640 \ud568\uaed8 \uc624\uc804 10\uc2dc\uc5d0 \uc2dc\uc791\ub429\ub2c8\ub2e4.<\/p>\n<p>\uadf8\ub7f0 \ub2e4\uc74c \uad6c\uba85 \uc870\ub07c\uac00 \ub2ec\ub9b0 \ubcf4\ud2b8\ub97c \ud0c0\uace0 \ub85c\uc2a4 \uc544\uc774 \ud2f0\uc2a4 \uad6d\ub9bd \uacf5\uc6d0\uc758 \uc8fc\uc694 \ud56d\uad6c \uc778 \uce74\ub178 \ud63c\ub3c4 (\ub525 \ud06c\ub9ad)\uc5d0\uc11c \ucd9c\ubc1c\ud569\ub2c8\ub2e4. \uc6b0\ub9ac\ub294 \uc0b0 \ub85c\ub80c\uc870 \ub9cc\uc5d0 \ub3c4\ucc29\ud560 \ub54c\uae4c\uc9c0 \ubd89\uc740 \ub9f9\uadf8\ub85c\ube0c \uc232\uc744 \uc990\uae38 \uac83\uc785\ub2c8\ub2e4. \uc0ac\ub9c8\ub098 \ub9cc\uc758 \uc791\uc740 \ub9cc\uacfc \uc5ec\uae30 \uc6b0\ub9ac\uac00 \uac04\ub2e4! \uac00\uc7a5 \uba3c\uc800 \ubcfc \uc218\uc788\ub294 \uac83\uc740 \ubaa8\uace0 \ud14c\uc2a4\ub77c\uace0 \ubd88\ub9ac\ub294 \uac70\ub300\ud55c \uc11d\ud68c\uc554 \uc0b0 \uc12c\uc758 \ubaa8\uc74c\uc785\ub2c8\ub2e4. \uadf8 \uc704\uc5d0 700 \uc885 \uc774\uc0c1\uc758 \uc2dd\ubb3c\uacfc \ub9ce\uc740 \uc2b5\uc9c0 \uc0c8\ub4e4\uc774 \ub0a0\uc544 \ub2e4\ub2c8\uace0 \uc788\uc2b5\ub2c8\ub2e4. 750\ub144 \uc804 \uc6d0\uc8fc\ubbfc \uacf5\ub3d9\uccb4\uc758 \uadf8\ub9bc\uc774 \uadf8\ub824\uc9c4 \ub3d9\uad74\ub3c4 \ub458\ub7ec\ubcf4\uc138\uc694.<\/p>\n<p>\ub9f9\uadf8\ub85c\ube0c \uc232\uc744 \uc9c0\ub098 \uc0b0 \ub85c\ub80c\uc870 \ub9cc\uc73c\ub85c \uc721\uc0c1 \uc774\ub3d9\ud558\uc5ec \uac70\uce5c \uc232\uc758 \ud48d\uacbd\uc744 \uc0ac\uc9c4\uc5d0 \ub2f4\uc744 \uc218 \uc788\uc2b5\ub2c8\ub2e4. \ubc14\ub2e4\ub97c \ubc14\ub77c\ubcf4\uba70 \ub9e4\ub108\ud2f0, \uac11\uac01\ub958, \ub3cc\uace0\ub798\ub97c \uad00\ucc30\ud558\uc138\uc694.<\/p>\n<p>El nombre del parque nacional proviene de sus habitantes originales, los indios ta\u00ednos. En su idioma, \u00abHaitises\u00bb se traduce en tierras altas o colinas, una referencia a las empinadas formaciones geol\u00f3gicas de la costa con calizas. Avent\u00farate en el parque para explorar cuevas como la Cueva de la Arena y la Cueva de la L\u00ednea. Las cuevas en la reserva fueron utilizadas como refugio por los indios ta\u00ednos y, m\u00e1s tarde, por los piratas escondidos. Busque dibujos de indios que decoran algunas de las paredes. Despu\u00e9s de visitar el Parque Nacional Los Haitises, regresaremos al puerto donde comenz\u00f3 nuestro viaje.<\/p>\n<h3><em>\ubb34\uc5c7\uc744 \uac00\uc838\uc640\uc57c\ud569\ub2c8\uae4c?<\/em><\/h3>\n<ul>\n<li>\uce74\uba54\ub77c<\/li>\n<li>\uad6c\ucda9\uc81c<\/li>\n<li>\uc790\uc678\uc120 \ucc28\ub2e8\uc81c<\/li>\n<li>\ubaa8\uc790<\/li>\n<li>\ud3b8\uc548\ud55c \ubc14\uc9c0<\/li>\n<li>\uc0b0\ub9bc \ud558\uc774\ud0b9 \uc2e0\ubc1c<\/li>\n<li>\ubd04 \uc9c0\uc5ed\uc5d0 \uc0cc\ub4e4.<\/li>\n<li>\uc218\uc601\ubcf5<\/li>\n<\/ul>\n<h3><em>\ud638\ud154 \ud53d\uc5c5<\/em><\/h3>\n<p>\ud30c\ub77c\uc774\uc18c \uce74\ub1e8 \ud63c\ub3c4 \ub610\ub294 \uc54c\ud1a0\uc2a4 \uce74\ub1e8 \ud63c\ub3c4 \ud638\ud154\uc5d0 \uba38\ubb34\uc2dc\ub294 \uacbd\uc6b0 \ud638\ud154 \ud53d\uc5c5 \uc11c\ube44\uc2a4\ub97c \uc774\uc6a9\ud558\uc2e4 \uc218 \uc788\uc2b5\ub2c8\ub2e4. \ubbf8\ud305 \uc7a5\uc18c\ub294 \ud574\ub2f9 \ud638\ud154\uc5d0\uc11c \ub3c4\ubcf4\ub85c 5\ubd84 \uac70\ub9ac\uc5d0 \uc788\uc2b5\ub2c8\ub2e4.<\/p>\n<p><strong>\ucc38\uace0<\/strong>\ud22c\uc5b4\/\uc5ec\ud589 \ucd9c\ubc1c \uc2dc\uac04\uc73c\ub85c\ubd80\ud130 24\uc2dc\uac04 \uc774\ub0b4\uc5d0 \uc608\uc57d\ud558\uc2dc\ub294 \uacbd\uc6b0, \uce74\ub1e8 \ud63c\ub3c4 \ud638\ud154\uc774 \uc544\ub2cc \uacbd\uc6b0 \ucd94\uac00 \uc694\uae08\uc73c\ub85c \ud638\ud154 \ud53d\uc5c5\uc744 \uc900\ube44\ud574 \ub4dc\ub9bd\ub2c8\ub2e4. \uad6c\ub9e4\uac00 \uc644\ub8cc\ub418\uba74 \ud604\uc9c0 \ud22c\uc5b4 \uac00\uc774\ub4dc\uac00 \ud53d\uc5c5 \uc900\ube44\ub97c \ud560 \uc218 \uc788\ub3c4\ub85d \uc804\uccb4 \uc5f0\ub77d\ucc98 \uc815\ubcf4(\uc804\ud654\ubc88\ud638, \uc774\uba54\uc77c \uc8fc\uc18c \ub4f1)\ub97c \ubcf4\ub0b4\ub4dc\ub9bd\ub2c8\ub2e4.<\/p>\n<h3><em>\ucd94\uac00\uc815\ubcf4 \ud655\uc778<\/em><\/h3>\n<ul>\n<li>\ud2f0\ucf13\uc740 \ubcf8 \ud22c\uc5b4 \uacb0\uc81c \ud6c4 \uc601\uc218\uc99d\uc785\ub2c8\ub2e4. \ud734\ub300\ud3f0\uc73c\ub85c \uacb0\uc81c\ub0b4\uc5ed\uc744 \ubcf4\uc5ec\uc8fc\uc2e4 \uc218 \uc788\uc2b5\ub2c8\ub2e4.<\/li>\n<li>\ub9cc\ub0a8\uc758 \uc7a5\uc18c\ub294 \uc608\uc57d \uc808\ucc28 \uc774\ud6c4\uc5d0 \ubc1b\uac8c \ub429\ub2c8\ub2e4.<\/li>\n<li>\uc5b4\ub9b0\uc774\ub294 \ubc18\ub4dc\uc2dc \uc131\uc778\uacfc \ub3d9\ubc18\ud574\uc57c \ud569\ub2c8\ub2e4.<\/li>\n<li>\ud720\uccb4\uc5b4 \uc774\uc6a9 \ubd88\uac00<\/li>\n<li>\uc720\uc544\ub294 \uc720\uc544\uc6a9 \uce74\uc2dc\ud2b8\uc5d0 \uc549\uac70\ub098 \uc131\uc778\uacfc \ud568\uaed8 \uc549\uc544\uc57c \ud569\ub2c8\ub2e4.<\/li>\n<li>\ud5c8\ub9ac\uc5d0 \ubb38\uc81c\uac00 \uc788\ub294 \uc5ec\ud589\uc790\uc5d0\uac8c\ub294 \uad8c\uc7a5\ub418\uc9c0 \uc54a\uc2b5\ub2c8\ub2e4.<\/li>\n<li>\uc784\uc0b0\ubd80\uc5d0\uac8c\ub294 \uad8c\uc7a5\ud558\uc9c0 \uc54a\uc2b5\ub2c8\ub2e4.<\/li>\n<li>\uc2ec\uc7a5 \ubb38\uc81c\ub098 \uae30\ud0c0 \uc2ec\uac01\ud55c \uc9c8\ubcd1\uc740 \uc5c6\uc2b5\ub2c8\ub2e4.<\/li>\n<li>\ub300\ubd80\ubd84\uc758 \uc5ec\ud589\uc790\uac00 \ucc38\uc5ec\ud560 \uc218 \uc788\uc2b5\ub2c8\ub2e4.<\/li>\n<\/ul>\n<h3><em>\ucde8\uc18c \uc815\ucc45<\/em><\/h3>\n<p>\uc804\uc561 \ud658\ubd88\uc744 \ubc1b\uc73c\ub824\uba74 \uccb4\ud5d8 \uc2dc\uc791\uc77c \ucd5c\uc18c 24\uc2dc\uac04 \uc804\uc5d0 \ucde8\uc18c\ud558\uc138\uc694.<\/p>\n<h3><em>\ubb38\uc758\ud558\uae30?<\/em><\/h3>\n<p>\uc608\uc57d \ubaa8\ud5d8<br \/>\n\ud604\uc9c0 \ubc0f \uc804\uad6d \ud22c\uc5b4 \uac00\uc774\ub4dc \ubc0f \uac8c\uc2a4\ud2b8 \uc11c\ube44\uc2a4<\/p>\n<p>\uc608\uc57d: \ub3d4 \uc5d0\uc11c \ud22c\uc5b4\uc640 \uc5ec\ud589. Reps.<\/p>\n<p>\ud83d\udcde Tel \/ Whatsapp + 1-809-720-6035.<\/p>\n<p>\ud83d\udce9 info@bookingadventures.com.do<\/p>\n<p>Organizamos tours privados de configuraci\u00f3n flexible por Whatsapp: +18097206035.<\/p>\n\n\t\t<\/div>\n\t<\/div>\n<\/div><\/div><\/div><\/div>","protected":false},"excerpt":{"rendered":"<p>\uc0ac\ubc14\ub098 \ub370 \ub77c \ub9c8\ub974 \ub610\ub294 \uce74\ub1e8 \ud63c\ub3c4 \ud638\ud154\uc5d0\uc11c \ud604\uc9c0 \uac00\uc774\ub4dc\uc640 \ud568\uaed8 \ub85c\uc2a4 \uc544\uc774\ud2f0\uc2a4 \uad6d\ub9bd\uacf5\uc6d0\uc744 \ubc29\ubb38\ud558\ub294 \ucd5c\uc800 \uac00\uaca9\uc785\ub2c8\ub2e4. \uc5ec\ud589\uc740 \ub85c\uc2a4 \uc544\uc774 \ud2f0\uc2a4 \uad6d\ub9bd \uacf5\uc6d0\uc758 \uc8fc\uc694 \ud56d\uad6c\uc5d0\uc11c \uc2dc\uc791\ub429\ub2c8\ub2e4. \uc774 \uc5ec\ud589\uc740 \uc6c5\uc7a5\ud55c \uad6d\ub9bd \uacf5\uc6d0\uc5d0 \ub300\ud55c \uc6d0\ub798 \uc774\uc57c\uae30\ub97c \uc54c\uace0\uc788\ub294 \ud604\uc9c0 \ud22c\uc5b4 \uac00\uc774\ub4dc\uc640 \ud568\uaed8 \uc624\uc804 10\uc2dc\uc5d0 \uc2dc\uc791\ub429\ub2c8\ub2e4.<\/p>\n<p>\uadf8\ub7f0 \ub2e4\uc74c \uad6c\uba85 \uc870\ub07c\uac00 \ub2ec\ub9b0 \ubcf4\ud2b8\ub97c \ud0c0\uace0 \uad6d\ub9bd \uacf5\uc6d0 \ub85c\uc2a4 \uc544\uc774 \ud2f0\uc2a4\uc758 \uc8fc\uc694 \ud56d\uad6c \uc778 \uce74\ub178 \ud63c\ub3c4 (\ub525 \ud06c\ub9ad)\uc758 \uc8fc\uc694 \ud56d\uad6c\uc5d0\uc11c \uc2dc\uc791\ud569\ub2c8\ub2e4. \uc6b0\ub9ac\ub294 \uc0ac\ub9c8\ub098\ub9cc\uc758 \uc791\uc740 \ub9cc\uc778 \uc0b0 \ub85c\ub80c\uc870 \ub9cc\uc5d0 \ub3c4\ucc29\ud560 \ub54c\uae4c\uc9c0 \ubd89\uc740 \ub9f9\uadf8\ub85c\ube0c \uc232\uc744 \uc990\uae38 \uac83\uc785\ub2c8\ub2e4. \uac00\uc7a5 \uba3c\uc800 \ubcfc \uc218\uc788\ub294 \uac83\uc740 \ubaa8 \uace0\ud14c\uc2a4\ub77c\uace0 \ubd88\ub9ac\ub294 \uac70\ub300\ud55c \uc11d\ud68c\uc554 \uc0b0 \uc12c\uc758 \uceec\ub809\uc158\uc785\ub2c8\ub2e4. \uadf8 \uc678\uc5d0\ub3c4 700\uc5ec \uc885\uc758 \uc2dd\ubb3c\uacfc \ub9ce\uc740 \uc2b5\uc9c0 \uc0c8\ub4e4\uc774 \ub0a0\uc544\ub2e4\ub2c8\uace0 \uc788\uc2b5\ub2c8\ub2e4. \ub098\uc911\uc5d0 750\ub144 \uc804 \uc6d0\uc8fc\ubbfc \uacf5\ub3d9\uccb4\uc758 \uadf8\ub9bc\uc774 \uc788\ub294 \ub3d9\uad74\uc744 \ubc29\ubb38\ud569\ub2c8\ub2e4.<\/p>\n<p><strong>\ud22c\uc5b4 \ub0a0\uc9dc\ub97c \uc120\ud0dd\ud558\uc138\uc694.\u00a0<\/strong><\/p>","protected":false},"featured_media":81,"template":"","meta":[],"product_brand":[],"product_cat":[119,120,98,121,99,122,443,123,124],"product_tag":[125,126,127,128,129,130,131,132,133,134,114],"class_list":{"0":"post-554","1":"product","2":"type-product","3":"status-publish","4":"has-post-thumbnail","6":"product_cat-caves","7":"product_cat-fees-entrace","8":"product_cat-local-tour-guides","9":"product_cat-mangroves","10":"product_cat-swimming-natural-springs","11":"product_cat-tours-and-excursions","12":"product_cat-tours-y-excursiones-es","13":"product_cat-tours-excursions-los-haitises-national-park","14":"product_cat-tours-excursions-samana-bay-dominican-republic","15":"product_tag-boat-tour","16":"product_tag-cano-hondo","17":"product_tag-cano-hondo-hotel","18":"product_tag-cano-hondo-tours","19":"product_tag-eco-tours","20":"product_tag-excursion","21":"product_tag-locals-guides","22":"product_tag-los-haitises","23":"product_tag-los-haitises-national-park","24":"product_tag-los-haitises-national-park-tour","25":"product_tag-sabana-de-la-mar","27":"first","28":"instock","29":"sale","30":"sold-individually","31":"shipping-taxable","32":"product-type-external"},"_links":{"self":[{"href":"https:\/\/visitaloshaitises.com\/ko\/wp-json\/wp\/v2\/product\/554","targetHints":{"allow":["GET"]}}],"collection":[{"href":"https:\/\/visitaloshaitises.com\/ko\/wp-json\/wp\/v2\/product"}],"about":[{"href":"https:\/\/visitaloshaitises.com\/ko\/wp-json\/wp\/v2\/types\/product"}],"wp:featuredmedia":[{"embeddable":true,"href":"https:\/\/visitaloshaitises.com\/ko\/wp-json\/wp\/v2\/media\/81"}],"wp:attachment":[{"href":"https:\/\/visitaloshaitises.com\/ko\/wp-json\/wp\/v2\/media?parent=554"}],"wp:term":[{"taxonomy":"product_brand","embeddable":true,"href":"https:\/\/visitaloshaitises.com\/ko\/wp-json\/wp\/v2\/product_brand?post=554"},{"taxonomy":"product_cat","embeddable":true,"href":"https:\/\/visitaloshaitises.com\/ko\/wp-json\/wp\/v2\/product_cat?post=554"},{"taxonomy":"product_tag","embeddable":true,"href":"https:\/\/visitaloshaitises.com\/ko\/wp-json\/wp\/v2\/product_tag?post=554"}],"curies":[{"name":"wp","href":"https:\/\/api.w.org\/{rel}","templated":true}]}}