{"id":551,"date":"2020-06-19T20:10:32","date_gmt":"2020-06-19T20:10:32","guid":{"rendered":"https:\/\/haitises.com\/?post_type=product&#038;p=551"},"modified":"2023-10-14T21:50:12","modified_gmt":"2023-10-14T21:50:12","slug":"excursion-al-los-haitises-y-cano-hondo-desde-samana","status":"publish","type":"product","link":"https:\/\/visitaloshaitises.com\/ko\/private\/excursion-al-los-haitises-y-cano-hondo-desde-samana\/","title":{"rendered":"Saman\u00e1\uc5d0\uc11c Los Haitises \ubc0f Ca\u00f1o Hondo\ub85c \uc5ec\ud589"},"content":{"rendered":"<div class=\"vc_row wpb_row vc_row-fluid\" ><div class=\"wpb_column vc_column_container vc_col-sm-12\"><div class=\"vc_column-inner\"><div class=\"wpb_wrapper\"><div class=\"mkdf-section-title-holder\" style=\"text-align: left\">\n\t<div class=\"mkdf-st-inner\">\n\t\t\t\t\t<h5 class=\"mkdf-st-subtitle\" >\n\t\t\t\t\ucc9c\uc5f0 \uc218\uc601\uc7a5\uc5d0\uc11c \uc810\uc2ec \uc2dd\uc0ac \ubc0f \uc218\uc601\t\t\t<\/h5>\n\t\t\t\t\t\t\t<\/div>\n<\/div><\/div><\/div><\/div><\/div><div class=\"vc_row wpb_row vc_row-fluid\" ><div class=\"wpb_column vc_column_container vc_col-sm-12\"><div class=\"vc_column-inner\"><div class=\"wpb_wrapper\">\n\t<div class=\"wpb_text_column wpb_content_element\" >\n\t\t<div class=\"wpb_wrapper\">\n\t\t\t<h2>\ub85c\uc2a4 \ud558\uc774\ud2f0\uc138\uc2a4 \uad6d\ub9bd\uacf5\uc6d0 + \uc0ac\ub9c8\ub098 \ud56d\uad6c\uc758 \uce74\ub178 \ud63c\ub3c4(Cano Hondo)\uc5d0\uc11c \uc810\uc2ec \uc2dd\uc0ac.<\/h2>\n<h3><em>\uc124\uba85<\/em><\/h3>\n<p>\ub85c\uc2a4 \ud558\uc774\ud2f0\uc138\uc2a4 \uad6d\ub9bd\uacf5\uc6d0(Los Haitises National Park)\uc740 \uc0ac\ub9c8\ub098(Saman\u00e1) \ud56d\uad6c\uc5d0\uc11c \uc2dc\uc791\ud558\uc5ec Ca\u00f1o Hondo Ecolodge\uc758 \ucc9c\uc5f0 \uc628\ucc9c\uc5d0\uc11c \uba4b\uc9c4 \uc810\uc2ec \uc2dd\uc0ac\uc640 \uc218\uc601\uc744 \uc990\uae41\ub2c8\ub2e4. \uc6b0\ub9ac\uc640 \ud568\uaed8 \ub3c4\ubbf8\ub2c8\uce74 \uacf5\ud654\uad6d\uc5d0\uc11c \uac00\uc7a5 \uc544\ub984\ub2e4\uc6b4 \uad6d\ub9bd\uacf5\uc6d0\uc744 \ubc29\ubb38\ud558\uace0 \ub9f9\uadf8\ub85c\ube0c, \ub3d9\uad74, \uc0b0 \ub85c\ub80c\uc870 \ub9cc\uc744 \ubc29\ubb38\ud558\uace0 \uc544\ub984\ub2e4\uc6b4 \uc0ac\ub9c8\ub098 \ub9cc\uc744 \uac74\ub108\ubcf4\uc138\uc694. Ca\u00f1o Hondo\uc5d0\uc11c \uc810\uc2ec \uc2dd\uc0ac\ub97c \ud55c \ud6c4 \uba87 \uc2dc\uac04 \ub3d9\uc548 \ucc9c\uc5f0 \uc218\uc601\uc7a5\uc5d0\uc11c \uc218\uc601\uc744 \ud55c \ud6c4 Saman\u00e1 \ud56d\uad6c\ub85c \ub3cc\uc544\uac11\ub2c8\ub2e4.<\/p>\n<p>\uc774 \uccb4\ud5d8 \ud6c4\uc5d0\ub294 \uc0ac\ub9c8\ub098(Saman\u00e1) \ud56d\uad6c\ub85c \ub3cc\uc544\uac11\ub2c8\ub2e4.<\/p>\n<ul>\n<li>\uc138\uae08 \ud3ec\ud568<\/li>\n<li>\uac00\uc774\ub4dc\ub294 \uad50\uc721\uacfc \uac10\ub3c5\uc744 \uc81c\uacf5\ud569\ub2c8\ub2e4.<\/li>\n<\/ul>\n<h3>\ud3ec\ud568 \ubc0f \uc81c\uc678<\/h3>\n<h4>\ud3ec\ud568\uc0ac\ud56d<\/h4>\n<ol>\n<li>\ub85c\uc2a4 \ud558\uc774\ud2f0\uc138\uc2a4 \ud22c\uc5b4 + \ub3d9\uad74 \ubc0f \uc0c1\ud615 \ubb38\uc790<\/li>\n<li>Ca\u00f1o Hondo\uc5d0\uc11c \uc810\uc2ec \uc2dd\uc0ac<\/li>\n<li>\ucc9c\uc5f0 \uc218\uc601\uc7a5\uc5d0\uc11c \uc218\uc601\ud558\uae30<\/li>\n<li>\ubaa8\ub4e0 \uc138\uae08, \uc218\uc218\ub8cc \ubc0f \ucde8\uae09 \ube44\uc6a9.<\/li>\n<li>\uc9c0\ubc29\uc138<\/li>\n<li>\uc74c\ub8cc\uc218<\/li>\n<li>\ubaa8\ub4e0 \ud65c\ub3d9<\/li>\n<li>\uc9c0\uc5ed \uac00\uc774\ub4dc<\/li>\n<\/ol>\n<h4>\uc81c\uc678<\/h4>\n<ol>\n<li>\ud301<\/li>\n<li>\uc62e\uae30\ub2e4<\/li>\n<li>\uc54c\ucf54\uc62c \uc74c\ub8cc<\/li>\n<\/ol>\n<h3><em>\ucd9c\ubc1c \ubc0f \uadc0\uad6d<\/em><\/h3>\n<p>\uc5ec\ud589\uc790\ub294 \uc608\uc57d \uc808\ucc28\uac00 \uc644\ub8cc\ub41c \ud6c4 \ubbf8\ud305 \uc7a5\uc18c\ub97c \uac16\uac8c \ub429\ub2c8\ub2e4. \ud22c\uc5b4\ub294 \ubbf8\ud305 \uc7a5\uc18c\uc5d0\uc11c \uc2dc\uc791\ud558\uace0 \ub05d\ub0a9\ub2c8\ub2e4.<\/p>\n<h3><em>\ubb58 \uae30\ub300 \ud560\uae4c?<\/em><\/h3>\n<p>Ca\u00f1o Hondo\uc5d0\uc11c \uba4b\uc9c4 \uc810\uc2ec \uc2dd\uc0ac\uc640 \ud568\uaed8 \ub85c\uc2a4 \ud558\uc774\ud2f0\uc138\uc2a4 \uad6d\ub9bd\uacf5\uc6d0 \ubc29\ubb38 \ud2f0\ucf13\uc744 \uad6c\ub9e4\ud558\uace0 \ucc9c\uc5f0 \uc218\uc601\uc7a5\uc5d0\uc11c \uc218\uc601\ub3c4 \uc990\uaca8\ubcf4\uc138\uc694.<\/p>\n<p>\ud604\uc9c0 \ud22c\uc5b4 \uac00\uc774\ub4dc\uc640 \ud568\uaed8 \ubcf4\ud2b8\ub098 \uc30d\ub3d9\uc120\uc744 \ud0c0\uace0 \uc0ac\ub9c8\ub098 \ud56d\uad6c\uc5d0\uc11c \ucd9c\ubc1c\ud558\uc5ec \uc0ac\ubc14\ub098 \ub370 \ub77c \ub9c8\ub974 \uc606 \uc0ac\ub9c8\ub098 \ub9cc\uc744 \uc9c0\ub098 \ub3c4\ubbf8\ub2c8\uce74 \uacf5\ud654\uad6d\uc5d0\uc11c \uac00\uc7a5 \uc544\ub984\ub2e4\uc6b4 \uad6d\ub9bd\uacf5\uc6d0 \uc911 \ud558\ub098\ub97c \ubc29\ubb38\ud569\ub2c8\ub2e4.<\/p>\n<h5>\ub85c\uc2a4\ud558\uc774\ud2f0\uc138\uc2a4 \uad6d\ub9bd\uacf5\uc6d0.<\/h5>\n<p>\uc0c8\ub4e4\uacfc \ud568\uaed8 \uc12c\uc744 \ubc29\ubb38\ud569\ub2c8\ub2e4. \uc0b0\ub780\uae30\uc5d0\ub294 \ub465\uc9c0 \uc548\uc5d0 \uc788\ub294 \ud3a0\ub9ac\ucee8 \uc0c8\ub07c\ub3c4 \ubcfc \uc218 \uc788\uc2b5\ub2c8\ub2e4. \ubc14\uc704\uc12c \uc18d\uc73c\ub85c \ub354 \uae4a\uc774 \ub4e4\uc5b4\uac00 \uc6d0\uc8fc\ubbfc\uc758 \uc0c1\ud615 \ubb38\uc790\uc640 \uc554\uac01\ud654\uac00 \uc788\ub294 \ub3d9\uad74\uc744 \ubc29\ubb38\ud574\ubcf4\uc138\uc694.<\/p>\n<p>El recorrido, organizado por \u00abBooking Adventures\u00bb, comienza en el punto de encuentro establecido con el gu\u00eda tur\u00edstico. Ven con Booking Adventures y comienza a observar algunos manglares llenos de aves, colinas onduladas de exuberante vegetaci\u00f3n y cuevas del Parque Nacional Los Haitises.<\/p>\n<p>El nombre del parque nacional proviene de sus habitantes originales, los indios ta\u00ednos. En su idioma, \u00abHaitises\u00bb se traduce a tierras altas o colinas, una referencia a las empinadas formaciones geol\u00f3gicas de la costa con calizas. Avent\u00farate en el parque para explorar cuevas como la Cueva de la Arena y la Cueva de la L\u00ednea.<\/p>\n<p>\ubcf4\ud638\uad6c\uc5ed\uc758 \ub3d9\uad74\uc740 \ud0c0\uc774\ub178 \uc778\ub514\uc5b8\ub4e4\uc758 \ud53c\ub09c\ucc98\ub85c \uc0ac\uc6a9\ub418\uc5c8\uace0 \ub098\uc911\uc5d0\ub294 \uc228\uaca8\uc9c4 \ud574\uc801\ub4e4\uc774 \uc0ac\uc6a9\ud588\uc2b5\ub2c8\ub2e4. \uc77c\ubd80 \ubcbd\uc744 \uc7a5\uc2dd\ud558\uace0 \uc788\ub294 \uc778\ub514\uc5b8 \uadf8\ub9bc\uc744 \ucc3e\uc544\ubcf4\uc138\uc694.<\/p>\n<p>\ub85c\uc2a4\ud558\uc774\ud2f0\uc138\uc2a4 \uad6d\ub9bd\uacf5\uc6d0\uc744 \ubc29\ubb38\ud55c \ud6c4 \uce74\ub178 \ud63c\ub3c4(Cano Hondo)\ub85c \uc774\ub3d9\ud569\ub2c8\ub2e4. Cano Hondo\uc5d0\uc11c\ub294 \uc774\ub7ec\ud55c \uc0dd\ud0dc\ud559\uc801 \uc5ed\uc0ac\uc5d0 \ub300\ud574 \ubc30\uc6b0\uace0 Sabana de la mar \uc9c0\uc5ed\uc0ac\ud68c\uc758 \uc804\ud615\uc801\uc778 \uc74c\uc2dd\uacfc \ud568\uaed8 \uc810\uc2ec \uc2dc\uac04\uc744 \uac16\uc2b5\ub2c8\ub2e4.<\/p>\n<p>\uc810\uc2ec\uc740 \ub9db\uc788\uaca0\uc9c0\ub9cc \uc544\uc9c1 \ub05d\ub098\uc9c0 \uc54a\uc558\uc2b5\ub2c8\ub2e4. \uc810\uc2ec \uc2dd\uc0ac \ud6c4, \uc6b0\ub9ac\ub294 \uce74\ub1e8 \ud63c\ub3c4 \uac15(Ca\u00f1o Hondo River)\uae4c\uc9c0 \ud750\ub974\ub294 \uac15\uc778 \ud788\ubc1c\ub808\uc2a4 \uac15(Jibales River)\uc5d0\uc11c \ucc9c\uc5f0 \uc218\uc601\uc7a5\uc5d0\uc11c \uc218\uc601\uc744 \ud560 \uac83\uc785\ub2c8\ub2e4. \uc624\ud6c4 4\uc2dc\uae4c\uc9c0 \uce74\ub1e8 \ud63c\ub3c4(Ca\u00f1o Hondo)\uc5d0 \uba38\ubb3c\ub2e4\uac00 \uc0ac\ub9c8\ub098(Saman\u00e1) \ud56d\uad6c\ub85c \ub3cc\uc544\uc624\uba74 \ub2e4\uc2dc \ub9f9\uadf8\ub85c\ube0c \uc232\uc744 \ud1b5\uacfc\ud574 \uc6b8\ud241\ubd88\ud241\ud55c \uc232 \ud48d\uacbd\uc744 \uc0ac\uc9c4\uc5d0 \ub2f4\uc744 \uc218 \uc788\ub294 \uc0b0 \ub85c\ub80c\uc870(San Lorenzo) \ub9cc\uc5d0 \ub3c4\ucc29\ud558\uac8c \ub429\ub2c8\ub2e4. \ubc14\ub2e4 \uc18d\uc744 \ub4e4\uc5ec\ub2e4\ubcf4\uba74 \ud574\uc6b0, \uac11\uac01\ub958, \ub3cc\uace0\ub798\ub97c \ubcfc \uc218 \uc788\uc2b5\ub2c8\ub2e4.<\/p>\n<p>\uadf8 \uc21c\uac04\uae4c\uc9c0 \ud22c\uc5b4 \uac00\uc774\ub4dc\uc640 \ud569\uc758\ud55c \ud6c4 Cano Hondo \ud56d\uad6c\ub85c \uc774\ub3d9\ud55c \ud6c4 \ubcf4\ud2b8\ub97c \ud0c0\uace0 Saman\u00e1\ub9cc\uc744 \ud1b5\uacfc\ud558\uc5ec 30\ubd84 \ub3d9\uc548 Saman\u00e1 \ud56d\uad6c\ub85c \ub3cc\uc544\uac11\ub2c8\ub2e4.<\/p>\n<p>\uc774 \uc5ec\ud589\uc774 \ub354 \ub9c8\uc74c\uc5d0 \ub4dc\uc2e0\ub2e4\uba74 \ub2e4\uc74c\uacfc \uac19\uc740 \uc635\uc158\uc774 \uc788\uc2b5\ub2c8\ub2e4.<\/p>\n<p>Los Haitises + Cayo Levantado\ub294 \uc0ac\ub9c8\ub098 \ud56d\uad6c\uc5d0\uc11c \ucd9c\ubc1c\ud569\ub2c8\ub2e4.<\/p>\n<h3><em>\ubb34\uc5c7\uc744 \uac00\uc838\uc640\uc57c\ud569\ub2c8\uae4c?<\/em><\/h3>\n<ul>\n<li>\uce74\uba54\ub77c<\/li>\n<li>\uad6c\ucda9\uc81c<\/li>\n<li>\uc790\uc678\uc120 \ucc28\ub2e8\uc81c<\/li>\n<li>\ubaa8\uc790<\/li>\n<li>\ud3b8\uc548\ud55c \ubc14\uc9c0<\/li>\n<li>\uc0b0\ub9bc \ud558\uc774\ud0b9 \uc2e0\ubc1c<\/li>\n<li>\ubd04 \uc9c0\uc5ed\uc5d0 \uc0cc\ub4e4.<\/li>\n<li>\uc218\uc601\ubcf5<\/li>\n<\/ul>\n<h3><em>\ud638\ud154 \ud53d\uc5c5<\/em><\/h3>\n<p>\ubcf8 \ud22c\uc5b4\uc5d0\ub294 \ud638\ud154 \ud53d\uc5c5\uc774 \uc81c\uacf5\ub418\uc9c0 \uc54a\uc2b5\ub2c8\ub2e4.<\/p>\n<p><strong>\uba54\ubaa8:<\/strong> \ud22c\uc5b4\/\uc5ec\ud589 \ucd9c\ubc1c \uc2dc\uac04 24\uc2dc\uac04 \uc774\ub0b4\uc5d0 \uc608\uc57d\ud558\uc2dc\uba74 \ucd94\uac00 \uc694\uae08\uc73c\ub85c \ud638\ud154 \ud53d\uc5c5\uc744 \uc900\ube44\ud574 \ub4dc\ub9b4 \uc218 \uc788\uc2b5\ub2c8\ub2e4. \uad6c\ub9e4\uac00 \uc644\ub8cc\ub418\uba74 \ud53d\uc5c5 \uc900\ube44\ub97c \uc704\ud574 \ud604\uc9c0 \ud22c\uc5b4 \uac00\uc774\ub4dc\uc758 \uc804\uccb4 \uc5f0\ub77d\ucc98 \uc815\ubcf4(\uc804\ud654\ubc88\ud638, \uc774\uba54\uc77c \uc8fc\uc18c \ub4f1)\ub97c \ubcf4\ub0b4\ub4dc\ub9bd\ub2c8\ub2e4.<\/p>\n<h3>\ucd94\uac00\uc815\ubcf4 \ud655\uc778<\/h3>\n<ol>\n<li>\ud2f0\ucf13\uc740 \ubcf8 \ud22c\uc5b4 \uacb0\uc81c \ud6c4 \uc601\uc218\uc99d\uc785\ub2c8\ub2e4. \ud734\ub300\ud3f0\uc73c\ub85c \uacb0\uc81c\ub0b4\uc5ed\uc744 \ubcf4\uc5ec\uc8fc\uc2e4 \uc218 \uc788\uc2b5\ub2c8\ub2e4.<\/li>\n<li>\ub9cc\ub0a8\uc758 \uc7a5\uc18c\ub294 \uc608\uc57d \uc808\ucc28 \uc774\ud6c4\uc5d0 \ubc1b\uac8c \ub429\ub2c8\ub2e4.<\/li>\n<li>\uc5b4\ub9b0\uc774\ub294 \ubc18\ub4dc\uc2dc \uc131\uc778\uacfc \ub3d9\ubc18\ud574\uc57c \ud569\ub2c8\ub2e4.<\/li>\n<li>\ud720\uccb4\uc5b4 \uc774\uc6a9 \ubd88\uac00<\/li>\n<li>\uc720\uc544\ub294 \uc720\uc544\uc6a9 \uc2dc\ud2b8\uc5d0 \uc549\uac70\ub098 \uc131\uc778\uacfc \ud568\uaed8 \uc549\uc544\uc57c \ud569\ub2c8\ub2e4.<\/li>\n<li>\ud5c8\ub9ac\uc5d0 \ubb38\uc81c\uac00 \uc788\ub294 \uc5ec\ud589\uc790\uc5d0\uac8c\ub294 \uad8c\uc7a5\ub418\uc9c0 \uc54a\uc2b5\ub2c8\ub2e4.<\/li>\n<li>\uc784\uc0b0\ubd80\uc5d0\uac8c\ub294 \uad8c\uc7a5\ud558\uc9c0 \uc54a\uc2b5\ub2c8\ub2e4.<\/li>\n<li>\uc2ec\uc7a5 \ubb38\uc81c\ub098 \uae30\ud0c0 \uc2ec\uac01\ud55c \uc9c8\ubcd1\uc740 \uc5c6\uc2b5\ub2c8\ub2e4.<\/li>\n<li>\ub300\ubd80\ubd84\uc758 \uc5ec\ud589\uc790\uac00 \ucc38\uc5ec\ud560 \uc218 \uc788\uc2b5\ub2c8\ub2e4.<\/li>\n<\/ol>\n<h3><em>\ucde8\uc18c \uc815\ucc45<\/em><\/h3>\n<p>\uc804\uc561 \ud658\ubd88\uc744 \ubc1b\uc73c\ub824\uba74 \uccb4\ud5d8 \uc2dc\uc791\uc77c \ucd5c\uc18c 24\uc2dc\uac04 \uc804\uc5d0 \ucde8\uc18c\ud558\uc138\uc694.<\/p>\n\n\t\t<\/div>\n\t<\/div>\n<\/div><\/div><\/div><\/div><div class=\"vc_row wpb_row vc_row-fluid\" ><div class=\"wpb_column vc_column_container vc_col-sm-12\"><div class=\"vc_column-inner\"><div class=\"wpb_wrapper\"><div class=\"vc_empty_space\"   style=\"height: 32px\"><span class=\"vc_empty_space_inner\"><\/span><\/div>\n\t<div class=\"wpb_video_widget wpb_content_element vc_clearfix   vc_video-aspect-ratio-169 vc_video-el-width-100 vc_video-align-left\" >\n\t\t<div class=\"wpb_wrapper\">\n\t\t\t\n\t\t\t<div class=\"wpb_video_wrapper\"><iframe loading=\"lazy\" title=\"\ub85c\uc2a4 \ud558\uc774\ud2f0\uc138\uc2a4 \uad6d\ub9bd\uacf5\uc6d0, \uc0ac\ubc14\ub098 \ub610\ub294 \uc0ac\ubc14\ub098 \ub370 \ub77c \ub9c8\ub974 \ucd9c\ubc1c \ud22c\uc5b4 \ubc0f \uc5ec\ud589. \uc5ec\uae30\uc5d0\uc11c \uc608\uc57d\ud558\uc138\uc694:\" src=\"https:\/\/player.vimeo.com\/video\/346508015?dnt=1&amp;app_id=122963\" width=\"1100\" height=\"619\" frameborder=\"0\" allow=\"autoplay; fullscreen\" allowfullscreen><\/iframe><\/div>\n\t\t<\/div>\n\t<\/div>\n<\/div><\/div><\/div><\/div><div class=\"vc_row wpb_row vc_row-fluid\" ><div class=\"wpb_column vc_column_container vc_col-sm-12\"><div class=\"vc_column-inner\"><div class=\"wpb_wrapper\"><div class=\"vc_empty_space\"   style=\"height: 32px\"><span class=\"vc_empty_space_inner\"><\/span><\/div>\n\t<div class=\"wpb_text_column wpb_content_element\" >\n\t\t<div class=\"wpb_wrapper\">\n\t\t\t<h4>\ubb38\uc758\ud558\uae30?<\/h4>\n<h5>\ubaa8\ud5d8 \uc608\uc57d<\/h5>\n<p><em>\uc5ec\ud589 \uac00\uc774\ub4dc<\/em> <em><strong>\ud604\uc9c0\uc758<\/strong><\/em> \uadf8\ub9ac\uace0 <strong><em>\uad6d\uac00\uc758<\/em><\/strong> &amp;<em>\u00a0\uace0\uac1d \uc11c\ube44\uc2a4<\/em><\/p>\n<p>\uc608\uc57d: Dom. Rep.\uc5d0\uc11c\uc758 \ud22c\uc5b4 \ubc0f \uacac\ud559.<\/p>\n<p>\uc804\ud654\/Whatsapp +1-809-720-6035.<\/p>\n<p>info@bookingadventures.com.do<\/p>\n<p>\uc6b0\ub9ac\ub294 Whatsapp: +18097206035\ub97c \ud1b5\ud574 \uc720\uc5f0\ud55c \uad6c\uc131\uc744 \uac16\ucd98 \uac1c\uc778 \ud22c\uc5b4\uc785\ub2c8\ub2e4.<\/p>\n\n\t\t<\/div>\n\t<\/div>\n<div class=\"vc_empty_space\"   style=\"height: 32px\"><span class=\"vc_empty_space_inner\"><\/span><\/div><\/div><\/div><\/div><\/div>","protected":false},"excerpt":{"rendered":"<p><strong>\ud22c\uc5b4 \ub0a0\uc9dc\ub97c \uc120\ud0dd\ud558\uc138\uc694.\u00a0<\/strong><\/p>","protected":false},"featured_media":104,"template":"","meta":[],"product_brand":[],"product_cat":[119,96,144,98,135,121,99,122,443,123,124],"product_tag":[126,127,128,145,132,133,146,147,148,143],"class_list":{"0":"post-551","1":"product","2":"type-product","3":"status-publish","4":"has-post-thumbnail","6":"product_cat-caves","7":"product_cat-hiking","8":"product_cat-kayaking","9":"product_cat-local-tour-guides","10":"product_cat-lunch","11":"product_cat-mangroves","12":"product_cat-swimming-natural-springs","13":"product_cat-tours-and-excursions","14":"product_cat-tours-y-excursiones-es","15":"product_cat-tours-excursions-los-haitises-national-park","16":"product_cat-tours-excursions-samana-bay-dominican-republic","17":"product_tag-cano-hondo","18":"product_tag-cano-hondo-hotel","19":"product_tag-cano-hondo-tours","20":"product_tag-day-tour-cano-hondo","21":"product_tag-los-haitises","22":"product_tag-los-haitises-national-park","23":"product_tag-mangroves-los-haitises","24":"product_tag-samana-bay","25":"product_tag-samana-excursions","26":"product_tag-samana-tours","28":"first","29":"instock","30":"sale","31":"sold-individually","32":"shipping-taxable","33":"product-type-external"},"_links":{"self":[{"href":"https:\/\/visitaloshaitises.com\/ko\/wp-json\/wp\/v2\/product\/551","targetHints":{"allow":["GET"]}}],"collection":[{"href":"https:\/\/visitaloshaitises.com\/ko\/wp-json\/wp\/v2\/product"}],"about":[{"href":"https:\/\/visitaloshaitises.com\/ko\/wp-json\/wp\/v2\/types\/product"}],"wp:featuredmedia":[{"embeddable":true,"href":"https:\/\/visitaloshaitises.com\/ko\/wp-json\/wp\/v2\/media\/104"}],"wp:attachment":[{"href":"https:\/\/visitaloshaitises.com\/ko\/wp-json\/wp\/v2\/media?parent=551"}],"wp:term":[{"taxonomy":"product_brand","embeddable":true,"href":"https:\/\/visitaloshaitises.com\/ko\/wp-json\/wp\/v2\/product_brand?post=551"},{"taxonomy":"product_cat","embeddable":true,"href":"https:\/\/visitaloshaitises.com\/ko\/wp-json\/wp\/v2\/product_cat?post=551"},{"taxonomy":"product_tag","embeddable":true,"href":"https:\/\/visitaloshaitises.com\/ko\/wp-json\/wp\/v2\/product_tag?post=551"}],"curies":[{"name":"wp","href":"https:\/\/api.w.org\/{rel}","templated":true}]}}