{"id":595,"date":"2020-07-02T12:43:09","date_gmt":"2020-07-02T12:43:09","guid":{"rendered":"https:\/\/haitises.com\/?post_type=product&#038;p=595"},"modified":"2024-04-16T18:46:40","modified_gmt":"2024-04-16T18:46:40","slug":"excursion-cascada-el-limon-con-caballos","status":"publish","type":"product","link":"https:\/\/visitaloshaitises.com\/kn\/\u0c96\u0cbe\u0cb8\u0c97\u0cbf\/excursion-cascada-el-limon-con-caballos\/","title":{"rendered":"Excursi\u00f3n Cascada El Lim\u00f3n con Caballos"},"content":{"rendered":"<div class=\"vc_row wpb_row vc_row-fluid\" ><div class=\"wpb_column vc_column_container vc_col-sm-12\"><div class=\"vc_column-inner\"><div class=\"wpb_wrapper\">[mkdf_section_title subtitle_tag=\u00bb\u00bb subtitle=\u00bbViaje normal pero privado\u00bb]<\/div><\/div><\/div><\/div><div class=\"vc_row wpb_row vc_row-fluid\" ><div class=\"wpb_column vc_column_container vc_col-sm-12\"><div class=\"vc_column-inner\"><div class=\"wpb_wrapper\">\n\t<div class=\"wpb_text_column wpb_content_element\" >\n\t\t<div class=\"wpb_wrapper\">\n\t\t\t<h2>Tour a las cascadas de El Lim\u00f3n (caballos y nataci\u00f3n) + almuerzo<\/h2>\n<h3>\u0cb5\u0cbf\u0cb5\u0cb0\u0ca3\u0cc6<\/h3>\n<p>Este es un tour privado a las cascadas El Lim\u00f3n con paseos a caballo o senderismo. Visitando el bosque de cacao y caf\u00e9 bajo las plantas de cocos. Cuando llegue a las cascadas, podr\u00e1 nadar y establecer la hora con su gu\u00eda local. Despu\u00e9s disfrutar de un almuerzo t\u00edpico en la comunidad de El Lim\u00f3n.<\/p>\n<p>Aprenda con los locales y obtenga un viaje seguro. Obtenga sus entradas en oferta hoy.<\/p>\n<ul>\n<li>Incluye almuerzo<\/li>\n<li>A caballo o senderismo<\/li>\n<li>El gu\u00eda proporciona instrucciones y supervisi\u00f3n.<\/li>\n<li>Tarifas al Parque Nacional<\/li>\n<\/ul>\n<h3>\u0cb8\u0cc7\u0cb0\u0ccd\u0caa\u0ca1\u0cc6\u0c97\u0cb3\u0cc1 \u0cae\u0ca4\u0ccd\u0ca4\u0cc1 \u0cb9\u0cca\u0cb0\u0c97\u0cbf\u0ca1\u0cc1\u0cb5\u0cbf\u0c95\u0cc6\u0c97\u0cb3\u0cc1<\/h3>\n<h4>\u0cb8\u0cc7\u0cb0\u0ccd\u0caa\u0ca1\u0cc6\u0c97\u0cb3\u0cc1<\/h4>\n<ol>\n<li>Almuerzo Buffet en El Lim\u00f3n.<\/li>\n<li>Excursi\u00f3n a pie o a caballo<\/li>\n<li>\u0c8e\u0cb2\u0ccd\u0cb2\u0cbe \u0ca4\u0cc6\u0cb0\u0cbf\u0c97\u0cc6\u0c97\u0cb3\u0cc1, \u0cb6\u0cc1\u0cb2\u0ccd\u0c95\u0c97\u0cb3\u0cc1 \u0cae\u0ca4\u0ccd\u0ca4\u0cc1 \u0ca8\u0cbf\u0cb0\u0ccd\u0cb5\u0cb9\u0ca3\u0cc6 \u0cb6\u0cc1\u0cb2\u0ccd\u0c95\u0c97\u0cb3\u0cc1<\/li>\n<li>\u0cb8\u0ccd\u0ca5\u0cb3\u0cc0\u0caf \u0ca4\u0cc6\u0cb0\u0cbf\u0c97\u0cc6\u0c97\u0cb3\u0cc1<\/li>\n<li>\u0caa\u0cbe\u0ca8\u0cc0\u0caf\u0c97\u0cb3\u0cc1<\/li>\n<li>\u0c8e\u0cb2\u0ccd\u0cb2\u0cbe \u0c9a\u0c9f\u0cc1\u0cb5\u0c9f\u0cbf\u0c95\u0cc6\u0c97\u0cb3\u0cc1<\/li>\n<li>\u0cb8\u0ccd\u0ca5\u0cb3\u0cc0\u0caf \u0cae\u0cbe\u0cb0\u0ccd\u0c97\u0ca6\u0cb0\u0ccd\u0cb6\u0cbf<\/li>\n<\/ol>\n<h3>\u0cb9\u0cca\u0cb0\u0c97\u0cbf\u0ca1\u0cc1\u0cb5\u0cbf\u0c95\u0cc6\u0c97\u0cb3\u0cc1<\/h3>\n<ol>\n<li>\u0cb8\u0cb2\u0cb9\u0cc6\u0c97\u0cb3\u0cc1<\/li>\n<li>\u0cb8\u0cbe\u0cb0\u0cbf\u0c97\u0cc6<\/li>\n<li>\u0cae\u0cbe\u0ca6\u0c95 \u0caa\u0cbe\u0ca8\u0cbf\u0cd5\u0caf\u0c97\u0cb3\u0cc1<\/li>\n<li>Comida en la playa<\/li>\n<\/ol>\n<h3><em>\u0ca8\u0cbf\u0cb0\u0ccd\u0c97\u0cae\u0ca8 \u0cae\u0ca4\u0ccd\u0ca4\u0cc1 \u0cb9\u0cbf\u0c82\u0ca4\u0cbf\u0cb0\u0cc1\u0c97\u0cc1\u0cb5\u0cbf\u0c95\u0cc6<\/em><\/h3>\n<p>\u0cac\u0cc1\u0c95\u0ccd\u0c95\u0cbf\u0c82\u0c97\u0ccd \u0caa\u0ccd\u0cb0\u0c95\u0ccd\u0cb0\u0cbf\u0caf\u0cc6\u0caf \u0ca8\u0c82\u0ca4\u0cb0 \u0caa\u0ccd\u0cb0\u0caf\u0cbe\u0ca3\u0cbf\u0c95\u0cb0\u0cc1 \u0cae\u0cc0\u0c9f\u0cbf\u0c82\u0c97\u0ccd \u0caa\u0cbe\u0caf\u0cbf\u0c82\u0c9f\u0ccd \u0c85\u0ca8\u0ccd\u0ca8\u0cc1 \u0caa\u0ca1\u0cc6\u0caf\u0cc1\u0ca4\u0ccd\u0ca4\u0cbe\u0cb0\u0cc6. \u0caa\u0ccd\u0cb0\u0cb5\u0cbe\u0cb8\u0c97\u0cb3\u0cc1 \u0ca8\u0cae\u0ccd\u0cae \u0cb8\u0cad\u0cc6\u0caf \u0cb8\u0ccd\u0ca5\u0cb3\u0c97\u0cb3\u0cb2\u0ccd\u0cb2\u0cbf \u0caa\u0ccd\u0cb0\u0cbe\u0cb0\u0c82\u0cad\u0cb5\u0cbe\u0c97\u0cc1\u0ca4\u0ccd\u0ca4\u0cb5\u0cc6 \u0cae\u0ca4\u0ccd\u0ca4\u0cc1 \u0c95\u0cca\u0ca8\u0cc6\u0c97\u0cca\u0cb3\u0ccd\u0cb3\u0cc1\u0ca4\u0ccd\u0ca4\u0cb5\u0cc6.<\/p>\n<h3><em>\u0c8f\u0ca8\u0ca8\u0ccd\u0ca8\u0cc1 \u0ca8\u0cbf\u0cb0\u0cbf\u0cd5\u0c95\u0ccd\u0cb7\u0cbf\u0cb8\u0cac\u0cb9\u0cc1\u0ca6\u0cc1?<\/em><\/h3>\n<p>Obtenga sus boletos para visitar Las Cascacadas El Lim\u00f3n en Saman\u00e1 y un maravilloso almuerzo en el restaurante El Lim\u00f3n.<\/p>\n<p>El recorrido, organizado por \u00abBooking Adventures\u00bb, comienza en el punto de encuentro establecido con el gu\u00eda tur\u00edstico.<\/p>\n<p>Los mejores viajes privados a las cascadas de El Lim\u00f3n con un gu\u00eda tur\u00edstico local. Reserve un viaje a caballo por el bosque, rodeando el r\u00edo Lim\u00f3n, visitando plantaciones de cacao y caf\u00e9 bajo la sombra de coco.<\/p>\n<p>Primero, det\u00e9ngase en la peque\u00f1a cascada donde generalmente no hay mucha gente y puede nadar. Luego continuamos hacia la gran cascada donde nos quedaremos durante una hora o m\u00e1s si lo desea.<\/p>\n<p>Llevar los caballos de vuelta al restaurante donde disfrutaremos de un almuerzo t\u00edpico en la playa. Pescado frito con Tostones y Ensalada o puede obtener otras opciones en el men\u00fa con cargos adicionales.<\/p>\n<p>Almuerce en el restaurante de la comunidad de El Lim\u00f3n y podr\u00e1 quedarse todo el tiempo que quiera nadando. Si eres vegano, tambi\u00e9n podemos prepararte algo de comida.<\/p>\n<h3><em>\u0ca8\u0cc0\u0cb5\u0cc1 \u0c8f\u0ca8\u0cc1 \u0ca4\u0cb0\u0cac\u0cc7\u0c95\u0cc1?<\/em><\/h3>\n<ul>\n<li>\u0c95\u0ccd\u0caf\u0cbe\u0cae\u0cc6\u0cb0\u0cbe<\/li>\n<li>\u0ca8\u0cbf\u0cb5\u0cbe\u0cb0\u0c95\u0c97\u0cb3\u0cc1<\/li>\n<li>\u0cb8\u0ca8\u0ccd\u0cb8\u0ccd\u0c95\u0ccd\u0cb0\u0cc0\u0ca8\u0ccd<\/li>\n<li>\u0c9f\u0ccb\u0caa\u0cbf<\/li>\n<li>\u0c86\u0cb0\u0cbe\u0cae\u0ca6\u0cbe\u0caf\u0c95 \u0caa\u0ccd\u0caf\u0cbe\u0c82\u0c9f\u0ccd<\/li>\n<li>\u0c85\u0cb0\u0ca3\u0ccd\u0caf \u0caa\u0cbe\u0ca6\u0caf\u0cbe\u0ca4\u0ccd\u0cb0\u0cc6\u0caf \u0cac\u0cc2\u0c9f\u0cc1\u0c97\u0cb3\u0cc1<\/li>\n<li>\u0c88\u0c9c\u0cc1\u0ca1\u0cc1\u0c97\u0cc6<\/li>\n<\/ul>\n<h3><em>\u0cb9\u0ccb\u0c9f\u0cc6\u0cb2\u0ccd \u0caa\u0cbf\u0c95\u0caa\u0ccd<\/em><\/h3>\n<p>\u0c88 \u0caa\u0ccd\u0cb0\u0cb5\u0cbe\u0cb8\u0c95\u0ccd\u0c95\u0cbe\u0c97\u0cbf \u0cb9\u0ccb\u0c9f\u0cc6\u0cb2\u0ccd \u0caa\u0cbf\u0c95\u0caa\u0ccd \u0c85\u0ca8\u0ccd\u0ca8\u0cc1 \u0ca8\u0cc0\u0ca1\u0cb2\u0cbe\u0c97\u0cc1\u0cb5\u0cc1\u0ca6\u0cbf\u0cb2\u0ccd\u0cb2.<\/p>\n<p><strong>\u0cb8\u0cc2\u0c9a\u0ca8\u0cc6:<\/strong> \u0caa\u0ccd\u0cb0\u0cb5\u0cbe\u0cb8\/\u0cb5\u0cbf\u0cb9\u0cbe\u0cb0 \u0ca8\u0cbf\u0cb0\u0ccd\u0c97\u0cae\u0ca8 \u0cb8\u0cae\u0caf\u0ca6 24 \u0c97\u0c82\u0c9f\u0cc6\u0c97\u0cb3 \u0c92\u0cb3\u0c97\u0cc6 \u0ca8\u0cc0\u0cb5\u0cc1 \u0cac\u0cc1\u0c95\u0ccd \u0cae\u0cbe\u0ca1\u0cbf\u0ca6\u0cb0\u0cc6, \u0ca8\u0cbe\u0cb5\u0cc1 \u0cb9\u0cc6\u0c9a\u0ccd\u0c9a\u0cc1\u0cb5\u0cb0\u0cbf \u0cb6\u0cc1\u0cb2\u0ccd\u0c95\u0c97\u0cb3\u0cca\u0c82\u0ca6\u0cbf\u0c97\u0cc6 \u0cb9\u0ccb\u0c9f\u0cc6\u0cb2\u0ccd \u0caa\u0cbf\u0c95\u0caa\u0ccd \u0c85\u0ca8\u0ccd\u0ca8\u0cc1 \u0cb5\u0ccd\u0caf\u0cb5\u0cb8\u0ccd\u0ca5\u0cc6\u0c97\u0cca\u0cb3\u0cbf\u0cb8\u0cac\u0cb9\u0cc1\u0ca6\u0cc1. \u0ca8\u0cbf\u0cae\u0ccd\u0cae \u0c96\u0cb0\u0cc0\u0ca6\u0cbf \u0caa\u0cc2\u0cb0\u0ccd\u0ca3\u0c97\u0cca\u0c82\u0ca1 \u0ca8\u0c82\u0ca4\u0cb0, \u0caa\u0cbf\u0c95\u0caa\u0ccd \u0cb5\u0ccd\u0caf\u0cb5\u0cb8\u0ccd\u0ca5\u0cc6\u0c97\u0cb3\u0ca8\u0ccd\u0ca8\u0cc1 \u0cb5\u0ccd\u0caf\u0cb5\u0cb8\u0ccd\u0ca5\u0cc6\u0c97\u0cca\u0cb3\u0cbf\u0cb8\u0cb2\u0cc1 \u0ca8\u0cae\u0ccd\u0cae \u0cb8\u0ccd\u0ca5\u0cb3\u0cc0\u0caf \u0caa\u0ccd\u0cb0\u0cb5\u0cbe\u0cb8 \u0cae\u0cbe\u0cb0\u0ccd\u0c97\u0ca6\u0cb0\u0ccd\u0cb6\u0cbf\u0c97\u0cbe\u0c97\u0cbf \u0ca8\u0cbe\u0cb5\u0cc1 \u0ca8\u0cbf\u0cae\u0c97\u0cc6 \u0cb8\u0c82\u0caa\u0cc2\u0cb0\u0ccd\u0ca3 \u0cb8\u0c82\u0caa\u0cb0\u0ccd\u0c95 \u0cae\u0cbe\u0cb9\u0cbf\u0ca4\u0cbf\u0caf\u0ca8\u0ccd\u0ca8\u0cc1 (\u0cab\u0ccb\u0ca8\u0ccd \u0cb8\u0c82\u0c96\u0ccd\u0caf\u0cc6, \u0c87\u0cae\u0cc7\u0cb2\u0ccd \u0cb5\u0cbf\u0cb3\u0cbe\u0cb8, \u0c87\u0ca4\u0ccd\u0caf\u0cbe\u0ca6\u0cbf) \u0c95\u0cb3\u0cc1\u0cb9\u0cbf\u0cb8\u0cc1\u0ca4\u0ccd\u0ca4\u0cc7\u0cb5\u0cc6.<\/p>\n<h3><em>\u0cb9\u0cc6\u0c9a\u0ccd\u0c9a\u0cc1\u0cb5\u0cb0\u0cbf \u0cae\u0cbe\u0cb9\u0cbf\u0ca4\u0cbf\u0caf \u0ca6\u0cc3\u0ca2\u0cc0\u0c95\u0cb0\u0ca3<\/em><\/h3>\n<ul>\n<li>\u0c9f\u0cbf\u0c95\u0cc6\u0c9f\u0ccd\u200c\u0c97\u0cb3\u0cc1 \u0c88 \u0caa\u0ccd\u0cb0\u0cb5\u0cbe\u0cb8\u0c95\u0ccd\u0c95\u0cc6 \u0caa\u0cbe\u0cb5\u0ca4\u0cbf\u0cb8\u0cbf\u0ca6 \u0ca8\u0c82\u0ca4\u0cb0 \u0cb0\u0cb6\u0cc0\u0ca6\u0cbf\u0caf\u0cbe\u0c97\u0cbf\u0ca6\u0cc6. \u0ca8\u0cbf\u0cae\u0ccd\u0cae \u0cab\u0ccb\u0ca8\u0ccd\u200c\u0ca8\u0cb2\u0ccd\u0cb2\u0cbf \u0ca8\u0cc0\u0cb5\u0cc1 \u0caa\u0cbe\u0cb5\u0ca4\u0cbf\u0caf\u0ca8\u0ccd\u0ca8\u0cc1 \u0ca4\u0ccb\u0cb0\u0cbf\u0cb8\u0cac\u0cb9\u0cc1\u0ca6\u0cc1.<\/li>\n<li>\u0cae\u0cc0\u0c9f\u0cbf\u0c82\u0c97\u0ccd \u0caa\u0cbe\u0caf\u0cbf\u0c82\u0c9f\u0ccd \u0c85\u0ca8\u0ccd\u0ca8\u0cc1 \u0cae\u0cc0\u0cb8\u0cb2\u0cbe\u0ca4\u0cbf \u0caa\u0ccd\u0cb0\u0c95\u0ccd\u0cb0\u0cbf\u0caf\u0cc6\u0caf \u0ca8\u0c82\u0ca4\u0cb0 \u0cb8\u0ccd\u0cb5\u0cc0\u0c95\u0cb0\u0cbf\u0cb8\u0cb2\u0cbe\u0c97\u0cc1\u0ca4\u0ccd\u0ca4\u0ca6\u0cc6.<\/li>\n<li>\u0cae\u0c95\u0ccd\u0c95\u0cb3\u0cc1 \u0cb5\u0caf\u0cb8\u0ccd\u0c95\u0cb0\u0cca\u0c82\u0ca6\u0cbf\u0c97\u0cc6 \u0c87\u0cb0\u0cac\u0cc7\u0c95\u0cc1.<\/li>\n<li>\u0c97\u0cbe\u0cb2\u0cbf\u0c95\u0cc1\u0cb0\u0ccd\u0c9a\u0cbf\u0caf\u0ca8\u0ccd\u0ca8\u0cc1 \u0caa\u0ccd\u0cb0\u0cb5\u0cc7\u0cb6\u0cbf\u0cb8\u0cb2\u0cbe\u0c97\u0cc1\u0cb5\u0cc1\u0ca6\u0cbf\u0cb2\u0ccd\u0cb2<\/li>\n<li>Los infantes deben sentarse en un asiento para beb\u00e9s ocon un adulto<\/li>\n<li>\u0cac\u0cc6\u0ca8\u0ccd\u0ca8\u0cc1 \u0cb8\u0cae\u0cb8\u0ccd\u0caf\u0cc6 \u0c87\u0cb0\u0cc1\u0cb5 \u0caa\u0ccd\u0cb0\u0caf\u0cbe\u0ca3\u0cbf\u0c95\u0cb0\u0cbf\u0c97\u0cc6 \u0cb6\u0cbf\u0cab\u0cbe\u0cb0\u0cb8\u0cc1 \u0cae\u0cbe\u0ca1\u0cb2\u0cbe\u0c97\u0cbf\u0cb2\u0ccd\u0cb2.<\/li>\n<li>\u0c97\u0cb0\u0ccd\u0cad\u0cbf\u0ca3\u0cbf \u0cae\u0cb9\u0cbf\u0cb3\u0cc6\u0caf\u0cb0\u0cbf\u0c97\u0cc6 \u0cb6\u0cbf\u0cab\u0cbe\u0cb0\u0cb8\u0cc1 \u0cae\u0cbe\u0ca1\u0cc1\u0cb5\u0cc1\u0ca6\u0cbf\u0cb2\u0ccd\u0cb2.<\/li>\n<li>\u0caf\u0cbe\u0cb5\u0cc1\u0ca6\u0cc7 \u0cb9\u0cc3\u0ca6\u0caf \u0cb8\u0cae\u0cb8\u0ccd\u0caf\u0cc6\u0c97\u0cb3\u0cc1 \u0c85\u0ca5\u0cb5\u0cbe \u0c87\u0ca4\u0cb0 \u0c97\u0c82\u0cad\u0cc0\u0cb0 \u0cb5\u0cc8\u0ca6\u0ccd\u0caf\u0c95\u0cc0\u0caf \u0caa\u0cb0\u0cbf\u0cb8\u0ccd\u0ca5\u0cbf\u0ca4\u0cbf\u0c97\u0cb3\u0cc1.<\/li>\n<li>\u0cb9\u0cc6\u0c9a\u0ccd\u0c9a\u0cbf\u0ca8 \u0caa\u0ccd\u0cb0\u0caf\u0cbe\u0ca3\u0cbf\u0c95\u0cb0\u0cc1 \u0cad\u0cbe\u0c97\u0cb5\u0cb9\u0cbf\u0cb8\u0cac\u0cb9\u0cc1\u0ca6\u0cc1.<\/li>\n<\/ul>\n<h3><em>\u0cb0\u0ca6\u0ccd\u0ca6\u0ca4\u0cbf \u0ca8\u0cc0\u0ca4\u0cbf<\/em><\/h3>\n<p>\u0caa\u0cc2\u0cb0\u0ccd\u0ca3 \u0cae\u0cb0\u0cc1\u0caa\u0cbe\u0cb5\u0ca4\u0cbf\u0c97\u0cbe\u0c97\u0cbf, \u0c85\u0ca8\u0cc1\u0cad\u0cb5\u0ca6 \u0caa\u0ccd\u0cb0\u0cbe\u0cb0\u0c82\u0cad\u0ca6 \u0ca6\u0cbf\u0ca8\u0cbe\u0c82\u0c95\u0c95\u0ccd\u0c95\u0cbf\u0c82\u0ca4 \u0c95\u0ca8\u0cbf\u0cb7\u0ccd\u0ca0 24 \u0c97\u0c82\u0c9f\u0cc6\u0c97\u0cb3 \u0cae\u0cca\u0ca6\u0cb2\u0cc1 \u0cb0\u0ca6\u0ccd\u0ca6\u0cc1\u0c97\u0cca\u0cb3\u0cbf\u0cb8\u0cbf.<\/p>\n\n\t\t<\/div>\n\t<\/div>\n<\/div><\/div><\/div><\/div><div class=\"vc_row wpb_row vc_row-fluid\" ><div class=\"wpb_column vc_column_container vc_col-sm-12\"><div class=\"vc_column-inner\"><div class=\"wpb_wrapper\"><div class=\"vc_empty_space\"   style=\"height: 32px\"><span class=\"vc_empty_space_inner\"><\/span><\/div>\n\t<div class=\"wpb_text_column wpb_content_element\" >\n\t\t<div class=\"wpb_wrapper\">\n\t\t\t<h4>Cont\u00e1ctenos<\/h4>\n<h5>\u0cb8\u0cbe\u0cb9\u0cb8 \u0c95\u0cbe\u0caf\u0ccd\u0ca6\u0cbf\u0cb0\u0cbf\u0cb8\u0cc1\u0cb5\u0cbf\u0c95\u0cc6\u0c97\u0cb3\u0cc1<\/h5>\n<p><em><strong>\u0cb8\u0ccd\u0ca5\u0cb3\u0cc0\u0caf \u0cae\u0ca4\u0ccd\u0ca4\u0cc1 \u0cb0\u0cbe\u0cb7\u0ccd\u0c9f\u0ccd\u0cb0\u0cc0\u0caf \u0caa\u0ccd\u0cb0\u0cb5\u0cbe\u0cb8 \u0cae\u0cbe\u0cb0\u0ccd\u0c97\u0ca6\u0cb0\u0ccd\u0cb6\u0cbf\u0c97\u0cb3\u0cc1 \u0cae\u0ca4\u0ccd\u0ca4\u0cc1 \u0c85\u0ca4\u0cbf\u0ca5\u0cbf \u0cb8\u0cc7\u0cb5\u0cc6\u0c97\u0cb3\u0cc1<\/strong><\/em><\/p>\n<p>\u0c95\u0cbe\u0caf\u0ccd\u0ca6\u0cbf\u0cb0\u0cbf\u0cb8\u0cc1\u0cb5\u0cbf\u0c95\u0cc6\u0c97\u0cb3\u0cc1: \u0ca1\u0cca\u0cae\u0ccd \u0cb0\u0cc6\u0caa\u0ccd\u200c\u0ca8\u0cb2\u0ccd\u0cb2\u0cbf \u0caa\u0ccd\u0cb0\u0cb5\u0cbe\u0cb8\u0c97\u0cb3\u0cc1 \u0cae\u0ca4\u0ccd\u0ca4\u0cc1 \u0cb5\u0cbf\u0cb9\u0cbe\u0cb0\u0c97\u0cb3\u0cc1.<\/p>\n<p>\u0ca6\u0cc2\u0cb0\u0cb5\u0cbe\u0ca3\u0cbf\/Whatsapp +1-809-720-6035.<\/p>\n<p>info@bookingadventures.com.do<\/p>\n<p>Hacemos tours privados de configuraci\u00f3n flexible por Whatsapp: +18097206035.<\/p>\n\n\t\t<\/div>\n\t<\/div>\n<div class=\"vc_empty_space\"   style=\"height: 32px\"><span class=\"vc_empty_space_inner\"><\/span><\/div><\/div><\/div><\/div><\/div>","protected":false},"excerpt":{"rendered":"<p><strong>\u0ca6\u0caf\u0cb5\u0cbf\u0c9f\u0ccd\u0c9f\u0cc1 \u0caa\u0ccd\u0cb0\u0cb5\u0cbe\u0cb8\u0ca6 \u0ca6\u0cbf\u0ca8\u0cbe\u0c82\u0c95\u0cb5\u0ca8\u0ccd\u0ca8\u0cc1 \u0c86\u0caf\u0ccd\u0c95\u0cc6\u0cae\u0cbe\u0ca1\u0cbf:<\/strong><\/p>","protected":false},"featured_media":131,"template":"","meta":[],"product_brand":[],"product_cat":[120,96,97,135,136,122,443,123,124],"product_tag":[138,140,155,156,142,143],"class_list":{"0":"post-595","1":"product","2":"type-product","3":"status-publish","4":"has-post-thumbnail","6":"product_cat-fees-entrace","7":"product_cat-hiking","8":"product_cat-horse-riding-to-waterfalls","9":"product_cat-lunch","10":"product_cat-safari-samana","11":"product_cat-tours-and-excursions","12":"product_cat-tours-y-excursiones-es","13":"product_cat-tours-excursions-los-haitises-national-park","14":"product_cat-tours-excursions-samana-bay-dominican-republic","15":"product_tag-beach-time","16":"product_tag-el-limon-waterfalls","17":"product_tag-hiking-el-limon","18":"product_tag-horses-el-limon","19":"product_tag-samana","20":"product_tag-samana-tours","22":"first","23":"instock","24":"sale","25":"featured","26":"sold-individually","27":"shipping-taxable","28":"product-type-external"},"_links":{"self":[{"href":"https:\/\/visitaloshaitises.com\/kn\/wp-json\/wp\/v2\/product\/595","targetHints":{"allow":["GET"]}}],"collection":[{"href":"https:\/\/visitaloshaitises.com\/kn\/wp-json\/wp\/v2\/product"}],"about":[{"href":"https:\/\/visitaloshaitises.com\/kn\/wp-json\/wp\/v2\/types\/product"}],"wp:featuredmedia":[{"embeddable":true,"href":"https:\/\/visitaloshaitises.com\/kn\/wp-json\/wp\/v2\/media\/131"}],"wp:attachment":[{"href":"https:\/\/visitaloshaitises.com\/kn\/wp-json\/wp\/v2\/media?parent=595"}],"wp:term":[{"taxonomy":"product_brand","embeddable":true,"href":"https:\/\/visitaloshaitises.com\/kn\/wp-json\/wp\/v2\/product_brand?post=595"},{"taxonomy":"product_cat","embeddable":true,"href":"https:\/\/visitaloshaitises.com\/kn\/wp-json\/wp\/v2\/product_cat?post=595"},{"taxonomy":"product_tag","embeddable":true,"href":"https:\/\/visitaloshaitises.com\/kn\/wp-json\/wp\/v2\/product_tag?post=595"}],"curies":[{"name":"wp","href":"https:\/\/api.w.org\/{rel}","templated":true}]}}