{"id":10905,"date":"2020-07-17T11:45:11","date_gmt":"2020-07-17T11:45:11","guid":{"rendered":"https:\/\/haitises.com\/?post_type=product&#038;p=10905"},"modified":"2024-04-16T00:20:24","modified_gmt":"2024-04-16T00:20:24","slug":"excursion-cascada-el-limon-y-cayo-levantado-desde-el-area-de-punta-cana-punto-de-reunion-sabana-de-la-mar","status":"publish","type":"product","link":"https:\/\/visitaloshaitises.com\/ka\/private\/excursion-cascada-el-limon-y-cayo-levantado-desde-el-area-de-punta-cana-punto-de-reunion-sabana-de-la-mar\/","title":{"rendered":"Excursi\u00f3n cascada El Lim\u00f3n y Cayo Levantado desde el \u00e1rea de Punta Cana (Punto de reuni\u00f3n Sabana de la Mar)"},"content":{"rendered":"<div class=\"vc_row wpb_row vc_row-fluid\" ><div class=\"wpb_column vc_column_container vc_col-sm-12\"><div class=\"vc_column-inner\"><div class=\"wpb_wrapper\"><div class=\"mkdf-section-title-holder\" style=\"text-align: left\">\n\t<div class=\"mkdf-st-inner\">\n\t\t\t\t\t<h5 class=\"mkdf-st-subtitle\" >\n\t\t\t\t(Punto de encuentro Sabana de la Mar)\t\t\t<\/h5>\n\t\t\t\t\t\t\t<h3 class=\"mkdf-st-title\" >\n\t\t\t\tCascada El Lim\u00f3n y Cayo Levantado - Excursi\u00f3n desde el \u00e1rea de Punta Cana\t\t\t<\/h3>\n\t\t\t\t\t<\/div>\n<\/div><\/div><\/div><\/div><\/div><div class=\"vc_row wpb_row vc_row-fluid\" ><div class=\"wpb_column vc_column_container vc_col-sm-12\"><div class=\"vc_column-inner\"><div class=\"wpb_wrapper\">\n\t<div class=\"wpb_text_column wpb_content_element\" >\n\t\t<div class=\"wpb_wrapper\">\n\t\t\t<h3>\u10d0\u10e6\u10ec\u10d4\u10e0\u10d0<\/h3>\n<p>Si se encuentra en Punta Cana o B\u00e1varo, busca una excursi\u00f3n de un d\u00eda pagando menos de lo normal. Simplemente reserve este viaje a partir de la zona de Sabana de la Mar. Visitar la comunidad de Saman\u00e1 en Safari para llegar a la comunidad de El Lim\u00f3n, montar a caballo o caminar a las cataratas despu\u00e9s de cruzar la bah\u00eda de Saman\u00e1 y el tiempo de almuerzo en la isla de Bacardi. Este viaje comienza a las 9:00 a.m. y termina a las 4:30 p.m.<\/p>\n<p>Despu\u00e9s de esta experiencia, volver\u00e1s al puerto de Sabana de la Mar.<\/p>\n<ul>\n<li>Tasas incluidas<\/li>\n<li>Almuerzo en la playa incluido.<\/li>\n<li>El gu\u00eda proporciona instrucci\u00f3n y supervisi\u00f3n.<\/li>\n<\/ul>\n<h3>\u10e9\u10d0\u10e0\u10d7\u10d5\u10d4\u10d1\u10d8 \u10d3\u10d0 \u10d2\u10d0\u10db\u10dd\u10e0\u10d8\u10ea\u10ee\u10d5\u10d4\u10d1\u10d8<\/h3>\n<h4>\u10e9\u10d0\u10e0\u10d7\u10d5\u10d4\u10d1\u10d8<\/h4>\n<ul>\n<li>Bah\u00eda Saman\u00e1<\/li>\n<li>Isla Bacardi, playa y almuerzo<\/li>\n<li>Safari a El Lim\u00f3n<\/li>\n<li>Paseos a caballo o senderismo a las cascadas<\/li>\n<li>C\u00f3cteles Dominicanos<\/li>\n<li>\u10e7\u10d5\u10d4\u10da\u10d0 \u10d2\u10d0\u10d3\u10d0\u10e1\u10d0\u10ee\u10d0\u10d3\u10d4\u10d1\u10d8, \u10db\u10dd\u10e1\u10d0\u10d9\u10e0\u10d4\u10d1\u10da\u10d4\u10d1\u10d8 \u10d3\u10d0 \u10d2\u10d0\u10d3\u10d0\u10e1\u10d0\u10ee\u10d0\u10d3\u10d8<\/li>\n<li>\u10d0\u10d3\u10d2\u10d8\u10da\u10dd\u10d1\u10e0\u10d8\u10d5\u10d8 \u10d2\u10d0\u10d3\u10d0\u10e1\u10d0\u10ee\u10d0\u10d3\u10d4\u10d1\u10d8<\/li>\n<li>\u10e1\u10d0\u10e1\u10db\u10d4\u10da\u10d4\u10d1\u10d8<\/li>\n<li>\u10e7\u10d5\u10d4\u10da\u10d0 \u10d0\u10e5\u10e2\u10d8\u10d5\u10dd\u10d1\u10d0<\/li>\n<li>\u10d0\u10d3\u10d2\u10d8\u10da\u10dd\u10d1\u10e0\u10d8\u10d5\u10d8 \u10d2\u10d8\u10d3\u10d8<\/li>\n<\/ul>\n<h4>\u10d2\u10d0\u10db\u10dd\u10e0\u10d8\u10ea\u10ee\u10d5\u10d4\u10d1\u10d8<\/h4>\n<ul>\n<li>\u1ca0\u10e9\u10d4\u10d5\u10d4\u10d1\u10d8<\/li>\n<li>Traslado desde Punta Cana no incluido<\/li>\n<li>Bebidas alcoh\u00f3licas despu\u00e9s de c\u00f3cteles<\/li>\n<\/ul>\n<h3><em>\u10d2\u10d0\u10db\u10d2\u10d6\u10d0\u10d5\u10e0\u10d4\u10d1\u10d0 \u10d3\u10d0 \u10d3\u10d0\u10d1\u10e0\u10e3\u10dc\u10d4\u10d1\u10d0<\/em><\/h3>\n<p>\u10db\u10dd\u10d2\u10d6\u10d0\u10e3\u10e0\u10d8 \u10db\u10d8\u10d8\u10e6\u10d4\u10d1\u10e1 \u10e8\u10d4\u10ee\u10d5\u10d4\u10d3\u10e0\u10d8\u10e1 \u10de\u10e3\u10dc\u10e5\u10e2\u10e1 \u10d3\u10d0\u10ef\u10d0\u10d5\u10e8\u10dc\u10d8\u10e1 \u10de\u10e0\u10dd\u10ea\u10d4\u10e1\u10d8\u10e1 \u10e8\u10d4\u10db\u10d3\u10d4\u10d2. \u10e2\u10e3\u10e0\u10d4\u10d1\u10d8 \u10d8\u10ec\u10e7\u10d4\u10d1\u10d0 \u10d3\u10d0 \u10db\u10d7\u10d0\u10d5\u10e0\u10d3\u10d4\u10d1\u10d0 \u10e9\u10d5\u10d4\u10dc\u10d8 \u10e8\u10d4\u10ee\u10d5\u10d4\u10d3\u10e0\u10d8\u10e1 \u10ec\u10d4\u10e0\u10e2\u10d8\u10da\u10d4\u10d1\u10e8\u10d8.<\/p>\n<h3><em>\u1ca0\u10d0\u10e1 \u10e3\u10dc\u10d3\u10d0 \u10d5\u10d4\u10da\u10dd\u10d3\u10dd?<\/em><\/h3>\n<p>Obtenga sus boletos para visitar las cataratas en caballos o senderismo, Safari Saman\u00e1, nadar en los manantiales naturales desde el almuerzo de las cascadas en la isla de Bacardi m\u00e1s tiempo en la playa.<\/p>\n<p>Comenzando desde los puertos de Sabana de la Mar a bordo de un barco o catamar\u00e1n con un gu\u00eda tur\u00edstico local, pasamos la bah\u00eda de Saman\u00e1 a la comunidad de Saman\u00e1. Tomar un safari con un gu\u00eda tur\u00edstico local para hablar sobre la historia de Saman\u00e1 hasta llegar a la comunidad de El Lim\u00f3n. En la comunidad de El Lim\u00f3n comenzamos a caminar o montar a caballo por el bosque de cascadas de El Lim\u00f3n hasta las cascadas de El Lim\u00f3n. Donde cuando llegamos, \u00a1podemos nadar! Despu\u00e9s de regresar a Safari para ir al puerto de Saman\u00e1. Visite la isla de Bacardi para almorzar en la playa y nadar en una de las islas m\u00e1s bellas de la Rep\u00fablica Dominicana.<\/p>\n<p>En caso de que le guste este viaje m\u00e1s largo o m\u00e1s corto, tenemos estas opciones:<\/p>\n<ul>\n<li>Los Haitises + Cayo Levantado \u10e1\u10d0\u10db\u10d0\u10dc\u10d0\u10e1 \u10de\u10dd\u10e0\u10e2\u10d8\u10d3\u10d0\u10dc.<\/li>\n<li>Los Haitises + Cano Hondo desde el puerto de Saman\u00e1.<\/li>\n<\/ul>\n<h3><em>\u10e0\u10d0 \u10e3\u10dc\u10d3\u10d0 \u10db\u10dd\u10d8\u10e2\u10d0\u10dc\u10dd?<\/em><\/h3>\n<ul>\n<li>\u10d9\u10d0\u10db\u10d4\u10e0\u10d0<\/li>\n<li>\u10e0\u10d4\u10de\u10d4\u10da\u10d4\u10dc\u10e2\u10d4\u10d1\u10d8<\/li>\n<li>\u10db\u10d6\u10d8\u10e1\u10d2\u10d0\u10dc \u10d3\u10d0\u10db\u10ea\u10d0\u10d5\u10d8<\/li>\n<li>\u10e5\u10e3\u10d3\u10d8<\/li>\n<li>\u10d9\u10dd\u10db\u10e4\u10dd\u10e0\u10e2\u10e3\u10da\u10d8 \u10e8\u10d0\u10e0\u10d5\u10d0\u10da\u10d8<\/li>\n<li>\u10e2\u10e7\u10d8\u10e1 \u10e1\u10d0\u10da\u10d0\u10e8\u10e5\u10e0\u10dd \u10e4\u10d4\u10ee\u10e1\u10d0\u10ea\u10db\u10d4\u10da\u10d8<\/li>\n<li>\u10e1\u10d0\u10dc\u10d3\u10da\u10d4\u10d1\u10d8 \u10d2\u10d0\u10d6\u10d0\u10e4\u10ee\u10e3\u10da\u10d8\u10e1 \u10d0\u10d3\u10d2\u10d8\u10da\u10d4\u10d1\u10e8\u10d8.<\/li>\n<li>\u10e1\u10d0\u10ea\u10e3\u10e0\u10d0\u10dd \u10d9\u10dd\u10e1\u10e2\u10e3\u10db\u10d8<\/li>\n<\/ul>\n<h3><em>\u10e1\u10d0\u10e1\u10e2\u10e3\u10db\u10e0\u10dd\u10e1 \u10de\u10d8\u10d9\u10d0\u10de\u10d8<\/em><\/h3>\n<p>No se ofrece la recogida en el hotel para este tour. Pero si nos contacta, podemos hablar de ello.<\/p>\n<p><strong>Nota<\/strong>: Si realiza la reserva dentro de las 24 horas de la hora de salida del tour \/ excursi\u00f3n, podemos organizar la recogida en el hotel con cargos adicionales. Una vez que se complete su compra, le enviaremos informaci\u00f3n de contacto completa (n\u00famero de tel\u00e9fono, direcci\u00f3n de correo electr\u00f3nico, etc.) para que nuestro gu\u00eda tur\u00edstico local organice los arreglos de recogida.<\/p>\n<h3><em>\u10d3\u10d0\u10db\u10d0\u10e2\u10d4\u10d1\u10d8\u10d7\u10d8 \u10d8\u10dc\u10e4\u10dd\u10e0\u10db\u10d0\u10ea\u10d8\u10d8\u10e1 \u10d3\u10d0\u10d3\u10d0\u10e1\u10e2\u10e3\u10e0\u10d4\u10d1\u10d0<\/em><\/h3>\n<ol>\n<li>\u10d1\u10d8\u10da\u10d4\u10d7\u10d4\u10d1\u10d8 \u10d0\u10e0\u10d8\u10e1 \u10e5\u10d5\u10d8\u10d7\u10d0\u10e0\u10d8 \u10d0\u10db \u10e2\u10e3\u10e0\u10d8\u10e1 \u10d2\u10d0\u10d3\u10d0\u10ee\u10d3\u10d8\u10e1 \u10e8\u10d4\u10db\u10d3\u10d4\u10d2. \u10d7\u10e5\u10d5\u10d4\u10dc \u10e8\u10d4\u10d2\u10d8\u10eb\u10da\u10d8\u10d0\u10d7 \u10d0\u10e9\u10d5\u10d4\u10dc\u10dd\u10d7 \u10d2\u10d0\u10d3\u10d0\u10ee\u10d3\u10d0 \u10d7\u10e5\u10d5\u10d4\u10dc\u10e1 \u10e2\u10d4\u10da\u10d4\u10e4\u10dd\u10dc\u10d6\u10d4.<\/li>\n<li>\u10e8\u10d4\u10ee\u10d5\u10d4\u10d3\u10e0\u10d8\u10e1 \u10de\u10e3\u10dc\u10e5\u10e2\u10d8 \u10db\u10d8\u10d8\u10e6\u10d4\u10d1\u10d0 \u10d3\u10d0\u10ef\u10d0\u10d5\u10e8\u10dc\u10d8\u10e1 \u10de\u10e0\u10dd\u10ea\u10d4\u10e1\u10d8\u10e1 \u10e8\u10d4\u10db\u10d3\u10d4\u10d2.<\/li>\n<li>\u10d1\u10d0\u10d5\u10e8\u10d5\u10d4\u10d1\u10e1 \u10d7\u10d0\u10dc \u10e3\u10dc\u10d3\u10d0 \u10d0\u10ee\u10da\u10d3\u10d4\u10e1 \u10d6\u10e0\u10d3\u10d0\u10e1\u10e0\u10e3\u10da\u10d8.<\/li>\n<li>\u10d0\u10e0 \u10d0\u10e0\u10d8\u10e1 \u10ee\u10d4\u10da\u10db\u10d8\u10e1\u10d0\u10ec\u10d5\u10d3\u10dd\u10db\u10d8 \u10d8\u10dc\u10d5\u10d0\u10da\u10d8\u10d3\u10d8\u10e1 \u10d4\u10e2\u10da\u10d8\u10d7<\/li>\n<li>\u10e9\u10d5\u10d8\u10da\u10d8 \u10e3\u10dc\u10d3\u10d0 \u10d8\u10ef\u10d3\u10d4\u10e1 \u10d9\u10d0\u10da\u10d7\u10d0\u10d6\u10d4<\/li>\n<li>\u10d0\u10e0 \u10d0\u10e0\u10d8\u10e1 \u10e0\u10d4\u10d9\u10dd\u10db\u10d4\u10dc\u10d3\u10d4\u10d1\u10e3\u10da\u10d8 \u10d6\u10e3\u10e0\u10d2\u10d8\u10e1 \u10de\u10e0\u10dd\u10d1\u10da\u10d4\u10db\u10d4\u10d1\u10d8\u10e1 \u10db\u10e5\u10dd\u10dc\u10d4 \u10db\u10dd\u10d2\u10d6\u10d0\u10e3\u10e0\u10d4\u10d1\u10d8\u10e1\u10d7\u10d5\u10d8\u10e1.<\/li>\n<li>\u10d0\u10e0 \u10d0\u10e0\u10d8\u10e1 \u10e0\u10d4\u10d9\u10dd\u10db\u10d4\u10dc\u10d3\u10d4\u10d1\u10e3\u10da\u10d8 \u10dd\u10e0\u10e1\u10e3\u10da\u10d4\u10d1\u10d8\u10e1\u10d7\u10d5\u10d8\u10e1.<\/li>\n<li>Sin problemas card\u00edacos u otras afecciones m\u00e9dicas graves.<\/li>\n<li>\u10db\u10dd\u10d2\u10d6\u10d0\u10e3\u10e0\u10d7\u10d0 \u10e3\u10db\u10d4\u10e2\u10d4\u10e1\u10dd\u10d1\u10d0\u10e1 \u10e8\u10d4\u10e3\u10eb\u10da\u10d8\u10d0 \u10db\u10dd\u10dc\u10d0\u10ec\u10d8\u10da\u10d4\u10dd\u10d1\u10d0.<\/li>\n<\/ol>\n<h3><em>\u1c92\u10d0\u10e3\u10e5\u10db\u10d4\u10d1\u10d8\u10e1 \u10de\u10d8\u10e0\u10dd\u10d1\u10d4\u10d1\u10d8<\/em><\/h3>\n<p>\u10d7\u10d0\u10dc\u10ee\u10d8\u10e1 \u10e1\u10e0\u10e3\u10da\u10d8 \u10d3\u10d0\u10d1\u10e0\u10e3\u10dc\u10d4\u10d1\u10d8\u10e1\u10d7\u10d5\u10d8\u10e1 \u10d2\u10d0\u10d0\u10e3\u10e5\u10db\u10d4\u10d7 \u10d2\u10d0\u10db\u10dd\u10ea\u10d3\u10d8\u10da\u10d4\u10d1\u10d8\u10e1 \u10d3\u10d0\u10ec\u10e7\u10d4\u10d1\u10d8\u10e1 \u10d7\u10d0\u10e0\u10d8\u10e6\u10d0\u10db\u10d3\u10d4 \u10db\u10d8\u10dc\u10d8\u10db\u10e3\u10db 24 \u10e1\u10d0\u10d0\u10d7\u10d8\u10d7 \u10d0\u10d3\u10e0\u10d4.<\/p>\n\n\t\t<\/div>\n\t<\/div>\n<\/div><\/div><\/div><\/div><div class=\"vc_row wpb_row vc_row-fluid\" ><div class=\"wpb_column vc_column_container vc_col-sm-12\"><div class=\"vc_column-inner\"><div class=\"wpb_wrapper\"><div class=\"vc_empty_space\"   style=\"height: 32px\"><span class=\"vc_empty_space_inner\"><\/span><\/div>\n\t<div class=\"wpb_text_column wpb_content_element\" >\n\t\t<div class=\"wpb_wrapper\">\n\t\t\t<h4>\u00a1Cont\u00e1ctenos!<\/h4>\n<h5>Reserva de Aventuras<\/h5>\n<p><em>Gu\u00edas tur\u00edsticos Locales y nacionales y servicios para hu\u00e9spedes<\/em><\/p>\n<p>\u10d3\u10d0\u10ef\u10d0\u10d5\u10e8\u10dc\u10d0: \u10e2\u10e3\u10e0\u10d4\u10d1\u10d8 \u10d3\u10d0 \u10d4\u10e5\u10e1\u10d9\u10e3\u10e0\u10e1\u10d8\u10d4\u10d1\u10d8 \u10d3\u10dd\u10db.<\/p>\n<p>\u10e2\u10d4\u10da\/Whatsapp +1-809-720-6035.<\/p>\n<p>info@bookingadventures.com.do<\/p>\n<p>Somos flexibles Configurando tours privados por <strong>Whatsapp: <a href=\"tel:+18097206035\">+18097206035.<\/a><\/strong><\/p>\n\n\t\t<\/div>\n\t<\/div>\n<div class=\"vc_empty_space\"   style=\"height: 32px\"><span class=\"vc_empty_space_inner\"><\/span><\/div><\/div><\/div><\/div><\/div>","protected":false},"excerpt":{"rendered":"<p><strong>Por favor seleccione la fecha para el Tour:<\/strong><\/p>","protected":false},"featured_media":94,"template":"","meta":[],"product_brand":[],"product_cat":[96,97,135,136,122,443,123,124],"product_tag":[137,138,139,140,141,114,142,143],"class_list":{"0":"post-10905","1":"product","2":"type-product","3":"status-publish","4":"has-post-thumbnail","6":"product_cat-hiking","7":"product_cat-horse-riding-to-waterfalls","8":"product_cat-lunch","9":"product_cat-safari-samana","10":"product_cat-tours-and-excursions","11":"product_cat-tours-y-excursiones-es","12":"product_cat-tours-excursions-los-haitises-national-park","13":"product_cat-tours-excursions-samana-bay-dominican-republic","14":"product_tag-bacardi-island","15":"product_tag-beach-time","16":"product_tag-cayo-levantado","17":"product_tag-el-limon-waterfalls","18":"product_tag-punta-cana","19":"product_tag-sabana-de-la-mar","20":"product_tag-samana","21":"product_tag-samana-tours","23":"first","24":"instock","25":"sale","26":"sold-individually","27":"shipping-taxable","28":"product-type-external"},"_links":{"self":[{"href":"https:\/\/visitaloshaitises.com\/ka\/wp-json\/wp\/v2\/product\/10905","targetHints":{"allow":["GET"]}}],"collection":[{"href":"https:\/\/visitaloshaitises.com\/ka\/wp-json\/wp\/v2\/product"}],"about":[{"href":"https:\/\/visitaloshaitises.com\/ka\/wp-json\/wp\/v2\/types\/product"}],"wp:featuredmedia":[{"embeddable":true,"href":"https:\/\/visitaloshaitises.com\/ka\/wp-json\/wp\/v2\/media\/94"}],"wp:attachment":[{"href":"https:\/\/visitaloshaitises.com\/ka\/wp-json\/wp\/v2\/media?parent=10905"}],"wp:term":[{"taxonomy":"product_brand","embeddable":true,"href":"https:\/\/visitaloshaitises.com\/ka\/wp-json\/wp\/v2\/product_brand?post=10905"},{"taxonomy":"product_cat","embeddable":true,"href":"https:\/\/visitaloshaitises.com\/ka\/wp-json\/wp\/v2\/product_cat?post=10905"},{"taxonomy":"product_tag","embeddable":true,"href":"https:\/\/visitaloshaitises.com\/ka\/wp-json\/wp\/v2\/product_tag?post=10905"}],"curies":[{"name":"wp","href":"https:\/\/api.w.org\/{rel}","templated":true}]}}