{"id":607,"date":"2020-07-11T21:05:03","date_gmt":"2020-07-11T21:05:03","guid":{"rendered":"https:\/\/haitises.com\/?post_type=product&#038;p=607"},"modified":"2024-04-16T04:05:26","modified_gmt":"2024-04-16T04:05:26","slug":"excursion-samana-zipline-tirolesa-el-valle-con-almuerzo-en-la-playa","status":"publish","type":"product","link":"https:\/\/visitaloshaitises.com\/jv\/pribadi\/excursion-samana-zipline-tirolesa-el-valle-con-almuerzo-en-la-playa\/","title":{"rendered":"Saman\u00e1 Zipline (Zip Line) Ekskursi El Valle karo Nedha awan ing Pantai"},"content":{"rendered":"<div class=\"vc_row wpb_row vc_row-fluid\" ><div class=\"wpb_column vc_column_container vc_col-sm-12\"><div class=\"vc_column-inner\"><div class=\"wpb_wrapper\">[mkdf_section_title subtitle_tag=\u00bb\u00bb subtitle=\u00bb Aventura de Zip Line\u00bb]<\/div><\/div><\/div><\/div><div class=\"vc_row wpb_row vc_row-fluid\" ><div class=\"wpb_column vc_column_container vc_col-sm-12\"><div class=\"vc_column-inner\"><div class=\"wpb_wrapper\"><div class=\"vc_empty_space\"   style=\"height: 32px\"><span class=\"vc_empty_space_inner\"><\/span><\/div><\/div><\/div><\/div><\/div><div class=\"vc_row wpb_row vc_row-fluid\" ><div class=\"wpb_column vc_column_container vc_col-sm-12\"><div class=\"vc_column-inner\"><div class=\"wpb_wrapper\">\n\t<div class=\"wpb_text_column wpb_content_element\" >\n\t\t<div class=\"wpb_wrapper\">\n\t\t\t<h2>Zip Line (Zip Line) Saman\u00e1, El Valle karo nedha awan ing pantai<\/h2>\n<h3>Katrangan<\/h3>\n<p>Zip line ing Saman\u00e1, El Valle plus nedha awan ing pantai. Ayo karo kita lan ngunjungi salah siji saka garis zip paling dawa ing Karibia. 12 jalur, 13 stasiun lan luwih saka 7.400 kaki kabel. Siapke lan tindakake pandhuan sampeyan ing rolas platform zipline sing ngliwati garis nganti 1.000 kaki (304 meter) nalika nikmati pemandangan lanskap saka udara.<\/p>\n<p>Sawise pengalaman iki sampeyan bakal entuk wektu pantai plus nedha awan lokal ing pantai.<\/p>\n<ul>\n<li>Kalebu nedha awan prasmanan ing pantai.<\/li>\n<li>Zipline ing alas udan lan entuk pemandangan lanskap<\/li>\n<li>Pandhuan menehi instruksi lan pengawasan.<\/li>\n<\/ul>\n<h3>Inklusi lan pengecualian<\/h3>\n<h4>Inklusi<\/h4>\n<ol>\n<li>Buffet nedha awan ing pantai.<\/li>\n<li>Tur Zipline<\/li>\n<li>Hutan kopi lan coklat<\/li>\n<li>Kabeh pajak, ragad lan biaya<\/li>\n<li>Pajak lokal<\/li>\n<li>ombenan<\/li>\n<li>Kabeh kegiatan<\/li>\n<li>Pemandu lokal<\/li>\n<\/ol>\n<h3>Pengecualian<\/h3>\n<ol>\n<li>Tips<\/li>\n<li>Transfer<\/li>\n<li>Ombenan alkohol<\/li>\n<\/ol>\n<h3><em>Mangkat lan bali<\/em><\/h3>\n<p>Lelungan bakal entuk titik temu sawise proses pesenan. Tours diwiwiti lan rampung ing titik patemon kita.<\/p>\n<h3><em>Apa sing dikarepake?<\/em><\/h3>\n<p>Entuk karcis kanggo ngunjungi El Valle Zipline ing Saman\u00e1, plus nedha awan lan pantai sing apik ing pantai El Valle.<\/p>\n<p>Sawise entuk kabeh jinis peralatan sing dibutuhake kanggo safety (sabuk, helm, lan sapiturute), tumindak kasebut bakal diwiwiti, mlaku-mlaku liwat alas klapa lan kakao sing lembab ing Saman\u00e1.<\/p>\n<p>El recorrido, organizado por \u00abBooking Adventures\u00bb comienza en el punto de encuentro establecido con el gu\u00eda tur\u00edstico. Con una caba\u00f1a de la zona, donde reciben a los invitados con una degustaci\u00f3n de chocolate y caf\u00e9 org\u00e1nico y un trago de Mamajuana tambi\u00e9n. La emoci\u00f3n comienza en el momento en que los gu\u00edas de Zip-Line comienzan a colocar todo el equipo regulador en cada Zipliner y explican paso a paso qu\u00e9 hacer en la Zip Line. Se requerir\u00e1 el uso de cascos de seguridad con arn\u00e9s doble &#8230; la adrenalina comienza a surtir efecto, suda e incluso se arrepiente para ver la distancia del primer salto. Espere y participe en la \u00abl\u00ednea de seguridad\u00bb en el cable de acero, as\u00ed que es hora de liberar su cuerpo, experimentar la sensaci\u00f3n de volar, volar de plataforma en plataforma y disfrutar del aire con una vista privilegiada de las monta\u00f1as exuberantes, antiguas y tropicales. .<\/p>\n<p>Petualangan pesenan, Zip-Line el Valle digawe saka 12 platform sing disambungake dening telung kabel baja kanthi total 7.400 kaki kabel, ndhukung saben 13 ewu kilogram, ing ngendi para petualang geser wiwit saka bajak laut platform sing diilhami kapal pisanan lan jarak saka 1.000 kaki saka platform kapindho, ing dhuwur luwih saka 400 kaki. Pirouette, njerit kanthi bungah utawa mung ngganggu mata kanthi sudut 360 derajat, nemokake alas tropis sing paling subur sing tuwuh ing tengah gunung.<\/p>\n<p>Numpak kabel kanggo akeh stasiun lan mungkasi ing El Valle pantai. Pante iki minangka salah sawijining sing paling apik ing Saman\u00e1 lan biasane ora akeh wong sing ngunjungi wilayah kasebut.<\/p>\n<p>Nedha awan ing pantai lan sampeyan bisa tetep anggere sampeyan pengin nglangi. Iwak goreng lan Tostones ditawakake! Yen sampeyan vegan, kita uga bisa nyiyapake sawetara panganan kanggo sampeyan.<\/p>\n<h3><em>Apa sampeyan kudu nggawa?<\/em><\/h3>\n<ul>\n<li>kamera<\/li>\n<li>Repellents<\/li>\n<li>tabir surya<\/li>\n<li>Topi<\/li>\n<li>Celana sing nyaman<\/li>\n<li>Sepatu hiking alas<\/li>\n<li>Sandal menyang pantai<\/li>\n<li>Baju renang<\/li>\n<\/ul>\n<h3><em>Pickup hotel<\/em><\/h3>\n<p>Pickup hotel ora ditawakake kanggo tur iki.<\/p>\n<p><strong>Cathetan:<\/strong> Yen sampeyan Book ing 24 jam saka demo \/ excursion wektu departure, kita bisa ngatur hotel pickup karo biaya tambahan. Sawise tuku rampung, kita bakal ngirim informasi kontak lengkap (nomer telpon, alamat email, etc.) kanggo guide wisata lokal kanggo ngatur noto pickup.<\/p>\n<h3><em>Konfirmasi informasi tambahan<\/em><\/h3>\n<ul>\n<li>Tiket kasebut minangka Resi sawise mbayar Tour iki. Sampeyan bisa nuduhake pembayaran ing telpon.<\/li>\n<li>Titik patemon bakal ditampa sawise proses reservasi.<\/li>\n<li>Anak kudu diiringi wong diwasa.<\/li>\n<li>Peserta kudu bobote paling sethithik 45 kilogram.<\/li>\n<li>Ora ana bobot maksimal, nanging sabuk kudu pas karo awak. (ukuran pinggang maks. 54)<\/li>\n<li>Sampeyan bisa Zip pindho, karo anak utawa karo wong khusus.<\/li>\n<\/ul>\n<p><strong>Cathetan:<\/strong> Ana 100 meter mlaku munggah gunung kerikil tajem kanggo tekan platform pisanan.<\/p>\n<ul>\n<li>Ora bisa diakses kursi rodha<\/li>\n<li>Bayi kudu lungguh karo wong diwasa<\/li>\n<li>Ora dianjurake kanggo lelungan karo masalah bali.<\/li>\n<li>Ora dianjurake kanggo wanita ngandhut.<\/li>\n<li>Ora ana masalah jantung utawa kondisi medis serius liyane.<\/li>\n<li>Paling lelungan bisa melu.<\/li>\n<\/ul>\n<h3><em>Kabijakan pembatalan<\/em><\/h3>\n<p>Kanggo mbalekaken lengkap, mbatalake paling 24 jam sadurunge tanggal miwiti kegiatan.<\/p>\n\n\t\t<\/div>\n\t<\/div>\n<\/div><\/div><\/div><\/div><div class=\"vc_row wpb_row vc_row-fluid\" ><div class=\"wpb_column vc_column_container vc_col-sm-12\"><div class=\"vc_column-inner\"><div class=\"wpb_wrapper\">\n\t<div class=\"wpb_text_column wpb_content_element\" >\n\t\t<div class=\"wpb_wrapper\">\n\t\t\t<h4>Hubungi Kita!<\/h4>\n<h5>ngulandara cadangan<\/h5>\n<p><em>Pemandu wisata <strong>lokal<\/strong> lan <strong>nasional<\/strong> lan layanan tamu<\/em><\/p>\n<p>Reservasi: Wisata lan Wisata ing Dom Rep.<\/p>\n<p>Telp\/Whatsapp +1-809-720-6035.<\/p>\n<p>info@bookingadventures.com.do<\/p>\n<p>Kita nindakake tur pribadi kanthi konfigurasi fleksibel dening Whatsapp:<strong>\u00a0<a href=\"tel:+18097206035\">+18097206035.<\/a><\/strong><\/p>\n\n\t\t<\/div>\n\t<\/div>\n<div class=\"vc_empty_space\"   style=\"height: 32px\"><span class=\"vc_empty_space_inner\"><\/span><\/div><\/div><\/div><\/div><\/div>","protected":false},"excerpt":{"rendered":"<p>Zip line ing Saman\u00e1, El Valle plus nedha awan ing pantai. Ayo karo kita lan ngunjungi salah siji saka garis zip paling dawa ing Karibia, 12 garis, 13 stasiun lan luwih saka 7.400 meter kabel!<\/p>\n<p>Sawise pengalaman iki sampeyan bakal entuk wektu pantai plus nedha awan lokal ing pantai.<\/p>\n<p><em><strong>Mangga pilih tanggal kanggo Tur:<\/strong><\/em><\/p>","protected":false},"featured_media":132,"template":"","meta":[],"product_brand":[],"product_cat":[96,135,122,443,123,124],"product_tag":[138,157,158,142,147,148,143,159,160,161],"class_list":{"0":"post-607","1":"product","2":"type-product","3":"status-publish","4":"has-post-thumbnail","6":"product_cat-hiking","7":"product_cat-lunch","8":"product_cat-tours-and-excursions","9":"product_cat-tours-y-excursiones-es","10":"product_cat-tours-excursions-los-haitises-national-park","11":"product_cat-tours-excursions-samana-bay-dominican-republic","12":"product_tag-beach-time","13":"product_tag-el-valle-beach","14":"product_tag-playa-el-valle","15":"product_tag-samana","16":"product_tag-samana-bay","17":"product_tag-samana-excursions","18":"product_tag-samana-tours","19":"product_tag-tours-dominican-republic","20":"product_tag-zip-line","21":"product_tag-zip-line-samana","23":"first","24":"instock","25":"sale","26":"sold-individually","27":"shipping-taxable","28":"product-type-external"},"_links":{"self":[{"href":"https:\/\/visitaloshaitises.com\/jv\/wp-json\/wp\/v2\/product\/607","targetHints":{"allow":["GET"]}}],"collection":[{"href":"https:\/\/visitaloshaitises.com\/jv\/wp-json\/wp\/v2\/product"}],"about":[{"href":"https:\/\/visitaloshaitises.com\/jv\/wp-json\/wp\/v2\/types\/product"}],"wp:featuredmedia":[{"embeddable":true,"href":"https:\/\/visitaloshaitises.com\/jv\/wp-json\/wp\/v2\/media\/132"}],"wp:attachment":[{"href":"https:\/\/visitaloshaitises.com\/jv\/wp-json\/wp\/v2\/media?parent=607"}],"wp:term":[{"taxonomy":"product_brand","embeddable":true,"href":"https:\/\/visitaloshaitises.com\/jv\/wp-json\/wp\/v2\/product_brand?post=607"},{"taxonomy":"product_cat","embeddable":true,"href":"https:\/\/visitaloshaitises.com\/jv\/wp-json\/wp\/v2\/product_cat?post=607"},{"taxonomy":"product_tag","embeddable":true,"href":"https:\/\/visitaloshaitises.com\/jv\/wp-json\/wp\/v2\/product_tag?post=607"}],"curies":[{"name":"wp","href":"https:\/\/api.w.org\/{rel}","templated":true}]}}