{"id":551,"date":"2020-06-19T20:10:32","date_gmt":"2020-06-19T20:10:32","guid":{"rendered":"https:\/\/haitises.com\/?post_type=product&#038;p=551"},"modified":"2023-10-14T21:50:12","modified_gmt":"2023-10-14T21:50:12","slug":"excursion-al-los-haitises-y-cano-hondo-desde-samana","status":"publish","type":"product","link":"https:\/\/visitaloshaitises.com\/ja\/private\/excursion-al-los-haitises-y-cano-hondo-desde-samana\/","title":{"rendered":"\u30b5\u30de\u30ca\u767a\u30ed\u30b9\u30fb\u30a2\u30a4\u30c6\u30a3\u30bb\u30b9\u3068\u30ab\u30cb\u30e7\u30fb\u30db\u30f3\u30c9\u3078\u306e\u5c0f\u65c5\u884c"},"content":{"rendered":"<div class=\"vc_row wpb_row vc_row-fluid\" ><div class=\"wpb_column vc_column_container vc_col-sm-12\"><div class=\"vc_column-inner\"><div class=\"wpb_wrapper\"><div class=\"mkdf-section-title-holder\" style=\"text-align: left\">\n\t<div class=\"mkdf-st-inner\">\n\t\t\t\t\t<h5 class=\"mkdf-st-subtitle\" >\n\t\t\t\t\u30e9\u30f3\u30c1\u3068\u5929\u7136\u30d7\u30fc\u30eb\u3067\u306e\u30b9\u30a4\u30df\u30f3\u30b0\t\t\t<\/h5>\n\t\t\t\t\t\t\t<\/div>\n<\/div><\/div><\/div><\/div><\/div><div class=\"vc_row wpb_row vc_row-fluid\" ><div class=\"wpb_column vc_column_container vc_col-sm-12\"><div class=\"vc_column-inner\"><div class=\"wpb_wrapper\">\n\t<div class=\"wpb_text_column wpb_content_element\" >\n\t\t<div class=\"wpb_wrapper\">\n\t\t\t<h2>\u30ed\u30b9 \u30cf\u30a4\u30c6\u30a3\u30bb\u30b9\u56fd\u7acb\u516c\u5712 + \u30b5\u30de\u30ca\u6e2f\u304b\u3089\u30ab\u30ce \u30db\u30f3\u30c9\u3067\u663c\u98df\u3002<\/h2>\n<h3><em>\u8aac\u660e<\/em><\/h3>\n<p>\u30b5\u30de\u30ca\u6e2f\u304b\u3089\u51fa\u767a\u3059\u308b\u30ed\u30b9 \u30cf\u30a4\u30c6\u30a3\u30bb\u30b9\u56fd\u7acb\u516c\u5712\u306b\u52a0\u3048\u3001\u30ab\u30fc\u30cb\u30e7 \u30db\u30f3\u30c9 \u30a8\u30b3\u30ed\u30c3\u30b8\u3067\u306e\u7d20\u6674\u3089\u3057\u3044\u30e9\u30f3\u30c1\u3068\u5929\u7136\u6e29\u6cc9\u3067\u306e\u6c34\u6cf3\u3092\u304a\u697d\u3057\u307f\u304f\u3060\u3055\u3044\u3002\u30c9\u30df\u30cb\u30ab\u5171\u548c\u56fd\u3067\u6700\u3082\u7f8e\u3057\u3044\u56fd\u7acb\u516c\u5712\u3092\u8a2a\u308c\u3001\u30de\u30f3\u30b0\u30ed\u30fc\u30d6\u3001\u6d1e\u7a9f\u3001\u30b5\u30f3 \u30ed\u30ec\u30f3\u30bd\u6e7e\u3092\u8a2a\u308c\u3001\u7f8e\u3057\u3044\u30b5\u30de\u30ca\u6e7e\u3092\u6e21\u308a\u307e\u3057\u3087\u3046\u3002\u30ab\u30cb\u30e7 \u30db\u30f3\u30c9\u3067\u663c\u98df\u3092\u3068\u3063\u305f\u5f8c\u306f\u3001\u5929\u7136\u306e\u30d7\u30fc\u30eb\u3067\u6570\u6642\u9593\u6cf3\u304e\u3001\u30b5\u30de\u30ca\u6e2f\u306b\u623b\u308a\u307e\u3059\u3002<\/p>\n<p>\u3053\u306e\u4f53\u9a13\u306e\u5f8c\u3001\u30b5\u30de\u30ca\u6e2f\u306b\u623b\u308a\u307e\u3059\u3002<\/p>\n<ul>\n<li>\u7a0e\u8fbc\u307f<\/li>\n<li>\u30ac\u30a4\u30c9\u306f\u6307\u5c0e\u3068\u76e3\u7763\u3092\u884c\u3044\u307e\u3059\u3002<\/li>\n<\/ul>\n<h3>\u5305\u542b\u3068\u9664\u5916<\/h3>\n<h4>\u5185\u5305\u7269<\/h4>\n<ol>\n<li>\u30ed\u30b9 \u30a2\u30a4\u30c6\u30a3\u30bb\u30b9 \u30c4\u30a2\u30fc + \u6d1e\u7a9f\u3068\u7d75\u6587\u5b57<\/li>\n<li>\u30ab\u30cb\u30e7\u30fb\u30db\u30f3\u30c9\u3067\u306e\u30e9\u30f3\u30c1<\/li>\n<li>\u5929\u7136\u30d7\u30fc\u30eb\u3067\u6cf3\u3050<\/li>\n<li>\u3059\u3079\u3066\u306e\u7a0e\u91d1\u3001\u624b\u6570\u6599\u3001\u624b\u6570\u6599\u3002<\/li>\n<li>\u5730\u65b9\u7a0e<\/li>\n<li>\u30c9\u30ea\u30f3\u30af<\/li>\n<li>\u3059\u3079\u3066\u306e\u6d3b\u52d5<\/li>\n<li>\u5730\u5143\u30ac\u30a4\u30c9<\/li>\n<\/ol>\n<h4>\u9664\u5916\u4e8b\u9805<\/h4>\n<ol>\n<li>\u30c1\u30c3\u30d7<\/li>\n<li>\u79fb\u884c<\/li>\n<li>\u30a2\u30eb\u30b3\u30fc\u30eb\u98f2\u6599<\/li>\n<\/ol>\n<h3><em>\u51fa\u767a\u3068\u5e30\u56fd<\/em><\/h3>\n<p>\u65c5\u884c\u8005\u306f\u4e88\u7d04\u624b\u7d9a\u304d\u5f8c\u306b\u96c6\u5408\u5834\u6240\u3092\u53d6\u5f97\u3057\u307e\u3059\u3002\u30c4\u30a2\u30fc\u306f\u96c6\u5408\u5834\u6240\u3067\u59cb\u307e\u308a\u3001\u96c6\u5408\u5834\u6240\u3067\u7d42\u4e86\u3057\u307e\u3059\u3002<\/p>\n<h3><em>\u4f55\u3092\u671f\u5f85\u3057\u307e\u3059\uff1f<\/em><\/h3>\n<p>\u30c1\u30b1\u30c3\u30c8\u3092\u8cfc\u5165\u3057\u3066\u30ed\u30b9 \u30a2\u30a4\u30c6\u30a3\u30bb\u30b9\u56fd\u7acb\u516c\u5712\u3092\u8a2a\u308c\u3001\u30ab\u30cb\u30e7 \u30db\u30f3\u30c9\u3067\u306e\u7d20\u6674\u3089\u3057\u3044\u30e9\u30f3\u30c1\u3068\u5929\u7136\u30d7\u30fc\u30eb\u3067\u306e\u30b9\u30a4\u30df\u30f3\u30b0\u3092\u304a\u697d\u3057\u307f\u304f\u3060\u3055\u3044\u3002<\/p>\n<p>\u5730\u5143\u306e\u30c4\u30a2\u30fc\u30ac\u30a4\u30c9\u3068\u4e00\u7dd2\u306b\u30dc\u30fc\u30c8\u307e\u305f\u306f\u30ab\u30bf\u30de\u30e9\u30f3\u306b\u4e57\u3063\u3066\u30b5\u30de\u30ca\u6e2f\u304b\u3089\u51fa\u767a\u3057\u3001\u30b5\u30d0\u30ca \u30c7 \u30e9 \u30de\u30fc\u30eb\u306e\u96a3\u306b\u3042\u308b\u30b5\u30de\u30ca\u6e7e\u3092\u901a\u904e\u3057\u3001\u30c9\u30df\u30cb\u30ab\u5171\u548c\u56fd\u3067\u6700\u3082\u7f8e\u3057\u3044\u56fd\u7acb\u516c\u5712\u306e 1 \u3064\u3092\u8a2a\u308c\u307e\u3059\u3002<\/p>\n<h5>\u30ed\u30b9 \u30cf\u30a4\u30c6\u30a3\u30bb\u30b9\u56fd\u7acb\u516c\u5712\u3002<\/h5>\n<p>\u9ce5\u305f\u3061\u3068\u4e00\u7dd2\u306b\u5cf6\u3092\u8a2a\u308c\u307e\u3059\u3002\u55b6\u5de3\u671f\u306b\u306f\u30da\u30ea\u30ab\u30f3\u306e\u96db\u304c\u5de3\u306b\u3044\u308b\u59ff\u3082\u898b\u3089\u308c\u307e\u3059\u3002\u5ca9\u3060\u3089\u3051\u306e\u5cf6\u3005\u306e\u5965\u6df1\u304f\u306b\u9032\u307f\u3001\u5148\u4f4f\u6c11\u306e\u7d75\u6587\u5b57\u3084\u5ca9\u9762\u5f6b\u523b\u306e\u3042\u308b\u6d1e\u7a9f\u3092\u8a2a\u308c\u3066\u304f\u3060\u3055\u3044\u3002<\/p>\n<p>El recorrido, organizado por \u00abBooking Adventures\u00bb, comienza en el punto de encuentro establecido con el gu\u00eda tur\u00edstico. Ven con Booking Adventures y comienza a observar algunos manglares llenos de aves, colinas onduladas de exuberante vegetaci\u00f3n y cuevas del Parque Nacional Los Haitises.<\/p>\n<p>El nombre del parque nacional proviene de sus habitantes originales, los indios ta\u00ednos. En su idioma, \u00abHaitises\u00bb se traduce a tierras altas o colinas, una referencia a las empinadas formaciones geol\u00f3gicas de la costa con calizas. Avent\u00farate en el parque para explorar cuevas como la Cueva de la Arena y la Cueva de la L\u00ednea.<\/p>\n<p>\u4fdd\u8b77\u533a\u5185\u306e\u6d1e\u7a9f\u306f\u3001\u30bf\u30a4\u30ce\u65cf\u306e\u30a4\u30f3\u30c7\u30a3\u30a2\u30f3\u304c\u907f\u96e3\u6240\u3068\u3057\u3066\u4f7f\u7528\u3057\u3001\u305d\u306e\u5f8c\u3001\u96a0\u308c\u305f\u6d77\u8cca\u304c\u907f\u96e3\u6240\u3068\u3057\u3066\u4f7f\u7528\u3057\u307e\u3057\u305f\u3002\u58c1\u306e\u4e00\u90e8\u306b\u98fe\u3089\u308c\u3066\u3044\u308b\u30a4\u30f3\u30c7\u30a3\u30a2\u30f3\u306e\u7d75\u3092\u63a2\u3057\u3066\u304f\u3060\u3055\u3044\u3002<\/p>\n<p>\u30ed\u30b9\u30fb\u30a2\u30a4\u30c6\u30a3\u30bb\u30b9\u56fd\u7acb\u516c\u5712\u3092\u8a2a\u308c\u305f\u5f8c\u3001\u30ab\u30ce\u30fb\u30db\u30f3\u30c9\u3078\u5411\u304b\u3044\u307e\u3059\u3002\u30ab\u30ce \u30db\u30f3\u30c9\u3067\u306f\u3001\u3053\u306e\u751f\u614b\u5b66\u7684\u6b74\u53f2\u306b\u3064\u3044\u3066\u5b66\u3073\u3001\u30b5\u30d0\u30ca \u30c7 \u30e9 \u30de\u30fc\u30eb \u30b3\u30df\u30e5\u30cb\u30c6\u30a3\u306e\u5178\u578b\u7684\u306a\u6599\u7406\u3067\u30e9\u30f3\u30c1\u30bf\u30a4\u30e0\u3092\u904e\u3054\u3057\u307e\u3059\u3002<\/p>\n<p>\u30e9\u30f3\u30c1\u306f\u7f8e\u5473\u3057\u3044\u3067\u3057\u3087\u3046\u304c\u3001\u307e\u3060\u7d42\u308f\u3063\u3066\u3044\u307e\u305b\u3093\u3002\u663c\u98df\u5f8c\u306f\u3001\u30ab\u30cb\u30e7 \u30db\u30f3\u30c9\u5ddd\u306b\u3064\u306a\u304c\u308b\u30d2\u30d0\u30ec\u30b9\u5ddd\u304b\u3089\u5929\u7136\u306e\u30d7\u30fc\u30eb\u3067\u6cf3\u304e\u307e\u3059\u3002\u5348\u5f8c 4 \u6642\u307e\u3067\u30ab\u30fc\u30cb\u30e7 \u30db\u30f3\u30c9\u306b\u6ede\u5728\u3057\u3001\u30b5\u30de\u30ca\u6e2f\u306b\u623b\u308a\u3001\u518d\u3073\u30de\u30f3\u30b0\u30ed\u30fc\u30d6\u6797\u3092\u629c\u3051\u3001\u30b5\u30f3 \u30ed\u30ec\u30f3\u30bd\u306e\u958b\u3051\u305f\u6e7e\u306b\u5230\u7740\u3057\u307e\u3059\u3002\u305d\u3053\u304b\u3089\u306f\u3001\u967a\u3057\u3044\u68ee\u6797\u306e\u98a8\u666f\u3092\u5199\u771f\u306b\u64ae\u308b\u3053\u3068\u304c\u3067\u304d\u307e\u3059\u3002\u6c34\u306e\u4e2d\u3092\u8997\u3044\u3066\u307f\u308b\u3068\u3001\u30de\u30ca\u30c6\u30a3\u30fc\u3001\u7532\u6bbb\u985e\u3001\u30a4\u30eb\u30ab\u304c\u898b\u3048\u307e\u3059\u3002<\/p>\n<p>\u305d\u308c\u307e\u3067\u306f\u30c4\u30a2\u30fc\u30ac\u30a4\u30c9\u3068\u76f8\u8ac7\u3057\u3001\u305d\u306e\u5f8c\u30ab\u30ce\u30fb\u30db\u30f3\u30c9\u6e2f\u306b\u884c\u304d\u3001\u30dc\u30fc\u30c8\u3067\u30b5\u30de\u30ca\u6e7e\u3092\u901a\u904e\u3057\u3066\u30b5\u30de\u30ca\u6e2f\u306b\u623b\u308a\u307e\u3059\u300230\u5206\u304b\u304b\u308a\u307e\u3059\u3002<\/p>\n<p>\u3053\u306e\u65c5\u884c\u3092\u3055\u3089\u306b\u6c17\u306b\u5165\u3063\u3066\u3044\u305f\u3060\u3051\u308b\u3088\u3046\u3001\u6b21\u306e\u30aa\u30d7\u30b7\u30e7\u30f3\u3092\u3054\u7528\u610f\u3057\u3066\u3044\u307e\u3059\u3002<\/p>\n<p>\u30b5\u30de\u30ca\u6e2f\u304b\u3089\u306e\u30ed\u30b9\u30fb\u30cf\u30a4\u30c6\u30a3\u30bb\u30b9 + \u30ab\u30e8\u30fb\u30ec\u30d0\u30f3\u30bf\u30c9\u3002<\/p>\n<h3><em>\u4f55\u3092\u6301\u3063\u3066\u884c\u3051\u3070\u3044\u3044\u3067\u3059\u304b\uff1f<\/em><\/h3>\n<ul>\n<li>\u30ab\u30e1\u30e9<\/li>\n<li>\u5fcc\u907f\u5264<\/li>\n<li>\u65e5\u713c\u3051\u6b62\u3081<\/li>\n<li>\u5e3d\u5b50<\/li>\n<li>\u5feb\u9069\u306a\u30d1\u30f3\u30c4<\/li>\n<li>\u68ee\u6797\u30cf\u30a4\u30ad\u30f3\u30b0\u30b7\u30e5\u30fc\u30ba<\/li>\n<li>\u6625\u306e\u30a8\u30ea\u30a2\u306b\u306f\u30b5\u30f3\u30c0\u30eb\u3067\u3002<\/li>\n<li>\u6c34\u7740<\/li>\n<\/ul>\n<h3><em>\u30db\u30c6\u30eb\u3078\u306e\u304a\u8fce\u3048<\/em><\/h3>\n<p>\u3053\u306e\u30c4\u30a2\u30fc\u3067\u306f\u30db\u30c6\u30eb\u3078\u306e\u304a\u8fce\u3048\u306f\u63d0\u4f9b\u3055\u308c\u307e\u305b\u3093\u3002<\/p>\n<p><strong>\u6ce8\u8a18\uff1a<\/strong> \u30c4\u30a2\u30fc\/\u5c0f\u65c5\u884c\u306e\u51fa\u767a\u6642\u523b\u306e 24 \u6642\u9593\u4ee5\u5185\u306b\u3054\u4e88\u7d04\u3044\u305f\u3060\u3044\u305f\u5834\u5408\u306f\u3001\u8ffd\u52a0\u6599\u91d1\u3067\u30db\u30c6\u30eb\u3078\u306e\u304a\u8fce\u3048\u3092\u624b\u914d\u3067\u304d\u307e\u3059\u3002\u3054\u8cfc\u5165\u304c\u5b8c\u4e86\u3059\u308b\u3068\u3001\u304a\u8fce\u3048\u306e\u624b\u914d\u3092\u3059\u308b\u305f\u3081\u306e\u73fe\u5730\u30c4\u30a2\u30fc \u30ac\u30a4\u30c9\u306e\u5b8c\u5168\u306a\u9023\u7d61\u5148\u60c5\u5831 (\u96fb\u8a71\u756a\u53f7\u3001\u96fb\u5b50\u30e1\u30fc\u30eb \u30a2\u30c9\u30ec\u30b9\u306a\u3069) \u3092\u304a\u9001\u308a\u3057\u307e\u3059\u3002<\/p>\n<h3>\u8ffd\u52a0\u60c5\u5831\u306e\u78ba\u8a8d<\/h3>\n<ol>\n<li>\u30c1\u30b1\u30c3\u30c8\u306f\u30c4\u30a2\u30fc\u4ee3\u91d1\u3092\u652f\u6255\u3063\u305f\u5f8c\u306e\u9818\u53ce\u66f8\u3068\u306a\u308a\u307e\u3059\u3002\u643a\u5e2f\u96fb\u8a71\u3067\u652f\u6255\u3044\u3092\u8868\u793a\u3067\u304d\u307e\u3059\u3002<\/li>\n<li>\u4e88\u7d04\u624b\u7d9a\u304d\u5f8c\u306b\u96c6\u5408\u5834\u6240\u3092\u53d7\u3051\u53d6\u308a\u307e\u3059\u3002<\/li>\n<li>\u304a\u5b50\u69d8\u306b\u306f\u5927\u4eba\u306e\u540c\u4f34\u304c\u5fc5\u8981\u3067\u3059\u3002<\/li>\n<li>\u8eca\u6905\u5b50\u3067\u306f\u30a2\u30af\u30bb\u30b9\u3067\u304d\u307e\u305b\u3093<\/li>\n<li>\u5e7c\u5150\u306f\u5e7c\u5150\u7528\u30b7\u30fc\u30c8\u306b\u5ea7\u308b\u304b\u3001\u5927\u4eba\u3068\u4e00\u7dd2\u306b\u5ea7\u3063\u3066\u304f\u3060\u3055\u3044\u3002<\/li>\n<li>\u80cc\u4e2d\u306b\u554f\u984c\u304c\u3042\u308b\u65c5\u884c\u8005\u306b\u306f\u304a\u52e7\u3081\u3067\u304d\u307e\u305b\u3093\u3002<\/li>\n<li>\u598a\u5a20\u4e2d\u306e\u5973\u6027\u306b\u306f\u304a\u52e7\u3081\u3067\u304d\u307e\u305b\u3093\u3002<\/li>\n<li>\u5fc3\u81d3\u306e\u554f\u984c\u3084\u305d\u306e\u4ed6\u306e\u91cd\u7be4\u306a\u75c5\u72b6\u306f\u3042\u308a\u307e\u305b\u3093\u3002<\/li>\n<li>\u307b\u3068\u3093\u3069\u306e\u65c5\u884c\u8005\u304c\u53c2\u52a0\u3067\u304d\u307e\u3059\u3002<\/li>\n<\/ol>\n<h3><em>\u53d6\u308a\u6d88\u3057\u898f\u7d04<\/em><\/h3>\n<p>\u5168\u984d\u8fd4\u91d1\u3092\u3054\u5e0c\u671b\u306e\u5834\u5408\u306f\u3001\u4f53\u9a13\u958b\u59cb\u65e5\u306e\u5c11\u306a\u304f\u3068\u3082 24 \u6642\u9593\u524d\u307e\u3067\u306b\u30ad\u30e3\u30f3\u30bb\u30eb\u3057\u3066\u304f\u3060\u3055\u3044\u3002<\/p>\n\n\t\t<\/div>\n\t<\/div>\n<\/div><\/div><\/div><\/div><div class=\"vc_row wpb_row vc_row-fluid\" ><div class=\"wpb_column vc_column_container vc_col-sm-12\"><div class=\"vc_column-inner\"><div class=\"wpb_wrapper\"><div class=\"vc_empty_space\"   style=\"height: 32px\"><span class=\"vc_empty_space_inner\"><\/span><\/div>\n\t<div class=\"wpb_video_widget wpb_content_element vc_clearfix   vc_video-aspect-ratio-169 vc_video-el-width-100 vc_video-align-left\" >\n\t\t<div class=\"wpb_wrapper\">\n\t\t\t\n\t\t\t<div class=\"wpb_video_wrapper\"><iframe loading=\"lazy\" title=\"\u30ed\u30b9 \u30a2\u30a4\u30c6\u30a3\u30bb\u30b9\u56fd\u7acb\u516c\u5712\u3001\u30b5\u30de\u30ca\u307e\u305f\u306f\u30b5\u30d0\u30ca \u30c7 \u30e9 \u30de\u30fc\u30eb\u767a\u306e\u30c4\u30a2\u30fc\u3068\u30a8\u30af\u30b9\u30ab\u30fc\u30b7\u30e7\u30f3\u3002\u3053\u3053\u304b\u3089\u4e88\u7d04\u3057\u3066\u304f\u3060\u3055\u3044:\" src=\"https:\/\/player.vimeo.com\/video\/346508015?dnt=1&amp;app_id=122963\" width=\"1100\" height=\"619\" frameborder=\"0\" allow=\"autoplay; fullscreen\" allowfullscreen><\/iframe><\/div>\n\t\t<\/div>\n\t<\/div>\n<\/div><\/div><\/div><\/div><div class=\"vc_row wpb_row vc_row-fluid\" ><div class=\"wpb_column vc_column_container vc_col-sm-12\"><div class=\"vc_column-inner\"><div class=\"wpb_wrapper\"><div class=\"vc_empty_space\"   style=\"height: 32px\"><span class=\"vc_empty_space_inner\"><\/span><\/div>\n\t<div class=\"wpb_text_column wpb_content_element\" >\n\t\t<div class=\"wpb_wrapper\">\n\t\t\t<h4>\u304a\u554f\u3044\u5408\u308f\u305b\uff1f<\/h4>\n<h5>\u30a2\u30c9\u30d9\u30f3\u30c1\u30e3\u30fc\u306e\u4e88\u7d04<\/h5>\n<p><em>\u30c4\u30a2\u30fc\u30ac\u30a4\u30c9<\/em> <em><strong>\u5730\u5143<\/strong><\/em> \u305d\u3057\u3066 <strong><em>\u5168\u56fd<\/em><\/strong> &amp;<em>\u00a0\u304a\u5ba2\u69d8\u30b5\u30fc\u30d3\u30b9<\/em><\/p>\n<p>\u4e88\u7d04: Dom\u306e\u30c4\u30a2\u30fc\u3068\u30a8\u30af\u30b9\u30ab\u30fc\u30b7\u30e7\u30f3\u3002<\/p>\n<p>\u96fb\u8a71\/Whatsapp +1-809-720-6035\u3002<\/p>\n<p>info@bookingadventures.com.do<\/p>\n<p>\u79c1\u305f\u3061\u306f\u3001Whatsapp: +18097206035 \u306b\u3088\u308b\u67d4\u8edf\u306a\u69cb\u6210\u306e\u30d7\u30e9\u30a4\u30d9\u30fc\u30c8 \u30c4\u30a2\u30fc\u3067\u3059\u3002<\/p>\n\n\t\t<\/div>\n\t<\/div>\n<div class=\"vc_empty_space\"   style=\"height: 32px\"><span class=\"vc_empty_space_inner\"><\/span><\/div><\/div><\/div><\/div><\/div>","protected":false},"excerpt":{"rendered":"<p><strong>\u30c4\u30a2\u30fc\u306e\u65e5\u4ed8\u3092\u9078\u629e\u3057\u3066\u304f\u3060\u3055\u3044\u00a0<\/strong><\/p>","protected":false},"featured_media":104,"template":"","meta":[],"product_brand":[],"product_cat":[119,96,144,98,135,121,99,122,443,123,124],"product_tag":[126,127,128,145,132,133,146,147,148,143],"class_list":{"0":"post-551","1":"product","2":"type-product","3":"status-publish","4":"has-post-thumbnail","6":"product_cat-caves","7":"product_cat-hiking","8":"product_cat-kayaking","9":"product_cat-local-tour-guides","10":"product_cat-lunch","11":"product_cat-mangroves","12":"product_cat-swimming-natural-springs","13":"product_cat-tours-and-excursions","14":"product_cat-tours-y-excursiones-es","15":"product_cat-tours-excursions-los-haitises-national-park","16":"product_cat-tours-excursions-samana-bay-dominican-republic","17":"product_tag-cano-hondo","18":"product_tag-cano-hondo-hotel","19":"product_tag-cano-hondo-tours","20":"product_tag-day-tour-cano-hondo","21":"product_tag-los-haitises","22":"product_tag-los-haitises-national-park","23":"product_tag-mangroves-los-haitises","24":"product_tag-samana-bay","25":"product_tag-samana-excursions","26":"product_tag-samana-tours","28":"first","29":"instock","30":"sale","31":"sold-individually","32":"shipping-taxable","33":"product-type-external"},"_links":{"self":[{"href":"https:\/\/visitaloshaitises.com\/ja\/wp-json\/wp\/v2\/product\/551","targetHints":{"allow":["GET"]}}],"collection":[{"href":"https:\/\/visitaloshaitises.com\/ja\/wp-json\/wp\/v2\/product"}],"about":[{"href":"https:\/\/visitaloshaitises.com\/ja\/wp-json\/wp\/v2\/types\/product"}],"wp:featuredmedia":[{"embeddable":true,"href":"https:\/\/visitaloshaitises.com\/ja\/wp-json\/wp\/v2\/media\/104"}],"wp:attachment":[{"href":"https:\/\/visitaloshaitises.com\/ja\/wp-json\/wp\/v2\/media?parent=551"}],"wp:term":[{"taxonomy":"product_brand","embeddable":true,"href":"https:\/\/visitaloshaitises.com\/ja\/wp-json\/wp\/v2\/product_brand?post=551"},{"taxonomy":"product_cat","embeddable":true,"href":"https:\/\/visitaloshaitises.com\/ja\/wp-json\/wp\/v2\/product_cat?post=551"},{"taxonomy":"product_tag","embeddable":true,"href":"https:\/\/visitaloshaitises.com\/ja\/wp-json\/wp\/v2\/product_tag?post=551"}],"curies":[{"name":"wp","href":"https:\/\/api.w.org\/{rel}","templated":true}]}}