{"id":11637,"date":"2023-10-04T07:39:47","date_gmt":"2023-10-04T07:39:47","guid":{"rendered":"https:\/\/haitises.com\/?post_type=product&#038;p=11637"},"modified":"2024-04-01T13:58:23","modified_gmt":"2024-04-01T13:58:23","slug":"los-haitises-national-park-tour-from-samana-port-bacardi-island-cayo-levantado-3","status":"publish","type":"product","link":"https:\/\/visitaloshaitises.com\/ja\/private\/los-haitises-national-park-tour-from-samana-port-bacardi-island-cayo-levantado-3\/","title":{"rendered":"\u30b5\u30de\u30ca\u6e2f + \u30d0\u30ab\u30eb\u30c7\u30a3\u5cf6\u767a\u30ed\u30b9 \u30a2\u30a4\u30c6\u30a3\u30bb\u30b9\u56fd\u7acb\u516c\u5712\u30c4\u30a2\u30fc (\u30ab\u30e8 \u30ec\u30d0\u30f3\u30bf\u30c9)"},"content":{"rendered":"<div class=\"vc_row wpb_row vc_row-fluid\" ><div class=\"wpb_column vc_column_container vc_col-sm-12\"><div class=\"vc_column-inner\"><div class=\"wpb_wrapper\"><div class=\"mkdf-section-title-holder\" style=\"text-align: left\">\n\t<div class=\"mkdf-st-inner\">\n\t\t\t\t\t<h5 class=\"mkdf-st-subtitle\" >\n\t\t\t\t\u5730\u5143\u306e\u4eba\u3005\u3068\u884c\u304f\u30a8\u30b3\u30c4\u30a2\u30fc\t\t\t<\/h5>\n\t\t\t\t\t\t\t<h3 class=\"mkdf-st-title\" >\n\t\t\t\t\u30ed\u30b9 \u30a2\u30a4\u30c6\u30a3\u30bb\u30b9\u56fd\u7acb\u516c\u5712\u30dc\u30fc\u30c8 \u30c4\u30a2\u30fc + \u30ab\u30e8 \u30ec\u30d0\u30f3\u30bf\u30c9\u5cf6\t\t\t<\/h3>\n\t\t\t\t\t<\/div>\n<\/div><\/div><\/div><\/div><\/div><div class=\"vc_row wpb_row vc_row-fluid\" ><div class=\"wpb_column vc_column_container vc_col-sm-12\"><div class=\"vc_column-inner\"><div class=\"wpb_wrapper\"><div class=\"vc_btn3-container vc_btn3-inline\" ><a class=\"vc_general vc_btn3 vc_btn3-size-md vc_btn3-shape-rounded vc_btn3-style-modern vc_btn3-color-green\" href=\"https:\/\/bookingadventures.tours\/booking.php?tour_id=cd01687b47db9fe0c95acae017fc39c6\" title=\"\" target=\"_blank\" rel=\"noopener\">\u4eca\u4e88\u7d04\u3059\u308b<\/a><\/div>\n\t<div class=\"wpb_text_column wpb_content_element\" >\n\t\t<div class=\"wpb_wrapper\">\n\t\t\t<h2><\/h2>\n<h4><b><i>\u6982\u8981 <\/i><\/b><\/h4>\n<p>\u30b5\u30de\u30ca\u6e2f\u304b\u3089\u51fa\u767a\u3059\u308b\u30ed\u30b9 \u30cf\u30a4\u30c6\u30a3\u30bb\u30b9\u56fd\u7acb\u516c\u5712\u3068\u30d0\u30ab\u30eb\u30c7\u30a3\u5cf6\u3067\u306e\u30e9\u30f3\u30c1\u3002\u30c9\u30df\u30cb\u30ab\u5171\u548c\u56fd\u3067\u6700\u3082\u7f8e\u3057\u3044\u56fd\u7acb\u516c\u5712\u3092\u8a2a\u308c\u3001\u30de\u30f3\u30b0\u30ed\u30fc\u30d6\u3001\u6d1e\u7a9f\u3001\u30b5\u30f3 \u30ed\u30ec\u30f3\u30bd\u6e7e\u3092\u8a2a\u308c\u3001\u8c6a\u83ef\u306a\u30b5\u30de\u30ca\u6e7e\u3092\u6a2a\u65ad\u3057\u307e\u3057\u3087\u3046\u3002\u305d\u306e\u5f8c\u3001\u30b5\u30de\u30ca\u5730\u533a\u306b\u623b\u3063\u3066\u30d0\u30ab\u30eb\u30c7\u30a3\u5cf6\u3092\u8a2a\u308c\u3001\u30d3\u30fc\u30c1\u3067\u30e9\u30f3\u30c1\u3092\u3068\u308a\u3001\u30b5\u30de\u30ca\u6e7e\u3067\u6700\u3082\u7f8e\u3057\u3044\u30d3\u30fc\u30c1\u306e\u4e00\u3064\u3067\u6cf3\u304e\u307e\u3059\u3002<\/p>\n<p>\u3053\u306e\u4f53\u9a13\u306e\u5f8c\u3001\u30b5\u30de\u30ca\u6e2f\u306b\u623b\u308a\u307e\u3059\u3002<\/p>\n<ul>\n<li style=\"font-weight: 400;\">\u624b\u6570\u6599\u8fbc\u307f<\/li>\n<li>\u30d0\u30ab\u30eb\u30c7\u30a3\u5cf6\u3067\u306e\u30e9\u30f3\u30c1\u304c\u542b\u307e\u308c\u307e\u3059<\/li>\n<li style=\"font-weight: 400;\"><span style=\"font-weight: 400;\">\u30ac\u30a4\u30c9\u306f\u6307\u793a\u3068\u76e3\u7763\u3092\u63d0\u4f9b\u3057\u307e\u3059<\/span><\/li>\n<\/ul>\n<p>&nbsp;<\/p>\n<h4><b>\u5305\u542b\u3068\u9664\u5916<\/b><\/h4>\n<p><b>\u5185\u5305\u7269<\/b><\/p>\n<ol>\n<li style=\"font-weight: 400;\">\u30ed\u30b9 \u30a2\u30a4\u30c6\u30a3\u30bb\u30b9 \u30c4\u30a2\u30fc + \u6d1e\u7a9f\u3068\u7d75\u6587\u5b57<\/li>\n<li>\u540c\u69d8\u306e\u30c4\u30a2\u30fc\u3092\u3054\u5e0c\u671b\u306e\u5834\u5408\u306f\u3001\u30ab\u30e8 \u30ec\u30d0\u30f3\u30bf\u30c9 (\u30d0\u30ab\u30eb\u30c7\u30a3\u5cf6) \u3067\u30e9\u30f3\u30c1: \u30ed\u30b9 \u30cf\u30a4\u30c6\u30a3\u30bb\u30b9 + \u30ab\u30cb\u30e7 \u30db\u30f3\u30c9<\/li>\n<li style=\"font-weight: 400;\"><span style=\"font-weight: 400;\">\u3059\u3079\u3066\u306e\u7a0e\u91d1\u3001\u624b\u6570\u6599\u3001\u624b\u6570\u6599<\/span><\/li>\n<li style=\"font-weight: 400;\"><span style=\"font-weight: 400;\">\u5730\u65b9\u7a0e<\/span><\/li>\n<li style=\"font-weight: 400;\"><span style=\"font-weight: 400;\">\u98f2\u6599<\/span><\/li>\n<li style=\"font-weight: 400;\"><span style=\"font-weight: 400;\">\u3059\u3079\u3066\u306e\u30a2\u30af\u30c6\u30a3\u30d3\u30c6\u30a3<\/span><\/li>\n<li style=\"font-weight: 400;\"><span style=\"font-weight: 400;\">\u5730\u5143\u30ac\u30a4\u30c9<\/span><\/li>\n<\/ol>\n<p><b> \u9664\u5916\u4e8b\u9805<\/b><\/p>\n<ol>\n<li style=\"font-weight: 400;\"><span style=\"font-weight: 400;\">\u30c1\u30c3\u30d7<\/span><\/li>\n<li style=\"font-weight: 400;\"><span style=\"font-weight: 400;\">\u79fb\u884c<\/span><\/li>\n<li style=\"font-weight: 400;\"><span style=\"font-weight: 400;\">\u30a2\u30eb\u30b3\u30fc\u30eb\u98f2\u6599<\/span><\/li>\n<\/ol>\n<p>&nbsp;<\/p>\n<h4><em><strong>\u51fa\u767a\u3068\u5e30\u56fd<\/strong><\/em><\/h4>\n<p><span style=\"font-weight: 400;\">\u65c5\u884c\u8005\u306f\u4e88\u7d04\u624b\u7d9a\u304d\u5f8c\u306b\u96c6\u5408\u5834\u6240\u3092\u53d6\u5f97\u3057\u307e\u3059\u3002\u30c4\u30a2\u30fc\u306f\u96c6\u5408\u5834\u6240\u3067\u59cb\u307e\u308a\u3001\u7d42\u4e86\u3057\u307e\u3059\u3002<\/span><\/p>\n<p>&nbsp;<\/p>\n<h4>\u30b5\u30de\u30ca\u30fb\u30dd\u30eb\u30c8\u30fb\u30de\u30b9\u30fb\u30d0\u30ab\u30eb\u30c7\u30a3\u5cf6\u767a\u30ed\u30b9\u30fb\u30a2\u30a4\u30c6\u30a3\u30bb\u30b9\u56fd\u7acb\u516c\u5712\u30c4\u30a2\u30fc\uff08\u30ab\u30e8\u30fb\u30ec\u30d0\u30f3\u30bf\u30c9\uff09<\/h4>\n<h4><b><i>\u4f55\u3092\u671f\u5f85\u3057\u307e\u3059\uff1f<\/i><\/b><\/h4>\n<p><b><i>V<\/i><\/b>\u7acb\u3063\u3066\u3044\u307e\u3059<strong> \u30ed\u30b9 \u30a2\u30a4\u30c6\u30a3\u30bb\u30b9\u56fd\u7acb\u516c\u5712<\/strong> \u3067\u306e\u7d20\u6674\u3089\u3057\u3044\u30e9\u30f3\u30c1\u3068\u3068\u3082\u306b<strong> \u30ab\u30e8 \u30ec\u30d0\u30f3\u30bf\u30c9\u5cf6<\/strong> \u305d\u3057\u3066\u30d3\u30fc\u30c1\u3067\u6cf3\u3050\u3053\u3068\u3002\u8d77\u52d5 <strong>\u30b5\u30de\u30ca\u6e2f\u304b\u3089<\/strong> \u5730\u5143\u306e\u30c4\u30a2\u30fc\u30ac\u30a4\u30c9\u3068\u4e00\u7dd2\u306b\u30dc\u30fc\u30c8\u307e\u305f\u306f\u30ab\u30bf\u30de\u30e9\u30f3\u306b\u4e57\u3063\u3066\u3001\u30b5\u30de\u30ca\u6e7e\u3092\u901a\u308a\u30b5\u30d0\u30ca \u30c7 \u30e9 \u30de\u30eb\u5074\u3078\u5411\u304b\u3044\u3001\u30c9\u30df\u30cb\u30ab\u5171\u548c\u56fd\u3067\u6700\u3082\u7f8e\u3057\u3044\u56fd\u7acb\u516c\u5712\u306e 1 \u3064\u3092\u8a2a\u308c\u307e\u3059\u3002 <em><strong>\u30cf\u30a4\u30c6\u30a3\u30bb\u30b9\u56fd\u7acb\u516c\u5712<\/strong><\/em>.<\/p>\n<p>The tour, organized by \u00abBooking Adventures\u00bb starts at the meeting point set with the Tour Guide. Come with Booking Adventures and start checking some bird-filled mangroves, rolling hills of lush vegetation and caves of <em><strong>\u30ed\u30b9 \u30a2\u30a4\u30c6\u30a3\u30bb\u30b9\u56fd\u7acb\u516c\u5712<\/strong><\/em>\u3002\u9ce5\u305f\u3061\u3068\u4e00\u7dd2\u306b\u5cf6\u3092\u8a2a\u308c\u307e\u3059\u3002\u55b6\u5de3\u671f\u306b\u306f\u3001\u30da\u30ec\u30ab\u30ce\u30b9\u306e\u96db\u304c\u5de3\u306b\u3044\u308b\u59ff\u3082\u898b\u308b\u3053\u3068\u304c\u3067\u304d\u307e\u3059\u3002\u30ed\u30c3\u30ad\u30fc\u8af8\u5cf6\u306e\u5185\u90e8\u306b\u3055\u3089\u306b\u5165\u308a\u8fbc\u307f\u3001\u5148\u4f4f\u6c11\u306e\u7d75\u6587\u5b57\u3084\u5ca9\u77f3\u5199\u771f\u306e\u3042\u308b\u6d1e\u7a9f\u3092\u8a2a\u308c\u307e\u3059\u3002<\/p>\n<p>\u30de\u30f3\u30b0\u30ed\u30fc\u30d6\u6797\u3092\u629c\u3051\u3066\u958b\u3051\u305f\u30b5\u30f3 \u30ed\u30ec\u30f3\u30c4\u30a9\u6e7e\u306b\u4e0a\u9678\u3057\u3001\u305d\u3053\u304b\u3089\u967a\u3057\u3044\u68ee\u6797\u306e\u98a8\u666f\u3092\u5199\u771f\u306b\u64ae\u308b\u3053\u3068\u304c\u3067\u304d\u307e\u3059\u3002\u6c34\u306b\u6ce8\u76ee\u3057\u3066\u898b\u3064\u3051\u3066\u304f\u3060\u3055\u3044 <em><strong>\u30de\u30ca\u30c6\u30a3\u30fc<\/strong><\/em>\u3001\u7532\u6bbb\u985e\u3001\u305d\u3057\u3066 <em><strong>\u30a4\u30eb\u30ab\u3002<\/strong><\/em><\/p>\n<h2><strong>Caves in Los Haitises National Park<\/strong><\/h2>\n<div class=\"body-description secondary\">\n<p>The national park\u2019s name comes from its original inhabitants, the Taino Indians. In their language \u201cHaitises\u201d translates to highlands or Hills, a reference to the coastline\u2019s steep geological formations with Limestones. Adventure deeper into the park to explore caves such as the <em><strong>\u7802\u306e\u6d1e\u7a9f<\/strong><\/em> \u305d\u3057\u3066 <strong><em>\u30e9\u30a4\u30f3\u306e\u6d1e\u7a9f\u3002<\/em><\/strong><\/p>\n<p>\u4fdd\u8b77\u533a\u5185\u306e\u6d1e\u7a9f\u306f\u3001\u30bf\u30a4\u30ce\u65cf\u306e\u907f\u96e3\u6240\u3068\u3057\u3066\u4f7f\u7528\u3055\u308c\u3001\u305d\u306e\u5f8c\u306f\u6d77\u8cca\u306e\u96a0\u308c\u5834\u6240\u3068\u3057\u3066\u4f7f\u7528\u3055\u308c\u307e\u3057\u305f\u3002\u58c1\u306e\u4e00\u90e8\u3092\u98fe\u3063\u3066\u3044\u308b\u30a4\u30f3\u30c9\u4eba\u306b\u3088\u308b\u7d75\u3092\u63a2\u3057\u3066\u304f\u3060\u3055\u3044\u3002\u30ed\u30b9\u30fb\u30a2\u30a4\u30c6\u30a3\u30bb\u30b9\u56fd\u7acb\u516c\u5712\u3092\u8a2a\u308c\u305f\u5f8c\u3001\u30b5\u30de\u30ca\u6e7e\u309230\u5206\u901a\u904e\u3057\u3066\u30b5\u30de\u30ca\u6e2f\u306b\u623b\u308a\u3001\u30d0\u30ab\u30eb\u30c7\u30a3\u5cf6\u3092\u8a2a\u308c\u307e\u3059\u3002\u5cf6\u3067\u306e\u5178\u578b\u7684\u306a\u663c\u98df\u3092\u3068\u308a\u307e\u3059\u3002\u30d3\u30fc\u30ac\u30f3\u306e\u65b9\u3067\u3082\u3054\u5fc3\u914d\u306a\u304f\u3001\u304a\u98df\u4e8b\u3082\u3054\u7528\u610f\u3057\u3066\u304a\u308a\u307e\u3059\uff01<\/p>\n<p>\u5348\u5f8c\u3044\u3063\u3071\u3044\u6cf3\u304e\u3001\u30d3\u30fc\u30c1\u3067\u304f\u3064\u308d\u3044\u3060\u5f8c\u3001\u30c4\u30a2\u30fc\u30ac\u30a4\u30c9\u304c\u30b5\u30de\u30ca\u6e2f\u306b\u623b\u308b\u6642\u9593\u3092\u8a2d\u5b9a\u3057\u307e\u3059\u3002<\/p>\n<\/div>\n<p>\u3053\u306e\u65c5\u884c\u3092\u3082\u3063\u3068\u9577\u304f\u3057\u305f\u3044\u3001\u307e\u305f\u306f\u3082\u3063\u3068\u77ed\u304f\u3057\u305f\u3044\u5834\u5408\u306b\u306f\u3001\u6b21\u306e\u30aa\u30d7\u30b7\u30e7\u30f3\u304c\u3042\u308a\u307e\u3059\u3002<\/p>\n<ol>\n<li>\u30b5\u30de\u30ca\u6e2f\u304b\u3089\u30ed\u30b9\u30fb\u30cf\u30a4\u30c6\u30a3\u30bb\u30b9\u307e\u3067\u3002<\/li>\n<li>\u30b5\u30de\u30ca\u6e2f\u304b\u3089\u306e\u30ed\u30b9\u30fb\u30cf\u30a4\u30c6\u30a3\u30bb\u30b9 + \u30ab\u30cb\u30e7\u30fb\u30db\u30f3\u30c9\u3002<\/li>\n<\/ol>\n<p>&nbsp;<\/p>\n<h4><em><strong>\u4f55\u3092\u6301\u3063\u3066\u884c\u3051\u3070\u3044\u3044\u3067\u3059\u304b\uff1f<\/strong><\/em><\/h4>\n<ul>\n<li style=\"font-weight: 400;\"><span style=\"font-weight: 400;\">\u30ab\u30e1\u30e9<\/span><\/li>\n<li style=\"font-weight: 400;\"><span style=\"font-weight: 400;\">\u306f\u3058\u304f\u82bd<\/span><\/li>\n<li style=\"font-weight: 400;\"><span style=\"font-weight: 400;\">\u65e5\u713c\u3051\u6b62\u3081\u30af\u30ea\u30fc\u30e0<\/span><\/li>\n<li style=\"font-weight: 400;\"><span style=\"font-weight: 400;\">\u5e3d\u5b50<\/span><\/li>\n<li style=\"font-weight: 400;\"><span style=\"font-weight: 400;\">\u5feb\u9069\u306a\u30d1\u30f3\u30c4<\/span><\/li>\n<li style=\"font-weight: 400;\"><span style=\"font-weight: 400;\">\u68ee\u6797\u7528\u30cf\u30a4\u30ad\u30f3\u30b0\u30b7\u30e5\u30fc\u30ba<\/span><\/li>\n<li style=\"font-weight: 400;\"><span style=\"font-weight: 400;\">\u6625\u306e\u30a8\u30ea\u30a2\u3078\u30b5\u30f3\u30c0\u30eb\u3067\u3002<\/span><\/li>\n<li style=\"font-weight: 400;\"><span style=\"font-weight: 400;\">\u6c34\u7740<\/span><\/li>\n<\/ul>\n<p>&nbsp;<\/p>\n<h4><b><i>\u30db\u30c6\u30eb\u3078\u306e\u9001\u8fce <\/i><\/b><\/h4>\n<p><span style=\"font-weight: 400;\">\u3053\u306e\u30c4\u30a2\u30fc\u3067\u306f\u30db\u30c6\u30eb\u3078\u306e\u304a\u8fce\u3048\u306f\u63d0\u4f9b\u3055\u308c\u307e\u305b\u3093\u3002 <\/span><\/p>\n<p>&nbsp;<\/p>\n<p><b>\u6ce8\u8a18\uff1a<\/b><span style=\"font-weight: 400;\"> \u30c4\u30a2\u30fc\/\u30a8\u30af\u30b9\u30ab\u30fc\u30b7\u30e7\u30f3\u51fa\u767a\u6642\u523b\u306e 24 \u6642\u9593\u4ee5\u5185\u306b\u3054\u4e88\u7d04\u3044\u305f\u3060\u3044\u305f\u5834\u5408\u306f\u3001\u8ffd\u52a0\u6599\u91d1\u3067\u30db\u30c6\u30eb\u3078\u306e\u304a\u8fce\u3048\u3092\u624b\u914d\u3067\u304d\u307e\u3059\u3002\u3054\u8cfc\u5165\u304c\u5b8c\u4e86\u3059\u308b\u3068\u3001\u304a\u8fce\u3048\u306e\u624b\u914d\u3092\u884c\u3046\u305f\u3081\u306e\u73fe\u5730\u30c4\u30a2\u30fc\u30ac\u30a4\u30c9\u306e\u5b8c\u5168\u306a\u9023\u7d61\u5148\u60c5\u5831 (\u96fb\u8a71\u756a\u53f7\u3001\u96fb\u5b50\u30e1\u30fc\u30eb \u30a2\u30c9\u30ec\u30b9\u306a\u3069) \u3092\u304a\u9001\u308a\u3057\u307e\u3059\u3002<\/span><\/p>\n<h4><b><i>\u8ffd\u52a0\u60c5\u5831\u306e\u78ba\u8a8d <\/i><\/b><\/h4>\n<ol>\n<li>\u30c1\u30b1\u30c3\u30c8\u306f\u30c4\u30a2\u30fc\u4ee3\u91d1\u304a\u652f\u6255\u3044\u5f8c\u306e\u9818\u53ce\u66f8\u3068\u306a\u308a\u307e\u3059\u3002\u643a\u5e2f\u96fb\u8a71\u3067\u652f\u6255\u3044\u3092\u8868\u793a\u3067\u304d\u307e\u3059\u3002<\/li>\n<li style=\"font-weight: 400;\"><span style=\"font-weight: 400;\">\u4e88\u7d04\u624b\u7d9a\u304d\u5f8c\u306b\u30df\u30fc\u30c6\u30a3\u30f3\u30b0\u30dd\u30a4\u30f3\u30c8\u3092\u53d7\u3051\u53d6\u308a\u307e\u3059\u3002<\/span><\/li>\n<li style=\"font-weight: 400;\"><span style=\"font-weight: 400;\">\u304a\u5b50\u69d8\u306b\u306f\u5927\u4eba\u306e\u540c\u4f34\u304c\u5fc5\u8981\u3067\u3059\u3002<\/span><\/li>\n<li style=\"font-weight: 400;\"><span style=\"font-weight: 400;\"> \u8eca\u6905\u5b50\u3067\u306f\u30a2\u30af\u30bb\u30b9\u3067\u304d\u307e\u305b\u3093 <\/span><\/li>\n<li style=\"font-weight: 400;\"><span style=\"font-weight: 400;\">\u5e7c\u5150\u306f\u819d\u306e\u4e0a\u306b\u5ea7\u3089\u306a\u3051\u308c\u3070\u306a\u308a\u307e\u305b\u3093 <\/span><\/li>\n<li style=\"font-weight: 400;\"><span style=\"font-weight: 400;\">\u80cc\u4e2d\u306b\u554f\u984c\u304c\u3042\u308b\u65c5\u884c\u8005\u306b\u306f\u304a\u52e7\u3081\u3067\u304d\u307e\u305b\u3093<\/span><\/li>\n<li style=\"font-weight: 400;\"><span style=\"font-weight: 400;\">\u598a\u5a20\u4e2d\u306e\u65c5\u884c\u8005\u306b\u306f\u304a\u52e7\u3081\u3067\u304d\u307e\u305b\u3093 <\/span><\/li>\n<li style=\"font-weight: 400;\"><span style=\"font-weight: 400;\"> \u5fc3\u81d3\u306e\u554f\u984c\u3084\u305d\u306e\u4ed6\u306e\u91cd\u7be4\u306a\u75c5\u72b6\u304c\u306a\u3044\u3053\u3068 <\/span><\/li>\n<li style=\"font-weight: 400;\"><span style=\"font-weight: 400;\">\u307b\u3068\u3093\u3069\u306e\u65c5\u884c\u8005\u304c\u53c2\u52a0\u53ef\u80fd<\/span><\/li>\n<\/ol>\n<h4><b><i>\u53d6\u308a\u6d88\u3057\u898f\u7d04<\/i><\/b><\/h4>\n<p>For a full refund, please read our Cancellations policies\u00a0<a href=\"https:\/\/www.ticketswhales.com\/online-booking\/\" target=\"_blank\" rel=\"noopener\" data-saferedirecturl=\"https:\/\/www.google.com\/url?q=https:\/\/www.ticketswhales.com\/online-booking\/&amp;source=gmail&amp;ust=1672529771100000&amp;usg=AOvVaw2NIGJBZ0qjB5RhPUl5Obc7\">Click here<\/a>. Funds will be lost if the reservation is cancelled the same day of the trip.<\/p>\n\n\t\t<\/div>\n\t<\/div>\n<div class=\"vc_btn3-container vc_btn3-inline\" ><a class=\"vc_general vc_btn3 vc_btn3-size-md vc_btn3-shape-rounded vc_btn3-style-modern vc_btn3-color-green\" href=\"https:\/\/bookingadventures.tours\/booking.php?tour_id=cd01687b47db9fe0c95acae017fc39c6\" title=\"\" target=\"_blank\" rel=\"noopener\">\u4eca\u4e88\u7d04\u3059\u308b<\/a><\/div>\n\t<div class=\"wpb_video_widget wpb_content_element vc_clearfix   vc_video-aspect-ratio-169 vc_video-el-width-100 vc_video-align-left\" >\n\t\t<div class=\"wpb_wrapper\">\n\t\t\t<h2 class=\"wpb_heading wpb_video_heading\">\u30ed\u30b9 \u30a2\u30a4\u30c6\u30a3\u30bb\u30b9\u56fd\u7acb\u516c\u5712<\/h2>\n\t\t\t<div class=\"wpb_video_wrapper\"><iframe loading=\"lazy\" title=\"\u30ed\u30b9 \u30a2\u30a4\u30c6\u30a3\u30bb\u30b9\u56fd\u7acb\u516c\u5712\u306e\u30c4\u30a2\u30fc &amp; \u30a8\u30af\u30b9\u30ab\u30fc\u30b7\u30e7\u30f3\" width=\"1100\" height=\"619\" src=\"https:\/\/www.youtube.com\/embed\/vMI4Ou81cd4?feature=oembed\" frameborder=\"0\" allow=\"accelerometer; autoplay; clipboard-write; encrypted-media; gyroscope; picture-in-picture; web-share\" allowfullscreen><\/iframe><\/div>\n\t\t<\/div>\n\t<\/div>\n<\/div><\/div><\/div><\/div><div class=\"vc_row wpb_row vc_row-fluid\" ><\/div><div class=\"wpb_column vc_column_container vc_col-sm-12\"><div class=\"vc_column-inner\"><div class=\"wpb_wrapper\"><\/div><\/div><\/div><div class=\"vc_empty_space\"   style=\"height: 32px\"><span class=\"vc_empty_space_inner\"><\/span><\/div><div class=\"vc_row wpb_row vc_row-fluid\" ><\/div><div class=\"wpb_column vc_column_container vc_col-sm-12\"><div class=\"vc_column-inner\"><div class=\"wpb_wrapper\"><div class=\"vc_btn3-container vc_btn3-inline\" ><a class=\"vc_general vc_btn3 vc_btn3-size-md vc_btn3-shape-rounded vc_btn3-style-modern vc_btn3-color-green\" href=\"https:\/\/bookingadventures.tours\/booking.php?tour_id=cd01687b47db9fe0c95acae017fc39c6\" title=\"\" target=\"_blank\" rel=\"noopener\">\u4eca\u4e88\u7d04\u3059\u308b<\/a><\/div><\/div><\/div><\/div><div class=\"mkdf-section-title-holder\" style=\"text-align: left\">\n\t<div class=\"mkdf-st-inner\">\n\t\t\t\t\t\t\t<h3 class=\"mkdf-st-title\" >\n\t\t\t\tLos Haitises y Cayo Levantado\t\t\t<\/h3>\n\t\t\t\t\t<\/div>\n<\/div><div class=\"vc_empty_space\"   style=\"height: 32px\"><span class=\"vc_empty_space_inner\"><\/span><\/div><div class=\"vc_row wpb_row vc_row-fluid\" ><\/div><div class=\"wpb_column vc_column_container vc_col-sm-12\"><div class=\"vc_column-inner\"><div class=\"wpb_wrapper\"><\/div><\/div><\/div><div class=\"vc_row wpb_row vc_row-fluid\" ><div class=\"wpb_column vc_column_container vc_col-sm-12\"><div class=\"vc_column-inner\"><div class=\"wpb_wrapper\"><\/div><\/div><\/div><\/div>","protected":false},"excerpt":{"rendered":"<p><span style=\"vertical-align: inherit;\"><span style=\"vertical-align: inherit;\">Excursiones a Los haitises y Cayo levantado, Viaje Ecol\u00f3gico al Parque Nacional Los Haitises con un Gu\u00eda Tur\u00edstico Local. <\/span><span style=\"vertical-align: inherit;\">Visitando los Cayos en el Parque Nacional Los Haitises, Manglares, Vegetaci\u00f3n, Observaci\u00f3n de aves, Cuevas, Pictogramas y las \u00e1reas hist\u00f3ricas de Sabana de la Mar en el Parque Nacional Los Haitises. <\/span><span style=\"vertical-align: inherit;\">Despu\u00e9s de Los Haitises almorzamos en la playa de la isla Bacardi. <\/span><span style=\"vertical-align: inherit;\">Reserve ahora Tour al Parque Nacional Los Haitises desde Puerto Saman\u00e1 + Isla Bacard\u00ed (Cayo Levantado) con nosotros.<\/span><\/span><\/p>\n<p>&nbsp;<\/p>\n<p><strong><span style=\"vertical-align: inherit;\"><span style=\"vertical-align: inherit;\">Seleccione la fecha para el Tour:<\/span><\/span><\/strong><\/p>","protected":false},"featured_media":107,"template":"","meta":[],"product_brand":[],"product_cat":[571,566,123,124],"product_tag":[137,205,180,125,206,139,163,129,207,208,132,523,209,210,211,212,133,213,214,215,216,217,218,190,219,114,142,148,143,220],"class_list":{"0":"post-11637","1":"product","2":"type-product","3":"status-publish","4":"has-post-thumbnail","6":"product_cat-1-samana","7":"product_cat-boat-trip-los-haitises","8":"product_cat-tours-excursions-los-haitises-national-park","9":"product_cat-tours-excursions-samana-bay-dominican-republic","10":"product_tag-bacardi-island","11":"product_tag-bacardi-island-tours","12":"product_tag-birdwatching","13":"product_tag-boat-tour","14":"product_tag-caves-los-haitises","15":"product_tag-cayo-levantado","16":"product_tag-cayo-levantado-tour","17":"product_tag-eco-tours","18":"product_tag-excursiones-a-los-haitises-y-cayo-levantado","19":"product_tag-haitises-park-and-cayo-levantado-island","20":"product_tag-los-haitises","21":"product_tag-los-haitises-and-cayo-levantado","22":"product_tag-los-haitises-excursiones","23":"product_tag-los-haitises-excursions","24":"product_tag-los-haitises-mapa","25":"product_tag-los-haitises-mas-cayo-levantado","26":"product_tag-los-haitises-national-park","27":"product_tag-los-haitises-national-park-map","28":"product_tag-los-haitises-national-park-mas-cayo-levantado","29":"product_tag-los-haitises-national-park-tour-from-las-terrenas","30":"product_tag-los-haitises-national-park-tour-from-samana-port-bacardi-island-cayo-levantado","31":"product_tag-los-haitises-national-park-tour-from-santo-domingo","32":"product_tag-los-haitises-park-tour-cayo-levantado-island","33":"product_tag-los-haitises-samana","34":"product_tag-los-haitises-y-cayo-levantado","35":"product_tag-sabana-de-la-mar","36":"product_tag-samana","37":"product_tag-samana-excursions","38":"product_tag-samana-tours","39":"product_tag-tour-los-haitises-national-park-cayo-levantado","41":"first","42":"instock","43":"sale","44":"sold-individually","45":"shipping-taxable","46":"product-type-external"},"_links":{"self":[{"href":"https:\/\/visitaloshaitises.com\/ja\/wp-json\/wp\/v2\/product\/11637","targetHints":{"allow":["GET"]}}],"collection":[{"href":"https:\/\/visitaloshaitises.com\/ja\/wp-json\/wp\/v2\/product"}],"about":[{"href":"https:\/\/visitaloshaitises.com\/ja\/wp-json\/wp\/v2\/types\/product"}],"wp:featuredmedia":[{"embeddable":true,"href":"https:\/\/visitaloshaitises.com\/ja\/wp-json\/wp\/v2\/media\/107"}],"wp:attachment":[{"href":"https:\/\/visitaloshaitises.com\/ja\/wp-json\/wp\/v2\/media?parent=11637"}],"wp:term":[{"taxonomy":"product_brand","embeddable":true,"href":"https:\/\/visitaloshaitises.com\/ja\/wp-json\/wp\/v2\/product_brand?post=11637"},{"taxonomy":"product_cat","embeddable":true,"href":"https:\/\/visitaloshaitises.com\/ja\/wp-json\/wp\/v2\/product_cat?post=11637"},{"taxonomy":"product_tag","embeddable":true,"href":"https:\/\/visitaloshaitises.com\/ja\/wp-json\/wp\/v2\/product_tag?post=11637"}],"curies":[{"name":"wp","href":"https:\/\/api.w.org\/{rel}","templated":true}]}}