{"id":553,"date":"2020-06-21T20:30:49","date_gmt":"2020-06-21T20:30:49","guid":{"rendered":"https:\/\/haitises.com\/?post_type=product&#038;p=553"},"modified":"2024-04-17T21:13:57","modified_gmt":"2024-04-17T21:13:57","slug":"excursion-a-los-haitises-y-cano-hondo-desde-sabana-de-la-mar","status":"publish","type":"product","link":"https:\/\/visitaloshaitises.com\/it\/privato\/excursion-a-los-haitises-y-cano-hondo-desde-sabana-de-la-mar\/","title":{"rendered":"Tour privato a Los Haitises e Ca\u00f1o Hondo da Sabana de la Mar"},"content":{"rendered":"<div class=\"vc_row wpb_row vc_row-fluid\" ><div class=\"wpb_column vc_column_container vc_col-sm-12\"><div class=\"vc_column-inner\"><div class=\"wpb_wrapper\">[mkdf_section_title subtitle_tag=\u00bb\u00bb subtitle=\u00bbAlmuerzo y Nataci\u00f3n en Piscinas Naturales\u00bb]<\/div><\/div><\/div><\/div><div class=\"vc_row wpb_row vc_row-fluid\" ><div class=\"wpb_column vc_column_container vc_col-sm-12\"><div class=\"vc_column-inner\"><div class=\"wpb_wrapper\"><div class=\"vc_empty_space\"   style=\"height: 32px\"><span class=\"vc_empty_space_inner\"><\/span><\/div><\/div><\/div><\/div><\/div><div class=\"vc_row wpb_row vc_row-fluid\" ><div class=\"wpb_column vc_column_container vc_col-sm-12\"><div class=\"vc_column-inner\"><div class=\"wpb_wrapper\">\n\t<div class=\"wpb_text_column wpb_content_element\" >\n\t\t<div class=\"wpb_wrapper\">\n\t\t\t<h2>Parque Nacional Los Haitises + Almuerzo en Ca\u00f1o Hondo desde Sabana de la Mar<\/h2>\n<h3>Descrizione<\/h3>\n<p>Excursi\u00f3n de d\u00eda completo al Parque Nacional Los Haitises y almuerzo en Ca\u00f1o Hondo m\u00e1s nataci\u00f3n en piscinas naturales. Ven con nosotros y visita el parque nacional m\u00e1s hermoso de la Rep\u00fablica Dominicana, visitando manglares, cuevas y la bah\u00eda de San Lorenzo. Regreso al puerto de Ca\u00f1o Hondo para caminar 15 minutos para disfrutar de un almuerzo t\u00edpico con vista al mar al Parque Nacional Los Haitises. Despu\u00e9s de esta nataci\u00f3n en manantial natural hasta las 4:30 pm.<\/p>\n<ul>\n<li>Incluye almuerzo buffet.<\/li>\n<li>Nadar en piscinas naturales<\/li>\n<li>Tasse incluse<\/li>\n<li>La guida fornisce istruzioni e supervisione.<\/li>\n<\/ul>\n<h3>Inclusioni ed esclusioni<\/h3>\n<h4>Inclusioni<\/h4>\n<ol>\n<li>almuerzo en el Ecolodge<\/li>\n<li>Tour di Los Haitises + Grotte e pittogrammi<\/li>\n<li>Tutte le tasse, commissioni e spese di gestione.<\/li>\n<li>Tasse locali<\/li>\n<li>Bevande<\/li>\n<li>Tutte le attivit\u00e0<\/li>\n<li>Guida locale<\/li>\n<\/ol>\n<h4>Esclusioni<\/h4>\n<ol>\n<li>Suggerimenti<\/li>\n<li>Trasporto<\/li>\n<li>Bevande alcoliche<\/li>\n<\/ol>\n<h3><em>Partenza e ritorno<\/em><\/h3>\n<p>Il viaggiatore otterr\u00e0 un punto d&#039;incontro dopo il processo di prenotazione. I tour iniziano e finiscono nei nostri punti di incontro.<\/p>\n<h3><em>Cosa aspettarsi?<\/em><\/h3>\n<p>Obtenga sus boletos para visitar el Parque Nacional Los Haitises con un maravilloso almuerzo en Ca\u00f1o Hondo y Nataci\u00f3n en los manantiales naturales. Realice un recorrido en bote por los manglares, las antiguas cuevas piratas y los bosques protegidos de esta pintoresca reserva, desde la zona de los hoteles Ca\u00f1o Hondo o desde Sabana de la Mar.<\/p>\n<p>El recorrido, organizado por \u00abBooking Adventures\u00bb, comienza en el punto de encuentro establecido con el gu\u00eda tur\u00edstico. Ven con Booking Adventures y comienza a observar algunos manglares llenos de p\u00e1jaros, colinas onduladas de exuberante vegetaci\u00f3n y cuevas del Parque Nacional Los Haitises. Excursi\u00f3n en bote desde el r\u00edo Ca\u00f1o Hondo, Sabana de la Mar.<\/p>\n<p>Attraverso le mangrovie e la terra nell&#039;aperta Baia di San Lorenzo, da dove \u00e8 possibile fotografare l&#039;aspro paesaggio forestale. Guarda nell&#039;acqua per vedere lamantini, crostacei e delfini.<\/p>\n<p>El nombre del parque nacional proviene de sus habitantes originales, los indios ta\u00ednos. En su idioma, \u00abHaitises\u00bb se traduce en tierras altas o colinas, una referencia a las empinadas formaciones geol\u00f3gicas de la costa con calizas. Avent\u00farate m\u00e1s en el parque para explorar cuevas como la Cueva de la Arena y la Cueva de la l\u00ednea. Las cuevas en la reserva fueron utilizadas como refugio por los indios ta\u00ednos y, m\u00e1s tarde, por los piratas escondidos. Busque dibujos de indios que decoran algunas de las paredes. Despu\u00e9s de visitar el Parque Nacional Los Haitises iremos a Ca\u00f1o Hondo. En Ca\u00f1o Hondo aprendiendo sobre esta historia de ecolodge y la hora del almuerzo con la comida t\u00edpica de la comunidad de Sabana de la Mar.<\/p>\n<p>El almuerzo ser\u00e1 delicioso pero a\u00fan no terminamos. Despu\u00e9s del almuerzo, nadaremos en el manantial natural desde el r\u00edo Jibales, un r\u00edo perenne hasta el r\u00edo Ca\u00f1o Hondo. Quedarse en Ca\u00f1o Hondo hasta las 6:00 pm si lo desea o menos.<\/p>\n<p>En las Piscinas Natureles puedes quedarte todo el tiempo que quieras nadar y hacer senderismo. Si eres vegano, tambi\u00e9n podemos prepararte algo de comida.<\/p>\n<h3><em>Cosa dovresti portare?<\/em><\/h3>\n<ul>\n<li>Telecamera<\/li>\n<li>Repellenti<\/li>\n<li>protezione solare<\/li>\n<li>Cappello<\/li>\n<li>Pantaloni comodi<\/li>\n<li>Scarpe da trekking nel bosco<\/li>\n<li>Sandali per le zone primaverili.<\/li>\n<li>Costume da bagno<\/li>\n<\/ul>\n<h3><em>Ritiro in hotel<\/em><\/h3>\n<p>Per questo tour non \u00e8 offerto il prelievo in hotel.<\/p>\n<p><strong>Nota:<\/strong> Se prenoti entro 24 ore dall&#039;orario di partenza del tour\/escursione, possiamo organizzare il ritiro in hotel a un costo aggiuntivo. Una volta completato l&#039;acquisto, ti invieremo le informazioni di contatto complete (numero di telefono, indirizzo e-mail, ecc.) affinch\u00e9 la nostra guida turistica locale possa organizzare il ritiro.<\/p>\n<h3><em>Conferma di informazioni aggiuntive<\/em><\/h3>\n<ul>\n<li>I biglietti costituiscono la ricevuta dopo aver pagato per questo tour. Puoi mostrare il pagamento sul tuo telefono.<\/li>\n<li>Il punto d&#039;incontro verr\u00e0 ricevuto dopo il processo di prenotazione.<\/li>\n<li>I bambini devono essere accompagnati da un adulto.<\/li>\n<li>Non accessibile in sedia a rotelle<\/li>\n<li>Los infantes deben sentarse en un asiento de beb\u00e9s o con un adulto<\/li>\n<li>Non raccomandato per viaggiatori con problemi alla schiena.<\/li>\n<li>Non raccomandato per le donne incinte.<\/li>\n<li>Nessun problema cardiaco o altre condizioni mediche gravi.<\/li>\n<li>La maggior parte dei viaggiatori pu\u00f2 partecipare.<\/li>\n<\/ul>\n<h3><em>Politica di cancellazione<\/em><\/h3>\n<p>Per un rimborso completo, annulla almeno 24 ore prima della data di inizio dell&#039;esperienza.<\/p>\n\n\t\t<\/div>\n\t<\/div>\n<\/div><\/div><\/div><\/div><div class=\"vc_row wpb_row vc_row-fluid\" ><div class=\"wpb_column vc_column_container vc_col-sm-12\"><div class=\"vc_column-inner\"><div class=\"wpb_wrapper\">\n\t<div class=\"wpb_video_widget wpb_content_element vc_clearfix   vc_video-aspect-ratio-169 vc_video-el-width-100 vc_video-align-left\" >\n\t\t<div class=\"wpb_wrapper\">\n\t\t\t\n\t\t\t<div class=\"wpb_video_wrapper\"><iframe loading=\"lazy\" title=\"Parco Nazionale Los Haitises, tour ed escursioni da Samana o Sabana de la Mar. Prenota qui:\" src=\"https:\/\/player.vimeo.com\/video\/346508015?dnt=1&amp;app_id=122963\" width=\"1100\" height=\"619\" frameborder=\"0\" allow=\"autoplay; fullscreen\" allowfullscreen><\/iframe><\/div>\n\t\t<\/div>\n\t<\/div>\n<\/div><\/div><\/div><\/div><div class=\"vc_row wpb_row vc_row-fluid\" ><div class=\"wpb_column vc_column_container vc_col-sm-12\"><div class=\"vc_column-inner\"><div class=\"wpb_wrapper\"><div class=\"vc_empty_space\"   style=\"height: 32px\"><span class=\"vc_empty_space_inner\"><\/span><\/div>\n\t<div class=\"wpb_text_column wpb_content_element\" >\n\t\t<div class=\"wpb_wrapper\">\n\t\t\t<h4>Contattaci?<\/h4>\n<h5>Prenotazioni di avventure<\/h5>\n<p><strong><em>Guide turistiche locali e nazionali e servizi per gli ospiti<\/em><\/strong><\/p>\n<p>Prenotazioni: Tours ed Escursioni in Dom. Reps.<\/p>\n<p>Tel\/Whatsapp +1-809-720-6035.<\/p>\n<p>info@bookingadventures.com.do<\/p>\n<p>Facciamo tour privati con configurazione flessibile tramite Whatsapp: +18097206035.<\/p>\n\n\t\t<\/div>\n\t<\/div>\n<div class=\"vc_empty_space\"   style=\"height: 32px\"><span class=\"vc_empty_space_inner\"><\/span><\/div><\/div><\/div><\/div><\/div>","protected":false},"excerpt":{"rendered":"<p>Excursi\u00f3n al Parque Nacional Los Haitises desde Sabana de la Mar, visitando manglares, cuevas, pictograf\u00edas + almuerzo en Ca\u00f1o Hondo tours y piscinas.<\/p>\n<p>Establezca este recorrido con una ruta de senderismo y aprenda sobre la historia del Parque Nacional Los Haitises con gu\u00edas locales.<\/p>","protected":false},"featured_media":82,"template":"","meta":[],"product_brand":[],"product_cat":[443,123,124],"product_tag":[126,127,128,145,202,203,132,133,146,114,204],"class_list":{"0":"post-553","1":"product","2":"type-product","3":"status-publish","4":"has-post-thumbnail","6":"product_cat-tours-y-excursiones-es","7":"product_cat-tours-excursions-los-haitises-national-park","8":"product_cat-tours-excursions-samana-bay-dominican-republic","9":"product_tag-cano-hondo","10":"product_tag-cano-hondo-hotel","11":"product_tag-cano-hondo-tours","12":"product_tag-day-tour-cano-hondo","13":"product_tag-la-arena-cave","14":"product_tag-line-cave","15":"product_tag-los-haitises","16":"product_tag-los-haitises-national-park","17":"product_tag-mangroves-los-haitises","18":"product_tag-sabana-de-la-mar","19":"product_tag-san-lorenzo-bay","21":"first","22":"instock","23":"sale","24":"sold-individually","25":"shipping-taxable","26":"product-type-external"},"_links":{"self":[{"href":"https:\/\/visitaloshaitises.com\/it\/wp-json\/wp\/v2\/product\/553","targetHints":{"allow":["GET"]}}],"collection":[{"href":"https:\/\/visitaloshaitises.com\/it\/wp-json\/wp\/v2\/product"}],"about":[{"href":"https:\/\/visitaloshaitises.com\/it\/wp-json\/wp\/v2\/types\/product"}],"wp:featuredmedia":[{"embeddable":true,"href":"https:\/\/visitaloshaitises.com\/it\/wp-json\/wp\/v2\/media\/82"}],"wp:attachment":[{"href":"https:\/\/visitaloshaitises.com\/it\/wp-json\/wp\/v2\/media?parent=553"}],"wp:term":[{"taxonomy":"product_brand","embeddable":true,"href":"https:\/\/visitaloshaitises.com\/it\/wp-json\/wp\/v2\/product_brand?post=553"},{"taxonomy":"product_cat","embeddable":true,"href":"https:\/\/visitaloshaitises.com\/it\/wp-json\/wp\/v2\/product_cat?post=553"},{"taxonomy":"product_tag","embeddable":true,"href":"https:\/\/visitaloshaitises.com\/it\/wp-json\/wp\/v2\/product_tag?post=553"}],"curies":[{"name":"wp","href":"https:\/\/api.w.org\/{rel}","templated":true}]}}