{"id":11676,"date":"2023-10-04T07:40:10","date_gmt":"2023-10-04T07:40:10","guid":{"rendered":"https:\/\/haitises.com\/?post_type=product&#038;p=11676"},"modified":"2024-03-28T20:20:58","modified_gmt":"2024-03-28T20:20:58","slug":"birdwatching-punta-cana-birding-tours-from-punta-cana-to-los-haitises-national-park-3","status":"publish","type":"product","link":"https:\/\/visitaloshaitises.com\/it\/private\/birdwatching-punta-cana-birding-tours-from-punta-cana-to-los-haitises-national-park-3\/","title":{"rendered":"Birdwatching Punta Cana \u2013 Tour di birdwatching da Punta Cana al Parco Nazionale Los Haitises"},"content":{"rendered":"<div class=\"vc_row wpb_row vc_row-fluid\" ><div class=\"wpb_column vc_column_container vc_col-sm-12\"><div class=\"vc_column-inner\"><div class=\"wpb_wrapper\"><div class=\"mkdf-section-title-holder\" style=\"text-align: left\">\n\t<div class=\"mkdf-st-inner\">\n\t\t\t\t\t<h5 class=\"mkdf-st-subtitle\" >\n\t\t\t\tBirdwatching nel Parco Nazionale Los Haitises\t\t\t<\/h5>\n\t\t\t\t\t\t\t<h3 class=\"mkdf-st-title\" >\n\t\t\t\tBirding Tours from Punta Cana to Los Haitises National Park\t\t\t<\/h3>\n\t\t\t\t\t<\/div>\n<\/div><\/div><\/div><\/div><\/div><div class=\"vc_row wpb_row vc_row-fluid\" ><\/div><div class=\"wpb_column vc_column_container vc_col-sm-12\"><div class=\"vc_column-inner\"><div class=\"wpb_wrapper\"><\/div><\/div><\/div>\n\t<div class=\"wpb_text_column wpb_content_element\" >\n\t\t<div class=\"wpb_wrapper\">\n\t\t\t<p>Sono un blocco di testo. Fare clic sul pulsante di modifica per cambiare il testo. Lorem ipsum dolor sit amet, consectetur adipiscing elit. Ut elit tellus, luctus nec ullamcorper mattis, pulvinar dapibus leo.<\/p>\n\n\t\t<\/div>\n\t<\/div>\n<div class=\"vc_row wpb_row vc_row-fluid\" ><\/div><div class=\"wpb_column vc_column_container vc_col-sm-12\"><div class=\"vc_column-inner\"><div class=\"wpb_wrapper\"><\/div><\/div><\/div>\n\t<div class=\"wpb_text_column wpb_content_element\" >\n\t\t<div class=\"wpb_wrapper\">\n\t\t\t<p>Sono un blocco di testo. Fare clic sul pulsante di modifica per cambiare il testo. Lorem ipsum dolor sit amet, consectetur adipiscing elit. Ut elit tellus, luctus nec ullamcorper mattis, pulvinar dapibus leo.<\/p>\n\n\t\t<\/div>\n\t<\/div>\n<div class=\"vc_row wpb_row vc_row-fluid\" ><div class=\"wpb_column vc_column_container vc_col-sm-12\"><div class=\"vc_column-inner\"><div class=\"wpb_wrapper\"><\/div><\/div><\/div><\/div>","protected":false},"excerpt":{"rendered":"<p><span style=\"vertical-align: inherit;\"><span style=\"vertical-align: inherit;\">Observaci\u00f3n de aves Ma\u00f1ana completa en los senderos de la Selva Tropical del Parque Nacional Los Haitises. <\/span><span style=\"vertical-align: inherit;\">Este parque tiene una gran variedad de especies de aves y animales y es el favorito de los observadores de aves. <\/span><span style=\"vertical-align: inherit;\">Si bien el n\u00famero visto puede ser m\u00e1s alto que en otros lugares, la ubicaci\u00f3n de Cano Hondo en un \u00e1rea levemente h\u00fameda del pa\u00eds significa que la selva tropical es m\u00e1s abierta con menos plantaciones de cacao y caf\u00e9, lo que facilita la observaci\u00f3n de la vida silvestre. <\/span><span style=\"vertical-align: inherit;\">Este es un viaje privado. <\/span><span style=\"vertical-align: inherit;\">Puede elegir elegir un momento para comenzar la experiencia de observaci\u00f3n de aves y cu\u00e1ndo regresar a Punta Cana.<\/span><\/span><\/p>\n<p><em><strong><span style=\"vertical-align: inherit;\"><span style=\"vertical-align: inherit;\">Seleccione la fecha de la actividad.<\/span><\/span><\/strong><\/em><\/p>","protected":false},"featured_media":519,"template":"","meta":[],"product_brand":[],"product_cat":[576,565,577,119,120,96,578,98,121,426,598,586,122,123,124],"product_tag":[176,177,178,179,448,180,181,182,184,185,186,132,187,133,189,191,192,114,193],"class_list":{"0":"post-11676","1":"product","2":"type-product","3":"status-publish","4":"has-post-thumbnail","6":"product_cat-1-punta-cana","7":"product_cat-1-sabana-de-la-mar","8":"product_cat-birdwatching-los-haitises","9":"product_cat-caves","10":"product_cat-fees-entrace","11":"product_cat-hiking","12":"product_cat-hiking-los-haitises","13":"product_cat-local-tour-guides","14":"product_cat-mangroves","15":"product_cat-private-tours-excursions","16":"product_cat-punta-cana-private-tours","17":"product_cat-punta-cana-los-haitises","18":"product_cat-tours-and-excursions","19":"product_cat-tours-excursions-los-haitises-national-park","20":"product_cat-tours-excursions-samana-bay-dominican-republic","21":"product_tag-biding-sabana-de-la-mar","22":"product_tag-birding","23":"product_tag-birding-dominican-republic","24":"product_tag-birding-in-los-haitises","25":"product_tag-birding-tour-from-punta-cana","26":"product_tag-birdwatching","27":"product_tag-birdwatching-dominicana","28":"product_tag-birdwtaching","29":"product_tag-carretera-cano-hondo","30":"product_tag-eco-lodge-paraiso-cano-hondo","31":"product_tag-hire-a-guide-in-los-haitises","32":"product_tag-los-haitises","33":"product_tag-los-haitises-birding","34":"product_tag-los-haitises-national-park","35":"product_tag-los-haitises-national-park-cano-hondo","36":"product_tag-nature","37":"product_tag-ridgways-hawk","38":"product_tag-sabana-de-la-mar","39":"product_tag-wildlife","41":"first","42":"instock","43":"sale","44":"sold-individually","45":"shipping-taxable","46":"product-type-external"},"_links":{"self":[{"href":"https:\/\/visitaloshaitises.com\/it\/wp-json\/wp\/v2\/product\/11676","targetHints":{"allow":["GET"]}}],"collection":[{"href":"https:\/\/visitaloshaitises.com\/it\/wp-json\/wp\/v2\/product"}],"about":[{"href":"https:\/\/visitaloshaitises.com\/it\/wp-json\/wp\/v2\/types\/product"}],"wp:featuredmedia":[{"embeddable":true,"href":"https:\/\/visitaloshaitises.com\/it\/wp-json\/wp\/v2\/media\/519"}],"wp:attachment":[{"href":"https:\/\/visitaloshaitises.com\/it\/wp-json\/wp\/v2\/media?parent=11676"}],"wp:term":[{"taxonomy":"product_brand","embeddable":true,"href":"https:\/\/visitaloshaitises.com\/it\/wp-json\/wp\/v2\/product_brand?post=11676"},{"taxonomy":"product_cat","embeddable":true,"href":"https:\/\/visitaloshaitises.com\/it\/wp-json\/wp\/v2\/product_cat?post=11676"},{"taxonomy":"product_tag","embeddable":true,"href":"https:\/\/visitaloshaitises.com\/it\/wp-json\/wp\/v2\/product_tag?post=11676"}],"curies":[{"name":"wp","href":"https:\/\/api.w.org\/{rel}","templated":true}]}}