{"id":11628,"date":"2023-10-04T07:39:46","date_gmt":"2023-10-04T07:39:46","guid":{"rendered":"https:\/\/haitises.com\/?post_type=product&#038;p=11628"},"modified":"2024-04-01T17:28:14","modified_gmt":"2024-04-01T17:28:14","slug":"cayo-levantado-day-trip","status":"publish","type":"product","link":"https:\/\/visitaloshaitises.com\/it\/privato\/cayo-levantado-day-trip\/","title":{"rendered":"Cayo Levantado Day Trip"},"content":{"rendered":"<div class=\"vc_row wpb_row vc_row-fluid\" ><div class=\"wpb_column vc_column_container vc_col-sm-12\"><div class=\"vc_column-inner\"><div class=\"wpb_wrapper\">\n\t<div class=\"wpb_text_column wpb_content_element\" >\n\t\t<div class=\"wpb_wrapper\">\n\t\t\t<p><span style=\"vertical-align: inherit;\"><span style=\"vertical-align: inherit;\"><\/p>\n\n\t\t<\/div>\n\t<\/div>\n<\/div><\/div><\/div><\/div><div class=\"vc_row wpb_row vc_row-fluid\" ><div class=\"wpb_column vc_column_container vc_col-sm-12\"><div class=\"vc_column-inner\"><div class=\"wpb_wrapper\"><\/div><\/div><\/div>[mkdf_section_title title_tag=\u00bb\u00bb disable_break_words=\u00bbno\u00bb subtitle_tag=\u00bb\u00bb title=\u00bbPase de un d\u00eda a la isla Bacard\u00ed (Cayo Levantado)\u00bb subtitle=\u00bbAlmuerzo y nataci\u00f3n en la playa\u00bb]<div class=\"vc_row wpb_row vc_row-fluid\" ><\/div><\/div>[\/vc_row]<div class=\"vc_row wpb_row vc_row-fluid\" ><div class=\"wpb_column vc_column_container vc_col-sm-12\"><div class=\"vc_column-inner\"><div class=\"wpb_wrapper\"><\/div><\/div><\/div><\/div><div class=\"vc_row wpb_row vc_row-fluid\" ><div class=\"wpb_column vc_column_container vc_col-sm-12\"><div class=\"vc_column-inner\"><div class=\"wpb_wrapper\"><div class=\"vc_btn3-container vc_btn3-inline\" ><button class=\"vc_general vc_btn3 vc_btn3-size-md vc_btn3-shape-rounded vc_btn3-style-modern vc_btn3-color-green\">PRENOTA ORA<\/button><\/div><\/div><\/div><\/div><\/div><div class=\"wpb_column vc_column_container vc_col-sm-12\"><div class=\"vc_column-inner\"><div class=\"wpb_wrapper\"><\/div><\/div><\/div><div class=\"vc_empty_space\"   style=\"height: 32px\"><span class=\"vc_empty_space_inner\"><\/span><\/div><div class=\"vc_row wpb_row vc_row-fluid\" ><\/div><div class=\"wpb_column vc_column_container vc_col-sm-12\"><div class=\"vc_column-inner\"><div class=\"wpb_wrapper\"><\/div><\/div><\/div>\n\t<div class=\"wpb_text_column wpb_content_element\" >\n\t\t<div class=\"wpb_wrapper\">\n\t\t\t<p>\u00a0<\/span><\/span><\/p>\n<h4><b><i><span style=\"vertical-align: inherit;\"><span style=\"vertical-align: inherit;\">Visi\u00f3n general <\/span><\/span><\/i><\/b><\/h4>\n<p>Our <em>day passes<\/em>\u00a0are for anyone who wants to spend a\u00a0<em>day<\/em> at one of the most beautiful beaches in the Dominican Republic. You are free to walk around, swimming, relaxing, chilling, playing volleyball, taking photos, snorkeling, enjoying the beach or just lying in shadow and taking a refreshing beverage (Pi\u00f1a Colada, Coco Loco, Cuba Libre etc.)<\/p>\n<ul>\n<li style=\"font-weight: 400;\"><span style=\"font-weight: 400;\">Include pranzo a buffet sulla spiaggia<\/span><\/li>\n<li>One Pina Colada with or without Alcohol per adult.<\/li>\n<li>Trasferimento in barca<\/li>\n<li style=\"font-weight: 400;\"><span style=\"font-weight: 400;\">Il Capitano fornisce istruzioni e supervisione<\/span><\/li>\n<\/ul>\n<p>&nbsp;<\/p>\n<h4><b>Inclusioni ed esclusioni<\/b><\/h4>\n<p>&nbsp;<\/p>\n<p><b>Inclusioni<\/b><\/p>\n<ol>\n<li>One Pina Colada with or without Alcohol per adult.<\/li>\n<li style=\"font-weight: 400;\"><span style=\"font-weight: 400;\">Pranzo a buffet sulla spiaggia<\/span><\/li>\n<li style=\"font-weight: 400;\"><span style=\"font-weight: 400;\">Tutte le tasse, commissioni e spese di gestione<\/span><\/li>\n<li style=\"font-weight: 400;\"><span style=\"font-weight: 400;\">Tasse locali<\/span><\/li>\n<li style=\"font-weight: 400;\"><span style=\"font-weight: 400;\">Bevande<\/span><\/li>\n<\/ol>\n<p><b> Esclusioni<\/b><\/p>\n<ol>\n<li style=\"font-weight: 400;\"><span style=\"font-weight: 400;\">Mance<\/span><\/li>\n<li style=\"font-weight: 400;\"><span style=\"font-weight: 400;\">Trasferimento in auto<\/span><\/li>\n<li style=\"font-weight: 400;\"><span style=\"font-weight: 400;\">Bevande alcoliche<\/span><\/li>\n<li>Guida locale<\/li>\n<\/ol>\n<p>&nbsp;<\/p>\n<h4><em><strong>Partenza e ritorno<\/strong><\/em><\/h4>\n<p><span style=\"font-weight: 400;\">Il viaggiatore otterr\u00e0 un punto d&#039;incontro dopo il processo di prenotazione. I tour iniziano e finiscono nei nostri punti di incontro.<\/span><\/p>\n<p>&nbsp;<\/p>\n<h4><b><i>Cosa aspettarsi?<\/i><\/b><\/h4>\n<p>&nbsp;<\/p>\n<p><em><strong>Ottieni i tuoi biglietti<\/strong><\/em> fora day pass in Bacardi island ( Cayo Levantado) in Samana plus a wonderful lunch and beach time.<\/p>\n<p><span style=\"font-weight: 400;\">The Daypass, organized by \u00abBooking Adventures\u00bb starts at the meeting point set with the Tour Guide. <\/span>Pranzo in spiaggia e potrai restare tutto il tempo che vorrai nuotando. Se sei vegano possiamo anche prepararti del cibo.<\/p>\n<p><strong>Orario:<\/strong><\/p>\n<p>8:45 AM &#8211; 4:30 PM<\/p>\n<p>&nbsp;<\/p>\n<h4><em><strong>Cosa dovresti portare?<\/strong><\/em><\/h4>\n<ul>\n<li style=\"font-weight: 400;\"><span style=\"font-weight: 400;\">telecamera<\/span><\/li>\n<li style=\"font-weight: 400;\"><span style=\"font-weight: 400;\">Boccioli repellenti<\/span><\/li>\n<li style=\"font-weight: 400;\"><span style=\"font-weight: 400;\">crema solare<\/span><\/li>\n<li style=\"font-weight: 400;\"><span style=\"font-weight: 400;\">Cappello<\/span><\/li>\n<li style=\"font-weight: 400;\"><span style=\"font-weight: 400;\">Pantaloni comodi<\/span><\/li>\n<li style=\"font-weight: 400;\"><span style=\"font-weight: 400;\">Scarpe da trekking per la foresta<\/span><\/li>\n<li style=\"font-weight: 400;\"><span style=\"font-weight: 400;\">Sandali per la spiaggia<\/span><\/li>\n<li style=\"font-weight: 400;\"><span style=\"font-weight: 400;\">Abbigliamento da bagno<\/span><\/li>\n<li>Contanti per souvenir<\/li>\n<\/ul>\n<p>&nbsp;<\/p>\n<h4><b><i>Prelievo dall&#039;hotel <\/i><\/b><\/h4>\n<p><span style=\"font-weight: 400;\">Per questo tour non \u00e8 disponibile il prelievo in hotel. <\/span><\/p>\n<p>&nbsp;<\/p>\n<p><b>Nota:<\/b><span style=\"font-weight: 400;\"> Se hai prenotato entro 24 ore dall&#039;orario di partenza del tour\/escursione, possiamo organizzare il prelievo in hotel con costi aggiuntivi. Una volta completato l&#039;acquisto, ti invieremo le informazioni di contatto complete (numero di telefono, indirizzo e-mail, ecc.) affinch\u00e9 la nostra guida turistica locale possa organizzare le modalit\u00e0 di ritiro.<\/span><\/p>\n<h4><b><i>Conferma di informazioni aggiuntive <\/i><\/b><\/h4>\n<ol>\n<li>I biglietti rappresentano la ricevuta dopo aver pagato questo tour. Puoi mostrare il pagamento sul tuo telefono.<\/li>\n<li style=\"font-weight: 400;\"><span style=\"font-weight: 400;\">Il punto d&#039;incontro verr\u00e0 ricevuto dopo il processo di prenotazione.<\/span><\/li>\n<li style=\"font-weight: 400;\"><span style=\"font-weight: 400;\">I bambini devono essere accompagnati da un adulto.<\/span><\/li>\n<li style=\"font-weight: 400;\"><span style=\"font-weight: 400;\">Accessibile alle sedie a rotelle <\/span><\/li>\n<li style=\"font-weight: 400;\"><span style=\"font-weight: 400;\">I neonati devono sedersi sulle ginocchia <\/span><\/li>\n<li style=\"font-weight: 400;\"><span style=\"font-weight: 400;\">La maggior parte dei viaggiatori pu\u00f2 partecipare<\/span><\/li>\n<\/ol>\n<h4><b><i>Politica di cancellazione<\/i><\/b><\/h4>\n<p>For a full refund, please read our Cancellations policies\u00a0<a href=\"https:\/\/www.ticketswhales.com\/online-booking\/\" target=\"_blank\" rel=\"noopener\" data-saferedirecturl=\"https:\/\/www.google.com\/url?q=https:\/\/www.ticketswhales.com\/online-booking\/&amp;source=gmail&amp;ust=1672532492004000&amp;usg=AOvVaw3ylqI1cdbIPTimEqEWneyd\">Click here<\/a>. Funds will be lost if the reservation is cancelled the same day of the trip.<\/p>\n\n\t\t<\/div>\n\t<\/div>\n<div class=\"vc_row wpb_row vc_row-fluid\" ><\/div><div class=\"wpb_column vc_column_container vc_col-sm-12\"><div class=\"vc_column-inner\"><div class=\"wpb_wrapper\"><\/div><\/div><\/div><div class=\"vc_empty_space\"   style=\"height: 32px\"><span class=\"vc_empty_space_inner\"><\/span><\/div><div class=\"vc_empty_space\"   style=\"height: 32px\"><span class=\"vc_empty_space_inner\"><\/span><\/div><div class=\"vc_row wpb_row vc_row-fluid\" ><\/div><div class=\"wpb_column vc_column_container vc_col-sm-12\"><div class=\"vc_column-inner\"><div class=\"wpb_wrapper\"><\/div><\/div><\/div><div class=\"vc_row wpb_row vc_row-fluid\" ><div class=\"wpb_column vc_column_container vc_col-sm-12\"><div class=\"vc_column-inner\"><div class=\"wpb_wrapper\"><div class=\"vc_btn3-container vc_btn3-inline\" ><button class=\"vc_general vc_btn3 vc_btn3-size-md vc_btn3-shape-rounded vc_btn3-style-modern vc_btn3-color-green\">PRENOTA ORA<\/button><\/div><\/div><\/div><\/div><\/div>","protected":false},"excerpt":{"rendered":"<p><span style=\"vertical-align: inherit;\"><span style=\"vertical-align: inherit;\">\u00a1Excursi\u00f3n de un d\u00eda a la playa de la isla Bacard\u00ed (Cayo Levantado)! <\/span><span style=\"vertical-align: inherit;\">Consiga sus entradas y almuerce en la playa. <\/span><span style=\"vertical-align: inherit;\">Traslado en barco o catamar\u00e1n todos los d\u00edas a la isla de Bacardi. <\/span><span style=\"vertical-align: inherit;\">Visite la bah\u00eda de Saman\u00e1 y reserve hoy esta oferta.<\/span><\/span><\/p>\n<p>&nbsp;<\/p>\n<p><em><strong><span style=\"vertical-align: inherit;\"><span style=\"vertical-align: inherit;\">Seleccione la fecha para el tour\u00a0<\/span><\/span><\/strong><\/em><\/p>","protected":false},"featured_media":11094,"template":"","meta":[],"product_brand":[],"product_cat":[571,98,135,122,123,124],"product_tag":[137,138,162,163,131,142,147,148,143],"class_list":{"0":"post-11628","1":"product","2":"type-product","3":"status-publish","4":"has-post-thumbnail","6":"product_cat-1-samana","7":"product_cat-local-tour-guides","8":"product_cat-lunch","9":"product_cat-tours-and-excursions","10":"product_cat-tours-excursions-los-haitises-national-park","11":"product_cat-tours-excursions-samana-bay-dominican-republic","12":"product_tag-bacardi-island","13":"product_tag-beach-time","14":"product_tag-cayo-levantado-day-pass","15":"product_tag-cayo-levantado-tour","16":"product_tag-locals-guides","17":"product_tag-samana","18":"product_tag-samana-bay","19":"product_tag-samana-excursions","20":"product_tag-samana-tours","22":"first","23":"instock","24":"sale","25":"featured","26":"sold-individually","27":"shipping-taxable","28":"product-type-external"},"_links":{"self":[{"href":"https:\/\/visitaloshaitises.com\/it\/wp-json\/wp\/v2\/product\/11628","targetHints":{"allow":["GET"]}}],"collection":[{"href":"https:\/\/visitaloshaitises.com\/it\/wp-json\/wp\/v2\/product"}],"about":[{"href":"https:\/\/visitaloshaitises.com\/it\/wp-json\/wp\/v2\/types\/product"}],"wp:featuredmedia":[{"embeddable":true,"href":"https:\/\/visitaloshaitises.com\/it\/wp-json\/wp\/v2\/media\/11094"}],"wp:attachment":[{"href":"https:\/\/visitaloshaitises.com\/it\/wp-json\/wp\/v2\/media?parent=11628"}],"wp:term":[{"taxonomy":"product_brand","embeddable":true,"href":"https:\/\/visitaloshaitises.com\/it\/wp-json\/wp\/v2\/product_brand?post=11628"},{"taxonomy":"product_cat","embeddable":true,"href":"https:\/\/visitaloshaitises.com\/it\/wp-json\/wp\/v2\/product_cat?post=11628"},{"taxonomy":"product_tag","embeddable":true,"href":"https:\/\/visitaloshaitises.com\/it\/wp-json\/wp\/v2\/product_tag?post=11628"}],"curies":[{"name":"wp","href":"https:\/\/api.w.org\/{rel}","templated":true}]}}