{"id":595,"date":"2020-07-02T12:43:09","date_gmt":"2020-07-02T12:43:09","guid":{"rendered":"https:\/\/haitises.com\/?post_type=product&#038;p=595"},"modified":"2024-04-16T18:46:40","modified_gmt":"2024-04-16T18:46:40","slug":"excursion-cascada-el-limon-con-caballos","status":"publish","type":"product","link":"https:\/\/visitaloshaitises.com\/is\/einkaadila\/excursion-cascada-el-limon-con-caballos\/","title":{"rendered":"El Lim\u00f3n fossafer\u00f0 me\u00f0 hestum"},"content":{"rendered":"<div class=\"vc_row wpb_row vc_row-fluid\" ><div class=\"wpb_column vc_column_container vc_col-sm-12\"><div class=\"vc_column-inner\"><div class=\"wpb_wrapper\">[mkdf_section_title subtitle_tag=\u00bb\u00bb subtitle=\u00bbViaje normal pero privado\u00bb]<\/div><\/div><\/div><\/div><div class=\"vc_row wpb_row vc_row-fluid\" ><div class=\"wpb_column vc_column_container vc_col-sm-12\"><div class=\"vc_column-inner\"><div class=\"wpb_wrapper\">\n\t<div class=\"wpb_text_column wpb_content_element\" >\n\t\t<div class=\"wpb_wrapper\">\n\t\t\t<h2>Tour a las cascadas de El Lim\u00f3n (caballos y nataci\u00f3n) + almuerzo<\/h2>\n<h3>L\u00fdsing<\/h3>\n<p>Este es un tour privado a las cascadas El Lim\u00f3n con paseos a caballo o senderismo. Visitando el bosque de cacao y caf\u00e9 bajo las plantas de cocos. Cuando llegue a las cascadas, podr\u00e1 nadar y establecer la hora con su gu\u00eda local. Despu\u00e9s disfrutar de un almuerzo t\u00edpico en la comunidad de El Lim\u00f3n.<\/p>\n<p>Aprenda con los locales y obtenga un viaje seguro. Obtenga sus entradas en oferta hoy.<\/p>\n<ul>\n<li>Incluye almuerzo<\/li>\n<li>A caballo o senderismo<\/li>\n<li>Lei\u00f0beiningin veitir lei\u00f0beiningar og eftirlit.<\/li>\n<li>Gj\u00f6ld \u00ed \u00fej\u00f3\u00f0gar\u00f0inn<\/li>\n<\/ul>\n<h3>Innlimun og \u00fatilokun<\/h3>\n<h4>Innifali\u00f0<\/h4>\n<ol>\n<li>Almuerzo Buffet en El Lim\u00f3n.<\/li>\n<li>Excursi\u00f3n a pie o a caballo<\/li>\n<li>Allir skattar, gj\u00f6ld og afgrei\u00f0slugj\u00f6ld<\/li>\n<li>\u00datsvar<\/li>\n<li>Drykkir<\/li>\n<li>\u00d6ll starfsemin<\/li>\n<li>Sta\u00f0bundinn lei\u00f0s\u00f6guma\u00f0ur<\/li>\n<\/ol>\n<h3>\u00datilokanir<\/h3>\n<ol>\n<li>\u00c1bendingar<\/li>\n<li>Flutningur<\/li>\n<li>\u00c1fengir drykkir<\/li>\n<li>Comida en la playa<\/li>\n<\/ol>\n<h3><em>Brottf\u00f6r og heimfer\u00f0<\/em><\/h3>\n<p>Fer\u00f0ama\u00f0urinn mun f\u00e1 fundarsta\u00f0 eftir b\u00f3kunarferli\u00f0. Fer\u00f0ir hefjast og l\u00fdkur \u00e1 samkomust\u00f6\u00f0um okkar.<\/p>\n<h3><em>Vi\u00f0 hverju m\u00e1 b\u00faast?<\/em><\/h3>\n<p>Obtenga sus boletos para visitar Las Cascacadas El Lim\u00f3n en Saman\u00e1 y un maravilloso almuerzo en el restaurante El Lim\u00f3n.<\/p>\n<p>El recorrido, organizado por \u00abBooking Adventures\u00bb, comienza en el punto de encuentro establecido con el gu\u00eda tur\u00edstico.<\/p>\n<p>Los mejores viajes privados a las cascadas de El Lim\u00f3n con un gu\u00eda tur\u00edstico local. Reserve un viaje a caballo por el bosque, rodeando el r\u00edo Lim\u00f3n, visitando plantaciones de cacao y caf\u00e9 bajo la sombra de coco.<\/p>\n<p>Primero, det\u00e9ngase en la peque\u00f1a cascada donde generalmente no hay mucha gente y puede nadar. Luego continuamos hacia la gran cascada donde nos quedaremos durante una hora o m\u00e1s si lo desea.<\/p>\n<p>Llevar los caballos de vuelta al restaurante donde disfrutaremos de un almuerzo t\u00edpico en la playa. Pescado frito con Tostones y Ensalada o puede obtener otras opciones en el men\u00fa con cargos adicionales.<\/p>\n<p>Almuerce en el restaurante de la comunidad de El Lim\u00f3n y podr\u00e1 quedarse todo el tiempo que quiera nadando. Si eres vegano, tambi\u00e9n podemos prepararte algo de comida.<\/p>\n<h3><em>Hva\u00f0 \u00e1 ma\u00f0ur a\u00f0 hafa me\u00f0 s\u00e9r?<\/em><\/h3>\n<ul>\n<li>Myndav\u00e9l<\/li>\n<li>F\u00e6lingarefni<\/li>\n<li>s\u00f3larv\u00f6rn<\/li>\n<li>Hattur<\/li>\n<li>\u00de\u00e6gilegar buxur<\/li>\n<li>Sk\u00f3garg\u00f6ngusk\u00f3r<\/li>\n<li>Sundf\u00f6t<\/li>\n<\/ul>\n<h3><em>Heims\u00f3kn \u00e1 h\u00f3tel<\/em><\/h3>\n<p>Ekki er bo\u00f0i\u00f0 upp \u00e1 a\u00f0 s\u00e6kja h\u00f3tel \u00ed \u00feessa fer\u00f0.<\/p>\n<p><strong>Athugi\u00f0:<\/strong> Ef \u00fe\u00fa b\u00f3kar innan 24 klukkustunda fr\u00e1 brottfarart\u00edma fer\u00f0arinnar\/fer\u00f0arinnar, getum vi\u00f0 \u00fatvega\u00f0 flutning \u00e1 h\u00f3teli gegn aukagjaldi. \u00deegar kaupunum \u00fe\u00ednum er loki\u00f0 munum vi\u00f0 senda \u00fe\u00e9r allar uppl\u00fdsingar um tengili\u00f0i (s\u00edman\u00famer, netfang osfrv.) fyrir sta\u00f0bundinn fararstj\u00f3ra til a\u00f0 skipuleggja afhendingu.<\/p>\n<h3><em>Sta\u00f0festing \u00e1 vi\u00f0b\u00f3taruppl\u00fdsingum<\/em><\/h3>\n<ul>\n<li>Mi\u00f0arnir eru kvittunin eftir a\u00f0 hafa greitt fyrir \u00feessa fer\u00f0. \u00de\u00fa getur s\u00fdnt grei\u00f0sluna \u00ed s\u00edmanum \u00fe\u00ednum.<\/li>\n<li>Fundarsta\u00f0urinn mun berast eftir b\u00f3kunarferli\u00f0.<\/li>\n<li>B\u00f6rn ver\u00f0a a\u00f0 vera \u00ed fylgd me\u00f0 fullor\u00f0num.<\/li>\n<li>Ekki a\u00f0gengilegt fyrir hj\u00f3last\u00f3la<\/li>\n<li>Los infantes deben sentarse en un asiento para beb\u00e9s ocon un adulto<\/li>\n<li>Ekki m\u00e6lt me\u00f0 fyrir fer\u00f0amenn me\u00f0 bakvandam\u00e1l.<\/li>\n<li>Ekki m\u00e6lt me\u00f0 \u00fev\u00ed fyrir barnshafandi konur.<\/li>\n<li>Engin hjartavandam\u00e1l e\u00f0a \u00f6nnur alvarleg sj\u00fakd\u00f3ms\u00e1stand.<\/li>\n<li>Flestir fer\u00f0amenn geta teki\u00f0 \u00fe\u00e1tt.<\/li>\n<\/ul>\n<h3><em>Afp\u00f6ntunarreglur<\/em><\/h3>\n<p>Til a\u00f0 f\u00e1 fulla endurgrei\u00f0slu, afb\u00f3ka\u00f0u a\u00f0 minnsta kosti 24 klukkustundum fyrir upphafsdag upplifunar.<\/p>\n\n\t\t<\/div>\n\t<\/div>\n<\/div><\/div><\/div><\/div><div class=\"vc_row wpb_row vc_row-fluid\" ><div class=\"wpb_column vc_column_container vc_col-sm-12\"><div class=\"vc_column-inner\"><div class=\"wpb_wrapper\"><div class=\"vc_empty_space\"   style=\"height: 32px\"><span class=\"vc_empty_space_inner\"><\/span><\/div>\n\t<div class=\"wpb_text_column wpb_content_element\" >\n\t\t<div class=\"wpb_wrapper\">\n\t\t\t<h4>Haf\u00f0u samband vi\u00f0 okkur<\/h4>\n<h5>\u00c6vint\u00fdrapantanir<\/h5>\n<p><em><strong>Fararstj\u00f3rar \u00e1 sta\u00f0num og innanlands og gesta\u00fej\u00f3nusta<\/strong><\/em><\/p>\n<p>B\u00f3kanir: Fer\u00f0ir og sko\u00f0unarfer\u00f0ir \u00ed Dom. Rep.<\/p>\n<p>S\u00edmi\/Whatsapp +1-809-720-6035.<\/p>\n<p>info@bookingadventures.com.do<\/p>\n<p>Vi\u00f0 gerum einkafer\u00f0ir me\u00f0 sveigjanlegri uppsetningu me\u00f0 Whatsapp: +18097206035.<\/p>\n\n\t\t<\/div>\n\t<\/div>\n<div class=\"vc_empty_space\"   style=\"height: 32px\"><span class=\"vc_empty_space_inner\"><\/span><\/div><\/div><\/div><\/div><\/div>","protected":false},"excerpt":{"rendered":"<p><strong>Vinsamlegast veldu dagsetningu fyrir fer\u00f0ina:<\/strong><\/p>","protected":false},"featured_media":131,"template":"","meta":[],"product_brand":[],"product_cat":[120,96,97,135,136,122,443,123,124],"product_tag":[138,140,155,156,142,143],"class_list":{"0":"post-595","1":"product","2":"type-product","3":"status-publish","4":"has-post-thumbnail","6":"product_cat-fees-entrace","7":"product_cat-hiking","8":"product_cat-horse-riding-to-waterfalls","9":"product_cat-lunch","10":"product_cat-safari-samana","11":"product_cat-tours-and-excursions","12":"product_cat-tours-y-excursiones-es","13":"product_cat-tours-excursions-los-haitises-national-park","14":"product_cat-tours-excursions-samana-bay-dominican-republic","15":"product_tag-beach-time","16":"product_tag-el-limon-waterfalls","17":"product_tag-hiking-el-limon","18":"product_tag-horses-el-limon","19":"product_tag-samana","20":"product_tag-samana-tours","22":"first","23":"instock","24":"sale","25":"featured","26":"sold-individually","27":"shipping-taxable","28":"product-type-external"},"_links":{"self":[{"href":"https:\/\/visitaloshaitises.com\/is\/wp-json\/wp\/v2\/product\/595","targetHints":{"allow":["GET"]}}],"collection":[{"href":"https:\/\/visitaloshaitises.com\/is\/wp-json\/wp\/v2\/product"}],"about":[{"href":"https:\/\/visitaloshaitises.com\/is\/wp-json\/wp\/v2\/types\/product"}],"wp:featuredmedia":[{"embeddable":true,"href":"https:\/\/visitaloshaitises.com\/is\/wp-json\/wp\/v2\/media\/131"}],"wp:attachment":[{"href":"https:\/\/visitaloshaitises.com\/is\/wp-json\/wp\/v2\/media?parent=595"}],"wp:term":[{"taxonomy":"product_brand","embeddable":true,"href":"https:\/\/visitaloshaitises.com\/is\/wp-json\/wp\/v2\/product_brand?post=595"},{"taxonomy":"product_cat","embeddable":true,"href":"https:\/\/visitaloshaitises.com\/is\/wp-json\/wp\/v2\/product_cat?post=595"},{"taxonomy":"product_tag","embeddable":true,"href":"https:\/\/visitaloshaitises.com\/is\/wp-json\/wp\/v2\/product_tag?post=595"}],"curies":[{"name":"wp","href":"https:\/\/api.w.org\/{rel}","templated":true}]}}