{"id":551,"date":"2020-06-19T20:10:32","date_gmt":"2020-06-19T20:10:32","guid":{"rendered":"https:\/\/haitises.com\/?post_type=product&#038;p=551"},"modified":"2023-10-14T21:50:12","modified_gmt":"2023-10-14T21:50:12","slug":"excursion-al-los-haitises-y-cano-hondo-desde-samana","status":"publish","type":"product","link":"https:\/\/visitaloshaitises.com\/is\/private\/excursion-al-los-haitises-y-cano-hondo-desde-samana\/","title":{"rendered":"Sko\u00f0unarfer\u00f0 til Los Haitises og Ca\u00f1o Hondo fr\u00e1 Saman\u00e1"},"content":{"rendered":"<div class=\"vc_row wpb_row vc_row-fluid\" ><div class=\"wpb_column vc_column_container vc_col-sm-12\"><div class=\"vc_column-inner\"><div class=\"wpb_wrapper\"><div class=\"mkdf-section-title-holder\" style=\"text-align: left\">\n\t<div class=\"mkdf-st-inner\">\n\t\t\t\t\t<h5 class=\"mkdf-st-subtitle\" >\n\t\t\t\tH\u00e1degisver\u00f0ur og sund \u00ed n\u00e1tt\u00farulaugum\t\t\t<\/h5>\n\t\t\t\t\t\t\t<\/div>\n<\/div><\/div><\/div><\/div><\/div><div class=\"vc_row wpb_row vc_row-fluid\" ><div class=\"wpb_column vc_column_container vc_col-sm-12\"><div class=\"vc_column-inner\"><div class=\"wpb_wrapper\">\n\t<div class=\"wpb_text_column wpb_content_element\" >\n\t\t<div class=\"wpb_wrapper\">\n\t\t\t<h2>Los Haitises \u00fej\u00f3\u00f0gar\u00f0urinn + h\u00e1degisver\u00f0ur \u00ed Cano Hondo fr\u00e1 h\u00f6fninni \u00ed Saman\u00e1.<\/h2>\n<h3><em>L\u00fdsing<\/em><\/h3>\n<p>Los Haitises \u00fej\u00f3\u00f0gar\u00f0urinn byrjar fr\u00e1 h\u00f6fninni \u00ed Saman\u00e1 \u00e1samt d\u00e1samlegum h\u00e1degisver\u00f0i og sundi \u00ed n\u00e1tt\u00farulegum lindum \u00e1 Ca\u00f1o Hondo Ecolodge. Komdu me\u00f0 okkur og heims\u00e6ktu fallegasta \u00fej\u00f3\u00f0gar\u00f0 D\u00f3min\u00edska l\u00fd\u00f0veldisins, sko\u00f0a\u00f0u mangrove, hella og San Lorenzo-fl\u00f3a, auk \u00feess a\u00f0 fara yfir fallega Saman\u00e1-fl\u00f3a. Eftir a\u00f0 hafa bor\u00f0a\u00f0 h\u00e1degisver\u00f0 \u00ed Ca\u00f1o Hondo gefst \u00fe\u00e9r t\u00e6kif\u00e6ri til a\u00f0 synda \u00ed n\u00e1tt\u00farulaugunum \u00ed nokkrar klukkustundir og fara svo aftur til hafnar \u00ed Saman\u00e1.<\/p>\n<p>Eftir \u00feessa reynslu er fari\u00f0 aftur til hafnar \u00ed Saman\u00e1.<\/p>\n<ul>\n<li>Skattar innifaldir<\/li>\n<li>Lei\u00f0s\u00f6guma\u00f0urinn veitir fr\u00e6\u00f0slu og umsj\u00f3n.<\/li>\n<\/ul>\n<h3>Innlimun og \u00fatilokun<\/h3>\n<h4>Innifali\u00f0<\/h4>\n<ol>\n<li>Los Haitises fer\u00f0 + hellar og myndrit<\/li>\n<li>H\u00e1degisver\u00f0ur \u00ed Ca\u00f1o Hondo<\/li>\n<li>Sund \u00ed n\u00e1tt\u00farulaugum<\/li>\n<li>Allir skattar, gj\u00f6ld og afgrei\u00f0slugj\u00f6ld.<\/li>\n<li>\u00datsvar<\/li>\n<li>Drykkir<\/li>\n<li>\u00d6ll starfsemin<\/li>\n<li>Sta\u00f0bundinn lei\u00f0s\u00f6guma\u00f0ur<\/li>\n<\/ol>\n<h4>\u00datilokanir<\/h4>\n<ol>\n<li>\u00c1bendingar<\/li>\n<li>Flytja<\/li>\n<li>\u00c1fengir drykkir<\/li>\n<\/ol>\n<h3><em>Brottf\u00f6r og heimfer\u00f0<\/em><\/h3>\n<p>Fer\u00f0ama\u00f0urinn mun f\u00e1 fundarsta\u00f0 eftir b\u00f3kunarferli\u00f0. Fer\u00f0ir hefjast og l\u00fdkur \u00e1 samkomust\u00f6\u00f0um okkar.<\/p>\n<h3><em>Vi\u00f0 hverju m\u00e1 b\u00faast?<\/em><\/h3>\n<p>Trygg\u00f0u \u00fe\u00e9r mi\u00f0a til a\u00f0 heims\u00e6kja Los Haitises \u00fej\u00f3\u00f0gar\u00f0inn me\u00f0 d\u00e1samlegum h\u00e1degisver\u00f0i \u00e1 Ca\u00f1o Hondo og syntu \u00ed n\u00e1tt\u00farulaugunum.<\/p>\n<p>Byrjum fr\u00e1 h\u00f6fninni \u00ed Saman\u00e1 um bor\u00f0 \u00ed b\u00e1t e\u00f0a katamaran me\u00f0 fararstj\u00f3ra \u00e1 sta\u00f0num, f\u00f6rum vi\u00f0 framhj\u00e1 Saman\u00e1 fl\u00f3anum vi\u00f0 hli\u00f0ina \u00e1 Sabana de la Mar til a\u00f0 heims\u00e6kja einn fallegasta \u00fej\u00f3\u00f0gar\u00f0 \u00ed D\u00f3min\u00edska l\u00fd\u00f0veldinu.<\/p>\n<h5>Los Haitises \u00fej\u00f3\u00f0gar\u00f0urinn.<\/h5>\n<p>A\u00f0 heims\u00e6kja eyjuna me\u00f0 fuglum \u00ed kring. \u00c1 varpt\u00edmanum getum vi\u00f0 jafnvel s\u00e9\u00f0 pel\u00edkanunga \u00ed hrei\u00f0runum. Far\u00f0u d\u00fdpra inn \u00ed klettaeyjarnar og sko\u00f0a\u00f0u hellana me\u00f0 myndritum og steinsteypum frumbyggja.<\/p>\n<p>El recorrido, organizado por \u00abBooking Adventures\u00bb, comienza en el punto de encuentro establecido con el gu\u00eda tur\u00edstico. Ven con Booking Adventures y comienza a observar algunos manglares llenos de aves, colinas onduladas de exuberante vegetaci\u00f3n y cuevas del Parque Nacional Los Haitises.<\/p>\n<p>El nombre del parque nacional proviene de sus habitantes originales, los indios ta\u00ednos. En su idioma, \u00abHaitises\u00bb se traduce a tierras altas o colinas, una referencia a las empinadas formaciones geol\u00f3gicas de la costa con calizas. Avent\u00farate en el parque para explorar cuevas como la Cueva de la Arena y la Cueva de la L\u00ednea.<\/p>\n<p>Hellarnir \u00ed fri\u00f0landinu voru nota\u00f0ir sem skj\u00f3l af Ta\u00edno ind\u00ed\u00e1num og s\u00ed\u00f0ar af huldum sj\u00f3r\u00e6ningjum. Leita\u00f0u a\u00f0 teikningum af ind\u00ed\u00e1num sem skreyta suma veggina.<\/p>\n<p>Eftir a\u00f0 hafa heims\u00f3tt Los Haitises \u00fej\u00f3\u00f0gar\u00f0inn munum vi\u00f0 fara til Cano Hondo. \u00cd Cano Hondo munt \u00fe\u00fa l\u00e6ra um \u00feessa vistfr\u00e6\u00f0ilegu s\u00f6gu og bor\u00f0a h\u00e1degismat me\u00f0 d\u00e6miger\u00f0um mat Sabana de la mar samf\u00e9lagsins.<\/p>\n<p>H\u00e1degisver\u00f0ur ver\u00f0ur lj\u00faffengur en vi\u00f0 erum ekki b\u00fanir enn\u00fe\u00e1. Eftir h\u00e1degismat munum vi\u00f0 synda \u00ed n\u00e1tt\u00farulaugunum fr\u00e1 Jibales \u00e1nni, \u00e1nni a\u00f0 Ca\u00f1o Hondo \u00e1nni. Vi\u00f0 dveljum \u00ed Ca\u00f1o Hondo til klukkan 16:00 og f\u00f6rum aftur til hafnar \u00ed Saman\u00e1, f\u00f6rum \u00ed gegnum mangrove aftur og komum a\u00f0 opna fl\u00f3anum San Lorenzo, \u00fea\u00f0an sem \u00fe\u00fa getur mynda\u00f0 hrikalegt sk\u00f3garlandslag. Horf\u00f0u \u00fat \u00ed vatni\u00f0 til a\u00f0 sj\u00e1 sj\u00f3k\u00f6kur, krabbad\u00fdr og h\u00f6frunga.<\/p>\n<p>\u00deanga\u00f0 til muntu gera upp vi\u00f0 fararstj\u00f3rann og eftir \u00feetta fara til hafnar \u00ed Cano Hondo og taka b\u00e1t til baka til hafnar \u00ed Saman\u00e1 sem liggur framhj\u00e1 Saman\u00e1 fl\u00f3a 30 m\u00edn\u00fatur.<\/p>\n<p>Ef \u00fe\u00e9r l\u00edkar betur vi\u00f0 \u00feessa fer\u00f0 h\u00f6fum vi\u00f0 \u00feessa valkosti:<\/p>\n<p>Los Haitises + Cayo Levantado fr\u00e1 h\u00f6fninni \u00ed Saman\u00e1.<\/p>\n<h3><em>Hva\u00f0 \u00e1 ma\u00f0ur a\u00f0 hafa me\u00f0 s\u00e9r?<\/em><\/h3>\n<ul>\n<li>Myndav\u00e9l<\/li>\n<li>F\u00e6lingarefni<\/li>\n<li>s\u00f3larv\u00f6rn<\/li>\n<li>Hattur<\/li>\n<li>\u00de\u00e6gilegar buxur<\/li>\n<li>Sk\u00f3garg\u00f6ngusk\u00f3r<\/li>\n<li>Sandalar a\u00f0 vorsv\u00e6\u00f0um.<\/li>\n<li>Sundf\u00f6t<\/li>\n<\/ul>\n<h3><em>Heims\u00f3kn \u00e1 h\u00f3tel<\/em><\/h3>\n<p>Ekki er bo\u00f0i\u00f0 upp \u00e1 a\u00f0 s\u00e6kja h\u00f3tel \u00ed \u00feessa fer\u00f0.<\/p>\n<p><strong>Athugi\u00f0:<\/strong> Ef \u00fe\u00fa b\u00f3kar innan 24 klukkustunda fr\u00e1 brottfarart\u00edma fer\u00f0\/fer\u00f0ar, getum vi\u00f0 \u00fatvega\u00f0 flutning \u00e1 h\u00f3teli gegn aukagjaldi. \u00deegar kaupunum \u00fe\u00ednum er loki\u00f0 munum vi\u00f0 senda \u00fe\u00e9r allar uppl\u00fdsingar um tengili\u00f0i (s\u00edman\u00famer, netfang osfrv.) fyrir sta\u00f0bundinn fararstj\u00f3ra til a\u00f0 skipuleggja afhendingu.<\/p>\n<h3>Sta\u00f0festing \u00e1 vi\u00f0b\u00f3taruppl\u00fdsingum<\/h3>\n<ol>\n<li>Mi\u00f0arnir eru kvittunin eftir a\u00f0 hafa greitt fyrir \u00feessa fer\u00f0. \u00de\u00fa getur s\u00fdnt grei\u00f0sluna \u00ed s\u00edmanum \u00fe\u00ednum.<\/li>\n<li>Fundarsta\u00f0urinn mun berast eftir b\u00f3kunarferli\u00f0.<\/li>\n<li>B\u00f6rn ver\u00f0a a\u00f0 vera \u00ed fylgd me\u00f0 fullor\u00f0num.<\/li>\n<li>Ekki a\u00f0gengilegt fyrir hj\u00f3last\u00f3la<\/li>\n<li>Ungb\u00f6rn \u00e6ttu a\u00f0 sitja \u00ed ungbarnast\u00f3lum e\u00f0a me\u00f0 fullor\u00f0num<\/li>\n<li>Ekki m\u00e6lt me\u00f0 fyrir fer\u00f0amenn me\u00f0 bakvandam\u00e1l.<\/li>\n<li>Ekki m\u00e6lt me\u00f0 \u00fev\u00ed fyrir barnshafandi konur.<\/li>\n<li>Engin hjartavandam\u00e1l e\u00f0a \u00f6nnur alvarleg sj\u00fakd\u00f3ms\u00e1stand.<\/li>\n<li>Flestir fer\u00f0amenn geta teki\u00f0 \u00fe\u00e1tt.<\/li>\n<\/ol>\n<h3><em>Afp\u00f6ntunarreglur<\/em><\/h3>\n<p>Til a\u00f0 f\u00e1 fulla endurgrei\u00f0slu, afb\u00f3ka\u00f0u a\u00f0 minnsta kosti 24 klukkustundum fyrir upphafsdag upplifunar.<\/p>\n\n\t\t<\/div>\n\t<\/div>\n<\/div><\/div><\/div><\/div><div class=\"vc_row wpb_row vc_row-fluid\" ><div class=\"wpb_column vc_column_container vc_col-sm-12\"><div class=\"vc_column-inner\"><div class=\"wpb_wrapper\"><div class=\"vc_empty_space\"   style=\"height: 32px\"><span class=\"vc_empty_space_inner\"><\/span><\/div>\n\t<div class=\"wpb_video_widget wpb_content_element vc_clearfix   vc_video-aspect-ratio-169 vc_video-el-width-100 vc_video-align-left\" >\n\t\t<div class=\"wpb_wrapper\">\n\t\t\t\n\t\t\t<div class=\"wpb_video_wrapper\"><iframe loading=\"lazy\" title=\"Los Haitises \u00fej\u00f3\u00f0gar\u00f0urinn, fer\u00f0ir og sko\u00f0unarfer\u00f0ir fr\u00e1 Samana e\u00f0a Sabana de la Mar. B\u00f3ka\u00f0u h\u00e9r:\" src=\"https:\/\/player.vimeo.com\/video\/346508015?dnt=1&amp;app_id=122963\" width=\"1100\" height=\"619\" frameborder=\"0\" allow=\"autoplay; fullscreen\" allowfullscreen><\/iframe><\/div>\n\t\t<\/div>\n\t<\/div>\n<\/div><\/div><\/div><\/div><div class=\"vc_row wpb_row vc_row-fluid\" ><div class=\"wpb_column vc_column_container vc_col-sm-12\"><div class=\"vc_column-inner\"><div class=\"wpb_wrapper\"><div class=\"vc_empty_space\"   style=\"height: 32px\"><span class=\"vc_empty_space_inner\"><\/span><\/div>\n\t<div class=\"wpb_text_column wpb_content_element\" >\n\t\t<div class=\"wpb_wrapper\">\n\t\t\t<h4>Haf\u00f0u samband vi\u00f0 okkur?<\/h4>\n<h5>\u00c6vint\u00fdrapantanir<\/h5>\n<p><em>Fararstj\u00f3rar<\/em> <em><strong>sta\u00f0bundi\u00f0<\/strong><\/em> og <strong><em>landsv\u00edsu<\/em><\/strong> &amp;<em>\u00a0gesta\u00fej\u00f3nustu<\/em><\/p>\n<p>B\u00f3kanir: Fer\u00f0ir og sko\u00f0unarfer\u00f0ir \u00ed Dom. Rep.<\/p>\n<p>S\u00edmi\/Whatsapp +1-809-720-6035.<\/p>\n<p>info@bookingadventures.com.do<\/p>\n<p>Vi\u00f0 erum einkafer\u00f0ir me\u00f0 sveigjanlegri uppsetningu me\u00f0 Whatsapp: +18097206035.<\/p>\n\n\t\t<\/div>\n\t<\/div>\n<div class=\"vc_empty_space\"   style=\"height: 32px\"><span class=\"vc_empty_space_inner\"><\/span><\/div><\/div><\/div><\/div><\/div>","protected":false},"excerpt":{"rendered":"<p><strong>Vinsamlegast veldu dagsetningu fyrir fer\u00f0ina\u00a0<\/strong><\/p>","protected":false},"featured_media":104,"template":"","meta":[],"product_brand":[],"product_cat":[119,96,144,98,135,121,99,122,443,123,124],"product_tag":[126,127,128,145,132,133,146,147,148,143],"class_list":{"0":"post-551","1":"product","2":"type-product","3":"status-publish","4":"has-post-thumbnail","6":"product_cat-caves","7":"product_cat-hiking","8":"product_cat-kayaking","9":"product_cat-local-tour-guides","10":"product_cat-lunch","11":"product_cat-mangroves","12":"product_cat-swimming-natural-springs","13":"product_cat-tours-and-excursions","14":"product_cat-tours-y-excursiones-es","15":"product_cat-tours-excursions-los-haitises-national-park","16":"product_cat-tours-excursions-samana-bay-dominican-republic","17":"product_tag-cano-hondo","18":"product_tag-cano-hondo-hotel","19":"product_tag-cano-hondo-tours","20":"product_tag-day-tour-cano-hondo","21":"product_tag-los-haitises","22":"product_tag-los-haitises-national-park","23":"product_tag-mangroves-los-haitises","24":"product_tag-samana-bay","25":"product_tag-samana-excursions","26":"product_tag-samana-tours","28":"first","29":"instock","30":"sale","31":"sold-individually","32":"shipping-taxable","33":"product-type-external"},"_links":{"self":[{"href":"https:\/\/visitaloshaitises.com\/is\/wp-json\/wp\/v2\/product\/551","targetHints":{"allow":["GET"]}}],"collection":[{"href":"https:\/\/visitaloshaitises.com\/is\/wp-json\/wp\/v2\/product"}],"about":[{"href":"https:\/\/visitaloshaitises.com\/is\/wp-json\/wp\/v2\/types\/product"}],"wp:featuredmedia":[{"embeddable":true,"href":"https:\/\/visitaloshaitises.com\/is\/wp-json\/wp\/v2\/media\/104"}],"wp:attachment":[{"href":"https:\/\/visitaloshaitises.com\/is\/wp-json\/wp\/v2\/media?parent=551"}],"wp:term":[{"taxonomy":"product_brand","embeddable":true,"href":"https:\/\/visitaloshaitises.com\/is\/wp-json\/wp\/v2\/product_brand?post=551"},{"taxonomy":"product_cat","embeddable":true,"href":"https:\/\/visitaloshaitises.com\/is\/wp-json\/wp\/v2\/product_cat?post=551"},{"taxonomy":"product_tag","embeddable":true,"href":"https:\/\/visitaloshaitises.com\/is\/wp-json\/wp\/v2\/product_tag?post=551"}],"curies":[{"name":"wp","href":"https:\/\/api.w.org\/{rel}","templated":true}]}}